{"id":546,"date":"2022-03-11T10:28:42","date_gmt":"2022-03-11T10:28:42","guid":{"rendered":"http:\/\/keybox.nl\/?page_id=546"},"modified":"2023-07-25T09:18:39","modified_gmt":"2023-07-25T09:18:39","slug":"inbouwkluisjes-kopen","status":"publish","type":"page","link":"https:\/\/keybox.nl\/pl\/inbouwkluisjes-kopen\/","title":{"rendered":"Kup sejfy do zabudowy"},"content":{"rendered":"<div class=\"wp-block-cover alignfull\" style=\"min-height:200px;aspect-ratio:unset;\"><span aria-hidden=\"true\" class=\"wp-block-cover__background has-background-dim-60 has-background-dim\"><\/span><img decoding=\"async\" width=\"1920\" height=\"2560\" class=\"wp-block-cover__image-background wp-image-126\" alt=\"Kluis\" src=\"http:\/\/keybox.nl\/wp-content\/uploads\/2021\/12\/KSB103-KSB005-4-scaled.jpg\" style=\"object-position:50% 50%\" data-object-fit=\"cover\" data-object-position=\"50% 50%\" srcset=\"https:\/\/keybox.nl\/wp-content\/uploads\/2021\/12\/KSB103-KSB005-4-scaled.jpg 1920w, https:\/\/keybox.nl\/wp-content\/uploads\/2021\/12\/KSB103-KSB005-4-416x555.jpg 416w, https:\/\/keybox.nl\/wp-content\/uploads\/2021\/12\/KSB103-KSB005-4-225x300.jpg 225w, https:\/\/keybox.nl\/wp-content\/uploads\/2021\/12\/KSB103-KSB005-4-768x1024.jpg 768w, https:\/\/keybox.nl\/wp-content\/uploads\/2021\/12\/KSB103-KSB005-4-1152x1536.jpg 1152w, https:\/\/keybox.nl\/wp-content\/uploads\/2021\/12\/KSB103-KSB005-4-1536x2048.jpg 1536w, https:\/\/keybox.nl\/wp-content\/uploads\/2021\/12\/KSB103-KSB005-4-1320x1760.jpg 1320w\" sizes=\"(max-width: 1920px) 100vw, 1920px\" \/><div class=\"wp-block-cover__inner-container is-layout-flow wp-block-cover-is-layout-flow\">\n<h1 class=\"wp-block-heading alignwide has-text-align-left has-white-color has-text-color\" style=\"font-size:40px\">Kup solidne sejfy do zabudowy<\/h1>\n\n\n\n<div class=\"wp-block-columns alignwide is-layout-flex wp-container-core-columns-is-layout-28f84493 wp-block-columns-is-layout-flex\">\n<div class=\"wp-block-column is-layout-flow wp-block-column-is-layout-flow\" style=\"flex-basis:55%\">\n<div class=\"wp-block-buttons is-layout-flex wp-block-buttons-is-layout-flex\">\n<div class=\"wp-block-button cta-knop alignleft\"><a class=\"wp-block-button__link has-black-color has-white-background-color has-text-color has-background wp-element-button\" href=\"http:\/\/keybox.nl\/pl\/\">Do sklepu internetowego!<\/a><\/div>\n<\/div>\n<\/div>\n<\/div>\n<\/div><\/div>\n\n\n\n<div style=\"height:50px\" aria-hidden=\"true\" class=\"wp-block-spacer\"><\/div>\n\n\n\n<div class=\"wp-block-group alignfull is-content-justification-center is-layout-flex wp-container-core-group-is-layout-81a7f686 wp-block-group-is-layout-flex\">\n<p class=\"usps has-normal-font-size\">Przyjazny dla u\u017cytkownika<\/p>\n\n\n\n<p>Odporno\u015b\u0107 i bezpiecze\u0144stwo<\/p>\n\n\n\n<p>R\u00f3\u017cne modele<\/p>\n<\/div>\n\n\n\n<style>\nh1.entry-title {\ndisplay: none;\n}\n.cta-knop {\nmargin-left: 35px !important;\n}\n\n.cta-knop:hover {\nopacity: 0.75;\n}\n\n@media only screen and (max-width: 1064px) {\n.cta-knop {\nmargin-left: 0px !important;\n}\n\n.wp-block-group.alignfull {\n    display: flex;\n    flex-direction: column;\n}\n}\n<\/style>\n\n\n\n<div style=\"height:100px\" aria-hidden=\"true\" class=\"wp-block-spacer\"><\/div>\n\n\n\n<p class=\"has-text-align-left align-left has-black-color has-text-color has-normal-font-size\">Chcesz kupi\u0107 sejfy do zabudowy dla swojej firmy? Nasz sklep internetowy oferuje r\u00f3\u017cne modele sejf\u00f3w do monta\u017cu w \u015bcianie. Poniewa\u017c system znajduje si\u0119 w \u015bcianie, nie mo\u017cna go zabra\u0107 i jest wyj\u0105tkowo odporny na kradzie\u017c. Na Keybox.pl mo\u017cesz kupi\u0107 niedrogie sejfy \u015bcienne do zabudowy, na przyk\u0142ad do zarz\u0105dzania kluczami. Dowiedz si\u0119 wi\u0119cej o naszych sejfach \u015bciennych do zabudowy tutaj!<\/p>\n\n\n\n<div style=\"height:100px\" aria-hidden=\"true\" class=\"wp-block-spacer\"><\/div>\n\n\n\n<div class=\"wp-block-group is-content-justification-center is-layout-flex wp-container-core-group-is-layout-81a7f686 wp-block-group-is-layout-flex\">\n<div class=\"wp-block-media-text alignwide is-stacked-on-mobile is-vertically-aligned-center\" style=\"grid-template-columns:40% auto\"><figure class=\"wp-block-media-text__media\"><img decoding=\"async\" width=\"1024\" height=\"1024\" src=\"http:\/\/keybox.nl\/wp-content\/uploads\/2021\/12\/KSB_102_1-1024x1024.jpg\" alt=\"\" class=\"wp-image-104 size-full\"\/><\/figure><div class=\"wp-block-media-text__content\">\n<h2 class=\"wp-block-heading has-text-color\" style=\"color:#000000;font-size:32px\">Kup online niezawodne sejfy do zabudowy<\/h2>\n\n\n\n<p class=\"has-text-color has-normal-font-size\" style=\"color:#000000\">W naszej firmie znajdziesz innowacyjne i szczeg\u00f3lnie <a href=\"http:\/\/keybox.nl\/pl\/\">bezpieczne szafki na klucze<\/a>. Dzi\u0119ki naszemu inteligentnemu systemowi klucze s\u0105 wydawane na zewn\u0105trz firmy i przechowywane wewn\u0105trz \u015bcian. W ten spos\u00f3b Twoja firma nie musi pozostawa\u0107 otwarta, aby przyj\u0105\u0107 klucze. Co wi\u0119cej, wbudowane sejfy \u015bcienne, kt\u00f3re mo\u017cna u nas kupi\u0107, s\u0105 praktycznie niemo\u017cliwe do kradzie\u017cy. Sprawd\u017a nasz sklep internetowy lub odwied\u017a nasz oddzia\u0142 w Bussum, aby otrzyma\u0107 <a href=\"http:\/\/keybox.nl\/pl\/goedkope-kluis-kopen\/\">kupuj tanio bezpiecznie<\/a> dla kluczy.<\/p>\n<\/div><\/div>\n<\/div>\n\n\n\n<div style=\"height:100px\" aria-hidden=\"true\" class=\"wp-block-spacer\"><\/div>\n\n\n\n<h2 class=\"wp-block-heading has-text-align-center\"><strong>Chcesz kupi\u0107 u nas sejf do zabudowy?<\/strong><\/h2>\n\n\n\n<div class=\"wp-block-buttons is-content-justification-center is-layout-flex wp-container-core-buttons-is-layout-a89b3969 wp-block-buttons-is-layout-flex\">\n<div class=\"wp-block-button is-style-outline is-style-outline--1\"><a class=\"wp-block-button__link wp-element-button\" href=\"http:\/\/keybox.nl\/pl\/\">Zobacz sklep internetowy<\/a><\/div>\n<\/div>\n\n\n\n<div style=\"height:100px\" aria-hidden=\"true\" class=\"wp-block-spacer\"><\/div>\n\n\n\n<div class=\"wp-block-group is-content-justification-center is-layout-flex wp-container-core-group-is-layout-81a7f686 wp-block-group-is-layout-flex\">\n<div class=\"wp-block-media-text alignwide has-media-on-the-right is-stacked-on-mobile is-vertically-aligned-center\" style=\"grid-template-columns:auto 40%\"><div class=\"wp-block-media-text__content\">\n<h3 class=\"wp-block-heading has-text-color\" style=\"color:#000000;font-size:32px\"><strong>Dzi\u0119ki naszym wbudowanym sejfom \u015bciennym Twoje klucze i rzeczy s\u0105 bezpieczne<\/strong><\/h3>\n\n\n\n<p class=\"has-text-color has-normal-font-size\" style=\"color:#000000\">W naszym sklepie internetowym <a href=\"http:\/\/keybox.nl\/pl\/kluis-waardeberging-kopen\/\">kupowa\u0107 sejfy z wysokim stopniem zachowania warto\u015bci<\/a>. Oznacza to, \u017ce mo\u017cna w nich przechowywa\u0107 przedmioty o bardzo du\u017cej warto\u015bci, poniewa\u017c s\u0105 one szczeg\u00f3lnie bezpieczne. Wbudowane sejfy s\u0105 m\u0105drym zakupem dla cennych rzeczy, poniewa\u017c sejfy te s\u0105 wyj\u0105tkowo odporne na kradzie\u017c. Aby zabra\u0107 taki sejf, nale\u017ca\u0142oby zburzy\u0107 \u015bcian\u0119. W\u0142amywacze nie chc\u0105 by\u0107 zauwa\u017ceni, wi\u0119c nie b\u0119d\u0105 sobie tym zawraca\u0107 g\u0142owy. Dlatego nasze wbudowane sejfy \u015bcienne s\u0105 najlepsze do przechowywania kluczy. Ty decydujesz, czy <a href=\"http:\/\/keybox.nl\/pl\/sleutelkluis-buiten\/\">zewn\u0119trzny sejf na klucze<\/a> lub chcesz zainstalowa\u0107 go w domu.<\/p>\n<\/div><figure class=\"wp-block-media-text__media\"><img decoding=\"async\" width=\"600\" height=\"800\" src=\"http:\/\/keybox.nl\/wp-content\/uploads\/2021\/12\/Extra-Armor-KSB.jpg\" alt=\"Kluis los\" class=\"wp-image-103 size-full\" srcset=\"https:\/\/keybox.nl\/wp-content\/uploads\/2021\/12\/Extra-Armor-KSB.jpg 600w, https:\/\/keybox.nl\/wp-content\/uploads\/2021\/12\/Extra-Armor-KSB-416x555.jpg 416w, https:\/\/keybox.nl\/wp-content\/uploads\/2021\/12\/Extra-Armor-KSB-225x300.jpg 225w\" sizes=\"(max-width: 600px) 100vw, 600px\" \/><\/figure><\/div>\n<\/div>\n\n\n\n<div style=\"height:50px\" aria-hidden=\"true\" class=\"wp-block-spacer\"><\/div>\n\n\n\n<h3 class=\"wp-block-heading has-black-color has-text-color\"><strong>Poznaj wygod\u0119 naszego systemu<\/strong><\/h3>\n\n\n\n<p>Zakup naszych wbudowanych szafek u\u0142atwia zarz\u0105dzanie kluczami. Przechowuj wszystkie klucze bezpiecznie w jednym miejscu i chro\u0144 je przed kradzie\u017c\u0105. To Ty decydujesz, kt\u00f3re sejfy \u015bcienne do zabudowy kupi\u0107 dla swojej firmy, ale z przyjemno\u015bci\u0105 oferujemy Ci r\u00f3wnie\u017c <a href=\"http:\/\/keybox.nl\/pl\/advies-sleutelkluis-opvragen\/\">Porady dotycz\u0105ce idealnego sejfu na klucze<\/a>. Zostaw swoje pytania lub popro\u015b o wycen\u0119 za po\u015brednictwem <a href=\"http:\/\/keybox.nl\/pl\/contact\/\">nasz formularz kontaktowy<\/a>. Mo\u017cesz r\u00f3wnie\u017c skorzysta\u0107 z tego formularza, aby z\u0142o\u017cy\u0107 wniosek o wizyt\u0119.<\/p>\n\n\n\n<h2 class=\"wp-block-heading alignwide has-text-align-left form-titel\"><strong>Masz pytania dotycz\u0105ce bezpiecze\u0144stwa?<\/strong><\/h2>\n\n\n<div class=\"wp-block-jetpack-contact-form alignwide is-layout-flex wp-container-jetpack-contact-form-is-layout-2b4208ba wp-block-jetpack-contact-form-is-layout-flex\"><a href=\"https:\/\/keybox.nl\/pl\/inbouwkluisjes-kopen\/\" target=\"_blank\" rel=\"noopener noreferrer\">Prze\u015blij formularz.<\/a><\/div>\n\n\n<p><\/p>","protected":false},"excerpt":{"rendered":"<p>\u2713 Gebruiksvriendelijk \u2713 Bestendig en veilig \u2713 Diverse modellen Wilt u inbouwkluisjes voor uw bedrijf kopen? In onze webshop zijn diverse modellen kluizen beschikbaar die u in de muur installeert. Doordat het systeem in de muur zit, kan het niet worden meegenomen en is het extra goed bestand tegen diefstal. Bij Keybox.nl kunt u voordelig [&hellip;]<\/p>\n","protected":false},"author":1,"featured_media":0,"parent":0,"menu_order":0,"comment_status":"closed","ping_status":"closed","template":"template-fullwidth.php","meta":{"footnotes":""},"class_list":["post-546","page","type-page","status-publish","hentry"],"yoast_head":"<!-- This site is optimized with the Yoast SEO plugin v27.4 - https:\/\/yoast.com\/product\/yoast-seo-wordpress\/ -->\n<title>Handige inbouwkluisjes kopen -<\/title>\n<meta name=\"description\" content=\"Voordelige en stevige inbouwkluisjes kunt u bij onze firma kopen. Deze kluizen zijn gebruiksvriendelijk en inbraakwerend. Vraag een offerte aan!\" \/>\n<meta name=\"robots\" content=\"index, follow, max-snippet:-1, max-image-preview:large, max-video-preview:-1\" \/>\n<link rel=\"canonical\" href=\"https:\/\/keybox.nl\/pl\/inbouwkluisjes-kopen\/\" \/>\n<meta property=\"og:locale\" content=\"pl_PL\" \/>\n<meta property=\"og:type\" content=\"article\" \/>\n<meta property=\"og:title\" content=\"Handige inbouwkluisjes kopen -\" \/>\n<meta property=\"og:description\" content=\"Voordelige en stevige inbouwkluisjes kunt u bij onze firma kopen. Deze kluizen zijn gebruiksvriendelijk en inbraakwerend. Vraag een offerte aan!\" \/>\n<meta property=\"og:url\" content=\"https:\/\/keybox.nl\/pl\/inbouwkluisjes-kopen\/\" \/>\n<meta property=\"article:modified_time\" content=\"2023-07-25T09:18:39+00:00\" \/>\n<meta property=\"og:image\" content=\"http:\/\/keybox.nl\/wp-content\/uploads\/2021\/12\/KSB103-KSB005-4-scaled.jpg\" \/>\n<meta name=\"twitter:card\" content=\"summary_large_image\" \/>\n<meta name=\"twitter:label1\" content=\"Szacowany czas czytania\" \/>\n\t<meta name=\"twitter:data1\" content=\"3 minuty\" \/>\n<script type=\"application\/ld+json\" class=\"yoast-schema-graph\">{\"@context\":\"https:\\\/\\\/schema.org\",\"@graph\":[{\"@type\":\"WebPage\",\"@id\":\"https:\\\/\\\/keybox.nl\\\/inbouwkluisjes-kopen\\\/\",\"url\":\"https:\\\/\\\/keybox.nl\\\/inbouwkluisjes-kopen\\\/\",\"name\":\"Handige inbouwkluisjes kopen -\",\"isPartOf\":{\"@id\":\"https:\\\/\\\/keybox.nl\\\/#website\"},\"primaryImageOfPage\":{\"@id\":\"https:\\\/\\\/keybox.nl\\\/inbouwkluisjes-kopen\\\/#primaryimage\"},\"image\":{\"@id\":\"https:\\\/\\\/keybox.nl\\\/inbouwkluisjes-kopen\\\/#primaryimage\"},\"thumbnailUrl\":\"http:\\\/\\\/keybox.nl\\\/wp-content\\\/uploads\\\/2021\\\/12\\\/KSB103-KSB005-4-scaled.jpg\",\"datePublished\":\"2022-03-11T10:28:42+00:00\",\"dateModified\":\"2023-07-25T09:18:39+00:00\",\"description\":\"Voordelige en stevige inbouwkluisjes kunt u bij onze firma kopen. Deze kluizen zijn gebruiksvriendelijk en inbraakwerend. Vraag een offerte aan!\",\"breadcrumb\":{\"@id\":\"https:\\\/\\\/keybox.nl\\\/inbouwkluisjes-kopen\\\/#breadcrumb\"},\"inLanguage\":\"pl-PL\",\"potentialAction\":[{\"@type\":\"ReadAction\",\"target\":[\"https:\\\/\\\/keybox.nl\\\/inbouwkluisjes-kopen\\\/\"]}]},{\"@type\":\"ImageObject\",\"inLanguage\":\"pl-PL\",\"@id\":\"https:\\\/\\\/keybox.nl\\\/inbouwkluisjes-kopen\\\/#primaryimage\",\"url\":\"http:\\\/\\\/keybox.nl\\\/wp-content\\\/uploads\\\/2021\\\/12\\\/KSB103-KSB005-4-scaled.jpg\",\"contentUrl\":\"http:\\\/\\\/keybox.nl\\\/wp-content\\\/uploads\\\/2021\\\/12\\\/KSB103-KSB005-4-scaled.jpg\"},{\"@type\":\"BreadcrumbList\",\"@id\":\"https:\\\/\\\/keybox.nl\\\/inbouwkluisjes-kopen\\\/#breadcrumb\",\"itemListElement\":[{\"@type\":\"ListItem\",\"position\":1,\"name\":\"Home\",\"item\":\"https:\\\/\\\/keybox.nl\\\/\"},{\"@type\":\"ListItem\",\"position\":2,\"name\":\"Inbouwkluisjes kopen\"}]},{\"@type\":\"WebSite\",\"@id\":\"https:\\\/\\\/keybox.nl\\\/#website\",\"url\":\"https:\\\/\\\/keybox.nl\\\/\",\"name\":\"\",\"description\":\"\",\"potentialAction\":[{\"@type\":\"SearchAction\",\"target\":{\"@type\":\"EntryPoint\",\"urlTemplate\":\"https:\\\/\\\/keybox.nl\\\/?s={search_term_string}\"},\"query-input\":{\"@type\":\"PropertyValueSpecification\",\"valueRequired\":true,\"valueName\":\"search_term_string\"}}],\"inLanguage\":\"pl-PL\"}]}<\/script>\n<!-- \/ Yoast SEO plugin. -->","yoast_head_json":{"title":"Kup por\u0119czne sejfy do zabudowy -","description":"W naszej firmie mo\u017cna kupi\u0107 niedrogie i solidne sejfy do zabudowy. Te sejfy s\u0105 przyjazne dla u\u017cytkownika i odporne na w\u0142amania. Zapytaj o ofert\u0119!","robots":{"index":"index","follow":"follow","max-snippet":"max-snippet:-1","max-image-preview":"max-image-preview:large","max-video-preview":"max-video-preview:-1"},"canonical":"https:\/\/keybox.nl\/pl\/inbouwkluisjes-kopen\/","og_locale":"pl_PL","og_type":"article","og_title":"Handige inbouwkluisjes kopen -","og_description":"Voordelige en stevige inbouwkluisjes kunt u bij onze firma kopen. Deze kluizen zijn gebruiksvriendelijk en inbraakwerend. Vraag een offerte aan!","og_url":"https:\/\/keybox.nl\/pl\/inbouwkluisjes-kopen\/","article_modified_time":"2023-07-25T09:18:39+00:00","og_image":[{"url":"http:\/\/keybox.nl\/wp-content\/uploads\/2021\/12\/KSB103-KSB005-4-scaled.jpg","type":"","width":"","height":""}],"twitter_card":"summary_large_image","twitter_misc":{"Szacowany czas czytania":"3 minuty"},"schema":{"@context":"https:\/\/schema.org","@graph":[{"@type":"WebPage","@id":"https:\/\/keybox.nl\/inbouwkluisjes-kopen\/","url":"https:\/\/keybox.nl\/inbouwkluisjes-kopen\/","name":"Kup por\u0119czne sejfy do zabudowy -","isPartOf":{"@id":"https:\/\/keybox.nl\/#website"},"primaryImageOfPage":{"@id":"https:\/\/keybox.nl\/inbouwkluisjes-kopen\/#primaryimage"},"image":{"@id":"https:\/\/keybox.nl\/inbouwkluisjes-kopen\/#primaryimage"},"thumbnailUrl":"http:\/\/keybox.nl\/wp-content\/uploads\/2021\/12\/KSB103-KSB005-4-scaled.jpg","datePublished":"2022-03-11T10:28:42+00:00","dateModified":"2023-07-25T09:18:39+00:00","description":"W naszej firmie mo\u017cna kupi\u0107 niedrogie i solidne sejfy do zabudowy. Te sejfy s\u0105 przyjazne dla u\u017cytkownika i odporne na w\u0142amania. Zapytaj o ofert\u0119!","breadcrumb":{"@id":"https:\/\/keybox.nl\/inbouwkluisjes-kopen\/#breadcrumb"},"inLanguage":"pl-PL","potentialAction":[{"@type":"ReadAction","target":["https:\/\/keybox.nl\/inbouwkluisjes-kopen\/"]}]},{"@type":"ImageObject","inLanguage":"pl-PL","@id":"https:\/\/keybox.nl\/inbouwkluisjes-kopen\/#primaryimage","url":"http:\/\/keybox.nl\/wp-content\/uploads\/2021\/12\/KSB103-KSB005-4-scaled.jpg","contentUrl":"http:\/\/keybox.nl\/wp-content\/uploads\/2021\/12\/KSB103-KSB005-4-scaled.jpg"},{"@type":"BreadcrumbList","@id":"https:\/\/keybox.nl\/inbouwkluisjes-kopen\/#breadcrumb","itemListElement":[{"@type":"ListItem","position":1,"name":"Home","item":"https:\/\/keybox.nl\/"},{"@type":"ListItem","position":2,"name":"Inbouwkluisjes kopen"}]},{"@type":"WebSite","@id":"https:\/\/keybox.nl\/#website","url":"https:\/\/keybox.nl\/","name":"","description":"","potentialAction":[{"@type":"SearchAction","target":{"@type":"EntryPoint","urlTemplate":"https:\/\/keybox.nl\/?s={search_term_string}"},"query-input":{"@type":"PropertyValueSpecification","valueRequired":true,"valueName":"search_term_string"}}],"inLanguage":"pl-PL"}]}},"jetpack-related-posts":[{"id":556,"url":"https:\/\/keybox.nl\/pl\/kleine-sleutelkluisjes-kopen\/","url_meta":{"origin":546,"position":0},"title":"Kup ma\u0142e sejfy na klucze","author":"Keybox@beheermodule","date":"11 marca 2022","format":false,"excerpt":"Kup niezawodne ma\u0142e sejfy na klucze w sklepie internetowym! \u2713 Przyjazne dla u\u017cytkownika \u2713 Odporne i bezpieczne \u2713 R\u00f3\u017cne modele U nas mo\u017cesz kupi\u0107 ma\u0142e sejfy na klucze, aby bezpiecznie przechowywa\u0107 klucze. Keybox.pl oferuje wszelkiego rodzaju sejfy, takie jak ma\u0142y sejf na klucze, kt\u00f3ry mo\u017cna \u0142atwo kupi\u0107 online. Dzi\u0119ki naszym...","rel":"","context":"Podobny wpis","block_context":{"text":"Podobny wpis","link":""},"img":{"alt_text":"","src":"https:\/\/i0.wp.com\/keybox.nl\/wp-content\/uploads\/2022\/12\/Keysafe_Original_keybox_sleutelkluis.jpg?resize=350%2C200&ssl=1","width":350,"height":200,"srcset":"https:\/\/i0.wp.com\/keybox.nl\/wp-content\/uploads\/2022\/12\/Keysafe_Original_keybox_sleutelkluis.jpg?resize=350%2C200&ssl=1 1x, https:\/\/i0.wp.com\/keybox.nl\/wp-content\/uploads\/2022\/12\/Keysafe_Original_keybox_sleutelkluis.jpg?resize=525%2C300&ssl=1 1.5x, https:\/\/i0.wp.com\/keybox.nl\/wp-content\/uploads\/2022\/12\/Keysafe_Original_keybox_sleutelkluis.jpg?resize=700%2C400&ssl=1 2x"},"classes":[]},{"id":326,"url":"https:\/\/keybox.nl\/pl\/goedkope-kluis-kopen\/","url_meta":{"origin":546,"position":1},"title":"Kup tani sejf","author":"Keybox@beheermodule","date":"3 marca 2022","format":false,"excerpt":"Kup tani, wysokiej jako\u015bci sejf w sklepie internetowym! Przyjazny dla u\u017cytkownika \u2713 Odporny i bezpieczny \u2713 R\u00f3\u017cne modele W Keybox.pl mo\u017cesz kupi\u0107 tani, odporny sejf dla swojej firmy. Dzi\u0119ki naszym sejfom wydawanie kluczy jest zawsze bezpieczne. Co wi\u0119cej, nikt nie musi by\u0107 obecny, aby...","rel":"","context":"Podobny wpis","block_context":{"text":"Podobny wpis","link":""},"img":{"alt_text":"","src":"https:\/\/i0.wp.com\/keybox.nl\/wp-content\/uploads\/2021\/12\/KSB_102_1-e1638478691321.jpg?resize=350%2C200&ssl=1","width":350,"height":200,"srcset":"https:\/\/i0.wp.com\/keybox.nl\/wp-content\/uploads\/2021\/12\/KSB_102_1-e1638478691321.jpg?resize=350%2C200&ssl=1 1x, https:\/\/i0.wp.com\/keybox.nl\/wp-content\/uploads\/2021\/12\/KSB_102_1-e1638478691321.jpg?resize=525%2C300&ssl=1 1.5x, https:\/\/i0.wp.com\/keybox.nl\/wp-content\/uploads\/2021\/12\/KSB_102_1-e1638478691321.jpg?resize=700%2C400&ssl=1 2x"},"classes":[]},{"id":554,"url":"https:\/\/keybox.nl\/pl\/kluis-waardeberging-kopen-2\/","url_meta":{"origin":546,"position":2},"title":"Kup sejf depozytowy","author":"Keybox@beheermodule","date":"11 marca 2022","format":false,"excerpt":"Zakup sejfu o wysokim poziomie bezpiecze\u0144stwa w sklepie internetowym! \u2713 Przyjazny dla u\u017cytkownika \u2713 Odporny i bezpieczny \u2713 R\u00f3\u017cne modele W przypadku niezwykle cennych przedmiot\u00f3w nale\u017cy kupi\u0107 sejf o wysokiej warto\u015bci przechowywania. Im wy\u017csza warto\u015b\u0107 przechowywania, tym sejf jest bardziej odporny na w\u0142amanie. My w Keybox.nl w Bussum...","rel":"","context":"Podobny wpis","block_context":{"text":"Podobny wpis","link":""},"img":{"alt_text":"kluis peugeot","src":"https:\/\/i0.wp.com\/keybox.nl\/wp-content\/uploads\/2022\/02\/KSB007-Peugeot-scaled-e1643751089776.jpg?resize=350%2C200&ssl=1","width":350,"height":200,"srcset":"https:\/\/i0.wp.com\/keybox.nl\/wp-content\/uploads\/2022\/02\/KSB007-Peugeot-scaled-e1643751089776.jpg?resize=350%2C200&ssl=1 1x, https:\/\/i0.wp.com\/keybox.nl\/wp-content\/uploads\/2022\/02\/KSB007-Peugeot-scaled-e1643751089776.jpg?resize=525%2C300&ssl=1 1.5x"},"classes":[]},{"id":552,"url":"https:\/\/keybox.nl\/pl\/kluis-waardeberging-kopen\/","url_meta":{"origin":546,"position":3},"title":"Kup sejf depozytowy","author":"Keybox@beheermodule","date":"11 marca 2022","format":false,"excerpt":"Zakup sejfu o wysokim poziomie bezpiecze\u0144stwa w sklepie internetowym! Przyjazny dla u\u017cytkownika \u2713 Odporny i bezpieczny \u2713 R\u00f3\u017cne modele W przypadku bardzo cennych przedmiot\u00f3w nale\u017cy kupi\u0107 sejf o du\u017cej pojemno\u015bci. Maksymalna warto\u015b\u0107 przechowywania sejfu wskazuje, do jakiej kwoty zawarto\u015b\u0107 sejfu jest ubezpieczona....","rel":"","context":"Podobny wpis","block_context":{"text":"Podobny wpis","link":""},"img":{"alt_text":"","src":"https:\/\/i0.wp.com\/keybox.nl\/wp-content\/uploads\/2021\/12\/KSB_102_1-e1638478691321.jpg?resize=350%2C200&ssl=1","width":350,"height":200,"srcset":"https:\/\/i0.wp.com\/keybox.nl\/wp-content\/uploads\/2021\/12\/KSB_102_1-e1638478691321.jpg?resize=350%2C200&ssl=1 1x, https:\/\/i0.wp.com\/keybox.nl\/wp-content\/uploads\/2021\/12\/KSB_102_1-e1638478691321.jpg?resize=525%2C300&ssl=1 1.5x, https:\/\/i0.wp.com\/keybox.nl\/wp-content\/uploads\/2021\/12\/KSB_102_1-e1638478691321.jpg?resize=700%2C400&ssl=1 2x"},"classes":[]},{"id":30,"url":"https:\/\/keybox.nl\/pl\/","url_meta":{"origin":546,"position":4},"title":"Zakup bezpiecznych szafek na klucze","author":"Keybox@beheermodule","date":"30 listopada 2021","format":false,"excerpt":"W Keybox.pl mo\u017cna kupi\u0107 mi\u0119dzy innymi solidny sejf lub bezpieczne sejfy na klucze. Oferujemy r\u00f3\u017cne rodzaje sejf\u00f3w; od subtelnych sejf\u00f3w na klucze po sejfy \u015bcienne z k\u00f3\u0142kiem depozytowym. U nas mo\u017cesz zam\u00f3wi\u0107 sejf do swojej firmy, ale tak\u017ce do domu. Dzi\u0119ki naszej szerokiej ofercie sejf\u00f3w na klucze,...","rel":"","context":"Z 1 komentarzem","block_context":{"text":"Z 1 komentarzem","link":"https:\/\/keybox.nl\/pl\/#comments"},"img":{"alt_text":"","src":"","width":0,"height":0},"classes":[]},{"id":540,"url":"https:\/\/keybox.nl\/pl\/afstortkluis-bestellen\/","url_meta":{"origin":546,"position":5},"title":"Zamawianie sejfu depozytowego","author":"Keybox@beheermodule","date":"11 marca 2022","format":false,"excerpt":"Zam\u00f3w sejf depozytowy w sklepie internetowym! \u2713 Przyjazny dla u\u017cytkownika \u2713 Odporny i bezpieczny \u2713 R\u00f3\u017cne modele Sejf depozytowy to idealny wyb\u00f3r, gdy chcesz bezpiecznie przechowywa\u0107 klucze lub inne drobne przedmioty w swojej firmie. Dzi\u0119ki inteligentnemu systemowi depozytowemu i \u015bcianom wykonanym z litego drewna nasze sejfy s\u0105...","rel":"","context":"Podobny wpis","block_context":{"text":"Podobny wpis","link":""},"img":{"alt_text":"","src":"https:\/\/i0.wp.com\/keybox.nl\/wp-content\/uploads\/2022\/01\/IMG_5363-scaled-e1643386544179.jpg?resize=350%2C200&ssl=1","width":350,"height":200},"classes":[]}],"jetpack_sharing_enabled":true,"_links":{"self":[{"href":"https:\/\/keybox.nl\/pl\/wp-json\/wp\/v2\/pages\/546","targetHints":{"allow":["GET"]}}],"collection":[{"href":"https:\/\/keybox.nl\/pl\/wp-json\/wp\/v2\/pages"}],"about":[{"href":"https:\/\/keybox.nl\/pl\/wp-json\/wp\/v2\/types\/page"}],"author":[{"embeddable":true,"href":"https:\/\/keybox.nl\/pl\/wp-json\/wp\/v2\/users\/1"}],"replies":[{"embeddable":true,"href":"https:\/\/keybox.nl\/pl\/wp-json\/wp\/v2\/comments?post=546"}],"version-history":[{"count":8,"href":"https:\/\/keybox.nl\/pl\/wp-json\/wp\/v2\/pages\/546\/revisions"}],"predecessor-version":[{"id":1642,"href":"https:\/\/keybox.nl\/pl\/wp-json\/wp\/v2\/pages\/546\/revisions\/1642"}],"wp:attachment":[{"href":"https:\/\/keybox.nl\/pl\/wp-json\/wp\/v2\/media?parent=546"}],"curies":[{"name":"wp","href":"https:\/\/api.w.org\/{rel}","templated":true}]}}