{"id":543,"date":"2022-03-11T10:26:49","date_gmt":"2022-03-11T10:26:49","guid":{"rendered":"http:\/\/keybox.nl\/?page_id=543"},"modified":"2023-07-25T09:04:11","modified_gmt":"2023-07-25T09:04:11","slug":"inbraakwerende-kluis-kopen","status":"publish","type":"page","link":"https:\/\/keybox.nl\/pl\/inbraakwerende-kluis-kopen\/","title":{"rendered":"Kup sejf antyw\u0142amaniowy"},"content":{"rendered":"<div class=\"wp-block-cover alignfull\" style=\"min-height:200px;aspect-ratio:unset;\"><span aria-hidden=\"true\" class=\"wp-block-cover__background has-background-dim-60 has-background-dim\"><\/span><img decoding=\"async\" width=\"1920\" height=\"2560\" class=\"wp-block-cover__image-background wp-image-126\" alt=\"Kluis\" src=\"http:\/\/keybox.nl\/wp-content\/uploads\/2021\/12\/KSB103-KSB005-4-scaled.jpg\" style=\"object-position:50% 50%\" data-object-fit=\"cover\" data-object-position=\"50% 50%\" srcset=\"https:\/\/keybox.nl\/wp-content\/uploads\/2021\/12\/KSB103-KSB005-4-scaled.jpg 1920w, https:\/\/keybox.nl\/wp-content\/uploads\/2021\/12\/KSB103-KSB005-4-416x555.jpg 416w, https:\/\/keybox.nl\/wp-content\/uploads\/2021\/12\/KSB103-KSB005-4-225x300.jpg 225w, https:\/\/keybox.nl\/wp-content\/uploads\/2021\/12\/KSB103-KSB005-4-768x1024.jpg 768w, https:\/\/keybox.nl\/wp-content\/uploads\/2021\/12\/KSB103-KSB005-4-1152x1536.jpg 1152w, https:\/\/keybox.nl\/wp-content\/uploads\/2021\/12\/KSB103-KSB005-4-1536x2048.jpg 1536w, https:\/\/keybox.nl\/wp-content\/uploads\/2021\/12\/KSB103-KSB005-4-1320x1760.jpg 1320w\" sizes=\"(max-width: 1920px) 100vw, 1920px\" \/><div class=\"wp-block-cover__inner-container is-layout-flow wp-block-cover-is-layout-flow\">\n<h1 class=\"wp-block-heading alignwide has-text-align-left has-white-color has-text-color\" style=\"font-size:40px\">Zakup odpornego sejfu antyw\u0142amaniowego<\/h1>\n\n\n\n<div class=\"wp-block-columns alignwide is-layout-flex wp-container-core-columns-is-layout-28f84493 wp-block-columns-is-layout-flex\">\n<div class=\"wp-block-column is-layout-flow wp-block-column-is-layout-flow\" style=\"flex-basis:55%\">\n<div class=\"wp-block-buttons is-layout-flex wp-block-buttons-is-layout-flex\">\n<div class=\"wp-block-button cta-knop alignleft\"><a class=\"wp-block-button__link has-black-color has-white-background-color has-text-color has-background wp-element-button\" href=\"http:\/\/keybox.nl\/pl\/\">Do sklepu internetowego!<\/a><\/div>\n<\/div>\n<\/div>\n<\/div>\n<\/div><\/div>\n\n\n\n<div style=\"height:50px\" aria-hidden=\"true\" class=\"wp-block-spacer\"><\/div>\n\n\n\n<div class=\"wp-block-group alignfull is-content-justification-center is-layout-flex wp-container-core-group-is-layout-81a7f686 wp-block-group-is-layout-flex\">\n<p class=\"usps has-normal-font-size\">Przyjazny dla u\u017cytkownika<\/p>\n\n\n\n<p>Odporno\u015b\u0107 i bezpiecze\u0144stwo<\/p>\n\n\n\n<p>R\u00f3\u017cne modele<\/p>\n<\/div>\n\n\n\n<style>\nh1.entry-title {\ndisplay: none;\n}\n\n.cta-knop {\nmargin-left: 35px !important;\n}\n\n.cta-knop:hover {\nopacity: 0.75;\n}\n\n@media only screen and (max-width: 1064px) {\n.cta-knop {\nmargin-left: 0px !important;\n}\n\n.wp-block-group.alignfull {\n    display: flex;\n    flex-direction: column;\n}\n}\n<\/style>\n\n\n\n<div style=\"height:100px\" aria-hidden=\"true\" class=\"wp-block-spacer\"><\/div>\n\n\n\n<p class=\"has-text-align-left align-left has-black-color has-text-color has-normal-font-size\">Zakup antyw\u0142amaniowego sejfu na cenne przedmioty jest bardzo wa\u017cny. Zapewnia im bowiem doskona\u0142\u0105 ochron\u0119 przed r\u00f3\u017cnego rodzaju kradzie\u017cami. W Keybox.pl kupujesz sejf antyw\u0142amaniowy na klucze, kt\u00f3ry montujesz na r\u00f3\u017cne sposoby. Dzi\u0119ki inteligentnemu systemowi depozytowemu klucze s\u0105 chronione przed atakami 24\/7.<\/p>\n\n\n\n<div style=\"height:100px\" aria-hidden=\"true\" class=\"wp-block-spacer\"><\/div>\n\n\n\n<div class=\"wp-block-group is-content-justification-center is-layout-flex wp-container-core-group-is-layout-81a7f686 wp-block-group-is-layout-flex\">\n<div class=\"wp-block-media-text alignwide is-stacked-on-mobile is-vertically-aligned-center\" style=\"grid-template-columns:40% auto\"><figure class=\"wp-block-media-text__media\"><img decoding=\"async\" width=\"788\" height=\"1024\" src=\"http:\/\/keybox.nl\/wp-content\/uploads\/2022\/12\/Keysafe_Slim_line_Keybox-788x1024.jpeg\" alt=\"Keysafe Slim line\" class=\"wp-image-1172 size-full\" srcset=\"https:\/\/keybox.nl\/wp-content\/uploads\/2022\/12\/Keysafe_Slim_line_Keybox-788x1024.jpeg 788w, https:\/\/keybox.nl\/wp-content\/uploads\/2022\/12\/Keysafe_Slim_line_Keybox-416x541.jpeg 416w, https:\/\/keybox.nl\/wp-content\/uploads\/2022\/12\/Keysafe_Slim_line_Keybox-231x300.jpeg 231w, https:\/\/keybox.nl\/wp-content\/uploads\/2022\/12\/Keysafe_Slim_line_Keybox-768x998.jpeg 768w, https:\/\/keybox.nl\/wp-content\/uploads\/2022\/12\/Keysafe_Slim_line_Keybox.jpeg 1000w\" sizes=\"(max-width: 788px) 100vw, 788px\" \/><\/figure><div class=\"wp-block-media-text__content\">\n<h2 class=\"wp-block-heading has-text-color\" style=\"color:#000000;font-size:32px\">Zakup sejfu antyw\u0142amaniowego na klucze<\/h2>\n\n\n\n<p class=\"has-text-color has-normal-font-size\" style=\"color:#000000\">Zasadniczo ka\u017cdy sejf jest odporny na w\u0142amanie. Jednak w miar\u0119 jak z\u0142odzieje staj\u0105 si\u0119 coraz bardziej pomys\u0142owi i u\u017cywaj\u0105 coraz ci\u0119\u017cszych \u015brodk\u00f3w, sejfy musz\u0105 by\u0107 r\u00f3wnie\u017c coraz lepiej zabezpieczone, aby pozosta\u0142y odporne na kradzie\u017c. Nasz asortyment obejmuje r\u00f3\u017cne <a href=\"http:\/\/keybox.nl\/pl\/\">Wysokiej jako\u015bci sejfy na klucze<\/a> kt\u00f3re spe\u0142niaj\u0105 najnowsze standardy. K\u00f3\u0142ko depozytowe uniemo\u017cliwia szukanie kluczy, poniewa\u017c przestrze\u0144 wewn\u0105trz sejfu jest stale os\u0142oni\u0119ta. Gdy ko\u0142o nie jest u\u017cywane, jest zamkni\u0119te. Gdy u\u017cytkownik otwiera ko\u0142o, wewn\u0119trzna przestrze\u0144, w kt\u00f3rej znajduj\u0105 si\u0119 wszystkie klucze, jest zamykana przez tack\u0119, w kt\u00f3rej u\u017cytkownik umieszcza klucz. Mo\u017cna r\u00f3wnie\u017c zakupi\u0107 u nas modele antyw\u0142amaniowe z dodatkowym sejfem wewn\u0119trznym, zapewniaj\u0105cym wy\u017csz\u0105 ochron\u0119 przed kradzie\u017c\u0105. Ponadto istnieje mo\u017cliwo\u015b\u0107 zakupu <a href=\"http:\/\/keybox.nl\/pl\/cijferslot-kluis-bestellen\/\">Zam\u00f3w sejf z zamkiem szyfrowym<\/a> aby ograniczy\u0107 dost\u0119p do sejfu. Ty decydujesz, kt\u00f3ry typ <a href=\"http:\/\/keybox.nl\/pl\/safe-kluis-kopen\/\">sejf lub skarbiec<\/a> najlepiej pasuje do Twojej firmy. Nasz zesp\u00f3\u0142 s\u0142u\u017cy r\u00f3wnie\u017c profesjonaln\u0105 porad\u0105.<\/p>\n<\/div><\/div>\n<\/div>\n\n\n\n<div style=\"height:100px\" aria-hidden=\"true\" class=\"wp-block-spacer\"><\/div>\n\n\n\n<h2 class=\"wp-block-heading has-text-align-center\"><strong>Szukasz sejfu antyw\u0142amaniowego?<\/strong><\/h2>\n\n\n\n<div class=\"wp-block-buttons is-content-justification-center is-layout-flex wp-container-core-buttons-is-layout-a89b3969 wp-block-buttons-is-layout-flex\">\n<div class=\"wp-block-button is-style-outline is-style-outline--1\"><a class=\"wp-block-button__link wp-element-button\" href=\"http:\/\/keybox.nl\/pl\/\">Zobacz sklep internetowy<\/a><\/div>\n<\/div>\n\n\n\n<div style=\"height:100px\" aria-hidden=\"true\" class=\"wp-block-spacer\"><\/div>\n\n\n\n<div class=\"wp-block-group is-content-justification-center is-layout-flex wp-container-core-group-is-layout-81a7f686 wp-block-group-is-layout-flex\">\n<div class=\"wp-block-media-text alignwide has-media-on-the-right is-stacked-on-mobile is-vertically-aligned-center\" style=\"grid-template-columns:auto 30%\"><div class=\"wp-block-media-text__content\">\n<h3 class=\"wp-block-heading has-text-color\" style=\"color:#000000;font-size:32px\"><strong>Kup odporny sejf w przyst\u0119pnej cenie<\/strong><\/h3>\n\n\n\n<p class=\"has-text-color has-normal-font-size\" style=\"color:#000000\">Sejfy z naszej oferty to najlepsze rozwi\u0105zanie przeciwko kradzie\u017cy. U nas mo\u017cesz kupi\u0107 online <a href=\"http:\/\/keybox.nl\/pl\/goedkope-kluis-kopen\/\">kupuj tanio bezpiecznie<\/a> kt\u00f3ry jest r\u00f3wnie\u017c szczeg\u00f3lnie bezpieczny. Chro\u0144 swoje klucze, kupuj\u0105c sejf antyw\u0142amaniowy. Przejrzyj nasz sklep internetowy lub we\u017a <a href=\"http:\/\/keybox.nl\/pl\/contact\/\">skontaktuj si\u0119 z nami<\/a> aby obejrze\u0107 nasze sejfy w naszej firmie w Bussum. Mo\u017cesz r\u00f3wnie\u017c poprosi\u0107 o niezobowi\u0105zuj\u0105c\u0105 wycen\u0119 online.<\/p>\n<\/div><figure class=\"wp-block-media-text__media\"><img decoding=\"async\" width=\"600\" height=\"800\" src=\"http:\/\/keybox.nl\/wp-content\/uploads\/2021\/12\/Extra-Armor-KSB.jpg\" alt=\"Kluis los\" class=\"wp-image-103 size-full\" srcset=\"https:\/\/keybox.nl\/wp-content\/uploads\/2021\/12\/Extra-Armor-KSB.jpg 600w, https:\/\/keybox.nl\/wp-content\/uploads\/2021\/12\/Extra-Armor-KSB-416x555.jpg 416w, https:\/\/keybox.nl\/wp-content\/uploads\/2021\/12\/Extra-Armor-KSB-225x300.jpg 225w\" sizes=\"(max-width: 600px) 100vw, 600px\" \/><\/figure><\/div>\n<\/div>\n\n\n\n<div style=\"height:50px\" aria-hidden=\"true\" class=\"wp-block-spacer\"><\/div>\n\n\n\n<h2 class=\"wp-block-heading alignwide has-text-align-left form-titel\"><strong>Masz pytania dotycz\u0105ce bezpiecze\u0144stwa?<\/strong><\/h2>\n\n\n<div class=\"wp-block-jetpack-contact-form alignwide is-layout-flex wp-container-jetpack-contact-form-is-layout-2b4208ba wp-block-jetpack-contact-form-is-layout-flex\"><a href=\"https:\/\/keybox.nl\/pl\/inbraakwerende-kluis-kopen\/\" target=\"_blank\" rel=\"noopener noreferrer\">Prze\u015blij formularz.<\/a><\/div>\n\n\n<p><\/p>","protected":false},"excerpt":{"rendered":"<p>\u2713 Gebruiksvriendelijk \u2713 Bestendig en veilig \u2713 Diverse modellen Een inbraakwerende kluis kopen voor uw waardevolle spullen is belangrijk. Zo zijn ze namelijk uitstekend beschermd tegen diverse soorten diefstal. Bij Keybox.nl koopt u voor uw sleutels een inbraakwerende kluis die u op verschillende manieren monteert. Dankzij het slimme afstortsysteem zijn uw sleutels 24\/7 beschermd tegen [&hellip;]<\/p>\n","protected":false},"author":1,"featured_media":0,"parent":0,"menu_order":0,"comment_status":"closed","ping_status":"closed","template":"template-fullwidth.php","meta":{"footnotes":""},"class_list":["post-543","page","type-page","status-publish","hentry"],"yoast_head":"<!-- This site is optimized with the Yoast SEO plugin v27.6 - https:\/\/yoast.com\/product\/yoast-seo-wordpress\/ -->\n<title>Een goede inbraakwerende kluis kopen -<\/title>\n<meta name=\"description\" content=\"Bij ons kunt u een inbraakwerende kluis kopen om uw bedrijf of woning te beschermen. Bestel online uw nieuwe kluis voor sleutels of bezoek ons.\" \/>\n<meta name=\"robots\" content=\"index, follow, max-snippet:-1, max-image-preview:large, max-video-preview:-1\" \/>\n<link rel=\"canonical\" href=\"https:\/\/keybox.nl\/pl\/inbraakwerende-kluis-kopen\/\" \/>\n<meta property=\"og:locale\" content=\"pl_PL\" \/>\n<meta property=\"og:type\" content=\"article\" \/>\n<meta property=\"og:title\" content=\"Een goede inbraakwerende kluis kopen -\" \/>\n<meta property=\"og:description\" content=\"Bij ons kunt u een inbraakwerende kluis kopen om uw bedrijf of woning te beschermen. Bestel online uw nieuwe kluis voor sleutels of bezoek ons.\" \/>\n<meta property=\"og:url\" content=\"https:\/\/keybox.nl\/pl\/inbraakwerende-kluis-kopen\/\" \/>\n<meta property=\"article:modified_time\" content=\"2023-07-25T09:04:11+00:00\" \/>\n<meta property=\"og:image\" content=\"http:\/\/keybox.nl\/wp-content\/uploads\/2021\/12\/KSB103-KSB005-4-scaled.jpg\" \/>\n<meta name=\"twitter:card\" content=\"summary_large_image\" \/>\n<meta name=\"twitter:label1\" content=\"Szacowany czas czytania\" \/>\n\t<meta name=\"twitter:data1\" content=\"3 minuty\" \/>\n<script type=\"application\/ld+json\" class=\"yoast-schema-graph\">{\"@context\":\"https:\\\/\\\/schema.org\",\"@graph\":[{\"@type\":\"WebPage\",\"@id\":\"https:\\\/\\\/keybox.nl\\\/inbraakwerende-kluis-kopen\\\/\",\"url\":\"https:\\\/\\\/keybox.nl\\\/inbraakwerende-kluis-kopen\\\/\",\"name\":\"Een goede inbraakwerende kluis kopen -\",\"isPartOf\":{\"@id\":\"https:\\\/\\\/keybox.nl\\\/#website\"},\"primaryImageOfPage\":{\"@id\":\"https:\\\/\\\/keybox.nl\\\/inbraakwerende-kluis-kopen\\\/#primaryimage\"},\"image\":{\"@id\":\"https:\\\/\\\/keybox.nl\\\/inbraakwerende-kluis-kopen\\\/#primaryimage\"},\"thumbnailUrl\":\"http:\\\/\\\/keybox.nl\\\/wp-content\\\/uploads\\\/2021\\\/12\\\/KSB103-KSB005-4-scaled.jpg\",\"datePublished\":\"2022-03-11T10:26:49+00:00\",\"dateModified\":\"2023-07-25T09:04:11+00:00\",\"description\":\"Bij ons kunt u een inbraakwerende kluis kopen om uw bedrijf of woning te beschermen. Bestel online uw nieuwe kluis voor sleutels of bezoek ons.\",\"breadcrumb\":{\"@id\":\"https:\\\/\\\/keybox.nl\\\/inbraakwerende-kluis-kopen\\\/#breadcrumb\"},\"inLanguage\":\"pl-PL\",\"potentialAction\":[{\"@type\":\"ReadAction\",\"target\":[\"https:\\\/\\\/keybox.nl\\\/inbraakwerende-kluis-kopen\\\/\"]}]},{\"@type\":\"ImageObject\",\"inLanguage\":\"pl-PL\",\"@id\":\"https:\\\/\\\/keybox.nl\\\/inbraakwerende-kluis-kopen\\\/#primaryimage\",\"url\":\"http:\\\/\\\/keybox.nl\\\/wp-content\\\/uploads\\\/2021\\\/12\\\/KSB103-KSB005-4-scaled.jpg\",\"contentUrl\":\"http:\\\/\\\/keybox.nl\\\/wp-content\\\/uploads\\\/2021\\\/12\\\/KSB103-KSB005-4-scaled.jpg\"},{\"@type\":\"BreadcrumbList\",\"@id\":\"https:\\\/\\\/keybox.nl\\\/inbraakwerende-kluis-kopen\\\/#breadcrumb\",\"itemListElement\":[{\"@type\":\"ListItem\",\"position\":1,\"name\":\"Home\",\"item\":\"https:\\\/\\\/keybox.nl\\\/\"},{\"@type\":\"ListItem\",\"position\":2,\"name\":\"Inbraakwerende kluis kopen\"}]},{\"@type\":\"WebSite\",\"@id\":\"https:\\\/\\\/keybox.nl\\\/#website\",\"url\":\"https:\\\/\\\/keybox.nl\\\/\",\"name\":\"\",\"description\":\"\",\"potentialAction\":[{\"@type\":\"SearchAction\",\"target\":{\"@type\":\"EntryPoint\",\"urlTemplate\":\"https:\\\/\\\/keybox.nl\\\/?s={search_term_string}\"},\"query-input\":{\"@type\":\"PropertyValueSpecification\",\"valueRequired\":true,\"valueName\":\"search_term_string\"}}],\"inLanguage\":\"pl-PL\"}]}<\/script>\n<!-- \/ Yoast SEO plugin. -->","yoast_head_json":{"title":"Zakup dobrego sejfu antyw\u0142amaniowego -","description":"Z nami mo\u017cesz kupi\u0107 sejf antyw\u0142amaniowy, kt\u00f3ry ochroni Twoj\u0105 firm\u0119 lub dom. Zam\u00f3w nowy sejf na klucz online lub odwied\u017a nas.","robots":{"index":"index","follow":"follow","max-snippet":"max-snippet:-1","max-image-preview":"max-image-preview:large","max-video-preview":"max-video-preview:-1"},"canonical":"https:\/\/keybox.nl\/pl\/inbraakwerende-kluis-kopen\/","og_locale":"pl_PL","og_type":"article","og_title":"Een goede inbraakwerende kluis kopen -","og_description":"Bij ons kunt u een inbraakwerende kluis kopen om uw bedrijf of woning te beschermen. Bestel online uw nieuwe kluis voor sleutels of bezoek ons.","og_url":"https:\/\/keybox.nl\/pl\/inbraakwerende-kluis-kopen\/","article_modified_time":"2023-07-25T09:04:11+00:00","og_image":[{"url":"http:\/\/keybox.nl\/wp-content\/uploads\/2021\/12\/KSB103-KSB005-4-scaled.jpg","type":"","width":"","height":""}],"twitter_card":"summary_large_image","twitter_misc":{"Szacowany czas czytania":"3 minuty"},"schema":{"@context":"https:\/\/schema.org","@graph":[{"@type":"WebPage","@id":"https:\/\/keybox.nl\/inbraakwerende-kluis-kopen\/","url":"https:\/\/keybox.nl\/inbraakwerende-kluis-kopen\/","name":"Zakup dobrego sejfu antyw\u0142amaniowego -","isPartOf":{"@id":"https:\/\/keybox.nl\/#website"},"primaryImageOfPage":{"@id":"https:\/\/keybox.nl\/inbraakwerende-kluis-kopen\/#primaryimage"},"image":{"@id":"https:\/\/keybox.nl\/inbraakwerende-kluis-kopen\/#primaryimage"},"thumbnailUrl":"http:\/\/keybox.nl\/wp-content\/uploads\/2021\/12\/KSB103-KSB005-4-scaled.jpg","datePublished":"2022-03-11T10:26:49+00:00","dateModified":"2023-07-25T09:04:11+00:00","description":"Z nami mo\u017cesz kupi\u0107 sejf antyw\u0142amaniowy, kt\u00f3ry ochroni Twoj\u0105 firm\u0119 lub dom. Zam\u00f3w nowy sejf na klucz online lub odwied\u017a nas.","breadcrumb":{"@id":"https:\/\/keybox.nl\/inbraakwerende-kluis-kopen\/#breadcrumb"},"inLanguage":"pl-PL","potentialAction":[{"@type":"ReadAction","target":["https:\/\/keybox.nl\/inbraakwerende-kluis-kopen\/"]}]},{"@type":"ImageObject","inLanguage":"pl-PL","@id":"https:\/\/keybox.nl\/inbraakwerende-kluis-kopen\/#primaryimage","url":"http:\/\/keybox.nl\/wp-content\/uploads\/2021\/12\/KSB103-KSB005-4-scaled.jpg","contentUrl":"http:\/\/keybox.nl\/wp-content\/uploads\/2021\/12\/KSB103-KSB005-4-scaled.jpg"},{"@type":"BreadcrumbList","@id":"https:\/\/keybox.nl\/inbraakwerende-kluis-kopen\/#breadcrumb","itemListElement":[{"@type":"ListItem","position":1,"name":"Home","item":"https:\/\/keybox.nl\/"},{"@type":"ListItem","position":2,"name":"Inbraakwerende kluis kopen"}]},{"@type":"WebSite","@id":"https:\/\/keybox.nl\/#website","url":"https:\/\/keybox.nl\/","name":"","description":"","potentialAction":[{"@type":"SearchAction","target":{"@type":"EntryPoint","urlTemplate":"https:\/\/keybox.nl\/?s={search_term_string}"},"query-input":{"@type":"PropertyValueSpecification","valueRequired":true,"valueName":"search_term_string"}}],"inLanguage":"pl-PL"}]}},"jetpack-related-posts":[],"jetpack_sharing_enabled":true,"_links":{"self":[{"href":"https:\/\/keybox.nl\/pl\/wp-json\/wp\/v2\/pages\/543","targetHints":{"allow":["GET"]}}],"collection":[{"href":"https:\/\/keybox.nl\/pl\/wp-json\/wp\/v2\/pages"}],"about":[{"href":"https:\/\/keybox.nl\/pl\/wp-json\/wp\/v2\/types\/page"}],"author":[{"embeddable":true,"href":"https:\/\/keybox.nl\/pl\/wp-json\/wp\/v2\/users\/1"}],"replies":[{"embeddable":true,"href":"https:\/\/keybox.nl\/pl\/wp-json\/wp\/v2\/comments?post=543"}],"version-history":[{"count":4,"href":"https:\/\/keybox.nl\/pl\/wp-json\/wp\/v2\/pages\/543\/revisions"}],"predecessor-version":[{"id":1638,"href":"https:\/\/keybox.nl\/pl\/wp-json\/wp\/v2\/pages\/543\/revisions\/1638"}],"wp:attachment":[{"href":"https:\/\/keybox.nl\/pl\/wp-json\/wp\/v2\/media?parent=543"}],"curies":[{"name":"wp","href":"https:\/\/api.w.org\/{rel}","templated":true}]}}