{"id":540,"date":"2022-03-11T10:24:18","date_gmt":"2022-03-11T10:24:18","guid":{"rendered":"http:\/\/keybox.nl\/?page_id=540"},"modified":"2023-07-25T09:13:19","modified_gmt":"2023-07-25T09:13:19","slug":"afstortkluis-bestellen","status":"publish","type":"page","link":"https:\/\/keybox.nl\/pl\/afstortkluis-bestellen\/","title":{"rendered":"Zamawianie sejfu depozytowego"},"content":{"rendered":"<div class=\"wp-block-cover alignfull\" style=\"min-height:200px;aspect-ratio:unset;\"><span aria-hidden=\"true\" class=\"wp-block-cover__background has-background-dim-60 has-background-dim\"><\/span><img decoding=\"async\" width=\"1920\" height=\"2560\" class=\"wp-block-cover__image-background wp-image-126\" alt=\"Kluis\" src=\"http:\/\/keybox.nl\/wp-content\/uploads\/2021\/12\/KSB103-KSB005-4-scaled.jpg\" style=\"object-position:50% 50%\" data-object-fit=\"cover\" data-object-position=\"50% 50%\" srcset=\"https:\/\/keybox.nl\/wp-content\/uploads\/2021\/12\/KSB103-KSB005-4-scaled.jpg 1920w, https:\/\/keybox.nl\/wp-content\/uploads\/2021\/12\/KSB103-KSB005-4-416x555.jpg 416w, https:\/\/keybox.nl\/wp-content\/uploads\/2021\/12\/KSB103-KSB005-4-225x300.jpg 225w, https:\/\/keybox.nl\/wp-content\/uploads\/2021\/12\/KSB103-KSB005-4-768x1024.jpg 768w, https:\/\/keybox.nl\/wp-content\/uploads\/2021\/12\/KSB103-KSB005-4-1152x1536.jpg 1152w, https:\/\/keybox.nl\/wp-content\/uploads\/2021\/12\/KSB103-KSB005-4-1536x2048.jpg 1536w, https:\/\/keybox.nl\/wp-content\/uploads\/2021\/12\/KSB103-KSB005-4-1320x1760.jpg 1320w\" sizes=\"(max-width: 1920px) 100vw, 1920px\" \/><div class=\"wp-block-cover__inner-container is-layout-flow wp-block-cover-is-layout-flow\">\n<h1 class=\"wp-block-heading alignwide has-text-align-left has-white-color has-text-color\" style=\"font-size:40px\">Zamawianie bezpiecznego sejfu depozytowego<\/h1>\n\n\n\n<div class=\"wp-block-columns alignwide is-layout-flex wp-container-core-columns-is-layout-28f84493 wp-block-columns-is-layout-flex\">\n<div class=\"wp-block-column is-layout-flow wp-block-column-is-layout-flow\" style=\"flex-basis:55%\">\n<div class=\"wp-block-buttons is-layout-flex wp-block-buttons-is-layout-flex\">\n<div class=\"wp-block-button cta-knop alignleft\"><a class=\"wp-block-button__link has-black-color has-white-background-color has-text-color has-background wp-element-button\" href=\"http:\/\/keybox.nl\/pl\/\">Do sklepu internetowego!<\/a><\/div>\n<\/div>\n<\/div>\n<\/div>\n<\/div><\/div>\n\n\n\n<div style=\"height:50px\" aria-hidden=\"true\" class=\"wp-block-spacer\"><\/div>\n\n\n\n<div class=\"wp-block-group alignfull is-content-justification-center is-layout-flex wp-container-core-group-is-layout-81a7f686 wp-block-group-is-layout-flex\">\n<p class=\"usps has-normal-font-size\">Przyjazny dla u\u017cytkownika<\/p>\n\n\n\n<p>Odporno\u015b\u0107 i bezpiecze\u0144stwo<\/p>\n\n\n\n<p>R\u00f3\u017cne modele<\/p>\n<\/div>\n\n\n\n<style>\nh1.entry-title {\ndisplay: none;\n}\n\n.cta-knop {\nmargin-left: 35px !important;\n}\n\n.cta-knop:hover {\nopacity: 0.75;\n}\n\n@media only screen and (max-width: 1064px) {\n.cta-knop {\nmargin-left: 0px !important;\n}\n\n.wp-block-group.alignfull {\n    display: flex;\n    flex-direction: column;\n}\n}\n<\/style>\n\n\n\n<div style=\"height:100px\" aria-hidden=\"true\" class=\"wp-block-spacer\"><\/div>\n\n\n\n<p class=\"has-text-align-left align-left has-black-color has-text-color has-normal-font-size\">Sejf depozytowy to idealny wyb\u00f3r, gdy chcesz bezpiecznie przechowywa\u0107 klucze lub inne drobne przedmioty w swojej firmie. Nasze sejfy s\u0105 wysoce odporne na kradzie\u017c dzi\u0119ki sprytnemu systemowi depozytowemu i solidnym stalowym \u015bcianom. Oferujemy r\u00f3\u017cne rodzaje sejf\u00f3w depozytowych, gwarantuj\u0105c, \u017ce mo\u017cesz kupi\u0107 idealny sejf depozytowy. Dowiedz si\u0119 wi\u0119cej o asortymencie Keybox.pl tutaj!<\/p>\n\n\n\n<div style=\"height:100px\" aria-hidden=\"true\" class=\"wp-block-spacer\"><\/div>\n\n\n\n<div class=\"wp-block-group is-content-justification-center is-layout-flex wp-container-core-group-is-layout-81a7f686 wp-block-group-is-layout-flex\">\n<div class=\"wp-block-media-text alignwide is-stacked-on-mobile is-vertically-aligned-center\" style=\"grid-template-columns:40% auto\"><figure class=\"wp-block-media-text__media\"><img decoding=\"async\" width=\"921\" height=\"1024\" src=\"http:\/\/keybox.nl\/wp-content\/uploads\/2022\/01\/IMG_5363-921x1024.jpg\" alt=\"\" class=\"wp-image-199 size-full\"\/><\/figure><div class=\"wp-block-media-text__content\">\n<h2 class=\"wp-block-heading has-text-color\" style=\"color:#000000;font-size:32px\">Zamawianie idealnego sejfu depozytowego dla firmy<\/h2>\n\n\n\n<p class=\"has-text-color has-normal-font-size\" style=\"color:#000000\">Dzi\u0119ki naszej szerokiej ofercie mo\u017cna znale\u017a\u0107 sejf depozytowy lub <a href=\"http:\/\/keybox.nl\/pl\/\">bezpieczne szafki na klucze<\/a> kup taki, kt\u00f3ry idealnie pasuje do Twojej firmy. Oferujemy modele odpowiednie do wielu rodzaj\u00f3w przestrzeni. Mamy na przyk\u0142ad sejfy, kt\u00f3re instaluje si\u0119 w \u015bcianie, a tak\u017ce modele, kt\u00f3re wiesza si\u0119 na \u015bcianie lub montuje na s\u0142upie. Ty decydujesz, kt\u00f3ry sejf depozytowy chcesz zam\u00f3wi\u0107 dla swojej firmy. Nasz do\u015bwiadczony zesp\u00f3\u0142 pomo\u017ce Ci nast\u0119pnie z <a href=\"http:\/\/keybox.nl\/pl\/montage-installatie\/\">monta\u017c sejfu<\/a>, upewniaj\u0105c si\u0119, \u017ce jest prawid\u0142owo pod\u0142\u0105czony.<\/p>\n<\/div><\/div>\n<\/div>\n\n\n\n<div style=\"height:100px\" aria-hidden=\"true\" class=\"wp-block-spacer\"><\/div>\n\n\n\n<h2 class=\"wp-block-heading has-text-align-center\"><strong>Chcesz zam\u00f3wi\u0107 u nas sejf depozytowy?<\/strong><\/h2>\n\n\n\n<div class=\"wp-block-buttons is-content-justification-center is-layout-flex wp-container-core-buttons-is-layout-a89b3969 wp-block-buttons-is-layout-flex\">\n<div class=\"wp-block-button is-style-outline is-style-outline--1\"><a class=\"wp-block-button__link wp-element-button\" href=\"http:\/\/keybox.nl\/pl\/\">Zobacz sklep internetowy<\/a><\/div>\n<\/div>\n\n\n\n<div style=\"height:100px\" aria-hidden=\"true\" class=\"wp-block-spacer\"><\/div>\n\n\n\n<div class=\"wp-block-group is-content-justification-center is-layout-flex wp-container-core-group-is-layout-81a7f686 wp-block-group-is-layout-flex\">\n<div class=\"wp-block-media-text alignwide has-media-on-the-right is-stacked-on-mobile is-vertically-aligned-center\" style=\"grid-template-columns:auto 40%\"><div class=\"wp-block-media-text__content\">\n<h3 class=\"wp-block-heading has-text-color\" style=\"color:#000000;font-size:32px\"><strong>Chro\u0144 swoje klucze przed kradzie\u017c\u0105, kupuj\u0105c sejf depozytowy<\/strong><\/h3>\n\n\n\n<p class=\"has-text-color has-normal-font-size\" style=\"color:#000000\">W naszej firmie kupujesz <a href=\"http:\/\/keybox.nl\/pl\/inbraakwerende-kluis-kopen\/\">sejf antyw\u0142amaniowy<\/a>. Nasze sejfy chroni\u0105 klucze przed pr\u00f3bami w\u0142amania. Nasz system depozytowy dzia\u0142a za pomoc\u0105 k\u00f3\u0142ka, co uniemo\u017cliwia szukanie kluczy lub kart. Nasze sejfy depozytowe nadaj\u0105 si\u0119 r\u00f3wnie\u017c jako <a href=\"http:\/\/keybox.nl\/pl\/geldkluis-bestellen\/\">solidny sejf na pieni\u0105dze<\/a>. Ponadto sejf depozytowy, kt\u00f3ry mo\u017cna u nas kupi\u0107, jest wykonany z litej stali, aby odpiera\u0107 ataki z zewn\u0105trz. Decyduj\u0105c si\u0119 na zam\u00f3wienie u nas sejfu depozytowego, mo\u017cesz mie\u0107 pewno\u015b\u0107, \u017ce Twoje rzeczy s\u0105 ca\u0142kowicie bezpieczne.<\/p>\n<\/div><figure class=\"wp-block-media-text__media\"><img decoding=\"async\" width=\"700\" height=\"700\" src=\"http:\/\/keybox.nl\/wp-content\/uploads\/2022\/12\/Keysafe_Original_keybox_sleutelkluis.jpg\" alt=\"\" class=\"wp-image-1181 size-full\" srcset=\"https:\/\/keybox.nl\/wp-content\/uploads\/2022\/12\/Keysafe_Original_keybox_sleutelkluis.jpg 700w, https:\/\/keybox.nl\/wp-content\/uploads\/2022\/12\/Keysafe_Original_keybox_sleutelkluis-324x324.jpg 324w, https:\/\/keybox.nl\/wp-content\/uploads\/2022\/12\/Keysafe_Original_keybox_sleutelkluis-100x100.jpg 100w, https:\/\/keybox.nl\/wp-content\/uploads\/2022\/12\/Keysafe_Original_keybox_sleutelkluis-416x416.jpg 416w, https:\/\/keybox.nl\/wp-content\/uploads\/2022\/12\/Keysafe_Original_keybox_sleutelkluis-300x300.jpg 300w, https:\/\/keybox.nl\/wp-content\/uploads\/2022\/12\/Keysafe_Original_keybox_sleutelkluis-150x150.jpg 150w\" sizes=\"(max-width: 700px) 100vw, 700px\" \/><\/figure><\/div>\n<\/div>\n\n\n\n<div style=\"height:50px\" aria-hidden=\"true\" class=\"wp-block-spacer\"><\/div>\n\n\n\n<h3 class=\"wp-block-heading has-text-color\" style=\"color:#000000;font-size:32px\"><strong>Kup nasz profesjonalny sejf<\/strong><\/h3>\n\n\n\n<p>Chro\u0144 swoje klucze przed w\u0142amywaczami, kupuj\u0105c nasz sejf depozytowy. Dzi\u0119ki naszemu solidnemu stalowemu sejfowi z wygodnym k\u00f3\u0142kiem depozytowym Twoje klucze s\u0105 doskonale zabezpieczone. Ponadto sejf depozytowy u\u0142atwia zarz\u0105dzanie wieloma kluczami, gromadz\u0105c je w jednym bezpiecznym miejscu. Popro\u015b o wycen\u0119 za po\u015brednictwem <a href=\"http:\/\/keybox.nl\/pl\/contact\/\">nasz formularz kontaktowy<\/a> lub natychmiast wybra\u0107 sejf depozytowy do zam\u00f3wienia w naszym sklepie internetowym. Na \u017cyczenie mo\u017cliwe jest r\u00f3wnie\u017c odwiedzenie naszej firmy w Bussum.<\/p>\n\n\n\n<h2 class=\"wp-block-heading alignwide has-text-align-left form-titel\"><strong>Masz pytania dotycz\u0105ce bezpiecze\u0144stwa?<\/strong><\/h2>\n\n\n<div class=\"wp-block-jetpack-contact-form alignwide is-layout-flex wp-container-jetpack-contact-form-is-layout-2b4208ba wp-block-jetpack-contact-form-is-layout-flex\"><a href=\"https:\/\/keybox.nl\/pl\/afstortkluis-bestellen\/\" target=\"_blank\" rel=\"noopener noreferrer\">Prze\u015blij formularz.<\/a><\/div>\n\n\n<p><\/p>","protected":false},"excerpt":{"rendered":"<p>\u2713 Gebruiksvriendelijk \u2713 Bestendig en veilig \u2713 Diverse modellen Een afstortkluis is een ideale keuze om te bestellen wanneer u in uw bedrijf sleutels of andere kleine voorwerpen veilig wilt opbergen. Onze kluizen zijn dankzij het slimme afstortsysteem en de muren van massief staal uitstekend bestand tegen diefstal. Wij bieden diverse soorten afstortkluizen aan, waardoor [&hellip;]<\/p>\n","protected":false},"author":1,"featured_media":0,"parent":0,"menu_order":0,"comment_status":"closed","ping_status":"closed","template":"template-fullwidth.php","meta":{"footnotes":""},"class_list":["post-540","page","type-page","status-publish","hentry"],"yoast_head":"<!-- This site is optimized with the Yoast SEO plugin v27.4 - https:\/\/yoast.com\/product\/yoast-seo-wordpress\/ -->\n<title>Een volledig veilige afstortkluis bestellen -<\/title>\n<meta name=\"description\" content=\"Een professionele afstortkluis voor uw bedrijf kunt u bij onze firma bestellen. Ontdek ons aanbod aan kluizen en vraag een vrijblijvende offerte aan!\" \/>\n<meta name=\"robots\" content=\"index, follow, max-snippet:-1, max-image-preview:large, max-video-preview:-1\" \/>\n<link rel=\"canonical\" href=\"https:\/\/keybox.nl\/pl\/afstortkluis-bestellen\/\" \/>\n<meta property=\"og:locale\" content=\"pl_PL\" \/>\n<meta property=\"og:type\" content=\"article\" \/>\n<meta property=\"og:title\" content=\"Een volledig veilige afstortkluis bestellen -\" \/>\n<meta property=\"og:description\" content=\"Een professionele afstortkluis voor uw bedrijf kunt u bij onze firma bestellen. Ontdek ons aanbod aan kluizen en vraag een vrijblijvende offerte aan!\" \/>\n<meta property=\"og:url\" content=\"https:\/\/keybox.nl\/pl\/afstortkluis-bestellen\/\" \/>\n<meta property=\"article:modified_time\" content=\"2023-07-25T09:13:19+00:00\" \/>\n<meta property=\"og:image\" content=\"http:\/\/keybox.nl\/wp-content\/uploads\/2021\/12\/KSB103-KSB005-4-scaled.jpg\" \/>\n<meta name=\"twitter:card\" content=\"summary_large_image\" \/>\n<meta name=\"twitter:label1\" content=\"Szacowany czas czytania\" \/>\n\t<meta name=\"twitter:data1\" content=\"3 minuty\" \/>\n<script type=\"application\/ld+json\" class=\"yoast-schema-graph\">{\"@context\":\"https:\\\/\\\/schema.org\",\"@graph\":[{\"@type\":\"WebPage\",\"@id\":\"https:\\\/\\\/keybox.nl\\\/afstortkluis-bestellen\\\/\",\"url\":\"https:\\\/\\\/keybox.nl\\\/afstortkluis-bestellen\\\/\",\"name\":\"Een volledig veilige afstortkluis bestellen -\",\"isPartOf\":{\"@id\":\"https:\\\/\\\/keybox.nl\\\/#website\"},\"primaryImageOfPage\":{\"@id\":\"https:\\\/\\\/keybox.nl\\\/afstortkluis-bestellen\\\/#primaryimage\"},\"image\":{\"@id\":\"https:\\\/\\\/keybox.nl\\\/afstortkluis-bestellen\\\/#primaryimage\"},\"thumbnailUrl\":\"http:\\\/\\\/keybox.nl\\\/wp-content\\\/uploads\\\/2021\\\/12\\\/KSB103-KSB005-4-scaled.jpg\",\"datePublished\":\"2022-03-11T10:24:18+00:00\",\"dateModified\":\"2023-07-25T09:13:19+00:00\",\"description\":\"Een professionele afstortkluis voor uw bedrijf kunt u bij onze firma bestellen. Ontdek ons aanbod aan kluizen en vraag een vrijblijvende offerte aan!\",\"breadcrumb\":{\"@id\":\"https:\\\/\\\/keybox.nl\\\/afstortkluis-bestellen\\\/#breadcrumb\"},\"inLanguage\":\"pl-PL\",\"potentialAction\":[{\"@type\":\"ReadAction\",\"target\":[\"https:\\\/\\\/keybox.nl\\\/afstortkluis-bestellen\\\/\"]}]},{\"@type\":\"ImageObject\",\"inLanguage\":\"pl-PL\",\"@id\":\"https:\\\/\\\/keybox.nl\\\/afstortkluis-bestellen\\\/#primaryimage\",\"url\":\"http:\\\/\\\/keybox.nl\\\/wp-content\\\/uploads\\\/2021\\\/12\\\/KSB103-KSB005-4-scaled.jpg\",\"contentUrl\":\"http:\\\/\\\/keybox.nl\\\/wp-content\\\/uploads\\\/2021\\\/12\\\/KSB103-KSB005-4-scaled.jpg\"},{\"@type\":\"BreadcrumbList\",\"@id\":\"https:\\\/\\\/keybox.nl\\\/afstortkluis-bestellen\\\/#breadcrumb\",\"itemListElement\":[{\"@type\":\"ListItem\",\"position\":1,\"name\":\"Home\",\"item\":\"https:\\\/\\\/keybox.nl\\\/\"},{\"@type\":\"ListItem\",\"position\":2,\"name\":\"Afstortkluis bestellen\"}]},{\"@type\":\"WebSite\",\"@id\":\"https:\\\/\\\/keybox.nl\\\/#website\",\"url\":\"https:\\\/\\\/keybox.nl\\\/\",\"name\":\"\",\"description\":\"\",\"potentialAction\":[{\"@type\":\"SearchAction\",\"target\":{\"@type\":\"EntryPoint\",\"urlTemplate\":\"https:\\\/\\\/keybox.nl\\\/?s={search_term_string}\"},\"query-input\":{\"@type\":\"PropertyValueSpecification\",\"valueRequired\":true,\"valueName\":\"search_term_string\"}}],\"inLanguage\":\"pl-PL\"}]}<\/script>\n<!-- \/ Yoast SEO plugin. -->","yoast_head_json":{"title":"Zamawianie w pe\u0142ni bezpiecznego sejfu depozytowego -","description":"W naszej firmie mo\u017cesz zam\u00f3wi\u0107 profesjonalny sejf depozytowy dla swojej firmy. Odkryj nasz\u0105 ofert\u0119 sejf\u00f3w i popro\u015b o niezobowi\u0105zuj\u0105c\u0105 wycen\u0119!","robots":{"index":"index","follow":"follow","max-snippet":"max-snippet:-1","max-image-preview":"max-image-preview:large","max-video-preview":"max-video-preview:-1"},"canonical":"https:\/\/keybox.nl\/pl\/afstortkluis-bestellen\/","og_locale":"pl_PL","og_type":"article","og_title":"Een volledig veilige afstortkluis bestellen -","og_description":"Een professionele afstortkluis voor uw bedrijf kunt u bij onze firma bestellen. Ontdek ons aanbod aan kluizen en vraag een vrijblijvende offerte aan!","og_url":"https:\/\/keybox.nl\/pl\/afstortkluis-bestellen\/","article_modified_time":"2023-07-25T09:13:19+00:00","og_image":[{"url":"http:\/\/keybox.nl\/wp-content\/uploads\/2021\/12\/KSB103-KSB005-4-scaled.jpg","type":"","width":"","height":""}],"twitter_card":"summary_large_image","twitter_misc":{"Szacowany czas czytania":"3 minuty"},"schema":{"@context":"https:\/\/schema.org","@graph":[{"@type":"WebPage","@id":"https:\/\/keybox.nl\/afstortkluis-bestellen\/","url":"https:\/\/keybox.nl\/afstortkluis-bestellen\/","name":"Zamawianie w pe\u0142ni bezpiecznego sejfu depozytowego -","isPartOf":{"@id":"https:\/\/keybox.nl\/#website"},"primaryImageOfPage":{"@id":"https:\/\/keybox.nl\/afstortkluis-bestellen\/#primaryimage"},"image":{"@id":"https:\/\/keybox.nl\/afstortkluis-bestellen\/#primaryimage"},"thumbnailUrl":"http:\/\/keybox.nl\/wp-content\/uploads\/2021\/12\/KSB103-KSB005-4-scaled.jpg","datePublished":"2022-03-11T10:24:18+00:00","dateModified":"2023-07-25T09:13:19+00:00","description":"W naszej firmie mo\u017cesz zam\u00f3wi\u0107 profesjonalny sejf depozytowy dla swojej firmy. Odkryj nasz\u0105 ofert\u0119 sejf\u00f3w i popro\u015b o niezobowi\u0105zuj\u0105c\u0105 wycen\u0119!","breadcrumb":{"@id":"https:\/\/keybox.nl\/afstortkluis-bestellen\/#breadcrumb"},"inLanguage":"pl-PL","potentialAction":[{"@type":"ReadAction","target":["https:\/\/keybox.nl\/afstortkluis-bestellen\/"]}]},{"@type":"ImageObject","inLanguage":"pl-PL","@id":"https:\/\/keybox.nl\/afstortkluis-bestellen\/#primaryimage","url":"http:\/\/keybox.nl\/wp-content\/uploads\/2021\/12\/KSB103-KSB005-4-scaled.jpg","contentUrl":"http:\/\/keybox.nl\/wp-content\/uploads\/2021\/12\/KSB103-KSB005-4-scaled.jpg"},{"@type":"BreadcrumbList","@id":"https:\/\/keybox.nl\/afstortkluis-bestellen\/#breadcrumb","itemListElement":[{"@type":"ListItem","position":1,"name":"Home","item":"https:\/\/keybox.nl\/"},{"@type":"ListItem","position":2,"name":"Afstortkluis bestellen"}]},{"@type":"WebSite","@id":"https:\/\/keybox.nl\/#website","url":"https:\/\/keybox.nl\/","name":"","description":"","potentialAction":[{"@type":"SearchAction","target":{"@type":"EntryPoint","urlTemplate":"https:\/\/keybox.nl\/?s={search_term_string}"},"query-input":{"@type":"PropertyValueSpecification","valueRequired":true,"valueName":"search_term_string"}}],"inLanguage":"pl-PL"}]}},"jetpack-related-posts":[{"id":30,"url":"https:\/\/keybox.nl\/pl\/","url_meta":{"origin":540,"position":0},"title":"Zakup bezpiecznych szafek na klucze","author":"Keybox@beheermodule","date":"30 listopada 2021","format":false,"excerpt":"W Keybox.pl mo\u017cna kupi\u0107 mi\u0119dzy innymi solidny sejf lub bezpieczne sejfy na klucze. Oferujemy r\u00f3\u017cne rodzaje sejf\u00f3w; od subtelnych sejf\u00f3w na klucze po sejfy \u015bcienne z k\u00f3\u0142kiem depozytowym. U nas mo\u017cesz zam\u00f3wi\u0107 sejf do swojej firmy, ale tak\u017ce do domu. Dzi\u0119ki naszej szerokiej ofercie sejf\u00f3w na klucze,...","rel":"","context":"Z 1 komentarzem","block_context":{"text":"Z 1 komentarzem","link":"https:\/\/keybox.nl\/pl\/#comments"},"img":{"alt_text":"","src":"","width":0,"height":0},"classes":[]},{"id":550,"url":"https:\/\/keybox.nl\/pl\/sleutelkastjes-met-code-kopen\/","url_meta":{"origin":540,"position":1},"title":"Kup szafki na kody","author":"Keybox@beheermodule","date":"11 marca 2022","format":false,"excerpt":"Kup bezpieczne szafki na klucze z kodem w sklepie internetowym! \u2713 Przyjazne dla u\u017cytkownika \u2713 Odporne i bezpieczne \u2713 R\u00f3\u017cne modele Keybox.pl to strona internetowa, na kt\u00f3rej mo\u017cna kupi\u0107 wysokiej jako\u015bci szafki na klucze z kodem. W naszych szafkach mo\u017cna \u0142atwo zarz\u0105dza\u0107 nawet siedmioma kluczami. Istnieje wiele opcji, kt\u00f3re mo\u017cna dostosowa\u0107 do w\u0142asnych potrzeb....","rel":"","context":"Podobny wpis","block_context":{"text":"Podobny wpis","link":""},"img":{"alt_text":"","src":"https:\/\/i0.wp.com\/keybox.nl\/wp-content\/uploads\/2022\/02\/Digibox-7-haken-Keybox-e1645195424393.jpg?resize=350%2C200&ssl=1","width":350,"height":200},"classes":[]},{"id":558,"url":"https:\/\/keybox.nl\/pl\/cijferslot-kluis-bestellen\/","url_meta":{"origin":540,"position":2},"title":"Zamawianie sejfu z zamkiem szyfrowym","author":"Keybox@beheermodule","date":"11 marca 2022","format":false,"excerpt":"Zam\u00f3w sejf z zamkiem szyfrowym w sklepie internetowym! \u0141atwy w u\u017cyciu \u2713 Odporny i bezpieczny \u2713 R\u00f3\u017cne modele Zamek szyfrowy w sejfie to dobry wyb\u00f3r, gdy chcesz zam\u00f3wi\u0107 sejf. Zamek szyfrowy zapewnia doskona\u0142e bezpiecze\u0144stwo kosztowno\u015bci, poniewa\u017c kod numeryczny jest trudny do z\u0142amania. To...","rel":"","context":"Podobny wpis","block_context":{"text":"Podobny wpis","link":""},"img":{"alt_text":"Digibox Ral 5010 Keybox","src":"https:\/\/i0.wp.com\/keybox.nl\/wp-content\/uploads\/2022\/02\/digibox-keybox-RAL-5010.jpg?resize=350%2C200&ssl=1","width":350,"height":200,"srcset":"https:\/\/i0.wp.com\/keybox.nl\/wp-content\/uploads\/2022\/02\/digibox-keybox-RAL-5010.jpg?resize=350%2C200&ssl=1 1x, https:\/\/i0.wp.com\/keybox.nl\/wp-content\/uploads\/2022\/02\/digibox-keybox-RAL-5010.jpg?resize=525%2C300&ssl=1 1.5x, https:\/\/i0.wp.com\/keybox.nl\/wp-content\/uploads\/2022\/02\/digibox-keybox-RAL-5010.jpg?resize=700%2C400&ssl=1 2x, https:\/\/i0.wp.com\/keybox.nl\/wp-content\/uploads\/2022\/02\/digibox-keybox-RAL-5010.jpg?resize=1050%2C600&ssl=1 3x, https:\/\/i0.wp.com\/keybox.nl\/wp-content\/uploads\/2022\/02\/digibox-keybox-RAL-5010.jpg?resize=1400%2C800&ssl=1 4x"},"classes":[]},{"id":1510,"url":"https:\/\/keybox.nl\/pl\/geldkluis-bestellen\/","url_meta":{"origin":540,"position":3},"title":"Zam\u00f3w sejf na pieni\u0105dze","author":"Keybox@beheermodule","date":"20 lipca 2023","format":false,"excerpt":"Zam\u00f3w sejf na pieni\u0105dze w sklepie internetowym! Przyjazny dla u\u017cytkownika \u2713 Odporny i bezpieczny \u2713 R\u00f3\u017cne modele Chcesz zam\u00f3wi\u0107 sejf na pieni\u0105dze? W takim razie Keybox.pl to strona, kt\u00f3rej szukasz. Oferujemy sejfy szczeg\u00f3lnie wysokiej jako\u015bci. Nasze sejfy s\u0105 kompaktowe, wi\u0119c nie rzucaj\u0105 si\u0119 w oczy. Ponadto s\u0105 w pe\u0142ni odporne na w\u0142amania i...","rel":"","context":"Podobny wpis","block_context":{"text":"Podobny wpis","link":""},"img":{"alt_text":"","src":"https:\/\/i0.wp.com\/keybox.nl\/wp-content\/uploads\/2021\/12\/KSB_102_1-e1638478691321.jpg?resize=350%2C200&ssl=1","width":350,"height":200,"srcset":"https:\/\/i0.wp.com\/keybox.nl\/wp-content\/uploads\/2021\/12\/KSB_102_1-e1638478691321.jpg?resize=350%2C200&ssl=1 1x, https:\/\/i0.wp.com\/keybox.nl\/wp-content\/uploads\/2021\/12\/KSB_102_1-e1638478691321.jpg?resize=525%2C300&ssl=1 1.5x, https:\/\/i0.wp.com\/keybox.nl\/wp-content\/uploads\/2021\/12\/KSB_102_1-e1638478691321.jpg?resize=700%2C400&ssl=1 2x"},"classes":[]},{"id":1509,"url":"https:\/\/keybox.nl\/pl\/digitaal-sleutelbeheersysteem\/","url_meta":{"origin":540,"position":4},"title":"cyfrowy system zarz\u0105dzania kluczami","author":"Keybox@beheermodule","date":"20 lipca 2023","format":false,"excerpt":"Cyfrowy system zarz\u0105dzania kluczami W sklepie internetowym! Przyjazny dla u\u017cytkownika \u2713 Odporny i bezpieczny \u2713 R\u00f3\u017cne modele Jeste\u015b zainteresowany cyfrowym systemem zarz\u0105dzania kluczami? W takim razie nasza skrzynka Digibox z siedmioma haczykami na klucze jest dok\u0142adnie tym, czego szukasz. Dzi\u0119ki temu pomys\u0142owemu systemowi mo\u017cesz bezpiecznie i precyzyjnie zarz\u0105dza\u0107 kluczami w swojej firmie....","rel":"","context":"Podobny wpis","block_context":{"text":"Podobny wpis","link":""},"img":{"alt_text":"Digibox Ral 5010 Keybox","src":"https:\/\/i0.wp.com\/keybox.nl\/wp-content\/uploads\/2022\/02\/digibox-keybox-RAL-5010.jpg?resize=350%2C200&ssl=1","width":350,"height":200,"srcset":"https:\/\/i0.wp.com\/keybox.nl\/wp-content\/uploads\/2022\/02\/digibox-keybox-RAL-5010.jpg?resize=350%2C200&ssl=1 1x, https:\/\/i0.wp.com\/keybox.nl\/wp-content\/uploads\/2022\/02\/digibox-keybox-RAL-5010.jpg?resize=525%2C300&ssl=1 1.5x, https:\/\/i0.wp.com\/keybox.nl\/wp-content\/uploads\/2022\/02\/digibox-keybox-RAL-5010.jpg?resize=700%2C400&ssl=1 2x, https:\/\/i0.wp.com\/keybox.nl\/wp-content\/uploads\/2022\/02\/digibox-keybox-RAL-5010.jpg?resize=1050%2C600&ssl=1 3x, https:\/\/i0.wp.com\/keybox.nl\/wp-content\/uploads\/2022\/02\/digibox-keybox-RAL-5010.jpg?resize=1400%2C800&ssl=1 4x"},"classes":[]},{"id":1528,"url":"https:\/\/keybox.nl\/pl\/elektronische-sleutelkluis-kopen\/","url_meta":{"origin":540,"position":5},"title":"klucz elektroniczny safe-buy","author":"Keybox@beheermodule","date":"20 lipca 2023","format":false,"excerpt":"Kup elektroniczny sejf na klucze w sklepie internetowym! Przyjazny dla u\u017cytkownika \u2713 Odporny i bezpieczny \u2713 R\u00f3\u017cne modele Zakup elektronicznego sejfu na klucze to pierwszy krok do zapewnienia bezpiecze\u0144stwa firmy lub domu. Keybox.pl oferuje rozwi\u0105zanie, kt\u00f3re idealnie pasuje do Twoich potrzeb. Te sejfy...","rel":"","context":"Podobny wpis","block_context":{"text":"Podobny wpis","link":""},"img":{"alt_text":"","src":"https:\/\/i0.wp.com\/keybox.nl\/wp-content\/uploads\/2023\/02\/Keysafe-Big-Pro-sleutelkastje_keybox.jpeg?resize=350%2C200&ssl=1","width":350,"height":200,"srcset":"https:\/\/i0.wp.com\/keybox.nl\/wp-content\/uploads\/2023\/02\/Keysafe-Big-Pro-sleutelkastje_keybox.jpeg?resize=350%2C200&ssl=1 1x, https:\/\/i0.wp.com\/keybox.nl\/wp-content\/uploads\/2023\/02\/Keysafe-Big-Pro-sleutelkastje_keybox.jpeg?resize=525%2C300&ssl=1 1.5x, https:\/\/i0.wp.com\/keybox.nl\/wp-content\/uploads\/2023\/02\/Keysafe-Big-Pro-sleutelkastje_keybox.jpeg?resize=700%2C400&ssl=1 2x"},"classes":[]}],"jetpack_sharing_enabled":true,"_links":{"self":[{"href":"https:\/\/keybox.nl\/pl\/wp-json\/wp\/v2\/pages\/540","targetHints":{"allow":["GET"]}}],"collection":[{"href":"https:\/\/keybox.nl\/pl\/wp-json\/wp\/v2\/pages"}],"about":[{"href":"https:\/\/keybox.nl\/pl\/wp-json\/wp\/v2\/types\/page"}],"author":[{"embeddable":true,"href":"https:\/\/keybox.nl\/pl\/wp-json\/wp\/v2\/users\/1"}],"replies":[{"embeddable":true,"href":"https:\/\/keybox.nl\/pl\/wp-json\/wp\/v2\/comments?post=540"}],"version-history":[{"count":4,"href":"https:\/\/keybox.nl\/pl\/wp-json\/wp\/v2\/pages\/540\/revisions"}],"predecessor-version":[{"id":1640,"href":"https:\/\/keybox.nl\/pl\/wp-json\/wp\/v2\/pages\/540\/revisions\/1640"}],"wp:attachment":[{"href":"https:\/\/keybox.nl\/pl\/wp-json\/wp\/v2\/media?parent=540"}],"curies":[{"name":"wp","href":"https:\/\/api.w.org\/{rel}","templated":true}]}}