{"id":538,"date":"2022-03-11T10:20:05","date_gmt":"2022-03-11T10:20:05","guid":{"rendered":"http:\/\/keybox.nl\/?page_id=538"},"modified":"2023-07-25T09:01:19","modified_gmt":"2023-07-25T09:01:19","slug":"kluis-kopen-voor-thuis","status":"publish","type":"page","link":"https:\/\/keybox.nl\/pl\/kluis-kopen-voor-thuis\/","title":{"rendered":"Kup sejf do domu"},"content":{"rendered":"<div class=\"wp-block-cover alignfull\" style=\"min-height:200px;aspect-ratio:unset;\"><span aria-hidden=\"true\" class=\"wp-block-cover__background has-background-dim-60 has-background-dim\"><\/span><img decoding=\"async\" width=\"1920\" height=\"2560\" class=\"wp-block-cover__image-background wp-image-126\" alt=\"Kluis\" src=\"http:\/\/keybox.nl\/wp-content\/uploads\/2021\/12\/KSB103-KSB005-4-scaled.jpg\" style=\"object-position:50% 50%\" data-object-fit=\"cover\" data-object-position=\"50% 50%\" srcset=\"https:\/\/keybox.nl\/wp-content\/uploads\/2021\/12\/KSB103-KSB005-4-scaled.jpg 1920w, https:\/\/keybox.nl\/wp-content\/uploads\/2021\/12\/KSB103-KSB005-4-416x555.jpg 416w, https:\/\/keybox.nl\/wp-content\/uploads\/2021\/12\/KSB103-KSB005-4-225x300.jpg 225w, https:\/\/keybox.nl\/wp-content\/uploads\/2021\/12\/KSB103-KSB005-4-768x1024.jpg 768w, https:\/\/keybox.nl\/wp-content\/uploads\/2021\/12\/KSB103-KSB005-4-1152x1536.jpg 1152w, https:\/\/keybox.nl\/wp-content\/uploads\/2021\/12\/KSB103-KSB005-4-1536x2048.jpg 1536w, https:\/\/keybox.nl\/wp-content\/uploads\/2021\/12\/KSB103-KSB005-4-1320x1760.jpg 1320w\" sizes=\"(max-width: 1920px) 100vw, 1920px\" \/><div class=\"wp-block-cover__inner-container is-layout-flow wp-block-cover-is-layout-flow\">\n<h1 class=\"wp-block-heading alignwide has-text-align-left has-white-color has-text-color\" style=\"font-size:40px\">Zakup odpornego sejfu do domu<\/h1>\n\n\n\n<div class=\"wp-block-columns alignwide is-layout-flex wp-container-core-columns-is-layout-28f84493 wp-block-columns-is-layout-flex\">\n<div class=\"wp-block-column is-layout-flow wp-block-column-is-layout-flow\" style=\"flex-basis:55%\">\n<div class=\"wp-block-buttons is-layout-flex wp-block-buttons-is-layout-flex\">\n<div class=\"wp-block-button cta-knop alignleft\"><a class=\"wp-block-button__link has-black-color has-white-background-color has-text-color has-background wp-element-button\" href=\"http:\/\/keybox.nl\/pl\/\">Do sklepu internetowego!<\/a><\/div>\n<\/div>\n<\/div>\n<\/div>\n<\/div><\/div>\n\n\n\n<div style=\"height:50px\" aria-hidden=\"true\" class=\"wp-block-spacer\"><\/div>\n\n\n\n<div class=\"wp-block-group alignfull is-content-justification-center is-layout-flex wp-container-core-group-is-layout-81a7f686 wp-block-group-is-layout-flex\">\n<p class=\"usps has-normal-font-size\">Przyjazny dla u\u017cytkownika<\/p>\n\n\n\n<p>Odporno\u015b\u0107 i bezpiecze\u0144stwo<\/p>\n\n\n\n<p>R\u00f3\u017cne modele<\/p>\n<\/div>\n\n\n\n<style>\nh1.entry-title {\ndisplay: none;\n}\n\n.cta-knop {\nmargin-left: 35px !important;\n}\n\n.cta-knop:hover {\nopacity: 0.75;\n}\n\n@media only screen and (max-width: 1064px) {\n.cta-knop {\nmargin-left: 0px !important;\n}\n\n.wp-block-group.alignfull {\n    display: flex;\n    flex-direction: column;\n}\n}\n<\/style>\n\n\n\n<div style=\"height:100px\" aria-hidden=\"true\" class=\"wp-block-spacer\"><\/div>\n\n\n\n<p class=\"has-text-align-left align-left has-black-color has-text-color has-normal-font-size\">Chcesz kupi\u0107 por\u0119czny sejf domowy? W takim razie Keybox.pl ma to, czego szukasz. Sejfy domowe s\u0105 nieco mniejsze i nie wymagaj\u0105 rozleg\u0142ej instalacji, co czyni je idealnymi do u\u017cytku prywatnego. Chro\u0144 swoje klucze przed kradzie\u017c\u0105 za pomoc\u0105 odpornego sejfu. Oferujemy mi\u0119dzy innymi sejfy z miejscem do przechowywania kilku kluczy.<\/p>\n\n\n\n<div style=\"height:100px\" aria-hidden=\"true\" class=\"wp-block-spacer\"><\/div>\n\n\n\n<div class=\"wp-block-group is-content-justification-center is-layout-flex wp-container-core-group-is-layout-81a7f686 wp-block-group-is-layout-flex\">\n<div class=\"wp-block-media-text alignwide is-stacked-on-mobile is-vertically-aligned-center\" style=\"grid-template-columns:40% auto\"><figure class=\"wp-block-media-text__media\"><img decoding=\"async\" width=\"768\" height=\"1024\" src=\"http:\/\/keybox.nl\/wp-content\/uploads\/2022\/01\/KSB007-inner-safe-2-768x1024.jpg\" alt=\"\" class=\"wp-image-262 size-full\"\/><\/figure><div class=\"wp-block-media-text__content\">\n<h2 class=\"wp-block-heading has-text-color\" style=\"color:#000000;font-size:32px\">Zakup sejfu na kosztowno\u015bci w domu<\/h2>\n\n\n\n<p class=\"has-text-color has-normal-font-size\" style=\"color:#000000\">Z nami mo\u017cesz <a href=\"http:\/\/keybox.nl\/pl\/\">Kup bezpieczne skrzynki na klucze<\/a>. Oferujemy r\u00f3\u017cne wzory z r\u00f3\u017cnymi rodzajami zamk\u00f3w. Na przyk\u0142ad <a href=\"http:\/\/keybox.nl\/pl\/sleutelkastjes-met-code-kopen\/\">Kup szafki na klucze z kodem<\/a> aby zabezpieczy\u0107 klucze. Ponadto oferujemy <a href=\"http:\/\/keybox.nl\/pl\/brandkluis-voor-thuis\/\">Sejfy przeciwpo\u017carowe dla domu<\/a> do. Oba rodzaje sejf\u00f3w s\u0105 niezwykle przyjazne dla u\u017cytkownika i \u0142atwe w instalacji. Co wi\u0119cej, posiadamy w\u0142asny zesp\u00f3\u0142 monta\u017cowy i instalacyjny, wi\u0119c nie musisz bra\u0107 tego na siebie! Dost\u0119pne s\u0105 zar\u00f3wno sejfy z miejscem na kilka kluczy, jak i ma\u0142e modele na jedn\u0105 par\u0119 kluczy. W naszym szerokim asortymencie z pewno\u015bci\u0105 znajdziesz idealny sejf do swojego domu.<\/p>\n<\/div><\/div>\n<\/div>\n\n\n\n<div style=\"height:100px\" aria-hidden=\"true\" class=\"wp-block-spacer\"><\/div>\n\n\n\n<h2 class=\"wp-block-heading has-text-align-center\"><strong>Chcesz kupi\u0107 u nas sejf do swojego domu?<\/strong><\/h2>\n\n\n\n<div class=\"wp-block-buttons is-content-justification-center is-layout-flex wp-container-core-buttons-is-layout-a89b3969 wp-block-buttons-is-layout-flex\">\n<div class=\"wp-block-button is-style-outline is-style-outline--1\"><a class=\"wp-block-button__link wp-element-button\" href=\"http:\/\/keybox.nl\/pl\/\">Zobacz sklep internetowy<\/a><\/div>\n<\/div>\n\n\n\n<div style=\"height:100px\" aria-hidden=\"true\" class=\"wp-block-spacer\"><\/div>\n\n\n\n<div class=\"wp-block-group is-content-justification-center is-layout-flex wp-container-core-group-is-layout-81a7f686 wp-block-group-is-layout-flex\">\n<div class=\"wp-block-media-text alignwide has-media-on-the-right is-stacked-on-mobile is-vertically-aligned-center\" style=\"grid-template-columns:auto 30%\"><div class=\"wp-block-media-text__content\">\n<h3 class=\"wp-block-heading has-text-color\" style=\"color:#000000;font-size:32px\"><strong>Zam\u00f3w bezpieczne przechowywanie<\/strong><\/h3>\n\n\n\n<p class=\"has-text-color has-normal-font-size\" style=\"color:#000000\">Kupuj\u0105c sejf na klucze i inne cenne przedmioty, chronisz je nawet wtedy, gdy nie ma Ci\u0119 w domu. Wybierz model, kt\u00f3ry Ci odpowiada i zam\u00f3w! Czy chcia\u0142by\u015b nasz <a href=\"http:\/\/keybox.nl\/pl\/inbraakwerende-kluis-kopen\/\">sejfy antyw\u0142amaniowe<\/a> zobaczy\u0107 go na \u017cywo przed dokonaniem wyboru? W takim razie we\u017a <a href=\"http:\/\/keybox.nl\/pl\/contact\/\">skontaktuj si\u0119 z nami<\/a> aby um\u00f3wi\u0107 si\u0119 na spotkanie w naszym salonie w Bussum.<\/p>\n<\/div><figure class=\"wp-block-media-text__media\"><img decoding=\"async\" width=\"600\" height=\"800\" src=\"http:\/\/keybox.nl\/wp-content\/uploads\/2021\/12\/Extra-Armor-KSB.jpg\" alt=\"Kluis los\" class=\"wp-image-103 size-full\" srcset=\"https:\/\/keybox.nl\/wp-content\/uploads\/2021\/12\/Extra-Armor-KSB.jpg 600w, https:\/\/keybox.nl\/wp-content\/uploads\/2021\/12\/Extra-Armor-KSB-416x555.jpg 416w, https:\/\/keybox.nl\/wp-content\/uploads\/2021\/12\/Extra-Armor-KSB-225x300.jpg 225w\" sizes=\"(max-width: 600px) 100vw, 600px\" \/><\/figure><\/div>\n<\/div>\n\n\n\n<div style=\"height:50px\" aria-hidden=\"true\" class=\"wp-block-spacer\"><\/div>\n\n\n\n<h2 class=\"wp-block-heading alignwide has-text-align-left form-titel\"><strong>Masz pytania dotycz\u0105ce bezpiecze\u0144stwa?<\/strong><\/h2>\n\n\n<div class=\"wp-block-jetpack-contact-form alignwide is-layout-flex wp-container-jetpack-contact-form-is-layout-2b4208ba wp-block-jetpack-contact-form-is-layout-flex\"><a href=\"https:\/\/keybox.nl\/pl\/kluis-kopen-voor-thuis\/\" target=\"_blank\" rel=\"noopener noreferrer\">Prze\u015blij formularz.<\/a><\/div>\n\n\n<p><\/p>","protected":false},"excerpt":{"rendered":"<p>\u2713 Gebruiksvriendelijk \u2713 Bestendig en veilig \u2713 Diverse modellen Wilt u graag een handige kluis kopen voor thuis? Dan heeft Keybox.nl wat u zoekt. Kluisjes voor thuis zijn wat kleiner en vergen geen uitgebreide installatie, waardoor ze ideaal zijn voor particulier gebruik. Bescherm uw sleutels tegen diefstal met een bestendige kluis. Wij bieden onder andere [&hellip;]<\/p>\n","protected":false},"author":1,"featured_media":0,"parent":0,"menu_order":0,"comment_status":"closed","ping_status":"closed","template":"template-fullwidth.php","meta":{"footnotes":""},"class_list":["post-538","page","type-page","status-publish","hentry"],"yoast_head":"<!-- This site is optimized with the Yoast SEO plugin v27.4 - https:\/\/yoast.com\/product\/yoast-seo-wordpress\/ -->\n<title>Een veilige kluis kopen voor thuis -<\/title>\n<meta name=\"description\" content=\"Bij onze firma kunt u een kluis kopen die geschikt is voor thuis. Bestel een model dat perfect bij u past of neem contact met ons op voor advies.\" \/>\n<meta name=\"robots\" content=\"index, follow, max-snippet:-1, max-image-preview:large, max-video-preview:-1\" \/>\n<link rel=\"canonical\" href=\"https:\/\/keybox.nl\/pl\/kluis-kopen-voor-thuis\/\" \/>\n<meta property=\"og:locale\" content=\"pl_PL\" \/>\n<meta property=\"og:type\" content=\"article\" \/>\n<meta property=\"og:title\" content=\"Een veilige kluis kopen voor thuis -\" \/>\n<meta property=\"og:description\" content=\"Bij onze firma kunt u een kluis kopen die geschikt is voor thuis. Bestel een model dat perfect bij u past of neem contact met ons op voor advies.\" \/>\n<meta property=\"og:url\" content=\"https:\/\/keybox.nl\/pl\/kluis-kopen-voor-thuis\/\" \/>\n<meta property=\"article:modified_time\" content=\"2023-07-25T09:01:19+00:00\" \/>\n<meta property=\"og:image\" content=\"http:\/\/keybox.nl\/wp-content\/uploads\/2021\/12\/KSB103-KSB005-4-scaled.jpg\" \/>\n<meta name=\"twitter:card\" content=\"summary_large_image\" \/>\n<meta name=\"twitter:label1\" content=\"Szacowany czas czytania\" \/>\n\t<meta name=\"twitter:data1\" content=\"2 minuty\" \/>\n<script type=\"application\/ld+json\" class=\"yoast-schema-graph\">{\"@context\":\"https:\\\/\\\/schema.org\",\"@graph\":[{\"@type\":\"WebPage\",\"@id\":\"https:\\\/\\\/keybox.nl\\\/kluis-kopen-voor-thuis\\\/\",\"url\":\"https:\\\/\\\/keybox.nl\\\/kluis-kopen-voor-thuis\\\/\",\"name\":\"Een veilige kluis kopen voor thuis -\",\"isPartOf\":{\"@id\":\"https:\\\/\\\/keybox.nl\\\/#website\"},\"primaryImageOfPage\":{\"@id\":\"https:\\\/\\\/keybox.nl\\\/kluis-kopen-voor-thuis\\\/#primaryimage\"},\"image\":{\"@id\":\"https:\\\/\\\/keybox.nl\\\/kluis-kopen-voor-thuis\\\/#primaryimage\"},\"thumbnailUrl\":\"http:\\\/\\\/keybox.nl\\\/wp-content\\\/uploads\\\/2021\\\/12\\\/KSB103-KSB005-4-scaled.jpg\",\"datePublished\":\"2022-03-11T10:20:05+00:00\",\"dateModified\":\"2023-07-25T09:01:19+00:00\",\"description\":\"Bij onze firma kunt u een kluis kopen die geschikt is voor thuis. Bestel een model dat perfect bij u past of neem contact met ons op voor advies.\",\"breadcrumb\":{\"@id\":\"https:\\\/\\\/keybox.nl\\\/kluis-kopen-voor-thuis\\\/#breadcrumb\"},\"inLanguage\":\"pl-PL\",\"potentialAction\":[{\"@type\":\"ReadAction\",\"target\":[\"https:\\\/\\\/keybox.nl\\\/kluis-kopen-voor-thuis\\\/\"]}]},{\"@type\":\"ImageObject\",\"inLanguage\":\"pl-PL\",\"@id\":\"https:\\\/\\\/keybox.nl\\\/kluis-kopen-voor-thuis\\\/#primaryimage\",\"url\":\"http:\\\/\\\/keybox.nl\\\/wp-content\\\/uploads\\\/2021\\\/12\\\/KSB103-KSB005-4-scaled.jpg\",\"contentUrl\":\"http:\\\/\\\/keybox.nl\\\/wp-content\\\/uploads\\\/2021\\\/12\\\/KSB103-KSB005-4-scaled.jpg\"},{\"@type\":\"BreadcrumbList\",\"@id\":\"https:\\\/\\\/keybox.nl\\\/kluis-kopen-voor-thuis\\\/#breadcrumb\",\"itemListElement\":[{\"@type\":\"ListItem\",\"position\":1,\"name\":\"Home\",\"item\":\"https:\\\/\\\/keybox.nl\\\/\"},{\"@type\":\"ListItem\",\"position\":2,\"name\":\"Kluis kopen voor thuis\"}]},{\"@type\":\"WebSite\",\"@id\":\"https:\\\/\\\/keybox.nl\\\/#website\",\"url\":\"https:\\\/\\\/keybox.nl\\\/\",\"name\":\"\",\"description\":\"\",\"potentialAction\":[{\"@type\":\"SearchAction\",\"target\":{\"@type\":\"EntryPoint\",\"urlTemplate\":\"https:\\\/\\\/keybox.nl\\\/?s={search_term_string}\"},\"query-input\":{\"@type\":\"PropertyValueSpecification\",\"valueRequired\":true,\"valueName\":\"search_term_string\"}}],\"inLanguage\":\"pl-PL\"}]}<\/script>\n<!-- \/ Yoast SEO plugin. -->","yoast_head_json":{"title":"Zakup bezpiecznego sejfu do domu -","description":"W naszej firmie mo\u017cesz kupi\u0107 sejf odpowiedni dla Twojego domu. Zam\u00f3w model, kt\u00f3ry idealnie do Ciebie pasuje lub skontaktuj si\u0119 z nami w celu uzyskania porady.","robots":{"index":"index","follow":"follow","max-snippet":"max-snippet:-1","max-image-preview":"max-image-preview:large","max-video-preview":"max-video-preview:-1"},"canonical":"https:\/\/keybox.nl\/pl\/kluis-kopen-voor-thuis\/","og_locale":"pl_PL","og_type":"article","og_title":"Een veilige kluis kopen voor thuis -","og_description":"Bij onze firma kunt u een kluis kopen die geschikt is voor thuis. Bestel een model dat perfect bij u past of neem contact met ons op voor advies.","og_url":"https:\/\/keybox.nl\/pl\/kluis-kopen-voor-thuis\/","article_modified_time":"2023-07-25T09:01:19+00:00","og_image":[{"url":"http:\/\/keybox.nl\/wp-content\/uploads\/2021\/12\/KSB103-KSB005-4-scaled.jpg","type":"","width":"","height":""}],"twitter_card":"summary_large_image","twitter_misc":{"Szacowany czas czytania":"2 minuty"},"schema":{"@context":"https:\/\/schema.org","@graph":[{"@type":"WebPage","@id":"https:\/\/keybox.nl\/kluis-kopen-voor-thuis\/","url":"https:\/\/keybox.nl\/kluis-kopen-voor-thuis\/","name":"Zakup bezpiecznego sejfu do domu -","isPartOf":{"@id":"https:\/\/keybox.nl\/#website"},"primaryImageOfPage":{"@id":"https:\/\/keybox.nl\/kluis-kopen-voor-thuis\/#primaryimage"},"image":{"@id":"https:\/\/keybox.nl\/kluis-kopen-voor-thuis\/#primaryimage"},"thumbnailUrl":"http:\/\/keybox.nl\/wp-content\/uploads\/2021\/12\/KSB103-KSB005-4-scaled.jpg","datePublished":"2022-03-11T10:20:05+00:00","dateModified":"2023-07-25T09:01:19+00:00","description":"W naszej firmie mo\u017cesz kupi\u0107 sejf odpowiedni dla Twojego domu. Zam\u00f3w model, kt\u00f3ry idealnie do Ciebie pasuje lub skontaktuj si\u0119 z nami w celu uzyskania porady.","breadcrumb":{"@id":"https:\/\/keybox.nl\/kluis-kopen-voor-thuis\/#breadcrumb"},"inLanguage":"pl-PL","potentialAction":[{"@type":"ReadAction","target":["https:\/\/keybox.nl\/kluis-kopen-voor-thuis\/"]}]},{"@type":"ImageObject","inLanguage":"pl-PL","@id":"https:\/\/keybox.nl\/kluis-kopen-voor-thuis\/#primaryimage","url":"http:\/\/keybox.nl\/wp-content\/uploads\/2021\/12\/KSB103-KSB005-4-scaled.jpg","contentUrl":"http:\/\/keybox.nl\/wp-content\/uploads\/2021\/12\/KSB103-KSB005-4-scaled.jpg"},{"@type":"BreadcrumbList","@id":"https:\/\/keybox.nl\/kluis-kopen-voor-thuis\/#breadcrumb","itemListElement":[{"@type":"ListItem","position":1,"name":"Home","item":"https:\/\/keybox.nl\/"},{"@type":"ListItem","position":2,"name":"Kluis kopen voor thuis"}]},{"@type":"WebSite","@id":"https:\/\/keybox.nl\/#website","url":"https:\/\/keybox.nl\/","name":"","description":"","potentialAction":[{"@type":"SearchAction","target":{"@type":"EntryPoint","urlTemplate":"https:\/\/keybox.nl\/?s={search_term_string}"},"query-input":{"@type":"PropertyValueSpecification","valueRequired":true,"valueName":"search_term_string"}}],"inLanguage":"pl-PL"}]}},"jetpack-related-posts":[{"id":326,"url":"https:\/\/keybox.nl\/pl\/goedkope-kluis-kopen\/","url_meta":{"origin":538,"position":0},"title":"Kup tani sejf","author":"Keybox@beheermodule","date":"3 marca 2022","format":false,"excerpt":"Kup tani, wysokiej jako\u015bci sejf w sklepie internetowym! Przyjazny dla u\u017cytkownika \u2713 Odporny i bezpieczny \u2713 R\u00f3\u017cne modele W Keybox.pl mo\u017cesz kupi\u0107 tani, odporny sejf dla swojej firmy. Dzi\u0119ki naszym sejfom wydawanie kluczy jest zawsze bezpieczne. Co wi\u0119cej, nikt nie musi by\u0107 obecny, aby...","rel":"","context":"Podobny wpis","block_context":{"text":"Podobny wpis","link":""},"img":{"alt_text":"","src":"https:\/\/i0.wp.com\/keybox.nl\/wp-content\/uploads\/2021\/12\/KSB_102_1-e1638478691321.jpg?resize=350%2C200&ssl=1","width":350,"height":200,"srcset":"https:\/\/i0.wp.com\/keybox.nl\/wp-content\/uploads\/2021\/12\/KSB_102_1-e1638478691321.jpg?resize=350%2C200&ssl=1 1x, https:\/\/i0.wp.com\/keybox.nl\/wp-content\/uploads\/2021\/12\/KSB_102_1-e1638478691321.jpg?resize=525%2C300&ssl=1 1.5x, https:\/\/i0.wp.com\/keybox.nl\/wp-content\/uploads\/2021\/12\/KSB_102_1-e1638478691321.jpg?resize=700%2C400&ssl=1 2x"},"classes":[]},{"id":1526,"url":"https:\/\/keybox.nl\/pl\/safe-kluis-kopen\/","url_meta":{"origin":538,"position":1},"title":"Kup bezpieczny sejf","author":"Keybox@beheermodule","date":"20 lipca 2023","format":false,"excerpt":"Kup sejf lub skarbczyk Przejd\u017a do sklepu internetowego! Przyjazny dla u\u017cytkownika \u2713 Odporny i bezpieczny \u2713 R\u00f3\u017cne modele Je\u015bli cenisz sobie bezpiecze\u0144stwo i niezawodno\u015b\u0107, to zakup sejfu lub skarbca jest pierwszym krokiem. Chocia\u017c terminy te s\u0105 cz\u0119sto u\u017cywane zamiennie, istniej\u0105 subtelne r\u00f3\u017cnice. A...","rel":"","context":"Podobny wpis","block_context":{"text":"Podobny wpis","link":""},"img":{"alt_text":"Regenkap Keysecuritybox","src":"https:\/\/i0.wp.com\/keybox.nl\/wp-content\/uploads\/2022\/01\/IMG_5364-scaled.jpg?resize=350%2C200&ssl=1","width":350,"height":200,"srcset":"https:\/\/i0.wp.com\/keybox.nl\/wp-content\/uploads\/2022\/01\/IMG_5364-scaled.jpg?resize=350%2C200&ssl=1 1x, https:\/\/i0.wp.com\/keybox.nl\/wp-content\/uploads\/2022\/01\/IMG_5364-scaled.jpg?resize=525%2C300&ssl=1 1.5x, https:\/\/i0.wp.com\/keybox.nl\/wp-content\/uploads\/2022\/01\/IMG_5364-scaled.jpg?resize=700%2C400&ssl=1 2x, https:\/\/i0.wp.com\/keybox.nl\/wp-content\/uploads\/2022\/01\/IMG_5364-scaled.jpg?resize=1050%2C600&ssl=1 3x, https:\/\/i0.wp.com\/keybox.nl\/wp-content\/uploads\/2022\/01\/IMG_5364-scaled.jpg?resize=1400%2C800&ssl=1 4x"},"classes":[]},{"id":543,"url":"https:\/\/keybox.nl\/pl\/inbraakwerende-kluis-kopen\/","url_meta":{"origin":538,"position":2},"title":"Kup sejf antyw\u0142amaniowy","author":"Keybox@beheermodule","date":"11 marca 2022","format":false,"excerpt":"Zakup odpornego, antyw\u0142amaniowego sejfu W sklepie internetowym! Przyjazny dla u\u017cytkownika \u2713 Odporny i bezpieczny \u2713 R\u00f3\u017cne modele Zakup sejfu antyw\u0142amaniowego na swoje kosztowno\u015bci jest wa\u017cny. To dlatego, \u017ce zapewnia im doskona\u0142\u0105 ochron\u0119 przed r\u00f3\u017cnymi rodzajami kradzie\u017cy. Na Keybox.pl mo\u017cesz kupi\u0107 sejf antyw\u0142amaniowy na klucze, kt\u00f3ry...","rel":"","context":"Podobny wpis","block_context":{"text":"Podobny wpis","link":""},"img":{"alt_text":"Keysafe Slim line","src":"https:\/\/i0.wp.com\/keybox.nl\/wp-content\/uploads\/2022\/12\/Keysafe_Slim_line_Keybox.jpeg?resize=350%2C200&ssl=1","width":350,"height":200,"srcset":"https:\/\/i0.wp.com\/keybox.nl\/wp-content\/uploads\/2022\/12\/Keysafe_Slim_line_Keybox.jpeg?resize=350%2C200&ssl=1 1x, https:\/\/i0.wp.com\/keybox.nl\/wp-content\/uploads\/2022\/12\/Keysafe_Slim_line_Keybox.jpeg?resize=525%2C300&ssl=1 1.5x, https:\/\/i0.wp.com\/keybox.nl\/wp-content\/uploads\/2022\/12\/Keysafe_Slim_line_Keybox.jpeg?resize=700%2C400&ssl=1 2x"},"classes":[]},{"id":30,"url":"https:\/\/keybox.nl\/pl\/","url_meta":{"origin":538,"position":3},"title":"Zakup bezpiecznych szafek na klucze","author":"Keybox@beheermodule","date":"30 listopada 2021","format":false,"excerpt":"W Keybox.pl mo\u017cna kupi\u0107 mi\u0119dzy innymi solidny sejf lub bezpieczne sejfy na klucze. Oferujemy r\u00f3\u017cne rodzaje sejf\u00f3w; od subtelnych sejf\u00f3w na klucze po sejfy \u015bcienne z k\u00f3\u0142kiem depozytowym. U nas mo\u017cesz zam\u00f3wi\u0107 sejf do swojej firmy, ale tak\u017ce do domu. Dzi\u0119ki naszej szerokiej ofercie sejf\u00f3w na klucze,...","rel":"","context":"Z 1 komentarzem","block_context":{"text":"Z 1 komentarzem","link":"https:\/\/keybox.nl\/pl\/#comments"},"img":{"alt_text":"","src":"","width":0,"height":0},"classes":[]},{"id":1530,"url":"https:\/\/keybox.nl\/pl\/hotelkluis-kopen\/","url_meta":{"origin":538,"position":4},"title":"bezpieczne zakupy w hotelu","author":"Keybox@beheermodule","date":"20 lipca 2023","format":false,"excerpt":"Kup sejf hotelowy w sklepie internetowym! Przyjazny dla u\u017cytkownika \u2713 Odporny i bezpieczny \u2713 R\u00f3\u017cne modele Zakup sejfu hotelowego nie jest spraw\u0105 banaln\u0105. Chodzi o zapewnienie bezpiecze\u0144stwa i spokoju ducha swoim cennym go\u015bciom. Od bi\u017cuterii po paszporty i laptopy, sejf hotelowy zapewnia bezpieczne schronienie dla kosztowno\u015bci...","rel":"","context":"Podobny wpis","block_context":{"text":"Podobny wpis","link":""},"img":{"alt_text":"","src":"https:\/\/i0.wp.com\/keybox.nl\/wp-content\/uploads\/2022\/02\/IMG_5926.jpg?resize=350%2C200&ssl=1","width":350,"height":200,"srcset":"https:\/\/i0.wp.com\/keybox.nl\/wp-content\/uploads\/2022\/02\/IMG_5926.jpg?resize=350%2C200&ssl=1 1x, https:\/\/i0.wp.com\/keybox.nl\/wp-content\/uploads\/2022\/02\/IMG_5926.jpg?resize=525%2C300&ssl=1 1.5x, https:\/\/i0.wp.com\/keybox.nl\/wp-content\/uploads\/2022\/02\/IMG_5926.jpg?resize=700%2C400&ssl=1 2x"},"classes":[]},{"id":556,"url":"https:\/\/keybox.nl\/pl\/kleine-sleutelkluisjes-kopen\/","url_meta":{"origin":538,"position":5},"title":"Kup ma\u0142e sejfy na klucze","author":"Keybox@beheermodule","date":"11 marca 2022","format":false,"excerpt":"Kup niezawodne ma\u0142e sejfy na klucze w sklepie internetowym! \u2713 Przyjazne dla u\u017cytkownika \u2713 Odporne i bezpieczne \u2713 R\u00f3\u017cne modele U nas mo\u017cesz kupi\u0107 ma\u0142e sejfy na klucze, aby bezpiecznie przechowywa\u0107 klucze. Keybox.pl oferuje wszelkiego rodzaju sejfy, takie jak ma\u0142y sejf na klucze, kt\u00f3ry mo\u017cna \u0142atwo kupi\u0107 online. Dzi\u0119ki naszym...","rel":"","context":"Podobny wpis","block_context":{"text":"Podobny wpis","link":""},"img":{"alt_text":"","src":"https:\/\/i0.wp.com\/keybox.nl\/wp-content\/uploads\/2022\/12\/Keysafe_Original_keybox_sleutelkluis.jpg?resize=350%2C200&ssl=1","width":350,"height":200,"srcset":"https:\/\/i0.wp.com\/keybox.nl\/wp-content\/uploads\/2022\/12\/Keysafe_Original_keybox_sleutelkluis.jpg?resize=350%2C200&ssl=1 1x, https:\/\/i0.wp.com\/keybox.nl\/wp-content\/uploads\/2022\/12\/Keysafe_Original_keybox_sleutelkluis.jpg?resize=525%2C300&ssl=1 1.5x, https:\/\/i0.wp.com\/keybox.nl\/wp-content\/uploads\/2022\/12\/Keysafe_Original_keybox_sleutelkluis.jpg?resize=700%2C400&ssl=1 2x"},"classes":[]}],"jetpack_sharing_enabled":true,"_links":{"self":[{"href":"https:\/\/keybox.nl\/pl\/wp-json\/wp\/v2\/pages\/538","targetHints":{"allow":["GET"]}}],"collection":[{"href":"https:\/\/keybox.nl\/pl\/wp-json\/wp\/v2\/pages"}],"about":[{"href":"https:\/\/keybox.nl\/pl\/wp-json\/wp\/v2\/types\/page"}],"author":[{"embeddable":true,"href":"https:\/\/keybox.nl\/pl\/wp-json\/wp\/v2\/users\/1"}],"replies":[{"embeddable":true,"href":"https:\/\/keybox.nl\/pl\/wp-json\/wp\/v2\/comments?post=538"}],"version-history":[{"count":7,"href":"https:\/\/keybox.nl\/pl\/wp-json\/wp\/v2\/pages\/538\/revisions"}],"predecessor-version":[{"id":1637,"href":"https:\/\/keybox.nl\/pl\/wp-json\/wp\/v2\/pages\/538\/revisions\/1637"}],"wp:attachment":[{"href":"https:\/\/keybox.nl\/pl\/wp-json\/wp\/v2\/media?parent=538"}],"curies":[{"name":"wp","href":"https:\/\/api.w.org\/{rel}","templated":true}]}}