{"id":326,"date":"2022-03-03T08:36:01","date_gmt":"2022-03-03T08:36:01","guid":{"rendered":"http:\/\/keybox.nl\/?page_id=326"},"modified":"2023-07-25T08:59:11","modified_gmt":"2023-07-25T08:59:11","slug":"goedkope-kluis-kopen","status":"publish","type":"page","link":"https:\/\/keybox.nl\/pl\/goedkope-kluis-kopen\/","title":{"rendered":"Kup tani sejf"},"content":{"rendered":"<div class=\"wp-block-cover alignfull\" style=\"min-height:200px;aspect-ratio:unset;\"><span aria-hidden=\"true\" class=\"wp-block-cover__background has-background-dim-60 has-background-dim\"><\/span><img decoding=\"async\" width=\"1920\" height=\"2560\" class=\"wp-block-cover__image-background wp-image-126\" alt=\"Kluis\" src=\"http:\/\/keybox.nl\/wp-content\/uploads\/2021\/12\/KSB103-KSB005-4-scaled.jpg\" style=\"object-position:50% 50%\" data-object-fit=\"cover\" data-object-position=\"50% 50%\" srcset=\"https:\/\/keybox.nl\/wp-content\/uploads\/2021\/12\/KSB103-KSB005-4-scaled.jpg 1920w, https:\/\/keybox.nl\/wp-content\/uploads\/2021\/12\/KSB103-KSB005-4-416x555.jpg 416w, https:\/\/keybox.nl\/wp-content\/uploads\/2021\/12\/KSB103-KSB005-4-225x300.jpg 225w, https:\/\/keybox.nl\/wp-content\/uploads\/2021\/12\/KSB103-KSB005-4-768x1024.jpg 768w, https:\/\/keybox.nl\/wp-content\/uploads\/2021\/12\/KSB103-KSB005-4-1152x1536.jpg 1152w, https:\/\/keybox.nl\/wp-content\/uploads\/2021\/12\/KSB103-KSB005-4-1536x2048.jpg 1536w, https:\/\/keybox.nl\/wp-content\/uploads\/2021\/12\/KSB103-KSB005-4-1320x1760.jpg 1320w\" sizes=\"(max-width: 1920px) 100vw, 1920px\" \/><div class=\"wp-block-cover__inner-container is-layout-flow wp-block-cover-is-layout-flow\">\n<h1 class=\"wp-block-heading alignwide has-text-align-left has-white-color has-text-color\" style=\"font-size:40px\">Zakup taniego sejfu wysokiej jako\u015bci<\/h1>\n\n\n\n<div class=\"wp-block-columns alignwide is-layout-flex wp-container-core-columns-is-layout-28f84493 wp-block-columns-is-layout-flex\">\n<div class=\"wp-block-column is-layout-flow wp-block-column-is-layout-flow\" style=\"flex-basis:55%\">\n<div class=\"wp-block-buttons is-layout-flex wp-block-buttons-is-layout-flex\">\n<div class=\"wp-block-button cta-knop alignleft\"><a class=\"wp-block-button__link has-black-color has-white-background-color has-text-color has-background wp-element-button\" href=\"http:\/\/keybox.nl\/pl\/\">Do sklepu internetowego!<\/a><\/div>\n<\/div>\n<\/div>\n<\/div>\n<\/div><\/div>\n\n\n\n<div style=\"height:50px\" aria-hidden=\"true\" class=\"wp-block-spacer\"><\/div>\n\n\n\n<div class=\"wp-block-group alignfull is-content-justification-center is-layout-flex wp-container-core-group-is-layout-81a7f686 wp-block-group-is-layout-flex\">\n<p class=\"usps has-normal-font-size\">Przyjazny dla u\u017cytkownika<\/p>\n\n\n\n<p>Odporno\u015b\u0107 i bezpiecze\u0144stwo<\/p>\n\n\n\n<p>R\u00f3\u017cne modele<\/p>\n<\/div>\n\n\n\n<style>\nh1.entry-title {\ndisplay: none;\n}\n\n.cta-knop {\nmargin-left: 35px !important;\n}\n\n.cta-knop:hover {\nopacity: 0.75;\n}\n\n@media only screen and (max-width: 1064px) {\n.cta-knop {\nmargin-left: 0px !important;\n}\n\n.wp-block-group.alignfull {\n    display: flex;\n    flex-direction: column;\n}\n}\n<\/style>\n\n\n\n<div style=\"height:100px\" aria-hidden=\"true\" class=\"wp-block-spacer\"><\/div>\n\n\n\n<p class=\"has-text-align-left align-left has-black-color has-text-color has-normal-font-size\">W Keybox.pl mo\u017cesz kupi\u0107 tani, wytrzyma\u0142y sejf dla swojej firmy. Dzi\u0119ki naszym sejfom kolekcja kluczy jest zawsze bezpieczna. Co wi\u0119cej, nikt nie musi by\u0107 obecny przy odbiorze kluczy. Nasze sejfy s\u0105 bardzo przyjazne dla u\u017cytkownika i odporne na warunki atmosferyczne.<\/p>\n\n\n\n<div style=\"height:100px\" aria-hidden=\"true\" class=\"wp-block-spacer\"><\/div>\n\n\n\n<div class=\"wp-block-group is-content-justification-center is-layout-flex wp-container-core-group-is-layout-81a7f686 wp-block-group-is-layout-flex\">\n<div class=\"wp-block-media-text alignwide is-stacked-on-mobile\" style=\"grid-template-columns:40% auto\"><figure class=\"wp-block-media-text__media\"><img decoding=\"async\" width=\"1024\" height=\"1024\" src=\"http:\/\/keybox.nl\/wp-content\/uploads\/2021\/12\/KSB_102_1-1024x1024.jpg\" alt=\"\" class=\"wp-image-104 size-full\"\/><\/figure><div class=\"wp-block-media-text__content\">\n<h2 class=\"wp-block-heading has-text-color\" style=\"color:#000000;font-size:32px\">Kup tani, bezpieczny sejf tutaj<\/h2>\n\n\n\n<p class=\"has-text-color has-normal-font-size\" style=\"color:#000000\">Gdy klucze s\u0105 w obiegu w firmie, wa\u017cne jest oczywi\u015bcie, aby przechowywa\u0107 je tak bezpiecznie, jak to tylko mo\u017cliwe. Dzi\u0119ki naszej ofercie <a href=\"http:\/\/keybox.nl\/pl\/\">bezpieczne szafki na klucze<\/a> Klucze lub karty mo\u017cna przekazywa\u0107 24\/7. Oferujemy r\u00f3wnie\u017c r\u00f3\u017cne konstrukcje, kt\u00f3re mo\u017cna montowa\u0107 na r\u00f3\u017cne sposoby. Je\u015bli chcesz zamontowa\u0107 sejf w \u015bcianie, kup jeden z nast\u0119puj\u0105cych modeli <a href=\"http:\/\/keybox.nl\/pl\/inbouwkluisjes-kopen\/\">Nasze sejfy do zabudowy<\/a>. Mamy jednak r\u00f3wnie\u017c modele montowane na s\u0142upie zamiast na \u015bcianie. W ten spos\u00f3b mo\u017cesz wybra\u0107, kt\u00f3ry tani sejf jest najlepszy dla Twojej firmy. Co wi\u0119cej, posiadamy w\u0142asny zesp\u00f3\u0142 instalacyjny, wi\u0119c nie musisz martwi\u0107 si\u0119 o monta\u017c. Oferujemy r\u00f3wnie\u017c <a href=\"http:\/\/keybox.nl\/pl\/kluis-kopen-voor-thuis\/\">sejfy dla domu<\/a> do.<\/p>\n<\/div><\/div>\n<\/div>\n\n\n\n<div style=\"height:100px\" aria-hidden=\"true\" class=\"wp-block-spacer\"><\/div>\n\n\n\n<h2 class=\"wp-block-heading has-text-align-center\"><strong>Szukasz taniego sejfu?<\/strong><\/h2>\n\n\n\n<div class=\"wp-block-buttons is-content-justification-center is-layout-flex wp-container-core-buttons-is-layout-a89b3969 wp-block-buttons-is-layout-flex\">\n<div class=\"wp-block-button is-style-outline is-style-outline--1\"><a class=\"wp-block-button__link wp-element-button\" href=\"http:\/\/keybox.nl\/pl\/\">Zobacz sklep internetowy<\/a><\/div>\n<\/div>\n\n\n\n<div style=\"height:100px\" aria-hidden=\"true\" class=\"wp-block-spacer\"><\/div>\n\n\n\n<div class=\"wp-block-group is-content-justification-center is-layout-flex wp-container-core-group-is-layout-81a7f686 wp-block-group-is-layout-flex\">\n<div class=\"wp-block-media-text alignwide has-media-on-the-right is-stacked-on-mobile is-vertically-aligned-center\" style=\"grid-template-columns:auto 30%\"><div class=\"wp-block-media-text__content\">\n<h3 class=\"wp-block-heading has-text-color\" style=\"color:#000000;font-size:32px\"><strong>Wybierz w pe\u0142ni bezpieczne miejsce do przechowywania kluczy w niskiej cenie<\/strong><\/h3>\n\n\n\n<p class=\"has-text-color has-normal-font-size\" style=\"color:#000000\">Sprzedajemy odporne, przyjazne dla u\u017cytkownika sejfy w konkurencyjnych cenach. Chcesz kupi\u0107 bezpieczny i tani sejf? W takim razie zam\u00f3w sw\u00f3j nowy sejf ju\u017c teraz za po\u015brednictwem naszego sklepu internetowego. Istnieje r\u00f3wnie\u017c mo\u017cliwo\u015b\u0107 odwiedzenia naszego salonu w Bussum. Jest to jednak mo\u017cliwe tylko po wcze\u015bniejszym um\u00f3wieniu si\u0119. Wype\u0142nij formularz kontaktowy na stronie <a href=\"http:\/\/keybox.nl\/pl\/contact\/\">nasza strona kontaktowa<\/a>.<\/p>\n<\/div><figure class=\"wp-block-media-text__media\"><img decoding=\"async\" width=\"600\" height=\"800\" src=\"http:\/\/keybox.nl\/wp-content\/uploads\/2021\/12\/Extra-Armor-KSB.jpg\" alt=\"Kluis los\" class=\"wp-image-103 size-full\" srcset=\"https:\/\/keybox.nl\/wp-content\/uploads\/2021\/12\/Extra-Armor-KSB.jpg 600w, https:\/\/keybox.nl\/wp-content\/uploads\/2021\/12\/Extra-Armor-KSB-416x555.jpg 416w, https:\/\/keybox.nl\/wp-content\/uploads\/2021\/12\/Extra-Armor-KSB-225x300.jpg 225w\" sizes=\"(max-width: 600px) 100vw, 600px\" \/><\/figure><\/div>\n<\/div>\n\n\n\n<div style=\"height:50px\" aria-hidden=\"true\" class=\"wp-block-spacer\"><\/div>\n\n\n\n<h2 class=\"wp-block-heading alignwide has-text-align-left form-titel\"><strong>Masz pytania dotycz\u0105ce bezpiecze\u0144stwa?<\/strong><\/h2>\n\n\n<div class=\"wp-block-jetpack-contact-form alignwide is-layout-flex wp-container-jetpack-contact-form-is-layout-2b4208ba wp-block-jetpack-contact-form-is-layout-flex\"><a href=\"https:\/\/keybox.nl\/pl\/goedkope-kluis-kopen\/\" target=\"_blank\" rel=\"noopener noreferrer\">Prze\u015blij formularz.<\/a><\/div>\n\n\n<p><\/p>","protected":false},"excerpt":{"rendered":"<p>\u2713 Gebruiksvriendelijk \u2713 Bestendig en veilig \u2713 Diverse modellen Bij Keybox.nl kunt u een goedkope, bestendige kluis kopen voor in uw bedrijf. Dankzij onze kluizen kunt u sleutelafgifte altijd veilig laten verlopen. Er hoeft bovendien niemand aanwezig te zijn om sleutels in ontvangst te nemen. Onze kluizen zijn zeer gebruiksvriendelijk en weerbestendig. Hier kunt u [&hellip;]<\/p>\n","protected":false},"author":1,"featured_media":0,"parent":0,"menu_order":0,"comment_status":"closed","ping_status":"closed","template":"template-fullwidth.php","meta":{"footnotes":""},"class_list":["post-326","page","type-page","status-publish","hentry"],"yoast_head":"<!-- This site is optimized with the Yoast SEO plugin v27.4 - https:\/\/yoast.com\/product\/yoast-seo-wordpress\/ -->\n<title>Goedkope kluis voor sleutels kopen -<\/title>\n<meta name=\"description\" content=\"In onze winkel in Bussum of online komen bedrijven een goedkope, stevige kluis kopen om sleutels af te storten. Bestel een kluis die past bij uw bedrijf.\" \/>\n<meta name=\"robots\" content=\"index, follow, max-snippet:-1, max-image-preview:large, max-video-preview:-1\" \/>\n<link rel=\"canonical\" href=\"https:\/\/keybox.nl\/pl\/goedkope-kluis-kopen\/\" \/>\n<meta property=\"og:locale\" content=\"pl_PL\" \/>\n<meta property=\"og:type\" content=\"article\" \/>\n<meta property=\"og:title\" content=\"Goedkope kluis voor sleutels kopen -\" \/>\n<meta property=\"og:description\" content=\"In onze winkel in Bussum of online komen bedrijven een goedkope, stevige kluis kopen om sleutels af te storten. Bestel een kluis die past bij uw bedrijf.\" \/>\n<meta property=\"og:url\" content=\"https:\/\/keybox.nl\/pl\/goedkope-kluis-kopen\/\" \/>\n<meta property=\"article:modified_time\" content=\"2023-07-25T08:59:11+00:00\" \/>\n<meta property=\"og:image\" content=\"http:\/\/keybox.nl\/wp-content\/uploads\/2021\/12\/KSB103-KSB005-4-scaled.jpg\" \/>\n<meta name=\"twitter:card\" content=\"summary_large_image\" \/>\n<meta name=\"twitter:label1\" content=\"Szacowany czas czytania\" \/>\n\t<meta name=\"twitter:data1\" content=\"2 minuty\" \/>\n<script type=\"application\/ld+json\" class=\"yoast-schema-graph\">{\"@context\":\"https:\\\/\\\/schema.org\",\"@graph\":[{\"@type\":\"WebPage\",\"@id\":\"https:\\\/\\\/keybox.nl\\\/goedkope-kluis-kopen\\\/\",\"url\":\"https:\\\/\\\/keybox.nl\\\/goedkope-kluis-kopen\\\/\",\"name\":\"Goedkope kluis voor sleutels kopen -\",\"isPartOf\":{\"@id\":\"https:\\\/\\\/keybox.nl\\\/#website\"},\"primaryImageOfPage\":{\"@id\":\"https:\\\/\\\/keybox.nl\\\/goedkope-kluis-kopen\\\/#primaryimage\"},\"image\":{\"@id\":\"https:\\\/\\\/keybox.nl\\\/goedkope-kluis-kopen\\\/#primaryimage\"},\"thumbnailUrl\":\"http:\\\/\\\/keybox.nl\\\/wp-content\\\/uploads\\\/2021\\\/12\\\/KSB103-KSB005-4-scaled.jpg\",\"datePublished\":\"2022-03-03T08:36:01+00:00\",\"dateModified\":\"2023-07-25T08:59:11+00:00\",\"description\":\"In onze winkel in Bussum of online komen bedrijven een goedkope, stevige kluis kopen om sleutels af te storten. Bestel een kluis die past bij uw bedrijf.\",\"breadcrumb\":{\"@id\":\"https:\\\/\\\/keybox.nl\\\/goedkope-kluis-kopen\\\/#breadcrumb\"},\"inLanguage\":\"pl-PL\",\"potentialAction\":[{\"@type\":\"ReadAction\",\"target\":[\"https:\\\/\\\/keybox.nl\\\/goedkope-kluis-kopen\\\/\"]}]},{\"@type\":\"ImageObject\",\"inLanguage\":\"pl-PL\",\"@id\":\"https:\\\/\\\/keybox.nl\\\/goedkope-kluis-kopen\\\/#primaryimage\",\"url\":\"http:\\\/\\\/keybox.nl\\\/wp-content\\\/uploads\\\/2021\\\/12\\\/KSB103-KSB005-4-scaled.jpg\",\"contentUrl\":\"http:\\\/\\\/keybox.nl\\\/wp-content\\\/uploads\\\/2021\\\/12\\\/KSB103-KSB005-4-scaled.jpg\"},{\"@type\":\"BreadcrumbList\",\"@id\":\"https:\\\/\\\/keybox.nl\\\/goedkope-kluis-kopen\\\/#breadcrumb\",\"itemListElement\":[{\"@type\":\"ListItem\",\"position\":1,\"name\":\"Home\",\"item\":\"https:\\\/\\\/keybox.nl\\\/\"},{\"@type\":\"ListItem\",\"position\":2,\"name\":\"Goedkope kluis kopen\"}]},{\"@type\":\"WebSite\",\"@id\":\"https:\\\/\\\/keybox.nl\\\/#website\",\"url\":\"https:\\\/\\\/keybox.nl\\\/\",\"name\":\"\",\"description\":\"\",\"potentialAction\":[{\"@type\":\"SearchAction\",\"target\":{\"@type\":\"EntryPoint\",\"urlTemplate\":\"https:\\\/\\\/keybox.nl\\\/?s={search_term_string}\"},\"query-input\":{\"@type\":\"PropertyValueSpecification\",\"valueRequired\":true,\"valueName\":\"search_term_string\"}}],\"inLanguage\":\"pl-PL\"}]}<\/script>\n<!-- \/ Yoast SEO plugin. -->","yoast_head_json":{"title":"Kup tani sejf na klucze -","description":"W naszym sklepie w Bussum lub online, firmy przychodz\u0105 i kupuj\u0105 tani, solidny sejf do deponowania kluczy. Zam\u00f3w sejf, kt\u00f3ry pasuje do Twojej firmy.","robots":{"index":"index","follow":"follow","max-snippet":"max-snippet:-1","max-image-preview":"max-image-preview:large","max-video-preview":"max-video-preview:-1"},"canonical":"https:\/\/keybox.nl\/pl\/goedkope-kluis-kopen\/","og_locale":"pl_PL","og_type":"article","og_title":"Goedkope kluis voor sleutels kopen -","og_description":"In onze winkel in Bussum of online komen bedrijven een goedkope, stevige kluis kopen om sleutels af te storten. Bestel een kluis die past bij uw bedrijf.","og_url":"https:\/\/keybox.nl\/pl\/goedkope-kluis-kopen\/","article_modified_time":"2023-07-25T08:59:11+00:00","og_image":[{"url":"http:\/\/keybox.nl\/wp-content\/uploads\/2021\/12\/KSB103-KSB005-4-scaled.jpg","type":"","width":"","height":""}],"twitter_card":"summary_large_image","twitter_misc":{"Szacowany czas czytania":"2 minuty"},"schema":{"@context":"https:\/\/schema.org","@graph":[{"@type":"WebPage","@id":"https:\/\/keybox.nl\/goedkope-kluis-kopen\/","url":"https:\/\/keybox.nl\/goedkope-kluis-kopen\/","name":"Kup tani sejf na klucze -","isPartOf":{"@id":"https:\/\/keybox.nl\/#website"},"primaryImageOfPage":{"@id":"https:\/\/keybox.nl\/goedkope-kluis-kopen\/#primaryimage"},"image":{"@id":"https:\/\/keybox.nl\/goedkope-kluis-kopen\/#primaryimage"},"thumbnailUrl":"http:\/\/keybox.nl\/wp-content\/uploads\/2021\/12\/KSB103-KSB005-4-scaled.jpg","datePublished":"2022-03-03T08:36:01+00:00","dateModified":"2023-07-25T08:59:11+00:00","description":"W naszym sklepie w Bussum lub online, firmy przychodz\u0105 i kupuj\u0105 tani, solidny sejf do deponowania kluczy. Zam\u00f3w sejf, kt\u00f3ry pasuje do Twojej firmy.","breadcrumb":{"@id":"https:\/\/keybox.nl\/goedkope-kluis-kopen\/#breadcrumb"},"inLanguage":"pl-PL","potentialAction":[{"@type":"ReadAction","target":["https:\/\/keybox.nl\/goedkope-kluis-kopen\/"]}]},{"@type":"ImageObject","inLanguage":"pl-PL","@id":"https:\/\/keybox.nl\/goedkope-kluis-kopen\/#primaryimage","url":"http:\/\/keybox.nl\/wp-content\/uploads\/2021\/12\/KSB103-KSB005-4-scaled.jpg","contentUrl":"http:\/\/keybox.nl\/wp-content\/uploads\/2021\/12\/KSB103-KSB005-4-scaled.jpg"},{"@type":"BreadcrumbList","@id":"https:\/\/keybox.nl\/goedkope-kluis-kopen\/#breadcrumb","itemListElement":[{"@type":"ListItem","position":1,"name":"Home","item":"https:\/\/keybox.nl\/"},{"@type":"ListItem","position":2,"name":"Goedkope kluis kopen"}]},{"@type":"WebSite","@id":"https:\/\/keybox.nl\/#website","url":"https:\/\/keybox.nl\/","name":"","description":"","potentialAction":[{"@type":"SearchAction","target":{"@type":"EntryPoint","urlTemplate":"https:\/\/keybox.nl\/?s={search_term_string}"},"query-input":{"@type":"PropertyValueSpecification","valueRequired":true,"valueName":"search_term_string"}}],"inLanguage":"pl-PL"}]}},"jetpack-related-posts":[{"id":1528,"url":"https:\/\/keybox.nl\/pl\/elektronische-sleutelkluis-kopen\/","url_meta":{"origin":326,"position":0},"title":"klucz elektroniczny safe-buy","author":"Keybox@beheermodule","date":"20 lipca 2023","format":false,"excerpt":"Kup elektroniczny sejf na klucze w sklepie internetowym! Przyjazny dla u\u017cytkownika \u2713 Odporny i bezpieczny \u2713 R\u00f3\u017cne modele Zakup elektronicznego sejfu na klucze to pierwszy krok do zapewnienia bezpiecze\u0144stwa firmy lub domu. Keybox.pl oferuje rozwi\u0105zanie, kt\u00f3re idealnie pasuje do Twoich potrzeb. Te sejfy...","rel":"","context":"Podobny wpis","block_context":{"text":"Podobny wpis","link":""},"img":{"alt_text":"","src":"https:\/\/i0.wp.com\/keybox.nl\/wp-content\/uploads\/2023\/02\/Keysafe-Big-Pro-sleutelkastje_keybox.jpeg?resize=350%2C200&ssl=1","width":350,"height":200,"srcset":"https:\/\/i0.wp.com\/keybox.nl\/wp-content\/uploads\/2023\/02\/Keysafe-Big-Pro-sleutelkastje_keybox.jpeg?resize=350%2C200&ssl=1 1x, https:\/\/i0.wp.com\/keybox.nl\/wp-content\/uploads\/2023\/02\/Keysafe-Big-Pro-sleutelkastje_keybox.jpeg?resize=525%2C300&ssl=1 1.5x, https:\/\/i0.wp.com\/keybox.nl\/wp-content\/uploads\/2023\/02\/Keysafe-Big-Pro-sleutelkastje_keybox.jpeg?resize=700%2C400&ssl=1 2x"},"classes":[]},{"id":552,"url":"https:\/\/keybox.nl\/pl\/kluis-waardeberging-kopen\/","url_meta":{"origin":326,"position":1},"title":"Kup sejf depozytowy","author":"Keybox@beheermodule","date":"11 marca 2022","format":false,"excerpt":"Zakup sejfu o wysokim poziomie bezpiecze\u0144stwa w sklepie internetowym! Przyjazny dla u\u017cytkownika \u2713 Odporny i bezpieczny \u2713 R\u00f3\u017cne modele W przypadku bardzo cennych przedmiot\u00f3w nale\u017cy kupi\u0107 sejf o du\u017cej pojemno\u015bci. Maksymalna warto\u015b\u0107 przechowywania sejfu wskazuje, do jakiej kwoty zawarto\u015b\u0107 sejfu jest ubezpieczona....","rel":"","context":"Podobny wpis","block_context":{"text":"Podobny wpis","link":""},"img":{"alt_text":"","src":"https:\/\/i0.wp.com\/keybox.nl\/wp-content\/uploads\/2021\/12\/KSB_102_1-e1638478691321.jpg?resize=350%2C200&ssl=1","width":350,"height":200,"srcset":"https:\/\/i0.wp.com\/keybox.nl\/wp-content\/uploads\/2021\/12\/KSB_102_1-e1638478691321.jpg?resize=350%2C200&ssl=1 1x, https:\/\/i0.wp.com\/keybox.nl\/wp-content\/uploads\/2021\/12\/KSB_102_1-e1638478691321.jpg?resize=525%2C300&ssl=1 1.5x, https:\/\/i0.wp.com\/keybox.nl\/wp-content\/uploads\/2021\/12\/KSB_102_1-e1638478691321.jpg?resize=700%2C400&ssl=1 2x"},"classes":[]},{"id":554,"url":"https:\/\/keybox.nl\/pl\/kluis-waardeberging-kopen-2\/","url_meta":{"origin":326,"position":2},"title":"Kup sejf depozytowy","author":"Keybox@beheermodule","date":"11 marca 2022","format":false,"excerpt":"Zakup sejfu o wysokim poziomie bezpiecze\u0144stwa w sklepie internetowym! \u2713 Przyjazny dla u\u017cytkownika \u2713 Odporny i bezpieczny \u2713 R\u00f3\u017cne modele W przypadku niezwykle cennych przedmiot\u00f3w nale\u017cy kupi\u0107 sejf o wysokiej warto\u015bci przechowywania. Im wy\u017csza warto\u015b\u0107 przechowywania, tym sejf jest bardziej odporny na w\u0142amanie. My w Keybox.nl w Bussum...","rel":"","context":"Podobny wpis","block_context":{"text":"Podobny wpis","link":""},"img":{"alt_text":"kluis peugeot","src":"https:\/\/i0.wp.com\/keybox.nl\/wp-content\/uploads\/2022\/02\/KSB007-Peugeot-scaled-e1643751089776.jpg?resize=350%2C200&ssl=1","width":350,"height":200,"srcset":"https:\/\/i0.wp.com\/keybox.nl\/wp-content\/uploads\/2022\/02\/KSB007-Peugeot-scaled-e1643751089776.jpg?resize=350%2C200&ssl=1 1x, https:\/\/i0.wp.com\/keybox.nl\/wp-content\/uploads\/2022\/02\/KSB007-Peugeot-scaled-e1643751089776.jpg?resize=525%2C300&ssl=1 1.5x"},"classes":[]},{"id":546,"url":"https:\/\/keybox.nl\/pl\/inbouwkluisjes-kopen\/","url_meta":{"origin":326,"position":3},"title":"Kup sejfy do zabudowy","author":"Keybox@beheermodule","date":"11 marca 2022","format":false,"excerpt":"Kup solidne sejfy do zabudowy w sklepie internetowym! \u2713 Przyjazne dla u\u017cytkownika \u2713 Solidne i bezpieczne \u2713 R\u00f3\u017cne modele Chcesz kupi\u0107 sejfy do zabudowy dla swojej firmy? Nasz sklep internetowy oferuje r\u00f3\u017cne modele sejf\u00f3w do monta\u017cu w \u015bcianie. Poniewa\u017c system znajduje si\u0119 w \u015bcianie, nie mo\u017cna go zabra\u0107 i jest...","rel":"","context":"Podobny wpis","block_context":{"text":"Podobny wpis","link":""},"img":{"alt_text":"","src":"https:\/\/i0.wp.com\/keybox.nl\/wp-content\/uploads\/2021\/12\/KSB_102_1-e1638478691321.jpg?resize=350%2C200&ssl=1","width":350,"height":200,"srcset":"https:\/\/i0.wp.com\/keybox.nl\/wp-content\/uploads\/2021\/12\/KSB_102_1-e1638478691321.jpg?resize=350%2C200&ssl=1 1x, https:\/\/i0.wp.com\/keybox.nl\/wp-content\/uploads\/2021\/12\/KSB_102_1-e1638478691321.jpg?resize=525%2C300&ssl=1 1.5x, https:\/\/i0.wp.com\/keybox.nl\/wp-content\/uploads\/2021\/12\/KSB_102_1-e1638478691321.jpg?resize=700%2C400&ssl=1 2x"},"classes":[]},{"id":30,"url":"https:\/\/keybox.nl\/pl\/","url_meta":{"origin":326,"position":4},"title":"Zakup bezpiecznych szafek na klucze","author":"Keybox@beheermodule","date":"30 listopada 2021","format":false,"excerpt":"W Keybox.pl mo\u017cna kupi\u0107 mi\u0119dzy innymi solidny sejf lub bezpieczne sejfy na klucze. Oferujemy r\u00f3\u017cne rodzaje sejf\u00f3w; od subtelnych sejf\u00f3w na klucze po sejfy \u015bcienne z k\u00f3\u0142kiem depozytowym. U nas mo\u017cesz zam\u00f3wi\u0107 sejf do swojej firmy, ale tak\u017ce do domu. Dzi\u0119ki naszej szerokiej ofercie sejf\u00f3w na klucze,...","rel":"","context":"Z 1 komentarzem","block_context":{"text":"Z 1 komentarzem","link":"https:\/\/keybox.nl\/pl\/#comments"},"img":{"alt_text":"","src":"","width":0,"height":0},"classes":[]},{"id":543,"url":"https:\/\/keybox.nl\/pl\/inbraakwerende-kluis-kopen\/","url_meta":{"origin":326,"position":5},"title":"Kup sejf antyw\u0142amaniowy","author":"Keybox@beheermodule","date":"11 marca 2022","format":false,"excerpt":"Zakup odpornego, antyw\u0142amaniowego sejfu W sklepie internetowym! Przyjazny dla u\u017cytkownika \u2713 Odporny i bezpieczny \u2713 R\u00f3\u017cne modele Zakup sejfu antyw\u0142amaniowego na swoje kosztowno\u015bci jest wa\u017cny. To dlatego, \u017ce zapewnia im doskona\u0142\u0105 ochron\u0119 przed r\u00f3\u017cnymi rodzajami kradzie\u017cy. Na Keybox.pl mo\u017cesz kupi\u0107 sejf antyw\u0142amaniowy na klucze, kt\u00f3ry...","rel":"","context":"Podobny wpis","block_context":{"text":"Podobny wpis","link":""},"img":{"alt_text":"Keysafe Slim line","src":"https:\/\/i0.wp.com\/keybox.nl\/wp-content\/uploads\/2022\/12\/Keysafe_Slim_line_Keybox.jpeg?resize=350%2C200&ssl=1","width":350,"height":200,"srcset":"https:\/\/i0.wp.com\/keybox.nl\/wp-content\/uploads\/2022\/12\/Keysafe_Slim_line_Keybox.jpeg?resize=350%2C200&ssl=1 1x, https:\/\/i0.wp.com\/keybox.nl\/wp-content\/uploads\/2022\/12\/Keysafe_Slim_line_Keybox.jpeg?resize=525%2C300&ssl=1 1.5x, https:\/\/i0.wp.com\/keybox.nl\/wp-content\/uploads\/2022\/12\/Keysafe_Slim_line_Keybox.jpeg?resize=700%2C400&ssl=1 2x"},"classes":[]}],"jetpack_sharing_enabled":true,"_links":{"self":[{"href":"https:\/\/keybox.nl\/pl\/wp-json\/wp\/v2\/pages\/326","targetHints":{"allow":["GET"]}}],"collection":[{"href":"https:\/\/keybox.nl\/pl\/wp-json\/wp\/v2\/pages"}],"about":[{"href":"https:\/\/keybox.nl\/pl\/wp-json\/wp\/v2\/types\/page"}],"author":[{"embeddable":true,"href":"https:\/\/keybox.nl\/pl\/wp-json\/wp\/v2\/users\/1"}],"replies":[{"embeddable":true,"href":"https:\/\/keybox.nl\/pl\/wp-json\/wp\/v2\/comments?post=326"}],"version-history":[{"count":162,"href":"https:\/\/keybox.nl\/pl\/wp-json\/wp\/v2\/pages\/326\/revisions"}],"predecessor-version":[{"id":1635,"href":"https:\/\/keybox.nl\/pl\/wp-json\/wp\/v2\/pages\/326\/revisions\/1635"}],"wp:attachment":[{"href":"https:\/\/keybox.nl\/pl\/wp-json\/wp\/v2\/media?parent=326"}],"curies":[{"name":"wp","href":"https:\/\/api.w.org\/{rel}","templated":true}]}}