{"id":1527,"date":"2023-07-20T12:27:01","date_gmt":"2023-07-20T12:27:01","guid":{"rendered":"http:\/\/keybox.nl\/?page_id=1527"},"modified":"2023-07-25T10:23:07","modified_gmt":"2023-07-25T10:23:07","slug":"advies-sleutelkluis-opvragen","status":"publish","type":"page","link":"https:\/\/keybox.nl\/pl\/advies-sleutelkluis-opvragen\/","title":{"rendered":"advice-key safe-request"},"content":{"rendered":"<div class=\"wp-block-cover alignfull\" style=\"min-height:200px;aspect-ratio:unset;\"><span aria-hidden=\"true\" class=\"wp-block-cover__background has-background-dim-60 has-background-dim\"><\/span><img decoding=\"async\" width=\"1920\" height=\"2560\" class=\"wp-block-cover__image-background wp-image-126\" alt=\"Kluis\" src=\"http:\/\/keybox.nl\/wp-content\/uploads\/2021\/12\/KSB103-KSB005-4-scaled.jpg\" style=\"object-position:50% 50%\" data-object-fit=\"cover\" data-object-position=\"50% 50%\" srcset=\"https:\/\/keybox.nl\/wp-content\/uploads\/2021\/12\/KSB103-KSB005-4-scaled.jpg 1920w, https:\/\/keybox.nl\/wp-content\/uploads\/2021\/12\/KSB103-KSB005-4-416x555.jpg 416w, https:\/\/keybox.nl\/wp-content\/uploads\/2021\/12\/KSB103-KSB005-4-225x300.jpg 225w, https:\/\/keybox.nl\/wp-content\/uploads\/2021\/12\/KSB103-KSB005-4-768x1024.jpg 768w, https:\/\/keybox.nl\/wp-content\/uploads\/2021\/12\/KSB103-KSB005-4-1152x1536.jpg 1152w, https:\/\/keybox.nl\/wp-content\/uploads\/2021\/12\/KSB103-KSB005-4-1536x2048.jpg 1536w, https:\/\/keybox.nl\/wp-content\/uploads\/2021\/12\/KSB103-KSB005-4-1320x1760.jpg 1320w\" sizes=\"(max-width: 1920px) 100vw, 1920px\" \/><div class=\"wp-block-cover__inner-container is-layout-flow wp-block-cover-is-layout-flow\">\n<h1 class=\"wp-block-heading alignwide has-text-align-left has-white-color has-text-color\" style=\"font-size:40px\">Uzyskaj porad\u0119 dotycz\u0105c\u0105 sejfu na klucze<\/h1>\n\n\n\n<div class=\"wp-block-columns alignwide is-layout-flex wp-container-core-columns-is-layout-28f84493 wp-block-columns-is-layout-flex\">\n<div class=\"wp-block-column is-layout-flow wp-block-column-is-layout-flow\" style=\"flex-basis:55%\">\n<div class=\"wp-block-buttons is-layout-flex wp-block-buttons-is-layout-flex\">\n<div class=\"wp-block-button cta-knop alignleft\"><a class=\"wp-block-button__link has-black-color has-white-background-color has-text-color has-background wp-element-button\" href=\"http:\/\/keybox.nl\/pl\/\">Do sklepu internetowego!<\/a><\/div>\n<\/div>\n<\/div>\n<\/div>\n<\/div><\/div>\n\n\n\n<div style=\"height:50px\" aria-hidden=\"true\" class=\"wp-block-spacer\"><\/div>\n\n\n\n<div class=\"wp-block-group alignfull is-content-justification-center is-layout-flex wp-container-core-group-is-layout-81a7f686 wp-block-group-is-layout-flex\">\n<p class=\"usps has-normal-font-size\">Przyjazny dla u\u017cytkownika<\/p>\n\n\n\n<p>Odporno\u015b\u0107 i bezpiecze\u0144stwo<\/p>\n\n\n\n<p>R\u00f3\u017cne modele<\/p>\n<\/div>\n\n\n\n<style>\nh1.entry-title {\ndisplay:none;\n}\n.cta-knop {\nmargin-left: 35px !important;\n}\n\n.cta-knop:hover {\nopacity: 0.75;\n}\n\n@media only screen and (max-width: 1064px) {\n.cta-knop {\nmargin-left: 0px !important;\n}\n\n.wp-block-group.alignfull {\n    display: flex;\n    flex-direction: column;\n}\n}\n<\/style>\n\n\n\n<div style=\"height:100px\" aria-hidden=\"true\" class=\"wp-block-spacer\"><\/div>\n\n\n\n<p class=\"has-text-align-left align-left has-black-color has-text-color has-normal-font-size\">Uzyskanie porady na temat sejfu na klucze jest pierwszym krokiem w kierunku bezpieczniejszego \u015brodowiska biznesowego. Wyb\u00f3r odpowiedniego sejfu na klucze mo\u017ce by\u0107 z\u0142o\u017conym zadaniem, bior\u0105c pod uwag\u0119 r\u00f3\u017cnorodno\u015b\u0107 i innowacje technologiczne. W Keybox.pl rozumiemy to wyzwanie i jeste\u015bmy gotowi pom\u00f3c w podj\u0119ciu tej wa\u017cnej decyzji.<\/p>\n\n\n\n<div style=\"height:100px\" aria-hidden=\"true\" class=\"wp-block-spacer\"><\/div>\n\n\n\n<div class=\"wp-block-group is-content-justification-center is-layout-flex wp-container-core-group-is-layout-81a7f686 wp-block-group-is-layout-flex\">\n<div class=\"wp-block-media-text alignwide is-stacked-on-mobile is-vertically-aligned-center\" style=\"grid-template-columns:40% auto\"><figure class=\"wp-block-media-text__media\"><img decoding=\"async\" width=\"788\" height=\"1024\" src=\"http:\/\/keybox.nl\/wp-content\/uploads\/2023\/02\/Keysafe-Big-Pro-sleutelkastje_keybox-788x1024.jpeg\" alt=\"\" class=\"wp-image-1349 size-full\" srcset=\"https:\/\/keybox.nl\/wp-content\/uploads\/2023\/02\/Keysafe-Big-Pro-sleutelkastje_keybox-788x1024.jpeg 788w, https:\/\/keybox.nl\/wp-content\/uploads\/2023\/02\/Keysafe-Big-Pro-sleutelkastje_keybox-416x541.jpeg 416w, https:\/\/keybox.nl\/wp-content\/uploads\/2023\/02\/Keysafe-Big-Pro-sleutelkastje_keybox-231x300.jpeg 231w, https:\/\/keybox.nl\/wp-content\/uploads\/2023\/02\/Keysafe-Big-Pro-sleutelkastje_keybox-768x998.jpeg 768w, https:\/\/keybox.nl\/wp-content\/uploads\/2023\/02\/Keysafe-Big-Pro-sleutelkastje_keybox.jpeg 1000w\" sizes=\"(max-width: 788px) 100vw, 788px\" \/><\/figure><div class=\"wp-block-media-text__content\">\n<h2 class=\"wp-block-heading\">Dlaczego warto szuka\u0107 porady dotycz\u0105cej sejfu na klucze?<\/h2>\n\n\n\n<p>Zasi\u0119gni\u0119cie porady na temat sejfu na klucze mo\u017ce stanowi\u0107 r\u00f3\u017cnic\u0119 mi\u0119dzy odpowiednim a mniej odpowiednim rozwi\u0105zaniem. Wyb\u00f3r r\u00f3\u017cnych typ\u00f3w sejf\u00f3w na klucze mo\u017ce by\u0107 przyt\u0142aczaj\u0105cy. U nas znajdziesz na przyk\u0142ad:<\/p>\n\n\n\n<ul class=\"wp-block-list\">\n<li><a href=\"http:\/\/keybox.nl\/pl\/kleine-sleutelkluisjes-kopen\/\">Ma\u0142e sejfy na klucze<\/a> dla \u0142atwego dost\u0119pu do ograniczonej liczby kluczy.<\/li>\n\n\n\n<li><a href=\"http:\/\/keybox.nl\/pl\/digitaal-sleutelbeheersysteem\/\">Cyfrowe systemy zarz\u0105dzania kluczami<\/a> dla wi\u0119kszych organizacji, w kt\u00f3rych dost\u0119p do kluczy i zarz\u0105dzanie nimi maj\u0105 kluczowe znaczenie.<\/li>\n\n\n\n<li><a href=\"http:\/\/keybox.nl\/pl\/elektronische-sleutelkluis-kopen\/\">Elektroniczne sejfy na klucze<\/a> dla os\u00f3b wymagaj\u0105cych wysokiego poziomu bezpiecze\u0144stwa i \u0142atwo\u015bci u\u017cytkowania.<\/li>\n\n\n\n<li><a href=\"http:\/\/keybox.nl\/pl\/sleutelkluis-buiten\/\">Zewn\u0119trzne sejfy na klucze<\/a>, Idealny dla firm maj\u0105cych do czynienia z pracownikami zdalnymi lub dostawcami.<\/li>\n<\/ul>\n\n\n\n<p>To pokazuje, dlaczego zasi\u0119gni\u0119cie porady w sprawie sejfu na klucze jest niezb\u0119dne, poniewa\u017c ka\u017cda sytuacja jest wyj\u0105tkowa i wymaga rozwi\u0105zania dok\u0142adnie dopasowanego do konkretnych potrzeb. Poniewa\u017c posiadamy szeroki zakres i do\u015bwiadczenie w dziedzinie <a href=\"http:\/\/keybox.nl\/pl\/\">bezpieczne szafki na klucze<\/a>, Jeste\u015bmy idealn\u0105 firm\u0105, kt\u00f3ra mo\u017ce udzieli\u0107 takiej porady.<\/p>\n<\/div><\/div>\n<\/div>\n\n\n\n<div style=\"height:100px\" aria-hidden=\"true\" class=\"wp-block-spacer\"><\/div>\n\n\n\n<h2 class=\"wp-block-heading has-text-align-center\"><strong>Potrzebujesz porady dotycz\u0105cej sejfu na klucze?<\/strong><\/h2>\n\n\n\n<div class=\"wp-block-buttons is-content-justification-center is-layout-flex wp-container-core-buttons-is-layout-a89b3969 wp-block-buttons-is-layout-flex\">\n<div class=\"wp-block-button is-style-outline is-style-outline--1\"><a class=\"wp-block-button__link wp-element-button\" href=\"http:\/\/keybox.nl\/pl\/contact\/\">Skontaktuj si\u0119 z nami<\/a><\/div>\n<\/div>\n\n\n\n<div style=\"height:100px\" aria-hidden=\"true\" class=\"wp-block-spacer\"><\/div>\n\n\n\n<div class=\"wp-block-group is-content-justification-center is-layout-flex wp-container-core-group-is-layout-81a7f686 wp-block-group-is-layout-flex\">\n<div class=\"wp-block-media-text alignwide has-media-on-the-right is-stacked-on-mobile is-vertically-aligned-center\" style=\"grid-template-columns:auto 40%\"><div class=\"wp-block-media-text__content\">\n<h3 class=\"wp-block-heading has-text-color\" style=\"color:#000000;font-size:32px\"><strong>Zr\u00f3b krok i zasi\u0119gnij porady<\/strong><\/h3>\n\n\n\n<p class=\"has-text-color has-normal-font-size\" style=\"color:#000000\">Czy jeste\u015b gotowy na podj\u0119cie decyzji? Uzyskanie porady na temat sejfu na klucze jest drog\u0105 do bezpieczniejszego domu lub firmy. Zach\u0119camy do <a href=\"http:\/\/keybox.nl\/pl\/contact\/\">skontaktuj si\u0119 z nami<\/a> aby\u015bmy mogli wsp\u00f3lnie znale\u017a\u0107 rozwi\u0105zanie, kt\u00f3re idealnie odpowiada Twoim konkretnym wymaganiom. Niezale\u017cnie od tego, czy potrzebujesz <a href=\"http:\/\/keybox.nl\/pl\/kluis-kopen-voor-thuis\/\">sejf domowy<\/a> lub bardziej kompleksowego systemu dla Twojej firmy, nasze porady mog\u0105 poprowadzi\u0107 Ci\u0119 do w\u0142a\u015bciwego wyboru. Nie czekaj wi\u0119c d\u0142u\u017cej i ju\u017c teraz uzyskaj porad\u0119 dotycz\u0105c\u0105 sejfu na klucze.<\/p>\n<\/div><figure class=\"wp-block-media-text__media\"><img decoding=\"async\" width=\"788\" height=\"1024\" src=\"http:\/\/keybox.nl\/wp-content\/uploads\/2022\/12\/Keysafe_Slim_line_Keybox-788x1024.jpeg\" alt=\"Keysafe Slim line\" class=\"wp-image-1172 size-full\" srcset=\"https:\/\/keybox.nl\/wp-content\/uploads\/2022\/12\/Keysafe_Slim_line_Keybox-788x1024.jpeg 788w, https:\/\/keybox.nl\/wp-content\/uploads\/2022\/12\/Keysafe_Slim_line_Keybox-416x541.jpeg 416w, https:\/\/keybox.nl\/wp-content\/uploads\/2022\/12\/Keysafe_Slim_line_Keybox-231x300.jpeg 231w, https:\/\/keybox.nl\/wp-content\/uploads\/2022\/12\/Keysafe_Slim_line_Keybox-768x998.jpeg 768w, https:\/\/keybox.nl\/wp-content\/uploads\/2022\/12\/Keysafe_Slim_line_Keybox.jpeg 1000w\" sizes=\"(max-width: 788px) 100vw, 788px\" \/><\/figure><\/div>\n<\/div>\n\n\n\n<div style=\"height:50px\" aria-hidden=\"true\" class=\"wp-block-spacer\"><\/div>\n\n\n\n<h2 class=\"wp-block-heading alignwide has-text-align-left form-titel\"><strong>Masz pytania dotycz\u0105ce bezpiecze\u0144stwa?<\/strong><\/h2>\n\n\n<div class=\"wp-block-jetpack-contact-form alignwide is-layout-flex wp-container-jetpack-contact-form-is-layout-2b4208ba wp-block-jetpack-contact-form-is-layout-flex\"><a href=\"https:\/\/keybox.nl\/pl\/advies-sleutelkluis-opvragen\/\" target=\"_blank\" rel=\"noopener noreferrer\">Prze\u015blij formularz.<\/a><\/div>\n\n\n<p><\/p>","protected":false},"excerpt":{"rendered":"<p>\u2713 Gebruiksvriendelijk \u2713 Bestendig en veilig \u2713 Diverse modellen Advies over een sleutelkluis opvragen is de eerste stap naar een veiligere bedrijfsomgeving. Het kiezen van de juiste sleutelkluis kan een complexe taak zijn, gezien de diversiteit en technologische innovaties. Bij Keybox.nl begrijpen we deze uitdaging en staan we klaar om u te helpen bij het [&hellip;]<\/p>\n","protected":false},"author":1,"featured_media":0,"parent":0,"menu_order":0,"comment_status":"closed","ping_status":"closed","template":"template-fullwidth.php","meta":{"footnotes":""},"class_list":["post-1527","page","type-page","status-publish","hentry"],"yoast_head":"<!-- This site is optimized with the Yoast SEO plugin v27.4 - https:\/\/yoast.com\/product\/yoast-seo-wordpress\/ -->\n<title>Advies voor uw sleutelkluis opvragen -<\/title>\n<meta name=\"description\" content=\"Advies over uw sleutelkluis opvragen bij onze experts is de sleutel tot succes. Neem snel contact met ons op en wij vertellen u alles wat u moet weten.\" \/>\n<meta name=\"robots\" content=\"index, follow, max-snippet:-1, max-image-preview:large, max-video-preview:-1\" \/>\n<link rel=\"canonical\" href=\"https:\/\/keybox.nl\/pl\/advies-sleutelkluis-opvragen\/\" \/>\n<meta property=\"og:locale\" content=\"pl_PL\" \/>\n<meta property=\"og:type\" content=\"article\" \/>\n<meta property=\"og:title\" content=\"Advies voor uw sleutelkluis opvragen -\" \/>\n<meta property=\"og:description\" content=\"Advies over uw sleutelkluis opvragen bij onze experts is de sleutel tot succes. Neem snel contact met ons op en wij vertellen u alles wat u moet weten.\" \/>\n<meta property=\"og:url\" content=\"https:\/\/keybox.nl\/pl\/advies-sleutelkluis-opvragen\/\" \/>\n<meta property=\"article:modified_time\" content=\"2023-07-25T10:23:07+00:00\" \/>\n<meta property=\"og:image\" content=\"http:\/\/keybox.nl\/wp-content\/uploads\/2021\/12\/KSB103-KSB005-4-scaled.jpg\" \/>\n<meta name=\"twitter:card\" content=\"summary_large_image\" \/>\n<meta name=\"twitter:label1\" content=\"Szacowany czas czytania\" \/>\n\t<meta name=\"twitter:data1\" content=\"3 minuty\" \/>\n<script type=\"application\/ld+json\" class=\"yoast-schema-graph\">{\"@context\":\"https:\\\/\\\/schema.org\",\"@graph\":[{\"@type\":\"WebPage\",\"@id\":\"https:\\\/\\\/keybox.nl\\\/advies-sleutelkluis-opvragen\\\/\",\"url\":\"https:\\\/\\\/keybox.nl\\\/advies-sleutelkluis-opvragen\\\/\",\"name\":\"Advies voor uw sleutelkluis opvragen -\",\"isPartOf\":{\"@id\":\"https:\\\/\\\/keybox.nl\\\/#website\"},\"primaryImageOfPage\":{\"@id\":\"https:\\\/\\\/keybox.nl\\\/advies-sleutelkluis-opvragen\\\/#primaryimage\"},\"image\":{\"@id\":\"https:\\\/\\\/keybox.nl\\\/advies-sleutelkluis-opvragen\\\/#primaryimage\"},\"thumbnailUrl\":\"http:\\\/\\\/keybox.nl\\\/wp-content\\\/uploads\\\/2021\\\/12\\\/KSB103-KSB005-4-scaled.jpg\",\"datePublished\":\"2023-07-20T12:27:01+00:00\",\"dateModified\":\"2023-07-25T10:23:07+00:00\",\"description\":\"Advies over uw sleutelkluis opvragen bij onze experts is de sleutel tot succes. Neem snel contact met ons op en wij vertellen u alles wat u moet weten.\",\"breadcrumb\":{\"@id\":\"https:\\\/\\\/keybox.nl\\\/advies-sleutelkluis-opvragen\\\/#breadcrumb\"},\"inLanguage\":\"pl-PL\",\"potentialAction\":[{\"@type\":\"ReadAction\",\"target\":[\"https:\\\/\\\/keybox.nl\\\/advies-sleutelkluis-opvragen\\\/\"]}]},{\"@type\":\"ImageObject\",\"inLanguage\":\"pl-PL\",\"@id\":\"https:\\\/\\\/keybox.nl\\\/advies-sleutelkluis-opvragen\\\/#primaryimage\",\"url\":\"http:\\\/\\\/keybox.nl\\\/wp-content\\\/uploads\\\/2021\\\/12\\\/KSB103-KSB005-4-scaled.jpg\",\"contentUrl\":\"http:\\\/\\\/keybox.nl\\\/wp-content\\\/uploads\\\/2021\\\/12\\\/KSB103-KSB005-4-scaled.jpg\"},{\"@type\":\"BreadcrumbList\",\"@id\":\"https:\\\/\\\/keybox.nl\\\/advies-sleutelkluis-opvragen\\\/#breadcrumb\",\"itemListElement\":[{\"@type\":\"ListItem\",\"position\":1,\"name\":\"Home\",\"item\":\"https:\\\/\\\/keybox.nl\\\/\"},{\"@type\":\"ListItem\",\"position\":2,\"name\":\"advies-sleutelkluis-opvragen\"}]},{\"@type\":\"WebSite\",\"@id\":\"https:\\\/\\\/keybox.nl\\\/#website\",\"url\":\"https:\\\/\\\/keybox.nl\\\/\",\"name\":\"\",\"description\":\"\",\"potentialAction\":[{\"@type\":\"SearchAction\",\"target\":{\"@type\":\"EntryPoint\",\"urlTemplate\":\"https:\\\/\\\/keybox.nl\\\/?s={search_term_string}\"},\"query-input\":{\"@type\":\"PropertyValueSpecification\",\"valueRequired\":true,\"valueName\":\"search_term_string\"}}],\"inLanguage\":\"pl-PL\"}]}<\/script>\n<!-- \/ Yoast SEO plugin. -->","yoast_head_json":{"title":"Popro\u015b o porad\u0119 dotycz\u0105c\u0105 sejfu na klucze -","description":"Uzyskanie porady od naszych ekspert\u00f3w jest kluczowe. Skontaktuj si\u0119 z nami wkr\u00f3tce, a powiemy Ci wszystko, co musisz wiedzie\u0107.","robots":{"index":"index","follow":"follow","max-snippet":"max-snippet:-1","max-image-preview":"max-image-preview:large","max-video-preview":"max-video-preview:-1"},"canonical":"https:\/\/keybox.nl\/pl\/advies-sleutelkluis-opvragen\/","og_locale":"pl_PL","og_type":"article","og_title":"Advies voor uw sleutelkluis opvragen -","og_description":"Advies over uw sleutelkluis opvragen bij onze experts is de sleutel tot succes. Neem snel contact met ons op en wij vertellen u alles wat u moet weten.","og_url":"https:\/\/keybox.nl\/pl\/advies-sleutelkluis-opvragen\/","article_modified_time":"2023-07-25T10:23:07+00:00","og_image":[{"url":"http:\/\/keybox.nl\/wp-content\/uploads\/2021\/12\/KSB103-KSB005-4-scaled.jpg","type":"","width":"","height":""}],"twitter_card":"summary_large_image","twitter_misc":{"Szacowany czas czytania":"3 minuty"},"schema":{"@context":"https:\/\/schema.org","@graph":[{"@type":"WebPage","@id":"https:\/\/keybox.nl\/advies-sleutelkluis-opvragen\/","url":"https:\/\/keybox.nl\/advies-sleutelkluis-opvragen\/","name":"Popro\u015b o porad\u0119 dotycz\u0105c\u0105 sejfu na klucze -","isPartOf":{"@id":"https:\/\/keybox.nl\/#website"},"primaryImageOfPage":{"@id":"https:\/\/keybox.nl\/advies-sleutelkluis-opvragen\/#primaryimage"},"image":{"@id":"https:\/\/keybox.nl\/advies-sleutelkluis-opvragen\/#primaryimage"},"thumbnailUrl":"http:\/\/keybox.nl\/wp-content\/uploads\/2021\/12\/KSB103-KSB005-4-scaled.jpg","datePublished":"2023-07-20T12:27:01+00:00","dateModified":"2023-07-25T10:23:07+00:00","description":"Uzyskanie porady od naszych ekspert\u00f3w jest kluczowe. Skontaktuj si\u0119 z nami wkr\u00f3tce, a powiemy Ci wszystko, co musisz wiedzie\u0107.","breadcrumb":{"@id":"https:\/\/keybox.nl\/advies-sleutelkluis-opvragen\/#breadcrumb"},"inLanguage":"pl-PL","potentialAction":[{"@type":"ReadAction","target":["https:\/\/keybox.nl\/advies-sleutelkluis-opvragen\/"]}]},{"@type":"ImageObject","inLanguage":"pl-PL","@id":"https:\/\/keybox.nl\/advies-sleutelkluis-opvragen\/#primaryimage","url":"http:\/\/keybox.nl\/wp-content\/uploads\/2021\/12\/KSB103-KSB005-4-scaled.jpg","contentUrl":"http:\/\/keybox.nl\/wp-content\/uploads\/2021\/12\/KSB103-KSB005-4-scaled.jpg"},{"@type":"BreadcrumbList","@id":"https:\/\/keybox.nl\/advies-sleutelkluis-opvragen\/#breadcrumb","itemListElement":[{"@type":"ListItem","position":1,"name":"Home","item":"https:\/\/keybox.nl\/"},{"@type":"ListItem","position":2,"name":"advies-sleutelkluis-opvragen"}]},{"@type":"WebSite","@id":"https:\/\/keybox.nl\/#website","url":"https:\/\/keybox.nl\/","name":"","description":"","potentialAction":[{"@type":"SearchAction","target":{"@type":"EntryPoint","urlTemplate":"https:\/\/keybox.nl\/?s={search_term_string}"},"query-input":{"@type":"PropertyValueSpecification","valueRequired":true,"valueName":"search_term_string"}}],"inLanguage":"pl-PL"}]}},"jetpack-related-posts":[{"id":1528,"url":"https:\/\/keybox.nl\/pl\/elektronische-sleutelkluis-kopen\/","url_meta":{"origin":1527,"position":0},"title":"klucz elektroniczny safe-buy","author":"Keybox@beheermodule","date":"20 lipca 2023","format":false,"excerpt":"Kup elektroniczny sejf na klucze w sklepie internetowym! Przyjazny dla u\u017cytkownika \u2713 Odporny i bezpieczny \u2713 R\u00f3\u017cne modele Zakup elektronicznego sejfu na klucze to pierwszy krok do zapewnienia bezpiecze\u0144stwa firmy lub domu. Keybox.pl oferuje rozwi\u0105zanie, kt\u00f3re idealnie pasuje do Twoich potrzeb. Te sejfy...","rel":"","context":"Podobny wpis","block_context":{"text":"Podobny wpis","link":""},"img":{"alt_text":"","src":"https:\/\/i0.wp.com\/keybox.nl\/wp-content\/uploads\/2023\/02\/Keysafe-Big-Pro-sleutelkastje_keybox.jpeg?resize=350%2C200&ssl=1","width":350,"height":200,"srcset":"https:\/\/i0.wp.com\/keybox.nl\/wp-content\/uploads\/2023\/02\/Keysafe-Big-Pro-sleutelkastje_keybox.jpeg?resize=350%2C200&ssl=1 1x, https:\/\/i0.wp.com\/keybox.nl\/wp-content\/uploads\/2023\/02\/Keysafe-Big-Pro-sleutelkastje_keybox.jpeg?resize=525%2C300&ssl=1 1.5x, https:\/\/i0.wp.com\/keybox.nl\/wp-content\/uploads\/2023\/02\/Keysafe-Big-Pro-sleutelkastje_keybox.jpeg?resize=700%2C400&ssl=1 2x"},"classes":[]},{"id":1400,"url":"https:\/\/keybox.nl\/pl\/montage-installatie\/","url_meta":{"origin":1527,"position":1},"title":"Monta\u017c i instalacja sejfu","author":"Keybox@beheermodule","date":"16 lutego 2023","format":false,"excerpt":"Kupi\u0107 sejf i zleci\u0107 jego profesjonalny monta\u017c? Wybierz Keybox.pl Na Keybox.pl mo\u017cesz nie tylko kupi\u0107 sejf, ale tak\u017ce zleci\u0107 jego profesjonalny monta\u017c i instalacj\u0119. Oferujemy kompleksow\u0105 us\u0142ug\u0119: od osobistego doradztwa po profesjonaln\u0105 instalacj\u0119 na miejscu. Dzi\u0119ki temu masz pewno\u015b\u0107 maksymalnego bezpiecze\u0144stwa...","rel":"","context":"Podobny wpis","block_context":{"text":"Podobny wpis","link":""},"img":{"alt_text":"","src":"https:\/\/i0.wp.com\/keybox.nl\/wp-content\/uploads\/2023\/02\/Bestelbus-keybox.jpg?resize=350%2C200&ssl=1","width":350,"height":200,"srcset":"https:\/\/i0.wp.com\/keybox.nl\/wp-content\/uploads\/2023\/02\/Bestelbus-keybox.jpg?resize=350%2C200&ssl=1 1x, https:\/\/i0.wp.com\/keybox.nl\/wp-content\/uploads\/2023\/02\/Bestelbus-keybox.jpg?resize=525%2C300&ssl=1 1.5x, https:\/\/i0.wp.com\/keybox.nl\/wp-content\/uploads\/2023\/02\/Bestelbus-keybox.jpg?resize=700%2C400&ssl=1 2x"},"classes":[]},{"id":1506,"url":"https:\/\/keybox.nl\/pl\/sleutelkluis-buiten\/","url_meta":{"origin":1527,"position":2},"title":"zewn\u0119trzny sejf na klucze","author":"Keybox@beheermodule","date":"20 lipca 2023","format":false,"excerpt":"Sejf na klucze zewn\u0119trzne Do sklepu internetowego! Przyjazny dla u\u017cytkownika \u2713 Odporny i bezpieczny \u2713 R\u00f3\u017cne modele Zewn\u0119trzny sejf na klucze jest istotn\u0105 cz\u0119\u015bci\u0105 skutecznego zarz\u0105dzania prawami dost\u0119pu, niezale\u017cnie od tego, czy prowadzisz firm\u0119, jeste\u015b w\u0142a\u015bcicielem, czy po prostu potrzebujesz bezpiecznego miejsca na zapasowe klucze. W Keybox.pl rozumiemy...","rel":"","context":"Podobny wpis","block_context":{"text":"Podobny wpis","link":""},"img":{"alt_text":"kluis peugeot","src":"https:\/\/i0.wp.com\/keybox.nl\/wp-content\/uploads\/2022\/02\/KSB007-Peugeot-scaled-e1643751089776.jpg?resize=350%2C200&ssl=1","width":350,"height":200,"srcset":"https:\/\/i0.wp.com\/keybox.nl\/wp-content\/uploads\/2022\/02\/KSB007-Peugeot-scaled-e1643751089776.jpg?resize=350%2C200&ssl=1 1x, https:\/\/i0.wp.com\/keybox.nl\/wp-content\/uploads\/2022\/02\/KSB007-Peugeot-scaled-e1643751089776.jpg?resize=525%2C300&ssl=1 1.5x"},"classes":[]},{"id":1507,"url":"https:\/\/keybox.nl\/pl\/sleutelkluis-bevestigen\/","url_meta":{"origin":1527,"position":3},"title":"naprawa sejfu na klucze","author":"Keybox@beheermodule","date":"20 lipca 2023","format":false,"excerpt":"Mocowanie sejfu na klucze Do sklepu internetowego! Przyjazny dla u\u017cytkownika \u2713 Odporny i bezpieczny \u2713 R\u00f3\u017cne modele Bezpieczne zamocowanie sejfu na klucze nie jest \u0142atwym zadaniem. Wa\u017cne jest jednak, aby zrobi\u0107 to poprawnie, aby sejf by\u0142 mocno przymocowany do \u015bciany. Keybox.pl z przyjemno\u015bci\u0105 opowie Ci wi\u0119cej o...","rel":"","context":"Podobny wpis","block_context":{"text":"Podobny wpis","link":""},"img":{"alt_text":"Keysafe Big Pro","src":"https:\/\/i0.wp.com\/keybox.nl\/wp-content\/uploads\/2023\/02\/S7-Pro-Big-Box-Key-Safe.jpg?resize=350%2C200&ssl=1","width":350,"height":200,"srcset":"https:\/\/i0.wp.com\/keybox.nl\/wp-content\/uploads\/2023\/02\/S7-Pro-Big-Box-Key-Safe.jpg?resize=350%2C200&ssl=1 1x, https:\/\/i0.wp.com\/keybox.nl\/wp-content\/uploads\/2023\/02\/S7-Pro-Big-Box-Key-Safe.jpg?resize=525%2C300&ssl=1 1.5x, https:\/\/i0.wp.com\/keybox.nl\/wp-content\/uploads\/2023\/02\/S7-Pro-Big-Box-Key-Safe.jpg?resize=700%2C400&ssl=1 2x"},"classes":[]},{"id":546,"url":"https:\/\/keybox.nl\/pl\/inbouwkluisjes-kopen\/","url_meta":{"origin":1527,"position":4},"title":"Kup sejfy do zabudowy","author":"Keybox@beheermodule","date":"11 marca 2022","format":false,"excerpt":"Kup solidne sejfy do zabudowy w sklepie internetowym! \u2713 Przyjazne dla u\u017cytkownika \u2713 Solidne i bezpieczne \u2713 R\u00f3\u017cne modele Chcesz kupi\u0107 sejfy do zabudowy dla swojej firmy? Nasz sklep internetowy oferuje r\u00f3\u017cne modele sejf\u00f3w do monta\u017cu w \u015bcianie. Poniewa\u017c system znajduje si\u0119 w \u015bcianie, nie mo\u017cna go zabra\u0107 i jest...","rel":"","context":"Podobny wpis","block_context":{"text":"Podobny wpis","link":""},"img":{"alt_text":"","src":"https:\/\/i0.wp.com\/keybox.nl\/wp-content\/uploads\/2021\/12\/KSB_102_1-e1638478691321.jpg?resize=350%2C200&ssl=1","width":350,"height":200,"srcset":"https:\/\/i0.wp.com\/keybox.nl\/wp-content\/uploads\/2021\/12\/KSB_102_1-e1638478691321.jpg?resize=350%2C200&ssl=1 1x, https:\/\/i0.wp.com\/keybox.nl\/wp-content\/uploads\/2021\/12\/KSB_102_1-e1638478691321.jpg?resize=525%2C300&ssl=1 1.5x, https:\/\/i0.wp.com\/keybox.nl\/wp-content\/uploads\/2021\/12\/KSB_102_1-e1638478691321.jpg?resize=700%2C400&ssl=1 2x"},"classes":[]},{"id":1529,"url":"https:\/\/keybox.nl\/pl\/sleutelhaken-kopen\/","url_meta":{"origin":1527,"position":5},"title":"key-hooks-buy","author":"Keybox@beheermodule","date":"20 lipca 2023","format":false,"excerpt":"Kup sejf z haczykami na klucze w sklepie internetowym! Przyjazne dla u\u017cytkownika \u2713 Odporne i bezpieczne \u2713 R\u00f3\u017cne modele Szukasz wysokiej jako\u015bci haczyk\u00f3w na klucze do wykorzystania w swojej firmie? W takim razie rozwa\u017c zakup profesjonalnie zabezpieczonej szafki na klucze. W ko\u0144cu nie chcesz, aby osoby o z\u0142ych intencjach...","rel":"","context":"Podobny wpis","block_context":{"text":"Podobny wpis","link":""},"img":{"alt_text":"","src":"https:\/\/i0.wp.com\/keybox.nl\/wp-content\/uploads\/2021\/12\/KSB_102_1-e1638478691321.jpg?resize=350%2C200&ssl=1","width":350,"height":200,"srcset":"https:\/\/i0.wp.com\/keybox.nl\/wp-content\/uploads\/2021\/12\/KSB_102_1-e1638478691321.jpg?resize=350%2C200&ssl=1 1x, https:\/\/i0.wp.com\/keybox.nl\/wp-content\/uploads\/2021\/12\/KSB_102_1-e1638478691321.jpg?resize=525%2C300&ssl=1 1.5x, https:\/\/i0.wp.com\/keybox.nl\/wp-content\/uploads\/2021\/12\/KSB_102_1-e1638478691321.jpg?resize=700%2C400&ssl=1 2x"},"classes":[]}],"jetpack_sharing_enabled":true,"_links":{"self":[{"href":"https:\/\/keybox.nl\/pl\/wp-json\/wp\/v2\/pages\/1527","targetHints":{"allow":["GET"]}}],"collection":[{"href":"https:\/\/keybox.nl\/pl\/wp-json\/wp\/v2\/pages"}],"about":[{"href":"https:\/\/keybox.nl\/pl\/wp-json\/wp\/v2\/types\/page"}],"author":[{"embeddable":true,"href":"https:\/\/keybox.nl\/pl\/wp-json\/wp\/v2\/users\/1"}],"replies":[{"embeddable":true,"href":"https:\/\/keybox.nl\/pl\/wp-json\/wp\/v2\/comments?post=1527"}],"version-history":[{"count":6,"href":"https:\/\/keybox.nl\/pl\/wp-json\/wp\/v2\/pages\/1527\/revisions"}],"predecessor-version":[{"id":1667,"href":"https:\/\/keybox.nl\/pl\/wp-json\/wp\/v2\/pages\/1527\/revisions\/1667"}],"wp:attachment":[{"href":"https:\/\/keybox.nl\/pl\/wp-json\/wp\/v2\/media?parent=1527"}],"curies":[{"name":"wp","href":"https:\/\/api.w.org\/{rel}","templated":true}]}}