{"id":1526,"date":"2023-07-20T12:26:39","date_gmt":"2023-07-20T12:26:39","guid":{"rendered":"http:\/\/keybox.nl\/?page_id=1526"},"modified":"2023-07-25T10:24:28","modified_gmt":"2023-07-25T10:24:28","slug":"safe-kluis-kopen","status":"publish","type":"page","link":"https:\/\/keybox.nl\/pl\/safe-kluis-kopen\/","title":{"rendered":"Kup bezpieczny sejf"},"content":{"rendered":"<div class=\"wp-block-cover alignfull\" style=\"min-height:200px;aspect-ratio:unset;\"><span aria-hidden=\"true\" class=\"wp-block-cover__background has-background-dim-60 has-background-dim\"><\/span><img decoding=\"async\" width=\"1920\" height=\"2560\" class=\"wp-block-cover__image-background wp-image-126\" alt=\"Kluis\" src=\"http:\/\/keybox.nl\/wp-content\/uploads\/2021\/12\/KSB103-KSB005-4-scaled.jpg\" style=\"object-position:50% 50%\" data-object-fit=\"cover\" data-object-position=\"50% 50%\" srcset=\"https:\/\/keybox.nl\/wp-content\/uploads\/2021\/12\/KSB103-KSB005-4-scaled.jpg 1920w, https:\/\/keybox.nl\/wp-content\/uploads\/2021\/12\/KSB103-KSB005-4-416x555.jpg 416w, https:\/\/keybox.nl\/wp-content\/uploads\/2021\/12\/KSB103-KSB005-4-225x300.jpg 225w, https:\/\/keybox.nl\/wp-content\/uploads\/2021\/12\/KSB103-KSB005-4-768x1024.jpg 768w, https:\/\/keybox.nl\/wp-content\/uploads\/2021\/12\/KSB103-KSB005-4-1152x1536.jpg 1152w, https:\/\/keybox.nl\/wp-content\/uploads\/2021\/12\/KSB103-KSB005-4-1536x2048.jpg 1536w, https:\/\/keybox.nl\/wp-content\/uploads\/2021\/12\/KSB103-KSB005-4-1320x1760.jpg 1320w\" sizes=\"(max-width: 1920px) 100vw, 1920px\" \/><div class=\"wp-block-cover__inner-container is-layout-flow wp-block-cover-is-layout-flow\">\n<h1 class=\"wp-block-heading alignwide has-text-align-left has-white-color has-text-color\" style=\"font-size:40px\">Kup sejf lub skarbiec<\/h1>\n\n\n\n<div class=\"wp-block-columns alignwide is-layout-flex wp-container-core-columns-is-layout-28f84493 wp-block-columns-is-layout-flex\">\n<div class=\"wp-block-column is-layout-flow wp-block-column-is-layout-flow\" style=\"flex-basis:55%\">\n<div class=\"wp-block-buttons is-layout-flex wp-block-buttons-is-layout-flex\">\n<div class=\"wp-block-button cta-knop alignleft\"><a class=\"wp-block-button__link has-black-color has-white-background-color has-text-color has-background wp-element-button\" href=\"http:\/\/keybox.nl\/pl\/\">Do sklepu internetowego!<\/a><\/div>\n<\/div>\n<\/div>\n<\/div>\n<\/div><\/div>\n\n\n\n<div style=\"height:50px\" aria-hidden=\"true\" class=\"wp-block-spacer\"><\/div>\n\n\n\n<div class=\"wp-block-group alignfull is-content-justification-center is-layout-flex wp-container-core-group-is-layout-81a7f686 wp-block-group-is-layout-flex\">\n<p class=\"usps has-normal-font-size\">Przyjazny dla u\u017cytkownika<\/p>\n\n\n\n<p>Odporno\u015b\u0107 i bezpiecze\u0144stwo<\/p>\n\n\n\n<p>R\u00f3\u017cne modele<\/p>\n<\/div>\n\n\n\n<style>\nh1.entry-title {\ndisplay:none;\n}\n\n.cta-knop {\nmargin-left: 35px !important;\n}\n\n.cta-knop:hover {\nopacity: 0.75;\n}\n\n@media only screen and (max-width: 1064px) {\n.cta-knop {\nmargin-left: 0px !important;\n}\n\n.wp-block-group.alignfull {\n    display: flex;\n    flex-direction: column;\n}\n}\n<\/style>\n\n\n\n<div style=\"height:100px\" aria-hidden=\"true\" class=\"wp-block-spacer\"><\/div>\n\n\n\n<p class=\"has-text-align-left align-left has-black-color has-text-color has-normal-font-size\">Je\u015bli cenisz sobie bezpiecze\u0144stwo i niezawodno\u015b\u0107, zakup sejfu jest pierwszym krokiem. Chocia\u017c terminy te s\u0105 cz\u0119sto u\u017cywane zamiennie, istniej\u0105 mi\u0119dzy nimi subtelne r\u00f3\u017cnice. \u2018Sejf\u2019 jest zwykle przeznaczony do og\u00f3lnego u\u017cytku, podczas gdy \u2018sejf\u2019 jest zwykle u\u017cywany do okre\u015blonych cel\u00f3w, takich jak ochrona przed po\u017carem lub kradzie\u017c\u0105. W Keybox.pl trafi\u0142e\u015b we w\u0142a\u015bciwe miejsce, aby kupi\u0107 sejf lub skarbiec, kt\u00f3ry spe\u0142ni wszystkie Twoje potrzeby w zakresie bezpiecze\u0144stwa.<\/p>\n\n\n\n<div style=\"height:100px\" aria-hidden=\"true\" class=\"wp-block-spacer\"><\/div>\n\n\n\n<div class=\"wp-block-group is-content-justification-center is-layout-flex wp-container-core-group-is-layout-81a7f686 wp-block-group-is-layout-flex\">\n<div class=\"wp-block-media-text alignwide is-stacked-on-mobile is-vertically-aligned-center\" style=\"grid-template-columns:40% auto\"><figure class=\"wp-block-media-text__media\"><img decoding=\"async\" width=\"1024\" height=\"954\" src=\"http:\/\/keybox.nl\/wp-content\/uploads\/2022\/01\/IMG_5364-1024x954.jpg\" alt=\"Regenkap Keysecuritybox\" class=\"wp-image-200 size-full\" srcset=\"https:\/\/keybox.nl\/wp-content\/uploads\/2022\/01\/IMG_5364-1024x954.jpg 1024w, https:\/\/keybox.nl\/wp-content\/uploads\/2022\/01\/IMG_5364-416x388.jpg 416w, https:\/\/keybox.nl\/wp-content\/uploads\/2022\/01\/IMG_5364-300x280.jpg 300w, https:\/\/keybox.nl\/wp-content\/uploads\/2022\/01\/IMG_5364-768x716.jpg 768w, https:\/\/keybox.nl\/wp-content\/uploads\/2022\/01\/IMG_5364-1536x1432.jpg 1536w, https:\/\/keybox.nl\/wp-content\/uploads\/2022\/01\/IMG_5364-2048x1909.jpg 2048w, https:\/\/keybox.nl\/wp-content\/uploads\/2022\/01\/IMG_5364-1320x1230.jpg 1320w\" sizes=\"(max-width: 1024px) 100vw, 1024px\" \/><\/figure><div class=\"wp-block-media-text__content\">\n<h2 class=\"wp-block-heading\">Dlaczego warto kupi\u0107 sejf lub skarbiec?<\/h2>\n\n\n\n<p>Zakup sejfu wi\u0105\u017ce si\u0119 z wieloma korzy\u015bciami. Zapewnia on spok\u00f3j ducha, \u017ce cenne przedmioty s\u0105 bezpieczne, a jednocze\u015bnie pomaga zorganizowa\u0107 sw\u00f3j dobytek. W naszym asortymencie <a href=\"http:\/\/keybox.nl\/pl\/\">bezpieczne szafki na klucze<\/a> bez w\u0105tpienia znajdziesz co\u015b, co Ci\u0119 zainteresuje. Nasz szeroki asortyment obejmuje:<\/p>\n\n\n\n<ul class=\"wp-block-list\">\n<li><a href=\"http:\/\/keybox.nl\/pl\/afstortkluis-bestellen\/\">Sejfy depozytowe<\/a> do bezpiecznego przechowywania kluczy.<\/li>\n\n\n\n<li><a href=\"http:\/\/keybox.nl\/pl\/sleutelhaken-kopen\/\">Sejfy z haczykami na klucze<\/a> do przejrzystego zarz\u0105dzania kluczami.<\/li>\n\n\n\n<li><a href=\"http:\/\/keybox.nl\/pl\/hotelkluis-kopen\/\">Sejfy hotelowe<\/a> dla go\u015bci, kt\u00f3rzy chc\u0105 zabezpieczy\u0107 swoje rzeczy.<\/li>\n\n\n\n<li><a href=\"http:\/\/keybox.nl\/pl\/brandkluis-voor-thuis\/\">Sejfy przeciwpo\u017carowe dla domu<\/a>, Idealny do ochrony wa\u017cnych dokument\u00f3w i kosztowno\u015bci przed ogniem.<\/li>\n<\/ul>\n\n\n\n<p>Kupuj\u0105c u nas sejf lub skarbiec, zapewniamy doskona\u0142\u0105 obs\u0142ug\u0119 klienta, produkty wysokiej jako\u015bci i konkurencyjne ceny.<\/p>\n<\/div><\/div>\n<\/div>\n\n\n\n<div style=\"height:100px\" aria-hidden=\"true\" class=\"wp-block-spacer\"><\/div>\n\n\n\n<h2 class=\"wp-block-heading has-text-align-center\"><strong>Szukasz sejfu?<\/strong><\/h2>\n\n\n\n<div class=\"wp-block-buttons is-content-justification-center is-layout-flex wp-container-core-buttons-is-layout-a89b3969 wp-block-buttons-is-layout-flex\">\n<div class=\"wp-block-button is-style-outline is-style-outline--1\"><a class=\"wp-block-button__link wp-element-button\" href=\"http:\/\/keybox.nl\/pl\/\">Zobacz sklep internetowy<\/a><\/div>\n<\/div>\n\n\n\n<div style=\"height:100px\" aria-hidden=\"true\" class=\"wp-block-spacer\"><\/div>\n\n\n\n<div class=\"wp-block-group is-content-justification-center is-layout-flex wp-container-core-group-is-layout-81a7f686 wp-block-group-is-layout-flex\">\n<div class=\"wp-block-media-text alignwide has-media-on-the-right is-stacked-on-mobile is-vertically-aligned-center\" style=\"grid-template-columns:auto 40%\"><div class=\"wp-block-media-text__content\">\n<h3 class=\"wp-block-heading has-text-color\" style=\"color:#000000;font-size:32px\"><strong>Odwied\u017a nasz sklep internetowy i z\u0142\u00f3\u017c zam\u00f3wienie<\/strong><\/h3>\n\n\n\n<p class=\"has-text-color has-normal-font-size\" style=\"color:#000000\">Nie czekaj d\u0142u\u017cej, aby zabezpieczy\u0107 swoje kosztowno\u015bci. Zapraszamy do odwiedzenia naszego sklepu internetowego i zakupu sejfu lub sejfu, kt\u00f3ry odpowiada Twoim potrzebom. Chcesz zobaczy\u0107 nasze produkty na \u017cywo? <a href=\"http:\/\/keybox.nl\/pl\/contact\/\">Um\u00f3w si\u0119 na spotkanie<\/a> w naszej firmie w Bussum. R\u00f3wnie\u017c je\u015bli szukasz <a href=\"http:\/\/keybox.nl\/pl\/goedkope-kluis-kopen\/\">ta\u0144sze rozwi\u0105zanie<\/a>, mamy dla Ciebie idealny sejf. Chro\u0144 to, co dla Ciebie cenne i zam\u00f3w sejf lub skarbiec ju\u017c dzi\u015b.<\/p>\n<\/div><figure class=\"wp-block-media-text__media\"><img decoding=\"async\" width=\"600\" height=\"800\" src=\"http:\/\/keybox.nl\/wp-content\/uploads\/2021\/12\/Extra-Armor-KSB.jpg\" alt=\"Kluis los\" class=\"wp-image-103 size-full\" srcset=\"https:\/\/keybox.nl\/wp-content\/uploads\/2021\/12\/Extra-Armor-KSB.jpg 600w, https:\/\/keybox.nl\/wp-content\/uploads\/2021\/12\/Extra-Armor-KSB-416x555.jpg 416w, https:\/\/keybox.nl\/wp-content\/uploads\/2021\/12\/Extra-Armor-KSB-225x300.jpg 225w\" sizes=\"(max-width: 600px) 100vw, 600px\" \/><\/figure><\/div>\n<\/div>\n\n\n\n<div style=\"height:50px\" aria-hidden=\"true\" class=\"wp-block-spacer\"><\/div>\n\n\n\n<h2 class=\"wp-block-heading alignwide has-text-align-left form-titel\"><strong>Masz pytania dotycz\u0105ce bezpiecze\u0144stwa?<\/strong><\/h2>\n\n\n<div class=\"wp-block-jetpack-contact-form alignwide is-layout-flex wp-container-jetpack-contact-form-is-layout-2b4208ba wp-block-jetpack-contact-form-is-layout-flex\"><a href=\"https:\/\/keybox.nl\/pl\/safe-kluis-kopen\/\" target=\"_blank\" rel=\"noopener noreferrer\">Prze\u015blij formularz.<\/a><\/div>\n\n\n<p><\/p>","protected":false},"excerpt":{"rendered":"<p>\u2713 Gebruiksvriendelijk \u2713 Bestendig en veilig \u2713 Diverse modellen Als u veiligheid en betrouwbaarheid hoog in het vaandel heeft staan, dan is een safe of kluis kopen de eerste stap. Hoewel deze termen vaak door elkaar worden gebruikt, zijn er subtiele verschillen. Een &#8216;kluis&#8217; is doorgaans ontworpen voor een algemeen gebruik, terwijl een &#8216;safe&#8217; doorgaans [&hellip;]<\/p>\n","protected":false},"author":1,"featured_media":0,"parent":0,"menu_order":0,"comment_status":"closed","ping_status":"closed","template":"template-fullwidth.php","meta":{"footnotes":""},"class_list":["post-1526","page","type-page","status-publish","hentry"],"yoast_head":"<!-- This site is optimized with the Yoast SEO plugin v27.5 - https:\/\/yoast.com\/product\/yoast-seo-wordpress\/ -->\n<title>Een hoogkwalitatieve safe of kluis kopen -<\/title>\n<meta name=\"description\" content=\"Wilt u een hoogwaardige safe of kluis kopen? Bij ons vindt u verschillende modellen waarin u uw spullen veilig opbergt. Ontdek ons volledige aanbod!\" \/>\n<meta name=\"robots\" content=\"index, follow, max-snippet:-1, max-image-preview:large, max-video-preview:-1\" \/>\n<link rel=\"canonical\" href=\"https:\/\/keybox.nl\/pl\/safe-kluis-kopen\/\" \/>\n<meta property=\"og:locale\" content=\"pl_PL\" \/>\n<meta property=\"og:type\" content=\"article\" \/>\n<meta property=\"og:title\" content=\"Een hoogkwalitatieve safe of kluis kopen -\" \/>\n<meta property=\"og:description\" content=\"Wilt u een hoogwaardige safe of kluis kopen? Bij ons vindt u verschillende modellen waarin u uw spullen veilig opbergt. Ontdek ons volledige aanbod!\" \/>\n<meta property=\"og:url\" content=\"https:\/\/keybox.nl\/pl\/safe-kluis-kopen\/\" \/>\n<meta property=\"article:modified_time\" content=\"2023-07-25T10:24:28+00:00\" \/>\n<meta property=\"og:image\" content=\"http:\/\/keybox.nl\/wp-content\/uploads\/2021\/12\/KSB103-KSB005-4-scaled.jpg\" \/>\n<meta name=\"twitter:card\" content=\"summary_large_image\" \/>\n<meta name=\"twitter:label1\" content=\"Szacowany czas czytania\" \/>\n\t<meta name=\"twitter:data1\" content=\"3 minuty\" \/>\n<script type=\"application\/ld+json\" class=\"yoast-schema-graph\">{\"@context\":\"https:\\\/\\\/schema.org\",\"@graph\":[{\"@type\":\"WebPage\",\"@id\":\"https:\\\/\\\/keybox.nl\\\/safe-kluis-kopen\\\/\",\"url\":\"https:\\\/\\\/keybox.nl\\\/safe-kluis-kopen\\\/\",\"name\":\"Een hoogkwalitatieve safe of kluis kopen -\",\"isPartOf\":{\"@id\":\"https:\\\/\\\/keybox.nl\\\/#website\"},\"primaryImageOfPage\":{\"@id\":\"https:\\\/\\\/keybox.nl\\\/safe-kluis-kopen\\\/#primaryimage\"},\"image\":{\"@id\":\"https:\\\/\\\/keybox.nl\\\/safe-kluis-kopen\\\/#primaryimage\"},\"thumbnailUrl\":\"http:\\\/\\\/keybox.nl\\\/wp-content\\\/uploads\\\/2021\\\/12\\\/KSB103-KSB005-4-scaled.jpg\",\"datePublished\":\"2023-07-20T12:26:39+00:00\",\"dateModified\":\"2023-07-25T10:24:28+00:00\",\"description\":\"Wilt u een hoogwaardige safe of kluis kopen? Bij ons vindt u verschillende modellen waarin u uw spullen veilig opbergt. Ontdek ons volledige aanbod!\",\"breadcrumb\":{\"@id\":\"https:\\\/\\\/keybox.nl\\\/safe-kluis-kopen\\\/#breadcrumb\"},\"inLanguage\":\"pl-PL\",\"potentialAction\":[{\"@type\":\"ReadAction\",\"target\":[\"https:\\\/\\\/keybox.nl\\\/safe-kluis-kopen\\\/\"]}]},{\"@type\":\"ImageObject\",\"inLanguage\":\"pl-PL\",\"@id\":\"https:\\\/\\\/keybox.nl\\\/safe-kluis-kopen\\\/#primaryimage\",\"url\":\"http:\\\/\\\/keybox.nl\\\/wp-content\\\/uploads\\\/2021\\\/12\\\/KSB103-KSB005-4-scaled.jpg\",\"contentUrl\":\"http:\\\/\\\/keybox.nl\\\/wp-content\\\/uploads\\\/2021\\\/12\\\/KSB103-KSB005-4-scaled.jpg\"},{\"@type\":\"BreadcrumbList\",\"@id\":\"https:\\\/\\\/keybox.nl\\\/safe-kluis-kopen\\\/#breadcrumb\",\"itemListElement\":[{\"@type\":\"ListItem\",\"position\":1,\"name\":\"Home\",\"item\":\"https:\\\/\\\/keybox.nl\\\/\"},{\"@type\":\"ListItem\",\"position\":2,\"name\":\"Safe kluis kopen\"}]},{\"@type\":\"WebSite\",\"@id\":\"https:\\\/\\\/keybox.nl\\\/#website\",\"url\":\"https:\\\/\\\/keybox.nl\\\/\",\"name\":\"\",\"description\":\"\",\"potentialAction\":[{\"@type\":\"SearchAction\",\"target\":{\"@type\":\"EntryPoint\",\"urlTemplate\":\"https:\\\/\\\/keybox.nl\\\/?s={search_term_string}\"},\"query-input\":{\"@type\":\"PropertyValueSpecification\",\"valueRequired\":true,\"valueName\":\"search_term_string\"}}],\"inLanguage\":\"pl-PL\"}]}<\/script>\n<!-- \/ Yoast SEO plugin. -->","yoast_head_json":{"title":"Zakup wysokiej jako\u015bci sejfu lub skarbca -","description":"Chcesz kupi\u0107 wysokiej jako\u015bci sejf lub skrytk\u0119? U nas znajdziesz r\u00f3\u017cne modele, w kt\u00f3rych mo\u017cesz bezpiecznie przechowywa\u0107 swoje rzeczy. Odkryj nasz\u0105 pe\u0142n\u0105 ofert\u0119!","robots":{"index":"index","follow":"follow","max-snippet":"max-snippet:-1","max-image-preview":"max-image-preview:large","max-video-preview":"max-video-preview:-1"},"canonical":"https:\/\/keybox.nl\/pl\/safe-kluis-kopen\/","og_locale":"pl_PL","og_type":"article","og_title":"Een hoogkwalitatieve safe of kluis kopen -","og_description":"Wilt u een hoogwaardige safe of kluis kopen? Bij ons vindt u verschillende modellen waarin u uw spullen veilig opbergt. Ontdek ons volledige aanbod!","og_url":"https:\/\/keybox.nl\/pl\/safe-kluis-kopen\/","article_modified_time":"2023-07-25T10:24:28+00:00","og_image":[{"url":"http:\/\/keybox.nl\/wp-content\/uploads\/2021\/12\/KSB103-KSB005-4-scaled.jpg","type":"","width":"","height":""}],"twitter_card":"summary_large_image","twitter_misc":{"Szacowany czas czytania":"3 minuty"},"schema":{"@context":"https:\/\/schema.org","@graph":[{"@type":"WebPage","@id":"https:\/\/keybox.nl\/safe-kluis-kopen\/","url":"https:\/\/keybox.nl\/safe-kluis-kopen\/","name":"Zakup wysokiej jako\u015bci sejfu lub skarbca -","isPartOf":{"@id":"https:\/\/keybox.nl\/#website"},"primaryImageOfPage":{"@id":"https:\/\/keybox.nl\/safe-kluis-kopen\/#primaryimage"},"image":{"@id":"https:\/\/keybox.nl\/safe-kluis-kopen\/#primaryimage"},"thumbnailUrl":"http:\/\/keybox.nl\/wp-content\/uploads\/2021\/12\/KSB103-KSB005-4-scaled.jpg","datePublished":"2023-07-20T12:26:39+00:00","dateModified":"2023-07-25T10:24:28+00:00","description":"Chcesz kupi\u0107 wysokiej jako\u015bci sejf lub skrytk\u0119? U nas znajdziesz r\u00f3\u017cne modele, w kt\u00f3rych mo\u017cesz bezpiecznie przechowywa\u0107 swoje rzeczy. Odkryj nasz\u0105 pe\u0142n\u0105 ofert\u0119!","breadcrumb":{"@id":"https:\/\/keybox.nl\/safe-kluis-kopen\/#breadcrumb"},"inLanguage":"pl-PL","potentialAction":[{"@type":"ReadAction","target":["https:\/\/keybox.nl\/safe-kluis-kopen\/"]}]},{"@type":"ImageObject","inLanguage":"pl-PL","@id":"https:\/\/keybox.nl\/safe-kluis-kopen\/#primaryimage","url":"http:\/\/keybox.nl\/wp-content\/uploads\/2021\/12\/KSB103-KSB005-4-scaled.jpg","contentUrl":"http:\/\/keybox.nl\/wp-content\/uploads\/2021\/12\/KSB103-KSB005-4-scaled.jpg"},{"@type":"BreadcrumbList","@id":"https:\/\/keybox.nl\/safe-kluis-kopen\/#breadcrumb","itemListElement":[{"@type":"ListItem","position":1,"name":"Home","item":"https:\/\/keybox.nl\/"},{"@type":"ListItem","position":2,"name":"Safe kluis kopen"}]},{"@type":"WebSite","@id":"https:\/\/keybox.nl\/#website","url":"https:\/\/keybox.nl\/","name":"","description":"","potentialAction":[{"@type":"SearchAction","target":{"@type":"EntryPoint","urlTemplate":"https:\/\/keybox.nl\/?s={search_term_string}"},"query-input":{"@type":"PropertyValueSpecification","valueRequired":true,"valueName":"search_term_string"}}],"inLanguage":"pl-PL"}]}},"jetpack-related-posts":[{"id":543,"url":"https:\/\/keybox.nl\/pl\/inbraakwerende-kluis-kopen\/","url_meta":{"origin":1526,"position":0},"title":"Kup sejf antyw\u0142amaniowy","author":"Keybox@beheermodule","date":"11 marca 2022","format":false,"excerpt":"Zakup odpornego, antyw\u0142amaniowego sejfu W sklepie internetowym! Przyjazny dla u\u017cytkownika \u2713 Odporny i bezpieczny \u2713 R\u00f3\u017cne modele Zakup sejfu antyw\u0142amaniowego na swoje kosztowno\u015bci jest wa\u017cny. To dlatego, \u017ce zapewnia im doskona\u0142\u0105 ochron\u0119 przed r\u00f3\u017cnymi rodzajami kradzie\u017cy. Na Keybox.pl mo\u017cesz kupi\u0107 sejf antyw\u0142amaniowy na klucze, kt\u00f3ry...","rel":"","context":"Podobny wpis","block_context":{"text":"Podobny wpis","link":""},"img":{"alt_text":"Keysafe Slim line","src":"https:\/\/i0.wp.com\/keybox.nl\/wp-content\/uploads\/2022\/12\/Keysafe_Slim_line_Keybox.jpeg?resize=350%2C200&ssl=1","width":350,"height":200,"srcset":"https:\/\/i0.wp.com\/keybox.nl\/wp-content\/uploads\/2022\/12\/Keysafe_Slim_line_Keybox.jpeg?resize=350%2C200&ssl=1 1x, https:\/\/i0.wp.com\/keybox.nl\/wp-content\/uploads\/2022\/12\/Keysafe_Slim_line_Keybox.jpeg?resize=525%2C300&ssl=1 1.5x, https:\/\/i0.wp.com\/keybox.nl\/wp-content\/uploads\/2022\/12\/Keysafe_Slim_line_Keybox.jpeg?resize=700%2C400&ssl=1 2x"},"classes":[]},{"id":552,"url":"https:\/\/keybox.nl\/pl\/kluis-waardeberging-kopen\/","url_meta":{"origin":1526,"position":1},"title":"Kup sejf depozytowy","author":"Keybox@beheermodule","date":"11 marca 2022","format":false,"excerpt":"Zakup sejfu o wysokim poziomie bezpiecze\u0144stwa w sklepie internetowym! Przyjazny dla u\u017cytkownika \u2713 Odporny i bezpieczny \u2713 R\u00f3\u017cne modele W przypadku bardzo cennych przedmiot\u00f3w nale\u017cy kupi\u0107 sejf o du\u017cej pojemno\u015bci. Maksymalna warto\u015b\u0107 przechowywania sejfu wskazuje, do jakiej kwoty zawarto\u015b\u0107 sejfu jest ubezpieczona....","rel":"","context":"Podobny wpis","block_context":{"text":"Podobny wpis","link":""},"img":{"alt_text":"","src":"https:\/\/i0.wp.com\/keybox.nl\/wp-content\/uploads\/2021\/12\/KSB_102_1-e1638478691321.jpg?resize=350%2C200&ssl=1","width":350,"height":200,"srcset":"https:\/\/i0.wp.com\/keybox.nl\/wp-content\/uploads\/2021\/12\/KSB_102_1-e1638478691321.jpg?resize=350%2C200&ssl=1 1x, https:\/\/i0.wp.com\/keybox.nl\/wp-content\/uploads\/2021\/12\/KSB_102_1-e1638478691321.jpg?resize=525%2C300&ssl=1 1.5x, https:\/\/i0.wp.com\/keybox.nl\/wp-content\/uploads\/2021\/12\/KSB_102_1-e1638478691321.jpg?resize=700%2C400&ssl=1 2x"},"classes":[]},{"id":538,"url":"https:\/\/keybox.nl\/pl\/kluis-kopen-voor-thuis\/","url_meta":{"origin":1526,"position":2},"title":"Kup sejf do domu","author":"Keybox@beheermodule","date":"11 marca 2022","format":false,"excerpt":"Zakup odpornego sejfu do domu Do sklepu internetowego! \u2713 Przyjazny dla u\u017cytkownika \u2713 Odporny i bezpieczny \u2713 R\u00f3\u017cne modele Chcesz kupi\u0107 por\u0119czny sejf do domu? W takim razie Keybox.pl ma to, czego szukasz. Sejfy domowe s\u0105 nieco mniejsze i nie wymagaj\u0105 rozleg\u0142ej instalacji, co czyni je idealnymi...","rel":"","context":"Podobny wpis","block_context":{"text":"Podobny wpis","link":""},"img":{"alt_text":"","src":"https:\/\/i0.wp.com\/keybox.nl\/wp-content\/uploads\/2022\/01\/KSB007-inner-safe-2-e1643896091542.jpg?resize=350%2C200&ssl=1","width":350,"height":200,"srcset":"https:\/\/i0.wp.com\/keybox.nl\/wp-content\/uploads\/2022\/01\/KSB007-inner-safe-2-e1643896091542.jpg?resize=350%2C200&ssl=1 1x, https:\/\/i0.wp.com\/keybox.nl\/wp-content\/uploads\/2022\/01\/KSB007-inner-safe-2-e1643896091542.jpg?resize=525%2C300&ssl=1 1.5x, https:\/\/i0.wp.com\/keybox.nl\/wp-content\/uploads\/2022\/01\/KSB007-inner-safe-2-e1643896091542.jpg?resize=700%2C400&ssl=1 2x"},"classes":[]},{"id":554,"url":"https:\/\/keybox.nl\/pl\/kluis-waardeberging-kopen-2\/","url_meta":{"origin":1526,"position":3},"title":"Kup sejf depozytowy","author":"Keybox@beheermodule","date":"11 marca 2022","format":false,"excerpt":"Zakup sejfu o wysokim poziomie bezpiecze\u0144stwa w sklepie internetowym! \u2713 Przyjazny dla u\u017cytkownika \u2713 Odporny i bezpieczny \u2713 R\u00f3\u017cne modele W przypadku niezwykle cennych przedmiot\u00f3w nale\u017cy kupi\u0107 sejf o wysokiej warto\u015bci przechowywania. Im wy\u017csza warto\u015b\u0107 przechowywania, tym sejf jest bardziej odporny na w\u0142amanie. My w Keybox.nl w Bussum...","rel":"","context":"Podobny wpis","block_context":{"text":"Podobny wpis","link":""},"img":{"alt_text":"kluis peugeot","src":"https:\/\/i0.wp.com\/keybox.nl\/wp-content\/uploads\/2022\/02\/KSB007-Peugeot-scaled-e1643751089776.jpg?resize=350%2C200&ssl=1","width":350,"height":200,"srcset":"https:\/\/i0.wp.com\/keybox.nl\/wp-content\/uploads\/2022\/02\/KSB007-Peugeot-scaled-e1643751089776.jpg?resize=350%2C200&ssl=1 1x, https:\/\/i0.wp.com\/keybox.nl\/wp-content\/uploads\/2022\/02\/KSB007-Peugeot-scaled-e1643751089776.jpg?resize=525%2C300&ssl=1 1.5x"},"classes":[]},{"id":326,"url":"https:\/\/keybox.nl\/pl\/goedkope-kluis-kopen\/","url_meta":{"origin":1526,"position":4},"title":"Kup tani sejf","author":"Keybox@beheermodule","date":"3 marca 2022","format":false,"excerpt":"Kup tani, wysokiej jako\u015bci sejf w sklepie internetowym! Przyjazny dla u\u017cytkownika \u2713 Odporny i bezpieczny \u2713 R\u00f3\u017cne modele W Keybox.pl mo\u017cesz kupi\u0107 tani, odporny sejf dla swojej firmy. Dzi\u0119ki naszym sejfom wydawanie kluczy jest zawsze bezpieczne. Co wi\u0119cej, nikt nie musi by\u0107 obecny, aby...","rel":"","context":"Podobny wpis","block_context":{"text":"Podobny wpis","link":""},"img":{"alt_text":"","src":"https:\/\/i0.wp.com\/keybox.nl\/wp-content\/uploads\/2021\/12\/KSB_102_1-e1638478691321.jpg?resize=350%2C200&ssl=1","width":350,"height":200,"srcset":"https:\/\/i0.wp.com\/keybox.nl\/wp-content\/uploads\/2021\/12\/KSB_102_1-e1638478691321.jpg?resize=350%2C200&ssl=1 1x, https:\/\/i0.wp.com\/keybox.nl\/wp-content\/uploads\/2021\/12\/KSB_102_1-e1638478691321.jpg?resize=525%2C300&ssl=1 1.5x, https:\/\/i0.wp.com\/keybox.nl\/wp-content\/uploads\/2021\/12\/KSB_102_1-e1638478691321.jpg?resize=700%2C400&ssl=1 2x"},"classes":[]},{"id":556,"url":"https:\/\/keybox.nl\/pl\/kleine-sleutelkluisjes-kopen\/","url_meta":{"origin":1526,"position":5},"title":"Kup ma\u0142e sejfy na klucze","author":"Keybox@beheermodule","date":"11 marca 2022","format":false,"excerpt":"Kup niezawodne ma\u0142e sejfy na klucze w sklepie internetowym! \u2713 Przyjazne dla u\u017cytkownika \u2713 Odporne i bezpieczne \u2713 R\u00f3\u017cne modele U nas mo\u017cesz kupi\u0107 ma\u0142e sejfy na klucze, aby bezpiecznie przechowywa\u0107 klucze. Keybox.pl oferuje wszelkiego rodzaju sejfy, takie jak ma\u0142y sejf na klucze, kt\u00f3ry mo\u017cna \u0142atwo kupi\u0107 online. Dzi\u0119ki naszym...","rel":"","context":"Podobny wpis","block_context":{"text":"Podobny wpis","link":""},"img":{"alt_text":"","src":"https:\/\/i0.wp.com\/keybox.nl\/wp-content\/uploads\/2022\/12\/Keysafe_Original_keybox_sleutelkluis.jpg?resize=350%2C200&ssl=1","width":350,"height":200,"srcset":"https:\/\/i0.wp.com\/keybox.nl\/wp-content\/uploads\/2022\/12\/Keysafe_Original_keybox_sleutelkluis.jpg?resize=350%2C200&ssl=1 1x, https:\/\/i0.wp.com\/keybox.nl\/wp-content\/uploads\/2022\/12\/Keysafe_Original_keybox_sleutelkluis.jpg?resize=525%2C300&ssl=1 1.5x, https:\/\/i0.wp.com\/keybox.nl\/wp-content\/uploads\/2022\/12\/Keysafe_Original_keybox_sleutelkluis.jpg?resize=700%2C400&ssl=1 2x"},"classes":[]}],"jetpack_sharing_enabled":true,"_links":{"self":[{"href":"https:\/\/keybox.nl\/pl\/wp-json\/wp\/v2\/pages\/1526","targetHints":{"allow":["GET"]}}],"collection":[{"href":"https:\/\/keybox.nl\/pl\/wp-json\/wp\/v2\/pages"}],"about":[{"href":"https:\/\/keybox.nl\/pl\/wp-json\/wp\/v2\/types\/page"}],"author":[{"embeddable":true,"href":"https:\/\/keybox.nl\/pl\/wp-json\/wp\/v2\/users\/1"}],"replies":[{"embeddable":true,"href":"https:\/\/keybox.nl\/pl\/wp-json\/wp\/v2\/comments?post=1526"}],"version-history":[{"count":6,"href":"https:\/\/keybox.nl\/pl\/wp-json\/wp\/v2\/pages\/1526\/revisions"}],"predecessor-version":[{"id":1668,"href":"https:\/\/keybox.nl\/pl\/wp-json\/wp\/v2\/pages\/1526\/revisions\/1668"}],"wp:attachment":[{"href":"https:\/\/keybox.nl\/pl\/wp-json\/wp\/v2\/media?parent=1526"}],"curies":[{"name":"wp","href":"https:\/\/api.w.org\/{rel}","templated":true}]}}