{"id":1510,"date":"2023-07-20T12:13:59","date_gmt":"2023-07-20T12:13:59","guid":{"rendered":"http:\/\/keybox.nl\/?page_id=1510"},"modified":"2023-07-25T09:42:43","modified_gmt":"2023-07-25T09:42:43","slug":"geldkluis-bestellen","status":"publish","type":"page","link":"https:\/\/keybox.nl\/pl\/geldkluis-bestellen\/","title":{"rendered":"Zam\u00f3w sejf na pieni\u0105dze"},"content":{"rendered":"<div class=\"wp-block-cover alignfull\" style=\"min-height:200px;aspect-ratio:unset;\"><span aria-hidden=\"true\" class=\"wp-block-cover__background has-background-dim-60 has-background-dim\"><\/span><img decoding=\"async\" width=\"1920\" height=\"2560\" class=\"wp-block-cover__image-background wp-image-126\" alt=\"Kluis\" src=\"http:\/\/keybox.nl\/wp-content\/uploads\/2021\/12\/KSB103-KSB005-4-scaled.jpg\" style=\"object-position:50% 50%\" data-object-fit=\"cover\" data-object-position=\"50% 50%\" srcset=\"https:\/\/keybox.nl\/wp-content\/uploads\/2021\/12\/KSB103-KSB005-4-scaled.jpg 1920w, https:\/\/keybox.nl\/wp-content\/uploads\/2021\/12\/KSB103-KSB005-4-416x555.jpg 416w, https:\/\/keybox.nl\/wp-content\/uploads\/2021\/12\/KSB103-KSB005-4-225x300.jpg 225w, https:\/\/keybox.nl\/wp-content\/uploads\/2021\/12\/KSB103-KSB005-4-768x1024.jpg 768w, https:\/\/keybox.nl\/wp-content\/uploads\/2021\/12\/KSB103-KSB005-4-1152x1536.jpg 1152w, https:\/\/keybox.nl\/wp-content\/uploads\/2021\/12\/KSB103-KSB005-4-1536x2048.jpg 1536w, https:\/\/keybox.nl\/wp-content\/uploads\/2021\/12\/KSB103-KSB005-4-1320x1760.jpg 1320w\" sizes=\"(max-width: 1920px) 100vw, 1920px\" \/><div class=\"wp-block-cover__inner-container is-layout-flow wp-block-cover-is-layout-flow\">\n<h1 class=\"wp-block-heading alignwide has-text-align-left has-white-color has-text-color\" style=\"font-size:40px\">Zam\u00f3w sejf na pieni\u0105dze<\/h1>\n\n\n\n<div class=\"wp-block-columns alignwide is-layout-flex wp-container-core-columns-is-layout-28f84493 wp-block-columns-is-layout-flex\">\n<div class=\"wp-block-column is-layout-flow wp-block-column-is-layout-flow\" style=\"flex-basis:55%\">\n<div class=\"wp-block-buttons is-layout-flex wp-block-buttons-is-layout-flex\">\n<div class=\"wp-block-button cta-knop alignleft\"><a class=\"wp-block-button__link has-black-color has-white-background-color has-text-color has-background wp-element-button\" href=\"http:\/\/keybox.nl\/pl\/\">Do sklepu internetowego!<\/a><\/div>\n<\/div>\n<\/div>\n<\/div>\n<\/div><\/div>\n\n\n\n<div style=\"height:50px\" aria-hidden=\"true\" class=\"wp-block-spacer\"><\/div>\n\n\n\n<div class=\"wp-block-group alignfull is-content-justification-center is-layout-flex wp-container-core-group-is-layout-81a7f686 wp-block-group-is-layout-flex\">\n<p class=\"usps has-normal-font-size\">Przyjazny dla u\u017cytkownika<\/p>\n\n\n\n<p>Odporno\u015b\u0107 i bezpiecze\u0144stwo<\/p>\n\n\n\n<p>R\u00f3\u017cne modele<\/p>\n<\/div>\n\n\n\n<style>\nh1.entry-title {\ndisplay:none;\n}\n\n.cta-knop {\nmargin-left: 35px !important;\n}\n\n.cta-knop:hover {\nopacity: 0.75;\n}\n\n@media only screen and (max-width: 1064px) {\n.cta-knop {\nmargin-left: 0px !important;\n}\n\n.wp-block-group.alignfull {\n    display: flex;\n    flex-direction: column;\n}\n}\n<\/style>\n\n\n\n<div style=\"height:100px\" aria-hidden=\"true\" class=\"wp-block-spacer\"><\/div>\n\n\n\n<p class=\"has-text-align-left align-left has-black-color has-text-color has-normal-font-size\">Chcesz zam\u00f3wi\u0107 sejf na pieni\u0105dze? W takim razie Keybox.pl jest stron\u0105, kt\u00f3rej szukasz. Oferujemy sejfy szczeg\u00f3lnie wysokiej jako\u015bci. Nasze sejfy s\u0105 kompaktowe, wi\u0119c nie rzucaj\u0105 si\u0119 w oczy. Ponadto s\u0105 w pe\u0142ni odporne na w\u0142amanie i ogie\u0144. Dowiedz si\u0119 wszystkiego o naszych r\u00f3\u017cnych modelach tutaj!<\/p>\n\n\n\n<div style=\"height:100px\" aria-hidden=\"true\" class=\"wp-block-spacer\"><\/div>\n\n\n\n<div class=\"wp-block-group is-content-justification-center is-layout-flex wp-container-core-group-is-layout-81a7f686 wp-block-group-is-layout-flex\">\n<div class=\"wp-block-media-text alignwide is-stacked-on-mobile is-vertically-aligned-center\" style=\"grid-template-columns:40% auto\"><figure class=\"wp-block-media-text__media\"><img decoding=\"async\" width=\"1024\" height=\"1024\" src=\"http:\/\/keybox.nl\/wp-content\/uploads\/2021\/12\/KSB_102_1-1024x1024.jpg\" alt=\"\" class=\"wp-image-104 size-full\"\/><\/figure><div class=\"wp-block-media-text__content\">\n<h2 class=\"wp-block-heading\">Zapewnij sobie spok\u00f3j ducha, zamawiaj\u0105c sejf na pieni\u0105dze<\/h2>\n\n\n\n<p>Gdy w firmie znajduje si\u0119 du\u017ca ilo\u015b\u0107 got\u00f3wki, z pewno\u015bci\u0105 chcesz zapobiec jej kradzie\u017cy. Dlatego wa\u017cne jest, aby zam\u00f3wi\u0107 wysokiej jako\u015bci sejf na got\u00f3wk\u0119. W naszym sklepie internetowym mo\u017cna zam\u00f3wi\u0107 wysokiej jako\u015bci <a href=\"http:\/\/keybox.nl\/pl\/\">kupowa\u0107 sejfy<\/a> na drobne przedmioty, takie jak got\u00f3wka. Nasze sejfy got\u00f3wkowe s\u0105 dok\u0142adnie testowane i wyposa\u017cone w najnowocze\u015bniejsze technologie, dzi\u0119ki czemu mo\u017cesz liczy\u0107 na optymaln\u0105 ochron\u0119. Oczywi\u015bcie mo\u017cliwe jest r\u00f3wnie\u017c posiadanie tych <a href=\"http:\/\/keybox.nl\/pl\/kluis-kopen-voor-thuis\/\">sejf domowy<\/a> kupi\u0107. W ko\u0144cu chcesz r\u00f3wnie\u017c chroni\u0107 swoje rzeczy w domu przed w\u0142amaniem lub po\u017carem.<\/p>\n<\/div><\/div>\n<\/div>\n\n\n\n<div style=\"height:100px\" aria-hidden=\"true\" class=\"wp-block-spacer\"><\/div>\n\n\n\n<h2 class=\"wp-block-heading has-text-align-center\"><strong>Chcesz zam\u00f3wi\u0107 u nas sejf na pieni\u0105dze?<\/strong><\/h2>\n\n\n\n<div class=\"wp-block-buttons is-content-justification-center is-layout-flex wp-container-core-buttons-is-layout-a89b3969 wp-block-buttons-is-layout-flex\">\n<div class=\"wp-block-button is-style-outline is-style-outline--1\"><a class=\"wp-block-button__link wp-element-button\" href=\"http:\/\/keybox.nl\/pl\/\">Zobacz sklep internetowy<\/a><\/div>\n<\/div>\n\n\n\n<div style=\"height:100px\" aria-hidden=\"true\" class=\"wp-block-spacer\"><\/div>\n\n\n\n<div class=\"wp-block-group is-content-justification-center is-layout-flex wp-container-core-group-is-layout-81a7f686 wp-block-group-is-layout-flex\">\n<div class=\"wp-block-media-text alignwide has-media-on-the-right is-stacked-on-mobile is-vertically-aligned-center\" style=\"grid-template-columns:auto 40%\"><div class=\"wp-block-media-text__content\">\n<h3 class=\"wp-block-heading has-text-color\" style=\"color:#000000;font-size:32px\"><strong>Szybkie sk\u0142adanie zam\u00f3wie\u0144<\/strong><\/h3>\n\n\n\n<p>Chcesz zam\u00f3wi\u0107 wysokiej jako\u015bci sejf na pieni\u0105dze? W takim razie nie wahaj si\u0119 d\u0142u\u017cej i przejrzyj wszystkie sejfy na naszej stronie internetowej. Z pewno\u015bci\u0105 znajdziesz odpowiedni dla siebie. Nasi eksperci z przyjemno\u015bci\u0105 pomog\u0105 Ci r\u00f3wnie\u017c z <a href=\"http:\/\/keybox.nl\/pl\/montage-installatie\/\">monta\u017c sejfu<\/a>. Chcesz najpierw zobaczy\u0107 nasze sejfy na w\u0142asne oczy? W takim razie we\u017a <a href=\"http:\/\/keybox.nl\/pl\/contact\/\">skontaktuj si\u0119 z nami<\/a> aby um\u00f3wi\u0107 si\u0119 na spotkanie w naszym oddziale w Bussum.<\/p>\n<\/div><figure class=\"wp-block-media-text__media\"><img decoding=\"async\" width=\"600\" height=\"800\" src=\"http:\/\/keybox.nl\/wp-content\/uploads\/2021\/12\/Extra-Armor-KSB.jpg\" alt=\"Kluis los\" class=\"wp-image-103 size-full\" srcset=\"https:\/\/keybox.nl\/wp-content\/uploads\/2021\/12\/Extra-Armor-KSB.jpg 600w, https:\/\/keybox.nl\/wp-content\/uploads\/2021\/12\/Extra-Armor-KSB-416x555.jpg 416w, https:\/\/keybox.nl\/wp-content\/uploads\/2021\/12\/Extra-Armor-KSB-225x300.jpg 225w\" sizes=\"(max-width: 600px) 100vw, 600px\" \/><\/figure><\/div>\n<\/div>\n\n\n\n<div style=\"height:50px\" aria-hidden=\"true\" class=\"wp-block-spacer\"><\/div>\n\n\n\n<h2 class=\"wp-block-heading alignwide has-text-align-left form-titel\"><strong>Masz pytania dotycz\u0105ce bezpiecze\u0144stwa?<\/strong><\/h2>\n\n\n<div class=\"wp-block-jetpack-contact-form alignwide is-layout-flex wp-container-jetpack-contact-form-is-layout-2b4208ba wp-block-jetpack-contact-form-is-layout-flex\"><a href=\"https:\/\/keybox.nl\/pl\/geldkluis-bestellen\/\" target=\"_blank\" rel=\"noopener noreferrer\">Prze\u015blij formularz.<\/a><\/div>\n\n\n<p><\/p>","protected":false},"excerpt":{"rendered":"<p>\u2713 Gebruiksvriendelijk \u2713 Bestendig en veilig \u2713 Diverse modellen Wilt u graag een geldkluis bestellen? Dan is Keybox.nl de website die u zoekt. Wij bieden kluizen aan van bijzonder hoge kwaliteit. Onze kluizen zijn compact, waardoor ze niet opvallen. Bovendien zijn ze volledig inbraakwerend en brandbeschermend. Ontdek hier alles over onze verschillende modellen! Geef uzelf [&hellip;]<\/p>\n","protected":false},"author":1,"featured_media":0,"parent":0,"menu_order":0,"comment_status":"closed","ping_status":"closed","template":"template-fullwidth.php","meta":{"footnotes":""},"class_list":["post-1510","page","type-page","status-publish","hentry"],"yoast_head":"<!-- This site is optimized with the Yoast SEO plugin v27.4 - https:\/\/yoast.com\/product\/yoast-seo-wordpress\/ -->\n<title>Een hoogwaardige geldkluis bestellen -<\/title>\n<meta name=\"description\" content=\"Wilt u graag een geldkluis bestellen om uw contant geld veilig te houden? Neem dan een kijkje in ons aanbod en ontdek onze kwalitatieve kluizen.\" \/>\n<meta name=\"robots\" content=\"index, follow, max-snippet:-1, max-image-preview:large, max-video-preview:-1\" \/>\n<link rel=\"canonical\" href=\"https:\/\/keybox.nl\/pl\/geldkluis-bestellen\/\" \/>\n<meta property=\"og:locale\" content=\"pl_PL\" \/>\n<meta property=\"og:type\" content=\"article\" \/>\n<meta property=\"og:title\" content=\"Een hoogwaardige geldkluis bestellen -\" \/>\n<meta property=\"og:description\" content=\"Wilt u graag een geldkluis bestellen om uw contant geld veilig te houden? Neem dan een kijkje in ons aanbod en ontdek onze kwalitatieve kluizen.\" \/>\n<meta property=\"og:url\" content=\"https:\/\/keybox.nl\/pl\/geldkluis-bestellen\/\" \/>\n<meta property=\"article:modified_time\" content=\"2023-07-25T09:42:43+00:00\" \/>\n<meta property=\"og:image\" content=\"http:\/\/keybox.nl\/wp-content\/uploads\/2021\/12\/KSB103-KSB005-4-scaled.jpg\" \/>\n<meta name=\"twitter:card\" content=\"summary_large_image\" \/>\n<meta name=\"twitter:label1\" content=\"Szacowany czas czytania\" \/>\n\t<meta name=\"twitter:data1\" content=\"2 minuty\" \/>\n<script type=\"application\/ld+json\" class=\"yoast-schema-graph\">{\"@context\":\"https:\\\/\\\/schema.org\",\"@graph\":[{\"@type\":\"WebPage\",\"@id\":\"https:\\\/\\\/keybox.nl\\\/geldkluis-bestellen\\\/\",\"url\":\"https:\\\/\\\/keybox.nl\\\/geldkluis-bestellen\\\/\",\"name\":\"Een hoogwaardige geldkluis bestellen -\",\"isPartOf\":{\"@id\":\"https:\\\/\\\/keybox.nl\\\/#website\"},\"primaryImageOfPage\":{\"@id\":\"https:\\\/\\\/keybox.nl\\\/geldkluis-bestellen\\\/#primaryimage\"},\"image\":{\"@id\":\"https:\\\/\\\/keybox.nl\\\/geldkluis-bestellen\\\/#primaryimage\"},\"thumbnailUrl\":\"http:\\\/\\\/keybox.nl\\\/wp-content\\\/uploads\\\/2021\\\/12\\\/KSB103-KSB005-4-scaled.jpg\",\"datePublished\":\"2023-07-20T12:13:59+00:00\",\"dateModified\":\"2023-07-25T09:42:43+00:00\",\"description\":\"Wilt u graag een geldkluis bestellen om uw contant geld veilig te houden? Neem dan een kijkje in ons aanbod en ontdek onze kwalitatieve kluizen.\",\"breadcrumb\":{\"@id\":\"https:\\\/\\\/keybox.nl\\\/geldkluis-bestellen\\\/#breadcrumb\"},\"inLanguage\":\"pl-PL\",\"potentialAction\":[{\"@type\":\"ReadAction\",\"target\":[\"https:\\\/\\\/keybox.nl\\\/geldkluis-bestellen\\\/\"]}]},{\"@type\":\"ImageObject\",\"inLanguage\":\"pl-PL\",\"@id\":\"https:\\\/\\\/keybox.nl\\\/geldkluis-bestellen\\\/#primaryimage\",\"url\":\"http:\\\/\\\/keybox.nl\\\/wp-content\\\/uploads\\\/2021\\\/12\\\/KSB103-KSB005-4-scaled.jpg\",\"contentUrl\":\"http:\\\/\\\/keybox.nl\\\/wp-content\\\/uploads\\\/2021\\\/12\\\/KSB103-KSB005-4-scaled.jpg\"},{\"@type\":\"BreadcrumbList\",\"@id\":\"https:\\\/\\\/keybox.nl\\\/geldkluis-bestellen\\\/#breadcrumb\",\"itemListElement\":[{\"@type\":\"ListItem\",\"position\":1,\"name\":\"Home\",\"item\":\"https:\\\/\\\/keybox.nl\\\/\"},{\"@type\":\"ListItem\",\"position\":2,\"name\":\"Geldkluis bestellen\"}]},{\"@type\":\"WebSite\",\"@id\":\"https:\\\/\\\/keybox.nl\\\/#website\",\"url\":\"https:\\\/\\\/keybox.nl\\\/\",\"name\":\"\",\"description\":\"\",\"potentialAction\":[{\"@type\":\"SearchAction\",\"target\":{\"@type\":\"EntryPoint\",\"urlTemplate\":\"https:\\\/\\\/keybox.nl\\\/?s={search_term_string}\"},\"query-input\":{\"@type\":\"PropertyValueSpecification\",\"valueRequired\":true,\"valueName\":\"search_term_string\"}}],\"inLanguage\":\"pl-PL\"}]}<\/script>\n<!-- \/ Yoast SEO plugin. -->","yoast_head_json":{"title":"Zamawianie wysokiej jako\u015bci sejfu na pieni\u0105dze -","description":"Czy chcia\u0142by\u015b zam\u00f3wi\u0107 sejf na got\u00f3wk\u0119, aby zabezpieczy\u0107 swoj\u0105 got\u00f3wk\u0119? Zapoznaj si\u0119 z nasz\u0105 ofert\u0105 i odkryj nasze wysokiej jako\u015bci sejfy.","robots":{"index":"index","follow":"follow","max-snippet":"max-snippet:-1","max-image-preview":"max-image-preview:large","max-video-preview":"max-video-preview:-1"},"canonical":"https:\/\/keybox.nl\/pl\/geldkluis-bestellen\/","og_locale":"pl_PL","og_type":"article","og_title":"Een hoogwaardige geldkluis bestellen -","og_description":"Wilt u graag een geldkluis bestellen om uw contant geld veilig te houden? Neem dan een kijkje in ons aanbod en ontdek onze kwalitatieve kluizen.","og_url":"https:\/\/keybox.nl\/pl\/geldkluis-bestellen\/","article_modified_time":"2023-07-25T09:42:43+00:00","og_image":[{"url":"http:\/\/keybox.nl\/wp-content\/uploads\/2021\/12\/KSB103-KSB005-4-scaled.jpg","type":"","width":"","height":""}],"twitter_card":"summary_large_image","twitter_misc":{"Szacowany czas czytania":"2 minuty"},"schema":{"@context":"https:\/\/schema.org","@graph":[{"@type":"WebPage","@id":"https:\/\/keybox.nl\/geldkluis-bestellen\/","url":"https:\/\/keybox.nl\/geldkluis-bestellen\/","name":"Zamawianie wysokiej jako\u015bci sejfu na pieni\u0105dze -","isPartOf":{"@id":"https:\/\/keybox.nl\/#website"},"primaryImageOfPage":{"@id":"https:\/\/keybox.nl\/geldkluis-bestellen\/#primaryimage"},"image":{"@id":"https:\/\/keybox.nl\/geldkluis-bestellen\/#primaryimage"},"thumbnailUrl":"http:\/\/keybox.nl\/wp-content\/uploads\/2021\/12\/KSB103-KSB005-4-scaled.jpg","datePublished":"2023-07-20T12:13:59+00:00","dateModified":"2023-07-25T09:42:43+00:00","description":"Czy chcia\u0142by\u015b zam\u00f3wi\u0107 sejf na got\u00f3wk\u0119, aby zabezpieczy\u0107 swoj\u0105 got\u00f3wk\u0119? Zapoznaj si\u0119 z nasz\u0105 ofert\u0105 i odkryj nasze wysokiej jako\u015bci sejfy.","breadcrumb":{"@id":"https:\/\/keybox.nl\/geldkluis-bestellen\/#breadcrumb"},"inLanguage":"pl-PL","potentialAction":[{"@type":"ReadAction","target":["https:\/\/keybox.nl\/geldkluis-bestellen\/"]}]},{"@type":"ImageObject","inLanguage":"pl-PL","@id":"https:\/\/keybox.nl\/geldkluis-bestellen\/#primaryimage","url":"http:\/\/keybox.nl\/wp-content\/uploads\/2021\/12\/KSB103-KSB005-4-scaled.jpg","contentUrl":"http:\/\/keybox.nl\/wp-content\/uploads\/2021\/12\/KSB103-KSB005-4-scaled.jpg"},{"@type":"BreadcrumbList","@id":"https:\/\/keybox.nl\/geldkluis-bestellen\/#breadcrumb","itemListElement":[{"@type":"ListItem","position":1,"name":"Home","item":"https:\/\/keybox.nl\/"},{"@type":"ListItem","position":2,"name":"Geldkluis bestellen"}]},{"@type":"WebSite","@id":"https:\/\/keybox.nl\/#website","url":"https:\/\/keybox.nl\/","name":"","description":"","potentialAction":[{"@type":"SearchAction","target":{"@type":"EntryPoint","urlTemplate":"https:\/\/keybox.nl\/?s={search_term_string}"},"query-input":{"@type":"PropertyValueSpecification","valueRequired":true,"valueName":"search_term_string"}}],"inLanguage":"pl-PL"}]}},"jetpack-related-posts":[{"id":540,"url":"https:\/\/keybox.nl\/pl\/afstortkluis-bestellen\/","url_meta":{"origin":1510,"position":0},"title":"Zamawianie sejfu depozytowego","author":"Keybox@beheermodule","date":"11 marca 2022","format":false,"excerpt":"Zam\u00f3w sejf depozytowy w sklepie internetowym! \u2713 Przyjazny dla u\u017cytkownika \u2713 Odporny i bezpieczny \u2713 R\u00f3\u017cne modele Sejf depozytowy to idealny wyb\u00f3r, gdy chcesz bezpiecznie przechowywa\u0107 klucze lub inne drobne przedmioty w swojej firmie. Dzi\u0119ki inteligentnemu systemowi depozytowemu i \u015bcianom wykonanym z litego drewna nasze sejfy s\u0105...","rel":"","context":"Podobny wpis","block_context":{"text":"Podobny wpis","link":""},"img":{"alt_text":"","src":"https:\/\/i0.wp.com\/keybox.nl\/wp-content\/uploads\/2022\/01\/IMG_5363-scaled-e1643386544179.jpg?resize=350%2C200&ssl=1","width":350,"height":200},"classes":[]},{"id":558,"url":"https:\/\/keybox.nl\/pl\/cijferslot-kluis-bestellen\/","url_meta":{"origin":1510,"position":1},"title":"Zamawianie sejfu z zamkiem szyfrowym","author":"Keybox@beheermodule","date":"11 marca 2022","format":false,"excerpt":"Zam\u00f3w sejf z zamkiem szyfrowym w sklepie internetowym! \u0141atwy w u\u017cyciu \u2713 Odporny i bezpieczny \u2713 R\u00f3\u017cne modele Zamek szyfrowy w sejfie to dobry wyb\u00f3r, gdy chcesz zam\u00f3wi\u0107 sejf. Zamek szyfrowy zapewnia doskona\u0142e bezpiecze\u0144stwo kosztowno\u015bci, poniewa\u017c kod numeryczny jest trudny do z\u0142amania. To...","rel":"","context":"Podobny wpis","block_context":{"text":"Podobny wpis","link":""},"img":{"alt_text":"Digibox Ral 5010 Keybox","src":"https:\/\/i0.wp.com\/keybox.nl\/wp-content\/uploads\/2022\/02\/digibox-keybox-RAL-5010.jpg?resize=350%2C200&ssl=1","width":350,"height":200,"srcset":"https:\/\/i0.wp.com\/keybox.nl\/wp-content\/uploads\/2022\/02\/digibox-keybox-RAL-5010.jpg?resize=350%2C200&ssl=1 1x, https:\/\/i0.wp.com\/keybox.nl\/wp-content\/uploads\/2022\/02\/digibox-keybox-RAL-5010.jpg?resize=525%2C300&ssl=1 1.5x, https:\/\/i0.wp.com\/keybox.nl\/wp-content\/uploads\/2022\/02\/digibox-keybox-RAL-5010.jpg?resize=700%2C400&ssl=1 2x, https:\/\/i0.wp.com\/keybox.nl\/wp-content\/uploads\/2022\/02\/digibox-keybox-RAL-5010.jpg?resize=1050%2C600&ssl=1 3x, https:\/\/i0.wp.com\/keybox.nl\/wp-content\/uploads\/2022\/02\/digibox-keybox-RAL-5010.jpg?resize=1400%2C800&ssl=1 4x"},"classes":[]},{"id":30,"url":"https:\/\/keybox.nl\/pl\/","url_meta":{"origin":1510,"position":2},"title":"Zakup bezpiecznych szafek na klucze","author":"Keybox@beheermodule","date":"30 listopada 2021","format":false,"excerpt":"W Keybox.pl mo\u017cna kupi\u0107 mi\u0119dzy innymi solidny sejf lub bezpieczne sejfy na klucze. Oferujemy r\u00f3\u017cne rodzaje sejf\u00f3w; od subtelnych sejf\u00f3w na klucze po sejfy \u015bcienne z k\u00f3\u0142kiem depozytowym. U nas mo\u017cesz zam\u00f3wi\u0107 sejf do swojej firmy, ale tak\u017ce do domu. Dzi\u0119ki naszej szerokiej ofercie sejf\u00f3w na klucze,...","rel":"","context":"Z 1 komentarzem","block_context":{"text":"Z 1 komentarzem","link":"https:\/\/keybox.nl\/pl\/#comments"},"img":{"alt_text":"","src":"","width":0,"height":0},"classes":[]},{"id":1528,"url":"https:\/\/keybox.nl\/pl\/elektronische-sleutelkluis-kopen\/","url_meta":{"origin":1510,"position":3},"title":"klucz elektroniczny safe-buy","author":"Keybox@beheermodule","date":"20 lipca 2023","format":false,"excerpt":"Kup elektroniczny sejf na klucze w sklepie internetowym! Przyjazny dla u\u017cytkownika \u2713 Odporny i bezpieczny \u2713 R\u00f3\u017cne modele Zakup elektronicznego sejfu na klucze to pierwszy krok do zapewnienia bezpiecze\u0144stwa firmy lub domu. Keybox.pl oferuje rozwi\u0105zanie, kt\u00f3re idealnie pasuje do Twoich potrzeb. Te sejfy...","rel":"","context":"Podobny wpis","block_context":{"text":"Podobny wpis","link":""},"img":{"alt_text":"","src":"https:\/\/i0.wp.com\/keybox.nl\/wp-content\/uploads\/2023\/02\/Keysafe-Big-Pro-sleutelkastje_keybox.jpeg?resize=350%2C200&ssl=1","width":350,"height":200,"srcset":"https:\/\/i0.wp.com\/keybox.nl\/wp-content\/uploads\/2023\/02\/Keysafe-Big-Pro-sleutelkastje_keybox.jpeg?resize=350%2C200&ssl=1 1x, https:\/\/i0.wp.com\/keybox.nl\/wp-content\/uploads\/2023\/02\/Keysafe-Big-Pro-sleutelkastje_keybox.jpeg?resize=525%2C300&ssl=1 1.5x, https:\/\/i0.wp.com\/keybox.nl\/wp-content\/uploads\/2023\/02\/Keysafe-Big-Pro-sleutelkastje_keybox.jpeg?resize=700%2C400&ssl=1 2x"},"classes":[]},{"id":1509,"url":"https:\/\/keybox.nl\/pl\/digitaal-sleutelbeheersysteem\/","url_meta":{"origin":1510,"position":4},"title":"cyfrowy system zarz\u0105dzania kluczami","author":"Keybox@beheermodule","date":"20 lipca 2023","format":false,"excerpt":"Cyfrowy system zarz\u0105dzania kluczami W sklepie internetowym! Przyjazny dla u\u017cytkownika \u2713 Odporny i bezpieczny \u2713 R\u00f3\u017cne modele Jeste\u015b zainteresowany cyfrowym systemem zarz\u0105dzania kluczami? W takim razie nasza skrzynka Digibox z siedmioma haczykami na klucze jest dok\u0142adnie tym, czego szukasz. Dzi\u0119ki temu pomys\u0142owemu systemowi mo\u017cesz bezpiecznie i precyzyjnie zarz\u0105dza\u0107 kluczami w swojej firmie....","rel":"","context":"Podobny wpis","block_context":{"text":"Podobny wpis","link":""},"img":{"alt_text":"Digibox Ral 5010 Keybox","src":"https:\/\/i0.wp.com\/keybox.nl\/wp-content\/uploads\/2022\/02\/digibox-keybox-RAL-5010.jpg?resize=350%2C200&ssl=1","width":350,"height":200,"srcset":"https:\/\/i0.wp.com\/keybox.nl\/wp-content\/uploads\/2022\/02\/digibox-keybox-RAL-5010.jpg?resize=350%2C200&ssl=1 1x, https:\/\/i0.wp.com\/keybox.nl\/wp-content\/uploads\/2022\/02\/digibox-keybox-RAL-5010.jpg?resize=525%2C300&ssl=1 1.5x, https:\/\/i0.wp.com\/keybox.nl\/wp-content\/uploads\/2022\/02\/digibox-keybox-RAL-5010.jpg?resize=700%2C400&ssl=1 2x, https:\/\/i0.wp.com\/keybox.nl\/wp-content\/uploads\/2022\/02\/digibox-keybox-RAL-5010.jpg?resize=1050%2C600&ssl=1 3x, https:\/\/i0.wp.com\/keybox.nl\/wp-content\/uploads\/2022\/02\/digibox-keybox-RAL-5010.jpg?resize=1400%2C800&ssl=1 4x"},"classes":[]},{"id":1508,"url":"https:\/\/keybox.nl\/pl\/brandkluis-voor-thuis\/","url_meta":{"origin":1510,"position":5},"title":"Zabezpieczenie przeciwpo\u017carowe dla domu","author":"Keybox@beheermodule","date":"20 lipca 2023","format":false,"excerpt":"Sejf przeciwpo\u017carowy do domu Do sklepu internetowego! \u2713 Przyjazny dla u\u017cytkownika \u2713 Wytrzyma\u0142y i bezpieczny \u2713 R\u00f3\u017cne modele Szukasz dobrego sejfu przeciwpo\u017carowego do domu? W takim razie sejfy Keybox.nl s\u0105 dla Ciebie interesuj\u0105ce. Oferujemy wszelkiego rodzaju sejfy, w kt\u00f3rych mo\u017cna przechowywa\u0107 klucze, got\u00f3wk\u0119 lub inne cenne przedmioty...","rel":"","context":"Podobny wpis","block_context":{"text":"Podobny wpis","link":""},"img":{"alt_text":"","src":"https:\/\/i0.wp.com\/keybox.nl\/wp-content\/uploads\/2021\/12\/KSB_102_1-e1638478691321.jpg?resize=350%2C200&ssl=1","width":350,"height":200,"srcset":"https:\/\/i0.wp.com\/keybox.nl\/wp-content\/uploads\/2021\/12\/KSB_102_1-e1638478691321.jpg?resize=350%2C200&ssl=1 1x, https:\/\/i0.wp.com\/keybox.nl\/wp-content\/uploads\/2021\/12\/KSB_102_1-e1638478691321.jpg?resize=525%2C300&ssl=1 1.5x, https:\/\/i0.wp.com\/keybox.nl\/wp-content\/uploads\/2021\/12\/KSB_102_1-e1638478691321.jpg?resize=700%2C400&ssl=1 2x"},"classes":[]}],"jetpack_sharing_enabled":true,"_links":{"self":[{"href":"https:\/\/keybox.nl\/pl\/wp-json\/wp\/v2\/pages\/1510","targetHints":{"allow":["GET"]}}],"collection":[{"href":"https:\/\/keybox.nl\/pl\/wp-json\/wp\/v2\/pages"}],"about":[{"href":"https:\/\/keybox.nl\/pl\/wp-json\/wp\/v2\/types\/page"}],"author":[{"embeddable":true,"href":"https:\/\/keybox.nl\/pl\/wp-json\/wp\/v2\/users\/1"}],"replies":[{"embeddable":true,"href":"https:\/\/keybox.nl\/pl\/wp-json\/wp\/v2\/comments?post=1510"}],"version-history":[{"count":7,"href":"https:\/\/keybox.nl\/pl\/wp-json\/wp\/v2\/pages\/1510\/revisions"}],"predecessor-version":[{"id":1652,"href":"https:\/\/keybox.nl\/pl\/wp-json\/wp\/v2\/pages\/1510\/revisions\/1652"}],"wp:attachment":[{"href":"https:\/\/keybox.nl\/pl\/wp-json\/wp\/v2\/media?parent=1510"}],"curies":[{"name":"wp","href":"https:\/\/api.w.org\/{rel}","templated":true}]}}