{"id":1509,"date":"2023-07-20T12:13:51","date_gmt":"2023-07-20T12:13:51","guid":{"rendered":"http:\/\/keybox.nl\/?page_id=1509"},"modified":"2023-07-25T09:49:55","modified_gmt":"2023-07-25T09:49:55","slug":"digitaal-sleutelbeheersysteem","status":"publish","type":"page","link":"https:\/\/keybox.nl\/pl\/digitaal-sleutelbeheersysteem\/","title":{"rendered":"cyfrowy system zarz\u0105dzania kluczami"},"content":{"rendered":"<div class=\"wp-block-cover alignfull\" style=\"min-height:200px;aspect-ratio:unset;\"><span aria-hidden=\"true\" class=\"wp-block-cover__background has-background-dim-60 has-background-dim\"><\/span><img decoding=\"async\" width=\"1920\" height=\"2560\" class=\"wp-block-cover__image-background wp-image-126\" alt=\"Kluis\" src=\"http:\/\/keybox.nl\/wp-content\/uploads\/2021\/12\/KSB103-KSB005-4-scaled.jpg\" style=\"object-position:50% 50%\" data-object-fit=\"cover\" data-object-position=\"50% 50%\" srcset=\"https:\/\/keybox.nl\/wp-content\/uploads\/2021\/12\/KSB103-KSB005-4-scaled.jpg 1920w, https:\/\/keybox.nl\/wp-content\/uploads\/2021\/12\/KSB103-KSB005-4-416x555.jpg 416w, https:\/\/keybox.nl\/wp-content\/uploads\/2021\/12\/KSB103-KSB005-4-225x300.jpg 225w, https:\/\/keybox.nl\/wp-content\/uploads\/2021\/12\/KSB103-KSB005-4-768x1024.jpg 768w, https:\/\/keybox.nl\/wp-content\/uploads\/2021\/12\/KSB103-KSB005-4-1152x1536.jpg 1152w, https:\/\/keybox.nl\/wp-content\/uploads\/2021\/12\/KSB103-KSB005-4-1536x2048.jpg 1536w, https:\/\/keybox.nl\/wp-content\/uploads\/2021\/12\/KSB103-KSB005-4-1320x1760.jpg 1320w\" sizes=\"(max-width: 1920px) 100vw, 1920px\" \/><div class=\"wp-block-cover__inner-container is-layout-flow wp-block-cover-is-layout-flow\">\n<h1 class=\"wp-block-heading alignwide has-text-align-left has-white-color has-text-color\" style=\"font-size:40px\">Cyfrowy system zarz\u0105dzania kluczami<\/h1>\n\n\n\n<div class=\"wp-block-columns alignwide is-layout-flex wp-container-core-columns-is-layout-28f84493 wp-block-columns-is-layout-flex\">\n<div class=\"wp-block-column is-layout-flow wp-block-column-is-layout-flow\" style=\"flex-basis:55%\">\n<div class=\"wp-block-buttons is-layout-flex wp-block-buttons-is-layout-flex\">\n<div class=\"wp-block-button cta-knop alignleft\"><a class=\"wp-block-button__link has-black-color has-white-background-color has-text-color has-background wp-element-button\" href=\"http:\/\/keybox.nl\/pl\/\">Do sklepu internetowego!<\/a><\/div>\n<\/div>\n<\/div>\n<\/div>\n<\/div><\/div>\n\n\n\n<div style=\"height:50px\" aria-hidden=\"true\" class=\"wp-block-spacer\"><\/div>\n\n\n\n<div class=\"wp-block-group alignfull is-content-justification-center is-layout-flex wp-container-core-group-is-layout-81a7f686 wp-block-group-is-layout-flex\">\n<p class=\"usps has-normal-font-size\">Przyjazny dla u\u017cytkownika<\/p>\n\n\n\n<p>Odporno\u015b\u0107 i bezpiecze\u0144stwo<\/p>\n\n\n\n<p>R\u00f3\u017cne modele<\/p>\n<\/div>\n\n\n\n<style>\nh1.entry-title {\ndisplay:none;\n}\n.cta-knop {\nmargin-left: 35px !important;\n}\n\n.cta-knop:hover {\nopacity: 0.75;\n}\n\n@media only screen and (max-width: 1064px) {\n.cta-knop {\nmargin-left: 0px !important;\n}\n\n.wp-block-group.alignfull {\n    display: flex;\n    flex-direction: column;\n}\n}\n<\/style>\n\n\n\n<div style=\"height:100px\" aria-hidden=\"true\" class=\"wp-block-spacer\"><\/div>\n\n\n\n<p class=\"has-text-align-left align-left has-black-color has-text-color has-normal-font-size\">Jeste\u015b zainteresowany cyfrowym systemem zarz\u0105dzania kluczami? W takim razie nasza skrzynka Digibox z siedmioma haczykami na klucze jest dok\u0142adnie tym, czego szukasz. Dzi\u0119ki temu pomys\u0142owemu systemowi mo\u017cesz zarz\u0105dza\u0107 kluczami w swojej firmie w bezpieczny i precyzyjny spos\u00f3b. Na Keybox.pl mo\u017cesz \u0142atwo zam\u00f3wi\u0107 ten por\u0119czny cyfrowy system zarz\u0105dzania kluczami online.<\/p>\n\n\n\n<div style=\"height:100px\" aria-hidden=\"true\" class=\"wp-block-spacer\"><\/div>\n\n\n\n<div class=\"wp-block-group is-content-justification-center is-layout-flex wp-container-core-group-is-layout-81a7f686 wp-block-group-is-layout-flex\">\n<div class=\"wp-block-media-text alignwide is-stacked-on-mobile is-vertically-aligned-center\" style=\"grid-template-columns:40% auto\"><figure class=\"wp-block-media-text__media\"><img decoding=\"async\" width=\"880\" height=\"1024\" src=\"http:\/\/keybox.nl\/wp-content\/uploads\/2022\/02\/digibox-keybox-RAL-5010-880x1024.jpg\" alt=\"Digibox Ral 5010 Keybox\" class=\"wp-image-308 size-full\" srcset=\"https:\/\/keybox.nl\/wp-content\/uploads\/2022\/02\/digibox-keybox-RAL-5010-880x1024.jpg 880w, https:\/\/keybox.nl\/wp-content\/uploads\/2022\/02\/digibox-keybox-RAL-5010-416x484.jpg 416w, https:\/\/keybox.nl\/wp-content\/uploads\/2022\/02\/digibox-keybox-RAL-5010-258x300.jpg 258w, https:\/\/keybox.nl\/wp-content\/uploads\/2022\/02\/digibox-keybox-RAL-5010-768x893.jpg 768w, https:\/\/keybox.nl\/wp-content\/uploads\/2022\/02\/digibox-keybox-RAL-5010-1320x1536.jpg 1320w, https:\/\/keybox.nl\/wp-content\/uploads\/2022\/02\/digibox-keybox-RAL-5010.jpg 1727w\" sizes=\"(max-width: 880px) 100vw, 880px\" \/><\/figure><div class=\"wp-block-media-text__content\">\n<h2 class=\"wp-block-heading\">Wi\u0119cej informacji o naszym cyfrowym systemie zarz\u0105dzania kluczami<\/h2>\n\n\n\n<p>Zarz\u0105dzanie kluczami w firmie nie jest \u0142atwym zadaniem. Cz\u0119sto kilka os\u00f3b w firmie potrzebuje dost\u0119pu do kluczy, ale oczywi\u015bcie chcesz r\u00f3wnie\u017c przechowywa\u0107 klucze tak bezpiecznie, jak to tylko mo\u017cliwe. Cyfrowy system zarz\u0105dzania kluczami, taki jak nasz <a href=\"http:\/\/keybox.nl\/pl\/produkt\/digibox-7-sleutelhaken\/\">Digibox<\/a> jest tutaj idealnym rozwi\u0105zaniem. Dzi\u0119ki a\u017c siedmiu gniazdom na klucze ta szafka na klucze jest szczeg\u00f3lnie wydajna. W zestawie <a href=\"http:\/\/keybox.nl\/pl\/elektronische-sleutelkluis-kopen\/\">sejf na klucze elektroniczne<\/a> Obs\u0142uga za pomoc\u0105 wygodnego pod\u015bwietlanego wy\u015bwietlacza. System zarz\u0105dzania kluczami posiada nast\u0119puj\u0105ce funkcje <a href=\"http:\/\/keybox.nl\/pl\/cijferslot-kluis-bestellen\/\">zamek szyfrowy<\/a>. W tym celu u\u017cytkownik wybiera w\u0142asny kod sk\u0142adaj\u0105cy si\u0119 z czterech do dziesi\u0119ciu znak\u00f3w. Kod ten jest zachowywany nawet w przypadku awarii zasilania. Dzi\u0119ki temu u\u017cytkownik zachowuje dost\u0119p do sejfu przez ca\u0142y czas, ale nieproszeni go\u015bcie nie maj\u0105 do niego wst\u0119pu. Jest to zatem idealne rozwi\u0105zanie <a href=\"http:\/\/keybox.nl\/pl\/inbraakwerende-kluis-kopen\/\">sejf antyw\u0142amaniowy<\/a>!<\/p>\n<\/div><\/div>\n<\/div>\n\n\n\n<div style=\"height:100px\" aria-hidden=\"true\" class=\"wp-block-spacer\"><\/div>\n\n\n\n<h2 class=\"wp-block-heading has-text-align-center\"><strong>Jeste\u015b zainteresowany zam\u00f3wieniem u nas cyfrowego systemu zarz\u0105dzania kluczami?<\/strong><\/h2>\n\n\n\n<div class=\"wp-block-buttons is-content-justification-center is-layout-flex wp-container-core-buttons-is-layout-a89b3969 wp-block-buttons-is-layout-flex\">\n<div class=\"wp-block-button is-style-outline is-style-outline--1\"><a class=\"wp-block-button__link wp-element-button\" href=\"http:\/\/keybox.nl\/pl\/\">Zobacz sklep internetowy<\/a><\/div>\n<\/div>\n\n\n\n<div style=\"height:100px\" aria-hidden=\"true\" class=\"wp-block-spacer\"><\/div>\n\n\n\n<div class=\"wp-block-group is-content-justification-center is-layout-flex wp-container-core-group-is-layout-81a7f686 wp-block-group-is-layout-flex\">\n<div class=\"wp-block-media-text alignwide has-media-on-the-right is-stacked-on-mobile is-vertically-aligned-center\" style=\"grid-template-columns:auto 40%\"><div class=\"wp-block-media-text__content\">\n<h3 class=\"wp-block-heading has-text-color\" style=\"color:#000000;font-size:32px\"><strong>Wybierz \u017c\u0105dan\u0105 kopi\u0119<\/strong><\/h3>\n\n\n\n<p class=\"has-text-color has-normal-font-size\" style=\"color:#000000\">Chcesz kupi\u0107 cyfrowy system zarz\u0105dzania kluczami dla swojej firmy? Przejd\u017a do naszego sklepu internetowego, aby go kupi\u0107 <a href=\"http:\/\/keybox.nl\/pl\/\">Kup bezpieczn\u0105 szafk\u0119 na klucze<\/a> lub um\u00f3wi\u0107 si\u0119 na spotkanie w Bussum. Skrzynka Digibox jest dost\u0119pna w trzech r\u00f3\u017cnych kolorach. Inne kolory z palety RAL s\u0105 dost\u0119pne za dodatkow\u0105 op\u0142at\u0105. Nasz do\u015bwiadczony zesp\u00f3\u0142 monta\u017cowy z przyjemno\u015bci\u0105 pomo\u017ce w instalacji tego urz\u0105dzenia. <a href=\"http:\/\/keybox.nl\/pl\/sleutelkluis-bevestigen\/\">klucz bezpieczny do naprawienia<\/a>.<\/p>\n<\/div><figure class=\"wp-block-media-text__media\"><img decoding=\"async\" width=\"1024\" height=\"1024\" src=\"http:\/\/keybox.nl\/wp-content\/uploads\/2022\/02\/Digibox-7-haken-Keybox-1024x1024.jpg\" alt=\"\" class=\"wp-image-304 size-full\"\/><\/figure><\/div>\n<\/div>\n\n\n\n<div style=\"height:50px\" aria-hidden=\"true\" class=\"wp-block-spacer\"><\/div>\n\n\n\n<h2 class=\"wp-block-heading alignwide has-text-align-left form-titel\"><strong>Masz pytania dotycz\u0105ce bezpiecze\u0144stwa?<\/strong><\/h2>\n\n\n<div class=\"wp-block-jetpack-contact-form alignwide is-layout-flex wp-container-jetpack-contact-form-is-layout-2b4208ba wp-block-jetpack-contact-form-is-layout-flex\"><a href=\"https:\/\/keybox.nl\/pl\/digitaal-sleutelbeheersysteem\/\" target=\"_blank\" rel=\"noopener noreferrer\">Prze\u015blij formularz.<\/a><\/div>\n\n\n<p><\/p>","protected":false},"excerpt":{"rendered":"<p>\u2713 Gebruiksvriendelijk \u2713 Bestendig en veilig \u2713 Diverse modellen Heeft u interesse in een digitaal sleutelbeheersysteem? Dan is onze Digibox met zeven sleutelhaken precies wat u zoekt. Dankzij dit inventieve systeem kunt u de sleutels binnen uw bedrijf op een veilige en precieze manier beheren. Bij Keybox.nl kunt u dit handige digitale sleutelbeheersysteem eenvoudig online [&hellip;]<\/p>\n","protected":false},"author":1,"featured_media":0,"parent":0,"menu_order":0,"comment_status":"closed","ping_status":"closed","template":"template-fullwidth.php","meta":{"footnotes":""},"class_list":["post-1509","page","type-page","status-publish","hentry"],"yoast_head":"<!-- This site is optimized with the Yoast SEO plugin v27.4 - https:\/\/yoast.com\/product\/yoast-seo-wordpress\/ -->\n<title>Een hoogwaardig digitaal sleutelbeheersysteem -<\/title>\n<meta name=\"description\" content=\"Een digitaal sleutelbeheersysteem is de ideale oplossing voor bedrijven. Ontdek hier alle voordelen van onze Digibox en plaats uw bestelling!\" \/>\n<meta name=\"robots\" content=\"index, follow, max-snippet:-1, max-image-preview:large, max-video-preview:-1\" \/>\n<link rel=\"canonical\" href=\"https:\/\/keybox.nl\/pl\/digitaal-sleutelbeheersysteem\/\" \/>\n<meta property=\"og:locale\" content=\"pl_PL\" \/>\n<meta property=\"og:type\" content=\"article\" \/>\n<meta property=\"og:title\" content=\"Een hoogwaardig digitaal sleutelbeheersysteem -\" \/>\n<meta property=\"og:description\" content=\"Een digitaal sleutelbeheersysteem is de ideale oplossing voor bedrijven. Ontdek hier alle voordelen van onze Digibox en plaats uw bestelling!\" \/>\n<meta property=\"og:url\" content=\"https:\/\/keybox.nl\/pl\/digitaal-sleutelbeheersysteem\/\" \/>\n<meta property=\"article:modified_time\" content=\"2023-07-25T09:49:55+00:00\" \/>\n<meta property=\"og:image\" content=\"http:\/\/keybox.nl\/wp-content\/uploads\/2021\/12\/KSB103-KSB005-4-scaled.jpg\" \/>\n<meta name=\"twitter:card\" content=\"summary_large_image\" \/>\n<meta name=\"twitter:label1\" content=\"Szacowany czas czytania\" \/>\n\t<meta name=\"twitter:data1\" content=\"2 minuty\" \/>\n<script type=\"application\/ld+json\" class=\"yoast-schema-graph\">{\"@context\":\"https:\\\/\\\/schema.org\",\"@graph\":[{\"@type\":\"WebPage\",\"@id\":\"https:\\\/\\\/keybox.nl\\\/digitaal-sleutelbeheersysteem\\\/\",\"url\":\"https:\\\/\\\/keybox.nl\\\/digitaal-sleutelbeheersysteem\\\/\",\"name\":\"Een hoogwaardig digitaal sleutelbeheersysteem -\",\"isPartOf\":{\"@id\":\"https:\\\/\\\/keybox.nl\\\/#website\"},\"primaryImageOfPage\":{\"@id\":\"https:\\\/\\\/keybox.nl\\\/digitaal-sleutelbeheersysteem\\\/#primaryimage\"},\"image\":{\"@id\":\"https:\\\/\\\/keybox.nl\\\/digitaal-sleutelbeheersysteem\\\/#primaryimage\"},\"thumbnailUrl\":\"http:\\\/\\\/keybox.nl\\\/wp-content\\\/uploads\\\/2021\\\/12\\\/KSB103-KSB005-4-scaled.jpg\",\"datePublished\":\"2023-07-20T12:13:51+00:00\",\"dateModified\":\"2023-07-25T09:49:55+00:00\",\"description\":\"Een digitaal sleutelbeheersysteem is de ideale oplossing voor bedrijven. Ontdek hier alle voordelen van onze Digibox en plaats uw bestelling!\",\"breadcrumb\":{\"@id\":\"https:\\\/\\\/keybox.nl\\\/digitaal-sleutelbeheersysteem\\\/#breadcrumb\"},\"inLanguage\":\"pl-PL\",\"potentialAction\":[{\"@type\":\"ReadAction\",\"target\":[\"https:\\\/\\\/keybox.nl\\\/digitaal-sleutelbeheersysteem\\\/\"]}]},{\"@type\":\"ImageObject\",\"inLanguage\":\"pl-PL\",\"@id\":\"https:\\\/\\\/keybox.nl\\\/digitaal-sleutelbeheersysteem\\\/#primaryimage\",\"url\":\"http:\\\/\\\/keybox.nl\\\/wp-content\\\/uploads\\\/2021\\\/12\\\/KSB103-KSB005-4-scaled.jpg\",\"contentUrl\":\"http:\\\/\\\/keybox.nl\\\/wp-content\\\/uploads\\\/2021\\\/12\\\/KSB103-KSB005-4-scaled.jpg\"},{\"@type\":\"BreadcrumbList\",\"@id\":\"https:\\\/\\\/keybox.nl\\\/digitaal-sleutelbeheersysteem\\\/#breadcrumb\",\"itemListElement\":[{\"@type\":\"ListItem\",\"position\":1,\"name\":\"Home\",\"item\":\"https:\\\/\\\/keybox.nl\\\/\"},{\"@type\":\"ListItem\",\"position\":2,\"name\":\"digitaal sleutelbeheersysteem\"}]},{\"@type\":\"WebSite\",\"@id\":\"https:\\\/\\\/keybox.nl\\\/#website\",\"url\":\"https:\\\/\\\/keybox.nl\\\/\",\"name\":\"\",\"description\":\"\",\"potentialAction\":[{\"@type\":\"SearchAction\",\"target\":{\"@type\":\"EntryPoint\",\"urlTemplate\":\"https:\\\/\\\/keybox.nl\\\/?s={search_term_string}\"},\"query-input\":{\"@type\":\"PropertyValueSpecification\",\"valueRequired\":true,\"valueName\":\"search_term_string\"}}],\"inLanguage\":\"pl-PL\"}]}<\/script>\n<!-- \/ Yoast SEO plugin. -->","yoast_head_json":{"title":"Wysokiej jako\u015bci cyfrowy system zarz\u0105dzania kluczami -","description":"Cyfrowy system zarz\u0105dzania kluczami to idealne rozwi\u0105zanie dla firm. Odkryj wszystkie zalety naszej skrzynki Digibox tutaj i z\u0142\u00f3\u017c zam\u00f3wienie!","robots":{"index":"index","follow":"follow","max-snippet":"max-snippet:-1","max-image-preview":"max-image-preview:large","max-video-preview":"max-video-preview:-1"},"canonical":"https:\/\/keybox.nl\/pl\/digitaal-sleutelbeheersysteem\/","og_locale":"pl_PL","og_type":"article","og_title":"Een hoogwaardig digitaal sleutelbeheersysteem -","og_description":"Een digitaal sleutelbeheersysteem is de ideale oplossing voor bedrijven. Ontdek hier alle voordelen van onze Digibox en plaats uw bestelling!","og_url":"https:\/\/keybox.nl\/pl\/digitaal-sleutelbeheersysteem\/","article_modified_time":"2023-07-25T09:49:55+00:00","og_image":[{"url":"http:\/\/keybox.nl\/wp-content\/uploads\/2021\/12\/KSB103-KSB005-4-scaled.jpg","type":"","width":"","height":""}],"twitter_card":"summary_large_image","twitter_misc":{"Szacowany czas czytania":"2 minuty"},"schema":{"@context":"https:\/\/schema.org","@graph":[{"@type":"WebPage","@id":"https:\/\/keybox.nl\/digitaal-sleutelbeheersysteem\/","url":"https:\/\/keybox.nl\/digitaal-sleutelbeheersysteem\/","name":"Wysokiej jako\u015bci cyfrowy system zarz\u0105dzania kluczami -","isPartOf":{"@id":"https:\/\/keybox.nl\/#website"},"primaryImageOfPage":{"@id":"https:\/\/keybox.nl\/digitaal-sleutelbeheersysteem\/#primaryimage"},"image":{"@id":"https:\/\/keybox.nl\/digitaal-sleutelbeheersysteem\/#primaryimage"},"thumbnailUrl":"http:\/\/keybox.nl\/wp-content\/uploads\/2021\/12\/KSB103-KSB005-4-scaled.jpg","datePublished":"2023-07-20T12:13:51+00:00","dateModified":"2023-07-25T09:49:55+00:00","description":"Cyfrowy system zarz\u0105dzania kluczami to idealne rozwi\u0105zanie dla firm. Odkryj wszystkie zalety naszej skrzynki Digibox tutaj i z\u0142\u00f3\u017c zam\u00f3wienie!","breadcrumb":{"@id":"https:\/\/keybox.nl\/digitaal-sleutelbeheersysteem\/#breadcrumb"},"inLanguage":"pl-PL","potentialAction":[{"@type":"ReadAction","target":["https:\/\/keybox.nl\/digitaal-sleutelbeheersysteem\/"]}]},{"@type":"ImageObject","inLanguage":"pl-PL","@id":"https:\/\/keybox.nl\/digitaal-sleutelbeheersysteem\/#primaryimage","url":"http:\/\/keybox.nl\/wp-content\/uploads\/2021\/12\/KSB103-KSB005-4-scaled.jpg","contentUrl":"http:\/\/keybox.nl\/wp-content\/uploads\/2021\/12\/KSB103-KSB005-4-scaled.jpg"},{"@type":"BreadcrumbList","@id":"https:\/\/keybox.nl\/digitaal-sleutelbeheersysteem\/#breadcrumb","itemListElement":[{"@type":"ListItem","position":1,"name":"Home","item":"https:\/\/keybox.nl\/"},{"@type":"ListItem","position":2,"name":"digitaal sleutelbeheersysteem"}]},{"@type":"WebSite","@id":"https:\/\/keybox.nl\/#website","url":"https:\/\/keybox.nl\/","name":"","description":"","potentialAction":[{"@type":"SearchAction","target":{"@type":"EntryPoint","urlTemplate":"https:\/\/keybox.nl\/?s={search_term_string}"},"query-input":{"@type":"PropertyValueSpecification","valueRequired":true,"valueName":"search_term_string"}}],"inLanguage":"pl-PL"}]}},"jetpack-related-posts":[{"id":1529,"url":"https:\/\/keybox.nl\/pl\/sleutelhaken-kopen\/","url_meta":{"origin":1509,"position":0},"title":"key-hooks-buy","author":"Keybox@beheermodule","date":"20 lipca 2023","format":false,"excerpt":"Kup sejf z haczykami na klucze w sklepie internetowym! Przyjazne dla u\u017cytkownika \u2713 Odporne i bezpieczne \u2713 R\u00f3\u017cne modele Szukasz wysokiej jako\u015bci haczyk\u00f3w na klucze do wykorzystania w swojej firmie? W takim razie rozwa\u017c zakup profesjonalnie zabezpieczonej szafki na klucze. W ko\u0144cu nie chcesz, aby osoby o z\u0142ych intencjach...","rel":"","context":"Podobny wpis","block_context":{"text":"Podobny wpis","link":""},"img":{"alt_text":"","src":"https:\/\/i0.wp.com\/keybox.nl\/wp-content\/uploads\/2021\/12\/KSB_102_1-e1638478691321.jpg?resize=350%2C200&ssl=1","width":350,"height":200,"srcset":"https:\/\/i0.wp.com\/keybox.nl\/wp-content\/uploads\/2021\/12\/KSB_102_1-e1638478691321.jpg?resize=350%2C200&ssl=1 1x, https:\/\/i0.wp.com\/keybox.nl\/wp-content\/uploads\/2021\/12\/KSB_102_1-e1638478691321.jpg?resize=525%2C300&ssl=1 1.5x, https:\/\/i0.wp.com\/keybox.nl\/wp-content\/uploads\/2021\/12\/KSB_102_1-e1638478691321.jpg?resize=700%2C400&ssl=1 2x"},"classes":[]}],"jetpack_sharing_enabled":true,"_links":{"self":[{"href":"https:\/\/keybox.nl\/pl\/wp-json\/wp\/v2\/pages\/1509","targetHints":{"allow":["GET"]}}],"collection":[{"href":"https:\/\/keybox.nl\/pl\/wp-json\/wp\/v2\/pages"}],"about":[{"href":"https:\/\/keybox.nl\/pl\/wp-json\/wp\/v2\/types\/page"}],"author":[{"embeddable":true,"href":"https:\/\/keybox.nl\/pl\/wp-json\/wp\/v2\/users\/1"}],"replies":[{"embeddable":true,"href":"https:\/\/keybox.nl\/pl\/wp-json\/wp\/v2\/comments?post=1509"}],"version-history":[{"count":9,"href":"https:\/\/keybox.nl\/pl\/wp-json\/wp\/v2\/pages\/1509\/revisions"}],"predecessor-version":[{"id":1656,"href":"https:\/\/keybox.nl\/pl\/wp-json\/wp\/v2\/pages\/1509\/revisions\/1656"}],"wp:attachment":[{"href":"https:\/\/keybox.nl\/pl\/wp-json\/wp\/v2\/media?parent=1509"}],"curies":[{"name":"wp","href":"https:\/\/api.w.org\/{rel}","templated":true}]}}