{"id":1508,"date":"2023-07-20T12:13:35","date_gmt":"2023-07-20T12:13:35","guid":{"rendered":"http:\/\/keybox.nl\/?page_id=1508"},"modified":"2023-07-25T09:56:20","modified_gmt":"2023-07-25T09:56:20","slug":"brandkluis-voor-thuis","status":"publish","type":"page","link":"https:\/\/keybox.nl\/pl\/brandkluis-voor-thuis\/","title":{"rendered":"Zabezpieczenie przeciwpo\u017carowe dla domu"},"content":{"rendered":"<div class=\"wp-block-cover alignfull\" style=\"min-height:200px;aspect-ratio:unset;\"><span aria-hidden=\"true\" class=\"wp-block-cover__background has-background-dim-60 has-background-dim\"><\/span><img decoding=\"async\" width=\"1920\" height=\"2560\" class=\"wp-block-cover__image-background wp-image-126\" alt=\"Kluis\" src=\"http:\/\/keybox.nl\/wp-content\/uploads\/2021\/12\/KSB103-KSB005-4-scaled.jpg\" style=\"object-position:50% 50%\" data-object-fit=\"cover\" data-object-position=\"50% 50%\" srcset=\"https:\/\/keybox.nl\/wp-content\/uploads\/2021\/12\/KSB103-KSB005-4-scaled.jpg 1920w, https:\/\/keybox.nl\/wp-content\/uploads\/2021\/12\/KSB103-KSB005-4-416x555.jpg 416w, https:\/\/keybox.nl\/wp-content\/uploads\/2021\/12\/KSB103-KSB005-4-225x300.jpg 225w, https:\/\/keybox.nl\/wp-content\/uploads\/2021\/12\/KSB103-KSB005-4-768x1024.jpg 768w, https:\/\/keybox.nl\/wp-content\/uploads\/2021\/12\/KSB103-KSB005-4-1152x1536.jpg 1152w, https:\/\/keybox.nl\/wp-content\/uploads\/2021\/12\/KSB103-KSB005-4-1536x2048.jpg 1536w, https:\/\/keybox.nl\/wp-content\/uploads\/2021\/12\/KSB103-KSB005-4-1320x1760.jpg 1320w\" sizes=\"(max-width: 1920px) 100vw, 1920px\" \/><div class=\"wp-block-cover__inner-container is-layout-flow wp-block-cover-is-layout-flow\">\n<h1 class=\"wp-block-heading alignwide has-text-align-left has-white-color has-text-color\" style=\"font-size:40px\">Zabezpieczenie przeciwpo\u017carowe dla domu<\/h1>\n\n\n\n<div class=\"wp-block-columns alignwide is-layout-flex wp-container-core-columns-is-layout-28f84493 wp-block-columns-is-layout-flex\">\n<div class=\"wp-block-column is-layout-flow wp-block-column-is-layout-flow\" style=\"flex-basis:55%\">\n<div class=\"wp-block-buttons is-layout-flex wp-block-buttons-is-layout-flex\">\n<div class=\"wp-block-button cta-knop alignleft\"><a class=\"wp-block-button__link has-black-color has-white-background-color has-text-color has-background wp-element-button\" href=\"http:\/\/keybox.nl\/pl\/\">Do sklepu internetowego!<\/a><\/div>\n<\/div>\n<\/div>\n<\/div>\n<\/div><\/div>\n\n\n\n<div style=\"height:50px\" aria-hidden=\"true\" class=\"wp-block-spacer\"><\/div>\n\n\n\n<div class=\"wp-block-group alignfull is-content-justification-center is-layout-flex wp-container-core-group-is-layout-81a7f686 wp-block-group-is-layout-flex\">\n<p class=\"usps has-normal-font-size\">Przyjazny dla u\u017cytkownika<\/p>\n\n\n\n<p>Odporno\u015b\u0107 i bezpiecze\u0144stwo<\/p>\n\n\n\n<p>R\u00f3\u017cne modele<\/p>\n<\/div>\n\n\n\n<style>\nh1.entry-title {\ndisplay:none;\n}\n.cta-knop {\nmargin-left: 35px !important;\n}\n\n.cta-knop:hover {\nopacity: 0.75;\n}\n\n@media only screen and (max-width: 1064px) {\n.cta-knop {\nmargin-left: 0px !important;\n}\n\n.wp-block-group.alignfull {\n    display: flex;\n    flex-direction: column;\n}\n}\n<\/style>\n\n\n\n<div style=\"height:100px\" aria-hidden=\"true\" class=\"wp-block-spacer\"><\/div>\n\n\n\n<p class=\"has-text-align-left align-left has-black-color has-text-color has-normal-font-size\">Szukasz dobrego sejfu ognioodpornego do swojego domu? W takim razie sejfy Keybox.pl s\u0105 dla Ciebie interesuj\u0105ce. Oferujemy wszelkiego rodzaju sejfy, w kt\u00f3rych klucze, got\u00f3wka lub inne kosztowno\u015bci s\u0105 chronione przed po\u017carem i w\u0142amaniem. Dowiedz si\u0119 wszystkiego o naszej ofercie tutaj!<\/p>\n\n\n\n<div style=\"height:100px\" aria-hidden=\"true\" class=\"wp-block-spacer\"><\/div>\n\n\n\n<div class=\"wp-block-group is-content-justification-center is-layout-flex wp-container-core-group-is-layout-81a7f686 wp-block-group-is-layout-flex\">\n<div class=\"wp-block-media-text alignwide is-stacked-on-mobile is-vertically-aligned-center\" style=\"grid-template-columns:40% auto\"><figure class=\"wp-block-media-text__media\"><img decoding=\"async\" width=\"1024\" height=\"1024\" src=\"http:\/\/keybox.nl\/wp-content\/uploads\/2021\/12\/KSB_102_1-1024x1024.jpg\" alt=\"\" class=\"wp-image-104 size-full\"\/><\/figure><div class=\"wp-block-media-text__content\">\n<h2 class=\"wp-block-heading\">Kompaktowy sejf przeciwpo\u017carowy do domu<\/h2>\n\n\n\n<p>Utrata kosztowno\u015bci w wyniku w\u0142amania lub po\u017caru, nikt nigdy nie chce tego do\u015bwiadczy\u0107. Dlatego wa\u017cne jest, aby podj\u0105\u0107 \u015brodki zaradcze z wyprzedzeniem, takie jak zakup dobrego domowego sejfu przeciwpo\u017carowego. W naszym asortymencie znajdziesz kilka przydatnych <a href=\"http:\/\/keybox.nl\/pl\/kluis-kopen-voor-thuis\/\">sejfy dla domu<\/a> kt\u00f3re chroni\u0105 Tw\u00f3j dobytek w najlepszy mo\u017cliwy spos\u00f3b. Nasze sejfy s\u0105 wykonane z najlepszych materia\u0142\u00f3w i wyposa\u017cone w nowoczesne technologie. Dzi\u0119ki temu s\u0105 szczeg\u00f3lnie bezpieczne i przyjazne dla u\u017cytkownika. Wszystkie nasze <a href=\"http:\/\/keybox.nl\/pl\/elektronische-sleutelkluis-kopen\/\">sejfy z zamkiem elektrycznym<\/a>. Pozwala to na ustawienie kodu, kt\u00f3ry jest \u0142atwy do zapami\u0119tania, ale niemo\u017cliwy do z\u0142amania przez innych.<\/p>\n<\/div><\/div>\n<\/div>\n\n\n\n<div style=\"height:100px\" aria-hidden=\"true\" class=\"wp-block-spacer\"><\/div>\n\n\n\n<h2 class=\"wp-block-heading has-text-align-center\"><strong>Chcesz mie\u0107 w domu sejf przeciwpo\u017carowy?<\/strong><\/h2>\n\n\n\n<div class=\"wp-block-buttons is-content-justification-center is-layout-flex wp-container-core-buttons-is-layout-a89b3969 wp-block-buttons-is-layout-flex\">\n<div class=\"wp-block-button is-style-outline is-style-outline--1\"><a class=\"wp-block-button__link wp-element-button\" href=\"http:\/\/keybox.nl\/pl\/\">Zobacz sklep internetowy<\/a><\/div>\n<\/div>\n\n\n\n<div style=\"height:100px\" aria-hidden=\"true\" class=\"wp-block-spacer\"><\/div>\n\n\n\n<div class=\"wp-block-group is-content-justification-center is-layout-flex wp-container-core-group-is-layout-81a7f686 wp-block-group-is-layout-flex\">\n<div class=\"wp-block-media-text alignwide has-media-on-the-right is-stacked-on-mobile is-vertically-aligned-center\" style=\"grid-template-columns:auto 40%\"><div class=\"wp-block-media-text__content\">\n<h3 class=\"wp-block-heading has-text-color\" style=\"color:#000000;font-size:32px\"><strong>Poznaj nasz\u0105 ofert\u0119 i zam\u00f3w<\/strong><\/h3>\n\n\n\n<p class=\"has-text-color has-normal-font-size\" style=\"color:#000000\">Czy jeste\u015b zainteresowany sejfem przeciwpo\u017carowym dla swojego domu? Zapoznaj si\u0119 z nasz\u0105 ofert\u0105 <a href=\"http:\/\/keybox.nl\/pl\/safe-kluis-kopen\/\">sejfy i skarbce<\/a>. Decyduj\u0105c si\u0119 na zakup <a href=\"http:\/\/keybox.nl\/pl\/\">bezpieczne zamawianie<\/a>, Mo\u017cesz r\u00f3wnie\u017c liczy\u0107 na profesjonaln\u0105 pomoc podczas instalacji. Wolisz najpierw zobaczy\u0107 nasze sejfy osobi\u015bcie? W takim razie we\u017a <a href=\"http:\/\/keybox.nl\/pl\/contact\/\">skontaktuj si\u0119 z nami<\/a> aby um\u00f3wi\u0107 si\u0119 na spotkanie w Bussum.<\/p>\n<\/div><figure class=\"wp-block-media-text__media\"><img decoding=\"async\" width=\"600\" height=\"800\" src=\"http:\/\/keybox.nl\/wp-content\/uploads\/2021\/12\/Extra-Armor-KSB.jpg\" alt=\"Kluis los\" class=\"wp-image-103 size-full\" srcset=\"https:\/\/keybox.nl\/wp-content\/uploads\/2021\/12\/Extra-Armor-KSB.jpg 600w, https:\/\/keybox.nl\/wp-content\/uploads\/2021\/12\/Extra-Armor-KSB-416x555.jpg 416w, https:\/\/keybox.nl\/wp-content\/uploads\/2021\/12\/Extra-Armor-KSB-225x300.jpg 225w\" sizes=\"(max-width: 600px) 100vw, 600px\" \/><\/figure><\/div>\n<\/div>\n\n\n\n<div style=\"height:50px\" aria-hidden=\"true\" class=\"wp-block-spacer\"><\/div>\n\n\n\n<h2 class=\"wp-block-heading alignwide has-text-align-left form-titel\"><strong>Masz pytania dotycz\u0105ce bezpiecze\u0144stwa?<\/strong><\/h2>\n\n\n<div class=\"wp-block-jetpack-contact-form alignwide is-layout-flex wp-container-jetpack-contact-form-is-layout-2b4208ba wp-block-jetpack-contact-form-is-layout-flex\"><a href=\"https:\/\/keybox.nl\/pl\/brandkluis-voor-thuis\/\" target=\"_blank\" rel=\"noopener noreferrer\">Prze\u015blij formularz.<\/a><\/div>\n\n\n<p><\/p>","protected":false},"excerpt":{"rendered":"<p>\u2713 Gebruiksvriendelijk \u2713 Bestendig en veilig \u2713 Diverse modellen Bent u op zoek naar een goede brandkluis voor bij u thuis? Dan zijn de kluizen van Keybox.nl interessant voor u. Wij bieden allerhande kluizen aan waarin uw sleutels, contant geld of andere waardevolle bezittingen beveiligd zijn tegen brand en inbraak. Ontdek hier alles over ons [&hellip;]<\/p>\n","protected":false},"author":1,"featured_media":0,"parent":0,"menu_order":0,"comment_status":"closed","ping_status":"closed","template":"template-fullwidth.php","meta":{"footnotes":""},"class_list":["post-1508","page","type-page","status-publish","hentry"],"yoast_head":"<!-- This site is optimized with the Yoast SEO plugin v27.4 - https:\/\/yoast.com\/product\/yoast-seo-wordpress\/ -->\n<title>Koop een brandkluis voor bij u thuis -<\/title>\n<meta name=\"description\" content=\"Een brandkluis voor bij u thuis koopt u bij ons. Ontdek ons aanbod aan compacte kluizen, kies uw favoriet en plaats een bestelling in de webshop!\" \/>\n<meta name=\"robots\" content=\"index, follow, max-snippet:-1, max-image-preview:large, max-video-preview:-1\" \/>\n<link rel=\"canonical\" href=\"https:\/\/keybox.nl\/pl\/brandkluis-voor-thuis\/\" \/>\n<meta property=\"og:locale\" content=\"pl_PL\" \/>\n<meta property=\"og:type\" content=\"article\" \/>\n<meta property=\"og:title\" content=\"Koop een brandkluis voor bij u thuis -\" \/>\n<meta property=\"og:description\" content=\"Een brandkluis voor bij u thuis koopt u bij ons. Ontdek ons aanbod aan compacte kluizen, kies uw favoriet en plaats een bestelling in de webshop!\" \/>\n<meta property=\"og:url\" content=\"https:\/\/keybox.nl\/pl\/brandkluis-voor-thuis\/\" \/>\n<meta property=\"article:modified_time\" content=\"2023-07-25T09:56:20+00:00\" \/>\n<meta property=\"og:image\" content=\"http:\/\/keybox.nl\/wp-content\/uploads\/2021\/12\/KSB103-KSB005-4-scaled.jpg\" \/>\n<meta name=\"twitter:card\" content=\"summary_large_image\" \/>\n<meta name=\"twitter:label1\" content=\"Szacowany czas czytania\" \/>\n\t<meta name=\"twitter:data1\" content=\"2 minuty\" \/>\n<script type=\"application\/ld+json\" class=\"yoast-schema-graph\">{\"@context\":\"https:\\\/\\\/schema.org\",\"@graph\":[{\"@type\":\"WebPage\",\"@id\":\"https:\\\/\\\/keybox.nl\\\/brandkluis-voor-thuis\\\/\",\"url\":\"https:\\\/\\\/keybox.nl\\\/brandkluis-voor-thuis\\\/\",\"name\":\"Koop een brandkluis voor bij u thuis -\",\"isPartOf\":{\"@id\":\"https:\\\/\\\/keybox.nl\\\/#website\"},\"primaryImageOfPage\":{\"@id\":\"https:\\\/\\\/keybox.nl\\\/brandkluis-voor-thuis\\\/#primaryimage\"},\"image\":{\"@id\":\"https:\\\/\\\/keybox.nl\\\/brandkluis-voor-thuis\\\/#primaryimage\"},\"thumbnailUrl\":\"http:\\\/\\\/keybox.nl\\\/wp-content\\\/uploads\\\/2021\\\/12\\\/KSB103-KSB005-4-scaled.jpg\",\"datePublished\":\"2023-07-20T12:13:35+00:00\",\"dateModified\":\"2023-07-25T09:56:20+00:00\",\"description\":\"Een brandkluis voor bij u thuis koopt u bij ons. Ontdek ons aanbod aan compacte kluizen, kies uw favoriet en plaats een bestelling in de webshop!\",\"breadcrumb\":{\"@id\":\"https:\\\/\\\/keybox.nl\\\/brandkluis-voor-thuis\\\/#breadcrumb\"},\"inLanguage\":\"pl-PL\",\"potentialAction\":[{\"@type\":\"ReadAction\",\"target\":[\"https:\\\/\\\/keybox.nl\\\/brandkluis-voor-thuis\\\/\"]}]},{\"@type\":\"ImageObject\",\"inLanguage\":\"pl-PL\",\"@id\":\"https:\\\/\\\/keybox.nl\\\/brandkluis-voor-thuis\\\/#primaryimage\",\"url\":\"http:\\\/\\\/keybox.nl\\\/wp-content\\\/uploads\\\/2021\\\/12\\\/KSB103-KSB005-4-scaled.jpg\",\"contentUrl\":\"http:\\\/\\\/keybox.nl\\\/wp-content\\\/uploads\\\/2021\\\/12\\\/KSB103-KSB005-4-scaled.jpg\"},{\"@type\":\"BreadcrumbList\",\"@id\":\"https:\\\/\\\/keybox.nl\\\/brandkluis-voor-thuis\\\/#breadcrumb\",\"itemListElement\":[{\"@type\":\"ListItem\",\"position\":1,\"name\":\"Home\",\"item\":\"https:\\\/\\\/keybox.nl\\\/\"},{\"@type\":\"ListItem\",\"position\":2,\"name\":\"Brandkluis voor thuis\"}]},{\"@type\":\"WebSite\",\"@id\":\"https:\\\/\\\/keybox.nl\\\/#website\",\"url\":\"https:\\\/\\\/keybox.nl\\\/\",\"name\":\"\",\"description\":\"\",\"potentialAction\":[{\"@type\":\"SearchAction\",\"target\":{\"@type\":\"EntryPoint\",\"urlTemplate\":\"https:\\\/\\\/keybox.nl\\\/?s={search_term_string}\"},\"query-input\":{\"@type\":\"PropertyValueSpecification\",\"valueRequired\":true,\"valueName\":\"search_term_string\"}}],\"inLanguage\":\"pl-PL\"}]}<\/script>\n<!-- \/ Yoast SEO plugin. -->","yoast_head_json":{"title":"Kup sejf przeciwpo\u017carowy do swojego domu -","description":"Kup u nas sejf ognioodporny do swojego domu. Odkryj nasz\u0105 ofert\u0119 sejf\u00f3w kompaktowych, wybierz sw\u00f3j ulubiony i z\u0142\u00f3\u017c zam\u00f3wienie w sklepie internetowym!","robots":{"index":"index","follow":"follow","max-snippet":"max-snippet:-1","max-image-preview":"max-image-preview:large","max-video-preview":"max-video-preview:-1"},"canonical":"https:\/\/keybox.nl\/pl\/brandkluis-voor-thuis\/","og_locale":"pl_PL","og_type":"article","og_title":"Koop een brandkluis voor bij u thuis -","og_description":"Een brandkluis voor bij u thuis koopt u bij ons. Ontdek ons aanbod aan compacte kluizen, kies uw favoriet en plaats een bestelling in de webshop!","og_url":"https:\/\/keybox.nl\/pl\/brandkluis-voor-thuis\/","article_modified_time":"2023-07-25T09:56:20+00:00","og_image":[{"url":"http:\/\/keybox.nl\/wp-content\/uploads\/2021\/12\/KSB103-KSB005-4-scaled.jpg","type":"","width":"","height":""}],"twitter_card":"summary_large_image","twitter_misc":{"Szacowany czas czytania":"2 minuty"},"schema":{"@context":"https:\/\/schema.org","@graph":[{"@type":"WebPage","@id":"https:\/\/keybox.nl\/brandkluis-voor-thuis\/","url":"https:\/\/keybox.nl\/brandkluis-voor-thuis\/","name":"Kup sejf przeciwpo\u017carowy do swojego domu -","isPartOf":{"@id":"https:\/\/keybox.nl\/#website"},"primaryImageOfPage":{"@id":"https:\/\/keybox.nl\/brandkluis-voor-thuis\/#primaryimage"},"image":{"@id":"https:\/\/keybox.nl\/brandkluis-voor-thuis\/#primaryimage"},"thumbnailUrl":"http:\/\/keybox.nl\/wp-content\/uploads\/2021\/12\/KSB103-KSB005-4-scaled.jpg","datePublished":"2023-07-20T12:13:35+00:00","dateModified":"2023-07-25T09:56:20+00:00","description":"Kup u nas sejf ognioodporny do swojego domu. Odkryj nasz\u0105 ofert\u0119 sejf\u00f3w kompaktowych, wybierz sw\u00f3j ulubiony i z\u0142\u00f3\u017c zam\u00f3wienie w sklepie internetowym!","breadcrumb":{"@id":"https:\/\/keybox.nl\/brandkluis-voor-thuis\/#breadcrumb"},"inLanguage":"pl-PL","potentialAction":[{"@type":"ReadAction","target":["https:\/\/keybox.nl\/brandkluis-voor-thuis\/"]}]},{"@type":"ImageObject","inLanguage":"pl-PL","@id":"https:\/\/keybox.nl\/brandkluis-voor-thuis\/#primaryimage","url":"http:\/\/keybox.nl\/wp-content\/uploads\/2021\/12\/KSB103-KSB005-4-scaled.jpg","contentUrl":"http:\/\/keybox.nl\/wp-content\/uploads\/2021\/12\/KSB103-KSB005-4-scaled.jpg"},{"@type":"BreadcrumbList","@id":"https:\/\/keybox.nl\/brandkluis-voor-thuis\/#breadcrumb","itemListElement":[{"@type":"ListItem","position":1,"name":"Home","item":"https:\/\/keybox.nl\/"},{"@type":"ListItem","position":2,"name":"Brandkluis voor thuis"}]},{"@type":"WebSite","@id":"https:\/\/keybox.nl\/#website","url":"https:\/\/keybox.nl\/","name":"","description":"","potentialAction":[{"@type":"SearchAction","target":{"@type":"EntryPoint","urlTemplate":"https:\/\/keybox.nl\/?s={search_term_string}"},"query-input":{"@type":"PropertyValueSpecification","valueRequired":true,"valueName":"search_term_string"}}],"inLanguage":"pl-PL"}]}},"jetpack-related-posts":[{"id":1530,"url":"https:\/\/keybox.nl\/pl\/hotelkluis-kopen\/","url_meta":{"origin":1508,"position":0},"title":"bezpieczne zakupy w hotelu","author":"Keybox@beheermodule","date":"20 lipca 2023","format":false,"excerpt":"Kup sejf hotelowy w sklepie internetowym! Przyjazny dla u\u017cytkownika \u2713 Odporny i bezpieczny \u2713 R\u00f3\u017cne modele Zakup sejfu hotelowego nie jest spraw\u0105 banaln\u0105. Chodzi o zapewnienie bezpiecze\u0144stwa i spokoju ducha swoim cennym go\u015bciom. Od bi\u017cuterii po paszporty i laptopy, sejf hotelowy zapewnia bezpieczne schronienie dla kosztowno\u015bci...","rel":"","context":"Podobny wpis","block_context":{"text":"Podobny wpis","link":""},"img":{"alt_text":"","src":"https:\/\/i0.wp.com\/keybox.nl\/wp-content\/uploads\/2022\/02\/IMG_5926.jpg?resize=350%2C200&ssl=1","width":350,"height":200,"srcset":"https:\/\/i0.wp.com\/keybox.nl\/wp-content\/uploads\/2022\/02\/IMG_5926.jpg?resize=350%2C200&ssl=1 1x, https:\/\/i0.wp.com\/keybox.nl\/wp-content\/uploads\/2022\/02\/IMG_5926.jpg?resize=525%2C300&ssl=1 1.5x, https:\/\/i0.wp.com\/keybox.nl\/wp-content\/uploads\/2022\/02\/IMG_5926.jpg?resize=700%2C400&ssl=1 2x"},"classes":[]},{"id":538,"url":"https:\/\/keybox.nl\/pl\/kluis-kopen-voor-thuis\/","url_meta":{"origin":1508,"position":1},"title":"Kup sejf do domu","author":"Keybox@beheermodule","date":"11 marca 2022","format":false,"excerpt":"Zakup odpornego sejfu do domu Do sklepu internetowego! \u2713 Przyjazny dla u\u017cytkownika \u2713 Odporny i bezpieczny \u2713 R\u00f3\u017cne modele Chcesz kupi\u0107 por\u0119czny sejf do domu? W takim razie Keybox.pl ma to, czego szukasz. Sejfy domowe s\u0105 nieco mniejsze i nie wymagaj\u0105 rozleg\u0142ej instalacji, co czyni je idealnymi...","rel":"","context":"Podobny wpis","block_context":{"text":"Podobny wpis","link":""},"img":{"alt_text":"","src":"https:\/\/i0.wp.com\/keybox.nl\/wp-content\/uploads\/2022\/01\/KSB007-inner-safe-2-e1643896091542.jpg?resize=350%2C200&ssl=1","width":350,"height":200,"srcset":"https:\/\/i0.wp.com\/keybox.nl\/wp-content\/uploads\/2022\/01\/KSB007-inner-safe-2-e1643896091542.jpg?resize=350%2C200&ssl=1 1x, https:\/\/i0.wp.com\/keybox.nl\/wp-content\/uploads\/2022\/01\/KSB007-inner-safe-2-e1643896091542.jpg?resize=525%2C300&ssl=1 1.5x, https:\/\/i0.wp.com\/keybox.nl\/wp-content\/uploads\/2022\/01\/KSB007-inner-safe-2-e1643896091542.jpg?resize=700%2C400&ssl=1 2x"},"classes":[]},{"id":1510,"url":"https:\/\/keybox.nl\/pl\/geldkluis-bestellen\/","url_meta":{"origin":1508,"position":2},"title":"Zam\u00f3w sejf na pieni\u0105dze","author":"Keybox@beheermodule","date":"20 lipca 2023","format":false,"excerpt":"Zam\u00f3w sejf na pieni\u0105dze w sklepie internetowym! Przyjazny dla u\u017cytkownika \u2713 Odporny i bezpieczny \u2713 R\u00f3\u017cne modele Chcesz zam\u00f3wi\u0107 sejf na pieni\u0105dze? W takim razie Keybox.pl to strona, kt\u00f3rej szukasz. Oferujemy sejfy szczeg\u00f3lnie wysokiej jako\u015bci. Nasze sejfy s\u0105 kompaktowe, wi\u0119c nie rzucaj\u0105 si\u0119 w oczy. Ponadto s\u0105 w pe\u0142ni odporne na w\u0142amania i...","rel":"","context":"Podobny wpis","block_context":{"text":"Podobny wpis","link":""},"img":{"alt_text":"","src":"https:\/\/i0.wp.com\/keybox.nl\/wp-content\/uploads\/2021\/12\/KSB_102_1-e1638478691321.jpg?resize=350%2C200&ssl=1","width":350,"height":200,"srcset":"https:\/\/i0.wp.com\/keybox.nl\/wp-content\/uploads\/2021\/12\/KSB_102_1-e1638478691321.jpg?resize=350%2C200&ssl=1 1x, https:\/\/i0.wp.com\/keybox.nl\/wp-content\/uploads\/2021\/12\/KSB_102_1-e1638478691321.jpg?resize=525%2C300&ssl=1 1.5x, https:\/\/i0.wp.com\/keybox.nl\/wp-content\/uploads\/2021\/12\/KSB_102_1-e1638478691321.jpg?resize=700%2C400&ssl=1 2x"},"classes":[]},{"id":1506,"url":"https:\/\/keybox.nl\/pl\/sleutelkluis-buiten\/","url_meta":{"origin":1508,"position":3},"title":"zewn\u0119trzny sejf na klucze","author":"Keybox@beheermodule","date":"20 lipca 2023","format":false,"excerpt":"Sejf na klucze zewn\u0119trzne Do sklepu internetowego! Przyjazny dla u\u017cytkownika \u2713 Odporny i bezpieczny \u2713 R\u00f3\u017cne modele Zewn\u0119trzny sejf na klucze jest istotn\u0105 cz\u0119\u015bci\u0105 skutecznego zarz\u0105dzania prawami dost\u0119pu, niezale\u017cnie od tego, czy prowadzisz firm\u0119, jeste\u015b w\u0142a\u015bcicielem, czy po prostu potrzebujesz bezpiecznego miejsca na zapasowe klucze. W Keybox.pl rozumiemy...","rel":"","context":"Podobny wpis","block_context":{"text":"Podobny wpis","link":""},"img":{"alt_text":"kluis peugeot","src":"https:\/\/i0.wp.com\/keybox.nl\/wp-content\/uploads\/2022\/02\/KSB007-Peugeot-scaled-e1643751089776.jpg?resize=350%2C200&ssl=1","width":350,"height":200,"srcset":"https:\/\/i0.wp.com\/keybox.nl\/wp-content\/uploads\/2022\/02\/KSB007-Peugeot-scaled-e1643751089776.jpg?resize=350%2C200&ssl=1 1x, https:\/\/i0.wp.com\/keybox.nl\/wp-content\/uploads\/2022\/02\/KSB007-Peugeot-scaled-e1643751089776.jpg?resize=525%2C300&ssl=1 1.5x"},"classes":[]},{"id":326,"url":"https:\/\/keybox.nl\/pl\/goedkope-kluis-kopen\/","url_meta":{"origin":1508,"position":4},"title":"Kup tani sejf","author":"Keybox@beheermodule","date":"3 marca 2022","format":false,"excerpt":"Kup tani, wysokiej jako\u015bci sejf w sklepie internetowym! Przyjazny dla u\u017cytkownika \u2713 Odporny i bezpieczny \u2713 R\u00f3\u017cne modele W Keybox.pl mo\u017cesz kupi\u0107 tani, odporny sejf dla swojej firmy. Dzi\u0119ki naszym sejfom wydawanie kluczy jest zawsze bezpieczne. Co wi\u0119cej, nikt nie musi by\u0107 obecny, aby...","rel":"","context":"Podobny wpis","block_context":{"text":"Podobny wpis","link":""},"img":{"alt_text":"","src":"https:\/\/i0.wp.com\/keybox.nl\/wp-content\/uploads\/2021\/12\/KSB_102_1-e1638478691321.jpg?resize=350%2C200&ssl=1","width":350,"height":200,"srcset":"https:\/\/i0.wp.com\/keybox.nl\/wp-content\/uploads\/2021\/12\/KSB_102_1-e1638478691321.jpg?resize=350%2C200&ssl=1 1x, https:\/\/i0.wp.com\/keybox.nl\/wp-content\/uploads\/2021\/12\/KSB_102_1-e1638478691321.jpg?resize=525%2C300&ssl=1 1.5x, https:\/\/i0.wp.com\/keybox.nl\/wp-content\/uploads\/2021\/12\/KSB_102_1-e1638478691321.jpg?resize=700%2C400&ssl=1 2x"},"classes":[]},{"id":1526,"url":"https:\/\/keybox.nl\/pl\/safe-kluis-kopen\/","url_meta":{"origin":1508,"position":5},"title":"Kup bezpieczny sejf","author":"Keybox@beheermodule","date":"20 lipca 2023","format":false,"excerpt":"Kup sejf lub skarbczyk Przejd\u017a do sklepu internetowego! Przyjazny dla u\u017cytkownika \u2713 Odporny i bezpieczny \u2713 R\u00f3\u017cne modele Je\u015bli cenisz sobie bezpiecze\u0144stwo i niezawodno\u015b\u0107, to zakup sejfu lub skarbca jest pierwszym krokiem. Chocia\u017c terminy te s\u0105 cz\u0119sto u\u017cywane zamiennie, istniej\u0105 subtelne r\u00f3\u017cnice. A...","rel":"","context":"Podobny wpis","block_context":{"text":"Podobny wpis","link":""},"img":{"alt_text":"Regenkap Keysecuritybox","src":"https:\/\/i0.wp.com\/keybox.nl\/wp-content\/uploads\/2022\/01\/IMG_5364-scaled.jpg?resize=350%2C200&ssl=1","width":350,"height":200,"srcset":"https:\/\/i0.wp.com\/keybox.nl\/wp-content\/uploads\/2022\/01\/IMG_5364-scaled.jpg?resize=350%2C200&ssl=1 1x, https:\/\/i0.wp.com\/keybox.nl\/wp-content\/uploads\/2022\/01\/IMG_5364-scaled.jpg?resize=525%2C300&ssl=1 1.5x, https:\/\/i0.wp.com\/keybox.nl\/wp-content\/uploads\/2022\/01\/IMG_5364-scaled.jpg?resize=700%2C400&ssl=1 2x, https:\/\/i0.wp.com\/keybox.nl\/wp-content\/uploads\/2022\/01\/IMG_5364-scaled.jpg?resize=1050%2C600&ssl=1 3x, https:\/\/i0.wp.com\/keybox.nl\/wp-content\/uploads\/2022\/01\/IMG_5364-scaled.jpg?resize=1400%2C800&ssl=1 4x"},"classes":[]}],"jetpack_sharing_enabled":true,"_links":{"self":[{"href":"https:\/\/keybox.nl\/pl\/wp-json\/wp\/v2\/pages\/1508","targetHints":{"allow":["GET"]}}],"collection":[{"href":"https:\/\/keybox.nl\/pl\/wp-json\/wp\/v2\/pages"}],"about":[{"href":"https:\/\/keybox.nl\/pl\/wp-json\/wp\/v2\/types\/page"}],"author":[{"embeddable":true,"href":"https:\/\/keybox.nl\/pl\/wp-json\/wp\/v2\/users\/1"}],"replies":[{"embeddable":true,"href":"https:\/\/keybox.nl\/pl\/wp-json\/wp\/v2\/comments?post=1508"}],"version-history":[{"count":6,"href":"https:\/\/keybox.nl\/pl\/wp-json\/wp\/v2\/pages\/1508\/revisions"}],"predecessor-version":[{"id":1658,"href":"https:\/\/keybox.nl\/pl\/wp-json\/wp\/v2\/pages\/1508\/revisions\/1658"}],"wp:attachment":[{"href":"https:\/\/keybox.nl\/pl\/wp-json\/wp\/v2\/media?parent=1508"}],"curies":[{"name":"wp","href":"https:\/\/api.w.org\/{rel}","templated":true}]}}