{"id":1507,"date":"2023-07-20T12:13:27","date_gmt":"2023-07-20T12:13:27","guid":{"rendered":"http:\/\/keybox.nl\/?page_id=1507"},"modified":"2023-07-25T10:10:46","modified_gmt":"2023-07-25T10:10:46","slug":"sleutelkluis-bevestigen","status":"publish","type":"page","link":"https:\/\/keybox.nl\/pl\/sleutelkluis-bevestigen\/","title":{"rendered":"naprawa sejfu na klucze"},"content":{"rendered":"<div class=\"wp-block-cover alignfull\" style=\"min-height:200px;aspect-ratio:unset;\"><span aria-hidden=\"true\" class=\"wp-block-cover__background has-background-dim-60 has-background-dim\"><\/span><img decoding=\"async\" width=\"1920\" height=\"2560\" class=\"wp-block-cover__image-background wp-image-126\" alt=\"Kluis\" src=\"http:\/\/keybox.nl\/wp-content\/uploads\/2021\/12\/KSB103-KSB005-4-scaled.jpg\" style=\"object-position:50% 50%\" data-object-fit=\"cover\" data-object-position=\"50% 50%\" srcset=\"https:\/\/keybox.nl\/wp-content\/uploads\/2021\/12\/KSB103-KSB005-4-scaled.jpg 1920w, https:\/\/keybox.nl\/wp-content\/uploads\/2021\/12\/KSB103-KSB005-4-416x555.jpg 416w, https:\/\/keybox.nl\/wp-content\/uploads\/2021\/12\/KSB103-KSB005-4-225x300.jpg 225w, https:\/\/keybox.nl\/wp-content\/uploads\/2021\/12\/KSB103-KSB005-4-768x1024.jpg 768w, https:\/\/keybox.nl\/wp-content\/uploads\/2021\/12\/KSB103-KSB005-4-1152x1536.jpg 1152w, https:\/\/keybox.nl\/wp-content\/uploads\/2021\/12\/KSB103-KSB005-4-1536x2048.jpg 1536w, https:\/\/keybox.nl\/wp-content\/uploads\/2021\/12\/KSB103-KSB005-4-1320x1760.jpg 1320w\" sizes=\"(max-width: 1920px) 100vw, 1920px\" \/><div class=\"wp-block-cover__inner-container is-layout-flow wp-block-cover-is-layout-flow\">\n<h1 class=\"wp-block-heading alignwide has-text-align-left has-white-color has-text-color\" style=\"font-size:40px\">Naprawianie sejfu na klucze<\/h1>\n\n\n\n<div class=\"wp-block-columns alignwide is-layout-flex wp-container-core-columns-is-layout-28f84493 wp-block-columns-is-layout-flex\">\n<div class=\"wp-block-column is-layout-flow wp-block-column-is-layout-flow\" style=\"flex-basis:55%\">\n<div class=\"wp-block-buttons is-layout-flex wp-block-buttons-is-layout-flex\">\n<div class=\"wp-block-button cta-knop alignleft\"><a class=\"wp-block-button__link has-black-color has-white-background-color has-text-color has-background wp-element-button\" href=\"http:\/\/keybox.nl\/pl\/\">Do sklepu internetowego!<\/a><\/div>\n<\/div>\n<\/div>\n<\/div>\n<\/div><\/div>\n\n\n\n<div style=\"height:50px\" aria-hidden=\"true\" class=\"wp-block-spacer\"><\/div>\n\n\n\n<div class=\"wp-block-group alignfull is-content-justification-center is-layout-flex wp-container-core-group-is-layout-81a7f686 wp-block-group-is-layout-flex\">\n<p class=\"usps has-normal-font-size\">Przyjazny dla u\u017cytkownika<\/p>\n\n\n\n<p>Odporno\u015b\u0107 i bezpiecze\u0144stwo<\/p>\n\n\n\n<p>R\u00f3\u017cne modele<\/p>\n<\/div>\n\n\n\n<style>\nh1.entry-title {\ndisplay:none;\n}\n.cta-knop {\nmargin-left: 35px !important;\n}\n\n.cta-knop:hover {\nopacity: 0.75;\n}\n\n@media only screen and (max-width: 1064px) {\n.cta-knop {\nmargin-left: 0px !important;\n}\n\n.wp-block-group.alignfull {\n    display: flex;\n    flex-direction: column;\n}\n}\n<\/style>\n\n\n\n<div style=\"height:100px\" aria-hidden=\"true\" class=\"wp-block-spacer\"><\/div>\n\n\n\n<p class=\"has-text-align-left align-left has-black-color has-text-color has-normal-font-size\">Bezpieczne zamocowanie sejfu na klucze nie jest \u0142atwym zadaniem. Wa\u017cne jest jednak, aby zrobi\u0107 to we w\u0142a\u015bciwy spos\u00f3b, aby sejf by\u0142 bezpiecznie przymocowany do \u015bciany. Keybox.pl z przyjemno\u015bci\u0105 opowie Ci wi\u0119cej o mocowaniu sejf\u00f3w na klucze. Zamawiaj\u0105c u nas sejf na klucze, mo\u017cesz r\u00f3wnie\u017c zleci\u0107 jego napraw\u0119 naszym ekspertom.<\/p>\n\n\n\n<div style=\"height:100px\" aria-hidden=\"true\" class=\"wp-block-spacer\"><\/div>\n\n\n\n<div class=\"wp-block-group is-content-justification-center is-layout-flex wp-container-core-group-is-layout-81a7f686 wp-block-group-is-layout-flex\">\n<div class=\"wp-block-media-text alignwide is-stacked-on-mobile is-vertically-aligned-center\" style=\"grid-template-columns:40% auto\"><figure class=\"wp-block-media-text__media\"><img decoding=\"async\" width=\"729\" height=\"924\" src=\"http:\/\/keybox.nl\/wp-content\/uploads\/2023\/02\/S7-Pro-Big-Box-Key-Safe.jpg\" alt=\"Keysafe Big Pro\" class=\"wp-image-1350 size-full\" srcset=\"https:\/\/keybox.nl\/wp-content\/uploads\/2023\/02\/S7-Pro-Big-Box-Key-Safe.jpg 729w, https:\/\/keybox.nl\/wp-content\/uploads\/2023\/02\/S7-Pro-Big-Box-Key-Safe-416x527.jpg 416w, https:\/\/keybox.nl\/wp-content\/uploads\/2023\/02\/S7-Pro-Big-Box-Key-Safe-237x300.jpg 237w\" sizes=\"(max-width: 729px) 100vw, 729px\" \/><\/figure><div class=\"wp-block-media-text__content\">\n<h2 class=\"wp-block-heading\">Jaki jest najlepszy spos\u00f3b naprawy sejfu na klucze?<\/h2>\n\n\n\n<p>Przed zamocowaniem sejfu na klucze nale\u017cy oczywi\u015bcie wybra\u0107 dla niego odpowiednie miejsce. Na przyk\u0142ad, mo\u017cesz chcie\u0107 przechowywa\u0107 <a href=\"http:\/\/keybox.nl\/pl\/sleutelkluis-buiten\/\">zewn\u0119trzny sejf na klucze<\/a> ale sejf na klucze mo\u017ce by\u0107 r\u00f3wnie\u017c przydatny w pomieszczeniach. Niezale\u017cnie od preferencji, wa\u017cne jest, aby wybra\u0107 dyskretne i niepozorne miejsce. Lepiej te\u017c nie wiesza\u0107 sejfu na wysoko\u015bci oczu, gdy\u017c istnieje wtedy szansa, \u017ce ludzie b\u0119d\u0105 obserwowa\u0107 Ci\u0119 podczas wpisywania kodu. Znalaz\u0142e\u015b idealne miejsce? Nast\u0119pnie mo\u017cesz rozpocz\u0105\u0107 instalacj\u0119 sejfu. Spos\u00f3b monta\u017cu r\u00f3\u017cni si\u0119 w zale\u017cno\u015bci od sejfu i zawsze jest wskazany w instrukcji sejfu. Mo\u017cliwe jest jednak r\u00f3wnie\u017c zainstalowanie <a href=\"http:\/\/keybox.nl\/pl\/montage-installatie\/\">monta\u017c sejfu<\/a> naszym ekspertom, dzi\u0119ki czemu mo\u017cesz mie\u0107 pewno\u015b\u0107, \u017ce wszystko zostanie wykonane ca\u0142kowicie poprawnie. Decyduj\u0105c si\u0119 na wsp\u00f3\u0142prac\u0119 z nami <a href=\"http:\/\/keybox.nl\/pl\/\">kup sejfy na klucze<\/a>, Z przyjemno\u015bci\u0105 wykonamy dla Ciebie t\u0119 us\u0142ug\u0119.<\/p>\n<\/div><\/div>\n<\/div>\n\n\n\n<div style=\"height:100px\" aria-hidden=\"true\" class=\"wp-block-spacer\"><\/div>\n\n\n\n<h2 class=\"wp-block-heading has-text-align-center\"><strong>Chcesz zainstalowa\u0107 sejf na klucze?<\/strong><\/h2>\n\n\n\n<div class=\"wp-block-buttons is-content-justification-center is-layout-flex wp-container-core-buttons-is-layout-a89b3969 wp-block-buttons-is-layout-flex\">\n<div class=\"wp-block-button is-style-outline is-style-outline--1\"><a class=\"wp-block-button__link wp-element-button\" href=\"http:\/\/keybox.nl\/pl\/\">Zobacz sklep internetowy<\/a><\/div>\n<\/div>\n\n\n\n<div style=\"height:100px\" aria-hidden=\"true\" class=\"wp-block-spacer\"><\/div>\n\n\n\n<div class=\"wp-block-group is-content-justification-center is-layout-flex wp-container-core-group-is-layout-81a7f686 wp-block-group-is-layout-flex\">\n<div class=\"wp-block-media-text alignwide has-media-on-the-right is-stacked-on-mobile is-vertically-aligned-center\" style=\"grid-template-columns:auto 40%\"><div class=\"wp-block-media-text__content\">\n<h3 class=\"wp-block-heading has-text-color\" style=\"color:#000000;font-size:32px\"><strong>Skorzystaj z pomocy naszych ekspert\u00f3w<\/strong><\/h3>\n\n\n\n<p class=\"has-text-color has-normal-font-size\" style=\"color:#000000\">Zabezpieczamy sejf na klucze zgodnie z wymogami firmy ubezpieczeniowej Bovemij. Oznacza to, \u017ce nie masz ju\u017c nadwy\u017cki, je\u015bli jeste\u015b powi\u0105zany z t\u0105 firm\u0105. Szybki podgl\u0105d <a href=\"http:\/\/keybox.nl\/pl\/inbraakwerende-kluis-kopen\/\">Nasze sejfy antyw\u0142amaniowe<\/a>, dokonaj wyboru i popro\u015b o wycen\u0119 instalacji. Istnieje r\u00f3wnie\u017c mo\u017cliwo\u015b\u0107 odwiedzenia nas w Bussum po wcze\u015bniejszym um\u00f3wieniu. Prosimy o kontakt za po\u015brednictwem <a href=\"http:\/\/keybox.nl\/pl\/contact\/\">Wygodny formularz kontaktowy<\/a>.<\/p>\n<\/div><figure class=\"wp-block-media-text__media\"><img decoding=\"async\" width=\"600\" height=\"800\" src=\"http:\/\/keybox.nl\/wp-content\/uploads\/2021\/12\/Extra-Armor-KSB.jpg\" alt=\"Kluis los\" class=\"wp-image-103 size-full\" srcset=\"https:\/\/keybox.nl\/wp-content\/uploads\/2021\/12\/Extra-Armor-KSB.jpg 600w, https:\/\/keybox.nl\/wp-content\/uploads\/2021\/12\/Extra-Armor-KSB-416x555.jpg 416w, https:\/\/keybox.nl\/wp-content\/uploads\/2021\/12\/Extra-Armor-KSB-225x300.jpg 225w\" sizes=\"(max-width: 600px) 100vw, 600px\" \/><\/figure><\/div>\n<\/div>\n\n\n\n<div style=\"height:50px\" aria-hidden=\"true\" class=\"wp-block-spacer\"><\/div>\n\n\n\n<h2 class=\"wp-block-heading alignwide has-text-align-left form-titel\"><strong>Masz pytania dotycz\u0105ce bezpiecze\u0144stwa?<\/strong><\/h2>\n\n\n<div class=\"wp-block-jetpack-contact-form alignwide is-layout-flex wp-container-jetpack-contact-form-is-layout-2b4208ba wp-block-jetpack-contact-form-is-layout-flex\"><a href=\"https:\/\/keybox.nl\/pl\/sleutelkluis-bevestigen\/\" target=\"_blank\" rel=\"noopener noreferrer\">Prze\u015blij formularz.<\/a><\/div>\n\n\n<p><\/p>","protected":false},"excerpt":{"rendered":"<p>\u2713 Gebruiksvriendelijk \u2713 Bestendig en veilig \u2713 Diverse modellen Een sleutelkluis op veilige wijze bevestigen is geen eenvoudige klus. Het is echter belangrijk om dit op de juiste wijze te doen zodat de kluis stevig aan de muur vastzit. Keybox.nl vertelt u graag meer over het bevestigen van sleutelkluizen. Wanneer u uw sleutelkluis bij ons [&hellip;]<\/p>\n","protected":false},"author":1,"featured_media":0,"parent":0,"menu_order":0,"comment_status":"closed","ping_status":"closed","template":"template-fullwidth.php","meta":{"footnotes":""},"class_list":["post-1507","page","type-page","status-publish","hentry"],"yoast_head":"<!-- This site is optimized with the Yoast SEO plugin v27.4 - https:\/\/yoast.com\/product\/yoast-seo-wordpress\/ -->\n<title>Een sleutelkluis juist bevestigen -<\/title>\n<meta name=\"description\" content=\"Wilt u een sleutelkluis bevestigen? Onze experts helpen u hier graag bij. Bestel uw gewenste kluis en wij komen zo snel mogelijk langs voor de montage.\" \/>\n<meta name=\"robots\" content=\"index, follow, max-snippet:-1, max-image-preview:large, max-video-preview:-1\" \/>\n<link rel=\"canonical\" href=\"https:\/\/keybox.nl\/pl\/sleutelkluis-bevestigen\/\" \/>\n<meta property=\"og:locale\" content=\"pl_PL\" \/>\n<meta property=\"og:type\" content=\"article\" \/>\n<meta property=\"og:title\" content=\"Een sleutelkluis juist bevestigen -\" \/>\n<meta property=\"og:description\" content=\"Wilt u een sleutelkluis bevestigen? Onze experts helpen u hier graag bij. Bestel uw gewenste kluis en wij komen zo snel mogelijk langs voor de montage.\" \/>\n<meta property=\"og:url\" content=\"https:\/\/keybox.nl\/pl\/sleutelkluis-bevestigen\/\" \/>\n<meta property=\"article:modified_time\" content=\"2023-07-25T10:10:46+00:00\" \/>\n<meta property=\"og:image\" content=\"http:\/\/keybox.nl\/wp-content\/uploads\/2021\/12\/KSB103-KSB005-4-scaled.jpg\" \/>\n<meta name=\"twitter:card\" content=\"summary_large_image\" \/>\n<meta name=\"twitter:label1\" content=\"Szacowany czas czytania\" \/>\n\t<meta name=\"twitter:data1\" content=\"3 minuty\" \/>\n<script type=\"application\/ld+json\" class=\"yoast-schema-graph\">{\"@context\":\"https:\\\/\\\/schema.org\",\"@graph\":[{\"@type\":\"WebPage\",\"@id\":\"https:\\\/\\\/keybox.nl\\\/sleutelkluis-bevestigen\\\/\",\"url\":\"https:\\\/\\\/keybox.nl\\\/sleutelkluis-bevestigen\\\/\",\"name\":\"Een sleutelkluis juist bevestigen -\",\"isPartOf\":{\"@id\":\"https:\\\/\\\/keybox.nl\\\/#website\"},\"primaryImageOfPage\":{\"@id\":\"https:\\\/\\\/keybox.nl\\\/sleutelkluis-bevestigen\\\/#primaryimage\"},\"image\":{\"@id\":\"https:\\\/\\\/keybox.nl\\\/sleutelkluis-bevestigen\\\/#primaryimage\"},\"thumbnailUrl\":\"http:\\\/\\\/keybox.nl\\\/wp-content\\\/uploads\\\/2021\\\/12\\\/KSB103-KSB005-4-scaled.jpg\",\"datePublished\":\"2023-07-20T12:13:27+00:00\",\"dateModified\":\"2023-07-25T10:10:46+00:00\",\"description\":\"Wilt u een sleutelkluis bevestigen? Onze experts helpen u hier graag bij. Bestel uw gewenste kluis en wij komen zo snel mogelijk langs voor de montage.\",\"breadcrumb\":{\"@id\":\"https:\\\/\\\/keybox.nl\\\/sleutelkluis-bevestigen\\\/#breadcrumb\"},\"inLanguage\":\"pl-PL\",\"potentialAction\":[{\"@type\":\"ReadAction\",\"target\":[\"https:\\\/\\\/keybox.nl\\\/sleutelkluis-bevestigen\\\/\"]}]},{\"@type\":\"ImageObject\",\"inLanguage\":\"pl-PL\",\"@id\":\"https:\\\/\\\/keybox.nl\\\/sleutelkluis-bevestigen\\\/#primaryimage\",\"url\":\"http:\\\/\\\/keybox.nl\\\/wp-content\\\/uploads\\\/2021\\\/12\\\/KSB103-KSB005-4-scaled.jpg\",\"contentUrl\":\"http:\\\/\\\/keybox.nl\\\/wp-content\\\/uploads\\\/2021\\\/12\\\/KSB103-KSB005-4-scaled.jpg\"},{\"@type\":\"BreadcrumbList\",\"@id\":\"https:\\\/\\\/keybox.nl\\\/sleutelkluis-bevestigen\\\/#breadcrumb\",\"itemListElement\":[{\"@type\":\"ListItem\",\"position\":1,\"name\":\"Home\",\"item\":\"https:\\\/\\\/keybox.nl\\\/\"},{\"@type\":\"ListItem\",\"position\":2,\"name\":\"sleutelkluis bevestigen\"}]},{\"@type\":\"WebSite\",\"@id\":\"https:\\\/\\\/keybox.nl\\\/#website\",\"url\":\"https:\\\/\\\/keybox.nl\\\/\",\"name\":\"\",\"description\":\"\",\"potentialAction\":[{\"@type\":\"SearchAction\",\"target\":{\"@type\":\"EntryPoint\",\"urlTemplate\":\"https:\\\/\\\/keybox.nl\\\/?s={search_term_string}\"},\"query-input\":{\"@type\":\"PropertyValueSpecification\",\"valueRequired\":true,\"valueName\":\"search_term_string\"}}],\"inLanguage\":\"pl-PL\"}]}<\/script>\n<!-- \/ Yoast SEO plugin. -->","yoast_head_json":{"title":"Prawid\u0142owe zamocowanie sejfu na klucze -","description":"Czy chcesz do\u0142\u0105czy\u0107 sejf na klucze? Nasi eksperci ch\u0119tnie Ci w tym pomog\u0105. Zam\u00f3w wybrany sejf, a my przyjedziemy na monta\u017c tak szybko, jak to mo\u017cliwe.","robots":{"index":"index","follow":"follow","max-snippet":"max-snippet:-1","max-image-preview":"max-image-preview:large","max-video-preview":"max-video-preview:-1"},"canonical":"https:\/\/keybox.nl\/pl\/sleutelkluis-bevestigen\/","og_locale":"pl_PL","og_type":"article","og_title":"Een sleutelkluis juist bevestigen -","og_description":"Wilt u een sleutelkluis bevestigen? Onze experts helpen u hier graag bij. Bestel uw gewenste kluis en wij komen zo snel mogelijk langs voor de montage.","og_url":"https:\/\/keybox.nl\/pl\/sleutelkluis-bevestigen\/","article_modified_time":"2023-07-25T10:10:46+00:00","og_image":[{"url":"http:\/\/keybox.nl\/wp-content\/uploads\/2021\/12\/KSB103-KSB005-4-scaled.jpg","type":"","width":"","height":""}],"twitter_card":"summary_large_image","twitter_misc":{"Szacowany czas czytania":"3 minuty"},"schema":{"@context":"https:\/\/schema.org","@graph":[{"@type":"WebPage","@id":"https:\/\/keybox.nl\/sleutelkluis-bevestigen\/","url":"https:\/\/keybox.nl\/sleutelkluis-bevestigen\/","name":"Prawid\u0142owe zamocowanie sejfu na klucze -","isPartOf":{"@id":"https:\/\/keybox.nl\/#website"},"primaryImageOfPage":{"@id":"https:\/\/keybox.nl\/sleutelkluis-bevestigen\/#primaryimage"},"image":{"@id":"https:\/\/keybox.nl\/sleutelkluis-bevestigen\/#primaryimage"},"thumbnailUrl":"http:\/\/keybox.nl\/wp-content\/uploads\/2021\/12\/KSB103-KSB005-4-scaled.jpg","datePublished":"2023-07-20T12:13:27+00:00","dateModified":"2023-07-25T10:10:46+00:00","description":"Czy chcesz do\u0142\u0105czy\u0107 sejf na klucze? Nasi eksperci ch\u0119tnie Ci w tym pomog\u0105. Zam\u00f3w wybrany sejf, a my przyjedziemy na monta\u017c tak szybko, jak to mo\u017cliwe.","breadcrumb":{"@id":"https:\/\/keybox.nl\/sleutelkluis-bevestigen\/#breadcrumb"},"inLanguage":"pl-PL","potentialAction":[{"@type":"ReadAction","target":["https:\/\/keybox.nl\/sleutelkluis-bevestigen\/"]}]},{"@type":"ImageObject","inLanguage":"pl-PL","@id":"https:\/\/keybox.nl\/sleutelkluis-bevestigen\/#primaryimage","url":"http:\/\/keybox.nl\/wp-content\/uploads\/2021\/12\/KSB103-KSB005-4-scaled.jpg","contentUrl":"http:\/\/keybox.nl\/wp-content\/uploads\/2021\/12\/KSB103-KSB005-4-scaled.jpg"},{"@type":"BreadcrumbList","@id":"https:\/\/keybox.nl\/sleutelkluis-bevestigen\/#breadcrumb","itemListElement":[{"@type":"ListItem","position":1,"name":"Home","item":"https:\/\/keybox.nl\/"},{"@type":"ListItem","position":2,"name":"sleutelkluis bevestigen"}]},{"@type":"WebSite","@id":"https:\/\/keybox.nl\/#website","url":"https:\/\/keybox.nl\/","name":"","description":"","potentialAction":[{"@type":"SearchAction","target":{"@type":"EntryPoint","urlTemplate":"https:\/\/keybox.nl\/?s={search_term_string}"},"query-input":{"@type":"PropertyValueSpecification","valueRequired":true,"valueName":"search_term_string"}}],"inLanguage":"pl-PL"}]}},"jetpack-related-posts":[{"id":1509,"url":"https:\/\/keybox.nl\/pl\/digitaal-sleutelbeheersysteem\/","url_meta":{"origin":1507,"position":0},"title":"cyfrowy system zarz\u0105dzania kluczami","author":"Keybox@beheermodule","date":"20 lipca 2023","format":false,"excerpt":"Cyfrowy system zarz\u0105dzania kluczami W sklepie internetowym! Przyjazny dla u\u017cytkownika \u2713 Odporny i bezpieczny \u2713 R\u00f3\u017cne modele Jeste\u015b zainteresowany cyfrowym systemem zarz\u0105dzania kluczami? W takim razie nasza skrzynka Digibox z siedmioma haczykami na klucze jest dok\u0142adnie tym, czego szukasz. Dzi\u0119ki temu pomys\u0142owemu systemowi mo\u017cesz bezpiecznie i precyzyjnie zarz\u0105dza\u0107 kluczami w swojej firmie....","rel":"","context":"Podobny wpis","block_context":{"text":"Podobny wpis","link":""},"img":{"alt_text":"Digibox Ral 5010 Keybox","src":"https:\/\/i0.wp.com\/keybox.nl\/wp-content\/uploads\/2022\/02\/digibox-keybox-RAL-5010.jpg?resize=350%2C200&ssl=1","width":350,"height":200,"srcset":"https:\/\/i0.wp.com\/keybox.nl\/wp-content\/uploads\/2022\/02\/digibox-keybox-RAL-5010.jpg?resize=350%2C200&ssl=1 1x, https:\/\/i0.wp.com\/keybox.nl\/wp-content\/uploads\/2022\/02\/digibox-keybox-RAL-5010.jpg?resize=525%2C300&ssl=1 1.5x, https:\/\/i0.wp.com\/keybox.nl\/wp-content\/uploads\/2022\/02\/digibox-keybox-RAL-5010.jpg?resize=700%2C400&ssl=1 2x, https:\/\/i0.wp.com\/keybox.nl\/wp-content\/uploads\/2022\/02\/digibox-keybox-RAL-5010.jpg?resize=1050%2C600&ssl=1 3x, https:\/\/i0.wp.com\/keybox.nl\/wp-content\/uploads\/2022\/02\/digibox-keybox-RAL-5010.jpg?resize=1400%2C800&ssl=1 4x"},"classes":[]},{"id":1528,"url":"https:\/\/keybox.nl\/pl\/elektronische-sleutelkluis-kopen\/","url_meta":{"origin":1507,"position":1},"title":"klucz elektroniczny safe-buy","author":"Keybox@beheermodule","date":"20 lipca 2023","format":false,"excerpt":"Kup elektroniczny sejf na klucze w sklepie internetowym! Przyjazny dla u\u017cytkownika \u2713 Odporny i bezpieczny \u2713 R\u00f3\u017cne modele Zakup elektronicznego sejfu na klucze to pierwszy krok do zapewnienia bezpiecze\u0144stwa firmy lub domu. Keybox.pl oferuje rozwi\u0105zanie, kt\u00f3re idealnie pasuje do Twoich potrzeb. Te sejfy...","rel":"","context":"Podobny wpis","block_context":{"text":"Podobny wpis","link":""},"img":{"alt_text":"","src":"https:\/\/i0.wp.com\/keybox.nl\/wp-content\/uploads\/2023\/02\/Keysafe-Big-Pro-sleutelkastje_keybox.jpeg?resize=350%2C200&ssl=1","width":350,"height":200,"srcset":"https:\/\/i0.wp.com\/keybox.nl\/wp-content\/uploads\/2023\/02\/Keysafe-Big-Pro-sleutelkastje_keybox.jpeg?resize=350%2C200&ssl=1 1x, https:\/\/i0.wp.com\/keybox.nl\/wp-content\/uploads\/2023\/02\/Keysafe-Big-Pro-sleutelkastje_keybox.jpeg?resize=525%2C300&ssl=1 1.5x, https:\/\/i0.wp.com\/keybox.nl\/wp-content\/uploads\/2023\/02\/Keysafe-Big-Pro-sleutelkastje_keybox.jpeg?resize=700%2C400&ssl=1 2x"},"classes":[]},{"id":1527,"url":"https:\/\/keybox.nl\/pl\/advies-sleutelkluis-opvragen\/","url_meta":{"origin":1507,"position":2},"title":"advice-key safe-request","author":"Keybox@beheermodule","date":"20 lipca 2023","format":false,"excerpt":"Zam\u00f3w sejf na klucze w sklepie internetowym! Przyjazny dla u\u017cytkownika \u2713 Odporny i bezpieczny \u2713 R\u00f3\u017cne modele Zapytanie o porad\u0119 w sprawie sejfu na klucze to pierwszy krok w kierunku bezpieczniejszego \u015brodowiska biznesowego. Wyb\u00f3r odpowiedniego sejfu na klucze mo\u017ce by\u0107 z\u0142o\u017conym zadaniem, bior\u0105c pod uwag\u0119 r\u00f3\u017cnorodno\u015b\u0107 i innowacje technologiczne. W Keybox.pl rozumiemy...","rel":"","context":"Podobny wpis","block_context":{"text":"Podobny wpis","link":""},"img":{"alt_text":"","src":"https:\/\/i0.wp.com\/keybox.nl\/wp-content\/uploads\/2023\/02\/Keysafe-Big-Pro-sleutelkastje_keybox.jpeg?resize=350%2C200&ssl=1","width":350,"height":200,"srcset":"https:\/\/i0.wp.com\/keybox.nl\/wp-content\/uploads\/2023\/02\/Keysafe-Big-Pro-sleutelkastje_keybox.jpeg?resize=350%2C200&ssl=1 1x, https:\/\/i0.wp.com\/keybox.nl\/wp-content\/uploads\/2023\/02\/Keysafe-Big-Pro-sleutelkastje_keybox.jpeg?resize=525%2C300&ssl=1 1.5x, https:\/\/i0.wp.com\/keybox.nl\/wp-content\/uploads\/2023\/02\/Keysafe-Big-Pro-sleutelkastje_keybox.jpeg?resize=700%2C400&ssl=1 2x"},"classes":[]},{"id":1506,"url":"https:\/\/keybox.nl\/pl\/sleutelkluis-buiten\/","url_meta":{"origin":1507,"position":3},"title":"zewn\u0119trzny sejf na klucze","author":"Keybox@beheermodule","date":"20 lipca 2023","format":false,"excerpt":"Sejf na klucze zewn\u0119trzne Do sklepu internetowego! Przyjazny dla u\u017cytkownika \u2713 Odporny i bezpieczny \u2713 R\u00f3\u017cne modele Zewn\u0119trzny sejf na klucze jest istotn\u0105 cz\u0119\u015bci\u0105 skutecznego zarz\u0105dzania prawami dost\u0119pu, niezale\u017cnie od tego, czy prowadzisz firm\u0119, jeste\u015b w\u0142a\u015bcicielem, czy po prostu potrzebujesz bezpiecznego miejsca na zapasowe klucze. W Keybox.pl rozumiemy...","rel":"","context":"Podobny wpis","block_context":{"text":"Podobny wpis","link":""},"img":{"alt_text":"kluis peugeot","src":"https:\/\/i0.wp.com\/keybox.nl\/wp-content\/uploads\/2022\/02\/KSB007-Peugeot-scaled-e1643751089776.jpg?resize=350%2C200&ssl=1","width":350,"height":200,"srcset":"https:\/\/i0.wp.com\/keybox.nl\/wp-content\/uploads\/2022\/02\/KSB007-Peugeot-scaled-e1643751089776.jpg?resize=350%2C200&ssl=1 1x, https:\/\/i0.wp.com\/keybox.nl\/wp-content\/uploads\/2022\/02\/KSB007-Peugeot-scaled-e1643751089776.jpg?resize=525%2C300&ssl=1 1.5x"},"classes":[]},{"id":546,"url":"https:\/\/keybox.nl\/pl\/inbouwkluisjes-kopen\/","url_meta":{"origin":1507,"position":4},"title":"Kup sejfy do zabudowy","author":"Keybox@beheermodule","date":"11 marca 2022","format":false,"excerpt":"Kup solidne sejfy do zabudowy w sklepie internetowym! \u2713 Przyjazne dla u\u017cytkownika \u2713 Solidne i bezpieczne \u2713 R\u00f3\u017cne modele Chcesz kupi\u0107 sejfy do zabudowy dla swojej firmy? Nasz sklep internetowy oferuje r\u00f3\u017cne modele sejf\u00f3w do monta\u017cu w \u015bcianie. Poniewa\u017c system znajduje si\u0119 w \u015bcianie, nie mo\u017cna go zabra\u0107 i jest...","rel":"","context":"Podobny wpis","block_context":{"text":"Podobny wpis","link":""},"img":{"alt_text":"","src":"https:\/\/i0.wp.com\/keybox.nl\/wp-content\/uploads\/2021\/12\/KSB_102_1-e1638478691321.jpg?resize=350%2C200&ssl=1","width":350,"height":200,"srcset":"https:\/\/i0.wp.com\/keybox.nl\/wp-content\/uploads\/2021\/12\/KSB_102_1-e1638478691321.jpg?resize=350%2C200&ssl=1 1x, https:\/\/i0.wp.com\/keybox.nl\/wp-content\/uploads\/2021\/12\/KSB_102_1-e1638478691321.jpg?resize=525%2C300&ssl=1 1.5x, https:\/\/i0.wp.com\/keybox.nl\/wp-content\/uploads\/2021\/12\/KSB_102_1-e1638478691321.jpg?resize=700%2C400&ssl=1 2x"},"classes":[]},{"id":1529,"url":"https:\/\/keybox.nl\/pl\/sleutelhaken-kopen\/","url_meta":{"origin":1507,"position":5},"title":"key-hooks-buy","author":"Keybox@beheermodule","date":"20 lipca 2023","format":false,"excerpt":"Kup sejf z haczykami na klucze w sklepie internetowym! Przyjazne dla u\u017cytkownika \u2713 Odporne i bezpieczne \u2713 R\u00f3\u017cne modele Szukasz wysokiej jako\u015bci haczyk\u00f3w na klucze do wykorzystania w swojej firmie? W takim razie rozwa\u017c zakup profesjonalnie zabezpieczonej szafki na klucze. W ko\u0144cu nie chcesz, aby osoby o z\u0142ych intencjach...","rel":"","context":"Podobny wpis","block_context":{"text":"Podobny wpis","link":""},"img":{"alt_text":"","src":"https:\/\/i0.wp.com\/keybox.nl\/wp-content\/uploads\/2021\/12\/KSB_102_1-e1638478691321.jpg?resize=350%2C200&ssl=1","width":350,"height":200,"srcset":"https:\/\/i0.wp.com\/keybox.nl\/wp-content\/uploads\/2021\/12\/KSB_102_1-e1638478691321.jpg?resize=350%2C200&ssl=1 1x, https:\/\/i0.wp.com\/keybox.nl\/wp-content\/uploads\/2021\/12\/KSB_102_1-e1638478691321.jpg?resize=525%2C300&ssl=1 1.5x, https:\/\/i0.wp.com\/keybox.nl\/wp-content\/uploads\/2021\/12\/KSB_102_1-e1638478691321.jpg?resize=700%2C400&ssl=1 2x"},"classes":[]}],"jetpack_sharing_enabled":true,"_links":{"self":[{"href":"https:\/\/keybox.nl\/pl\/wp-json\/wp\/v2\/pages\/1507","targetHints":{"allow":["GET"]}}],"collection":[{"href":"https:\/\/keybox.nl\/pl\/wp-json\/wp\/v2\/pages"}],"about":[{"href":"https:\/\/keybox.nl\/pl\/wp-json\/wp\/v2\/types\/page"}],"author":[{"embeddable":true,"href":"https:\/\/keybox.nl\/pl\/wp-json\/wp\/v2\/users\/1"}],"replies":[{"embeddable":true,"href":"https:\/\/keybox.nl\/pl\/wp-json\/wp\/v2\/comments?post=1507"}],"version-history":[{"count":7,"href":"https:\/\/keybox.nl\/pl\/wp-json\/wp\/v2\/pages\/1507\/revisions"}],"predecessor-version":[{"id":1660,"href":"https:\/\/keybox.nl\/pl\/wp-json\/wp\/v2\/pages\/1507\/revisions\/1660"}],"wp:attachment":[{"href":"https:\/\/keybox.nl\/pl\/wp-json\/wp\/v2\/media?parent=1507"}],"curies":[{"name":"wp","href":"https:\/\/api.w.org\/{rel}","templated":true}]}}