{"id":1400,"date":"2023-02-16T10:58:47","date_gmt":"2023-02-16T10:58:47","guid":{"rendered":"http:\/\/keybox.nl\/?page_id=1400"},"modified":"2026-02-11T09:11:55","modified_gmt":"2026-02-11T09:11:55","slug":"montage-installatie","status":"publish","type":"page","link":"https:\/\/keybox.nl\/pl\/montage-installatie\/","title":{"rendered":"Monta\u017c i instalacja sejfu"},"content":{"rendered":"<p>Chcesz kupi\u0107 sejf i zleci\u0107 jego profesjonalny monta\u017c? Wybierz Keybox.pl<\/p>\n\n\n\n<p>Przy&nbsp;<strong>Keybox.pl<\/strong>&nbsp;mo\u017cna nie tylko kupi\u0107 sejf, ale r\u00f3wnie\u017c&nbsp;<strong>fachowy monta\u017c i instalacja sejfu<\/strong>. Oferujemy kompleksow\u0105 obs\u0142ug\u0119: od osobistego doradztwa po profesjonalny monta\u017c na miejscu. Zapewnia to maksymalne bezpiecze\u0144stwo i wygod\u0119.<\/p>\n\n\n\n<h3 class=\"wp-block-heading\">Do\u015bwiadczony zesp\u00f3\u0142 instalacyjny do monta\u017cu skarbc\u00f3w<\/h3>\n\n\n\n<p>Nasz wewn\u0119trzny, do\u015bwiadczony zesp\u00f3\u0142 instalacyjny ju\u017c&nbsp;<strong>niezliczone sejfy zmontowane i zakotwiczone<\/strong>&nbsp;zar\u00f3wno dla os\u00f3b prywatnych, jak i firm. Niezale\u017cnie od tego, czy jest to&nbsp;<strong>sejf antyw\u0142amaniowy, sejf ognioodporny, sejf pod\u0142ogowy lub sejf na bro\u0144<\/strong>, Zapewniamy bezpieczn\u0105 i prawid\u0142ow\u0105 instalacj\u0119 zgodnie z obowi\u0105zuj\u0105cymi normami.<\/p>\n\n\n\n<p>Prawid\u0142owa instalacja sejfu ma zasadnicze znaczenie dla bezpiecze\u0144stwa i wa\u017cno\u015bci wszelkich roszcze\u0144 ubezpieczeniowych. Dlatego ch\u0119tnie doradzimy w nast\u0119puj\u0105cych kwestiach:<\/p>\n\n\n\n<ul class=\"wp-block-list\">\n<li>Prawid\u0142owe umieszczenie sejfu<\/li>\n\n\n\n<li>Profesjonalne kotwienie w pod\u0142odze lub \u015bcianie<\/li>\n\n\n\n<li>Instalacja zgodna z wytycznymi ubezpieczeniowymi<\/li>\n\n\n\n<li>Najlepsze rozwi\u0105zanie dla Twojej sytuacji<\/li>\n<\/ul>\n\n\n\n<h3 class=\"wp-block-heading\">Instalacja zgodna z wymogami ubezpieczeniowymi (np. Bovemij)<\/h3>\n\n\n\n<p>We wsp\u00f3\u0142pracy z m.in.\u00a0<strong>firma ubezpieczeniowa Bovemij<\/strong>\u00a0Wykonujemy instalacje zgodnie z ich specyficznymi wymaganiami. Oznacza to, \u017ce wszelkie uszkodzenia s\u0105 w pe\u0142ni pokryte, a Ty\u00a0<strong>brak nadwy\u017cki<\/strong>\u00a0w przypadku uszkodzenia.<\/p>\n\n\n\n<h3 class=\"wp-block-heading\">Ca\u0142kowita oferta na dostaw\u0119 i instalacj\u0119<\/h3>\n\n\n\n<p>Jeste\u015bmy szcz\u0119\u015bliwi mog\u0105c&nbsp;<strong>ca\u0142kowita oferta na dostaw\u0119 i instalacj\u0119 sejfu<\/strong>. Dzi\u0119ki temu z wyprzedzeniem wiesz dok\u0142adnie, na czym stoisz i korzystasz z jednego punktu kontaktowego w ca\u0142ym procesie.<\/p>\n\n\n\n<p>Chcesz kupi\u0107 sejf z profesjonaln\u0105 instalacj\u0105?<br>Je\u015bli tak, prosimy o kontakt&nbsp;<strong>Keybox.pl<\/strong>&nbsp;Aby uzyska\u0107 fachow\u0105 porad\u0119 i niezobowi\u0105zuj\u0105c\u0105 wycen\u0119.luis.<\/p>\n\n\n\n<h2 class=\"wp-block-heading has-text-align-center\"><strong>Jeste\u015b zainteresowany zam\u00f3wieniem u nas sejfu?<\/strong><\/h2>\n\n\n\n<div class=\"wp-block-buttons is-content-justification-center is-layout-flex wp-container-core-buttons-is-layout-a89b3969 wp-block-buttons-is-layout-flex\">\n<div class=\"wp-block-button is-style-outline is-style-outline--1\"><a class=\"wp-block-button__link wp-element-button\">Zobacz sklep internetowy<\/a><\/div>\n<\/div>\n\n\n\n<h3 class=\"wp-block-heading\">Popro\u015b o niezobowi\u0105zuj\u0105c\u0105 wycen\u0119<\/h3>\n\n\n\n<p>Czy jeste\u015b zainteresowany kt\u00f3rym\u015b z naszych <a href=\"http:\/\/keybox.nl\/pl\/inbraakwerende-kluis-kopen\/\">sejfy antyw\u0142amaniowe<\/a> i chcesz powierzy\u0107 monta\u017c sejfu naszym ekspertom? Popro\u015b o niezobowi\u0105zuj\u0105c\u0105 wycen\u0119 lub um\u00f3w si\u0119 na spotkanie z nami w Bussum, aby <a href=\"http:\/\/keybox.nl\/pl\/advies-sleutelkluis-opvragen\/\">Uzyskaj porady dotycz\u0105ce sejfu na klucze<\/a>. Mo\u017cna si\u0119 z nami skontaktowa\u0107 poprzez <a href=\"http:\/\/keybox.nl\/pl\/contact\/\">formularz kontaktowy<\/a> lub dzwoni\u0105c pod numer <a href=\"tel:0031355330658\">+31 355330658<\/a>.<\/p>\n\n\n<div class=\"wp-block-image\">\n<figure class=\"alignleft size-full is-resized\"><img decoding=\"async\" width=\"900\" height=\"364\" src=\"http:\/\/keybox.nl\/wp-content\/uploads\/2023\/02\/Bestelbus-keybox.jpg\" alt=\"Servicewage Keysecuritybox\" class=\"wp-image-1407\" style=\"width:554px;height:223px\" srcset=\"https:\/\/keybox.nl\/wp-content\/uploads\/2023\/02\/Bestelbus-keybox.jpg 900w, https:\/\/keybox.nl\/wp-content\/uploads\/2023\/02\/Bestelbus-keybox-416x168.jpg 416w, https:\/\/keybox.nl\/wp-content\/uploads\/2023\/02\/Bestelbus-keybox-300x121.jpg 300w, https:\/\/keybox.nl\/wp-content\/uploads\/2023\/02\/Bestelbus-keybox-768x311.jpg 768w\" sizes=\"(max-width: 900px) 100vw, 900px\" \/><\/figure>\n<\/div>","protected":false},"excerpt":{"rendered":"<p>Kluis kopen \u00e9n professioneel laten installeren? Kies voor Keybox.nl Bij&nbsp;Keybox.nl&nbsp;kunt u niet alleen terecht voor het kopen van een kluis, maar ook voor de&nbsp;vakkundige montage en installatie van uw kluis. Wij bieden een complete service: van persoonlijk advies tot professionele plaatsing op locatie. Zo bent u verzekerd van maximale veiligheid \u00e9n gebruiksgemak. Ervaren installatieteam voor [&hellip;]<\/p>\n","protected":false},"author":1,"featured_media":0,"parent":0,"menu_order":0,"comment_status":"closed","ping_status":"closed","template":"","meta":{"footnotes":""},"class_list":["post-1400","page","type-page","status-publish","hentry"],"yoast_head":"<!-- This site is optimized with the Yoast SEO plugin v27.4 - https:\/\/yoast.com\/product\/yoast-seo-wordpress\/ -->\n<title>Montage van uw nieuwe kluis -<\/title>\n<meta name=\"description\" content=\"Wanneer u bij ons een kluis aankoopt, verzorgen wij ook de montage. Schakel ons ervaren installatieteam in voor de installatie en loop geen enkel risico.\" \/>\n<meta name=\"robots\" content=\"index, follow, max-snippet:-1, max-image-preview:large, max-video-preview:-1\" \/>\n<link rel=\"canonical\" href=\"https:\/\/keybox.nl\/pl\/montage-installatie\/\" \/>\n<meta property=\"og:locale\" content=\"pl_PL\" \/>\n<meta property=\"og:type\" content=\"article\" \/>\n<meta property=\"og:title\" content=\"Montage van uw nieuwe kluis -\" \/>\n<meta property=\"og:description\" content=\"Wanneer u bij ons een kluis aankoopt, verzorgen wij ook de montage. Schakel ons ervaren installatieteam in voor de installatie en loop geen enkel risico.\" \/>\n<meta property=\"og:url\" content=\"https:\/\/keybox.nl\/pl\/montage-installatie\/\" \/>\n<meta property=\"article:modified_time\" content=\"2026-02-11T09:11:55+00:00\" \/>\n<meta property=\"og:image\" content=\"https:\/\/keybox.nl\/wp-content\/uploads\/2023\/02\/Bestelbus-keybox.jpg\" \/>\n\t<meta property=\"og:image:width\" content=\"900\" \/>\n\t<meta property=\"og:image:height\" content=\"364\" \/>\n\t<meta property=\"og:image:type\" content=\"image\/jpeg\" \/>\n<meta name=\"twitter:card\" content=\"summary_large_image\" \/>\n<meta name=\"twitter:label1\" content=\"Szacowany czas czytania\" \/>\n\t<meta name=\"twitter:data1\" content=\"2 minuty\" \/>\n<script type=\"application\/ld+json\" class=\"yoast-schema-graph\">{\"@context\":\"https:\\\/\\\/schema.org\",\"@graph\":[{\"@type\":\"WebPage\",\"@id\":\"https:\\\/\\\/keybox.nl\\\/montage-installatie\\\/\",\"url\":\"https:\\\/\\\/keybox.nl\\\/montage-installatie\\\/\",\"name\":\"Montage van uw nieuwe kluis -\",\"isPartOf\":{\"@id\":\"https:\\\/\\\/keybox.nl\\\/#website\"},\"primaryImageOfPage\":{\"@id\":\"https:\\\/\\\/keybox.nl\\\/montage-installatie\\\/#primaryimage\"},\"image\":{\"@id\":\"https:\\\/\\\/keybox.nl\\\/montage-installatie\\\/#primaryimage\"},\"thumbnailUrl\":\"http:\\\/\\\/keybox.nl\\\/wp-content\\\/uploads\\\/2023\\\/02\\\/Bestelbus-keybox.jpg\",\"datePublished\":\"2023-02-16T10:58:47+00:00\",\"dateModified\":\"2026-02-11T09:11:55+00:00\",\"description\":\"Wanneer u bij ons een kluis aankoopt, verzorgen wij ook de montage. Schakel ons ervaren installatieteam in voor de installatie en loop geen enkel risico.\",\"breadcrumb\":{\"@id\":\"https:\\\/\\\/keybox.nl\\\/montage-installatie\\\/#breadcrumb\"},\"inLanguage\":\"pl-PL\",\"potentialAction\":[{\"@type\":\"ReadAction\",\"target\":[\"https:\\\/\\\/keybox.nl\\\/montage-installatie\\\/\"]}]},{\"@type\":\"ImageObject\",\"inLanguage\":\"pl-PL\",\"@id\":\"https:\\\/\\\/keybox.nl\\\/montage-installatie\\\/#primaryimage\",\"url\":\"http:\\\/\\\/keybox.nl\\\/wp-content\\\/uploads\\\/2023\\\/02\\\/Bestelbus-keybox.jpg\",\"contentUrl\":\"http:\\\/\\\/keybox.nl\\\/wp-content\\\/uploads\\\/2023\\\/02\\\/Bestelbus-keybox.jpg\"},{\"@type\":\"BreadcrumbList\",\"@id\":\"https:\\\/\\\/keybox.nl\\\/montage-installatie\\\/#breadcrumb\",\"itemListElement\":[{\"@type\":\"ListItem\",\"position\":1,\"name\":\"Home\",\"item\":\"https:\\\/\\\/keybox.nl\\\/\"},{\"@type\":\"ListItem\",\"position\":2,\"name\":\"Montage en installatie van uw kluis\"}]},{\"@type\":\"WebSite\",\"@id\":\"https:\\\/\\\/keybox.nl\\\/#website\",\"url\":\"https:\\\/\\\/keybox.nl\\\/\",\"name\":\"\",\"description\":\"\",\"potentialAction\":[{\"@type\":\"SearchAction\",\"target\":{\"@type\":\"EntryPoint\",\"urlTemplate\":\"https:\\\/\\\/keybox.nl\\\/?s={search_term_string}\"},\"query-input\":{\"@type\":\"PropertyValueSpecification\",\"valueRequired\":true,\"valueName\":\"search_term_string\"}}],\"inLanguage\":\"pl-PL\"}]}<\/script>\n<!-- \/ Yoast SEO plugin. -->","yoast_head_json":{"title":"Monta\u017c nowego sejfu -","description":"Kupuj\u0105c u nas sejf, zajmujemy si\u0119 r\u00f3wnie\u017c jego instalacj\u0105. Zaanga\u017cuj nasz do\u015bwiadczony zesp\u00f3\u0142 instalacyjny do instalacji i nie ryzykuj.","robots":{"index":"index","follow":"follow","max-snippet":"max-snippet:-1","max-image-preview":"max-image-preview:large","max-video-preview":"max-video-preview:-1"},"canonical":"https:\/\/keybox.nl\/pl\/montage-installatie\/","og_locale":"pl_PL","og_type":"article","og_title":"Montage van uw nieuwe kluis -","og_description":"Wanneer u bij ons een kluis aankoopt, verzorgen wij ook de montage. Schakel ons ervaren installatieteam in voor de installatie en loop geen enkel risico.","og_url":"https:\/\/keybox.nl\/pl\/montage-installatie\/","article_modified_time":"2026-02-11T09:11:55+00:00","og_image":[{"width":900,"height":364,"url":"https:\/\/keybox.nl\/wp-content\/uploads\/2023\/02\/Bestelbus-keybox.jpg","type":"image\/jpeg"}],"twitter_card":"summary_large_image","twitter_misc":{"Szacowany czas czytania":"2 minuty"},"schema":{"@context":"https:\/\/schema.org","@graph":[{"@type":"WebPage","@id":"https:\/\/keybox.nl\/montage-installatie\/","url":"https:\/\/keybox.nl\/montage-installatie\/","name":"Monta\u017c nowego sejfu -","isPartOf":{"@id":"https:\/\/keybox.nl\/#website"},"primaryImageOfPage":{"@id":"https:\/\/keybox.nl\/montage-installatie\/#primaryimage"},"image":{"@id":"https:\/\/keybox.nl\/montage-installatie\/#primaryimage"},"thumbnailUrl":"http:\/\/keybox.nl\/wp-content\/uploads\/2023\/02\/Bestelbus-keybox.jpg","datePublished":"2023-02-16T10:58:47+00:00","dateModified":"2026-02-11T09:11:55+00:00","description":"Kupuj\u0105c u nas sejf, zajmujemy si\u0119 r\u00f3wnie\u017c jego instalacj\u0105. Zaanga\u017cuj nasz do\u015bwiadczony zesp\u00f3\u0142 instalacyjny do instalacji i nie ryzykuj.","breadcrumb":{"@id":"https:\/\/keybox.nl\/montage-installatie\/#breadcrumb"},"inLanguage":"pl-PL","potentialAction":[{"@type":"ReadAction","target":["https:\/\/keybox.nl\/montage-installatie\/"]}]},{"@type":"ImageObject","inLanguage":"pl-PL","@id":"https:\/\/keybox.nl\/montage-installatie\/#primaryimage","url":"http:\/\/keybox.nl\/wp-content\/uploads\/2023\/02\/Bestelbus-keybox.jpg","contentUrl":"http:\/\/keybox.nl\/wp-content\/uploads\/2023\/02\/Bestelbus-keybox.jpg"},{"@type":"BreadcrumbList","@id":"https:\/\/keybox.nl\/montage-installatie\/#breadcrumb","itemListElement":[{"@type":"ListItem","position":1,"name":"Home","item":"https:\/\/keybox.nl\/"},{"@type":"ListItem","position":2,"name":"Montage en installatie van uw kluis"}]},{"@type":"WebSite","@id":"https:\/\/keybox.nl\/#website","url":"https:\/\/keybox.nl\/","name":"","description":"","potentialAction":[{"@type":"SearchAction","target":{"@type":"EntryPoint","urlTemplate":"https:\/\/keybox.nl\/?s={search_term_string}"},"query-input":{"@type":"PropertyValueSpecification","valueRequired":true,"valueName":"search_term_string"}}],"inLanguage":"pl-PL"}]}},"jetpack-related-posts":[{"id":538,"url":"https:\/\/keybox.nl\/pl\/kluis-kopen-voor-thuis\/","url_meta":{"origin":1400,"position":0},"title":"Kup sejf do domu","author":"Keybox@beheermodule","date":"11 marca 2022","format":false,"excerpt":"Zakup odpornego sejfu do domu Do sklepu internetowego! \u2713 Przyjazny dla u\u017cytkownika \u2713 Odporny i bezpieczny \u2713 R\u00f3\u017cne modele Chcesz kupi\u0107 por\u0119czny sejf do domu? W takim razie Keybox.pl ma to, czego szukasz. Sejfy domowe s\u0105 nieco mniejsze i nie wymagaj\u0105 rozleg\u0142ej instalacji, co czyni je idealnymi...","rel":"","context":"Podobny wpis","block_context":{"text":"Podobny wpis","link":""},"img":{"alt_text":"","src":"https:\/\/i0.wp.com\/keybox.nl\/wp-content\/uploads\/2022\/01\/KSB007-inner-safe-2-e1643896091542.jpg?resize=350%2C200&ssl=1","width":350,"height":200,"srcset":"https:\/\/i0.wp.com\/keybox.nl\/wp-content\/uploads\/2022\/01\/KSB007-inner-safe-2-e1643896091542.jpg?resize=350%2C200&ssl=1 1x, https:\/\/i0.wp.com\/keybox.nl\/wp-content\/uploads\/2022\/01\/KSB007-inner-safe-2-e1643896091542.jpg?resize=525%2C300&ssl=1 1.5x, https:\/\/i0.wp.com\/keybox.nl\/wp-content\/uploads\/2022\/01\/KSB007-inner-safe-2-e1643896091542.jpg?resize=700%2C400&ssl=1 2x"},"classes":[]},{"id":326,"url":"https:\/\/keybox.nl\/pl\/goedkope-kluis-kopen\/","url_meta":{"origin":1400,"position":1},"title":"Kup tani sejf","author":"Keybox@beheermodule","date":"3 marca 2022","format":false,"excerpt":"Kup tani, wysokiej jako\u015bci sejf w sklepie internetowym! Przyjazny dla u\u017cytkownika \u2713 Odporny i bezpieczny \u2713 R\u00f3\u017cne modele W Keybox.pl mo\u017cesz kupi\u0107 tani, odporny sejf dla swojej firmy. Dzi\u0119ki naszym sejfom wydawanie kluczy jest zawsze bezpieczne. Co wi\u0119cej, nikt nie musi by\u0107 obecny, aby...","rel":"","context":"Podobny wpis","block_context":{"text":"Podobny wpis","link":""},"img":{"alt_text":"","src":"https:\/\/i0.wp.com\/keybox.nl\/wp-content\/uploads\/2021\/12\/KSB_102_1-e1638478691321.jpg?resize=350%2C200&ssl=1","width":350,"height":200,"srcset":"https:\/\/i0.wp.com\/keybox.nl\/wp-content\/uploads\/2021\/12\/KSB_102_1-e1638478691321.jpg?resize=350%2C200&ssl=1 1x, https:\/\/i0.wp.com\/keybox.nl\/wp-content\/uploads\/2021\/12\/KSB_102_1-e1638478691321.jpg?resize=525%2C300&ssl=1 1.5x, https:\/\/i0.wp.com\/keybox.nl\/wp-content\/uploads\/2021\/12\/KSB_102_1-e1638478691321.jpg?resize=700%2C400&ssl=1 2x"},"classes":[]},{"id":552,"url":"https:\/\/keybox.nl\/pl\/kluis-waardeberging-kopen\/","url_meta":{"origin":1400,"position":2},"title":"Kup sejf depozytowy","author":"Keybox@beheermodule","date":"11 marca 2022","format":false,"excerpt":"Zakup sejfu o wysokim poziomie bezpiecze\u0144stwa w sklepie internetowym! Przyjazny dla u\u017cytkownika \u2713 Odporny i bezpieczny \u2713 R\u00f3\u017cne modele W przypadku bardzo cennych przedmiot\u00f3w nale\u017cy kupi\u0107 sejf o du\u017cej pojemno\u015bci. Maksymalna warto\u015b\u0107 przechowywania sejfu wskazuje, do jakiej kwoty zawarto\u015b\u0107 sejfu jest ubezpieczona....","rel":"","context":"Podobny wpis","block_context":{"text":"Podobny wpis","link":""},"img":{"alt_text":"","src":"https:\/\/i0.wp.com\/keybox.nl\/wp-content\/uploads\/2021\/12\/KSB_102_1-e1638478691321.jpg?resize=350%2C200&ssl=1","width":350,"height":200,"srcset":"https:\/\/i0.wp.com\/keybox.nl\/wp-content\/uploads\/2021\/12\/KSB_102_1-e1638478691321.jpg?resize=350%2C200&ssl=1 1x, https:\/\/i0.wp.com\/keybox.nl\/wp-content\/uploads\/2021\/12\/KSB_102_1-e1638478691321.jpg?resize=525%2C300&ssl=1 1.5x, https:\/\/i0.wp.com\/keybox.nl\/wp-content\/uploads\/2021\/12\/KSB_102_1-e1638478691321.jpg?resize=700%2C400&ssl=1 2x"},"classes":[]},{"id":30,"url":"https:\/\/keybox.nl\/pl\/","url_meta":{"origin":1400,"position":3},"title":"Zakup bezpiecznych szafek na klucze","author":"Keybox@beheermodule","date":"30 listopada 2021","format":false,"excerpt":"W Keybox.pl mo\u017cna kupi\u0107 mi\u0119dzy innymi solidny sejf lub bezpieczne sejfy na klucze. Oferujemy r\u00f3\u017cne rodzaje sejf\u00f3w; od subtelnych sejf\u00f3w na klucze po sejfy \u015bcienne z k\u00f3\u0142kiem depozytowym. U nas mo\u017cesz zam\u00f3wi\u0107 sejf do swojej firmy, ale tak\u017ce do domu. Dzi\u0119ki naszej szerokiej ofercie sejf\u00f3w na klucze,...","rel":"","context":"Z 1 komentarzem","block_context":{"text":"Z 1 komentarzem","link":"https:\/\/keybox.nl\/pl\/#comments"},"img":{"alt_text":"","src":"","width":0,"height":0},"classes":[]},{"id":540,"url":"https:\/\/keybox.nl\/pl\/afstortkluis-bestellen\/","url_meta":{"origin":1400,"position":4},"title":"Zamawianie sejfu depozytowego","author":"Keybox@beheermodule","date":"11 marca 2022","format":false,"excerpt":"Zam\u00f3w sejf depozytowy w sklepie internetowym! \u2713 Przyjazny dla u\u017cytkownika \u2713 Odporny i bezpieczny \u2713 R\u00f3\u017cne modele Sejf depozytowy to idealny wyb\u00f3r, gdy chcesz bezpiecznie przechowywa\u0107 klucze lub inne drobne przedmioty w swojej firmie. Dzi\u0119ki inteligentnemu systemowi depozytowemu i \u015bcianom wykonanym z litego drewna nasze sejfy s\u0105...","rel":"","context":"Podobny wpis","block_context":{"text":"Podobny wpis","link":""},"img":{"alt_text":"","src":"https:\/\/i0.wp.com\/keybox.nl\/wp-content\/uploads\/2022\/01\/IMG_5363-scaled-e1643386544179.jpg?resize=350%2C200&ssl=1","width":350,"height":200},"classes":[]},{"id":1507,"url":"https:\/\/keybox.nl\/pl\/sleutelkluis-bevestigen\/","url_meta":{"origin":1400,"position":5},"title":"naprawa sejfu na klucze","author":"Keybox@beheermodule","date":"20 lipca 2023","format":false,"excerpt":"Mocowanie sejfu na klucze Do sklepu internetowego! Przyjazny dla u\u017cytkownika \u2713 Odporny i bezpieczny \u2713 R\u00f3\u017cne modele Bezpieczne zamocowanie sejfu na klucze nie jest \u0142atwym zadaniem. Wa\u017cne jest jednak, aby zrobi\u0107 to poprawnie, aby sejf by\u0142 mocno przymocowany do \u015bciany. Keybox.pl z przyjemno\u015bci\u0105 opowie Ci wi\u0119cej o...","rel":"","context":"Podobny wpis","block_context":{"text":"Podobny wpis","link":""},"img":{"alt_text":"Keysafe Big Pro","src":"https:\/\/i0.wp.com\/keybox.nl\/wp-content\/uploads\/2023\/02\/S7-Pro-Big-Box-Key-Safe.jpg?resize=350%2C200&ssl=1","width":350,"height":200,"srcset":"https:\/\/i0.wp.com\/keybox.nl\/wp-content\/uploads\/2023\/02\/S7-Pro-Big-Box-Key-Safe.jpg?resize=350%2C200&ssl=1 1x, https:\/\/i0.wp.com\/keybox.nl\/wp-content\/uploads\/2023\/02\/S7-Pro-Big-Box-Key-Safe.jpg?resize=525%2C300&ssl=1 1.5x, https:\/\/i0.wp.com\/keybox.nl\/wp-content\/uploads\/2023\/02\/S7-Pro-Big-Box-Key-Safe.jpg?resize=700%2C400&ssl=1 2x"},"classes":[]}],"jetpack_sharing_enabled":true,"_links":{"self":[{"href":"https:\/\/keybox.nl\/pl\/wp-json\/wp\/v2\/pages\/1400","targetHints":{"allow":["GET"]}}],"collection":[{"href":"https:\/\/keybox.nl\/pl\/wp-json\/wp\/v2\/pages"}],"about":[{"href":"https:\/\/keybox.nl\/pl\/wp-json\/wp\/v2\/types\/page"}],"author":[{"embeddable":true,"href":"https:\/\/keybox.nl\/pl\/wp-json\/wp\/v2\/users\/1"}],"replies":[{"embeddable":true,"href":"https:\/\/keybox.nl\/pl\/wp-json\/wp\/v2\/comments?post=1400"}],"version-history":[{"count":12,"href":"https:\/\/keybox.nl\/pl\/wp-json\/wp\/v2\/pages\/1400\/revisions"}],"predecessor-version":[{"id":1882,"href":"https:\/\/keybox.nl\/pl\/wp-json\/wp\/v2\/pages\/1400\/revisions\/1882"}],"wp:attachment":[{"href":"https:\/\/keybox.nl\/pl\/wp-json\/wp\/v2\/media?parent=1400"}],"curies":[{"name":"wp","href":"https:\/\/api.w.org\/{rel}","templated":true}]}}