{"id":72,"date":"2021-12-01T10:28:57","date_gmt":"2021-12-01T10:28:57","guid":{"rendered":"http:\/\/keybox.nl\/?post_type=product&#038;p=72"},"modified":"2025-11-26T09:34:53","modified_gmt":"2025-11-26T09:34:53","slug":"keysecuritybox-sleutelkluis-ksb101a-ksb102a","status":"publish","type":"product","link":"https:\/\/keybox.nl\/it\/prodotto\/keysecuritybox-sleutelkluis-ksb101a-ksb102a\/","title":{"rendered":"Cassetta di sicurezza per chiavi KSB101A, KSB102A cassaforte blindata aggiuntiva per chiavi"},"content":{"rendered":"<h2>Keysecuritybox KSB101A e KSB102A: la migliore cassaforte per chiavi a muro!<\/h2>\n<p>I modelli Keysecuritybox KSB101A e 102A sono dotati di piastre di protezione all'interno della cassaforte. Le piastre o la cassaforte interna offrono un'ulteriore resistenza agli attacchi e aumentano ulteriormente la difendibilit\u00e0. Sebbene lo spazio di deposito sia ridotto, \u00e8 comunque pi\u00f9 che sufficiente per la maggior parte delle applicazioni.<\/p>\n<p>La soluzione pi\u00f9 semplice e sicura per depositare chiavi e keycard 24 ore su 24, 7 giorni su 7: questo dropbox intelligente, robusto e conveniente \u00e8 utilizzato da migliaia di aziende.<\/p>\n<p>Modello migliorato: la porta \u00e8 stata spostata lateralmente, in modo che il design si adatti perfettamente alla facciata.<\/p>\n<p>Una cassaforte in due versioni: ruota di deposito destra e sinistra<br \/>\nQueste casseforti sono in realt\u00e0 identiche: la KSB101A ha la ruota di deposito dopo il montaggio a sinistra. La KSB102A ha la rotella di deposito sul lato destro. Se sapete dove volete la cassaforte, sapete anche se volete la rotella sul lato destro o sinistro. Pu\u00f2 essere montata contro quasi tutte le pareti. <a href=\"https:\/\/keysecurityproducts.stackstorage.com\/s\/mbeEiHjPeCyWLzN3?dir=%2FManual+KSB+101_102&amp;node-id=6243\" target=\"_blank\" rel=\"noopener\">Cliccare<\/a> qui per leggere tutto sull'installazione di questa cassaforte per chiavi.<\/p>\n<p>Semplice Questa cassaforte per chiavi compatta e robusta \u00e8 la soluzione pi\u00f9 semplice per proteggere in modo ottimale chiavi e keycard. \u00c8 disponibile in diverse versioni, in modo da poter essere sempre installata contro o nelle pareti. Niente pareti? Allora la cassetta portachiavi pu\u00f2 essere montata su una console in acciaio. La cassaforte \u00e8 completamente meccanica e di facile utilizzo.<\/p>\n<p>Solida Questa cassaforte per chiavi \u00e8 estremamente robusta! Ad eccezione della ruota di deposito, \u00e8 interamente realizzata in acciaio massiccio. Avendo una sola parte mobile, la cassaforte \u00e8 estremamente durevole, resistente alle intemperie e affidabile. E le chiavi e le keycard inserite sono al sicuro, perch\u00e9 grazie alla ruota di deposito intelligente \u00e8 impossibile \"pescare\" le chiavi.<\/p>\n<p>Cassaforte Ruotare la rotella fino a quando l'apertura \u00e8 visibile, inserire la chiave o la tessera nella rotella e rilasciare la rotella in modo che torni automaticamente indietro e la chiave cada nella cassaforte. Non potrebbe essere pi\u00f9 semplice.<\/p>\n<p><strong>LA SOLUZIONE MIGLIORE PER SOCIET\u00c0 DI AUTONOLEGGIO, SOCIET\u00c0 DI LEASING, CONCESSIONARI D'AUTO, AZIENDE CON FLOTTE, CONCESSIONARI D'AUTO, CARROZZERIE, HOTEL E ALTRO ANCORA.<\/strong><\/p>\n<p><strong>Una selezione delle nostre referenze<\/strong><br \/>\nConcessionari auto: Audi, BMW, Chevolet, Citro\u00ebn, Fiat, Jaguar, Ford, Honda, Isuzu, Land Rover, MAN trucks, Mazda, Mercedes, Mitsubishi, Nissan, Tesla, Toyota, Opel, Peugeot, Rolls Royce, Renault, Saab, Porsche, Volvo, Volkswagen Noleggio auto: Avis, Hertz, Budget, Sixt, Europcar, Dockx, Thrifty, AVA Rent, Autorent, Drive Yourself, Bochane Rent, Oto2rent, Camion Rentals, Runner Trucks, Bultman Hertz Trasporti pubblici: Aeroporto Schiphol Amsterdam, Aeroporto di Rotterdam, Aeroporto di Eindhoven, Aeroporto di Groninga, Aeroporto di Maastricht, Aeroporto di Anversa, Aeroporto di Bruxelles, Aeroporto di Charleroi, Aeroport du Luxembourg, Stazione di Anversa Centrale Altro: Carglass, ING Car Lease, Runner Truck Lease &amp; Rental, Scheer en Foppen Logistics, Borent, Philips Lighting Company cars &amp; Trailer Service, Dura Vermeer Road Construction, Bosch Universal Car Companies, Profile Tyre Center.<\/p>\n<p><strong>Specifiche di KSB 101A e 102A<\/strong><br \/>\nDimensioni: dimensioni esterne: 215 x 215 x 395 mm (LxPxA)<br \/>\nPeso comprensivo di imballaggio: circa 23,3 kg<br \/>\nSoluzione di sicurezza completa per le vostre chiavi<br \/>\nCassaforte di sicurezza da aprire con una chiave<br \/>\nMorbido tappetino sul fondo per afferrare le chiavi<br \/>\nAdesivo di istruzioni sopra la ruota di smaltimento<br \/>\nDue chiavi uniche per la cassaforte<br \/>\nIstruzioni chiare per l'installazione<\/p>\n<p><strong>Materiale e finitura<\/strong><br \/>\nAcciaio al carbonio di alta qualit\u00e0 laminato a freddo<br \/>\nPorta in acciaio massiccio da 8 mm elettrozincato<br \/>\nVerniciatura a polvere Dupont (Ral 9006)<br \/>\nSerratura e chiave di sicurezza<br \/>\nSerratura di sicurezza con speciale design a doppio scatto<br \/>\nDue chiavi a doppio dente con profilo asimmetrico<br \/>\nLa chiave dell'armadietto non pu\u00f2 essere estratta quando la porta della cassaforte \u00e8 aperta<br \/>\nOltre 500.000 combinazioni di chiavi uniche per gli armadietti<br \/>\nRuota di scarico intelligente<br \/>\nPossibilit\u00e0 di depositare chiavi e tessere con dimensioni massime di 125 x 43 x 61 mm<br \/>\nLa ruota torna automaticamente alla posizione iniziale<br \/>\nRende impossibile la \"pesca\" delle chiavi<br \/>\nDesign conforme alla norma VDMA Classe A<\/p>\n<h3><strong>\"Alla Hertz abbiamo utilizzato le Keysecuritybox<\/strong><br \/>\n<strong>nel Benelux con nostra piena soddisfazione da anni\".<\/strong><br \/>\nDirettore generale HERTZ Rent A Car BeNeLux<\/h3>","protected":false},"excerpt":{"rendered":"<h2>Cassetta di sicurezza KSB101A e KSB102A<\/h2>\n<p>I modelli KSB101A e 102A sono dotati di un'armatura aggiuntiva. All'interno della cassaforte si trova una cassaforte interna aggiuntiva in acciaio speciale che offre una maggiore protezione contro gli attacchi.<br \/>\nUna cassaforte in due versioni: ruota di deposito destra o sinistra<\/p>","protected":false},"featured_media":63,"comment_status":"open","ping_status":"closed","template":"","meta":[],"product_brand":[],"product_cat":[18],"product_tag":[25,35,24,21,20,32,33,34,26],"class_list":{"0":"post-72","1":"product","2":"type-product","3":"status-publish","4":"has-post-thumbnail","6":"product_cat-keysecuritybox","7":"product_tag-afstortkluis","8":"product_tag-armor","9":"product_tag-dropbox","10":"product_tag-keybox","11":"product_tag-keysecuritybox","12":"product_tag-ksb101a","13":"product_tag-ksb102a","14":"product_tag-pantser","15":"product_tag-sleutelafstortkluis","17":"first","18":"instock","19":"taxable","20":"shipping-taxable","21":"purchasable","22":"product-type-variable"},"yoast_head":"<!-- This site is optimized with the Yoast SEO plugin v27.4 - https:\/\/yoast.com\/product\/yoast-seo-wordpress\/ -->\n<title>Keysecuritybox KSB101A, KSB102A extra pantser sleutelkluis -<\/title>\n<meta name=\"robots\" content=\"index, follow, max-snippet:-1, max-image-preview:large, max-video-preview:-1\" \/>\n<link rel=\"canonical\" href=\"https:\/\/keybox.nl\/it\/prodotto\/keysecuritybox-sleutelkluis-ksb101a-ksb102a\/\" \/>\n<meta property=\"og:locale\" content=\"it_IT\" \/>\n<meta property=\"og:type\" content=\"article\" \/>\n<meta property=\"og:title\" content=\"Keysecuritybox KSB101A, KSB102A extra pantser sleutelkluis -\" \/>\n<meta property=\"og:description\" content=\"Keysecuritybox KSB101A &amp; KSB102A De KSB101A en 102A zijn uitgerust met extra Armor \/ pantsering. In de kluis zit een extra binnenkluis van speciaal staal die zorgt voor een hogere bescherming tegen aanvallen. E\u00e9n kluis in twee uitvoeringen: afstortwiel links of rechts\" \/>\n<meta property=\"og:url\" content=\"https:\/\/keybox.nl\/it\/prodotto\/keysecuritybox-sleutelkluis-ksb101a-ksb102a\/\" \/>\n<meta property=\"article:modified_time\" content=\"2025-11-26T09:34:53+00:00\" \/>\n<meta property=\"og:image\" content=\"http:\/\/keybox.nl\/wp-content\/uploads\/2021\/11\/KSB_101_3-scaled-e1638352491754.jpg\" \/>\n\t<meta property=\"og:image:width\" content=\"487\" \/>\n\t<meta property=\"og:image:height\" content=\"487\" \/>\n\t<meta property=\"og:image:type\" content=\"image\/jpeg\" \/>\n<meta name=\"twitter:card\" content=\"summary_large_image\" \/>\n<meta name=\"twitter:label1\" content=\"Tempo di lettura stimato\" \/>\n\t<meta name=\"twitter:data1\" content=\"4 minuti\" \/>\n<script type=\"application\/ld+json\" class=\"yoast-schema-graph\">{\"@context\":\"https:\\\/\\\/schema.org\",\"@graph\":[{\"@type\":\"WebPage\",\"@id\":\"https:\\\/\\\/keybox.nl\\\/product\\\/keysecuritybox-sleutelkluis-ksb101a-ksb102a\\\/\",\"url\":\"https:\\\/\\\/keybox.nl\\\/product\\\/keysecuritybox-sleutelkluis-ksb101a-ksb102a\\\/\",\"name\":\"Keysecuritybox KSB101A, KSB102A extra pantser sleutelkluis -\",\"isPartOf\":{\"@id\":\"https:\\\/\\\/keybox.nl\\\/#website\"},\"primaryImageOfPage\":{\"@id\":\"https:\\\/\\\/keybox.nl\\\/product\\\/keysecuritybox-sleutelkluis-ksb101a-ksb102a\\\/#primaryimage\"},\"image\":{\"@id\":\"https:\\\/\\\/keybox.nl\\\/product\\\/keysecuritybox-sleutelkluis-ksb101a-ksb102a\\\/#primaryimage\"},\"thumbnailUrl\":\"https:\\\/\\\/keybox.nl\\\/wp-content\\\/uploads\\\/2021\\\/11\\\/KSB_101_3-scaled-e1638352491754.jpg\",\"datePublished\":\"2021-12-01T10:28:57+00:00\",\"dateModified\":\"2025-11-26T09:34:53+00:00\",\"breadcrumb\":{\"@id\":\"https:\\\/\\\/keybox.nl\\\/product\\\/keysecuritybox-sleutelkluis-ksb101a-ksb102a\\\/#breadcrumb\"},\"inLanguage\":\"it-IT\",\"potentialAction\":[{\"@type\":\"ReadAction\",\"target\":[\"https:\\\/\\\/keybox.nl\\\/product\\\/keysecuritybox-sleutelkluis-ksb101a-ksb102a\\\/\"]}]},{\"@type\":\"ImageObject\",\"inLanguage\":\"it-IT\",\"@id\":\"https:\\\/\\\/keybox.nl\\\/product\\\/keysecuritybox-sleutelkluis-ksb101a-ksb102a\\\/#primaryimage\",\"url\":\"https:\\\/\\\/keybox.nl\\\/wp-content\\\/uploads\\\/2021\\\/11\\\/KSB_101_3-scaled-e1638352491754.jpg\",\"contentUrl\":\"https:\\\/\\\/keybox.nl\\\/wp-content\\\/uploads\\\/2021\\\/11\\\/KSB_101_3-scaled-e1638352491754.jpg\",\"width\":487,\"height\":487},{\"@type\":\"BreadcrumbList\",\"@id\":\"https:\\\/\\\/keybox.nl\\\/product\\\/keysecuritybox-sleutelkluis-ksb101a-ksb102a\\\/#breadcrumb\",\"itemListElement\":[{\"@type\":\"ListItem\",\"position\":1,\"name\":\"Home\",\"item\":\"https:\\\/\\\/keybox.nl\\\/\"},{\"@type\":\"ListItem\",\"position\":2,\"name\":\"Beveiligde sleutelkastjes kopen\",\"item\":\"https:\\\/\\\/keybox.nl\\\/\"},{\"@type\":\"ListItem\",\"position\":3,\"name\":\"Keysecuritybox KSB101A, KSB102A extra pantser sleutelkluis\"}]},{\"@type\":\"WebSite\",\"@id\":\"https:\\\/\\\/keybox.nl\\\/#website\",\"url\":\"https:\\\/\\\/keybox.nl\\\/\",\"name\":\"\",\"description\":\"\",\"potentialAction\":[{\"@type\":\"SearchAction\",\"target\":{\"@type\":\"EntryPoint\",\"urlTemplate\":\"https:\\\/\\\/keybox.nl\\\/?s={search_term_string}\"},\"query-input\":{\"@type\":\"PropertyValueSpecification\",\"valueRequired\":true,\"valueName\":\"search_term_string\"}}],\"inLanguage\":\"it-IT\"}]}<\/script>\n<!-- \/ Yoast SEO plugin. -->","yoast_head_json":{"title":"Keysecuritybox KSB101A, KSB102A cassaforte blindata aggiuntiva per chiavi -","robots":{"index":"index","follow":"follow","max-snippet":"max-snippet:-1","max-image-preview":"max-image-preview:large","max-video-preview":"max-video-preview:-1"},"canonical":"https:\/\/keybox.nl\/it\/prodotto\/keysecuritybox-sleutelkluis-ksb101a-ksb102a\/","og_locale":"it_IT","og_type":"article","og_title":"Keysecuritybox KSB101A, KSB102A extra pantser sleutelkluis -","og_description":"Keysecuritybox KSB101A &amp; KSB102A De KSB101A en 102A zijn uitgerust met extra Armor \/ pantsering. In de kluis zit een extra binnenkluis van speciaal staal die zorgt voor een hogere bescherming tegen aanvallen. E\u00e9n kluis in twee uitvoeringen: afstortwiel links of rechts","og_url":"https:\/\/keybox.nl\/it\/prodotto\/keysecuritybox-sleutelkluis-ksb101a-ksb102a\/","article_modified_time":"2025-11-26T09:34:53+00:00","og_image":[{"width":487,"height":487,"url":"http:\/\/keybox.nl\/wp-content\/uploads\/2021\/11\/KSB_101_3-scaled-e1638352491754.jpg","type":"image\/jpeg"}],"twitter_card":"summary_large_image","twitter_misc":{"Tempo di lettura stimato":"4 minuti"},"schema":{"@context":"https:\/\/schema.org","@graph":[{"@type":"WebPage","@id":"https:\/\/keybox.nl\/product\/keysecuritybox-sleutelkluis-ksb101a-ksb102a\/","url":"https:\/\/keybox.nl\/product\/keysecuritybox-sleutelkluis-ksb101a-ksb102a\/","name":"Keysecuritybox KSB101A, KSB102A cassaforte blindata aggiuntiva per chiavi -","isPartOf":{"@id":"https:\/\/keybox.nl\/#website"},"primaryImageOfPage":{"@id":"https:\/\/keybox.nl\/product\/keysecuritybox-sleutelkluis-ksb101a-ksb102a\/#primaryimage"},"image":{"@id":"https:\/\/keybox.nl\/product\/keysecuritybox-sleutelkluis-ksb101a-ksb102a\/#primaryimage"},"thumbnailUrl":"https:\/\/keybox.nl\/wp-content\/uploads\/2021\/11\/KSB_101_3-scaled-e1638352491754.jpg","datePublished":"2021-12-01T10:28:57+00:00","dateModified":"2025-11-26T09:34:53+00:00","breadcrumb":{"@id":"https:\/\/keybox.nl\/product\/keysecuritybox-sleutelkluis-ksb101a-ksb102a\/#breadcrumb"},"inLanguage":"it-IT","potentialAction":[{"@type":"ReadAction","target":["https:\/\/keybox.nl\/product\/keysecuritybox-sleutelkluis-ksb101a-ksb102a\/"]}]},{"@type":"ImageObject","inLanguage":"it-IT","@id":"https:\/\/keybox.nl\/product\/keysecuritybox-sleutelkluis-ksb101a-ksb102a\/#primaryimage","url":"https:\/\/keybox.nl\/wp-content\/uploads\/2021\/11\/KSB_101_3-scaled-e1638352491754.jpg","contentUrl":"https:\/\/keybox.nl\/wp-content\/uploads\/2021\/11\/KSB_101_3-scaled-e1638352491754.jpg","width":487,"height":487},{"@type":"BreadcrumbList","@id":"https:\/\/keybox.nl\/product\/keysecuritybox-sleutelkluis-ksb101a-ksb102a\/#breadcrumb","itemListElement":[{"@type":"ListItem","position":1,"name":"Home","item":"https:\/\/keybox.nl\/"},{"@type":"ListItem","position":2,"name":"Beveiligde sleutelkastjes kopen","item":"https:\/\/keybox.nl\/"},{"@type":"ListItem","position":3,"name":"Keysecuritybox KSB101A, KSB102A extra pantser sleutelkluis"}]},{"@type":"WebSite","@id":"https:\/\/keybox.nl\/#website","url":"https:\/\/keybox.nl\/","name":"","description":"","potentialAction":[{"@type":"SearchAction","target":{"@type":"EntryPoint","urlTemplate":"https:\/\/keybox.nl\/?s={search_term_string}"},"query-input":{"@type":"PropertyValueSpecification","valueRequired":true,"valueName":"search_term_string"}}],"inLanguage":"it-IT"}]}},"jetpack-related-posts":[{"id":36,"url":"https:\/\/keybox.nl\/it\/prodotto\/ksb101-ksb102-sleutelkluis\/","url_meta":{"origin":72,"position":0},"title":"Cassetta di sicurezza per chiavi KSB101, KSB102","author":"Keybox@beheermodule","date":"30 Novembre 2021","format":false,"excerpt":"Cassetta di sicurezza KSB101 &amp; KSB102 Una cassaforte in due versioni: ruota di deposito destra o sinistra","rel":"","context":"Con 1 commento","block_context":{"text":"Con 1 commento","link":"https:\/\/keybox.nl\/it\/prodotto\/ksb101-ksb102-sleutelkluis\/#comments"},"img":{"alt_text":"","src":"https:\/\/i0.wp.com\/keybox.nl\/wp-content\/uploads\/2021\/11\/KSB_101_3-scaled-e1638352491754.jpg?resize=350%2C200&ssl=1","width":350,"height":200},"classes":[]},{"id":115,"url":"https:\/\/keybox.nl\/it\/prodotto\/keysecuritybox-sleutelkluis-ksb103a\/","url_meta":{"origin":72,"position":1},"title":"Keysecuritybox KSB103A cassaforte per chiavi extra blindata","author":"Keybox@beheermodule","date":"4 Dicembre 2021","format":false,"excerpt":"Cassetta di sicurezza KSB103A con armatura supplementare. La KSB103A \u00e8 dotata di un'armatura aggiuntiva. All'interno della cassaforte \u00e8 presente una cassaforte interna aggiuntiva in acciaio speciale che garantisce una maggiore protezione contro gli attacchi. Per il montaggio su palo (KSB005) o sulla console KSB106.","rel":"","context":"Articolo simile","block_context":{"text":"Articolo simile","link":""},"img":{"alt_text":"","src":"https:\/\/i0.wp.com\/keybox.nl\/wp-content\/uploads\/2021\/11\/KSB_101_3-scaled-e1638352491754.jpg?resize=350%2C200&ssl=1","width":350,"height":200},"classes":[]},{"id":109,"url":"https:\/\/keybox.nl\/it\/prodotto\/keysecuritybox-sleutelkluis-ksb103\/","url_meta":{"origin":72,"position":2},"title":"Cassaforte per chiavi KSB103","author":"Keybox@beheermodule","date":"4 Dicembre 2021","format":false,"excerpt":"Cassetta di sicurezza KSB103 Per il montaggio su palo (KSB005) o console KSB106","rel":"","context":"Articolo simile","block_context":{"text":"Articolo simile","link":""},"img":{"alt_text":"","src":"https:\/\/i0.wp.com\/keybox.nl\/wp-content\/uploads\/2021\/11\/KSB_101_3-scaled-e1638352491754.jpg?resize=350%2C200&ssl=1","width":350,"height":200},"classes":[]},{"id":201,"url":"https:\/\/keybox.nl\/it\/prodotto\/keysecuritybox-sleutelkluis-ksb107-wl\/","url_meta":{"origin":72,"position":3},"title":"Cassaforte per chiavi KSB107 W","author":"Keybox@beheermodule","date":"28 Gennaio 2022","format":false,"excerpt":"Cassetta di sicurezza per chiavi KSB107 XL Il KSB107 pu\u00f2 essere installato in una parete\/muro ed \u00e8 estremamente sicuro. Apertura a rotolo L66, H64, P 124 mm.","rel":"","context":"Articolo simile","block_context":{"text":"Articolo simile","link":""},"img":{"alt_text":"","src":"https:\/\/i0.wp.com\/keybox.nl\/wp-content\/uploads\/2022\/01\/Keysecuritybox-KSB107XL-300x300.jpg?resize=350%2C200","width":350,"height":200},"classes":[]},{"id":193,"url":"https:\/\/keybox.nl\/it\/prodotto\/keysecuritybox-sleutelkluis-ksb107\/","url_meta":{"origin":72,"position":4},"title":"Cassaforte per chiavi KSB107","author":"Keybox@beheermodule","date":"28 Gennaio 2022","format":false,"excerpt":"Cassetta di sicurezza per chiavi KSB107 Il KSB107 pu\u00f2 essere installato in una parete\/muro ed \u00e8 estremamente sicuro. Apertura a rotolo L44, H64, P 124 mm.","rel":"","context":"Articolo simile","block_context":{"text":"Articolo simile","link":""},"img":{"alt_text":"","src":"https:\/\/i0.wp.com\/keybox.nl\/wp-content\/uploads\/2022\/01\/Ksb007-5-225x300.jpg?resize=350%2C200","width":350,"height":200},"classes":[]},{"id":198,"url":"https:\/\/keybox.nl\/it\/prodotto\/regenkap-ksb101-102-en-103\/","url_meta":{"origin":72,"position":5},"title":"Tettuccio parapioggia KSB101, 2, 3","author":"Keybox@beheermodule","date":"28 Gennaio 2022","format":false,"excerpt":"Cappuccio antipioggia per la cassetta di sicurezza Keysecurity","rel":"","context":"Articolo simile","block_context":{"text":"Articolo simile","link":""},"img":{"alt_text":"","src":"https:\/\/i0.wp.com\/keybox.nl\/wp-content\/uploads\/2022\/01\/IMG_5363-scaled-e1643386544179.jpg?resize=350%2C200&ssl=1","width":350,"height":200},"classes":[]}],"jetpack_sharing_enabled":true,"_links":{"self":[{"href":"https:\/\/keybox.nl\/it\/wp-json\/wp\/v2\/product\/72","targetHints":{"allow":["GET"]}}],"collection":[{"href":"https:\/\/keybox.nl\/it\/wp-json\/wp\/v2\/product"}],"about":[{"href":"https:\/\/keybox.nl\/it\/wp-json\/wp\/v2\/types\/product"}],"replies":[{"embeddable":true,"href":"https:\/\/keybox.nl\/it\/wp-json\/wp\/v2\/comments?post=72"}],"wp:featuredmedia":[{"embeddable":true,"href":"https:\/\/keybox.nl\/it\/wp-json\/wp\/v2\/media\/63"}],"wp:attachment":[{"href":"https:\/\/keybox.nl\/it\/wp-json\/wp\/v2\/media?parent=72"}],"wp:term":[{"taxonomy":"product_brand","embeddable":true,"href":"https:\/\/keybox.nl\/it\/wp-json\/wp\/v2\/product_brand?post=72"},{"taxonomy":"product_cat","embeddable":true,"href":"https:\/\/keybox.nl\/it\/wp-json\/wp\/v2\/product_cat?post=72"},{"taxonomy":"product_tag","embeddable":true,"href":"https:\/\/keybox.nl\/it\/wp-json\/wp\/v2\/product_tag?post=72"}],"curies":[{"name":"wp","href":"https:\/\/api.w.org\/{rel}","templated":true}]}}