{"id":201,"date":"2022-01-28T16:35:05","date_gmt":"2022-01-28T16:35:05","guid":{"rendered":"http:\/\/keybox.nl\/?post_type=product&#038;p=201"},"modified":"2026-03-23T01:16:41","modified_gmt":"2026-03-23T01:16:41","slug":"keysecuritybox-sleutelkluis-ksb107-wl","status":"publish","type":"product","link":"https:\/\/keybox.nl\/it\/prodotto\/keysecuritybox-sleutelkluis-ksb107-wl\/","title":{"rendered":"Cassaforte per chiavi KSB107 W"},"content":{"rendered":"<h2>Cassetta di sicurezza KSB107 W (apertura pi\u00f9 ampia nel rotolo)<\/h2>\n<p>La soluzione pi\u00f9 semplice e sicura per depositare chiavi e keycard 24 ore su 24, 7 giorni su 7: questo dropbox intelligente, robusto e conveniente \u00e8 utilizzato da migliaia di aziende.<\/p>\n<p>Il KSB107 XL ha un'apertura pi\u00f9 ampia nella ruota a rulli. I 22 mm in pi\u00f9 consentono di depositare mazzi di chiavi pi\u00f9 grandi,<\/p>\n<p>Il KSB107 XL pu\u00f2 essere installato in una parete\/muro ed \u00e8 estremamente sicuro. All'esterno della parete \u00e8 visibile solo la piastra del timpano con il rullo. Le chiavi depositate cadono all'interno dell'edificio in una robusta cassaforte chiusa a chiave. La cassaforte \u00e8 dotata di una serratura di blocco con corsa del colpo di 21 mm, rotazione di 300\u00ba e 2 colpi. La chiave non pu\u00f2 essere rimossa in posizione aperta.<\/p>\n<p>Il KSB107 XL pu\u00f2 essere montato in quasi tutte le pareti. Anche in un pannello sandwich, se tra la piastra del timpano con rullo e la parete viene interposto un pannello in acciaio inox\/acciaio inox. La cassaforte da interno \u00e8 predisposta per l'installazione di un rilevatore sismico\/sicuro. Questo sensore segnala l'allarme in caso di attacco e reagisce a una combinazione di vibrazioni e suoni.<\/p>\n<p><img decoding=\"async\" class=\"size-medium wp-image-257 alignleft\" src=\"http:\/\/keybox.nl\/wp-content\/uploads\/2022\/01\/Keysecuritybox-KSB107XL-300x300.jpg\" alt=\"\" width=\"300\" height=\"300\" srcset=\"https:\/\/keybox.nl\/wp-content\/uploads\/2022\/01\/Keysecuritybox-KSB107XL-300x300.jpg 300w, https:\/\/keybox.nl\/wp-content\/uploads\/2022\/01\/Keysecuritybox-KSB107XL-324x324.jpg 324w, https:\/\/keybox.nl\/wp-content\/uploads\/2022\/01\/Keysecuritybox-KSB107XL-100x100.jpg 100w, https:\/\/keybox.nl\/wp-content\/uploads\/2022\/01\/Keysecuritybox-KSB107XL-416x417.jpg 416w, https:\/\/keybox.nl\/wp-content\/uploads\/2022\/01\/Keysecuritybox-KSB107XL-150x150.jpg 150w, https:\/\/keybox.nl\/wp-content\/uploads\/2022\/01\/Keysecuritybox-KSB107XL.jpg 648w\" sizes=\"(max-width: 300px) 100vw, 300px\" \/><\/p>\n<p>&nbsp;<\/p>\n<p>&nbsp;<\/p>\n<p>&nbsp;<\/p>\n<p>&nbsp;<\/p>\n<p>&nbsp;<\/p>\n<p>&nbsp;<\/p>\n<p>&nbsp;<\/p>\n<p><strong>Semplice<\/strong><br \/>\nQuesta cassaforte per chiavi compatta e robusta \u00e8 la soluzione pi\u00f9 semplice per proteggere in modo ottimale chiavi e keycard. \u00c8 disponibile in diverse versioni, in modo da poter essere sempre installata contro o nelle pareti. Niente pareti? Allora la cassetta portachiavi pu\u00f2 essere montata su una console in acciaio. La cassaforte \u00e8 completamente meccanica e di facile utilizzo.<\/p>\n<p><strong>Solido<\/strong><br \/>\nQuesta cassaforte per chiavi \u00e8 estremamente robusta! Ad eccezione della ruota di deposito, \u00e8 interamente realizzata in acciaio massiccio. Avendo una sola parte mobile, la cassaforte \u00e8 estremamente durevole, resistente alle intemperie e affidabile. Inoltre, le chiavi e le keycard inserite sono al sicuro, poich\u00e9 la ruota di deposito intelligente rende impossibile \"pescare\" le chiavi.<\/p>\n<p><strong>Sicuro<\/strong><br \/>\nRuotare la rotella fino a quando l'apertura \u00e8 visibile, inserire la chiave o la tessera nella rotella e rilasciare la rotella in modo che torni automaticamente indietro e la chiave cada nella cassaforte. Non potrebbe essere pi\u00f9 semplice.<\/p>\n<p><strong>LA SOLUZIONE MIGLIORE PER SOCIET\u00c0 DI AUTONOLEGGIO, SOCIET\u00c0 DI LEASING, CONCESSIONARI D'AUTO, AZIENDE CON FLOTTE, CONCESSIONARI D'AUTO, CARROZZERIE, HOTEL E ALTRO ANCORA.<\/strong><\/p>\n<p><strong><br \/>\nUna selezione delle nostre referenze<\/strong><br \/>\nConcessionari auto: Audi, BMW, Chevolet, Citro\u00ebn, Fiat, Jaguar, Ford, Honda, Isuzu, Land Rover, MAN trucks, Mazda, Mercedes, Mitsubishi, Nissan, Tesla, Toyota, Opel, Peugeot, Rolls Royce, Renault, Saab, Porsche, Volvo, Volkswagen Noleggio auto: Avis, Hertz, Budget, Sixt, Europcar, Dockx, Thrifty, AVA Rent, Autorent, Drive Yourself, Bochane Rent, Oto2rent, Camion Rentals, Runner Trucks, Bultman Hertz Trasporti pubblici: Aeroporto Schiphol Amsterdam, Aeroporto di Rotterdam, Aeroporto di Eindhoven, Aeroporto di Groninga, Aeroporto di Maastricht, Aeroporto di Anversa, Aeroporto di Bruxelles, Aeroporto di Charleroi, Aeroport du Luxembourg, Stazione di Anversa Centrale Altro: Carglass, ING Car Lease, Runner Truck Lease &amp; Rental, Scheer en Foppen Logistics, Borent, Philips Lighting Company cars &amp; Trailer Service, Dura Vermeer Road Construction, Bosch Universal Car Companies, Profile Tyre Center.<\/p>\n<p><strong>Specifiche tecniche<\/strong><br \/>\nModello: KSB107<br \/>\nDimensioni della cassaforte interna: 215 x 555 x 177 mm<br \/>\nDimensioni del frontone: 180 x 320 x 145 mm<br \/>\nDimensioni della cavit\u00e0 per rulli: L66, H64, P124 mm<br \/>\nPeso: 24 kg<br \/>\nColore: RAL 9006<\/p>\n<p><strong>Contenuto della confezione KSB107 XL<\/strong><br \/>\n- 1 x KeySecurityBox<br \/>\n- 1 x vetrino<br \/>\n- 1 tappetino per la cassaforte<br \/>\n- 1 x piastra di copertura<br \/>\n- 4 x Anello \u00f8 20 mm<br \/>\n- 4 x estremit\u00e0 filettate<br \/>\n- 4 x Dado M10<br \/>\n- 1 x adesivo di istruzioni<br \/>\n- 2 x chiavi della scatola<\/p>\n<p><iframe title=\"Deposito delle chiavi dell&#039;auto a Keysecuritybox KSB107 presso l&#039;autonoleggio Fred Janssen Van Kouwen\" width=\"980\" height=\"551\" src=\"https:\/\/www.youtube.com\/embed\/RgrgjCxeTt0?feature=oembed&#038;enablejsapi=1&#038;origin=https:\/\/keybox.nl\" frameborder=\"0\" allow=\"accelerometer; autoplay; clipboard-write; encrypted-media; gyroscope; picture-in-picture; web-share\" referrerpolicy=\"strict-origin-when-cross-origin\" allowfullscreen><\/iframe><\/p>","protected":false},"excerpt":{"rendered":"<h2>Cassetta di sicurezza KSB107 XL<\/h2>\n<p>Il KSB107 pu\u00f2 essere inserito in una parete\/muro ed \u00e8 estremamente sicuro. Apertura del rullo L66, H64, P 124 mm.<\/p>","protected":false},"featured_media":195,"comment_status":"open","ping_status":"closed","template":"","meta":[],"product_brand":[],"product_cat":[18],"product_tag":[21,20,44,43],"class_list":{"0":"post-201","1":"product","2":"type-product","3":"status-publish","4":"has-post-thumbnail","6":"product_cat-keysecuritybox","7":"product_tag-keybox","8":"product_tag-keysecuritybox","9":"product_tag-ksb107","10":"product_tag-xl","12":"first","13":"instock","14":"taxable","15":"shipping-taxable","16":"purchasable","17":"product-type-simple"},"yoast_head":"<!-- This site is optimized with the Yoast SEO plugin v27.4 - https:\/\/yoast.com\/product\/yoast-seo-wordpress\/ -->\n<title>Keysecuritybox KSB107 W sleutelkluis -<\/title>\n<meta name=\"robots\" content=\"index, follow, max-snippet:-1, max-image-preview:large, max-video-preview:-1\" \/>\n<link rel=\"canonical\" href=\"https:\/\/keybox.nl\/it\/prodotto\/keysecuritybox-sleutelkluis-ksb107-wl\/\" \/>\n<meta property=\"og:locale\" content=\"it_IT\" \/>\n<meta property=\"og:type\" content=\"article\" \/>\n<meta property=\"og:title\" content=\"Keysecuritybox KSB107 W sleutelkluis -\" \/>\n<meta property=\"og:description\" content=\"Keysecuritybox KSB107 XL De KSB107 kan in een muur \/ wand geplaatst worden en is extreem veilig. Rol opening L66, H64, D 124 mm.\" \/>\n<meta property=\"og:url\" content=\"https:\/\/keybox.nl\/it\/prodotto\/keysecuritybox-sleutelkluis-ksb107-wl\/\" \/>\n<meta property=\"article:modified_time\" content=\"2026-03-23T01:16:41+00:00\" \/>\n<meta property=\"og:image\" content=\"http:\/\/keybox.nl\/wp-content\/uploads\/2022\/01\/KSB_007_2-e1643381083359.jpg\" \/>\n\t<meta property=\"og:image:width\" content=\"348\" \/>\n\t<meta property=\"og:image:height\" content=\"487\" \/>\n\t<meta property=\"og:image:type\" content=\"image\/jpeg\" \/>\n<meta name=\"twitter:card\" content=\"summary_large_image\" \/>\n<meta name=\"twitter:label1\" content=\"Tempo di lettura stimato\" \/>\n\t<meta name=\"twitter:data1\" content=\"4 minuti\" \/>\n<script type=\"application\/ld+json\" class=\"yoast-schema-graph\">{\"@context\":\"https:\\\/\\\/schema.org\",\"@graph\":[{\"@type\":\"WebPage\",\"@id\":\"https:\\\/\\\/keybox.nl\\\/product\\\/keysecuritybox-sleutelkluis-ksb107-wl\\\/\",\"url\":\"https:\\\/\\\/keybox.nl\\\/product\\\/keysecuritybox-sleutelkluis-ksb107-wl\\\/\",\"name\":\"Keysecuritybox KSB107 W sleutelkluis -\",\"isPartOf\":{\"@id\":\"https:\\\/\\\/keybox.nl\\\/#website\"},\"primaryImageOfPage\":{\"@id\":\"https:\\\/\\\/keybox.nl\\\/product\\\/keysecuritybox-sleutelkluis-ksb107-wl\\\/#primaryimage\"},\"image\":{\"@id\":\"https:\\\/\\\/keybox.nl\\\/product\\\/keysecuritybox-sleutelkluis-ksb107-wl\\\/#primaryimage\"},\"thumbnailUrl\":\"https:\\\/\\\/keybox.nl\\\/wp-content\\\/uploads\\\/2022\\\/01\\\/KSB_007_2-e1643381083359.jpg\",\"datePublished\":\"2022-01-28T16:35:05+00:00\",\"dateModified\":\"2026-03-23T01:16:41+00:00\",\"breadcrumb\":{\"@id\":\"https:\\\/\\\/keybox.nl\\\/product\\\/keysecuritybox-sleutelkluis-ksb107-wl\\\/#breadcrumb\"},\"inLanguage\":\"it-IT\",\"potentialAction\":[{\"@type\":\"ReadAction\",\"target\":[\"https:\\\/\\\/keybox.nl\\\/product\\\/keysecuritybox-sleutelkluis-ksb107-wl\\\/\"]}]},{\"@type\":\"ImageObject\",\"inLanguage\":\"it-IT\",\"@id\":\"https:\\\/\\\/keybox.nl\\\/product\\\/keysecuritybox-sleutelkluis-ksb107-wl\\\/#primaryimage\",\"url\":\"https:\\\/\\\/keybox.nl\\\/wp-content\\\/uploads\\\/2022\\\/01\\\/KSB_007_2-e1643381083359.jpg\",\"contentUrl\":\"https:\\\/\\\/keybox.nl\\\/wp-content\\\/uploads\\\/2022\\\/01\\\/KSB_007_2-e1643381083359.jpg\",\"width\":348,\"height\":487},{\"@type\":\"BreadcrumbList\",\"@id\":\"https:\\\/\\\/keybox.nl\\\/product\\\/keysecuritybox-sleutelkluis-ksb107-wl\\\/#breadcrumb\",\"itemListElement\":[{\"@type\":\"ListItem\",\"position\":1,\"name\":\"Home\",\"item\":\"https:\\\/\\\/keybox.nl\\\/\"},{\"@type\":\"ListItem\",\"position\":2,\"name\":\"Beveiligde sleutelkastjes kopen\",\"item\":\"https:\\\/\\\/keybox.nl\\\/\"},{\"@type\":\"ListItem\",\"position\":3,\"name\":\"Keysecuritybox KSB107 W sleutelkluis\"}]},{\"@type\":\"WebSite\",\"@id\":\"https:\\\/\\\/keybox.nl\\\/#website\",\"url\":\"https:\\\/\\\/keybox.nl\\\/\",\"name\":\"\",\"description\":\"\",\"potentialAction\":[{\"@type\":\"SearchAction\",\"target\":{\"@type\":\"EntryPoint\",\"urlTemplate\":\"https:\\\/\\\/keybox.nl\\\/?s={search_term_string}\"},\"query-input\":{\"@type\":\"PropertyValueSpecification\",\"valueRequired\":true,\"valueName\":\"search_term_string\"}}],\"inLanguage\":\"it-IT\"}]}<\/script>\n<!-- \/ Yoast SEO plugin. -->","yoast_head_json":{"title":"Keysecuritybox KSB107 W cassaforte per chiavi -","robots":{"index":"index","follow":"follow","max-snippet":"max-snippet:-1","max-image-preview":"max-image-preview:large","max-video-preview":"max-video-preview:-1"},"canonical":"https:\/\/keybox.nl\/it\/prodotto\/keysecuritybox-sleutelkluis-ksb107-wl\/","og_locale":"it_IT","og_type":"article","og_title":"Keysecuritybox KSB107 W sleutelkluis -","og_description":"Keysecuritybox KSB107 XL De KSB107 kan in een muur \/ wand geplaatst worden en is extreem veilig. Rol opening L66, H64, D 124 mm.","og_url":"https:\/\/keybox.nl\/it\/prodotto\/keysecuritybox-sleutelkluis-ksb107-wl\/","article_modified_time":"2026-03-23T01:16:41+00:00","og_image":[{"width":348,"height":487,"url":"http:\/\/keybox.nl\/wp-content\/uploads\/2022\/01\/KSB_007_2-e1643381083359.jpg","type":"image\/jpeg"}],"twitter_card":"summary_large_image","twitter_misc":{"Tempo di lettura stimato":"4 minuti"},"schema":{"@context":"https:\/\/schema.org","@graph":[{"@type":"WebPage","@id":"https:\/\/keybox.nl\/product\/keysecuritybox-sleutelkluis-ksb107-wl\/","url":"https:\/\/keybox.nl\/product\/keysecuritybox-sleutelkluis-ksb107-wl\/","name":"Keysecuritybox KSB107 W cassaforte per chiavi -","isPartOf":{"@id":"https:\/\/keybox.nl\/#website"},"primaryImageOfPage":{"@id":"https:\/\/keybox.nl\/product\/keysecuritybox-sleutelkluis-ksb107-wl\/#primaryimage"},"image":{"@id":"https:\/\/keybox.nl\/product\/keysecuritybox-sleutelkluis-ksb107-wl\/#primaryimage"},"thumbnailUrl":"https:\/\/keybox.nl\/wp-content\/uploads\/2022\/01\/KSB_007_2-e1643381083359.jpg","datePublished":"2022-01-28T16:35:05+00:00","dateModified":"2026-03-23T01:16:41+00:00","breadcrumb":{"@id":"https:\/\/keybox.nl\/product\/keysecuritybox-sleutelkluis-ksb107-wl\/#breadcrumb"},"inLanguage":"it-IT","potentialAction":[{"@type":"ReadAction","target":["https:\/\/keybox.nl\/product\/keysecuritybox-sleutelkluis-ksb107-wl\/"]}]},{"@type":"ImageObject","inLanguage":"it-IT","@id":"https:\/\/keybox.nl\/product\/keysecuritybox-sleutelkluis-ksb107-wl\/#primaryimage","url":"https:\/\/keybox.nl\/wp-content\/uploads\/2022\/01\/KSB_007_2-e1643381083359.jpg","contentUrl":"https:\/\/keybox.nl\/wp-content\/uploads\/2022\/01\/KSB_007_2-e1643381083359.jpg","width":348,"height":487},{"@type":"BreadcrumbList","@id":"https:\/\/keybox.nl\/product\/keysecuritybox-sleutelkluis-ksb107-wl\/#breadcrumb","itemListElement":[{"@type":"ListItem","position":1,"name":"Home","item":"https:\/\/keybox.nl\/"},{"@type":"ListItem","position":2,"name":"Beveiligde sleutelkastjes kopen","item":"https:\/\/keybox.nl\/"},{"@type":"ListItem","position":3,"name":"Keysecuritybox KSB107 W sleutelkluis"}]},{"@type":"WebSite","@id":"https:\/\/keybox.nl\/#website","url":"https:\/\/keybox.nl\/","name":"","description":"","potentialAction":[{"@type":"SearchAction","target":{"@type":"EntryPoint","urlTemplate":"https:\/\/keybox.nl\/?s={search_term_string}"},"query-input":{"@type":"PropertyValueSpecification","valueRequired":true,"valueName":"search_term_string"}}],"inLanguage":"it-IT"}]}},"jetpack-related-posts":[{"id":193,"url":"https:\/\/keybox.nl\/it\/prodotto\/keysecuritybox-sleutelkluis-ksb107\/","url_meta":{"origin":201,"position":0},"title":"Cassaforte per chiavi KSB107","author":"Keybox@beheermodule","date":"28 Gennaio 2022","format":false,"excerpt":"Cassetta di sicurezza per chiavi KSB107 Il KSB107 pu\u00f2 essere installato in una parete\/muro ed \u00e8 estremamente sicuro. Apertura a rotolo L44, H64, P 124 mm.","rel":"","context":"Articolo simile","block_context":{"text":"Articolo simile","link":""},"img":{"alt_text":"","src":"https:\/\/i0.wp.com\/keybox.nl\/wp-content\/uploads\/2022\/01\/Ksb007-5-225x300.jpg?resize=350%2C200","width":350,"height":200},"classes":[]},{"id":237,"url":"https:\/\/keybox.nl\/it\/prodotto\/paneel-met-uitsparing-ksb107\/","url_meta":{"origin":201,"position":1},"title":"Pannello per KSB107 e KSB107W","author":"Keybox@beheermodule","date":"1 Febbraio 2022","format":false,"excerpt":"Pannello a parete con incavo per KSB107 Consigliato per l'installazione in una parete non in pietra, come ad esempio un pannello sandwich. Il pannello in acciaio inox\/inox \u00e8 dotato di un incavo.","rel":"","context":"Articolo simile","block_context":{"text":"Articolo simile","link":""},"img":{"alt_text":"RVS paneel ksb107","src":"https:\/\/i0.wp.com\/keybox.nl\/wp-content\/uploads\/2022\/02\/SS-Plate-KSB107-e1643788038351.jpg?resize=350%2C200&ssl=1","width":350,"height":200},"classes":[]},{"id":255,"url":"https:\/\/keybox.nl\/it\/prodotto\/regenkap-anti-masking-ksb107\/","url_meta":{"origin":201,"position":2},"title":"Cappuccio antipioggia | Antimascheramento KSB107","author":"Keybox@beheermodule","date":"3 Febbraio 2022","format":false,"excerpt":"\u00a0 Montare il cappuccio antipioggia\/mascheramento in acciaio inox\/Inox per evitare l'ingresso della pioggia e il mascheramento.\u00a0","rel":"","context":"Articolo simile","block_context":{"text":"Articolo simile","link":""},"img":{"alt_text":"Regenkap KSB107","src":"https:\/\/i0.wp.com\/keybox.nl\/wp-content\/uploads\/2022\/01\/KSB_007_rain-scaled-e1643227017671.jpg?resize=350%2C200&ssl=1","width":350,"height":200},"classes":[]},{"id":1339,"url":"https:\/\/keybox.nl\/it\/prodotto\/regenkap-anti-masking-ksb107-xl\/","url_meta":{"origin":201,"position":3},"title":"Cappuccio antipioggia | Antimascheramento KSB107W","author":"Keybox@beheermodule","date":"10 Febbraio 2023","format":false,"excerpt":"\u00a0 Montare il cappuccio antipioggia\/mascheramento in acciaio inox\/Inox per evitare l'ingresso della pioggia e il mascheramento.\u00a0","rel":"","context":"Articolo simile","block_context":{"text":"Articolo simile","link":""},"img":{"alt_text":"Regenkap KSB107","src":"https:\/\/i0.wp.com\/keybox.nl\/wp-content\/uploads\/2022\/01\/KSB_007_rain-scaled-e1643227017671.jpg?resize=350%2C200&ssl=1","width":350,"height":200},"classes":[]},{"id":36,"url":"https:\/\/keybox.nl\/it\/prodotto\/ksb101-ksb102-sleutelkluis\/","url_meta":{"origin":201,"position":4},"title":"Cassetta di sicurezza per chiavi KSB101, KSB102","author":"Keybox@beheermodule","date":"30 Novembre 2021","format":false,"excerpt":"Cassetta di sicurezza KSB101 &amp; KSB102 Una cassaforte in due versioni: ruota di deposito destra o sinistra","rel":"","context":"Con 1 commento","block_context":{"text":"Con 1 commento","link":"https:\/\/keybox.nl\/it\/prodotto\/ksb101-ksb102-sleutelkluis\/#comments"},"img":{"alt_text":"","src":"https:\/\/i0.wp.com\/keybox.nl\/wp-content\/uploads\/2021\/11\/KSB_101_3-scaled-e1638352491754.jpg?resize=350%2C200&ssl=1","width":350,"height":200},"classes":[]},{"id":72,"url":"https:\/\/keybox.nl\/it\/prodotto\/keysecuritybox-sleutelkluis-ksb101a-ksb102a\/","url_meta":{"origin":201,"position":5},"title":"Cassetta di sicurezza per chiavi KSB101A, KSB102A cassaforte blindata aggiuntiva per chiavi","author":"Keybox@beheermodule","date":"1 Dicembre 2021","format":false,"excerpt":"Keysecuritybox KSB101A e KSB102A I modelli KSB101A e 102A sono dotati di un'armatura aggiuntiva. All'interno della cassaforte \u00e8 presente una cassaforte interna aggiuntiva in acciaio speciale che garantisce una maggiore protezione contro gli attacchi. Una cassaforte in due versioni: ruota di deposito sinistra o destra","rel":"","context":"Con 1 commento","block_context":{"text":"Con 1 commento","link":"https:\/\/keybox.nl\/it\/prodotto\/keysecuritybox-sleutelkluis-ksb101a-ksb102a\/#comments"},"img":{"alt_text":"","src":"https:\/\/i0.wp.com\/keybox.nl\/wp-content\/uploads\/2021\/11\/KSB_101_3-scaled-e1638352491754.jpg?resize=350%2C200&ssl=1","width":350,"height":200},"classes":[]}],"jetpack_sharing_enabled":true,"_links":{"self":[{"href":"https:\/\/keybox.nl\/it\/wp-json\/wp\/v2\/product\/201","targetHints":{"allow":["GET"]}}],"collection":[{"href":"https:\/\/keybox.nl\/it\/wp-json\/wp\/v2\/product"}],"about":[{"href":"https:\/\/keybox.nl\/it\/wp-json\/wp\/v2\/types\/product"}],"replies":[{"embeddable":true,"href":"https:\/\/keybox.nl\/it\/wp-json\/wp\/v2\/comments?post=201"}],"wp:featuredmedia":[{"embeddable":true,"href":"https:\/\/keybox.nl\/it\/wp-json\/wp\/v2\/media\/195"}],"wp:attachment":[{"href":"https:\/\/keybox.nl\/it\/wp-json\/wp\/v2\/media?parent=201"}],"wp:term":[{"taxonomy":"product_brand","embeddable":true,"href":"https:\/\/keybox.nl\/it\/wp-json\/wp\/v2\/product_brand?post=201"},{"taxonomy":"product_cat","embeddable":true,"href":"https:\/\/keybox.nl\/it\/wp-json\/wp\/v2\/product_cat?post=201"},{"taxonomy":"product_tag","embeddable":true,"href":"https:\/\/keybox.nl\/it\/wp-json\/wp\/v2\/product_tag?post=201"}],"curies":[{"name":"wp","href":"https:\/\/api.w.org\/{rel}","templated":true}]}}