{"id":193,"date":"2022-01-28T13:48:55","date_gmt":"2022-01-28T13:48:55","guid":{"rendered":"http:\/\/keybox.nl\/?post_type=product&#038;p=193"},"modified":"2026-02-04T13:28:07","modified_gmt":"2026-02-04T13:28:07","slug":"keysecuritybox-sleutelkluis-ksb107","status":"publish","type":"product","link":"https:\/\/keybox.nl\/it\/prodotto\/keysecuritybox-sleutelkluis-ksb107\/","title":{"rendered":"Cassaforte per chiavi KSB107"},"content":{"rendered":"<h2>Cassetta di sicurezza KSB107<\/h2>\n<p>La soluzione pi\u00f9 semplice e sicura per depositare chiavi e keycard 24 ore su 24, 7 giorni su 7: questo dropbox intelligente, robusto e conveniente \u00e8 utilizzato da migliaia di aziende.<\/p>\n<p>Il KSB107 pu\u00f2 essere installato in una parete\/muro ed \u00e8 estremamente sicuro. All'esterno della parete \u00e8 visibile solo la piastra del frontone con il rullo. Le chiavi depositate cadono all'interno dell'edificio in una robusta cassaforte chiusa a chiave. La cassaforte \u00e8 dotata di una serratura di blocco con corsa del colpo di 21 mm, rotazione di 300\u00ba e 2 colpi. La chiave non pu\u00f2 essere rimossa in posizione aperta.<\/p>\n<p>Il KSB107 pu\u00f2 essere montato in quasi tutte le pareti. Anche in un pannello sandwich, se tra la piastra del timpano con rullo e la parete viene interposto un pannello in acciaio inox\/acciaio inox. La cassaforte da interno \u00e8 predisposta per l'installazione di un rilevatore sismico\/sicuro. Questo sensore segnala l'allarme in caso di attacco e reagisce a una combinazione di vibrazioni e suoni.<\/p>\n<p><img decoding=\"async\" class=\"size-medium wp-image-197 alignleft\" src=\"http:\/\/keybox.nl\/wp-content\/uploads\/2022\/01\/Ksb007-5-225x300.jpg\" alt=\"\" width=\"225\" height=\"300\" srcset=\"https:\/\/keybox.nl\/wp-content\/uploads\/2022\/01\/Ksb007-5-225x300.jpg 225w, https:\/\/keybox.nl\/wp-content\/uploads\/2022\/01\/Ksb007-5-416x555.jpg 416w, https:\/\/keybox.nl\/wp-content\/uploads\/2022\/01\/Ksb007-5-768x1024.jpg 768w, https:\/\/keybox.nl\/wp-content\/uploads\/2022\/01\/Ksb007-5-1152x1536.jpg 1152w, https:\/\/keybox.nl\/wp-content\/uploads\/2022\/01\/Ksb007-5.jpg 1200w\" sizes=\"(max-width: 225px) 100vw, 225px\" \/> \u00a0<img decoding=\"async\" class=\"alignleft size-medium wp-image-196\" src=\"http:\/\/keybox.nl\/wp-content\/uploads\/2022\/01\/KSB007-inner-safe-225x300.jpeg\" alt=\"\" width=\"225\" height=\"300\" \/><\/p>\n<p>&nbsp;<\/p>\n<p>&nbsp;<\/p>\n<p>&nbsp;<\/p>\n<p>&nbsp;<\/p>\n<p>&nbsp;<\/p>\n<p>&nbsp;<\/p>\n<p>Semplice Questa cassaforte per chiavi compatta e robusta \u00e8 la soluzione pi\u00f9 semplice per proteggere in modo ottimale chiavi e keycard. \u00c8 disponibile in diverse versioni, in modo da poter essere sempre installata contro o nelle pareti. Niente pareti? Allora la cassetta portachiavi pu\u00f2 essere montata su una console in acciaio. La cassaforte \u00e8 completamente meccanica e di facile utilizzo.<\/p>\n<p>Solida Questa cassaforte per chiavi \u00e8 estremamente robusta! Ad eccezione della ruota di deposito, \u00e8 interamente realizzata in acciaio massiccio. Avendo una sola parte mobile, la cassaforte \u00e8 estremamente durevole, resistente alle intemperie e affidabile. E le chiavi e le keycard inserite sono al sicuro, perch\u00e9 grazie alla ruota di deposito intelligente \u00e8 impossibile \"pescare\" le chiavi.<\/p>\n<p>Cassaforte Ruotare la rotella fino a quando l'apertura \u00e8 visibile, inserire la chiave o la tessera nella rotella e rilasciare la rotella in modo che torni automaticamente indietro e la chiave cada nella cassaforte. Non potrebbe essere pi\u00f9 semplice.<\/p>\n<p><strong>LA SOLUZIONE MIGLIORE PER SOCIET\u00c0 DI AUTONOLEGGIO, SOCIET\u00c0 DI LEASING, CONCESSIONARI D'AUTO, AZIENDE CON FLOTTE, CONCESSIONARI D'AUTO, CARROZZERIE, HOTEL E ALTRO ANCORA.<\/strong><\/p>\n<p><strong>Una selezione delle nostre referenze<\/strong><br \/>\nConcessionari auto: Audi, BMW, Chevolet, Citro\u00ebn, Fiat, Jaguar, Ford, Honda, Isuzu, Land Rover, MAN trucks, Mazda, Mercedes, Mitsubishi, Nissan, Tesla, Toyota, Opel, Peugeot, Rolls Royce, Renault, Saab, Porsche, Volvo, Volkswagen Noleggio auto: Avis, Hertz, Budget, Sixt, Europcar, Dockx, Thrifty, AVA Rent, Autorent, Drive Yourself, Bochane Rent, Oto2rent, Camion Rentals, Runner Trucks, Bultman Hertz Trasporti pubblici: Aeroporto Schiphol Amsterdam, Aeroporto di Rotterdam, Aeroporto di Eindhoven, Aeroporto di Groninga, Aeroporto di Maastricht, Aeroporto di Anversa, Aeroporto di Bruxelles, Aeroporto di Charleroi, Aeroport du Luxembourg, Stazione di Anversa Centrale Altro: Carglass, ING Car Lease, Runner Truck Lease &amp; Rental, Scheer en Foppen Logistics, Borent, Philips Lighting Company cars &amp; Trailer Service, Dura Vermeer Road Construction, Bosch Universal Car Companies, Profile Tyre Center.<\/p>\n<p><strong>Specifiche tecniche<\/strong><br \/>\nModello: KSB107<br \/>\nDimensioni della cassaforte interna: 215 x 555 x 177 mm<br \/>\nDimensioni del frontone: 180 x 320 x 145 mm<br \/>\nDimensioni della cavit\u00e0 per rulli: L44, H64, P124 mm<br \/>\nPeso: 24 kg<br \/>\nColore: RAL 9006<\/p>\n<p><strong>Contenuto della confezione KSB107<\/strong><br \/>\n- 1 x KeySecurityBox<br \/>\n- 1 x vetrino<br \/>\n- 1 tappetino per la cassaforte<br \/>\n- 1 x piastra di copertura<br \/>\n- 4 x Anello \u00f8 20 mm<br \/>\n- 4 x estremit\u00e0 filettate<br \/>\n- 4 x Dado M10<br \/>\n- 1 x adesivo di istruzioni<br \/>\n- 2 x chiavi della scatola<\/p>\n<p><iframe title=\"Deposito delle chiavi dell&#039;auto a Keysecuritybox KSB107 presso l&#039;autonoleggio Fred Janssen Van Kouwen\" width=\"980\" height=\"551\" src=\"https:\/\/www.youtube.com\/embed\/RgrgjCxeTt0?feature=oembed&#038;enablejsapi=1&#038;origin=https:\/\/keybox.nl\" frameborder=\"0\" allow=\"accelerometer; autoplay; clipboard-write; encrypted-media; gyroscope; picture-in-picture; web-share\" referrerpolicy=\"strict-origin-when-cross-origin\" allowfullscreen><\/iframe><\/p>","protected":false},"excerpt":{"rendered":"<h2>Cassetta di sicurezza KSB107<\/h2>\n<p>Il KSB107 pu\u00f2 essere inserito in una parete\/muro ed \u00e8 estremamente sicuro. Apertura a rullo L44, H64, P 124 mm.<\/p>","protected":false},"featured_media":195,"comment_status":"open","ping_status":"closed","template":"","meta":[],"product_brand":[],"product_cat":[18],"product_tag":[],"class_list":{"0":"post-193","1":"product","2":"type-product","3":"status-publish","4":"has-post-thumbnail","6":"product_cat-keysecuritybox","8":"first","9":"instock","10":"taxable","11":"shipping-taxable","12":"purchasable","13":"product-type-simple"},"yoast_head":"<!-- This site is optimized with the Yoast SEO plugin v27.4 - https:\/\/yoast.com\/product\/yoast-seo-wordpress\/ -->\n<title>Keysecuritybox KSB107 sleutelkluis -<\/title>\n<meta name=\"robots\" content=\"index, follow, max-snippet:-1, max-image-preview:large, max-video-preview:-1\" \/>\n<link rel=\"canonical\" href=\"https:\/\/keybox.nl\/it\/prodotto\/keysecuritybox-sleutelkluis-ksb107\/\" \/>\n<meta property=\"og:locale\" content=\"it_IT\" \/>\n<meta property=\"og:type\" content=\"article\" \/>\n<meta property=\"og:title\" content=\"Keysecuritybox KSB107 sleutelkluis -\" \/>\n<meta property=\"og:description\" content=\"Keysecuritybox KSB107 De KSB107 kan in een muur \/ wand geplaatst worden en is extreem veilig. Rol opening L44, H64, D 124 mm.\" \/>\n<meta property=\"og:url\" content=\"https:\/\/keybox.nl\/it\/prodotto\/keysecuritybox-sleutelkluis-ksb107\/\" \/>\n<meta property=\"article:modified_time\" content=\"2026-02-04T13:28:07+00:00\" \/>\n<meta property=\"og:image\" content=\"http:\/\/keybox.nl\/wp-content\/uploads\/2022\/01\/KSB_007_2-e1643381083359.jpg\" \/>\n\t<meta property=\"og:image:width\" content=\"348\" \/>\n\t<meta property=\"og:image:height\" content=\"487\" \/>\n\t<meta property=\"og:image:type\" content=\"image\/jpeg\" \/>\n<meta name=\"twitter:card\" content=\"summary_large_image\" \/>\n<meta name=\"twitter:label1\" content=\"Tempo di lettura stimato\" \/>\n\t<meta name=\"twitter:data1\" content=\"4 minuti\" \/>\n<script type=\"application\/ld+json\" class=\"yoast-schema-graph\">{\"@context\":\"https:\\\/\\\/schema.org\",\"@graph\":[{\"@type\":\"WebPage\",\"@id\":\"https:\\\/\\\/keybox.nl\\\/product\\\/keysecuritybox-sleutelkluis-ksb107\\\/\",\"url\":\"https:\\\/\\\/keybox.nl\\\/product\\\/keysecuritybox-sleutelkluis-ksb107\\\/\",\"name\":\"Keysecuritybox KSB107 sleutelkluis -\",\"isPartOf\":{\"@id\":\"https:\\\/\\\/keybox.nl\\\/#website\"},\"primaryImageOfPage\":{\"@id\":\"https:\\\/\\\/keybox.nl\\\/product\\\/keysecuritybox-sleutelkluis-ksb107\\\/#primaryimage\"},\"image\":{\"@id\":\"https:\\\/\\\/keybox.nl\\\/product\\\/keysecuritybox-sleutelkluis-ksb107\\\/#primaryimage\"},\"thumbnailUrl\":\"https:\\\/\\\/keybox.nl\\\/wp-content\\\/uploads\\\/2022\\\/01\\\/KSB_007_2-e1643381083359.jpg\",\"datePublished\":\"2022-01-28T13:48:55+00:00\",\"dateModified\":\"2026-02-04T13:28:07+00:00\",\"breadcrumb\":{\"@id\":\"https:\\\/\\\/keybox.nl\\\/product\\\/keysecuritybox-sleutelkluis-ksb107\\\/#breadcrumb\"},\"inLanguage\":\"it-IT\",\"potentialAction\":[{\"@type\":\"ReadAction\",\"target\":[\"https:\\\/\\\/keybox.nl\\\/product\\\/keysecuritybox-sleutelkluis-ksb107\\\/\"]}]},{\"@type\":\"ImageObject\",\"inLanguage\":\"it-IT\",\"@id\":\"https:\\\/\\\/keybox.nl\\\/product\\\/keysecuritybox-sleutelkluis-ksb107\\\/#primaryimage\",\"url\":\"https:\\\/\\\/keybox.nl\\\/wp-content\\\/uploads\\\/2022\\\/01\\\/KSB_007_2-e1643381083359.jpg\",\"contentUrl\":\"https:\\\/\\\/keybox.nl\\\/wp-content\\\/uploads\\\/2022\\\/01\\\/KSB_007_2-e1643381083359.jpg\",\"width\":348,\"height\":487},{\"@type\":\"BreadcrumbList\",\"@id\":\"https:\\\/\\\/keybox.nl\\\/product\\\/keysecuritybox-sleutelkluis-ksb107\\\/#breadcrumb\",\"itemListElement\":[{\"@type\":\"ListItem\",\"position\":1,\"name\":\"Home\",\"item\":\"https:\\\/\\\/keybox.nl\\\/\"},{\"@type\":\"ListItem\",\"position\":2,\"name\":\"Beveiligde sleutelkastjes kopen\",\"item\":\"https:\\\/\\\/keybox.nl\\\/\"},{\"@type\":\"ListItem\",\"position\":3,\"name\":\"Keysecuritybox KSB107 sleutelkluis\"}]},{\"@type\":\"WebSite\",\"@id\":\"https:\\\/\\\/keybox.nl\\\/#website\",\"url\":\"https:\\\/\\\/keybox.nl\\\/\",\"name\":\"\",\"description\":\"\",\"potentialAction\":[{\"@type\":\"SearchAction\",\"target\":{\"@type\":\"EntryPoint\",\"urlTemplate\":\"https:\\\/\\\/keybox.nl\\\/?s={search_term_string}\"},\"query-input\":{\"@type\":\"PropertyValueSpecification\",\"valueRequired\":true,\"valueName\":\"search_term_string\"}}],\"inLanguage\":\"it-IT\"}]}<\/script>\n<!-- \/ Yoast SEO plugin. -->","yoast_head_json":{"title":"Cassaforte per chiavi KSB107","robots":{"index":"index","follow":"follow","max-snippet":"max-snippet:-1","max-image-preview":"max-image-preview:large","max-video-preview":"max-video-preview:-1"},"canonical":"https:\/\/keybox.nl\/it\/prodotto\/keysecuritybox-sleutelkluis-ksb107\/","og_locale":"it_IT","og_type":"article","og_title":"Keysecuritybox KSB107 sleutelkluis -","og_description":"Keysecuritybox KSB107 De KSB107 kan in een muur \/ wand geplaatst worden en is extreem veilig. Rol opening L44, H64, D 124 mm.","og_url":"https:\/\/keybox.nl\/it\/prodotto\/keysecuritybox-sleutelkluis-ksb107\/","article_modified_time":"2026-02-04T13:28:07+00:00","og_image":[{"width":348,"height":487,"url":"http:\/\/keybox.nl\/wp-content\/uploads\/2022\/01\/KSB_007_2-e1643381083359.jpg","type":"image\/jpeg"}],"twitter_card":"summary_large_image","twitter_misc":{"Tempo di lettura stimato":"4 minuti"},"schema":{"@context":"https:\/\/schema.org","@graph":[{"@type":"WebPage","@id":"https:\/\/keybox.nl\/product\/keysecuritybox-sleutelkluis-ksb107\/","url":"https:\/\/keybox.nl\/product\/keysecuritybox-sleutelkluis-ksb107\/","name":"Cassaforte per chiavi KSB107","isPartOf":{"@id":"https:\/\/keybox.nl\/#website"},"primaryImageOfPage":{"@id":"https:\/\/keybox.nl\/product\/keysecuritybox-sleutelkluis-ksb107\/#primaryimage"},"image":{"@id":"https:\/\/keybox.nl\/product\/keysecuritybox-sleutelkluis-ksb107\/#primaryimage"},"thumbnailUrl":"https:\/\/keybox.nl\/wp-content\/uploads\/2022\/01\/KSB_007_2-e1643381083359.jpg","datePublished":"2022-01-28T13:48:55+00:00","dateModified":"2026-02-04T13:28:07+00:00","breadcrumb":{"@id":"https:\/\/keybox.nl\/product\/keysecuritybox-sleutelkluis-ksb107\/#breadcrumb"},"inLanguage":"it-IT","potentialAction":[{"@type":"ReadAction","target":["https:\/\/keybox.nl\/product\/keysecuritybox-sleutelkluis-ksb107\/"]}]},{"@type":"ImageObject","inLanguage":"it-IT","@id":"https:\/\/keybox.nl\/product\/keysecuritybox-sleutelkluis-ksb107\/#primaryimage","url":"https:\/\/keybox.nl\/wp-content\/uploads\/2022\/01\/KSB_007_2-e1643381083359.jpg","contentUrl":"https:\/\/keybox.nl\/wp-content\/uploads\/2022\/01\/KSB_007_2-e1643381083359.jpg","width":348,"height":487},{"@type":"BreadcrumbList","@id":"https:\/\/keybox.nl\/product\/keysecuritybox-sleutelkluis-ksb107\/#breadcrumb","itemListElement":[{"@type":"ListItem","position":1,"name":"Home","item":"https:\/\/keybox.nl\/"},{"@type":"ListItem","position":2,"name":"Beveiligde sleutelkastjes kopen","item":"https:\/\/keybox.nl\/"},{"@type":"ListItem","position":3,"name":"Keysecuritybox KSB107 sleutelkluis"}]},{"@type":"WebSite","@id":"https:\/\/keybox.nl\/#website","url":"https:\/\/keybox.nl\/","name":"","description":"","potentialAction":[{"@type":"SearchAction","target":{"@type":"EntryPoint","urlTemplate":"https:\/\/keybox.nl\/?s={search_term_string}"},"query-input":{"@type":"PropertyValueSpecification","valueRequired":true,"valueName":"search_term_string"}}],"inLanguage":"it-IT"}]}},"jetpack-related-posts":[{"id":201,"url":"https:\/\/keybox.nl\/it\/prodotto\/keysecuritybox-sleutelkluis-ksb107-wl\/","url_meta":{"origin":193,"position":0},"title":"Cassaforte per chiavi KSB107 W","author":"Keybox@beheermodule","date":"28 Gennaio 2022","format":false,"excerpt":"Cassetta di sicurezza per chiavi KSB107 XL Il KSB107 pu\u00f2 essere installato in una parete\/muro ed \u00e8 estremamente sicuro. Apertura a rotolo L66, H64, P 124 mm.","rel":"","context":"Articolo simile","block_context":{"text":"Articolo simile","link":""},"img":{"alt_text":"","src":"https:\/\/i0.wp.com\/keybox.nl\/wp-content\/uploads\/2022\/01\/Keysecuritybox-KSB107XL-300x300.jpg?resize=350%2C200","width":350,"height":200},"classes":[]},{"id":237,"url":"https:\/\/keybox.nl\/it\/prodotto\/paneel-met-uitsparing-ksb107\/","url_meta":{"origin":193,"position":1},"title":"Pannello per KSB107 e KSB107W","author":"Keybox@beheermodule","date":"1 Febbraio 2022","format":false,"excerpt":"Pannello a parete con incavo per KSB107 Consigliato per l'installazione in una parete non in pietra, come ad esempio un pannello sandwich. Il pannello in acciaio inox\/inox \u00e8 dotato di un incavo.","rel":"","context":"Articolo simile","block_context":{"text":"Articolo simile","link":""},"img":{"alt_text":"RVS paneel ksb107","src":"https:\/\/i0.wp.com\/keybox.nl\/wp-content\/uploads\/2022\/02\/SS-Plate-KSB107-e1643788038351.jpg?resize=350%2C200&ssl=1","width":350,"height":200},"classes":[]},{"id":255,"url":"https:\/\/keybox.nl\/it\/prodotto\/regenkap-anti-masking-ksb107\/","url_meta":{"origin":193,"position":2},"title":"Cappuccio antipioggia | Antimascheramento KSB107","author":"Keybox@beheermodule","date":"3 Febbraio 2022","format":false,"excerpt":"\u00a0 Montare il cappuccio antipioggia\/mascheramento in acciaio inox\/Inox per evitare l'ingresso della pioggia e il mascheramento.\u00a0","rel":"","context":"Articolo simile","block_context":{"text":"Articolo simile","link":""},"img":{"alt_text":"Regenkap KSB107","src":"https:\/\/i0.wp.com\/keybox.nl\/wp-content\/uploads\/2022\/01\/KSB_007_rain-scaled-e1643227017671.jpg?resize=350%2C200&ssl=1","width":350,"height":200},"classes":[]},{"id":1339,"url":"https:\/\/keybox.nl\/it\/prodotto\/regenkap-anti-masking-ksb107-xl\/","url_meta":{"origin":193,"position":3},"title":"Cappuccio antipioggia | Antimascheramento KSB107W","author":"Keybox@beheermodule","date":"10 Febbraio 2023","format":false,"excerpt":"\u00a0 Montare il cappuccio antipioggia\/mascheramento in acciaio inox\/Inox per evitare l'ingresso della pioggia e il mascheramento.\u00a0","rel":"","context":"Articolo simile","block_context":{"text":"Articolo simile","link":""},"img":{"alt_text":"Regenkap KSB107","src":"https:\/\/i0.wp.com\/keybox.nl\/wp-content\/uploads\/2022\/01\/KSB_007_rain-scaled-e1643227017671.jpg?resize=350%2C200&ssl=1","width":350,"height":200},"classes":[]},{"id":248,"url":"https:\/\/keybox.nl\/it\/prodotto\/seismische-kluis-detector-ksb107\/","url_meta":{"origin":193,"position":4},"title":"Rivelatore di volta sismica KSB107","author":"Keybox@beheermodule","date":"2 Febbraio 2022","format":false,"excerpt":"Rivelatore sismico di sicurezza KSB007 Rivelatore sismico di sicurezza in custodia metallica. Il sensore reagisce alle vibrazioni e al suono, consentendo di rilevare un attacco all'oggetto. Da collegare al sistema di allarme. Il Keysecuritybox KSB107 \u00e8 predisposto per il montaggio di questo sensore. Larghezza31 mm Altezza 23 mm Lunghezza 91 mm Materiale...","rel":"","context":"Articolo simile","block_context":{"text":"Articolo simile","link":""},"img":{"alt_text":"Seismische Kluis Detector","src":"https:\/\/i0.wp.com\/keybox.nl\/wp-content\/uploads\/2022\/02\/Seismische-Kluis-Detector-e1643814028729.jpg?resize=350%2C200&ssl=1","width":350,"height":200},"classes":[]},{"id":115,"url":"https:\/\/keybox.nl\/it\/prodotto\/keysecuritybox-sleutelkluis-ksb103a\/","url_meta":{"origin":193,"position":5},"title":"Keysecuritybox KSB103A cassaforte per chiavi extra blindata","author":"Keybox@beheermodule","date":"4 Dicembre 2021","format":false,"excerpt":"Cassetta di sicurezza KSB103A con armatura supplementare. La KSB103A \u00e8 dotata di un'armatura aggiuntiva. All'interno della cassaforte \u00e8 presente una cassaforte interna aggiuntiva in acciaio speciale che garantisce una maggiore protezione contro gli attacchi. Per il montaggio su palo (KSB005) o sulla console KSB106.","rel":"","context":"Articolo simile","block_context":{"text":"Articolo simile","link":""},"img":{"alt_text":"","src":"https:\/\/i0.wp.com\/keybox.nl\/wp-content\/uploads\/2021\/11\/KSB_101_3-scaled-e1638352491754.jpg?resize=350%2C200&ssl=1","width":350,"height":200},"classes":[]}],"jetpack_sharing_enabled":true,"_links":{"self":[{"href":"https:\/\/keybox.nl\/it\/wp-json\/wp\/v2\/product\/193","targetHints":{"allow":["GET"]}}],"collection":[{"href":"https:\/\/keybox.nl\/it\/wp-json\/wp\/v2\/product"}],"about":[{"href":"https:\/\/keybox.nl\/it\/wp-json\/wp\/v2\/types\/product"}],"replies":[{"embeddable":true,"href":"https:\/\/keybox.nl\/it\/wp-json\/wp\/v2\/comments?post=193"}],"wp:featuredmedia":[{"embeddable":true,"href":"https:\/\/keybox.nl\/it\/wp-json\/wp\/v2\/media\/195"}],"wp:attachment":[{"href":"https:\/\/keybox.nl\/it\/wp-json\/wp\/v2\/media?parent=193"}],"wp:term":[{"taxonomy":"product_brand","embeddable":true,"href":"https:\/\/keybox.nl\/it\/wp-json\/wp\/v2\/product_brand?post=193"},{"taxonomy":"product_cat","embeddable":true,"href":"https:\/\/keybox.nl\/it\/wp-json\/wp\/v2\/product_cat?post=193"},{"taxonomy":"product_tag","embeddable":true,"href":"https:\/\/keybox.nl\/it\/wp-json\/wp\/v2\/product_tag?post=193"}],"curies":[{"name":"wp","href":"https:\/\/api.w.org\/{rel}","templated":true}]}}