{"id":1822,"date":"2025-01-26T21:36:39","date_gmt":"2025-01-26T21:36:39","guid":{"rendered":"https:\/\/keybox.nl\/?post_type=product&#038;p=1822"},"modified":"2025-01-26T21:36:39","modified_gmt":"2025-01-26T21:36:39","slug":"keysafe-gce","status":"publish","type":"product","link":"https:\/\/keybox.nl\/it\/prodotto\/keysafe-gce\/","title":{"rendered":"Keysafe GCE"},"content":{"rendered":"<h4>Scegliete tra tre misure per il Keysafe GCE.<\/h4>\n<h4>Caratteristiche generali<\/h4>\n<ul>\n<li style=\"list-style-type: none;\">\n<ul>\n<li>Protezione antisfondamento: certificata e conforme ai pi\u00f9 elevati requisiti di sicurezza.<strong> (EN 14 450 Livello di sicurezza 2)<\/strong><\/li>\n<li>Indicazione di conservazione del valore: Contanti \u20ac 5.000 Oggetti di valore: \u20ac 9.000<\/li>\n<li>Ganci di grandi dimensioni, adatti a chiavi e chiavi dell'auto<\/li>\n<li>Serratura elettronica, facile da usare senza batterie.<\/li>\n<li>Include una serratura di emergenza con 2 chiavi per una maggiore sicurezza.<\/li>\n<li>Predisposto per l'ancoraggio a parete.<\/li>\n<li>Nero elegante.<\/li>\n<\/ul>\n<\/li>\n<\/ul>\n<h4>Modelli diversi<\/h4>\n<p><strong>GCE 28<\/strong><\/p>\n<ul>\n<li>Dimensioni: 350 x 470 x 150 (dimensioni esterne h x l x p in mm)<\/li>\n<li>Peso: 38 kg<\/li>\n<li>28 ganci per chiavi<\/li>\n<\/ul>\n<p><strong>GCE 48<\/strong><\/p>\n<ul>\n<li>Dimensioni: 490 x 430 x 150 (dimensioni esterne h x l x p in mm)<\/li>\n<li>Peso: 44 kg<\/li>\n<li>48 ganci per chiavi<\/li>\n<\/ul>\n<p><strong>GCE 87<\/strong><\/p>\n<ul>\n<li>Dimensioni: 490 x 430 x 180 (dimensioni esterne h x l x p in mm)<\/li>\n<li>Peso: 47 kg<\/li>\n<li>87 ganci per chiavi<\/li>\n<li>Scomparto interno con ganci sulla porta, bloccato da un sistema magnetico per una maggiore sicurezza.<\/li>\n<li style=\"list-style-type: none;\"><\/li>\n<\/ul>\n<h4>Vantaggi<\/h4>\n<ul>\n<li><strong>Stoccaggio flessibile:<\/strong> Adatto sia per chiavi singole che per portachiavi.<\/li>\n<li><strong>Facile da usare:<\/strong> La serratura elettronica e le chiavi di emergenza facilitano l'accesso e la sicurezza.<\/li>\n<li><strong>Design resistente:<\/strong> Resiste all'uso intenso e offre un'eccellente protezione contro le effrazioni.<\/li>\n<li><strong>Perfetto per le aziende:<\/strong> Ideale per officine, concessionarie e organizzazioni che desiderano un approccio professionale alla gestione delle chiavi.<\/li>\n<li><strong>Sicuro e certificato:<\/strong> Soddisfa i requisiti RDW e BOVAG, ideale per le aziende che desiderano gestire le chiavi in modo efficiente e sicuro.<\/li>\n<\/ul>\n<p>Con il <strong>Keysafe GCE<\/strong> Se scegliete una cassaforte per chiavi affidabile che offre sicurezza e convenienza, ordinate direttamente da <a href=\"http:\/\/keybox.nl\/it\/\">keybox.it!<\/a><\/p>","protected":false},"excerpt":{"rendered":"<p>Scegliete tra 3 modelli.<\/p>","protected":false},"featured_media":1823,"comment_status":"open","ping_status":"closed","template":"","meta":[],"product_brand":[],"product_cat":[88],"product_tag":[90,89],"class_list":{"0":"post-1822","1":"product","2":"type-product","3":"status-publish","4":"has-post-thumbnail","6":"product_cat-sleutelkluizen","7":"product_tag-medium-sleutelkluis","8":"product_tag-middelgrote-keysafe","10":"first","11":"instock","12":"taxable","13":"shipping-taxable","14":"purchasable","15":"product-type-variable","16":"has-default-attributes"},"yoast_head":"<!-- This site is optimized with the Yoast SEO plugin v27.4 - https:\/\/yoast.com\/product\/yoast-seo-wordpress\/ -->\n<title>Keysafe GCE -<\/title>\n<meta name=\"robots\" content=\"index, follow, max-snippet:-1, max-image-preview:large, max-video-preview:-1\" \/>\n<link rel=\"canonical\" href=\"https:\/\/keybox.nl\/it\/prodotto\/keysafe-gce\/\" \/>\n<meta property=\"og:locale\" content=\"it_IT\" \/>\n<meta property=\"og:type\" content=\"article\" \/>\n<meta property=\"og:title\" content=\"Keysafe GCE -\" \/>\n<meta property=\"og:description\" content=\"Kies uit 3 modellen.\" \/>\n<meta property=\"og:url\" content=\"https:\/\/keybox.nl\/it\/prodotto\/keysafe-gce\/\" \/>\n<meta property=\"og:image\" content=\"http:\/\/keybox.nl\/wp-content\/uploads\/2025\/01\/9858a0f7e85097eb90f56de1f00f8269.jpg\" \/>\n\t<meta property=\"og:image:width\" content=\"2000\" \/>\n\t<meta property=\"og:image:height\" content=\"2000\" \/>\n\t<meta property=\"og:image:type\" content=\"image\/jpeg\" \/>\n<meta name=\"twitter:card\" content=\"summary_large_image\" \/>\n<meta name=\"twitter:label1\" content=\"Tempo di lettura stimato\" \/>\n\t<meta name=\"twitter:data1\" content=\"2 minuti\" \/>\n<script type=\"application\/ld+json\" class=\"yoast-schema-graph\">{\"@context\":\"https:\\\/\\\/schema.org\",\"@graph\":[{\"@type\":\"WebPage\",\"@id\":\"https:\\\/\\\/keybox.nl\\\/product\\\/keysafe-gce\\\/\",\"url\":\"https:\\\/\\\/keybox.nl\\\/product\\\/keysafe-gce\\\/\",\"name\":\"Keysafe GCE -\",\"isPartOf\":{\"@id\":\"https:\\\/\\\/keybox.nl\\\/#website\"},\"primaryImageOfPage\":{\"@id\":\"https:\\\/\\\/keybox.nl\\\/product\\\/keysafe-gce\\\/#primaryimage\"},\"image\":{\"@id\":\"https:\\\/\\\/keybox.nl\\\/product\\\/keysafe-gce\\\/#primaryimage\"},\"thumbnailUrl\":\"https:\\\/\\\/keybox.nl\\\/wp-content\\\/uploads\\\/2025\\\/01\\\/9858a0f7e85097eb90f56de1f00f8269.jpg\",\"datePublished\":\"2025-01-26T21:36:39+00:00\",\"breadcrumb\":{\"@id\":\"https:\\\/\\\/keybox.nl\\\/product\\\/keysafe-gce\\\/#breadcrumb\"},\"inLanguage\":\"it-IT\",\"potentialAction\":[{\"@type\":\"ReadAction\",\"target\":[\"https:\\\/\\\/keybox.nl\\\/product\\\/keysafe-gce\\\/\"]}]},{\"@type\":\"ImageObject\",\"inLanguage\":\"it-IT\",\"@id\":\"https:\\\/\\\/keybox.nl\\\/product\\\/keysafe-gce\\\/#primaryimage\",\"url\":\"https:\\\/\\\/keybox.nl\\\/wp-content\\\/uploads\\\/2025\\\/01\\\/9858a0f7e85097eb90f56de1f00f8269.jpg\",\"contentUrl\":\"https:\\\/\\\/keybox.nl\\\/wp-content\\\/uploads\\\/2025\\\/01\\\/9858a0f7e85097eb90f56de1f00f8269.jpg\",\"width\":2000,\"height\":2000},{\"@type\":\"BreadcrumbList\",\"@id\":\"https:\\\/\\\/keybox.nl\\\/product\\\/keysafe-gce\\\/#breadcrumb\",\"itemListElement\":[{\"@type\":\"ListItem\",\"position\":1,\"name\":\"Home\",\"item\":\"https:\\\/\\\/keybox.nl\\\/\"},{\"@type\":\"ListItem\",\"position\":2,\"name\":\"Beveiligde sleutelkastjes kopen\",\"item\":\"https:\\\/\\\/keybox.nl\\\/\"},{\"@type\":\"ListItem\",\"position\":3,\"name\":\"Keysafe GCE\"}]},{\"@type\":\"WebSite\",\"@id\":\"https:\\\/\\\/keybox.nl\\\/#website\",\"url\":\"https:\\\/\\\/keybox.nl\\\/\",\"name\":\"\",\"description\":\"\",\"potentialAction\":[{\"@type\":\"SearchAction\",\"target\":{\"@type\":\"EntryPoint\",\"urlTemplate\":\"https:\\\/\\\/keybox.nl\\\/?s={search_term_string}\"},\"query-input\":{\"@type\":\"PropertyValueSpecification\",\"valueRequired\":true,\"valueName\":\"search_term_string\"}}],\"inLanguage\":\"it-IT\"}]}<\/script>\n<!-- \/ Yoast SEO plugin. -->","yoast_head_json":{"title":"Keysafe GCE -","robots":{"index":"index","follow":"follow","max-snippet":"max-snippet:-1","max-image-preview":"max-image-preview:large","max-video-preview":"max-video-preview:-1"},"canonical":"https:\/\/keybox.nl\/it\/prodotto\/keysafe-gce\/","og_locale":"it_IT","og_type":"article","og_title":"Keysafe GCE -","og_description":"Kies uit 3 modellen.","og_url":"https:\/\/keybox.nl\/it\/prodotto\/keysafe-gce\/","og_image":[{"width":2000,"height":2000,"url":"http:\/\/keybox.nl\/wp-content\/uploads\/2025\/01\/9858a0f7e85097eb90f56de1f00f8269.jpg","type":"image\/jpeg"}],"twitter_card":"summary_large_image","twitter_misc":{"Tempo di lettura stimato":"2 minuti"},"schema":{"@context":"https:\/\/schema.org","@graph":[{"@type":"WebPage","@id":"https:\/\/keybox.nl\/product\/keysafe-gce\/","url":"https:\/\/keybox.nl\/product\/keysafe-gce\/","name":"Keysafe GCE -","isPartOf":{"@id":"https:\/\/keybox.nl\/#website"},"primaryImageOfPage":{"@id":"https:\/\/keybox.nl\/product\/keysafe-gce\/#primaryimage"},"image":{"@id":"https:\/\/keybox.nl\/product\/keysafe-gce\/#primaryimage"},"thumbnailUrl":"https:\/\/keybox.nl\/wp-content\/uploads\/2025\/01\/9858a0f7e85097eb90f56de1f00f8269.jpg","datePublished":"2025-01-26T21:36:39+00:00","breadcrumb":{"@id":"https:\/\/keybox.nl\/product\/keysafe-gce\/#breadcrumb"},"inLanguage":"it-IT","potentialAction":[{"@type":"ReadAction","target":["https:\/\/keybox.nl\/product\/keysafe-gce\/"]}]},{"@type":"ImageObject","inLanguage":"it-IT","@id":"https:\/\/keybox.nl\/product\/keysafe-gce\/#primaryimage","url":"https:\/\/keybox.nl\/wp-content\/uploads\/2025\/01\/9858a0f7e85097eb90f56de1f00f8269.jpg","contentUrl":"https:\/\/keybox.nl\/wp-content\/uploads\/2025\/01\/9858a0f7e85097eb90f56de1f00f8269.jpg","width":2000,"height":2000},{"@type":"BreadcrumbList","@id":"https:\/\/keybox.nl\/product\/keysafe-gce\/#breadcrumb","itemListElement":[{"@type":"ListItem","position":1,"name":"Home","item":"https:\/\/keybox.nl\/"},{"@type":"ListItem","position":2,"name":"Beveiligde sleutelkastjes kopen","item":"https:\/\/keybox.nl\/"},{"@type":"ListItem","position":3,"name":"Keysafe GCE"}]},{"@type":"WebSite","@id":"https:\/\/keybox.nl\/#website","url":"https:\/\/keybox.nl\/","name":"","description":"","potentialAction":[{"@type":"SearchAction","target":{"@type":"EntryPoint","urlTemplate":"https:\/\/keybox.nl\/?s={search_term_string}"},"query-input":{"@type":"PropertyValueSpecification","valueRequired":true,"valueName":"search_term_string"}}],"inLanguage":"it-IT"}]}},"jetpack-related-posts":[{"id":1812,"url":"https:\/\/keybox.nl\/it\/prodotto\/drs-vector-combi-keysafe\/","url_meta":{"origin":1822,"position":0},"title":"DRS Vector Combi Keysafe","author":"Elric Drost","date":"21 Gennaio 2025","format":false,"excerpt":"Perfetto per l'uso professionale.","rel":"","context":"Articolo simile","block_context":{"text":"Articolo simile","link":""},"img":{"alt_text":"","src":"https:\/\/i0.wp.com\/keybox.nl\/wp-content\/uploads\/2025\/01\/DRS-Vector-Combi-Keysafe-keybox.jpg?resize=350%2C200&ssl=1","width":350,"height":200,"srcset":"https:\/\/i0.wp.com\/keybox.nl\/wp-content\/uploads\/2025\/01\/DRS-Vector-Combi-Keysafe-keybox.jpg?resize=350%2C200&ssl=1 1x, https:\/\/i0.wp.com\/keybox.nl\/wp-content\/uploads\/2025\/01\/DRS-Vector-Combi-Keysafe-keybox.jpg?resize=525%2C300&ssl=1 1.5x, https:\/\/i0.wp.com\/keybox.nl\/wp-content\/uploads\/2025\/01\/DRS-Vector-Combi-Keysafe-keybox.jpg?resize=700%2C400&ssl=1 2x, https:\/\/i0.wp.com\/keybox.nl\/wp-content\/uploads\/2025\/01\/DRS-Vector-Combi-Keysafe-keybox.jpg?resize=1050%2C600&ssl=1 3x"},"classes":[]},{"id":1179,"url":"https:\/\/keybox.nl\/it\/prodotto\/keysafe-original\/","url_meta":{"origin":1822,"position":1},"title":"Keysafe originale","author":"Keybox@beheermodule","date":"9 Dicembre 2022","format":false,"excerpt":"Keysafe Original per 5 chiavi Se per entrare in una stanza sono necessarie pi\u00f9 chiavi, l'ampia capacit\u00e0 di KeySafe\u2122 Original consente di conservarle tutte in un'unica posizione con un codice di accesso facile da usare. KeySafe Original \u00e8 in grado di contenere pi\u00f9 chiavi ed \u00e8 abbastanza capiente per le key card....","rel":"","context":"Articolo simile","block_context":{"text":"Articolo simile","link":""},"img":{"alt_text":"","src":"https:\/\/i0.wp.com\/keybox.nl\/wp-content\/uploads\/2022\/12\/Keysafe_Original_keybox_sleutelkluis.jpg?resize=350%2C200&ssl=1","width":350,"height":200,"srcset":"https:\/\/i0.wp.com\/keybox.nl\/wp-content\/uploads\/2022\/12\/Keysafe_Original_keybox_sleutelkluis.jpg?resize=350%2C200&ssl=1 1x, https:\/\/i0.wp.com\/keybox.nl\/wp-content\/uploads\/2022\/12\/Keysafe_Original_keybox_sleutelkluis.jpg?resize=525%2C300&ssl=1 1.5x, https:\/\/i0.wp.com\/keybox.nl\/wp-content\/uploads\/2022\/12\/Keysafe_Original_keybox_sleutelkluis.jpg?resize=700%2C400&ssl=1 2x"},"classes":[]},{"id":1171,"url":"https:\/\/keybox.nl\/it\/prodotto\/keysafe-slimline\/","url_meta":{"origin":1822,"position":2},"title":"Keysafe Slimline","author":"Keybox@beheermodule","date":"9 Dicembre 2022","format":false,"excerpt":"Sempre accessibile con il Keysafe Slimline","rel":"","context":"Articolo simile","block_context":{"text":"Articolo simile","link":""},"img":{"alt_text":"Keysafe Slim line","src":"https:\/\/i0.wp.com\/keybox.nl\/wp-content\/uploads\/2022\/12\/Keysafe_Slim_line_Keybox.jpeg?resize=350%2C200&ssl=1","width":350,"height":200,"srcset":"https:\/\/i0.wp.com\/keybox.nl\/wp-content\/uploads\/2022\/12\/Keysafe_Slim_line_Keybox.jpeg?resize=350%2C200&ssl=1 1x, https:\/\/i0.wp.com\/keybox.nl\/wp-content\/uploads\/2022\/12\/Keysafe_Slim_line_Keybox.jpeg?resize=525%2C300&ssl=1 1.5x, https:\/\/i0.wp.com\/keybox.nl\/wp-content\/uploads\/2022\/12\/Keysafe_Slim_line_Keybox.jpeg?resize=700%2C400&ssl=1 2x"},"classes":[]},{"id":1775,"url":"https:\/\/keybox.nl\/it\/prodotto\/keysafe-pro-original\/","url_meta":{"origin":1822,"position":3},"title":"Keysafe Pro originale","author":"Elric Drost","date":"5 Dicembre 2024","format":false,"excerpt":"KEYSAFE Pro Original \u00e8 un robusto armadietto per 5 chiavi standard.","rel":"","context":"Articolo simile","block_context":{"text":"Articolo simile","link":""},"img":{"alt_text":"","src":"https:\/\/i0.wp.com\/keybox.nl\/wp-content\/uploads\/2024\/12\/keysafe-pro-original-sleutelkluisje.jpg?resize=350%2C200&ssl=1","width":350,"height":200},"classes":[]},{"id":1796,"url":"https:\/\/keybox.nl\/it\/prodotto\/keysafe-key-cabinet\/","url_meta":{"origin":1822,"position":4},"title":"Armadietto portachiavi Keysafe","author":"Elric Drost","date":"18 Dicembre 2024","format":false,"excerpt":"Touchpoint PRO di Kidde 30\/60\/120 chiavi","rel":"","context":"Articolo simile","block_context":{"text":"Articolo simile","link":""},"img":{"alt_text":"","src":"https:\/\/i0.wp.com\/keybox.nl\/wp-content\/uploads\/2024\/12\/Keysafe-cabinet-30-Keybox-open-298x300.jpg?resize=350%2C200","width":350,"height":200},"classes":[]},{"id":1782,"url":"https:\/\/keybox.nl\/it\/prodotto\/keysafe-p500\/","url_meta":{"origin":1822,"position":5},"title":"Keysafe P500","author":"Elric Drost","date":"13 Dicembre 2024","format":false,"excerpt":"Il mini-armadio per chiavi pi\u00f9 sicuro del mercato.","rel":"","context":"Articolo simile","block_context":{"text":"Articolo simile","link":""},"img":{"alt_text":"","src":"https:\/\/i0.wp.com\/keybox.nl\/wp-content\/uploads\/2024\/12\/boite-a-cle-keysafe-pro-grand-format.jpg?resize=350%2C200&ssl=1","width":350,"height":200},"classes":[]}],"jetpack_sharing_enabled":true,"_links":{"self":[{"href":"https:\/\/keybox.nl\/it\/wp-json\/wp\/v2\/product\/1822","targetHints":{"allow":["GET"]}}],"collection":[{"href":"https:\/\/keybox.nl\/it\/wp-json\/wp\/v2\/product"}],"about":[{"href":"https:\/\/keybox.nl\/it\/wp-json\/wp\/v2\/types\/product"}],"replies":[{"embeddable":true,"href":"https:\/\/keybox.nl\/it\/wp-json\/wp\/v2\/comments?post=1822"}],"wp:featuredmedia":[{"embeddable":true,"href":"https:\/\/keybox.nl\/it\/wp-json\/wp\/v2\/media\/1823"}],"wp:attachment":[{"href":"https:\/\/keybox.nl\/it\/wp-json\/wp\/v2\/media?parent=1822"}],"wp:term":[{"taxonomy":"product_brand","embeddable":true,"href":"https:\/\/keybox.nl\/it\/wp-json\/wp\/v2\/product_brand?post=1822"},{"taxonomy":"product_cat","embeddable":true,"href":"https:\/\/keybox.nl\/it\/wp-json\/wp\/v2\/product_cat?post=1822"},{"taxonomy":"product_tag","embeddable":true,"href":"https:\/\/keybox.nl\/it\/wp-json\/wp\/v2\/product_tag?post=1822"}],"curies":[{"name":"wp","href":"https:\/\/api.w.org\/{rel}","templated":true}]}}