{"id":1775,"date":"2024-12-05T14:27:31","date_gmt":"2024-12-05T14:27:31","guid":{"rendered":"https:\/\/keybox.nl\/?post_type=product&#038;p=1775"},"modified":"2025-07-07T08:58:31","modified_gmt":"2025-07-07T08:58:31","slug":"keysafe-pro-original","status":"publish","type":"product","link":"https:\/\/keybox.nl\/it\/prodotto\/keysafe-pro-original\/","title":{"rendered":"Keysafe Pro originale"},"content":{"rendered":"<div class=\"flex-shrink-0 flex flex-col relative items-end\">\n<div>\n<div class=\"pt-0\">\n<h4 class=\"gizmo-bot-avatar flex h-8 w-8 items-center justify-center overflow-hidden rounded-full\">KEYSAFE Pro Original Sleutelkastje<\/h4>\n<\/div>\n<\/div>\n<\/div>\n<div class=\"group\/conversation-turn relative flex w-full min-w-0 flex-col agent-turn\">\n<div class=\"flex-col gap-1 md:gap-3\">\n<div class=\"flex max-w-full flex-col flex-grow\">\n<div class=\"min-h-8 text-message flex w-full flex-col items-end gap-2 whitespace-normal break-words [.text-message+&amp;]:mt-5\" dir=\"auto\" data-message-author-role=\"assistant\" data-message-id=\"d0ca041f-50f8-4434-a7bb-4b68772680d7\" data-message-model-slug=\"gpt-4o\">\n<div class=\"flex w-full flex-col gap-1 empty:hidden first:pt-[3px]\">\n<div class=\"markdown prose w-full break-words dark:prose-invert dark\">\n<p>De KEYSAFE Pro Original is een robuust sleutelkastje, ideaal voor het veilig opbergen en delen van maximaal vijf standaardsleutels. Ontworpen voor professionals zoals gezondheidswerkers, thuishulpen en onderhoudsmonteurs, maar ook perfect geschikt voor vakantiehuisjes en Airbnb-accommodaties.<\/p>\n<h4>Voordelen<\/h4>\n<ul>\n<li>Geschikt voor 1 tot 5 sleutels.<\/li>\n<li>Voorzien van drukknoppen voor eenvoudige code-invoer.<\/li>\n<li>De code kan op elk moment worden gewijzigd.<\/li>\n<li>Inclusief beschermhoes tegen slecht weer en voor extra discretie.<\/li>\n<li>Gemaakt van gegoten Zamac, bestand tegen aanvallen en corrosie.<\/li>\n<\/ul>\n<h3>Kenmerken<\/h3>\n<ul>\n<li>Metallic grijze uitvoering<\/li>\n<li>\u00a04.096 mogelijke codes (10 cijfers + 2 letters).<\/li>\n<li>Bedrijfstemperatuur: -32\u00b0C tot +68\u00b0C.<\/li>\n<li>Bestand tegen sneeuw en ijs: tot -26\u00b0C.<\/li>\n<li>Bestand tegen langdurige blootstelling aan zonlicht.<\/li>\n<li>Weerstaat waterspatten tot 10,16 cm\/uur.<\/li>\n<li>Standaard bescherming tegen chemicali\u00ebn en oplosmiddelen.<\/li>\n<\/ul>\n<h3>Toepassingen<\/h3>\n<ul>\n<li>Gezondheidszorg en thuishulp.<\/li>\n<li>Onderhoud en reparaties.<\/li>\n<li>Vakantiehuizen en verhuur, zoals Airbnb.<\/li>\n<li>Beheer van toegang tot beveiligde locaties.<\/li>\n<\/ul>\n<h3>Pakketinhoud<\/h3>\n<ul>\n<li>De <strong>KEYSAFE Pro Original<\/strong>.<br \/>\n\u2022 buitenafmetingen: L74 x H127 x D57 mm<br \/>\n\u2022 binnenafmetingen: L56 x H101 x D23 mm<br \/>\n\u2022 gewicht: 0,800 kg<\/li>\n<li>Een beschermhoes voor extra bescherming tegen weersinvloeden.<\/li>\n<\/ul>\n<p>Bestel nu uw betrouwbare sleutelkastje bij Keybox.nl en zorg voor een veilige en flexibele oplossing voor sleutelbeheer!<\/p>\n<\/div>\n<\/div>\n<\/div>\n<\/div>\n<\/div>\n<\/div>\n","protected":false},"excerpt":{"rendered":"<p>KEYSAFE Pro Original \u00e8 un robusto armadietto per 5 chiavi standard.<\/p>","protected":false},"featured_media":1778,"comment_status":"open","ping_status":"closed","template":"","meta":[],"product_brand":[],"product_cat":[19],"product_tag":[79],"class_list":{"0":"post-1775","1":"product","2":"type-product","3":"status-publish","4":"has-post-thumbnail","6":"product_cat-keysafe","7":"product_tag-kleine-keysafe","9":"first","10":"instock","11":"taxable","12":"shipping-taxable","13":"purchasable","14":"product-type-simple"},"yoast_head":"<!-- This site is optimized with the Yoast SEO plugin v27.4 - https:\/\/yoast.com\/product\/yoast-seo-wordpress\/ -->\n<title>Keysafe Pro original -<\/title>\n<meta name=\"robots\" content=\"index, follow, max-snippet:-1, max-image-preview:large, max-video-preview:-1\" \/>\n<link rel=\"canonical\" href=\"https:\/\/keybox.nl\/it\/prodotto\/keysafe-pro-original\/\" \/>\n<meta property=\"og:locale\" content=\"it_IT\" \/>\n<meta property=\"og:type\" content=\"article\" \/>\n<meta property=\"og:title\" content=\"Keysafe Pro original -\" \/>\n<meta property=\"og:description\" content=\"De KEYSAFE Pro Original is een robuust sleutelkastje voor 5 standaard sleutels.\" \/>\n<meta property=\"og:url\" content=\"https:\/\/keybox.nl\/it\/prodotto\/keysafe-pro-original\/\" \/>\n<meta property=\"article:modified_time\" content=\"2025-07-07T08:58:31+00:00\" \/>\n<meta property=\"og:image\" content=\"http:\/\/keybox.nl\/wp-content\/uploads\/2024\/12\/keysafe-pro-original-sleutelkluisje.jpg\" \/>\n\t<meta property=\"og:image:width\" content=\"380\" \/>\n\t<meta property=\"og:image:height\" content=\"494\" \/>\n\t<meta property=\"og:image:type\" content=\"image\/jpeg\" \/>\n<meta name=\"twitter:card\" content=\"summary_large_image\" \/>\n<meta name=\"twitter:label1\" content=\"Tempo di lettura stimato\" \/>\n\t<meta name=\"twitter:data1\" content=\"2 minuti\" \/>\n<script type=\"application\/ld+json\" class=\"yoast-schema-graph\">{\"@context\":\"https:\\\/\\\/schema.org\",\"@graph\":[{\"@type\":\"WebPage\",\"@id\":\"https:\\\/\\\/keybox.nl\\\/product\\\/keysafe-pro-original\\\/\",\"url\":\"https:\\\/\\\/keybox.nl\\\/product\\\/keysafe-pro-original\\\/\",\"name\":\"Keysafe Pro original -\",\"isPartOf\":{\"@id\":\"https:\\\/\\\/keybox.nl\\\/#website\"},\"primaryImageOfPage\":{\"@id\":\"https:\\\/\\\/keybox.nl\\\/product\\\/keysafe-pro-original\\\/#primaryimage\"},\"image\":{\"@id\":\"https:\\\/\\\/keybox.nl\\\/product\\\/keysafe-pro-original\\\/#primaryimage\"},\"thumbnailUrl\":\"https:\\\/\\\/keybox.nl\\\/wp-content\\\/uploads\\\/2024\\\/12\\\/keysafe-pro-original-sleutelkluisje.jpg\",\"datePublished\":\"2024-12-05T14:27:31+00:00\",\"dateModified\":\"2025-07-07T08:58:31+00:00\",\"breadcrumb\":{\"@id\":\"https:\\\/\\\/keybox.nl\\\/product\\\/keysafe-pro-original\\\/#breadcrumb\"},\"inLanguage\":\"it-IT\",\"potentialAction\":[{\"@type\":\"ReadAction\",\"target\":[\"https:\\\/\\\/keybox.nl\\\/product\\\/keysafe-pro-original\\\/\"]}]},{\"@type\":\"ImageObject\",\"inLanguage\":\"it-IT\",\"@id\":\"https:\\\/\\\/keybox.nl\\\/product\\\/keysafe-pro-original\\\/#primaryimage\",\"url\":\"https:\\\/\\\/keybox.nl\\\/wp-content\\\/uploads\\\/2024\\\/12\\\/keysafe-pro-original-sleutelkluisje.jpg\",\"contentUrl\":\"https:\\\/\\\/keybox.nl\\\/wp-content\\\/uploads\\\/2024\\\/12\\\/keysafe-pro-original-sleutelkluisje.jpg\",\"width\":380,\"height\":494},{\"@type\":\"BreadcrumbList\",\"@id\":\"https:\\\/\\\/keybox.nl\\\/product\\\/keysafe-pro-original\\\/#breadcrumb\",\"itemListElement\":[{\"@type\":\"ListItem\",\"position\":1,\"name\":\"Home\",\"item\":\"https:\\\/\\\/keybox.nl\\\/\"},{\"@type\":\"ListItem\",\"position\":2,\"name\":\"Beveiligde sleutelkastjes kopen\",\"item\":\"https:\\\/\\\/keybox.nl\\\/\"},{\"@type\":\"ListItem\",\"position\":3,\"name\":\"Keysafe Pro original\"}]},{\"@type\":\"WebSite\",\"@id\":\"https:\\\/\\\/keybox.nl\\\/#website\",\"url\":\"https:\\\/\\\/keybox.nl\\\/\",\"name\":\"\",\"description\":\"\",\"potentialAction\":[{\"@type\":\"SearchAction\",\"target\":{\"@type\":\"EntryPoint\",\"urlTemplate\":\"https:\\\/\\\/keybox.nl\\\/?s={search_term_string}\"},\"query-input\":{\"@type\":\"PropertyValueSpecification\",\"valueRequired\":true,\"valueName\":\"search_term_string\"}}],\"inLanguage\":\"it-IT\"}]}<\/script>\n<!-- \/ Yoast SEO plugin. -->","yoast_head_json":{"title":"Keysafe Pro originale -","robots":{"index":"index","follow":"follow","max-snippet":"max-snippet:-1","max-image-preview":"max-image-preview:large","max-video-preview":"max-video-preview:-1"},"canonical":"https:\/\/keybox.nl\/it\/prodotto\/keysafe-pro-original\/","og_locale":"it_IT","og_type":"article","og_title":"Keysafe Pro original -","og_description":"De KEYSAFE Pro Original is een robuust sleutelkastje voor 5 standaard sleutels.","og_url":"https:\/\/keybox.nl\/it\/prodotto\/keysafe-pro-original\/","article_modified_time":"2025-07-07T08:58:31+00:00","og_image":[{"width":380,"height":494,"url":"http:\/\/keybox.nl\/wp-content\/uploads\/2024\/12\/keysafe-pro-original-sleutelkluisje.jpg","type":"image\/jpeg"}],"twitter_card":"summary_large_image","twitter_misc":{"Tempo di lettura stimato":"2 minuti"},"schema":{"@context":"https:\/\/schema.org","@graph":[{"@type":"WebPage","@id":"https:\/\/keybox.nl\/product\/keysafe-pro-original\/","url":"https:\/\/keybox.nl\/product\/keysafe-pro-original\/","name":"Keysafe Pro originale -","isPartOf":{"@id":"https:\/\/keybox.nl\/#website"},"primaryImageOfPage":{"@id":"https:\/\/keybox.nl\/product\/keysafe-pro-original\/#primaryimage"},"image":{"@id":"https:\/\/keybox.nl\/product\/keysafe-pro-original\/#primaryimage"},"thumbnailUrl":"https:\/\/keybox.nl\/wp-content\/uploads\/2024\/12\/keysafe-pro-original-sleutelkluisje.jpg","datePublished":"2024-12-05T14:27:31+00:00","dateModified":"2025-07-07T08:58:31+00:00","breadcrumb":{"@id":"https:\/\/keybox.nl\/product\/keysafe-pro-original\/#breadcrumb"},"inLanguage":"it-IT","potentialAction":[{"@type":"ReadAction","target":["https:\/\/keybox.nl\/product\/keysafe-pro-original\/"]}]},{"@type":"ImageObject","inLanguage":"it-IT","@id":"https:\/\/keybox.nl\/product\/keysafe-pro-original\/#primaryimage","url":"https:\/\/keybox.nl\/wp-content\/uploads\/2024\/12\/keysafe-pro-original-sleutelkluisje.jpg","contentUrl":"https:\/\/keybox.nl\/wp-content\/uploads\/2024\/12\/keysafe-pro-original-sleutelkluisje.jpg","width":380,"height":494},{"@type":"BreadcrumbList","@id":"https:\/\/keybox.nl\/product\/keysafe-pro-original\/#breadcrumb","itemListElement":[{"@type":"ListItem","position":1,"name":"Home","item":"https:\/\/keybox.nl\/"},{"@type":"ListItem","position":2,"name":"Beveiligde sleutelkastjes kopen","item":"https:\/\/keybox.nl\/"},{"@type":"ListItem","position":3,"name":"Keysafe Pro original"}]},{"@type":"WebSite","@id":"https:\/\/keybox.nl\/#website","url":"https:\/\/keybox.nl\/","name":"","description":"","potentialAction":[{"@type":"SearchAction","target":{"@type":"EntryPoint","urlTemplate":"https:\/\/keybox.nl\/?s={search_term_string}"},"query-input":{"@type":"PropertyValueSpecification","valueRequired":true,"valueName":"search_term_string"}}],"inLanguage":"it-IT"}]}},"jetpack-related-posts":[{"id":1346,"url":"https:\/\/keybox.nl\/it\/prodotto\/keysafe-big-pro-sleutelkluis\/","url_meta":{"origin":1775,"position":0},"title":"Cassaforte per chiavi Keysafe Big Pro","author":"Keybox@beheermodule","date":"10 Febbraio 2023","format":false,"excerpt":"Cassaforte per chiavi Keysafe Big Pro con serratura a combinazione e coperchio protettivo","rel":"","context":"Articolo simile","block_context":{"text":"Articolo simile","link":""},"img":{"alt_text":"Keysafe Big Pro","src":"https:\/\/i0.wp.com\/keybox.nl\/wp-content\/uploads\/2023\/02\/S7-Pro-Big-Box-Key-Safe.jpg?resize=350%2C200&ssl=1","width":350,"height":200,"srcset":"https:\/\/i0.wp.com\/keybox.nl\/wp-content\/uploads\/2023\/02\/S7-Pro-Big-Box-Key-Safe.jpg?resize=350%2C200&ssl=1 1x, https:\/\/i0.wp.com\/keybox.nl\/wp-content\/uploads\/2023\/02\/S7-Pro-Big-Box-Key-Safe.jpg?resize=525%2C300&ssl=1 1.5x, https:\/\/i0.wp.com\/keybox.nl\/wp-content\/uploads\/2023\/02\/S7-Pro-Big-Box-Key-Safe.jpg?resize=700%2C400&ssl=1 2x"},"classes":[]},{"id":1179,"url":"https:\/\/keybox.nl\/it\/prodotto\/keysafe-original\/","url_meta":{"origin":1775,"position":1},"title":"Keysafe originale","author":"Keybox@beheermodule","date":"9 Dicembre 2022","format":false,"excerpt":"Keysafe Original per 5 chiavi Se per entrare in una stanza sono necessarie pi\u00f9 chiavi, l'ampia capacit\u00e0 di KeySafe\u2122 Original consente di conservarle tutte in un'unica posizione con un codice di accesso facile da usare. KeySafe Original \u00e8 in grado di contenere pi\u00f9 chiavi ed \u00e8 abbastanza capiente per le key card....","rel":"","context":"Articolo simile","block_context":{"text":"Articolo simile","link":""},"img":{"alt_text":"","src":"https:\/\/i0.wp.com\/keybox.nl\/wp-content\/uploads\/2022\/12\/Keysafe_Original_keybox_sleutelkluis.jpg?resize=350%2C200&ssl=1","width":350,"height":200,"srcset":"https:\/\/i0.wp.com\/keybox.nl\/wp-content\/uploads\/2022\/12\/Keysafe_Original_keybox_sleutelkluis.jpg?resize=350%2C200&ssl=1 1x, https:\/\/i0.wp.com\/keybox.nl\/wp-content\/uploads\/2022\/12\/Keysafe_Original_keybox_sleutelkluis.jpg?resize=525%2C300&ssl=1 1.5x, https:\/\/i0.wp.com\/keybox.nl\/wp-content\/uploads\/2022\/12\/Keysafe_Original_keybox_sleutelkluis.jpg?resize=700%2C400&ssl=1 2x"},"classes":[]},{"id":1796,"url":"https:\/\/keybox.nl\/it\/prodotto\/keysafe-key-cabinet\/","url_meta":{"origin":1775,"position":2},"title":"Armadietto portachiavi Keysafe","author":"Elric Drost","date":"18 Dicembre 2024","format":false,"excerpt":"Touchpoint PRO di Kidde 30\/60\/120 chiavi","rel":"","context":"Articolo simile","block_context":{"text":"Articolo simile","link":""},"img":{"alt_text":"","src":"https:\/\/i0.wp.com\/keybox.nl\/wp-content\/uploads\/2024\/12\/Keysafe-cabinet-30-Keybox-open-298x300.jpg?resize=350%2C200","width":350,"height":200},"classes":[]},{"id":1171,"url":"https:\/\/keybox.nl\/it\/prodotto\/keysafe-slimline\/","url_meta":{"origin":1775,"position":3},"title":"Keysafe Slimline","author":"Keybox@beheermodule","date":"9 Dicembre 2022","format":false,"excerpt":"Sempre accessibile con il Keysafe Slimline","rel":"","context":"Articolo simile","block_context":{"text":"Articolo simile","link":""},"img":{"alt_text":"Keysafe Slim line","src":"https:\/\/i0.wp.com\/keybox.nl\/wp-content\/uploads\/2022\/12\/Keysafe_Slim_line_Keybox.jpeg?resize=350%2C200&ssl=1","width":350,"height":200,"srcset":"https:\/\/i0.wp.com\/keybox.nl\/wp-content\/uploads\/2022\/12\/Keysafe_Slim_line_Keybox.jpeg?resize=350%2C200&ssl=1 1x, https:\/\/i0.wp.com\/keybox.nl\/wp-content\/uploads\/2022\/12\/Keysafe_Slim_line_Keybox.jpeg?resize=525%2C300&ssl=1 1.5x, https:\/\/i0.wp.com\/keybox.nl\/wp-content\/uploads\/2022\/12\/Keysafe_Slim_line_Keybox.jpeg?resize=700%2C400&ssl=1 2x"},"classes":[]},{"id":1812,"url":"https:\/\/keybox.nl\/it\/prodotto\/drs-vector-combi-keysafe\/","url_meta":{"origin":1775,"position":4},"title":"DRS Vector Combi Keysafe","author":"Elric Drost","date":"21 Gennaio 2025","format":false,"excerpt":"Perfetto per l'uso professionale.","rel":"","context":"Articolo simile","block_context":{"text":"Articolo simile","link":""},"img":{"alt_text":"","src":"https:\/\/i0.wp.com\/keybox.nl\/wp-content\/uploads\/2025\/01\/DRS-Vector-Combi-Keysafe-keybox.jpg?resize=350%2C200&ssl=1","width":350,"height":200,"srcset":"https:\/\/i0.wp.com\/keybox.nl\/wp-content\/uploads\/2025\/01\/DRS-Vector-Combi-Keysafe-keybox.jpg?resize=350%2C200&ssl=1 1x, https:\/\/i0.wp.com\/keybox.nl\/wp-content\/uploads\/2025\/01\/DRS-Vector-Combi-Keysafe-keybox.jpg?resize=525%2C300&ssl=1 1.5x, https:\/\/i0.wp.com\/keybox.nl\/wp-content\/uploads\/2025\/01\/DRS-Vector-Combi-Keysafe-keybox.jpg?resize=700%2C400&ssl=1 2x, https:\/\/i0.wp.com\/keybox.nl\/wp-content\/uploads\/2025\/01\/DRS-Vector-Combi-Keysafe-keybox.jpg?resize=1050%2C600&ssl=1 3x"},"classes":[]},{"id":1782,"url":"https:\/\/keybox.nl\/it\/prodotto\/keysafe-p500\/","url_meta":{"origin":1775,"position":5},"title":"Keysafe P500","author":"Elric Drost","date":"13 Dicembre 2024","format":false,"excerpt":"Il mini-armadio per chiavi pi\u00f9 sicuro del mercato.","rel":"","context":"Articolo simile","block_context":{"text":"Articolo simile","link":""},"img":{"alt_text":"","src":"https:\/\/i0.wp.com\/keybox.nl\/wp-content\/uploads\/2024\/12\/boite-a-cle-keysafe-pro-grand-format.jpg?resize=350%2C200&ssl=1","width":350,"height":200},"classes":[]}],"jetpack_sharing_enabled":true,"_links":{"self":[{"href":"https:\/\/keybox.nl\/it\/wp-json\/wp\/v2\/product\/1775","targetHints":{"allow":["GET"]}}],"collection":[{"href":"https:\/\/keybox.nl\/it\/wp-json\/wp\/v2\/product"}],"about":[{"href":"https:\/\/keybox.nl\/it\/wp-json\/wp\/v2\/types\/product"}],"replies":[{"embeddable":true,"href":"https:\/\/keybox.nl\/it\/wp-json\/wp\/v2\/comments?post=1775"}],"wp:featuredmedia":[{"embeddable":true,"href":"https:\/\/keybox.nl\/it\/wp-json\/wp\/v2\/media\/1778"}],"wp:attachment":[{"href":"https:\/\/keybox.nl\/it\/wp-json\/wp\/v2\/media?parent=1775"}],"wp:term":[{"taxonomy":"product_brand","embeddable":true,"href":"https:\/\/keybox.nl\/it\/wp-json\/wp\/v2\/product_brand?post=1775"},{"taxonomy":"product_cat","embeddable":true,"href":"https:\/\/keybox.nl\/it\/wp-json\/wp\/v2\/product_cat?post=1775"},{"taxonomy":"product_tag","embeddable":true,"href":"https:\/\/keybox.nl\/it\/wp-json\/wp\/v2\/product_tag?post=1775"}],"curies":[{"name":"wp","href":"https:\/\/api.w.org\/{rel}","templated":true}]}}