{"id":1770,"date":"2024-12-05T14:57:26","date_gmt":"2024-12-05T14:57:26","guid":{"rendered":"https:\/\/keybox.nl\/?post_type=product&#038;p=1770"},"modified":"2024-12-12T22:09:53","modified_gmt":"2024-12-12T22:09:53","slug":"keysafe-pro-mini","status":"publish","type":"product","link":"https:\/\/keybox.nl\/it\/prodotto\/keysafe-pro-mini\/","title":{"rendered":"Keysafe Pro mini"},"content":{"rendered":"<h4>KEYSAFE Pro Mini Key box<\/h4>\n<p>KEYSAFE Pro Mini \u00e8 una soluzione compatta, resistente e sicura per gestire fino a cinque chiavi standard. \u00c8 stato progettato appositamente per i professionisti del settore, come il personale addetto alla sicurezza e all'assistenza domiciliare.<\/p>\n<h4>Vantaggi<\/h4>\n<ul>\n<li><strong>Facile accesso:<\/strong> Le chiavi sono sicure e disponibili senza alimentazione o elettronica.<\/li>\n<li><strong>Sicuro e flessibile:<\/strong> Impostare facilmente il codice o modificarlo quando necessario.<\/li>\n<li><strong>Resistente alle intemperie:<\/strong> Include una copertura protettiva per garantire discrezione e protezione dalle intemperie.<\/li>\n<li><strong>Facile da usare:<\/strong> Apertura e chiusura con manopola e pulsanti per l'inserimento del codice.<\/li>\n<\/ul>\n<h4>Caratteristiche<\/h4>\n<ul>\n<li>Adatto per 1-5 chiavi standard.<\/li>\n<li>Realizzato in Zamac fuso per garantire un'elevata durata e resistenza agli attacchi.<\/li>\n<li>Versione grigio metallizzato<\/li>\n<li>\u00a04.096 codici possibili (10 cifre + 2 lettere).<\/li>\n<li>Resistenza estrema alle intemperie\n<ul>\n<li>Temperatura di esercizio: da -32\u00b0C a +68\u00b0C.<\/li>\n<li>Resistente a neve e ghiaccio: fino a -26\u00b0C.<\/li>\n<\/ul>\n<\/li>\n<li>Resistente all'esposizione prolungata alla luce solare.<\/li>\n<li>Resiste a spruzzi d'acqua fino a 10,16 cm\/ora.<\/li>\n<li>Protezione standard contro prodotti chimici e solventi.<\/li>\n<\/ul>\n<h4>Applicazioni<\/h4>\n<ul>\n<li>Settore dell'assistenza: rendere disponibili le chiavi agli operatori dell'assistenza domiciliare.<\/li>\n<li>Sicurezza: accesso per il personale di servizio e di sicurezza.<\/li>\n<li>Gestione delle chiavi in loco per la manutenzione e le riparazioni.<\/li>\n<\/ul>\n<h4>Contenuto della confezione<\/h4>\n<ul>\n<li>KEYSAFE Pro Mini.\n<ul>\n<li>Dimensioni esterne: L74 x H127 x P51 mm.<\/li>\n<li>Dimensioni interne: L56 x H101 x P15 mm.<\/li>\n<li>Peso: 0,725 kg.<\/li>\n<\/ul>\n<\/li>\n<li>Una copertura protettiva per una maggiore protezione dalle intemperie e discrezione.<\/li>\n<li>Manuale di installazione e uso.<\/li>\n<li>Kit di montaggio standard.<\/li>\n<li>Sistema di protezione del codice e portachiavi.<\/li>\n<\/ul>\n<p>Ordinate subito il Keysafe Pro Mini da <a href=\"https:\/\/keybox.nl\/it\/\">Keybox.it<\/a> e beneficiare di una soluzione compatta e affidabile per la gestione sicura delle chiavi!<\/p>","protected":false},"excerpt":{"rendered":"<p>Armadietto portachiavi extra compatto per 5 chiavi standard.<\/p>","protected":false},"featured_media":1772,"comment_status":"open","ping_status":"closed","template":"","meta":[],"product_brand":[],"product_cat":[19],"product_tag":[79],"class_list":{"0":"post-1770","1":"product","2":"type-product","3":"status-publish","4":"has-post-thumbnail","6":"product_cat-keysafe","7":"product_tag-kleine-keysafe","9":"first","10":"instock","11":"taxable","12":"shipping-taxable","13":"purchasable","14":"product-type-simple"},"yoast_head":"<!-- This site is optimized with the Yoast SEO plugin v27.5 - https:\/\/yoast.com\/product\/yoast-seo-wordpress\/ -->\n<title>Keysafe Pro mini -<\/title>\n<meta name=\"robots\" content=\"index, follow, max-snippet:-1, max-image-preview:large, max-video-preview:-1\" \/>\n<link rel=\"canonical\" href=\"https:\/\/keybox.nl\/it\/prodotto\/keysafe-pro-mini\/\" \/>\n<meta property=\"og:locale\" content=\"it_IT\" \/>\n<meta property=\"og:type\" content=\"article\" \/>\n<meta property=\"og:title\" content=\"Keysafe Pro mini -\" \/>\n<meta property=\"og:description\" content=\"Extra compact sleutelkastje voor 5 standaard sleutels.\" \/>\n<meta property=\"og:url\" content=\"https:\/\/keybox.nl\/it\/prodotto\/keysafe-pro-mini\/\" \/>\n<meta property=\"article:modified_time\" content=\"2024-12-12T22:09:53+00:00\" \/>\n<meta property=\"og:image\" content=\"http:\/\/keybox.nl\/wp-content\/uploads\/2024\/12\/keysafe-pro-mini-keybox.jpg\" \/>\n\t<meta property=\"og:image:width\" content=\"380\" \/>\n\t<meta property=\"og:image:height\" content=\"494\" \/>\n\t<meta property=\"og:image:type\" content=\"image\/jpeg\" \/>\n<meta name=\"twitter:card\" content=\"summary_large_image\" \/>\n<meta name=\"twitter:label1\" content=\"Tempo di lettura stimato\" \/>\n\t<meta name=\"twitter:data1\" content=\"2 minuti\" \/>\n<script type=\"application\/ld+json\" class=\"yoast-schema-graph\">{\"@context\":\"https:\\\/\\\/schema.org\",\"@graph\":[{\"@type\":\"WebPage\",\"@id\":\"https:\\\/\\\/keybox.nl\\\/product\\\/keysafe-pro-mini\\\/\",\"url\":\"https:\\\/\\\/keybox.nl\\\/product\\\/keysafe-pro-mini\\\/\",\"name\":\"Keysafe Pro mini -\",\"isPartOf\":{\"@id\":\"https:\\\/\\\/keybox.nl\\\/#website\"},\"primaryImageOfPage\":{\"@id\":\"https:\\\/\\\/keybox.nl\\\/product\\\/keysafe-pro-mini\\\/#primaryimage\"},\"image\":{\"@id\":\"https:\\\/\\\/keybox.nl\\\/product\\\/keysafe-pro-mini\\\/#primaryimage\"},\"thumbnailUrl\":\"https:\\\/\\\/keybox.nl\\\/wp-content\\\/uploads\\\/2024\\\/12\\\/keysafe-pro-mini-keybox.jpg\",\"datePublished\":\"2024-12-05T14:57:26+00:00\",\"dateModified\":\"2024-12-12T22:09:53+00:00\",\"breadcrumb\":{\"@id\":\"https:\\\/\\\/keybox.nl\\\/product\\\/keysafe-pro-mini\\\/#breadcrumb\"},\"inLanguage\":\"it-IT\",\"potentialAction\":[{\"@type\":\"ReadAction\",\"target\":[\"https:\\\/\\\/keybox.nl\\\/product\\\/keysafe-pro-mini\\\/\"]}]},{\"@type\":\"ImageObject\",\"inLanguage\":\"it-IT\",\"@id\":\"https:\\\/\\\/keybox.nl\\\/product\\\/keysafe-pro-mini\\\/#primaryimage\",\"url\":\"https:\\\/\\\/keybox.nl\\\/wp-content\\\/uploads\\\/2024\\\/12\\\/keysafe-pro-mini-keybox.jpg\",\"contentUrl\":\"https:\\\/\\\/keybox.nl\\\/wp-content\\\/uploads\\\/2024\\\/12\\\/keysafe-pro-mini-keybox.jpg\",\"width\":380,\"height\":494,\"caption\":\"main\"},{\"@type\":\"BreadcrumbList\",\"@id\":\"https:\\\/\\\/keybox.nl\\\/product\\\/keysafe-pro-mini\\\/#breadcrumb\",\"itemListElement\":[{\"@type\":\"ListItem\",\"position\":1,\"name\":\"Home\",\"item\":\"https:\\\/\\\/keybox.nl\\\/\"},{\"@type\":\"ListItem\",\"position\":2,\"name\":\"Beveiligde sleutelkastjes kopen\",\"item\":\"https:\\\/\\\/keybox.nl\\\/\"},{\"@type\":\"ListItem\",\"position\":3,\"name\":\"Keysafe Pro mini\"}]},{\"@type\":\"WebSite\",\"@id\":\"https:\\\/\\\/keybox.nl\\\/#website\",\"url\":\"https:\\\/\\\/keybox.nl\\\/\",\"name\":\"\",\"description\":\"\",\"potentialAction\":[{\"@type\":\"SearchAction\",\"target\":{\"@type\":\"EntryPoint\",\"urlTemplate\":\"https:\\\/\\\/keybox.nl\\\/?s={search_term_string}\"},\"query-input\":{\"@type\":\"PropertyValueSpecification\",\"valueRequired\":true,\"valueName\":\"search_term_string\"}}],\"inLanguage\":\"it-IT\"}]}<\/script>\n<!-- \/ Yoast SEO plugin. -->","yoast_head_json":{"title":"Keysafe Pro mini -","robots":{"index":"index","follow":"follow","max-snippet":"max-snippet:-1","max-image-preview":"max-image-preview:large","max-video-preview":"max-video-preview:-1"},"canonical":"https:\/\/keybox.nl\/it\/prodotto\/keysafe-pro-mini\/","og_locale":"it_IT","og_type":"article","og_title":"Keysafe Pro mini -","og_description":"Extra compact sleutelkastje voor 5 standaard sleutels.","og_url":"https:\/\/keybox.nl\/it\/prodotto\/keysafe-pro-mini\/","article_modified_time":"2024-12-12T22:09:53+00:00","og_image":[{"width":380,"height":494,"url":"http:\/\/keybox.nl\/wp-content\/uploads\/2024\/12\/keysafe-pro-mini-keybox.jpg","type":"image\/jpeg"}],"twitter_card":"summary_large_image","twitter_misc":{"Tempo di lettura stimato":"2 minuti"},"schema":{"@context":"https:\/\/schema.org","@graph":[{"@type":"WebPage","@id":"https:\/\/keybox.nl\/product\/keysafe-pro-mini\/","url":"https:\/\/keybox.nl\/product\/keysafe-pro-mini\/","name":"Keysafe Pro mini -","isPartOf":{"@id":"https:\/\/keybox.nl\/#website"},"primaryImageOfPage":{"@id":"https:\/\/keybox.nl\/product\/keysafe-pro-mini\/#primaryimage"},"image":{"@id":"https:\/\/keybox.nl\/product\/keysafe-pro-mini\/#primaryimage"},"thumbnailUrl":"https:\/\/keybox.nl\/wp-content\/uploads\/2024\/12\/keysafe-pro-mini-keybox.jpg","datePublished":"2024-12-05T14:57:26+00:00","dateModified":"2024-12-12T22:09:53+00:00","breadcrumb":{"@id":"https:\/\/keybox.nl\/product\/keysafe-pro-mini\/#breadcrumb"},"inLanguage":"it-IT","potentialAction":[{"@type":"ReadAction","target":["https:\/\/keybox.nl\/product\/keysafe-pro-mini\/"]}]},{"@type":"ImageObject","inLanguage":"it-IT","@id":"https:\/\/keybox.nl\/product\/keysafe-pro-mini\/#primaryimage","url":"https:\/\/keybox.nl\/wp-content\/uploads\/2024\/12\/keysafe-pro-mini-keybox.jpg","contentUrl":"https:\/\/keybox.nl\/wp-content\/uploads\/2024\/12\/keysafe-pro-mini-keybox.jpg","width":380,"height":494,"caption":"main"},{"@type":"BreadcrumbList","@id":"https:\/\/keybox.nl\/product\/keysafe-pro-mini\/#breadcrumb","itemListElement":[{"@type":"ListItem","position":1,"name":"Home","item":"https:\/\/keybox.nl\/"},{"@type":"ListItem","position":2,"name":"Beveiligde sleutelkastjes kopen","item":"https:\/\/keybox.nl\/"},{"@type":"ListItem","position":3,"name":"Keysafe Pro mini"}]},{"@type":"WebSite","@id":"https:\/\/keybox.nl\/#website","url":"https:\/\/keybox.nl\/","name":"","description":"","potentialAction":[{"@type":"SearchAction","target":{"@type":"EntryPoint","urlTemplate":"https:\/\/keybox.nl\/?s={search_term_string}"},"query-input":{"@type":"PropertyValueSpecification","valueRequired":true,"valueName":"search_term_string"}}],"inLanguage":"it-IT"}]}},"jetpack-related-posts":[{"id":1775,"url":"https:\/\/keybox.nl\/it\/prodotto\/keysafe-pro-original\/","url_meta":{"origin":1770,"position":0},"title":"Keysafe Pro originale","author":"Elric Drost","date":"5 Dicembre 2024","format":false,"excerpt":"KEYSAFE Pro Original \u00e8 un robusto armadietto per 5 chiavi standard.","rel":"","context":"Articolo simile","block_context":{"text":"Articolo simile","link":""},"img":{"alt_text":"","src":"https:\/\/i0.wp.com\/keybox.nl\/wp-content\/uploads\/2024\/12\/keysafe-pro-original-sleutelkluisje.jpg?resize=350%2C200&ssl=1","width":350,"height":200},"classes":[]},{"id":1782,"url":"https:\/\/keybox.nl\/it\/prodotto\/keysafe-p500\/","url_meta":{"origin":1770,"position":1},"title":"Keysafe P500","author":"Elric Drost","date":"13 Dicembre 2024","format":false,"excerpt":"Il mini-armadio per chiavi pi\u00f9 sicuro del mercato.","rel":"","context":"Articolo simile","block_context":{"text":"Articolo simile","link":""},"img":{"alt_text":"","src":"https:\/\/i0.wp.com\/keybox.nl\/wp-content\/uploads\/2024\/12\/boite-a-cle-keysafe-pro-grand-format.jpg?resize=350%2C200&ssl=1","width":350,"height":200},"classes":[]},{"id":1346,"url":"https:\/\/keybox.nl\/it\/prodotto\/keysafe-big-pro-sleutelkluis\/","url_meta":{"origin":1770,"position":2},"title":"Cassaforte per chiavi Keysafe Big Pro","author":"Keybox@beheermodule","date":"10 Febbraio 2023","format":false,"excerpt":"Cassaforte per chiavi Keysafe Big Pro con serratura a combinazione e coperchio protettivo","rel":"","context":"Articolo simile","block_context":{"text":"Articolo simile","link":""},"img":{"alt_text":"Keysafe Big Pro","src":"https:\/\/i0.wp.com\/keybox.nl\/wp-content\/uploads\/2023\/02\/S7-Pro-Big-Box-Key-Safe.jpg?resize=350%2C200&ssl=1","width":350,"height":200,"srcset":"https:\/\/i0.wp.com\/keybox.nl\/wp-content\/uploads\/2023\/02\/S7-Pro-Big-Box-Key-Safe.jpg?resize=350%2C200&ssl=1 1x, https:\/\/i0.wp.com\/keybox.nl\/wp-content\/uploads\/2023\/02\/S7-Pro-Big-Box-Key-Safe.jpg?resize=525%2C300&ssl=1 1.5x, https:\/\/i0.wp.com\/keybox.nl\/wp-content\/uploads\/2023\/02\/S7-Pro-Big-Box-Key-Safe.jpg?resize=700%2C400&ssl=1 2x"},"classes":[]},{"id":1796,"url":"https:\/\/keybox.nl\/it\/prodotto\/keysafe-key-cabinet\/","url_meta":{"origin":1770,"position":3},"title":"Armadietto portachiavi Keysafe","author":"Elric Drost","date":"18 Dicembre 2024","format":false,"excerpt":"Touchpoint PRO di Kidde 30\/60\/120 chiavi","rel":"","context":"Articolo simile","block_context":{"text":"Articolo simile","link":""},"img":{"alt_text":"","src":"https:\/\/i0.wp.com\/keybox.nl\/wp-content\/uploads\/2024\/12\/Keysafe-cabinet-30-Keybox-open-298x300.jpg?resize=350%2C200","width":350,"height":200},"classes":[]},{"id":1171,"url":"https:\/\/keybox.nl\/it\/prodotto\/keysafe-slimline\/","url_meta":{"origin":1770,"position":4},"title":"Keysafe Slimline","author":"Keybox@beheermodule","date":"9 Dicembre 2022","format":false,"excerpt":"Sempre accessibile con il Keysafe Slimline","rel":"","context":"Articolo simile","block_context":{"text":"Articolo simile","link":""},"img":{"alt_text":"Keysafe Slim line","src":"https:\/\/i0.wp.com\/keybox.nl\/wp-content\/uploads\/2022\/12\/Keysafe_Slim_line_Keybox.jpeg?resize=350%2C200&ssl=1","width":350,"height":200,"srcset":"https:\/\/i0.wp.com\/keybox.nl\/wp-content\/uploads\/2022\/12\/Keysafe_Slim_line_Keybox.jpeg?resize=350%2C200&ssl=1 1x, https:\/\/i0.wp.com\/keybox.nl\/wp-content\/uploads\/2022\/12\/Keysafe_Slim_line_Keybox.jpeg?resize=525%2C300&ssl=1 1.5x, https:\/\/i0.wp.com\/keybox.nl\/wp-content\/uploads\/2022\/12\/Keysafe_Slim_line_Keybox.jpeg?resize=700%2C400&ssl=1 2x"},"classes":[]},{"id":1179,"url":"https:\/\/keybox.nl\/it\/prodotto\/keysafe-original\/","url_meta":{"origin":1770,"position":5},"title":"Keysafe originale","author":"Keybox@beheermodule","date":"9 Dicembre 2022","format":false,"excerpt":"Keysafe Original per 5 chiavi Se per entrare in una stanza sono necessarie pi\u00f9 chiavi, l'ampia capacit\u00e0 di KeySafe\u2122 Original consente di conservarle tutte in un'unica posizione con un codice di accesso facile da usare. KeySafe Original \u00e8 in grado di contenere pi\u00f9 chiavi ed \u00e8 abbastanza capiente per le key card....","rel":"","context":"Articolo simile","block_context":{"text":"Articolo simile","link":""},"img":{"alt_text":"","src":"https:\/\/i0.wp.com\/keybox.nl\/wp-content\/uploads\/2022\/12\/Keysafe_Original_keybox_sleutelkluis.jpg?resize=350%2C200&ssl=1","width":350,"height":200,"srcset":"https:\/\/i0.wp.com\/keybox.nl\/wp-content\/uploads\/2022\/12\/Keysafe_Original_keybox_sleutelkluis.jpg?resize=350%2C200&ssl=1 1x, https:\/\/i0.wp.com\/keybox.nl\/wp-content\/uploads\/2022\/12\/Keysafe_Original_keybox_sleutelkluis.jpg?resize=525%2C300&ssl=1 1.5x, https:\/\/i0.wp.com\/keybox.nl\/wp-content\/uploads\/2022\/12\/Keysafe_Original_keybox_sleutelkluis.jpg?resize=700%2C400&ssl=1 2x"},"classes":[]}],"jetpack_sharing_enabled":true,"_links":{"self":[{"href":"https:\/\/keybox.nl\/it\/wp-json\/wp\/v2\/product\/1770","targetHints":{"allow":["GET"]}}],"collection":[{"href":"https:\/\/keybox.nl\/it\/wp-json\/wp\/v2\/product"}],"about":[{"href":"https:\/\/keybox.nl\/it\/wp-json\/wp\/v2\/types\/product"}],"replies":[{"embeddable":true,"href":"https:\/\/keybox.nl\/it\/wp-json\/wp\/v2\/comments?post=1770"}],"wp:featuredmedia":[{"embeddable":true,"href":"https:\/\/keybox.nl\/it\/wp-json\/wp\/v2\/media\/1772"}],"wp:attachment":[{"href":"https:\/\/keybox.nl\/it\/wp-json\/wp\/v2\/media?parent=1770"}],"wp:term":[{"taxonomy":"product_brand","embeddable":true,"href":"https:\/\/keybox.nl\/it\/wp-json\/wp\/v2\/product_brand?post=1770"},{"taxonomy":"product_cat","embeddable":true,"href":"https:\/\/keybox.nl\/it\/wp-json\/wp\/v2\/product_cat?post=1770"},{"taxonomy":"product_tag","embeddable":true,"href":"https:\/\/keybox.nl\/it\/wp-json\/wp\/v2\/product_tag?post=1770"}],"curies":[{"name":"wp","href":"https:\/\/api.w.org\/{rel}","templated":true}]}}