{"id":1760,"date":"2024-12-04T18:06:31","date_gmt":"2024-12-04T18:06:31","guid":{"rendered":"https:\/\/keybox.nl\/?post_type=product&#038;p=1760"},"modified":"2024-12-05T14:29:14","modified_gmt":"2024-12-05T14:29:14","slug":"keysafe-voor-op-de-deur","status":"publish","type":"product","link":"https:\/\/keybox.nl\/it\/prodotto\/keysafe-voor-op-de-deur\/","title":{"rendered":"portachiavi per la porta"},"content":{"rendered":"<h4>Cassaforte per chiavi KEYSAFE<\/h4>\n<p>KEYSAFE Door \u00e8 un armadietto per chiavi versatile e robusto che pu\u00f2 essere facilmente appeso alla porta con una staffa in acciaio inossidabile. Ideale per conservare in modo sicuro fino a tre chiavi, \u00e8 perfetto per le associazioni edilizie, le imprese di costruzione e altre organizzazioni che necessitano di un accesso temporaneo ai locali durante i lavori di ristrutturazione o manutenzione.<\/p>\n<h4>Vantaggi<\/h4>\n<ul>\n<li>Si installa e si rimuove rapidamente, senza bisogno di un fissaggio permanente.<\/li>\n<li>Tenere le chiavi a disposizione delle persone autorizzate.<\/li>\n<li><strong>Non \u00e8 necessaria alcuna alimentazione o elettronica:<\/strong> Funziona in modo completamente meccanico con oltre 1.000 combinazioni.<\/li>\n<li>Adatto per applicazioni quali:\n<ul>\n<li>Assistenza domiciliare<\/li>\n<li>Servizi di consegna e pulizia<\/li>\n<li>Interventi di allarme<\/li>\n<li>Accesso di emergenza<\/li>\n<li>Gestione dell'ufficio<\/li>\n<li>Manutenzione di siti sicuri<\/li>\n<\/ul>\n<\/li>\n<\/ul>\n<h4>Caratteristiche<\/h4>\n<ul>\n<li>Colore titanio.<\/li>\n<li>Resistente a temperature da -32\u00b0C a +68\u00b0C.<\/li>\n<li>Adatto all'esposizione prolungata alla luce solare.<\/li>\n<li>Resistente ai solventi e ai prodotti chimici standard.<\/li>\n<li>Resiste a spruzzi d'acqua fino a 10,16 cm\/ora.<\/li>\n<\/ul>\n<h4>Opzioni<\/h4>\n<ul>\n<li><strong>Copertura protettiva in neoprene:<\/strong> Per una maggiore protezione dalla pioggia e un look pi\u00f9 discreto.<\/li>\n<\/ul>\n<h4>Contenuto della confezione<\/h4>\n<ul>\n<li>KEYSAFE Door viene consegnato in una scatola di cartone.<\/li>\n<li>Istruzioni per l'uso.<\/li>\n<li>Piastra di supporto con dadi di fissaggio.<\/li>\n<li>Due viti di fissaggio per la staffa di montaggio.<\/li>\n<\/ul>\n<p>Ordinate la vostra soluzione di gestione delle chiavi sicura e flessibile direttamente da Keybox.it!<\/p>","protected":false},"excerpt":{"rendered":"<p>Armadietto portachiavi piccolo ma robusto.<\/p>","protected":false},"featured_media":1761,"comment_status":"open","ping_status":"closed","template":"","meta":[],"product_brand":[],"product_cat":[19],"product_tag":[79],"class_list":{"0":"post-1760","1":"product","2":"type-product","3":"status-publish","4":"has-post-thumbnail","6":"product_cat-keysafe","7":"product_tag-kleine-keysafe","9":"first","10":"instock","11":"taxable","12":"shipping-taxable","13":"purchasable","14":"product-type-simple"},"yoast_head":"<!-- This site is optimized with the Yoast SEO plugin v27.4 - https:\/\/yoast.com\/product\/yoast-seo-wordpress\/ -->\n<title>keysafe voor op de deur -<\/title>\n<meta name=\"robots\" content=\"index, follow, max-snippet:-1, max-image-preview:large, max-video-preview:-1\" \/>\n<link rel=\"canonical\" href=\"https:\/\/keybox.nl\/it\/prodotto\/keysafe-voor-op-de-deur\/\" \/>\n<meta property=\"og:locale\" content=\"it_IT\" \/>\n<meta property=\"og:type\" content=\"article\" \/>\n<meta property=\"og:title\" content=\"keysafe voor op de deur -\" \/>\n<meta property=\"og:description\" content=\"Klein, maar robuust sleutelkastje.\" \/>\n<meta property=\"og:url\" content=\"https:\/\/keybox.nl\/it\/prodotto\/keysafe-voor-op-de-deur\/\" \/>\n<meta property=\"article:modified_time\" content=\"2024-12-05T14:29:14+00:00\" \/>\n<meta property=\"og:image\" content=\"http:\/\/keybox.nl\/wp-content\/uploads\/2024\/11\/Keysafe_door_sleutelkluisje_keybox.jpg\" \/>\n\t<meta property=\"og:image:width\" content=\"380\" \/>\n\t<meta property=\"og:image:height\" content=\"494\" \/>\n\t<meta property=\"og:image:type\" content=\"image\/jpeg\" \/>\n<meta name=\"twitter:card\" content=\"summary_large_image\" \/>\n<meta name=\"twitter:label1\" content=\"Tempo di lettura stimato\" \/>\n\t<meta name=\"twitter:data1\" content=\"1 minuto\" \/>\n<script type=\"application\/ld+json\" class=\"yoast-schema-graph\">{\"@context\":\"https:\\\/\\\/schema.org\",\"@graph\":[{\"@type\":\"WebPage\",\"@id\":\"https:\\\/\\\/keybox.nl\\\/product\\\/keysafe-voor-op-de-deur\\\/\",\"url\":\"https:\\\/\\\/keybox.nl\\\/product\\\/keysafe-voor-op-de-deur\\\/\",\"name\":\"keysafe voor op de deur -\",\"isPartOf\":{\"@id\":\"https:\\\/\\\/keybox.nl\\\/#website\"},\"primaryImageOfPage\":{\"@id\":\"https:\\\/\\\/keybox.nl\\\/product\\\/keysafe-voor-op-de-deur\\\/#primaryimage\"},\"image\":{\"@id\":\"https:\\\/\\\/keybox.nl\\\/product\\\/keysafe-voor-op-de-deur\\\/#primaryimage\"},\"thumbnailUrl\":\"https:\\\/\\\/keybox.nl\\\/wp-content\\\/uploads\\\/2024\\\/11\\\/Keysafe_door_sleutelkluisje_keybox.jpg\",\"datePublished\":\"2024-12-04T18:06:31+00:00\",\"dateModified\":\"2024-12-05T14:29:14+00:00\",\"breadcrumb\":{\"@id\":\"https:\\\/\\\/keybox.nl\\\/product\\\/keysafe-voor-op-de-deur\\\/#breadcrumb\"},\"inLanguage\":\"it-IT\",\"potentialAction\":[{\"@type\":\"ReadAction\",\"target\":[\"https:\\\/\\\/keybox.nl\\\/product\\\/keysafe-voor-op-de-deur\\\/\"]}]},{\"@type\":\"ImageObject\",\"inLanguage\":\"it-IT\",\"@id\":\"https:\\\/\\\/keybox.nl\\\/product\\\/keysafe-voor-op-de-deur\\\/#primaryimage\",\"url\":\"https:\\\/\\\/keybox.nl\\\/wp-content\\\/uploads\\\/2024\\\/11\\\/Keysafe_door_sleutelkluisje_keybox.jpg\",\"contentUrl\":\"https:\\\/\\\/keybox.nl\\\/wp-content\\\/uploads\\\/2024\\\/11\\\/Keysafe_door_sleutelkluisje_keybox.jpg\",\"width\":380,\"height\":494,\"caption\":\"main\"},{\"@type\":\"BreadcrumbList\",\"@id\":\"https:\\\/\\\/keybox.nl\\\/product\\\/keysafe-voor-op-de-deur\\\/#breadcrumb\",\"itemListElement\":[{\"@type\":\"ListItem\",\"position\":1,\"name\":\"Home\",\"item\":\"https:\\\/\\\/keybox.nl\\\/\"},{\"@type\":\"ListItem\",\"position\":2,\"name\":\"Beveiligde sleutelkastjes kopen\",\"item\":\"https:\\\/\\\/keybox.nl\\\/\"},{\"@type\":\"ListItem\",\"position\":3,\"name\":\"keysafe voor op de deur\"}]},{\"@type\":\"WebSite\",\"@id\":\"https:\\\/\\\/keybox.nl\\\/#website\",\"url\":\"https:\\\/\\\/keybox.nl\\\/\",\"name\":\"\",\"description\":\"\",\"potentialAction\":[{\"@type\":\"SearchAction\",\"target\":{\"@type\":\"EntryPoint\",\"urlTemplate\":\"https:\\\/\\\/keybox.nl\\\/?s={search_term_string}\"},\"query-input\":{\"@type\":\"PropertyValueSpecification\",\"valueRequired\":true,\"valueName\":\"search_term_string\"}}],\"inLanguage\":\"it-IT\"}]}<\/script>\n<!-- \/ Yoast SEO plugin. -->","yoast_head_json":{"title":"portachiavi per la porta -","robots":{"index":"index","follow":"follow","max-snippet":"max-snippet:-1","max-image-preview":"max-image-preview:large","max-video-preview":"max-video-preview:-1"},"canonical":"https:\/\/keybox.nl\/it\/prodotto\/keysafe-voor-op-de-deur\/","og_locale":"it_IT","og_type":"article","og_title":"keysafe voor op de deur -","og_description":"Klein, maar robuust sleutelkastje.","og_url":"https:\/\/keybox.nl\/it\/prodotto\/keysafe-voor-op-de-deur\/","article_modified_time":"2024-12-05T14:29:14+00:00","og_image":[{"width":380,"height":494,"url":"http:\/\/keybox.nl\/wp-content\/uploads\/2024\/11\/Keysafe_door_sleutelkluisje_keybox.jpg","type":"image\/jpeg"}],"twitter_card":"summary_large_image","twitter_misc":{"Tempo di lettura stimato":"1 minuto"},"schema":{"@context":"https:\/\/schema.org","@graph":[{"@type":"WebPage","@id":"https:\/\/keybox.nl\/product\/keysafe-voor-op-de-deur\/","url":"https:\/\/keybox.nl\/product\/keysafe-voor-op-de-deur\/","name":"portachiavi per la porta -","isPartOf":{"@id":"https:\/\/keybox.nl\/#website"},"primaryImageOfPage":{"@id":"https:\/\/keybox.nl\/product\/keysafe-voor-op-de-deur\/#primaryimage"},"image":{"@id":"https:\/\/keybox.nl\/product\/keysafe-voor-op-de-deur\/#primaryimage"},"thumbnailUrl":"https:\/\/keybox.nl\/wp-content\/uploads\/2024\/11\/Keysafe_door_sleutelkluisje_keybox.jpg","datePublished":"2024-12-04T18:06:31+00:00","dateModified":"2024-12-05T14:29:14+00:00","breadcrumb":{"@id":"https:\/\/keybox.nl\/product\/keysafe-voor-op-de-deur\/#breadcrumb"},"inLanguage":"it-IT","potentialAction":[{"@type":"ReadAction","target":["https:\/\/keybox.nl\/product\/keysafe-voor-op-de-deur\/"]}]},{"@type":"ImageObject","inLanguage":"it-IT","@id":"https:\/\/keybox.nl\/product\/keysafe-voor-op-de-deur\/#primaryimage","url":"https:\/\/keybox.nl\/wp-content\/uploads\/2024\/11\/Keysafe_door_sleutelkluisje_keybox.jpg","contentUrl":"https:\/\/keybox.nl\/wp-content\/uploads\/2024\/11\/Keysafe_door_sleutelkluisje_keybox.jpg","width":380,"height":494,"caption":"main"},{"@type":"BreadcrumbList","@id":"https:\/\/keybox.nl\/product\/keysafe-voor-op-de-deur\/#breadcrumb","itemListElement":[{"@type":"ListItem","position":1,"name":"Home","item":"https:\/\/keybox.nl\/"},{"@type":"ListItem","position":2,"name":"Beveiligde sleutelkastjes kopen","item":"https:\/\/keybox.nl\/"},{"@type":"ListItem","position":3,"name":"keysafe voor op de deur"}]},{"@type":"WebSite","@id":"https:\/\/keybox.nl\/#website","url":"https:\/\/keybox.nl\/","name":"","description":"","potentialAction":[{"@type":"SearchAction","target":{"@type":"EntryPoint","urlTemplate":"https:\/\/keybox.nl\/?s={search_term_string}"},"query-input":{"@type":"PropertyValueSpecification","valueRequired":true,"valueName":"search_term_string"}}],"inLanguage":"it-IT"}]}},"jetpack-related-posts":[{"id":1782,"url":"https:\/\/keybox.nl\/it\/prodotto\/keysafe-p500\/","url_meta":{"origin":1760,"position":0},"title":"Keysafe P500","author":"Elric Drost","date":"13 Dicembre 2024","format":false,"excerpt":"Il mini-armadio per chiavi pi\u00f9 sicuro del mercato.","rel":"","context":"Articolo simile","block_context":{"text":"Articolo simile","link":""},"img":{"alt_text":"","src":"https:\/\/i0.wp.com\/keybox.nl\/wp-content\/uploads\/2024\/12\/boite-a-cle-keysafe-pro-grand-format.jpg?resize=350%2C200&ssl=1","width":350,"height":200},"classes":[]},{"id":1775,"url":"https:\/\/keybox.nl\/it\/prodotto\/keysafe-pro-original\/","url_meta":{"origin":1760,"position":1},"title":"Keysafe Pro originale","author":"Elric Drost","date":"5 Dicembre 2024","format":false,"excerpt":"KEYSAFE Pro Original \u00e8 un robusto armadietto per 5 chiavi standard.","rel":"","context":"Articolo simile","block_context":{"text":"Articolo simile","link":""},"img":{"alt_text":"","src":"https:\/\/i0.wp.com\/keybox.nl\/wp-content\/uploads\/2024\/12\/keysafe-pro-original-sleutelkluisje.jpg?resize=350%2C200&ssl=1","width":350,"height":200},"classes":[]},{"id":1796,"url":"https:\/\/keybox.nl\/it\/prodotto\/keysafe-key-cabinet\/","url_meta":{"origin":1760,"position":2},"title":"Armadietto portachiavi Keysafe","author":"Elric Drost","date":"18 Dicembre 2024","format":false,"excerpt":"Touchpoint PRO di Kidde 30\/60\/120 chiavi","rel":"","context":"Articolo simile","block_context":{"text":"Articolo simile","link":""},"img":{"alt_text":"","src":"https:\/\/i0.wp.com\/keybox.nl\/wp-content\/uploads\/2024\/12\/Keysafe-cabinet-30-Keybox-open-298x300.jpg?resize=350%2C200","width":350,"height":200},"classes":[]},{"id":1822,"url":"https:\/\/keybox.nl\/it\/prodotto\/keysafe-gce\/","url_meta":{"origin":1760,"position":3},"title":"Keysafe GCE","author":"Elric Drost","date":"26 Gennaio 2025","format":false,"excerpt":"Scegliete tra 3 modelli.","rel":"","context":"Articolo simile","block_context":{"text":"Articolo simile","link":""},"img":{"alt_text":"","src":"https:\/\/i0.wp.com\/keybox.nl\/wp-content\/uploads\/2025\/01\/9858a0f7e85097eb90f56de1f00f8269.jpg?resize=350%2C200&ssl=1","width":350,"height":200,"srcset":"https:\/\/i0.wp.com\/keybox.nl\/wp-content\/uploads\/2025\/01\/9858a0f7e85097eb90f56de1f00f8269.jpg?resize=350%2C200&ssl=1 1x, https:\/\/i0.wp.com\/keybox.nl\/wp-content\/uploads\/2025\/01\/9858a0f7e85097eb90f56de1f00f8269.jpg?resize=525%2C300&ssl=1 1.5x, https:\/\/i0.wp.com\/keybox.nl\/wp-content\/uploads\/2025\/01\/9858a0f7e85097eb90f56de1f00f8269.jpg?resize=700%2C400&ssl=1 2x, https:\/\/i0.wp.com\/keybox.nl\/wp-content\/uploads\/2025\/01\/9858a0f7e85097eb90f56de1f00f8269.jpg?resize=1050%2C600&ssl=1 3x, https:\/\/i0.wp.com\/keybox.nl\/wp-content\/uploads\/2025\/01\/9858a0f7e85097eb90f56de1f00f8269.jpg?resize=1400%2C800&ssl=1 4x"},"classes":[]},{"id":1179,"url":"https:\/\/keybox.nl\/it\/prodotto\/keysafe-original\/","url_meta":{"origin":1760,"position":4},"title":"Keysafe originale","author":"Keybox@beheermodule","date":"9 Dicembre 2022","format":false,"excerpt":"Keysafe Original per 5 chiavi Se per entrare in una stanza sono necessarie pi\u00f9 chiavi, l'ampia capacit\u00e0 di KeySafe\u2122 Original consente di conservarle tutte in un'unica posizione con un codice di accesso facile da usare. KeySafe Original \u00e8 in grado di contenere pi\u00f9 chiavi ed \u00e8 abbastanza capiente per le key card....","rel":"","context":"Articolo simile","block_context":{"text":"Articolo simile","link":""},"img":{"alt_text":"","src":"https:\/\/i0.wp.com\/keybox.nl\/wp-content\/uploads\/2022\/12\/Keysafe_Original_keybox_sleutelkluis.jpg?resize=350%2C200&ssl=1","width":350,"height":200,"srcset":"https:\/\/i0.wp.com\/keybox.nl\/wp-content\/uploads\/2022\/12\/Keysafe_Original_keybox_sleutelkluis.jpg?resize=350%2C200&ssl=1 1x, https:\/\/i0.wp.com\/keybox.nl\/wp-content\/uploads\/2022\/12\/Keysafe_Original_keybox_sleutelkluis.jpg?resize=525%2C300&ssl=1 1.5x, https:\/\/i0.wp.com\/keybox.nl\/wp-content\/uploads\/2022\/12\/Keysafe_Original_keybox_sleutelkluis.jpg?resize=700%2C400&ssl=1 2x"},"classes":[]},{"id":1812,"url":"https:\/\/keybox.nl\/it\/prodotto\/drs-vector-combi-keysafe\/","url_meta":{"origin":1760,"position":5},"title":"DRS Vector Combi Keysafe","author":"Elric Drost","date":"21 Gennaio 2025","format":false,"excerpt":"Perfetto per l'uso professionale.","rel":"","context":"Articolo simile","block_context":{"text":"Articolo simile","link":""},"img":{"alt_text":"","src":"https:\/\/i0.wp.com\/keybox.nl\/wp-content\/uploads\/2025\/01\/DRS-Vector-Combi-Keysafe-keybox.jpg?resize=350%2C200&ssl=1","width":350,"height":200,"srcset":"https:\/\/i0.wp.com\/keybox.nl\/wp-content\/uploads\/2025\/01\/DRS-Vector-Combi-Keysafe-keybox.jpg?resize=350%2C200&ssl=1 1x, https:\/\/i0.wp.com\/keybox.nl\/wp-content\/uploads\/2025\/01\/DRS-Vector-Combi-Keysafe-keybox.jpg?resize=525%2C300&ssl=1 1.5x, https:\/\/i0.wp.com\/keybox.nl\/wp-content\/uploads\/2025\/01\/DRS-Vector-Combi-Keysafe-keybox.jpg?resize=700%2C400&ssl=1 2x, https:\/\/i0.wp.com\/keybox.nl\/wp-content\/uploads\/2025\/01\/DRS-Vector-Combi-Keysafe-keybox.jpg?resize=1050%2C600&ssl=1 3x"},"classes":[]}],"jetpack_sharing_enabled":true,"_links":{"self":[{"href":"https:\/\/keybox.nl\/it\/wp-json\/wp\/v2\/product\/1760","targetHints":{"allow":["GET"]}}],"collection":[{"href":"https:\/\/keybox.nl\/it\/wp-json\/wp\/v2\/product"}],"about":[{"href":"https:\/\/keybox.nl\/it\/wp-json\/wp\/v2\/types\/product"}],"replies":[{"embeddable":true,"href":"https:\/\/keybox.nl\/it\/wp-json\/wp\/v2\/comments?post=1760"}],"wp:featuredmedia":[{"embeddable":true,"href":"https:\/\/keybox.nl\/it\/wp-json\/wp\/v2\/media\/1761"}],"wp:attachment":[{"href":"https:\/\/keybox.nl\/it\/wp-json\/wp\/v2\/media?parent=1760"}],"wp:term":[{"taxonomy":"product_brand","embeddable":true,"href":"https:\/\/keybox.nl\/it\/wp-json\/wp\/v2\/product_brand?post=1760"},{"taxonomy":"product_cat","embeddable":true,"href":"https:\/\/keybox.nl\/it\/wp-json\/wp\/v2\/product_cat?post=1760"},{"taxonomy":"product_tag","embeddable":true,"href":"https:\/\/keybox.nl\/it\/wp-json\/wp\/v2\/product_tag?post=1760"}],"curies":[{"name":"wp","href":"https:\/\/api.w.org\/{rel}","templated":true}]}}