{"id":1346,"date":"2023-02-10T15:48:20","date_gmt":"2023-02-10T15:48:20","guid":{"rendered":"http:\/\/keybox.nl\/?post_type=product&#038;p=1346"},"modified":"2024-12-12T22:06:34","modified_gmt":"2024-12-12T22:06:34","slug":"keysafe-big-pro-sleutelkluis","status":"publish","type":"product","link":"https:\/\/keybox.nl\/it\/prodotto\/keysafe-big-pro-sleutelkluis\/","title":{"rendered":"Cassaforte per chiavi Keysafe Big Pro"},"content":{"rendered":"<h2>La cassaforte per chiavi Keysafe Big Pro con serratura a combinazione<\/h2>\n<p>offre spazio sufficiente per conservare in modo sicuro da 1 a 7 chiavi standard o da uno a pi\u00f9 badge per il controllo degli accessi.<\/p>\n<p>Il portachiavi Pro Big \u00e8 dotato di una copertura in neoprene per proteggerlo dalle intemperie e renderlo meno appariscente.<\/p>\n<p>Realizzato in modo robusto, in fusione di Zamac, il design garantisce qualit\u00e0 e resistenza agli attacchi, sia per il consumatore che per il professionista. Il sistema di codifica a pulsante \u00e8 brevettato e unico.<\/p>\n<p>Vantaggi :<\/p>\n<ul>\n<li>Facile e veloce da installare<\/li>\n<li>chiavi sempre disponibili e sicure<\/li>\n<li>senza elettronica<\/li>\n<li>pi\u00f9 di 1.000 combinazioni di numeri possibili<\/li>\n<li>molto robusta.<\/li>\n<li>spazio interno 60 x 98 x 50 mm<\/li>\n<\/ul>\n<p><img decoding=\"async\" class=\"alignleft size-medium wp-image-1178\" src=\"http:\/\/keybox.nl\/wp-content\/uploads\/2022\/12\/Keybox_Slim_line_Keysafe_7-300x121.png\" alt=\"\" width=\"300\" height=\"121\" srcset=\"https:\/\/keybox.nl\/wp-content\/uploads\/2022\/12\/Keybox_Slim_line_Keysafe_7-300x121.png 300w, https:\/\/keybox.nl\/wp-content\/uploads\/2022\/12\/Keybox_Slim_line_Keysafe_7-416x168.png 416w, https:\/\/keybox.nl\/wp-content\/uploads\/2022\/12\/Keybox_Slim_line_Keysafe_7.png 499w\" sizes=\"(max-width: 300px) 100vw, 300px\" \/><\/p>\n<p>&nbsp;<\/p>\n<p>&nbsp;<\/p>\n<p>&nbsp;<\/p>\n<p><img decoding=\"async\" class=\"alignleft size-medium wp-image-1177\" src=\"http:\/\/keybox.nl\/wp-content\/uploads\/2022\/12\/Keybox_Slim_line_Keysafe_6-300x196.png\" alt=\"\" width=\"300\" height=\"196\" srcset=\"https:\/\/keybox.nl\/wp-content\/uploads\/2022\/12\/Keybox_Slim_line_Keysafe_6-300x196.png 300w, https:\/\/keybox.nl\/wp-content\/uploads\/2022\/12\/Keybox_Slim_line_Keysafe_6.png 400w\" sizes=\"(max-width: 300px) 100vw, 300px\" \/><\/p>","protected":false},"excerpt":{"rendered":"<p>Cassaforte per chiavi Keysafe Big Pro con serratura a combinazione e coperchio protettivo<\/p>","protected":false},"featured_media":1350,"comment_status":"open","ping_status":"closed","template":"","meta":[],"product_brand":[],"product_cat":[19],"product_tag":[71,65,61,72,73,64],"class_list":{"0":"post-1346","1":"product","2":"type-product","3":"status-publish","4":"has-post-thumbnail","6":"product_cat-keysafe","7":"product_tag-big","8":"product_tag-cijferslot","9":"product_tag-keysafe","10":"product_tag-pro","11":"product_tag-sleutelkast","12":"product_tag-sleutelkluisje","14":"first","15":"instock","16":"taxable","17":"shipping-taxable","18":"purchasable","19":"product-type-simple"},"yoast_head":"<!-- This site is optimized with the Yoast SEO plugin v27.4 - https:\/\/yoast.com\/product\/yoast-seo-wordpress\/ -->\n<title>Keysafe Big Pro sleutelkluis -<\/title>\n<meta name=\"robots\" content=\"index, follow, max-snippet:-1, max-image-preview:large, max-video-preview:-1\" \/>\n<link rel=\"canonical\" href=\"https:\/\/keybox.nl\/it\/prodotto\/keysafe-big-pro-sleutelkluis\/\" \/>\n<meta property=\"og:locale\" content=\"it_IT\" \/>\n<meta property=\"og:type\" content=\"article\" \/>\n<meta property=\"og:title\" content=\"Keysafe Big Pro sleutelkluis -\" \/>\n<meta property=\"og:description\" content=\"Keysafe Big Pro sleutelkluis met cijferslot en beschermhoes\" \/>\n<meta property=\"og:url\" content=\"https:\/\/keybox.nl\/it\/prodotto\/keysafe-big-pro-sleutelkluis\/\" \/>\n<meta property=\"article:modified_time\" content=\"2024-12-12T22:06:34+00:00\" \/>\n<meta property=\"og:image\" content=\"http:\/\/keybox.nl\/wp-content\/uploads\/2023\/02\/S7-Pro-Big-Box-Key-Safe.jpg\" \/>\n\t<meta property=\"og:image:width\" content=\"729\" \/>\n\t<meta property=\"og:image:height\" content=\"924\" \/>\n\t<meta property=\"og:image:type\" content=\"image\/jpeg\" \/>\n<meta name=\"twitter:card\" content=\"summary_large_image\" \/>\n<meta name=\"twitter:label1\" content=\"Tempo di lettura stimato\" \/>\n\t<meta name=\"twitter:data1\" content=\"2 minuti\" \/>\n<script type=\"application\/ld+json\" class=\"yoast-schema-graph\">{\"@context\":\"https:\\\/\\\/schema.org\",\"@graph\":[{\"@type\":\"WebPage\",\"@id\":\"https:\\\/\\\/keybox.nl\\\/product\\\/keysafe-big-pro-sleutelkluis\\\/\",\"url\":\"https:\\\/\\\/keybox.nl\\\/product\\\/keysafe-big-pro-sleutelkluis\\\/\",\"name\":\"Keysafe Big Pro sleutelkluis -\",\"isPartOf\":{\"@id\":\"https:\\\/\\\/keybox.nl\\\/#website\"},\"primaryImageOfPage\":{\"@id\":\"https:\\\/\\\/keybox.nl\\\/product\\\/keysafe-big-pro-sleutelkluis\\\/#primaryimage\"},\"image\":{\"@id\":\"https:\\\/\\\/keybox.nl\\\/product\\\/keysafe-big-pro-sleutelkluis\\\/#primaryimage\"},\"thumbnailUrl\":\"https:\\\/\\\/keybox.nl\\\/wp-content\\\/uploads\\\/2023\\\/02\\\/S7-Pro-Big-Box-Key-Safe.jpg\",\"datePublished\":\"2023-02-10T15:48:20+00:00\",\"dateModified\":\"2024-12-12T22:06:34+00:00\",\"breadcrumb\":{\"@id\":\"https:\\\/\\\/keybox.nl\\\/product\\\/keysafe-big-pro-sleutelkluis\\\/#breadcrumb\"},\"inLanguage\":\"it-IT\",\"potentialAction\":[{\"@type\":\"ReadAction\",\"target\":[\"https:\\\/\\\/keybox.nl\\\/product\\\/keysafe-big-pro-sleutelkluis\\\/\"]}]},{\"@type\":\"ImageObject\",\"inLanguage\":\"it-IT\",\"@id\":\"https:\\\/\\\/keybox.nl\\\/product\\\/keysafe-big-pro-sleutelkluis\\\/#primaryimage\",\"url\":\"https:\\\/\\\/keybox.nl\\\/wp-content\\\/uploads\\\/2023\\\/02\\\/S7-Pro-Big-Box-Key-Safe.jpg\",\"contentUrl\":\"https:\\\/\\\/keybox.nl\\\/wp-content\\\/uploads\\\/2023\\\/02\\\/S7-Pro-Big-Box-Key-Safe.jpg\",\"width\":729,\"height\":924,\"caption\":\"Keysafe Big Pro\"},{\"@type\":\"BreadcrumbList\",\"@id\":\"https:\\\/\\\/keybox.nl\\\/product\\\/keysafe-big-pro-sleutelkluis\\\/#breadcrumb\",\"itemListElement\":[{\"@type\":\"ListItem\",\"position\":1,\"name\":\"Home\",\"item\":\"https:\\\/\\\/keybox.nl\\\/\"},{\"@type\":\"ListItem\",\"position\":2,\"name\":\"Beveiligde sleutelkastjes kopen\",\"item\":\"https:\\\/\\\/keybox.nl\\\/\"},{\"@type\":\"ListItem\",\"position\":3,\"name\":\"Keysafe Big Pro sleutelkluis\"}]},{\"@type\":\"WebSite\",\"@id\":\"https:\\\/\\\/keybox.nl\\\/#website\",\"url\":\"https:\\\/\\\/keybox.nl\\\/\",\"name\":\"\",\"description\":\"\",\"potentialAction\":[{\"@type\":\"SearchAction\",\"target\":{\"@type\":\"EntryPoint\",\"urlTemplate\":\"https:\\\/\\\/keybox.nl\\\/?s={search_term_string}\"},\"query-input\":{\"@type\":\"PropertyValueSpecification\",\"valueRequired\":true,\"valueName\":\"search_term_string\"}}],\"inLanguage\":\"it-IT\"}]}<\/script>\n<!-- \/ Yoast SEO plugin. -->","yoast_head_json":{"title":"Keysafe Big Pro - Cassaforte per chiavi","robots":{"index":"index","follow":"follow","max-snippet":"max-snippet:-1","max-image-preview":"max-image-preview:large","max-video-preview":"max-video-preview:-1"},"canonical":"https:\/\/keybox.nl\/it\/prodotto\/keysafe-big-pro-sleutelkluis\/","og_locale":"it_IT","og_type":"article","og_title":"Keysafe Big Pro sleutelkluis -","og_description":"Keysafe Big Pro sleutelkluis met cijferslot en beschermhoes","og_url":"https:\/\/keybox.nl\/it\/prodotto\/keysafe-big-pro-sleutelkluis\/","article_modified_time":"2024-12-12T22:06:34+00:00","og_image":[{"width":729,"height":924,"url":"http:\/\/keybox.nl\/wp-content\/uploads\/2023\/02\/S7-Pro-Big-Box-Key-Safe.jpg","type":"image\/jpeg"}],"twitter_card":"summary_large_image","twitter_misc":{"Tempo di lettura stimato":"2 minuti"},"schema":{"@context":"https:\/\/schema.org","@graph":[{"@type":"WebPage","@id":"https:\/\/keybox.nl\/product\/keysafe-big-pro-sleutelkluis\/","url":"https:\/\/keybox.nl\/product\/keysafe-big-pro-sleutelkluis\/","name":"Keysafe Big Pro - Cassaforte per chiavi","isPartOf":{"@id":"https:\/\/keybox.nl\/#website"},"primaryImageOfPage":{"@id":"https:\/\/keybox.nl\/product\/keysafe-big-pro-sleutelkluis\/#primaryimage"},"image":{"@id":"https:\/\/keybox.nl\/product\/keysafe-big-pro-sleutelkluis\/#primaryimage"},"thumbnailUrl":"https:\/\/keybox.nl\/wp-content\/uploads\/2023\/02\/S7-Pro-Big-Box-Key-Safe.jpg","datePublished":"2023-02-10T15:48:20+00:00","dateModified":"2024-12-12T22:06:34+00:00","breadcrumb":{"@id":"https:\/\/keybox.nl\/product\/keysafe-big-pro-sleutelkluis\/#breadcrumb"},"inLanguage":"it-IT","potentialAction":[{"@type":"ReadAction","target":["https:\/\/keybox.nl\/product\/keysafe-big-pro-sleutelkluis\/"]}]},{"@type":"ImageObject","inLanguage":"it-IT","@id":"https:\/\/keybox.nl\/product\/keysafe-big-pro-sleutelkluis\/#primaryimage","url":"https:\/\/keybox.nl\/wp-content\/uploads\/2023\/02\/S7-Pro-Big-Box-Key-Safe.jpg","contentUrl":"https:\/\/keybox.nl\/wp-content\/uploads\/2023\/02\/S7-Pro-Big-Box-Key-Safe.jpg","width":729,"height":924,"caption":"Keysafe Big Pro"},{"@type":"BreadcrumbList","@id":"https:\/\/keybox.nl\/product\/keysafe-big-pro-sleutelkluis\/#breadcrumb","itemListElement":[{"@type":"ListItem","position":1,"name":"Home","item":"https:\/\/keybox.nl\/"},{"@type":"ListItem","position":2,"name":"Beveiligde sleutelkastjes kopen","item":"https:\/\/keybox.nl\/"},{"@type":"ListItem","position":3,"name":"Keysafe Big Pro sleutelkluis"}]},{"@type":"WebSite","@id":"https:\/\/keybox.nl\/#website","url":"https:\/\/keybox.nl\/","name":"","description":"","potentialAction":[{"@type":"SearchAction","target":{"@type":"EntryPoint","urlTemplate":"https:\/\/keybox.nl\/?s={search_term_string}"},"query-input":{"@type":"PropertyValueSpecification","valueRequired":true,"valueName":"search_term_string"}}],"inLanguage":"it-IT"}]}},"jetpack-related-posts":[{"id":1775,"url":"https:\/\/keybox.nl\/it\/prodotto\/keysafe-pro-original\/","url_meta":{"origin":1346,"position":0},"title":"Keysafe Pro originale","author":"Elric Drost","date":"5 Dicembre 2024","format":false,"excerpt":"KEYSAFE Pro Original \u00e8 un robusto armadietto per 5 chiavi standard.","rel":"","context":"Articolo simile","block_context":{"text":"Articolo simile","link":""},"img":{"alt_text":"","src":"https:\/\/i0.wp.com\/keybox.nl\/wp-content\/uploads\/2024\/12\/keysafe-pro-original-sleutelkluisje.jpg?resize=350%2C200&ssl=1","width":350,"height":200},"classes":[]},{"id":1796,"url":"https:\/\/keybox.nl\/it\/prodotto\/keysafe-key-cabinet\/","url_meta":{"origin":1346,"position":1},"title":"Armadietto portachiavi Keysafe","author":"Elric Drost","date":"18 Dicembre 2024","format":false,"excerpt":"Touchpoint PRO di Kidde 30\/60\/120 chiavi","rel":"","context":"Articolo simile","block_context":{"text":"Articolo simile","link":""},"img":{"alt_text":"","src":"https:\/\/i0.wp.com\/keybox.nl\/wp-content\/uploads\/2024\/12\/Keysafe-cabinet-30-Keybox-open-298x300.jpg?resize=350%2C200","width":350,"height":200},"classes":[]},{"id":1812,"url":"https:\/\/keybox.nl\/it\/prodotto\/drs-vector-combi-keysafe\/","url_meta":{"origin":1346,"position":2},"title":"DRS Vector Combi Keysafe","author":"Elric Drost","date":"21 Gennaio 2025","format":false,"excerpt":"Perfetto per l'uso professionale.","rel":"","context":"Articolo simile","block_context":{"text":"Articolo simile","link":""},"img":{"alt_text":"","src":"https:\/\/i0.wp.com\/keybox.nl\/wp-content\/uploads\/2025\/01\/DRS-Vector-Combi-Keysafe-keybox.jpg?resize=350%2C200&ssl=1","width":350,"height":200,"srcset":"https:\/\/i0.wp.com\/keybox.nl\/wp-content\/uploads\/2025\/01\/DRS-Vector-Combi-Keysafe-keybox.jpg?resize=350%2C200&ssl=1 1x, https:\/\/i0.wp.com\/keybox.nl\/wp-content\/uploads\/2025\/01\/DRS-Vector-Combi-Keysafe-keybox.jpg?resize=525%2C300&ssl=1 1.5x, https:\/\/i0.wp.com\/keybox.nl\/wp-content\/uploads\/2025\/01\/DRS-Vector-Combi-Keysafe-keybox.jpg?resize=700%2C400&ssl=1 2x, https:\/\/i0.wp.com\/keybox.nl\/wp-content\/uploads\/2025\/01\/DRS-Vector-Combi-Keysafe-keybox.jpg?resize=1050%2C600&ssl=1 3x"},"classes":[]},{"id":1822,"url":"https:\/\/keybox.nl\/it\/prodotto\/keysafe-gce\/","url_meta":{"origin":1346,"position":3},"title":"Keysafe GCE","author":"Elric Drost","date":"26 Gennaio 2025","format":false,"excerpt":"Scegliete tra 3 modelli.","rel":"","context":"Articolo simile","block_context":{"text":"Articolo simile","link":""},"img":{"alt_text":"","src":"https:\/\/i0.wp.com\/keybox.nl\/wp-content\/uploads\/2025\/01\/9858a0f7e85097eb90f56de1f00f8269.jpg?resize=350%2C200&ssl=1","width":350,"height":200,"srcset":"https:\/\/i0.wp.com\/keybox.nl\/wp-content\/uploads\/2025\/01\/9858a0f7e85097eb90f56de1f00f8269.jpg?resize=350%2C200&ssl=1 1x, https:\/\/i0.wp.com\/keybox.nl\/wp-content\/uploads\/2025\/01\/9858a0f7e85097eb90f56de1f00f8269.jpg?resize=525%2C300&ssl=1 1.5x, https:\/\/i0.wp.com\/keybox.nl\/wp-content\/uploads\/2025\/01\/9858a0f7e85097eb90f56de1f00f8269.jpg?resize=700%2C400&ssl=1 2x, https:\/\/i0.wp.com\/keybox.nl\/wp-content\/uploads\/2025\/01\/9858a0f7e85097eb90f56de1f00f8269.jpg?resize=1050%2C600&ssl=1 3x, https:\/\/i0.wp.com\/keybox.nl\/wp-content\/uploads\/2025\/01\/9858a0f7e85097eb90f56de1f00f8269.jpg?resize=1400%2C800&ssl=1 4x"},"classes":[]},{"id":1179,"url":"https:\/\/keybox.nl\/it\/prodotto\/keysafe-original\/","url_meta":{"origin":1346,"position":4},"title":"Keysafe originale","author":"Keybox@beheermodule","date":"9 Dicembre 2022","format":false,"excerpt":"Keysafe Original per 5 chiavi Se per entrare in una stanza sono necessarie pi\u00f9 chiavi, l'ampia capacit\u00e0 di KeySafe\u2122 Original consente di conservarle tutte in un'unica posizione con un codice di accesso facile da usare. KeySafe Original \u00e8 in grado di contenere pi\u00f9 chiavi ed \u00e8 abbastanza capiente per le key card....","rel":"","context":"Articolo simile","block_context":{"text":"Articolo simile","link":""},"img":{"alt_text":"","src":"https:\/\/i0.wp.com\/keybox.nl\/wp-content\/uploads\/2022\/12\/Keysafe_Original_keybox_sleutelkluis.jpg?resize=350%2C200&ssl=1","width":350,"height":200,"srcset":"https:\/\/i0.wp.com\/keybox.nl\/wp-content\/uploads\/2022\/12\/Keysafe_Original_keybox_sleutelkluis.jpg?resize=350%2C200&ssl=1 1x, https:\/\/i0.wp.com\/keybox.nl\/wp-content\/uploads\/2022\/12\/Keysafe_Original_keybox_sleutelkluis.jpg?resize=525%2C300&ssl=1 1.5x, https:\/\/i0.wp.com\/keybox.nl\/wp-content\/uploads\/2022\/12\/Keysafe_Original_keybox_sleutelkluis.jpg?resize=700%2C400&ssl=1 2x"},"classes":[]},{"id":1171,"url":"https:\/\/keybox.nl\/it\/prodotto\/keysafe-slimline\/","url_meta":{"origin":1346,"position":5},"title":"Keysafe Slimline","author":"Keybox@beheermodule","date":"9 Dicembre 2022","format":false,"excerpt":"Sempre accessibile con il Keysafe Slimline","rel":"","context":"Articolo simile","block_context":{"text":"Articolo simile","link":""},"img":{"alt_text":"Keysafe Slim line","src":"https:\/\/i0.wp.com\/keybox.nl\/wp-content\/uploads\/2022\/12\/Keysafe_Slim_line_Keybox.jpeg?resize=350%2C200&ssl=1","width":350,"height":200,"srcset":"https:\/\/i0.wp.com\/keybox.nl\/wp-content\/uploads\/2022\/12\/Keysafe_Slim_line_Keybox.jpeg?resize=350%2C200&ssl=1 1x, https:\/\/i0.wp.com\/keybox.nl\/wp-content\/uploads\/2022\/12\/Keysafe_Slim_line_Keybox.jpeg?resize=525%2C300&ssl=1 1.5x, https:\/\/i0.wp.com\/keybox.nl\/wp-content\/uploads\/2022\/12\/Keysafe_Slim_line_Keybox.jpeg?resize=700%2C400&ssl=1 2x"},"classes":[]}],"jetpack_sharing_enabled":true,"_links":{"self":[{"href":"https:\/\/keybox.nl\/it\/wp-json\/wp\/v2\/product\/1346","targetHints":{"allow":["GET"]}}],"collection":[{"href":"https:\/\/keybox.nl\/it\/wp-json\/wp\/v2\/product"}],"about":[{"href":"https:\/\/keybox.nl\/it\/wp-json\/wp\/v2\/types\/product"}],"replies":[{"embeddable":true,"href":"https:\/\/keybox.nl\/it\/wp-json\/wp\/v2\/comments?post=1346"}],"wp:featuredmedia":[{"embeddable":true,"href":"https:\/\/keybox.nl\/it\/wp-json\/wp\/v2\/media\/1350"}],"wp:attachment":[{"href":"https:\/\/keybox.nl\/it\/wp-json\/wp\/v2\/media?parent=1346"}],"wp:term":[{"taxonomy":"product_brand","embeddable":true,"href":"https:\/\/keybox.nl\/it\/wp-json\/wp\/v2\/product_brand?post=1346"},{"taxonomy":"product_cat","embeddable":true,"href":"https:\/\/keybox.nl\/it\/wp-json\/wp\/v2\/product_cat?post=1346"},{"taxonomy":"product_tag","embeddable":true,"href":"https:\/\/keybox.nl\/it\/wp-json\/wp\/v2\/product_tag?post=1346"}],"curies":[{"name":"wp","href":"https:\/\/api.w.org\/{rel}","templated":true}]}}