{"id":122,"date":"2021-12-14T19:40:09","date_gmt":"2021-12-14T19:40:09","guid":{"rendered":"http:\/\/keybox.nl\/?post_type=product&#038;p=122"},"modified":"2025-11-26T09:37:55","modified_gmt":"2025-11-26T09:37:55","slug":"keysecuritybox-ksb105","status":"publish","type":"product","link":"https:\/\/keybox.nl\/it\/prodotto\/keysecuritybox-ksb105\/","title":{"rendered":"Cassetta di sicurezza KSB105"},"content":{"rendered":"<h2>Il box Keysecurity KSB105<\/h2>\n<p>La soluzione pi\u00f9 semplice e sicura per depositare chiavi e keycard 24 ore su 24, 7 giorni su 7: questo dropbox intelligente, robusto e conveniente \u00e8 utilizzato da migliaia di aziende.<\/p>\n<p>Il KSB105 \u00e8 un solido palo di ancoraggio sul quale il <a href=\"http:\/\/keybox.nl\/it\/prodotto\/keysecuritybox-ksb103\/\" target=\"_blank\" rel=\"noopener\">KSB103<\/a> o KSB004 pu\u00f2 essere montato su di esso. Per l'installazione non sono necessarie fondamenta. Il palo \u00e8 ancorato in profondit\u00e0 nel terreno, nel calcestruzzo. Pu\u00f2 quindi essere utilizzato in molti luoghi. Ad esempio, dietro o davanti a una recinzione o vicino all'ingresso. L'installazione \u00e8 facile e veloce.<\/p>\n<p><img decoding=\"async\" class=\"alignnone size-medium wp-image-133\" src=\"http:\/\/keybox.nl\/wp-content\/uploads\/2021\/12\/KSB103-KSB005-2-225x300.jpg\" alt=\"\" width=\"225\" height=\"300\" \/><\/p>\n<p><strong>LA SOLUZIONE MIGLIORE PER SOCIET\u00c0 DI AUTONOLEGGIO, SOCIET\u00c0 DI LEASING, CONCESSIONARI D'AUTO, AZIENDE CON FLOTTE, CONCESSIONARI D'AUTO, CARROZZERIE, HOTEL E ALTRO ANCORA.<\/strong><\/p>\n<p><strong>Una selezione delle nostre referenze<\/strong><br \/>\nConcessionari auto: Audi, BMW, Chevolet, Citro\u00ebn, Fiat, Jaguar, Ford, Honda, Isuzu, Land Rover, MAN trucks, Mazda, Mercedes, Mitsubishi, Nissan, Tesla, Toyota, Opel, Peugeot, Rolls Royce, Renault, Saab, Porsche, Volvo, Volkswagen Noleggio auto: Avis, Hertz, Budget, Sixt, Europcar, Dockx, Thrifty, AVA Rent, Autorent, Drive Yourself, Bochane Rent, Oto2rent, Camion Rentals, Runner Trucks, Bultman Hertz Trasporti pubblici: Aeroporto Schiphol Amsterdam, Aeroporto di Rotterdam, Aeroporto di Eindhoven, Aeroporto di Groninga, Aeroporto di Maastricht, Aeroporto di Anversa, Aeroporto di Bruxelles, Aeroporto di Charleroi, Aeroport du Luxembourg, Stazione di Anversa Centrale Altro: Carglass, ING Car Lease, Runner Truck Lease &amp; Rental, Scheer en Foppen Logistics, Borent, Philips Lighting Company cars &amp; Trailer Service, Dura Vermeer Road Construction, Bosch Universal Car Companies, Profile Tyre Center.<\/p>\n<p><strong>Specifiche di KSB 101 e 102<\/strong><br \/>\nDimensioni: dimensioni esterne: 100 x 100 x 1500 (LxPxH)<br \/>\nPeso, compreso l'imballaggio: circa 18 kg<br \/>\nIstruzioni chiare per l'installazione<\/p>\n<p><strong>Materiale e finitura<\/strong><br \/>\nAcciaio al carbonio di alta qualit\u00e0 laminato a freddo<br \/>\nVerniciatura a polvere Dupont (Ral 9006)<br \/>\nAcciaio a parete spessa<br \/>\nRinforzo della base<\/p>","protected":false},"excerpt":{"rendered":"<h2>Cassetta di sicurezza KSB105<\/h2>\n<p>Adatto per ancorare i modelli KSB103 e KSB004 a un palo.<\/p>","protected":false},"featured_media":125,"comment_status":"open","ping_status":"closed","template":"","meta":[],"product_brand":[],"product_cat":[36],"product_tag":[25,24,21,20,22,23,26],"class_list":{"0":"post-122","1":"product","2":"type-product","3":"status-publish","4":"has-post-thumbnail","6":"product_cat-keysecuritybox-accessoires","7":"product_tag-afstortkluis","8":"product_tag-dropbox","9":"product_tag-keybox","10":"product_tag-keysecuritybox","11":"product_tag-ksb101","12":"product_tag-ksb102","13":"product_tag-sleutelafstortkluis","15":"first","16":"instock","17":"taxable","18":"shipping-taxable","19":"purchasable","20":"product-type-simple"},"yoast_head":"<!-- This site is optimized with the Yoast SEO plugin v27.4 - https:\/\/yoast.com\/product\/yoast-seo-wordpress\/ -->\n<title>Keysecuritybox KSB105 -<\/title>\n<meta name=\"robots\" content=\"index, follow, max-snippet:-1, max-image-preview:large, max-video-preview:-1\" \/>\n<link rel=\"canonical\" href=\"https:\/\/keybox.nl\/it\/prodotto\/keysecuritybox-ksb105\/\" \/>\n<meta property=\"og:locale\" content=\"it_IT\" \/>\n<meta property=\"og:type\" content=\"article\" \/>\n<meta property=\"og:title\" content=\"Keysecuritybox KSB105 -\" \/>\n<meta property=\"og:description\" content=\"Keysecuritybox KSB105 Geschikt voor het verankeren van model KSB103 en KSB004 op een paal.\" \/>\n<meta property=\"og:url\" content=\"https:\/\/keybox.nl\/it\/prodotto\/keysecuritybox-ksb105\/\" \/>\n<meta property=\"article:modified_time\" content=\"2025-11-26T09:37:55+00:00\" \/>\n<meta property=\"og:image\" content=\"http:\/\/keybox.nl\/wp-content\/uploads\/2021\/12\/KSB005-e1639511667630.png\" \/>\n\t<meta property=\"og:image:width\" content=\"487\" \/>\n\t<meta property=\"og:image:height\" content=\"487\" \/>\n\t<meta property=\"og:image:type\" content=\"image\/png\" \/>\n<meta name=\"twitter:card\" content=\"summary_large_image\" \/>\n<meta name=\"twitter:label1\" content=\"Tempo di lettura stimato\" \/>\n\t<meta name=\"twitter:data1\" content=\"2 minuti\" \/>\n<script type=\"application\/ld+json\" class=\"yoast-schema-graph\">{\"@context\":\"https:\\\/\\\/schema.org\",\"@graph\":[{\"@type\":\"WebPage\",\"@id\":\"https:\\\/\\\/keybox.nl\\\/product\\\/keysecuritybox-ksb105\\\/\",\"url\":\"https:\\\/\\\/keybox.nl\\\/product\\\/keysecuritybox-ksb105\\\/\",\"name\":\"Keysecuritybox KSB105 -\",\"isPartOf\":{\"@id\":\"https:\\\/\\\/keybox.nl\\\/#website\"},\"primaryImageOfPage\":{\"@id\":\"https:\\\/\\\/keybox.nl\\\/product\\\/keysecuritybox-ksb105\\\/#primaryimage\"},\"image\":{\"@id\":\"https:\\\/\\\/keybox.nl\\\/product\\\/keysecuritybox-ksb105\\\/#primaryimage\"},\"thumbnailUrl\":\"https:\\\/\\\/keybox.nl\\\/wp-content\\\/uploads\\\/2021\\\/12\\\/KSB005-e1639511667630.png\",\"datePublished\":\"2021-12-14T19:40:09+00:00\",\"dateModified\":\"2025-11-26T09:37:55+00:00\",\"breadcrumb\":{\"@id\":\"https:\\\/\\\/keybox.nl\\\/product\\\/keysecuritybox-ksb105\\\/#breadcrumb\"},\"inLanguage\":\"it-IT\",\"potentialAction\":[{\"@type\":\"ReadAction\",\"target\":[\"https:\\\/\\\/keybox.nl\\\/product\\\/keysecuritybox-ksb105\\\/\"]}]},{\"@type\":\"ImageObject\",\"inLanguage\":\"it-IT\",\"@id\":\"https:\\\/\\\/keybox.nl\\\/product\\\/keysecuritybox-ksb105\\\/#primaryimage\",\"url\":\"https:\\\/\\\/keybox.nl\\\/wp-content\\\/uploads\\\/2021\\\/12\\\/KSB005-e1639511667630.png\",\"contentUrl\":\"https:\\\/\\\/keybox.nl\\\/wp-content\\\/uploads\\\/2021\\\/12\\\/KSB005-e1639511667630.png\",\"width\":487,\"height\":487},{\"@type\":\"BreadcrumbList\",\"@id\":\"https:\\\/\\\/keybox.nl\\\/product\\\/keysecuritybox-ksb105\\\/#breadcrumb\",\"itemListElement\":[{\"@type\":\"ListItem\",\"position\":1,\"name\":\"Home\",\"item\":\"https:\\\/\\\/keybox.nl\\\/\"},{\"@type\":\"ListItem\",\"position\":2,\"name\":\"Beveiligde sleutelkastjes kopen\",\"item\":\"https:\\\/\\\/keybox.nl\\\/\"},{\"@type\":\"ListItem\",\"position\":3,\"name\":\"Keysecuritybox KSB105\"}]},{\"@type\":\"WebSite\",\"@id\":\"https:\\\/\\\/keybox.nl\\\/#website\",\"url\":\"https:\\\/\\\/keybox.nl\\\/\",\"name\":\"\",\"description\":\"\",\"potentialAction\":[{\"@type\":\"SearchAction\",\"target\":{\"@type\":\"EntryPoint\",\"urlTemplate\":\"https:\\\/\\\/keybox.nl\\\/?s={search_term_string}\"},\"query-input\":{\"@type\":\"PropertyValueSpecification\",\"valueRequired\":true,\"valueName\":\"search_term_string\"}}],\"inLanguage\":\"it-IT\"}]}<\/script>\n<!-- \/ Yoast SEO plugin. -->","yoast_head_json":{"title":"Cassetta di sicurezza KSB105 -","robots":{"index":"index","follow":"follow","max-snippet":"max-snippet:-1","max-image-preview":"max-image-preview:large","max-video-preview":"max-video-preview:-1"},"canonical":"https:\/\/keybox.nl\/it\/prodotto\/keysecuritybox-ksb105\/","og_locale":"it_IT","og_type":"article","og_title":"Keysecuritybox KSB105 -","og_description":"Keysecuritybox KSB105 Geschikt voor het verankeren van model KSB103 en KSB004 op een paal.","og_url":"https:\/\/keybox.nl\/it\/prodotto\/keysecuritybox-ksb105\/","article_modified_time":"2025-11-26T09:37:55+00:00","og_image":[{"width":487,"height":487,"url":"http:\/\/keybox.nl\/wp-content\/uploads\/2021\/12\/KSB005-e1639511667630.png","type":"image\/png"}],"twitter_card":"summary_large_image","twitter_misc":{"Tempo di lettura stimato":"2 minuti"},"schema":{"@context":"https:\/\/schema.org","@graph":[{"@type":"WebPage","@id":"https:\/\/keybox.nl\/product\/keysecuritybox-ksb105\/","url":"https:\/\/keybox.nl\/product\/keysecuritybox-ksb105\/","name":"Cassetta di sicurezza KSB105 -","isPartOf":{"@id":"https:\/\/keybox.nl\/#website"},"primaryImageOfPage":{"@id":"https:\/\/keybox.nl\/product\/keysecuritybox-ksb105\/#primaryimage"},"image":{"@id":"https:\/\/keybox.nl\/product\/keysecuritybox-ksb105\/#primaryimage"},"thumbnailUrl":"https:\/\/keybox.nl\/wp-content\/uploads\/2021\/12\/KSB005-e1639511667630.png","datePublished":"2021-12-14T19:40:09+00:00","dateModified":"2025-11-26T09:37:55+00:00","breadcrumb":{"@id":"https:\/\/keybox.nl\/product\/keysecuritybox-ksb105\/#breadcrumb"},"inLanguage":"it-IT","potentialAction":[{"@type":"ReadAction","target":["https:\/\/keybox.nl\/product\/keysecuritybox-ksb105\/"]}]},{"@type":"ImageObject","inLanguage":"it-IT","@id":"https:\/\/keybox.nl\/product\/keysecuritybox-ksb105\/#primaryimage","url":"https:\/\/keybox.nl\/wp-content\/uploads\/2021\/12\/KSB005-e1639511667630.png","contentUrl":"https:\/\/keybox.nl\/wp-content\/uploads\/2021\/12\/KSB005-e1639511667630.png","width":487,"height":487},{"@type":"BreadcrumbList","@id":"https:\/\/keybox.nl\/product\/keysecuritybox-ksb105\/#breadcrumb","itemListElement":[{"@type":"ListItem","position":1,"name":"Home","item":"https:\/\/keybox.nl\/"},{"@type":"ListItem","position":2,"name":"Beveiligde sleutelkastjes kopen","item":"https:\/\/keybox.nl\/"},{"@type":"ListItem","position":3,"name":"Keysecuritybox KSB105"}]},{"@type":"WebSite","@id":"https:\/\/keybox.nl\/#website","url":"https:\/\/keybox.nl\/","name":"","description":"","potentialAction":[{"@type":"SearchAction","target":{"@type":"EntryPoint","urlTemplate":"https:\/\/keybox.nl\/?s={search_term_string}"},"query-input":{"@type":"PropertyValueSpecification","valueRequired":true,"valueName":"search_term_string"}}],"inLanguage":"it-IT"}]}},"jetpack-related-posts":[{"id":109,"url":"https:\/\/keybox.nl\/it\/prodotto\/keysecuritybox-sleutelkluis-ksb103\/","url_meta":{"origin":122,"position":0},"title":"Cassaforte per chiavi KSB103","author":"Keybox@beheermodule","date":"4 Dicembre 2021","format":false,"excerpt":"Cassetta di sicurezza KSB103 Per il montaggio su palo (KSB005) o console KSB106","rel":"","context":"Articolo simile","block_context":{"text":"Articolo simile","link":""},"img":{"alt_text":"","src":"https:\/\/i0.wp.com\/keybox.nl\/wp-content\/uploads\/2021\/11\/KSB_101_3-scaled-e1638352491754.jpg?resize=350%2C200&ssl=1","width":350,"height":200},"classes":[]},{"id":115,"url":"https:\/\/keybox.nl\/it\/prodotto\/keysecuritybox-sleutelkluis-ksb103a\/","url_meta":{"origin":122,"position":1},"title":"Keysecuritybox KSB103A cassaforte per chiavi extra blindata","author":"Keybox@beheermodule","date":"4 Dicembre 2021","format":false,"excerpt":"Cassetta di sicurezza KSB103A con armatura supplementare. La KSB103A \u00e8 dotata di un'armatura aggiuntiva. All'interno della cassaforte \u00e8 presente una cassaforte interna aggiuntiva in acciaio speciale che garantisce una maggiore protezione contro gli attacchi. Per il montaggio su palo (KSB005) o sulla console KSB106.","rel":"","context":"Articolo simile","block_context":{"text":"Articolo simile","link":""},"img":{"alt_text":"","src":"https:\/\/i0.wp.com\/keybox.nl\/wp-content\/uploads\/2021\/11\/KSB_101_3-scaled-e1638352491754.jpg?resize=350%2C200&ssl=1","width":350,"height":200},"classes":[]},{"id":184,"url":"https:\/\/keybox.nl\/it\/prodotto\/keysecuritybox-ksb106\/","url_meta":{"origin":122,"position":2},"title":"Cassetta di sicurezza KSB106","author":"Keybox@beheermodule","date":"26 Gennaio 2022","format":false,"excerpt":"Cassetta di sicurezza KSB106 \u00a0","rel":"","context":"Articolo simile","block_context":{"text":"Articolo simile","link":""},"img":{"alt_text":"","src":"https:\/\/i0.wp.com\/keybox.nl\/wp-content\/uploads\/2022\/01\/MG_3154-scaled-e1643377303706.jpg?resize=350%2C200&ssl=1","width":350,"height":200,"srcset":"https:\/\/i0.wp.com\/keybox.nl\/wp-content\/uploads\/2022\/01\/MG_3154-scaled-e1643377303706.jpg?resize=350%2C200&ssl=1 1x, https:\/\/i0.wp.com\/keybox.nl\/wp-content\/uploads\/2022\/01\/MG_3154-scaled-e1643377303706.jpg?resize=525%2C300&ssl=1 1.5x, https:\/\/i0.wp.com\/keybox.nl\/wp-content\/uploads\/2022\/01\/MG_3154-scaled-e1643377303706.jpg?resize=700%2C400&ssl=1 2x"},"classes":[]},{"id":193,"url":"https:\/\/keybox.nl\/it\/prodotto\/keysecuritybox-sleutelkluis-ksb107\/","url_meta":{"origin":122,"position":3},"title":"Cassaforte per chiavi KSB107","author":"Keybox@beheermodule","date":"28 Gennaio 2022","format":false,"excerpt":"Cassetta di sicurezza per chiavi KSB107 Il KSB107 pu\u00f2 essere installato in una parete\/muro ed \u00e8 estremamente sicuro. Apertura a rotolo L44, H64, P 124 mm.","rel":"","context":"Articolo simile","block_context":{"text":"Articolo simile","link":""},"img":{"alt_text":"","src":"https:\/\/i0.wp.com\/keybox.nl\/wp-content\/uploads\/2022\/01\/Ksb007-5-225x300.jpg?resize=350%2C200","width":350,"height":200},"classes":[]},{"id":201,"url":"https:\/\/keybox.nl\/it\/prodotto\/keysecuritybox-sleutelkluis-ksb107-wl\/","url_meta":{"origin":122,"position":4},"title":"Cassaforte per chiavi KSB107 W","author":"Keybox@beheermodule","date":"28 Gennaio 2022","format":false,"excerpt":"Cassetta di sicurezza per chiavi KSB107 XL Il KSB107 pu\u00f2 essere installato in una parete\/muro ed \u00e8 estremamente sicuro. Apertura a rotolo L66, H64, P 124 mm.","rel":"","context":"Articolo simile","block_context":{"text":"Articolo simile","link":""},"img":{"alt_text":"","src":"https:\/\/i0.wp.com\/keybox.nl\/wp-content\/uploads\/2022\/01\/Keysecuritybox-KSB107XL-300x300.jpg?resize=350%2C200","width":350,"height":200},"classes":[]},{"id":72,"url":"https:\/\/keybox.nl\/it\/prodotto\/keysecuritybox-sleutelkluis-ksb101a-ksb102a\/","url_meta":{"origin":122,"position":5},"title":"Cassetta di sicurezza per chiavi KSB101A, KSB102A cassaforte blindata aggiuntiva per chiavi","author":"Keybox@beheermodule","date":"1 Dicembre 2021","format":false,"excerpt":"Keysecuritybox KSB101A e KSB102A I modelli KSB101A e 102A sono dotati di un'armatura aggiuntiva. All'interno della cassaforte \u00e8 presente una cassaforte interna aggiuntiva in acciaio speciale che garantisce una maggiore protezione contro gli attacchi. Una cassaforte in due versioni: ruota di deposito sinistra o destra","rel":"","context":"Con 1 commento","block_context":{"text":"Con 1 commento","link":"https:\/\/keybox.nl\/it\/prodotto\/keysecuritybox-sleutelkluis-ksb101a-ksb102a\/#comments"},"img":{"alt_text":"","src":"https:\/\/i0.wp.com\/keybox.nl\/wp-content\/uploads\/2021\/11\/KSB_101_3-scaled-e1638352491754.jpg?resize=350%2C200&ssl=1","width":350,"height":200},"classes":[]}],"jetpack_sharing_enabled":true,"_links":{"self":[{"href":"https:\/\/keybox.nl\/it\/wp-json\/wp\/v2\/product\/122","targetHints":{"allow":["GET"]}}],"collection":[{"href":"https:\/\/keybox.nl\/it\/wp-json\/wp\/v2\/product"}],"about":[{"href":"https:\/\/keybox.nl\/it\/wp-json\/wp\/v2\/types\/product"}],"replies":[{"embeddable":true,"href":"https:\/\/keybox.nl\/it\/wp-json\/wp\/v2\/comments?post=122"}],"wp:featuredmedia":[{"embeddable":true,"href":"https:\/\/keybox.nl\/it\/wp-json\/wp\/v2\/media\/125"}],"wp:attachment":[{"href":"https:\/\/keybox.nl\/it\/wp-json\/wp\/v2\/media?parent=122"}],"wp:term":[{"taxonomy":"product_brand","embeddable":true,"href":"https:\/\/keybox.nl\/it\/wp-json\/wp\/v2\/product_brand?post=122"},{"taxonomy":"product_cat","embeddable":true,"href":"https:\/\/keybox.nl\/it\/wp-json\/wp\/v2\/product_cat?post=122"},{"taxonomy":"product_tag","embeddable":true,"href":"https:\/\/keybox.nl\/it\/wp-json\/wp\/v2\/product_tag?post=122"}],"curies":[{"name":"wp","href":"https:\/\/api.w.org\/{rel}","templated":true}]}}