{"id":1171,"date":"2022-12-09T14:50:43","date_gmt":"2022-12-09T14:50:43","guid":{"rendered":"http:\/\/keybox.nl\/?post_type=product&#038;p=1171"},"modified":"2022-12-09T14:50:43","modified_gmt":"2022-12-09T14:50:43","slug":"keysafe-slimline","status":"publish","type":"product","link":"https:\/\/keybox.nl\/it\/prodotto\/keysafe-slimline\/","title":{"rendered":"Keysafe Slimline"},"content":{"rendered":"<h2>Cassaforte per chiavi Slimline<\/h2>\n<p>La KeySafe Slimline pu\u00f2 essere facilmente fissata a qualsiasi parete o superficie piana, compresi i materiali di fissaggio. Questa versione compatta ha spazio per due chiavi. Ideale per:<\/p>\n<p>Accesso al doposcuola per i bambini<br \/>\nAccesso di emergenza per anziani e bisognosi<br \/>\nImpedisce di rimanere chiusi fuori<br \/>\nAccesso per gli affittuari come Airbnb, case vacanze<br \/>\nAccesso per i membri dell'associazione o del club<\/p>\n<p>KeySafe Slimline<br \/>\nConsentite l'accesso a tutte le persone autorizzate senza dover duplicare, dividere e rintracciare le chiavi fisiche. \u00c8 sufficiente cambiare il codice quando \u00e8 necessario modificare l'accesso alle chiavi. Slimline \u00e8 dotato di un vano interno sufficientemente grande per due chiavi e di un frontalino a incastro per evitare manomissioni. Il materiale di fissaggio \u00e8 incluso.<\/p>\n<p>Dimensioni esterne (L x A x P in mm) 59x100x41<br \/>\nDimensioni interne (L x A x P in mm) 38x76x12<br \/>\nPeso (in kg) 0,57<\/p>\n<p>Manuale d'uso<br \/>\nPremere ogni volta il pulsante di cancellazione prima di creare il codice. Digitare il codice.<br \/>\nPremere il pulsante \"open\" per sbloccare il coperchio. Estrarre la chiave dalla scatola.<\/p>\n<p>Quando si chiude, per reinserirla nella KEYSAFE, ripetere il codice, premere il pulsante \"open\", reinserire la chiave e poi il coperchio, rilasciare il pulsante \"open\". La KEYSAFE si chiuder\u00e0 nuovamente con la chiave inserita.<\/p>\n<p><img decoding=\"async\" class=\"alignleft size-medium wp-image-1178\" src=\"http:\/\/keybox.nl\/wp-content\/uploads\/2022\/12\/Keybox_Slim_line_Keysafe_7-300x121.png\" alt=\"\" width=\"300\" height=\"121\" srcset=\"https:\/\/keybox.nl\/wp-content\/uploads\/2022\/12\/Keybox_Slim_line_Keysafe_7-300x121.png 300w, https:\/\/keybox.nl\/wp-content\/uploads\/2022\/12\/Keybox_Slim_line_Keysafe_7-416x168.png 416w, https:\/\/keybox.nl\/wp-content\/uploads\/2022\/12\/Keybox_Slim_line_Keysafe_7.png 499w\" sizes=\"(max-width: 300px) 100vw, 300px\" \/><\/p>\n<p>&nbsp;<\/p>\n<p>&nbsp;<\/p>\n<p>&nbsp;<\/p>\n<p>Modifica del codice<br \/>\n<img decoding=\"async\" class=\"alignleft size-medium wp-image-1177\" src=\"http:\/\/keybox.nl\/wp-content\/uploads\/2022\/12\/Keybox_Slim_line_Keysafe_6-300x196.png\" alt=\"\" width=\"300\" height=\"196\" srcset=\"https:\/\/keybox.nl\/wp-content\/uploads\/2022\/12\/Keybox_Slim_line_Keysafe_6-300x196.png 300w, https:\/\/keybox.nl\/wp-content\/uploads\/2022\/12\/Keybox_Slim_line_Keysafe_6.png 400w\" sizes=\"(max-width: 300px) 100vw, 300px\" \/><\/p>","protected":false},"excerpt":{"rendered":"<p>Sempre accessibile con il Keysafe Slimline<\/p>","protected":false},"featured_media":1172,"comment_status":"open","ping_status":"closed","template":"","meta":[],"product_brand":[],"product_cat":[19],"product_tag":[66,65,61,63,64,62],"class_list":{"0":"post-1171","1":"product","2":"type-product","3":"status-publish","4":"has-post-thumbnail","6":"product_cat-keysafe","7":"product_tag-cijfercombinatie","8":"product_tag-cijferslot","9":"product_tag-keysafe","10":"product_tag-line","11":"product_tag-sleutelkluisje","12":"product_tag-slim","14":"first","15":"instock","16":"taxable","17":"shipping-taxable","18":"purchasable","19":"product-type-simple"},"yoast_head":"<!-- This site is optimized with the Yoast SEO plugin v27.4 - https:\/\/yoast.com\/product\/yoast-seo-wordpress\/ -->\n<title>Keysafe Slimline -<\/title>\n<meta name=\"robots\" content=\"index, follow, max-snippet:-1, max-image-preview:large, max-video-preview:-1\" \/>\n<link rel=\"canonical\" href=\"https:\/\/keybox.nl\/it\/prodotto\/keysafe-slimline\/\" \/>\n<meta property=\"og:locale\" content=\"it_IT\" \/>\n<meta property=\"og:type\" content=\"article\" \/>\n<meta property=\"og:title\" content=\"Keysafe Slimline -\" \/>\n<meta property=\"og:description\" content=\"Altijd toegang met de Keysafe Slimline\" \/>\n<meta property=\"og:url\" content=\"https:\/\/keybox.nl\/it\/prodotto\/keysafe-slimline\/\" \/>\n<meta property=\"og:image\" content=\"https:\/\/keybox.nl\/wp-content\/uploads\/2022\/12\/Keysafe_Slim_line_Keybox.jpeg\" \/>\n\t<meta property=\"og:image:width\" content=\"1000\" \/>\n\t<meta property=\"og:image:height\" content=\"1300\" \/>\n\t<meta property=\"og:image:type\" content=\"image\/jpeg\" \/>\n<meta name=\"twitter:card\" content=\"summary_large_image\" \/>\n<meta name=\"twitter:label1\" content=\"Tempo di lettura stimato\" \/>\n\t<meta name=\"twitter:data1\" content=\"2 minuti\" \/>\n<script type=\"application\/ld+json\" class=\"yoast-schema-graph\">{\"@context\":\"https:\\\/\\\/schema.org\",\"@graph\":[{\"@type\":\"WebPage\",\"@id\":\"https:\\\/\\\/keybox.nl\\\/product\\\/keysafe-slimline\\\/\",\"url\":\"https:\\\/\\\/keybox.nl\\\/product\\\/keysafe-slimline\\\/\",\"name\":\"Keysafe Slimline -\",\"isPartOf\":{\"@id\":\"https:\\\/\\\/keybox.nl\\\/#website\"},\"primaryImageOfPage\":{\"@id\":\"https:\\\/\\\/keybox.nl\\\/product\\\/keysafe-slimline\\\/#primaryimage\"},\"image\":{\"@id\":\"https:\\\/\\\/keybox.nl\\\/product\\\/keysafe-slimline\\\/#primaryimage\"},\"thumbnailUrl\":\"https:\\\/\\\/keybox.nl\\\/wp-content\\\/uploads\\\/2022\\\/12\\\/Keysafe_Slim_line_Keybox.jpeg\",\"datePublished\":\"2022-12-09T14:50:43+00:00\",\"breadcrumb\":{\"@id\":\"https:\\\/\\\/keybox.nl\\\/product\\\/keysafe-slimline\\\/#breadcrumb\"},\"inLanguage\":\"it-IT\",\"potentialAction\":[{\"@type\":\"ReadAction\",\"target\":[\"https:\\\/\\\/keybox.nl\\\/product\\\/keysafe-slimline\\\/\"]}]},{\"@type\":\"ImageObject\",\"inLanguage\":\"it-IT\",\"@id\":\"https:\\\/\\\/keybox.nl\\\/product\\\/keysafe-slimline\\\/#primaryimage\",\"url\":\"https:\\\/\\\/keybox.nl\\\/wp-content\\\/uploads\\\/2022\\\/12\\\/Keysafe_Slim_line_Keybox.jpeg\",\"contentUrl\":\"https:\\\/\\\/keybox.nl\\\/wp-content\\\/uploads\\\/2022\\\/12\\\/Keysafe_Slim_line_Keybox.jpeg\",\"width\":1000,\"height\":1300,\"caption\":\"Keysafe Slim line\"},{\"@type\":\"BreadcrumbList\",\"@id\":\"https:\\\/\\\/keybox.nl\\\/product\\\/keysafe-slimline\\\/#breadcrumb\",\"itemListElement\":[{\"@type\":\"ListItem\",\"position\":1,\"name\":\"Home\",\"item\":\"https:\\\/\\\/keybox.nl\\\/\"},{\"@type\":\"ListItem\",\"position\":2,\"name\":\"Beveiligde sleutelkastjes kopen\",\"item\":\"https:\\\/\\\/keybox.nl\\\/\"},{\"@type\":\"ListItem\",\"position\":3,\"name\":\"Keysafe Slimline\"}]},{\"@type\":\"WebSite\",\"@id\":\"https:\\\/\\\/keybox.nl\\\/#website\",\"url\":\"https:\\\/\\\/keybox.nl\\\/\",\"name\":\"\",\"description\":\"\",\"potentialAction\":[{\"@type\":\"SearchAction\",\"target\":{\"@type\":\"EntryPoint\",\"urlTemplate\":\"https:\\\/\\\/keybox.nl\\\/?s={search_term_string}\"},\"query-input\":{\"@type\":\"PropertyValueSpecification\",\"valueRequired\":true,\"valueName\":\"search_term_string\"}}],\"inLanguage\":\"it-IT\"}]}<\/script>\n<!-- \/ Yoast SEO plugin. -->","yoast_head_json":{"title":"Keysafe Slimline -","robots":{"index":"index","follow":"follow","max-snippet":"max-snippet:-1","max-image-preview":"max-image-preview:large","max-video-preview":"max-video-preview:-1"},"canonical":"https:\/\/keybox.nl\/it\/prodotto\/keysafe-slimline\/","og_locale":"it_IT","og_type":"article","og_title":"Keysafe Slimline -","og_description":"Altijd toegang met de Keysafe Slimline","og_url":"https:\/\/keybox.nl\/it\/prodotto\/keysafe-slimline\/","og_image":[{"width":1000,"height":1300,"url":"https:\/\/keybox.nl\/wp-content\/uploads\/2022\/12\/Keysafe_Slim_line_Keybox.jpeg","type":"image\/jpeg"}],"twitter_card":"summary_large_image","twitter_misc":{"Tempo di lettura stimato":"2 minuti"},"schema":{"@context":"https:\/\/schema.org","@graph":[{"@type":"WebPage","@id":"https:\/\/keybox.nl\/product\/keysafe-slimline\/","url":"https:\/\/keybox.nl\/product\/keysafe-slimline\/","name":"Keysafe Slimline -","isPartOf":{"@id":"https:\/\/keybox.nl\/#website"},"primaryImageOfPage":{"@id":"https:\/\/keybox.nl\/product\/keysafe-slimline\/#primaryimage"},"image":{"@id":"https:\/\/keybox.nl\/product\/keysafe-slimline\/#primaryimage"},"thumbnailUrl":"https:\/\/keybox.nl\/wp-content\/uploads\/2022\/12\/Keysafe_Slim_line_Keybox.jpeg","datePublished":"2022-12-09T14:50:43+00:00","breadcrumb":{"@id":"https:\/\/keybox.nl\/product\/keysafe-slimline\/#breadcrumb"},"inLanguage":"it-IT","potentialAction":[{"@type":"ReadAction","target":["https:\/\/keybox.nl\/product\/keysafe-slimline\/"]}]},{"@type":"ImageObject","inLanguage":"it-IT","@id":"https:\/\/keybox.nl\/product\/keysafe-slimline\/#primaryimage","url":"https:\/\/keybox.nl\/wp-content\/uploads\/2022\/12\/Keysafe_Slim_line_Keybox.jpeg","contentUrl":"https:\/\/keybox.nl\/wp-content\/uploads\/2022\/12\/Keysafe_Slim_line_Keybox.jpeg","width":1000,"height":1300,"caption":"Keysafe Slim line"},{"@type":"BreadcrumbList","@id":"https:\/\/keybox.nl\/product\/keysafe-slimline\/#breadcrumb","itemListElement":[{"@type":"ListItem","position":1,"name":"Home","item":"https:\/\/keybox.nl\/"},{"@type":"ListItem","position":2,"name":"Beveiligde sleutelkastjes kopen","item":"https:\/\/keybox.nl\/"},{"@type":"ListItem","position":3,"name":"Keysafe Slimline"}]},{"@type":"WebSite","@id":"https:\/\/keybox.nl\/#website","url":"https:\/\/keybox.nl\/","name":"","description":"","potentialAction":[{"@type":"SearchAction","target":{"@type":"EntryPoint","urlTemplate":"https:\/\/keybox.nl\/?s={search_term_string}"},"query-input":{"@type":"PropertyValueSpecification","valueRequired":true,"valueName":"search_term_string"}}],"inLanguage":"it-IT"}]}},"jetpack-related-posts":[{"id":1796,"url":"https:\/\/keybox.nl\/it\/prodotto\/keysafe-key-cabinet\/","url_meta":{"origin":1171,"position":0},"title":"Armadietto portachiavi Keysafe","author":"Elric Drost","date":"18 Dicembre 2024","format":false,"excerpt":"Touchpoint PRO di Kidde 30\/60\/120 chiavi","rel":"","context":"Articolo simile","block_context":{"text":"Articolo simile","link":""},"img":{"alt_text":"","src":"https:\/\/i0.wp.com\/keybox.nl\/wp-content\/uploads\/2024\/12\/Keysafe-cabinet-30-Keybox-open-298x300.jpg?resize=350%2C200","width":350,"height":200},"classes":[]},{"id":1179,"url":"https:\/\/keybox.nl\/it\/prodotto\/keysafe-original\/","url_meta":{"origin":1171,"position":1},"title":"Keysafe originale","author":"Keybox@beheermodule","date":"9 Dicembre 2022","format":false,"excerpt":"Keysafe Original per 5 chiavi Se per entrare in una stanza sono necessarie pi\u00f9 chiavi, l'ampia capacit\u00e0 di KeySafe\u2122 Original consente di conservarle tutte in un'unica posizione con un codice di accesso facile da usare. KeySafe Original \u00e8 in grado di contenere pi\u00f9 chiavi ed \u00e8 abbastanza capiente per le key card....","rel":"","context":"Articolo simile","block_context":{"text":"Articolo simile","link":""},"img":{"alt_text":"","src":"https:\/\/i0.wp.com\/keybox.nl\/wp-content\/uploads\/2022\/12\/Keysafe_Original_keybox_sleutelkluis.jpg?resize=350%2C200&ssl=1","width":350,"height":200,"srcset":"https:\/\/i0.wp.com\/keybox.nl\/wp-content\/uploads\/2022\/12\/Keysafe_Original_keybox_sleutelkluis.jpg?resize=350%2C200&ssl=1 1x, https:\/\/i0.wp.com\/keybox.nl\/wp-content\/uploads\/2022\/12\/Keysafe_Original_keybox_sleutelkluis.jpg?resize=525%2C300&ssl=1 1.5x, https:\/\/i0.wp.com\/keybox.nl\/wp-content\/uploads\/2022\/12\/Keysafe_Original_keybox_sleutelkluis.jpg?resize=700%2C400&ssl=1 2x"},"classes":[]},{"id":1812,"url":"https:\/\/keybox.nl\/it\/prodotto\/drs-vector-combi-keysafe\/","url_meta":{"origin":1171,"position":2},"title":"DRS Vector Combi Keysafe","author":"Elric Drost","date":"21 Gennaio 2025","format":false,"excerpt":"Perfetto per l'uso professionale.","rel":"","context":"Articolo simile","block_context":{"text":"Articolo simile","link":""},"img":{"alt_text":"","src":"https:\/\/i0.wp.com\/keybox.nl\/wp-content\/uploads\/2025\/01\/DRS-Vector-Combi-Keysafe-keybox.jpg?resize=350%2C200&ssl=1","width":350,"height":200,"srcset":"https:\/\/i0.wp.com\/keybox.nl\/wp-content\/uploads\/2025\/01\/DRS-Vector-Combi-Keysafe-keybox.jpg?resize=350%2C200&ssl=1 1x, https:\/\/i0.wp.com\/keybox.nl\/wp-content\/uploads\/2025\/01\/DRS-Vector-Combi-Keysafe-keybox.jpg?resize=525%2C300&ssl=1 1.5x, https:\/\/i0.wp.com\/keybox.nl\/wp-content\/uploads\/2025\/01\/DRS-Vector-Combi-Keysafe-keybox.jpg?resize=700%2C400&ssl=1 2x, https:\/\/i0.wp.com\/keybox.nl\/wp-content\/uploads\/2025\/01\/DRS-Vector-Combi-Keysafe-keybox.jpg?resize=1050%2C600&ssl=1 3x"},"classes":[]},{"id":1822,"url":"https:\/\/keybox.nl\/it\/prodotto\/keysafe-gce\/","url_meta":{"origin":1171,"position":3},"title":"Keysafe GCE","author":"Elric Drost","date":"26 Gennaio 2025","format":false,"excerpt":"Scegliete tra 3 modelli.","rel":"","context":"Articolo simile","block_context":{"text":"Articolo simile","link":""},"img":{"alt_text":"","src":"https:\/\/i0.wp.com\/keybox.nl\/wp-content\/uploads\/2025\/01\/9858a0f7e85097eb90f56de1f00f8269.jpg?resize=350%2C200&ssl=1","width":350,"height":200,"srcset":"https:\/\/i0.wp.com\/keybox.nl\/wp-content\/uploads\/2025\/01\/9858a0f7e85097eb90f56de1f00f8269.jpg?resize=350%2C200&ssl=1 1x, https:\/\/i0.wp.com\/keybox.nl\/wp-content\/uploads\/2025\/01\/9858a0f7e85097eb90f56de1f00f8269.jpg?resize=525%2C300&ssl=1 1.5x, https:\/\/i0.wp.com\/keybox.nl\/wp-content\/uploads\/2025\/01\/9858a0f7e85097eb90f56de1f00f8269.jpg?resize=700%2C400&ssl=1 2x, https:\/\/i0.wp.com\/keybox.nl\/wp-content\/uploads\/2025\/01\/9858a0f7e85097eb90f56de1f00f8269.jpg?resize=1050%2C600&ssl=1 3x, https:\/\/i0.wp.com\/keybox.nl\/wp-content\/uploads\/2025\/01\/9858a0f7e85097eb90f56de1f00f8269.jpg?resize=1400%2C800&ssl=1 4x"},"classes":[]},{"id":1775,"url":"https:\/\/keybox.nl\/it\/prodotto\/keysafe-pro-original\/","url_meta":{"origin":1171,"position":4},"title":"Keysafe Pro originale","author":"Elric Drost","date":"5 Dicembre 2024","format":false,"excerpt":"KEYSAFE Pro Original \u00e8 un robusto armadietto per 5 chiavi standard.","rel":"","context":"Articolo simile","block_context":{"text":"Articolo simile","link":""},"img":{"alt_text":"","src":"https:\/\/i0.wp.com\/keybox.nl\/wp-content\/uploads\/2024\/12\/keysafe-pro-original-sleutelkluisje.jpg?resize=350%2C200&ssl=1","width":350,"height":200},"classes":[]},{"id":1782,"url":"https:\/\/keybox.nl\/it\/prodotto\/keysafe-p500\/","url_meta":{"origin":1171,"position":5},"title":"Keysafe P500","author":"Elric Drost","date":"13 Dicembre 2024","format":false,"excerpt":"Il mini-armadio per chiavi pi\u00f9 sicuro del mercato.","rel":"","context":"Articolo simile","block_context":{"text":"Articolo simile","link":""},"img":{"alt_text":"","src":"https:\/\/i0.wp.com\/keybox.nl\/wp-content\/uploads\/2024\/12\/boite-a-cle-keysafe-pro-grand-format.jpg?resize=350%2C200&ssl=1","width":350,"height":200},"classes":[]}],"jetpack_sharing_enabled":true,"_links":{"self":[{"href":"https:\/\/keybox.nl\/it\/wp-json\/wp\/v2\/product\/1171","targetHints":{"allow":["GET"]}}],"collection":[{"href":"https:\/\/keybox.nl\/it\/wp-json\/wp\/v2\/product"}],"about":[{"href":"https:\/\/keybox.nl\/it\/wp-json\/wp\/v2\/types\/product"}],"replies":[{"embeddable":true,"href":"https:\/\/keybox.nl\/it\/wp-json\/wp\/v2\/comments?post=1171"}],"wp:featuredmedia":[{"embeddable":true,"href":"https:\/\/keybox.nl\/it\/wp-json\/wp\/v2\/media\/1172"}],"wp:attachment":[{"href":"https:\/\/keybox.nl\/it\/wp-json\/wp\/v2\/media?parent=1171"}],"wp:term":[{"taxonomy":"product_brand","embeddable":true,"href":"https:\/\/keybox.nl\/it\/wp-json\/wp\/v2\/product_brand?post=1171"},{"taxonomy":"product_cat","embeddable":true,"href":"https:\/\/keybox.nl\/it\/wp-json\/wp\/v2\/product_cat?post=1171"},{"taxonomy":"product_tag","embeddable":true,"href":"https:\/\/keybox.nl\/it\/wp-json\/wp\/v2\/product_tag?post=1171"}],"curies":[{"name":"wp","href":"https:\/\/api.w.org\/{rel}","templated":true}]}}