{"id":543,"date":"2022-03-11T10:26:49","date_gmt":"2022-03-11T10:26:49","guid":{"rendered":"http:\/\/keybox.nl\/?page_id=543"},"modified":"2023-07-25T09:04:11","modified_gmt":"2023-07-25T09:04:11","slug":"inbraakwerende-kluis-kopen","status":"publish","type":"page","link":"https:\/\/keybox.nl\/it\/inbraakwerende-kluis-kopen\/","title":{"rendered":"Acquistare una cassaforte a prova di scasso"},"content":{"rendered":"<div class=\"wp-block-cover alignfull\" style=\"min-height:200px;aspect-ratio:unset;\"><span aria-hidden=\"true\" class=\"wp-block-cover__background has-background-dim-60 has-background-dim\"><\/span><img decoding=\"async\" width=\"1920\" height=\"2560\" class=\"wp-block-cover__image-background wp-image-126\" alt=\"Kluis\" src=\"http:\/\/keybox.nl\/wp-content\/uploads\/2021\/12\/KSB103-KSB005-4-scaled.jpg\" style=\"object-position:50% 50%\" data-object-fit=\"cover\" data-object-position=\"50% 50%\" srcset=\"https:\/\/keybox.nl\/wp-content\/uploads\/2021\/12\/KSB103-KSB005-4-scaled.jpg 1920w, https:\/\/keybox.nl\/wp-content\/uploads\/2021\/12\/KSB103-KSB005-4-416x555.jpg 416w, https:\/\/keybox.nl\/wp-content\/uploads\/2021\/12\/KSB103-KSB005-4-225x300.jpg 225w, https:\/\/keybox.nl\/wp-content\/uploads\/2021\/12\/KSB103-KSB005-4-768x1024.jpg 768w, https:\/\/keybox.nl\/wp-content\/uploads\/2021\/12\/KSB103-KSB005-4-1152x1536.jpg 1152w, https:\/\/keybox.nl\/wp-content\/uploads\/2021\/12\/KSB103-KSB005-4-1536x2048.jpg 1536w, https:\/\/keybox.nl\/wp-content\/uploads\/2021\/12\/KSB103-KSB005-4-1320x1760.jpg 1320w\" sizes=\"(max-width: 1920px) 100vw, 1920px\" \/><div class=\"wp-block-cover__inner-container is-layout-flow wp-block-cover-is-layout-flow\">\n<h1 class=\"wp-block-heading alignwide has-text-align-left has-white-color has-text-color\" style=\"font-size:40px\">Acquisto di una cassaforte resistente e a prova di scasso<\/h1>\n\n\n\n<div class=\"wp-block-columns alignwide is-layout-flex wp-container-core-columns-is-layout-28f84493 wp-block-columns-is-layout-flex\">\n<div class=\"wp-block-column is-layout-flow wp-block-column-is-layout-flow\" style=\"flex-basis:55%\">\n<div class=\"wp-block-buttons is-layout-flex wp-block-buttons-is-layout-flex\">\n<div class=\"wp-block-button cta-knop alignleft\"><a class=\"wp-block-button__link has-black-color has-white-background-color has-text-color has-background wp-element-button\" href=\"http:\/\/keybox.nl\/it\/\">Al webshop!<\/a><\/div>\n<\/div>\n<\/div>\n<\/div>\n<\/div><\/div>\n\n\n\n<div style=\"height:50px\" aria-hidden=\"true\" class=\"wp-block-spacer\"><\/div>\n\n\n\n<div class=\"wp-block-group alignfull is-content-justification-center is-layout-flex wp-container-core-group-is-layout-81a7f686 wp-block-group-is-layout-flex\">\n<p class=\"usps has-normal-font-size\">\u2713 Facile da usare<\/p>\n\n\n\n<p>\u2713 Resistente e sicuro<\/p>\n\n\n\n<p>\u2713 Vari modelli<\/p>\n<\/div>\n\n\n\n<style>\nh1.entry-title {\ndisplay: none;\n}\n\n.cta-knop {\nmargin-left: 35px !important;\n}\n\n.cta-knop:hover {\nopacity: 0.75;\n}\n\n@media only screen and (max-width: 1064px) {\n.cta-knop {\nmargin-left: 0px !important;\n}\n\n.wp-block-group.alignfull {\n    display: flex;\n    flex-direction: column;\n}\n}\n<\/style>\n\n\n\n<div style=\"height:100px\" aria-hidden=\"true\" class=\"wp-block-spacer\"><\/div>\n\n\n\n<p class=\"has-text-align-left align-left has-black-color has-text-color has-normal-font-size\">Acquistare una cassaforte a prova di scasso per i propri oggetti di valore \u00e8 importante. Perch\u00e9 li protegge in modo eccellente da vari tipi di furto. Su Keybox.it acquistate una cassaforte a prova di scasso per le vostre chiavi, che potrete montare in vari modi. Grazie al sistema di deposito intelligente, le vostre chiavi sono protette dagli attacchi 24 ore su 24, 7 giorni su 7.<\/p>\n\n\n\n<div style=\"height:100px\" aria-hidden=\"true\" class=\"wp-block-spacer\"><\/div>\n\n\n\n<div class=\"wp-block-group is-content-justification-center is-layout-flex wp-container-core-group-is-layout-81a7f686 wp-block-group-is-layout-flex\">\n<div class=\"wp-block-media-text alignwide is-stacked-on-mobile is-vertically-aligned-center\" style=\"grid-template-columns:40% auto\"><figure class=\"wp-block-media-text__media\"><img decoding=\"async\" width=\"788\" height=\"1024\" src=\"http:\/\/keybox.nl\/wp-content\/uploads\/2022\/12\/Keysafe_Slim_line_Keybox-788x1024.jpeg\" alt=\"Keysafe Slim line\" class=\"wp-image-1172 size-full\" srcset=\"https:\/\/keybox.nl\/wp-content\/uploads\/2022\/12\/Keysafe_Slim_line_Keybox-788x1024.jpeg 788w, https:\/\/keybox.nl\/wp-content\/uploads\/2022\/12\/Keysafe_Slim_line_Keybox-416x541.jpeg 416w, https:\/\/keybox.nl\/wp-content\/uploads\/2022\/12\/Keysafe_Slim_line_Keybox-231x300.jpeg 231w, https:\/\/keybox.nl\/wp-content\/uploads\/2022\/12\/Keysafe_Slim_line_Keybox-768x998.jpeg 768w, https:\/\/keybox.nl\/wp-content\/uploads\/2022\/12\/Keysafe_Slim_line_Keybox.jpeg 1000w\" sizes=\"(max-width: 788px) 100vw, 788px\" \/><\/figure><div class=\"wp-block-media-text__content\">\n<h2 class=\"wp-block-heading has-text-color\" style=\"color:#000000;font-size:32px\">Acquistare una cassaforte a prova di scasso per le vostre chiavi<\/h2>\n\n\n\n<p class=\"has-text-color has-normal-font-size\" style=\"color:#000000\">In linea di principio, ogni cassaforte \u00e8 resistente all'effrazione. Tuttavia, poich\u00e9 i ladri diventano sempre pi\u00f9 inventivi e utilizzano mezzi pi\u00f9 pesanti, le casseforti devono essere sempre pi\u00f9 protette per rimanere resistenti ai furti. La nostra gamma comprende diversi <a href=\"http:\/\/keybox.nl\/it\/\">casseforti a chiave di alta qualit\u00e0<\/a> che soddisfano gli standard pi\u00f9 recenti. La ruota di deposito rende impossibile la ricerca delle chiavi, poich\u00e9 lo spazio all'interno della cassaforte \u00e8 continuamente schermato. Quando non viene utilizzata, la ruota \u00e8 chiusa. Quando l'utente apre la ruota, lo spazio interno in cui si trovano tutte le chiavi viene sigillato dal vassoio in cui l'utente colloca la chiave. \u00c8 possibile acquistare anche modelli antieffrazione con una cassaforte interna aggiuntiva per una maggiore protezione contro i furti. Inoltre, \u00e8 possibile acquistare un <a href=\"http:\/\/keybox.nl\/it\/cijferslot-kluis-bestellen\/\">Ordinare una cassaforte con chiusura a combinazione<\/a> per limitare l'accesso alla cassaforte. Decidete quale tipo di <a href=\"http:\/\/keybox.nl\/it\/safe-kluis-kopen\/\">cassaforte o caveau<\/a> pi\u00f9 adatto alla vostra attivit\u00e0. Il nostro team \u00e8 comunque a disposizione per una consulenza professionale.<\/p>\n<\/div><\/div>\n<\/div>\n\n\n\n<div style=\"height:100px\" aria-hidden=\"true\" class=\"wp-block-spacer\"><\/div>\n\n\n\n<h2 class=\"wp-block-heading has-text-align-center\"><strong>State cercando una cassaforte a prova di scasso?<\/strong><\/h2>\n\n\n\n<div class=\"wp-block-buttons is-content-justification-center is-layout-flex wp-container-core-buttons-is-layout-a89b3969 wp-block-buttons-is-layout-flex\">\n<div class=\"wp-block-button is-style-outline is-style-outline--1\"><a class=\"wp-block-button__link wp-element-button\" href=\"http:\/\/keybox.nl\/it\/\">Visualizza il negozio online<\/a><\/div>\n<\/div>\n\n\n\n<div style=\"height:100px\" aria-hidden=\"true\" class=\"wp-block-spacer\"><\/div>\n\n\n\n<div class=\"wp-block-group is-content-justification-center is-layout-flex wp-container-core-group-is-layout-81a7f686 wp-block-group-is-layout-flex\">\n<div class=\"wp-block-media-text alignwide has-media-on-the-right is-stacked-on-mobile is-vertically-aligned-center\" style=\"grid-template-columns:auto 30%\"><div class=\"wp-block-media-text__content\">\n<h3 class=\"wp-block-heading has-text-color\" style=\"color:#000000;font-size:32px\"><strong>Acquistare una cassaforte resistente e conveniente<\/strong><\/h3>\n\n\n\n<p class=\"has-text-color has-normal-font-size\" style=\"color:#000000\">Le casseforti della nostra gamma sono la soluzione migliore contro i furti. Con noi, potete acquistare online una <a href=\"http:\/\/keybox.nl\/it\/goedkope-kluis-kopen\/\">acquistare a buon mercato sicuro<\/a> che \u00e8 anche particolarmente sicura. Proteggete le vostre chiavi acquistando una cassaforte a prova di scasso. Sfogliate il nostro negozio online o prendete <a href=\"http:\/\/keybox.nl\/it\/contact\/\">contattateci<\/a> per visionare le nostre casseforti presso il nostro studio di Bussum. \u00c8 inoltre possibile richiedere un preventivo non vincolante online.<\/p>\n<\/div><figure class=\"wp-block-media-text__media\"><img decoding=\"async\" width=\"600\" height=\"800\" src=\"http:\/\/keybox.nl\/wp-content\/uploads\/2021\/12\/Extra-Armor-KSB.jpg\" alt=\"Kluis los\" class=\"wp-image-103 size-full\" srcset=\"https:\/\/keybox.nl\/wp-content\/uploads\/2021\/12\/Extra-Armor-KSB.jpg 600w, https:\/\/keybox.nl\/wp-content\/uploads\/2021\/12\/Extra-Armor-KSB-416x555.jpg 416w, https:\/\/keybox.nl\/wp-content\/uploads\/2021\/12\/Extra-Armor-KSB-225x300.jpg 225w\" sizes=\"(max-width: 600px) 100vw, 600px\" \/><\/figure><\/div>\n<\/div>\n\n\n\n<div style=\"height:50px\" aria-hidden=\"true\" class=\"wp-block-spacer\"><\/div>\n\n\n\n<h2 class=\"wp-block-heading alignwide has-text-align-left form-titel\"><strong>Avete domande sulla sicurezza?<\/strong><\/h2>\n\n\n<div class=\"wp-block-jetpack-contact-form alignwide is-layout-flex wp-container-jetpack-contact-form-is-layout-2b4208ba wp-block-jetpack-contact-form-is-layout-flex\"><a href=\"https:\/\/keybox.nl\/it\/inbraakwerende-kluis-kopen\/\" target=\"_blank\" rel=\"noopener noreferrer\">Inviare un modulo.<\/a><\/div>\n\n\n<p><\/p>","protected":false},"excerpt":{"rendered":"<p>\u2713 Gebruiksvriendelijk \u2713 Bestendig en veilig \u2713 Diverse modellen Een inbraakwerende kluis kopen voor uw waardevolle spullen is belangrijk. Zo zijn ze namelijk uitstekend beschermd tegen diverse soorten diefstal. Bij Keybox.nl koopt u voor uw sleutels een inbraakwerende kluis die u op verschillende manieren monteert. Dankzij het slimme afstortsysteem zijn uw sleutels 24\/7 beschermd tegen [&hellip;]<\/p>\n","protected":false},"author":1,"featured_media":0,"parent":0,"menu_order":0,"comment_status":"closed","ping_status":"closed","template":"template-fullwidth.php","meta":{"footnotes":""},"class_list":["post-543","page","type-page","status-publish","hentry"],"yoast_head":"<!-- This site is optimized with the Yoast SEO plugin v27.4 - https:\/\/yoast.com\/product\/yoast-seo-wordpress\/ -->\n<title>Een goede inbraakwerende kluis kopen -<\/title>\n<meta name=\"description\" content=\"Bij ons kunt u een inbraakwerende kluis kopen om uw bedrijf of woning te beschermen. Bestel online uw nieuwe kluis voor sleutels of bezoek ons.\" \/>\n<meta name=\"robots\" content=\"index, follow, max-snippet:-1, max-image-preview:large, max-video-preview:-1\" \/>\n<link rel=\"canonical\" href=\"https:\/\/keybox.nl\/it\/inbraakwerende-kluis-kopen\/\" \/>\n<meta property=\"og:locale\" content=\"it_IT\" \/>\n<meta property=\"og:type\" content=\"article\" \/>\n<meta property=\"og:title\" content=\"Een goede inbraakwerende kluis kopen -\" \/>\n<meta property=\"og:description\" content=\"Bij ons kunt u een inbraakwerende kluis kopen om uw bedrijf of woning te beschermen. Bestel online uw nieuwe kluis voor sleutels of bezoek ons.\" \/>\n<meta property=\"og:url\" content=\"https:\/\/keybox.nl\/it\/inbraakwerende-kluis-kopen\/\" \/>\n<meta property=\"article:modified_time\" content=\"2023-07-25T09:04:11+00:00\" \/>\n<meta property=\"og:image\" content=\"http:\/\/keybox.nl\/wp-content\/uploads\/2021\/12\/KSB103-KSB005-4-scaled.jpg\" \/>\n<meta name=\"twitter:card\" content=\"summary_large_image\" \/>\n<meta name=\"twitter:label1\" content=\"Tempo di lettura stimato\" \/>\n\t<meta name=\"twitter:data1\" content=\"3 minuti\" \/>\n<script type=\"application\/ld+json\" class=\"yoast-schema-graph\">{\"@context\":\"https:\\\/\\\/schema.org\",\"@graph\":[{\"@type\":\"WebPage\",\"@id\":\"https:\\\/\\\/keybox.nl\\\/inbraakwerende-kluis-kopen\\\/\",\"url\":\"https:\\\/\\\/keybox.nl\\\/inbraakwerende-kluis-kopen\\\/\",\"name\":\"Een goede inbraakwerende kluis kopen -\",\"isPartOf\":{\"@id\":\"https:\\\/\\\/keybox.nl\\\/#website\"},\"primaryImageOfPage\":{\"@id\":\"https:\\\/\\\/keybox.nl\\\/inbraakwerende-kluis-kopen\\\/#primaryimage\"},\"image\":{\"@id\":\"https:\\\/\\\/keybox.nl\\\/inbraakwerende-kluis-kopen\\\/#primaryimage\"},\"thumbnailUrl\":\"http:\\\/\\\/keybox.nl\\\/wp-content\\\/uploads\\\/2021\\\/12\\\/KSB103-KSB005-4-scaled.jpg\",\"datePublished\":\"2022-03-11T10:26:49+00:00\",\"dateModified\":\"2023-07-25T09:04:11+00:00\",\"description\":\"Bij ons kunt u een inbraakwerende kluis kopen om uw bedrijf of woning te beschermen. Bestel online uw nieuwe kluis voor sleutels of bezoek ons.\",\"breadcrumb\":{\"@id\":\"https:\\\/\\\/keybox.nl\\\/inbraakwerende-kluis-kopen\\\/#breadcrumb\"},\"inLanguage\":\"it-IT\",\"potentialAction\":[{\"@type\":\"ReadAction\",\"target\":[\"https:\\\/\\\/keybox.nl\\\/inbraakwerende-kluis-kopen\\\/\"]}]},{\"@type\":\"ImageObject\",\"inLanguage\":\"it-IT\",\"@id\":\"https:\\\/\\\/keybox.nl\\\/inbraakwerende-kluis-kopen\\\/#primaryimage\",\"url\":\"http:\\\/\\\/keybox.nl\\\/wp-content\\\/uploads\\\/2021\\\/12\\\/KSB103-KSB005-4-scaled.jpg\",\"contentUrl\":\"http:\\\/\\\/keybox.nl\\\/wp-content\\\/uploads\\\/2021\\\/12\\\/KSB103-KSB005-4-scaled.jpg\"},{\"@type\":\"BreadcrumbList\",\"@id\":\"https:\\\/\\\/keybox.nl\\\/inbraakwerende-kluis-kopen\\\/#breadcrumb\",\"itemListElement\":[{\"@type\":\"ListItem\",\"position\":1,\"name\":\"Home\",\"item\":\"https:\\\/\\\/keybox.nl\\\/\"},{\"@type\":\"ListItem\",\"position\":2,\"name\":\"Inbraakwerende kluis kopen\"}]},{\"@type\":\"WebSite\",\"@id\":\"https:\\\/\\\/keybox.nl\\\/#website\",\"url\":\"https:\\\/\\\/keybox.nl\\\/\",\"name\":\"\",\"description\":\"\",\"potentialAction\":[{\"@type\":\"SearchAction\",\"target\":{\"@type\":\"EntryPoint\",\"urlTemplate\":\"https:\\\/\\\/keybox.nl\\\/?s={search_term_string}\"},\"query-input\":{\"@type\":\"PropertyValueSpecification\",\"valueRequired\":true,\"valueName\":\"search_term_string\"}}],\"inLanguage\":\"it-IT\"}]}<\/script>\n<!-- \/ Yoast SEO plugin. -->","yoast_head_json":{"title":"Acquistare una buona cassaforte a prova di scasso","description":"Con noi potete acquistare una cassaforte a prova di scasso per proteggere la vostra azienda o la vostra casa. Ordinate la vostra nuova cassaforte a chiave online o venite a trovarci.","robots":{"index":"index","follow":"follow","max-snippet":"max-snippet:-1","max-image-preview":"max-image-preview:large","max-video-preview":"max-video-preview:-1"},"canonical":"https:\/\/keybox.nl\/it\/inbraakwerende-kluis-kopen\/","og_locale":"it_IT","og_type":"article","og_title":"Een goede inbraakwerende kluis kopen -","og_description":"Bij ons kunt u een inbraakwerende kluis kopen om uw bedrijf of woning te beschermen. Bestel online uw nieuwe kluis voor sleutels of bezoek ons.","og_url":"https:\/\/keybox.nl\/it\/inbraakwerende-kluis-kopen\/","article_modified_time":"2023-07-25T09:04:11+00:00","og_image":[{"url":"http:\/\/keybox.nl\/wp-content\/uploads\/2021\/12\/KSB103-KSB005-4-scaled.jpg","type":"","width":"","height":""}],"twitter_card":"summary_large_image","twitter_misc":{"Tempo di lettura stimato":"3 minuti"},"schema":{"@context":"https:\/\/schema.org","@graph":[{"@type":"WebPage","@id":"https:\/\/keybox.nl\/inbraakwerende-kluis-kopen\/","url":"https:\/\/keybox.nl\/inbraakwerende-kluis-kopen\/","name":"Acquistare una buona cassaforte a prova di scasso","isPartOf":{"@id":"https:\/\/keybox.nl\/#website"},"primaryImageOfPage":{"@id":"https:\/\/keybox.nl\/inbraakwerende-kluis-kopen\/#primaryimage"},"image":{"@id":"https:\/\/keybox.nl\/inbraakwerende-kluis-kopen\/#primaryimage"},"thumbnailUrl":"http:\/\/keybox.nl\/wp-content\/uploads\/2021\/12\/KSB103-KSB005-4-scaled.jpg","datePublished":"2022-03-11T10:26:49+00:00","dateModified":"2023-07-25T09:04:11+00:00","description":"Con noi potete acquistare una cassaforte a prova di scasso per proteggere la vostra azienda o la vostra casa. Ordinate la vostra nuova cassaforte a chiave online o venite a trovarci.","breadcrumb":{"@id":"https:\/\/keybox.nl\/inbraakwerende-kluis-kopen\/#breadcrumb"},"inLanguage":"it-IT","potentialAction":[{"@type":"ReadAction","target":["https:\/\/keybox.nl\/inbraakwerende-kluis-kopen\/"]}]},{"@type":"ImageObject","inLanguage":"it-IT","@id":"https:\/\/keybox.nl\/inbraakwerende-kluis-kopen\/#primaryimage","url":"http:\/\/keybox.nl\/wp-content\/uploads\/2021\/12\/KSB103-KSB005-4-scaled.jpg","contentUrl":"http:\/\/keybox.nl\/wp-content\/uploads\/2021\/12\/KSB103-KSB005-4-scaled.jpg"},{"@type":"BreadcrumbList","@id":"https:\/\/keybox.nl\/inbraakwerende-kluis-kopen\/#breadcrumb","itemListElement":[{"@type":"ListItem","position":1,"name":"Home","item":"https:\/\/keybox.nl\/"},{"@type":"ListItem","position":2,"name":"Inbraakwerende kluis kopen"}]},{"@type":"WebSite","@id":"https:\/\/keybox.nl\/#website","url":"https:\/\/keybox.nl\/","name":"","description":"","potentialAction":[{"@type":"SearchAction","target":{"@type":"EntryPoint","urlTemplate":"https:\/\/keybox.nl\/?s={search_term_string}"},"query-input":{"@type":"PropertyValueSpecification","valueRequired":true,"valueName":"search_term_string"}}],"inLanguage":"it-IT"}]}},"jetpack-related-posts":[{"id":538,"url":"https:\/\/keybox.nl\/it\/kluis-kopen-voor-thuis\/","url_meta":{"origin":543,"position":0},"title":"Acquistare una cassaforte per la casa","author":"Keybox@beheermodule","date":"11 Marzo 2022","format":false,"excerpt":"Acquistare una cassaforte resistente per la vostra casa Nel webshop! \u2713 Facile da usare \u2713 Resistente e sicura \u2713 Vari modelli Volete acquistare una cassaforte pratica per la vostra casa? Allora Keybox.it ha quello che fa per voi. Le casseforti domestiche sono un po' pi\u00f9 piccole e non richiedono un'installazione approfondita, il che le rende ideali...","rel":"","context":"Articolo simile","block_context":{"text":"Articolo simile","link":""},"img":{"alt_text":"","src":"https:\/\/i0.wp.com\/keybox.nl\/wp-content\/uploads\/2022\/01\/KSB007-inner-safe-2-e1643896091542.jpg?resize=350%2C200&ssl=1","width":350,"height":200,"srcset":"https:\/\/i0.wp.com\/keybox.nl\/wp-content\/uploads\/2022\/01\/KSB007-inner-safe-2-e1643896091542.jpg?resize=350%2C200&ssl=1 1x, https:\/\/i0.wp.com\/keybox.nl\/wp-content\/uploads\/2022\/01\/KSB007-inner-safe-2-e1643896091542.jpg?resize=525%2C300&ssl=1 1.5x, https:\/\/i0.wp.com\/keybox.nl\/wp-content\/uploads\/2022\/01\/KSB007-inner-safe-2-e1643896091542.jpg?resize=700%2C400&ssl=1 2x"},"classes":[]},{"id":554,"url":"https:\/\/keybox.nl\/it\/kluis-waardeberging-kopen-2\/","url_meta":{"origin":543,"position":1},"title":"Acquistare una cassetta di sicurezza","author":"Keybox@beheermodule","date":"11 Marzo 2022","format":false,"excerpt":"Acquistare una cassaforte ad alta sicurezza Nel webshop! \u2713 Facile da usare \u2713 Resistente e sicura \u2713 Diversi modelli Per i beni di incredibile valore, \u00e8 consigliabile acquistare una cassaforte con un deposito di valore elevato. Pi\u00f9 alto \u00e8 il deposito di valore, pi\u00f9 la cassaforte \u00e8 resistente alle effrazioni. Noi di Keybox.nl a Bussum...","rel":"","context":"Articolo simile","block_context":{"text":"Articolo simile","link":""},"img":{"alt_text":"kluis peugeot","src":"https:\/\/i0.wp.com\/keybox.nl\/wp-content\/uploads\/2022\/02\/KSB007-Peugeot-scaled-e1643751089776.jpg?resize=350%2C200&ssl=1","width":350,"height":200,"srcset":"https:\/\/i0.wp.com\/keybox.nl\/wp-content\/uploads\/2022\/02\/KSB007-Peugeot-scaled-e1643751089776.jpg?resize=350%2C200&ssl=1 1x, https:\/\/i0.wp.com\/keybox.nl\/wp-content\/uploads\/2022\/02\/KSB007-Peugeot-scaled-e1643751089776.jpg?resize=525%2C300&ssl=1 1.5x"},"classes":[]},{"id":552,"url":"https:\/\/keybox.nl\/it\/kluis-waardeberging-kopen\/","url_meta":{"origin":543,"position":2},"title":"Acquistare una cassetta di sicurezza","author":"Keybox@beheermodule","date":"11 Marzo 2022","format":false,"excerpt":"Acquistare una cassaforte ad alta sicurezza Nel webshop! \u2713 Facile da usare \u2713 Resistente e sicura \u2713 Vari modelli Per i beni di grande valore, \u00e8 consigliabile acquistare una cassaforte con un'elevata capacit\u00e0 di stoccaggio. Il valore massimo di conservazione di una cassaforte indica fino a quale importo il contenuto della cassaforte \u00e8 assicurato....","rel":"","context":"Articolo simile","block_context":{"text":"Articolo simile","link":""},"img":{"alt_text":"","src":"https:\/\/i0.wp.com\/keybox.nl\/wp-content\/uploads\/2021\/12\/KSB_102_1-e1638478691321.jpg?resize=350%2C200&ssl=1","width":350,"height":200,"srcset":"https:\/\/i0.wp.com\/keybox.nl\/wp-content\/uploads\/2021\/12\/KSB_102_1-e1638478691321.jpg?resize=350%2C200&ssl=1 1x, https:\/\/i0.wp.com\/keybox.nl\/wp-content\/uploads\/2021\/12\/KSB_102_1-e1638478691321.jpg?resize=525%2C300&ssl=1 1.5x, https:\/\/i0.wp.com\/keybox.nl\/wp-content\/uploads\/2021\/12\/KSB_102_1-e1638478691321.jpg?resize=700%2C400&ssl=1 2x"},"classes":[]},{"id":1400,"url":"https:\/\/keybox.nl\/it\/montage-installatie\/","url_meta":{"origin":543,"position":3},"title":"Montaggio e installazione della cassaforte","author":"Keybox@beheermodule","date":"16 Febbraio 2023","format":false,"excerpt":"Acquistare una cassaforte e farla installare professionalmente? Scegliete Keybox.it Su Keybox.it non solo potete acquistare una cassaforte, ma anche farla assemblare e installare professionalmente. Offriamo un servizio completo: dalla consulenza personale all'installazione professionale in loco. Cos\u00ec avrete la certezza della massima sicurezza...","rel":"","context":"Articolo simile","block_context":{"text":"Articolo simile","link":""},"img":{"alt_text":"","src":"https:\/\/i0.wp.com\/keybox.nl\/wp-content\/uploads\/2023\/02\/Bestelbus-keybox.jpg?resize=350%2C200&ssl=1","width":350,"height":200,"srcset":"https:\/\/i0.wp.com\/keybox.nl\/wp-content\/uploads\/2023\/02\/Bestelbus-keybox.jpg?resize=350%2C200&ssl=1 1x, https:\/\/i0.wp.com\/keybox.nl\/wp-content\/uploads\/2023\/02\/Bestelbus-keybox.jpg?resize=525%2C300&ssl=1 1.5x, https:\/\/i0.wp.com\/keybox.nl\/wp-content\/uploads\/2023\/02\/Bestelbus-keybox.jpg?resize=700%2C400&ssl=1 2x"},"classes":[]},{"id":326,"url":"https:\/\/keybox.nl\/it\/goedkope-kluis-kopen\/","url_meta":{"origin":543,"position":4},"title":"Acquistare a buon mercato sicuro","author":"Keybox@beheermodule","date":"3 Marzo 2022","format":false,"excerpt":"Acquistate una cassaforte economica e di alta qualit\u00e0 Sul webshop! \u2713 Facile da usare \u2713 Resistente e sicura \u2713 Vari modelli Su Keybox.it potete acquistare una cassaforte economica e resistente per la vostra attivit\u00e0. Grazie alle nostre casseforti, potrete tenere al sicuro le chiavi in ogni momento. Inoltre, nessuno deve essere presente per...","rel":"","context":"Articolo simile","block_context":{"text":"Articolo simile","link":""},"img":{"alt_text":"","src":"https:\/\/i0.wp.com\/keybox.nl\/wp-content\/uploads\/2021\/12\/KSB_102_1-e1638478691321.jpg?resize=350%2C200&ssl=1","width":350,"height":200,"srcset":"https:\/\/i0.wp.com\/keybox.nl\/wp-content\/uploads\/2021\/12\/KSB_102_1-e1638478691321.jpg?resize=350%2C200&ssl=1 1x, https:\/\/i0.wp.com\/keybox.nl\/wp-content\/uploads\/2021\/12\/KSB_102_1-e1638478691321.jpg?resize=525%2C300&ssl=1 1.5x, https:\/\/i0.wp.com\/keybox.nl\/wp-content\/uploads\/2021\/12\/KSB_102_1-e1638478691321.jpg?resize=700%2C400&ssl=1 2x"},"classes":[]},{"id":1530,"url":"https:\/\/keybox.nl\/it\/hotelkluis-kopen\/","url_meta":{"origin":543,"position":5},"title":"acquisto sicuro dell'hotel","author":"Keybox@beheermodule","date":"20 Luglio 2023","format":false,"excerpt":"Acquista una cassaforte per hotel nel webshop! \u2713 Facile da usare \u2713 Resistente e sicura \u2713 Vari modelli Acquistare una cassaforte per hotel non \u00e8 una cosa banale. Si tratta di garantire sicurezza e tranquillit\u00e0 ai vostri stimati ospiti. Dai gioielli ai passaporti e ai computer portatili, una cassaforte per hotel offre un rifugio sicuro agli oggetti di valore...","rel":"","context":"Articolo simile","block_context":{"text":"Articolo simile","link":""},"img":{"alt_text":"","src":"https:\/\/i0.wp.com\/keybox.nl\/wp-content\/uploads\/2022\/02\/IMG_5926.jpg?resize=350%2C200&ssl=1","width":350,"height":200,"srcset":"https:\/\/i0.wp.com\/keybox.nl\/wp-content\/uploads\/2022\/02\/IMG_5926.jpg?resize=350%2C200&ssl=1 1x, https:\/\/i0.wp.com\/keybox.nl\/wp-content\/uploads\/2022\/02\/IMG_5926.jpg?resize=525%2C300&ssl=1 1.5x, https:\/\/i0.wp.com\/keybox.nl\/wp-content\/uploads\/2022\/02\/IMG_5926.jpg?resize=700%2C400&ssl=1 2x"},"classes":[]}],"jetpack_sharing_enabled":true,"_links":{"self":[{"href":"https:\/\/keybox.nl\/it\/wp-json\/wp\/v2\/pages\/543","targetHints":{"allow":["GET"]}}],"collection":[{"href":"https:\/\/keybox.nl\/it\/wp-json\/wp\/v2\/pages"}],"about":[{"href":"https:\/\/keybox.nl\/it\/wp-json\/wp\/v2\/types\/page"}],"author":[{"embeddable":true,"href":"https:\/\/keybox.nl\/it\/wp-json\/wp\/v2\/users\/1"}],"replies":[{"embeddable":true,"href":"https:\/\/keybox.nl\/it\/wp-json\/wp\/v2\/comments?post=543"}],"version-history":[{"count":4,"href":"https:\/\/keybox.nl\/it\/wp-json\/wp\/v2\/pages\/543\/revisions"}],"predecessor-version":[{"id":1638,"href":"https:\/\/keybox.nl\/it\/wp-json\/wp\/v2\/pages\/543\/revisions\/1638"}],"wp:attachment":[{"href":"https:\/\/keybox.nl\/it\/wp-json\/wp\/v2\/media?parent=543"}],"curies":[{"name":"wp","href":"https:\/\/api.w.org\/{rel}","templated":true}]}}