{"id":540,"date":"2022-03-11T10:24:18","date_gmt":"2022-03-11T10:24:18","guid":{"rendered":"http:\/\/keybox.nl\/?page_id=540"},"modified":"2023-07-25T09:13:19","modified_gmt":"2023-07-25T09:13:19","slug":"afstortkluis-bestellen","status":"publish","type":"page","link":"https:\/\/keybox.nl\/it\/afstortkluis-bestellen\/","title":{"rendered":"Ordinare una cassaforte"},"content":{"rendered":"<div class=\"wp-block-cover alignfull\" style=\"min-height:200px;aspect-ratio:unset;\"><span aria-hidden=\"true\" class=\"wp-block-cover__background has-background-dim-60 has-background-dim\"><\/span><img decoding=\"async\" width=\"1920\" height=\"2560\" class=\"wp-block-cover__image-background wp-image-126\" alt=\"Kluis\" src=\"http:\/\/keybox.nl\/wp-content\/uploads\/2021\/12\/KSB103-KSB005-4-scaled.jpg\" style=\"object-position:50% 50%\" data-object-fit=\"cover\" data-object-position=\"50% 50%\" srcset=\"https:\/\/keybox.nl\/wp-content\/uploads\/2021\/12\/KSB103-KSB005-4-scaled.jpg 1920w, https:\/\/keybox.nl\/wp-content\/uploads\/2021\/12\/KSB103-KSB005-4-416x555.jpg 416w, https:\/\/keybox.nl\/wp-content\/uploads\/2021\/12\/KSB103-KSB005-4-225x300.jpg 225w, https:\/\/keybox.nl\/wp-content\/uploads\/2021\/12\/KSB103-KSB005-4-768x1024.jpg 768w, https:\/\/keybox.nl\/wp-content\/uploads\/2021\/12\/KSB103-KSB005-4-1152x1536.jpg 1152w, https:\/\/keybox.nl\/wp-content\/uploads\/2021\/12\/KSB103-KSB005-4-1536x2048.jpg 1536w, https:\/\/keybox.nl\/wp-content\/uploads\/2021\/12\/KSB103-KSB005-4-1320x1760.jpg 1320w\" sizes=\"(max-width: 1920px) 100vw, 1920px\" \/><div class=\"wp-block-cover__inner-container is-layout-flow wp-block-cover-is-layout-flow\">\n<h1 class=\"wp-block-heading alignwide has-text-align-left has-white-color has-text-color\" style=\"font-size:40px\">Ordinare una cassetta di sicurezza<\/h1>\n\n\n\n<div class=\"wp-block-columns alignwide is-layout-flex wp-container-core-columns-is-layout-28f84493 wp-block-columns-is-layout-flex\">\n<div class=\"wp-block-column is-layout-flow wp-block-column-is-layout-flow\" style=\"flex-basis:55%\">\n<div class=\"wp-block-buttons is-layout-flex wp-block-buttons-is-layout-flex\">\n<div class=\"wp-block-button cta-knop alignleft\"><a class=\"wp-block-button__link has-black-color has-white-background-color has-text-color has-background wp-element-button\" href=\"http:\/\/keybox.nl\/it\/\">Al webshop!<\/a><\/div>\n<\/div>\n<\/div>\n<\/div>\n<\/div><\/div>\n\n\n\n<div style=\"height:50px\" aria-hidden=\"true\" class=\"wp-block-spacer\"><\/div>\n\n\n\n<div class=\"wp-block-group alignfull is-content-justification-center is-layout-flex wp-container-core-group-is-layout-81a7f686 wp-block-group-is-layout-flex\">\n<p class=\"usps has-normal-font-size\">\u2713 Facile da usare<\/p>\n\n\n\n<p>\u2713 Resistente e sicuro<\/p>\n\n\n\n<p>\u2713 Vari modelli<\/p>\n<\/div>\n\n\n\n<style>\nh1.entry-title {\ndisplay: none;\n}\n\n.cta-knop {\nmargin-left: 35px !important;\n}\n\n.cta-knop:hover {\nopacity: 0.75;\n}\n\n@media only screen and (max-width: 1064px) {\n.cta-knop {\nmargin-left: 0px !important;\n}\n\n.wp-block-group.alignfull {\n    display: flex;\n    flex-direction: column;\n}\n}\n<\/style>\n\n\n\n<div style=\"height:100px\" aria-hidden=\"true\" class=\"wp-block-spacer\"><\/div>\n\n\n\n<p class=\"has-text-align-left align-left has-black-color has-text-color has-normal-font-size\">Una cassaforte a deposito \u00e8 la scelta ideale da ordinare quando si desidera conservare in modo sicuro chiavi o altri piccoli oggetti nella propria attivit\u00e0. Le nostre casseforti sono altamente resistenti ai furti grazie al loro ingegnoso sistema di deposito e alle solide pareti in acciaio. Offriamo diversi tipi di casseforti di deposito, garantendovi la possibilit\u00e0 di acquistare la vostra cassaforte di deposito ideale. Scoprite qui tutta la gamma di Keybox.it!<\/p>\n\n\n\n<div style=\"height:100px\" aria-hidden=\"true\" class=\"wp-block-spacer\"><\/div>\n\n\n\n<div class=\"wp-block-group is-content-justification-center is-layout-flex wp-container-core-group-is-layout-81a7f686 wp-block-group-is-layout-flex\">\n<div class=\"wp-block-media-text alignwide is-stacked-on-mobile is-vertically-aligned-center\" style=\"grid-template-columns:40% auto\"><figure class=\"wp-block-media-text__media\"><img decoding=\"async\" width=\"921\" height=\"1024\" src=\"http:\/\/keybox.nl\/wp-content\/uploads\/2022\/01\/IMG_5363-921x1024.jpg\" alt=\"\" class=\"wp-image-199 size-full\"\/><\/figure><div class=\"wp-block-media-text__content\">\n<h2 class=\"wp-block-heading has-text-color\" style=\"color:#000000;font-size:32px\">Ordinare la cassaforte perfetta per la vostra azienda<\/h2>\n\n\n\n<p class=\"has-text-color has-normal-font-size\" style=\"color:#000000\">Grazie al nostro vasto assortimento, potete trovare una cassaforte o una cassaforte per depositi. <a href=\"http:\/\/keybox.nl\/it\/\">armadietti sicuri per chiavi<\/a> acquistare quello che si adatta perfettamente alla vostra attivit\u00e0. Offriamo esemplari adatti a molti tipi di spazi. Ad esempio, abbiamo casseforti che si installano a muro, ma anche modelli che si possono appendere alla parete o montare su un palo. Sarete voi a decidere quale cassaforte ordinare per la vostra attivit\u00e0. Il nostro team di esperti vi aiuter\u00e0 con la <a href=\"http:\/\/keybox.nl\/it\/montage-installatie\/\">montaggio della cassaforte<\/a>assicurandosi che sia attaccato correttamente.<\/p>\n<\/div><\/div>\n<\/div>\n\n\n\n<div style=\"height:100px\" aria-hidden=\"true\" class=\"wp-block-spacer\"><\/div>\n\n\n\n<h2 class=\"wp-block-heading has-text-align-center\"><strong>Desiderate ordinare una cassaforte?<\/strong><\/h2>\n\n\n\n<div class=\"wp-block-buttons is-content-justification-center is-layout-flex wp-container-core-buttons-is-layout-a89b3969 wp-block-buttons-is-layout-flex\">\n<div class=\"wp-block-button is-style-outline is-style-outline--1\"><a class=\"wp-block-button__link wp-element-button\" href=\"http:\/\/keybox.nl\/it\/\">Visualizza il negozio online<\/a><\/div>\n<\/div>\n\n\n\n<div style=\"height:100px\" aria-hidden=\"true\" class=\"wp-block-spacer\"><\/div>\n\n\n\n<div class=\"wp-block-group is-content-justification-center is-layout-flex wp-container-core-group-is-layout-81a7f686 wp-block-group-is-layout-flex\">\n<div class=\"wp-block-media-text alignwide has-media-on-the-right is-stacked-on-mobile is-vertically-aligned-center\" style=\"grid-template-columns:auto 40%\"><div class=\"wp-block-media-text__content\">\n<h3 class=\"wp-block-heading has-text-color\" style=\"color:#000000;font-size:32px\"><strong>Proteggete le vostre chiavi dal furto acquistando una cassaforte di deposito<\/strong><\/h3>\n\n\n\n<p class=\"has-text-color has-normal-font-size\" style=\"color:#000000\">Presso la nostra azienda si acquista un <a href=\"http:\/\/keybox.nl\/it\/inbraakwerende-kluis-kopen\/\">cassaforte antieffrazione<\/a>. Le nostre casseforti proteggono le vostre chiavi dai tentativi di scasso. Il nostro sistema di deposito funziona con una ruota, rendendo impossibile la ricerca di chiavi o keycard. Le nostre casseforti sono adatte anche come <a href=\"http:\/\/keybox.nl\/it\/geldkluis-bestellen\/\">soldi solidi al sicuro<\/a>. Inoltre, la cassaforte che potete acquistare da noi \u00e8 realizzata in solido acciaio per respingere gli attacchi esterni. Quindi, quando scegliete di ordinare una cassaforte per depositi da noi, potete essere certi che i vostri beni sono completamente al sicuro.<\/p>\n<\/div><figure class=\"wp-block-media-text__media\"><img decoding=\"async\" width=\"700\" height=\"700\" src=\"http:\/\/keybox.nl\/wp-content\/uploads\/2022\/12\/Keysafe_Original_keybox_sleutelkluis.jpg\" alt=\"\" class=\"wp-image-1181 size-full\" srcset=\"https:\/\/keybox.nl\/wp-content\/uploads\/2022\/12\/Keysafe_Original_keybox_sleutelkluis.jpg 700w, https:\/\/keybox.nl\/wp-content\/uploads\/2022\/12\/Keysafe_Original_keybox_sleutelkluis-324x324.jpg 324w, https:\/\/keybox.nl\/wp-content\/uploads\/2022\/12\/Keysafe_Original_keybox_sleutelkluis-100x100.jpg 100w, https:\/\/keybox.nl\/wp-content\/uploads\/2022\/12\/Keysafe_Original_keybox_sleutelkluis-416x416.jpg 416w, https:\/\/keybox.nl\/wp-content\/uploads\/2022\/12\/Keysafe_Original_keybox_sleutelkluis-300x300.jpg 300w, https:\/\/keybox.nl\/wp-content\/uploads\/2022\/12\/Keysafe_Original_keybox_sleutelkluis-150x150.jpg 150w\" sizes=\"(max-width: 700px) 100vw, 700px\" \/><\/figure><\/div>\n<\/div>\n\n\n\n<div style=\"height:50px\" aria-hidden=\"true\" class=\"wp-block-spacer\"><\/div>\n\n\n\n<h3 class=\"wp-block-heading has-text-color\" style=\"color:#000000;font-size:32px\"><strong>Acquista la nostra cassaforte professionale<\/strong><\/h3>\n\n\n\n<p>Proteggete le vostre chiavi dai ladri acquistando la nostra cassaforte di deposito. Grazie alla nostra solida cassaforte in acciaio con una pratica rotella di deposito, le vostre chiavi sono perfettamente protette. Inoltre, la cassaforte di deposito facilita la gestione di pi\u00f9 chiavi raccogliendole in un unico luogo sicuro. Richiedete un preventivo tramite <a href=\"http:\/\/keybox.nl\/it\/contact\/\">il nostro modulo di contatto<\/a> o scegliere immediatamente una cassaforte da ordinare nel nostro webshop. Su richiesta, \u00e8 anche possibile visitare la nostra azienda a Bussum.<\/p>\n\n\n\n<h2 class=\"wp-block-heading alignwide has-text-align-left form-titel\"><strong>Avete domande sulla sicurezza?<\/strong><\/h2>\n\n\n<div class=\"wp-block-jetpack-contact-form alignwide is-layout-flex wp-container-jetpack-contact-form-is-layout-2b4208ba wp-block-jetpack-contact-form-is-layout-flex\"><a href=\"https:\/\/keybox.nl\/it\/afstortkluis-bestellen\/\" target=\"_blank\" rel=\"noopener noreferrer\">Inviare un modulo.<\/a><\/div>\n\n\n<p><\/p>","protected":false},"excerpt":{"rendered":"<p>\u2713 Gebruiksvriendelijk \u2713 Bestendig en veilig \u2713 Diverse modellen Een afstortkluis is een ideale keuze om te bestellen wanneer u in uw bedrijf sleutels of andere kleine voorwerpen veilig wilt opbergen. Onze kluizen zijn dankzij het slimme afstortsysteem en de muren van massief staal uitstekend bestand tegen diefstal. Wij bieden diverse soorten afstortkluizen aan, waardoor [&hellip;]<\/p>\n","protected":false},"author":1,"featured_media":0,"parent":0,"menu_order":0,"comment_status":"closed","ping_status":"closed","template":"template-fullwidth.php","meta":{"footnotes":""},"class_list":["post-540","page","type-page","status-publish","hentry"],"yoast_head":"<!-- This site is optimized with the Yoast SEO plugin v27.4 - https:\/\/yoast.com\/product\/yoast-seo-wordpress\/ -->\n<title>Een volledig veilige afstortkluis bestellen -<\/title>\n<meta name=\"description\" content=\"Een professionele afstortkluis voor uw bedrijf kunt u bij onze firma bestellen. Ontdek ons aanbod aan kluizen en vraag een vrijblijvende offerte aan!\" \/>\n<meta name=\"robots\" content=\"index, follow, max-snippet:-1, max-image-preview:large, max-video-preview:-1\" \/>\n<link rel=\"canonical\" href=\"https:\/\/keybox.nl\/it\/afstortkluis-bestellen\/\" \/>\n<meta property=\"og:locale\" content=\"it_IT\" \/>\n<meta property=\"og:type\" content=\"article\" \/>\n<meta property=\"og:title\" content=\"Een volledig veilige afstortkluis bestellen -\" \/>\n<meta property=\"og:description\" content=\"Een professionele afstortkluis voor uw bedrijf kunt u bij onze firma bestellen. Ontdek ons aanbod aan kluizen en vraag een vrijblijvende offerte aan!\" \/>\n<meta property=\"og:url\" content=\"https:\/\/keybox.nl\/it\/afstortkluis-bestellen\/\" \/>\n<meta property=\"article:modified_time\" content=\"2023-07-25T09:13:19+00:00\" \/>\n<meta property=\"og:image\" content=\"http:\/\/keybox.nl\/wp-content\/uploads\/2021\/12\/KSB103-KSB005-4-scaled.jpg\" \/>\n<meta name=\"twitter:card\" content=\"summary_large_image\" \/>\n<meta name=\"twitter:label1\" content=\"Tempo di lettura stimato\" \/>\n\t<meta name=\"twitter:data1\" content=\"3 minuti\" \/>\n<script type=\"application\/ld+json\" class=\"yoast-schema-graph\">{\"@context\":\"https:\\\/\\\/schema.org\",\"@graph\":[{\"@type\":\"WebPage\",\"@id\":\"https:\\\/\\\/keybox.nl\\\/afstortkluis-bestellen\\\/\",\"url\":\"https:\\\/\\\/keybox.nl\\\/afstortkluis-bestellen\\\/\",\"name\":\"Een volledig veilige afstortkluis bestellen -\",\"isPartOf\":{\"@id\":\"https:\\\/\\\/keybox.nl\\\/#website\"},\"primaryImageOfPage\":{\"@id\":\"https:\\\/\\\/keybox.nl\\\/afstortkluis-bestellen\\\/#primaryimage\"},\"image\":{\"@id\":\"https:\\\/\\\/keybox.nl\\\/afstortkluis-bestellen\\\/#primaryimage\"},\"thumbnailUrl\":\"http:\\\/\\\/keybox.nl\\\/wp-content\\\/uploads\\\/2021\\\/12\\\/KSB103-KSB005-4-scaled.jpg\",\"datePublished\":\"2022-03-11T10:24:18+00:00\",\"dateModified\":\"2023-07-25T09:13:19+00:00\",\"description\":\"Een professionele afstortkluis voor uw bedrijf kunt u bij onze firma bestellen. Ontdek ons aanbod aan kluizen en vraag een vrijblijvende offerte aan!\",\"breadcrumb\":{\"@id\":\"https:\\\/\\\/keybox.nl\\\/afstortkluis-bestellen\\\/#breadcrumb\"},\"inLanguage\":\"it-IT\",\"potentialAction\":[{\"@type\":\"ReadAction\",\"target\":[\"https:\\\/\\\/keybox.nl\\\/afstortkluis-bestellen\\\/\"]}]},{\"@type\":\"ImageObject\",\"inLanguage\":\"it-IT\",\"@id\":\"https:\\\/\\\/keybox.nl\\\/afstortkluis-bestellen\\\/#primaryimage\",\"url\":\"http:\\\/\\\/keybox.nl\\\/wp-content\\\/uploads\\\/2021\\\/12\\\/KSB103-KSB005-4-scaled.jpg\",\"contentUrl\":\"http:\\\/\\\/keybox.nl\\\/wp-content\\\/uploads\\\/2021\\\/12\\\/KSB103-KSB005-4-scaled.jpg\"},{\"@type\":\"BreadcrumbList\",\"@id\":\"https:\\\/\\\/keybox.nl\\\/afstortkluis-bestellen\\\/#breadcrumb\",\"itemListElement\":[{\"@type\":\"ListItem\",\"position\":1,\"name\":\"Home\",\"item\":\"https:\\\/\\\/keybox.nl\\\/\"},{\"@type\":\"ListItem\",\"position\":2,\"name\":\"Afstortkluis bestellen\"}]},{\"@type\":\"WebSite\",\"@id\":\"https:\\\/\\\/keybox.nl\\\/#website\",\"url\":\"https:\\\/\\\/keybox.nl\\\/\",\"name\":\"\",\"description\":\"\",\"potentialAction\":[{\"@type\":\"SearchAction\",\"target\":{\"@type\":\"EntryPoint\",\"urlTemplate\":\"https:\\\/\\\/keybox.nl\\\/?s={search_term_string}\"},\"query-input\":{\"@type\":\"PropertyValueSpecification\",\"valueRequired\":true,\"valueName\":\"search_term_string\"}}],\"inLanguage\":\"it-IT\"}]}<\/script>\n<!-- \/ Yoast SEO plugin. -->","yoast_head_json":{"title":"Ordinare una cassaforte completamente sicura","description":"Potete ordinare alla nostra azienda una cassaforte professionale per la vostra attivit\u00e0. Scoprite la nostra gamma di casseforti e richiedete un preventivo non vincolante!","robots":{"index":"index","follow":"follow","max-snippet":"max-snippet:-1","max-image-preview":"max-image-preview:large","max-video-preview":"max-video-preview:-1"},"canonical":"https:\/\/keybox.nl\/it\/afstortkluis-bestellen\/","og_locale":"it_IT","og_type":"article","og_title":"Een volledig veilige afstortkluis bestellen -","og_description":"Een professionele afstortkluis voor uw bedrijf kunt u bij onze firma bestellen. Ontdek ons aanbod aan kluizen en vraag een vrijblijvende offerte aan!","og_url":"https:\/\/keybox.nl\/it\/afstortkluis-bestellen\/","article_modified_time":"2023-07-25T09:13:19+00:00","og_image":[{"url":"http:\/\/keybox.nl\/wp-content\/uploads\/2021\/12\/KSB103-KSB005-4-scaled.jpg","type":"","width":"","height":""}],"twitter_card":"summary_large_image","twitter_misc":{"Tempo di lettura stimato":"3 minuti"},"schema":{"@context":"https:\/\/schema.org","@graph":[{"@type":"WebPage","@id":"https:\/\/keybox.nl\/afstortkluis-bestellen\/","url":"https:\/\/keybox.nl\/afstortkluis-bestellen\/","name":"Ordinare una cassaforte completamente sicura","isPartOf":{"@id":"https:\/\/keybox.nl\/#website"},"primaryImageOfPage":{"@id":"https:\/\/keybox.nl\/afstortkluis-bestellen\/#primaryimage"},"image":{"@id":"https:\/\/keybox.nl\/afstortkluis-bestellen\/#primaryimage"},"thumbnailUrl":"http:\/\/keybox.nl\/wp-content\/uploads\/2021\/12\/KSB103-KSB005-4-scaled.jpg","datePublished":"2022-03-11T10:24:18+00:00","dateModified":"2023-07-25T09:13:19+00:00","description":"Potete ordinare alla nostra azienda una cassaforte professionale per la vostra attivit\u00e0. Scoprite la nostra gamma di casseforti e richiedete un preventivo non vincolante!","breadcrumb":{"@id":"https:\/\/keybox.nl\/afstortkluis-bestellen\/#breadcrumb"},"inLanguage":"it-IT","potentialAction":[{"@type":"ReadAction","target":["https:\/\/keybox.nl\/afstortkluis-bestellen\/"]}]},{"@type":"ImageObject","inLanguage":"it-IT","@id":"https:\/\/keybox.nl\/afstortkluis-bestellen\/#primaryimage","url":"http:\/\/keybox.nl\/wp-content\/uploads\/2021\/12\/KSB103-KSB005-4-scaled.jpg","contentUrl":"http:\/\/keybox.nl\/wp-content\/uploads\/2021\/12\/KSB103-KSB005-4-scaled.jpg"},{"@type":"BreadcrumbList","@id":"https:\/\/keybox.nl\/afstortkluis-bestellen\/#breadcrumb","itemListElement":[{"@type":"ListItem","position":1,"name":"Home","item":"https:\/\/keybox.nl\/"},{"@type":"ListItem","position":2,"name":"Afstortkluis bestellen"}]},{"@type":"WebSite","@id":"https:\/\/keybox.nl\/#website","url":"https:\/\/keybox.nl\/","name":"","description":"","potentialAction":[{"@type":"SearchAction","target":{"@type":"EntryPoint","urlTemplate":"https:\/\/keybox.nl\/?s={search_term_string}"},"query-input":{"@type":"PropertyValueSpecification","valueRequired":true,"valueName":"search_term_string"}}],"inLanguage":"it-IT"}]}},"jetpack-related-posts":[{"id":30,"url":"https:\/\/keybox.nl\/it\/","url_meta":{"origin":540,"position":0},"title":"Acquistare armadietti sicuri per le chiavi","author":"Keybox@beheermodule","date":"30 Novembre 2021","format":false,"excerpt":"Su Keybox.it potete acquistare, tra le altre cose, una cassaforte robusta o una cassaforte a chiave sicura. Offriamo diversi tipi di casseforti: da quelle a chiave sottile a quelle a muro con rotella di deposito. Con noi potete ordinare una cassaforte per la vostra azienda, ma anche per la vostra casa. Grazie alla nostra ampia gamma di casseforti a chiave,...","rel":"","context":"Con 1 commento","block_context":{"text":"Con 1 commento","link":"https:\/\/keybox.nl\/it\/#comments"},"img":{"alt_text":"","src":"","width":0,"height":0},"classes":[]},{"id":550,"url":"https:\/\/keybox.nl\/it\/sleutelkastjes-met-code-kopen\/","url_meta":{"origin":540,"position":1},"title":"Acquista gli armadietti con il codice","author":"Keybox@beheermodule","date":"11 Marzo 2022","format":false,"excerpt":"Acquistate armadietti sicuri con codice Nel webshop! \u2713 Facili da usare \u2713 Resistenti e sicuri \u2713 Vari modelli Keybox.it \u00e8 il sito web per acquistare armadietti di qualit\u00e0 con codice. Nei nostri armadietti \u00e8 possibile gestire facilmente fino a sette chiavi. Sono dotati di una serie di opzioni che potete personalizzare in base alle vostre...","rel":"","context":"Articolo simile","block_context":{"text":"Articolo simile","link":""},"img":{"alt_text":"","src":"https:\/\/i0.wp.com\/keybox.nl\/wp-content\/uploads\/2022\/02\/Digibox-7-haken-Keybox-e1645195424393.jpg?resize=350%2C200&ssl=1","width":350,"height":200},"classes":[]},{"id":558,"url":"https:\/\/keybox.nl\/it\/cijferslot-kluis-bestellen\/","url_meta":{"origin":540,"position":2},"title":"Ordinare una cassaforte con serratura a combinazione","author":"Keybox@beheermodule","date":"11 Marzo 2022","format":false,"excerpt":"Ordinate una cassaforte con serratura a combinazione nel webshop! Facile da usare \u2713 Resistente e sicura \u2713 Vari modelli Una serratura a combinazione per la vostra cassaforte \u00e8 una buona scelta quando volete ordinare una cassaforte. Una serratura a combinazione offre un'eccellente sicurezza per i vostri oggetti di valore, poich\u00e9 un codice numerico \u00e8 difficile da decifrare. Questo...","rel":"","context":"Articolo simile","block_context":{"text":"Articolo simile","link":""},"img":{"alt_text":"Digibox Ral 5010 Keybox","src":"https:\/\/i0.wp.com\/keybox.nl\/wp-content\/uploads\/2022\/02\/digibox-keybox-RAL-5010.jpg?resize=350%2C200&ssl=1","width":350,"height":200,"srcset":"https:\/\/i0.wp.com\/keybox.nl\/wp-content\/uploads\/2022\/02\/digibox-keybox-RAL-5010.jpg?resize=350%2C200&ssl=1 1x, https:\/\/i0.wp.com\/keybox.nl\/wp-content\/uploads\/2022\/02\/digibox-keybox-RAL-5010.jpg?resize=525%2C300&ssl=1 1.5x, https:\/\/i0.wp.com\/keybox.nl\/wp-content\/uploads\/2022\/02\/digibox-keybox-RAL-5010.jpg?resize=700%2C400&ssl=1 2x, https:\/\/i0.wp.com\/keybox.nl\/wp-content\/uploads\/2022\/02\/digibox-keybox-RAL-5010.jpg?resize=1050%2C600&ssl=1 3x, https:\/\/i0.wp.com\/keybox.nl\/wp-content\/uploads\/2022\/02\/digibox-keybox-RAL-5010.jpg?resize=1400%2C800&ssl=1 4x"},"classes":[]},{"id":1510,"url":"https:\/\/keybox.nl\/it\/geldkluis-bestellen\/","url_meta":{"origin":540,"position":3},"title":"Ordinare una cassaforte per il denaro","author":"Keybox@beheermodule","date":"20 Luglio 2023","format":false,"excerpt":"Ordinate una cassaforte per denaro nel webshop! \u2713 Facile da usare \u2713 Resistente e sicura \u2713 Vari modelli Volete ordinare una cassaforte per denaro? Allora Keybox.it \u00e8 il sito che state cercando. Offriamo casseforti di qualit\u00e0 particolarmente elevata. Le nostre casseforti sono compatte e non danno nell'occhio. Inoltre, sono completamente resistenti all'effrazione e...","rel":"","context":"Articolo simile","block_context":{"text":"Articolo simile","link":""},"img":{"alt_text":"","src":"https:\/\/i0.wp.com\/keybox.nl\/wp-content\/uploads\/2021\/12\/KSB_102_1-e1638478691321.jpg?resize=350%2C200&ssl=1","width":350,"height":200,"srcset":"https:\/\/i0.wp.com\/keybox.nl\/wp-content\/uploads\/2021\/12\/KSB_102_1-e1638478691321.jpg?resize=350%2C200&ssl=1 1x, https:\/\/i0.wp.com\/keybox.nl\/wp-content\/uploads\/2021\/12\/KSB_102_1-e1638478691321.jpg?resize=525%2C300&ssl=1 1.5x, https:\/\/i0.wp.com\/keybox.nl\/wp-content\/uploads\/2021\/12\/KSB_102_1-e1638478691321.jpg?resize=700%2C400&ssl=1 2x"},"classes":[]},{"id":1509,"url":"https:\/\/keybox.nl\/it\/digitaal-sleutelbeheersysteem\/","url_meta":{"origin":540,"position":4},"title":"sistema di gestione delle chiavi digitali","author":"Keybox@beheermodule","date":"20 Luglio 2023","format":false,"excerpt":"Sistema di gestione delle chiavi digitali Nel webshop! \u2713 Facile da usare \u2713 Resistente e sicuro \u2713 Vari modelli Siete interessati a un sistema di gestione digitale delle chiavi? Allora il nostro Digibox con sette ganci per chiavi \u00e8 esattamente quello che state cercando. Grazie a questo ingegnoso sistema, potrete gestire le chiavi della vostra azienda in modo sicuro e preciso....","rel":"","context":"Articolo simile","block_context":{"text":"Articolo simile","link":""},"img":{"alt_text":"Digibox Ral 5010 Keybox","src":"https:\/\/i0.wp.com\/keybox.nl\/wp-content\/uploads\/2022\/02\/digibox-keybox-RAL-5010.jpg?resize=350%2C200&ssl=1","width":350,"height":200,"srcset":"https:\/\/i0.wp.com\/keybox.nl\/wp-content\/uploads\/2022\/02\/digibox-keybox-RAL-5010.jpg?resize=350%2C200&ssl=1 1x, https:\/\/i0.wp.com\/keybox.nl\/wp-content\/uploads\/2022\/02\/digibox-keybox-RAL-5010.jpg?resize=525%2C300&ssl=1 1.5x, https:\/\/i0.wp.com\/keybox.nl\/wp-content\/uploads\/2022\/02\/digibox-keybox-RAL-5010.jpg?resize=700%2C400&ssl=1 2x, https:\/\/i0.wp.com\/keybox.nl\/wp-content\/uploads\/2022\/02\/digibox-keybox-RAL-5010.jpg?resize=1050%2C600&ssl=1 3x, https:\/\/i0.wp.com\/keybox.nl\/wp-content\/uploads\/2022\/02\/digibox-keybox-RAL-5010.jpg?resize=1400%2C800&ssl=1 4x"},"classes":[]},{"id":1528,"url":"https:\/\/keybox.nl\/it\/elektronische-sleutelkluis-kopen\/","url_meta":{"origin":540,"position":5},"title":"chiave elettronica-acquisto sicuro","author":"Keybox@beheermodule","date":"20 Luglio 2023","format":false,"excerpt":"Acquistate una cassaforte a chiave elettronica sul webshop! \u2713 Facile da usare \u2713 Resistente e sicura \u2713 Vari modelli L'acquisto di una cassaforte elettronica per chiavi \u00e8 il primo passo per garantire la sicurezza della vostra azienda o della vostra casa. Keybox.it vi offre la soluzione pi\u00f9 adatta alle vostre esigenze. Queste casseforti...","rel":"","context":"Articolo simile","block_context":{"text":"Articolo simile","link":""},"img":{"alt_text":"","src":"https:\/\/i0.wp.com\/keybox.nl\/wp-content\/uploads\/2023\/02\/Keysafe-Big-Pro-sleutelkastje_keybox.jpeg?resize=350%2C200&ssl=1","width":350,"height":200,"srcset":"https:\/\/i0.wp.com\/keybox.nl\/wp-content\/uploads\/2023\/02\/Keysafe-Big-Pro-sleutelkastje_keybox.jpeg?resize=350%2C200&ssl=1 1x, https:\/\/i0.wp.com\/keybox.nl\/wp-content\/uploads\/2023\/02\/Keysafe-Big-Pro-sleutelkastje_keybox.jpeg?resize=525%2C300&ssl=1 1.5x, https:\/\/i0.wp.com\/keybox.nl\/wp-content\/uploads\/2023\/02\/Keysafe-Big-Pro-sleutelkastje_keybox.jpeg?resize=700%2C400&ssl=1 2x"},"classes":[]}],"jetpack_sharing_enabled":true,"_links":{"self":[{"href":"https:\/\/keybox.nl\/it\/wp-json\/wp\/v2\/pages\/540","targetHints":{"allow":["GET"]}}],"collection":[{"href":"https:\/\/keybox.nl\/it\/wp-json\/wp\/v2\/pages"}],"about":[{"href":"https:\/\/keybox.nl\/it\/wp-json\/wp\/v2\/types\/page"}],"author":[{"embeddable":true,"href":"https:\/\/keybox.nl\/it\/wp-json\/wp\/v2\/users\/1"}],"replies":[{"embeddable":true,"href":"https:\/\/keybox.nl\/it\/wp-json\/wp\/v2\/comments?post=540"}],"version-history":[{"count":4,"href":"https:\/\/keybox.nl\/it\/wp-json\/wp\/v2\/pages\/540\/revisions"}],"predecessor-version":[{"id":1640,"href":"https:\/\/keybox.nl\/it\/wp-json\/wp\/v2\/pages\/540\/revisions\/1640"}],"wp:attachment":[{"href":"https:\/\/keybox.nl\/it\/wp-json\/wp\/v2\/media?parent=540"}],"curies":[{"name":"wp","href":"https:\/\/api.w.org\/{rel}","templated":true}]}}