{"id":5,"date":"2021-11-03T15:47:19","date_gmt":"2021-11-03T15:47:19","guid":{"rendered":"http:\/\/keybox.nl\/?page_id=5"},"modified":"2023-01-24T15:54:08","modified_gmt":"2023-01-24T15:54:08","slug":"maak-je-site-met-blokken","status":"publish","type":"page","link":"https:\/\/keybox.nl\/it\/maak-je-site-met-blokken\/","title":{"rendered":"Casa"},"content":{"rendered":"<p>Keybox.it \u00e8 in fase di rinnovamento e sar\u00e0 presto di nuovo attivo!<\/p>\n\n\n\n<p>\ud83d\udce7 <a href=\"mailto:info@keybox.nl\">Info@keybox.nl<\/a>   \u2706 <a href=\"tel:310355330658\">+31 035-5330658<\/a><\/p>\n\n\n\n<div class=\"wp-block-columns alignwide are-vertically-aligned-center is-style-twentytwentyone-columns-overlap is-layout-flex wp-container-core-columns-is-layout-28f84493 wp-block-columns-is-layout-flex\">\n<div class=\"wp-block-column is-vertically-aligned-center is-layout-flow wp-block-column-is-layout-flow\">\n<div style=\"height:100px\" aria-hidden=\"true\" class=\"wp-block-spacer\"><\/div>\n<\/div>\n\n\n\n<div class=\"wp-block-column is-vertically-aligned-center is-layout-flow wp-block-column-is-layout-flow\">\n<div style=\"height:100px\" aria-hidden=\"true\" class=\"wp-block-spacer\"><\/div>\n<\/div>\n<\/div>\n\n\n\n<div style=\"height:50px\" aria-hidden=\"true\" class=\"wp-block-spacer\"><\/div>\n\n\n\n<div class=\"wp-block-columns alignwide are-vertically-aligned-top is-layout-flex wp-container-core-columns-is-layout-28f84493 wp-block-columns-is-layout-flex\">\n<div class=\"wp-block-column is-vertically-aligned-top is-layout-flow wp-block-column-is-layout-flow\"><\/div>\n\n\n\n<div class=\"wp-block-column is-vertically-aligned-top is-layout-flow wp-block-column-is-layout-flow\"><\/div>\n\n\n\n<div class=\"wp-block-column is-vertically-aligned-top is-layout-flow wp-block-column-is-layout-flow\"><\/div>\n<\/div>\n\n\n\n<div style=\"height:100px\" aria-hidden=\"true\" class=\"wp-block-spacer\"><\/div>","protected":false},"excerpt":{"rendered":"<p>Keybox.nl si rinnova e sar\u00e0 presto di nuovo online! \ud83d\udce7 Info@keybox.nl \u2706 +31 035-5330658<\/p>","protected":false},"author":1,"featured_media":0,"parent":0,"menu_order":0,"comment_status":"closed","ping_status":"closed","template":"","meta":{"footnotes":""},"class_list":["post-5","page","type-page","status-publish","hentry"],"yoast_head":"<!-- This site is optimized with the Yoast SEO plugin v27.5 - https:\/\/yoast.com\/product\/yoast-seo-wordpress\/ -->\n<title>Home -<\/title>\n<meta name=\"robots\" content=\"index, follow, max-snippet:-1, max-image-preview:large, max-video-preview:-1\" \/>\n<link rel=\"canonical\" href=\"https:\/\/keybox.nl\/it\/maak-je-site-met-blokken\/\" \/>\n<meta property=\"og:locale\" content=\"it_IT\" \/>\n<meta property=\"og:type\" content=\"article\" \/>\n<meta property=\"og:title\" content=\"Home -\" \/>\n<meta property=\"og:description\" content=\"Keybox.nl wordt vernieuwd en is binnenkort weer live! \ud83d\udce7 Info@keybox.nl \u2706 +31 035-5330658\" \/>\n<meta property=\"og:url\" content=\"https:\/\/keybox.nl\/it\/maak-je-site-met-blokken\/\" \/>\n<meta property=\"article:modified_time\" content=\"2023-01-24T15:54:08+00:00\" \/>\n<meta name=\"twitter:card\" content=\"summary_large_image\" \/>\n<meta name=\"twitter:label1\" content=\"Tempo di lettura stimato\" \/>\n\t<meta name=\"twitter:data1\" content=\"1 minuto\" \/>\n<script type=\"application\/ld+json\" class=\"yoast-schema-graph\">{\"@context\":\"https:\\\/\\\/schema.org\",\"@graph\":[{\"@type\":\"WebPage\",\"@id\":\"https:\\\/\\\/keybox.nl\\\/maak-je-site-met-blokken\\\/\",\"url\":\"https:\\\/\\\/keybox.nl\\\/maak-je-site-met-blokken\\\/\",\"name\":\"Home -\",\"isPartOf\":{\"@id\":\"https:\\\/\\\/keybox.nl\\\/#website\"},\"datePublished\":\"2021-11-03T15:47:19+00:00\",\"dateModified\":\"2023-01-24T15:54:08+00:00\",\"breadcrumb\":{\"@id\":\"https:\\\/\\\/keybox.nl\\\/maak-je-site-met-blokken\\\/#breadcrumb\"},\"inLanguage\":\"it-IT\",\"potentialAction\":[{\"@type\":\"ReadAction\",\"target\":[\"https:\\\/\\\/keybox.nl\\\/maak-je-site-met-blokken\\\/\"]}]},{\"@type\":\"BreadcrumbList\",\"@id\":\"https:\\\/\\\/keybox.nl\\\/maak-je-site-met-blokken\\\/#breadcrumb\",\"itemListElement\":[{\"@type\":\"ListItem\",\"position\":1,\"name\":\"Home\",\"item\":\"https:\\\/\\\/keybox.nl\\\/\"},{\"@type\":\"ListItem\",\"position\":2,\"name\":\"Home\"}]},{\"@type\":\"WebSite\",\"@id\":\"https:\\\/\\\/keybox.nl\\\/#website\",\"url\":\"https:\\\/\\\/keybox.nl\\\/\",\"name\":\"\",\"description\":\"\",\"potentialAction\":[{\"@type\":\"SearchAction\",\"target\":{\"@type\":\"EntryPoint\",\"urlTemplate\":\"https:\\\/\\\/keybox.nl\\\/?s={search_term_string}\"},\"query-input\":{\"@type\":\"PropertyValueSpecification\",\"valueRequired\":true,\"valueName\":\"search_term_string\"}}],\"inLanguage\":\"it-IT\"}]}<\/script>\n<!-- \/ Yoast SEO plugin. -->","yoast_head_json":{"title":"Casa -","robots":{"index":"index","follow":"follow","max-snippet":"max-snippet:-1","max-image-preview":"max-image-preview:large","max-video-preview":"max-video-preview:-1"},"canonical":"https:\/\/keybox.nl\/it\/maak-je-site-met-blokken\/","og_locale":"it_IT","og_type":"article","og_title":"Home -","og_description":"Keybox.nl wordt vernieuwd en is binnenkort weer live! \ud83d\udce7 Info@keybox.nl \u2706 +31 035-5330658","og_url":"https:\/\/keybox.nl\/it\/maak-je-site-met-blokken\/","article_modified_time":"2023-01-24T15:54:08+00:00","twitter_card":"summary_large_image","twitter_misc":{"Tempo di lettura stimato":"1 minuto"},"schema":{"@context":"https:\/\/schema.org","@graph":[{"@type":"WebPage","@id":"https:\/\/keybox.nl\/maak-je-site-met-blokken\/","url":"https:\/\/keybox.nl\/maak-je-site-met-blokken\/","name":"Casa -","isPartOf":{"@id":"https:\/\/keybox.nl\/#website"},"datePublished":"2021-11-03T15:47:19+00:00","dateModified":"2023-01-24T15:54:08+00:00","breadcrumb":{"@id":"https:\/\/keybox.nl\/maak-je-site-met-blokken\/#breadcrumb"},"inLanguage":"it-IT","potentialAction":[{"@type":"ReadAction","target":["https:\/\/keybox.nl\/maak-je-site-met-blokken\/"]}]},{"@type":"BreadcrumbList","@id":"https:\/\/keybox.nl\/maak-je-site-met-blokken\/#breadcrumb","itemListElement":[{"@type":"ListItem","position":1,"name":"Home","item":"https:\/\/keybox.nl\/"},{"@type":"ListItem","position":2,"name":"Home"}]},{"@type":"WebSite","@id":"https:\/\/keybox.nl\/#website","url":"https:\/\/keybox.nl\/","name":"","description":"","potentialAction":[{"@type":"SearchAction","target":{"@type":"EntryPoint","urlTemplate":"https:\/\/keybox.nl\/?s={search_term_string}"},"query-input":{"@type":"PropertyValueSpecification","valueRequired":true,"valueName":"search_term_string"}}],"inLanguage":"it-IT"}]}},"jetpack-related-posts":[{"id":554,"url":"https:\/\/keybox.nl\/it\/kluis-waardeberging-kopen-2\/","url_meta":{"origin":5,"position":0},"title":"Acquistare una cassetta di sicurezza","author":"Keybox@beheermodule","date":"11 Marzo 2022","format":false,"excerpt":"Acquistare una cassaforte ad alta sicurezza Nel webshop! \u2713 Facile da usare \u2713 Resistente e sicura \u2713 Diversi modelli Per i beni di incredibile valore, \u00e8 consigliabile acquistare una cassaforte con un deposito di valore elevato. Pi\u00f9 alto \u00e8 il deposito di valore, pi\u00f9 la cassaforte \u00e8 resistente alle effrazioni. Noi di Keybox.nl a Bussum...","rel":"","context":"Articolo simile","block_context":{"text":"Articolo simile","link":""},"img":{"alt_text":"kluis peugeot","src":"https:\/\/i0.wp.com\/keybox.nl\/wp-content\/uploads\/2022\/02\/KSB007-Peugeot-scaled-e1643751089776.jpg?resize=350%2C200&ssl=1","width":350,"height":200,"srcset":"https:\/\/i0.wp.com\/keybox.nl\/wp-content\/uploads\/2022\/02\/KSB007-Peugeot-scaled-e1643751089776.jpg?resize=350%2C200&ssl=1 1x, https:\/\/i0.wp.com\/keybox.nl\/wp-content\/uploads\/2022\/02\/KSB007-Peugeot-scaled-e1643751089776.jpg?resize=525%2C300&ssl=1 1.5x"},"classes":[]},{"id":1400,"url":"https:\/\/keybox.nl\/it\/montage-installatie\/","url_meta":{"origin":5,"position":1},"title":"Montaggio e installazione della cassaforte","author":"Keybox@beheermodule","date":"16 Febbraio 2023","format":false,"excerpt":"Acquistare una cassaforte e farla installare professionalmente? Scegliete Keybox.it Su Keybox.it non solo potete acquistare una cassaforte, ma anche farla assemblare e installare professionalmente. Offriamo un servizio completo: dalla consulenza personale all'installazione professionale in loco. Cos\u00ec avrete la certezza della massima sicurezza...","rel":"","context":"Articolo simile","block_context":{"text":"Articolo simile","link":""},"img":{"alt_text":"","src":"https:\/\/i0.wp.com\/keybox.nl\/wp-content\/uploads\/2023\/02\/Bestelbus-keybox.jpg?resize=350%2C200&ssl=1","width":350,"height":200,"srcset":"https:\/\/i0.wp.com\/keybox.nl\/wp-content\/uploads\/2023\/02\/Bestelbus-keybox.jpg?resize=350%2C200&ssl=1 1x, https:\/\/i0.wp.com\/keybox.nl\/wp-content\/uploads\/2023\/02\/Bestelbus-keybox.jpg?resize=525%2C300&ssl=1 1.5x, https:\/\/i0.wp.com\/keybox.nl\/wp-content\/uploads\/2023\/02\/Bestelbus-keybox.jpg?resize=700%2C400&ssl=1 2x"},"classes":[]},{"id":1883,"url":"https:\/\/keybox.nl\/it\/cookiebeleid-eu\/","url_meta":{"origin":5,"position":2},"title":"Politica sui cookie (UE)","author":"Keybox@beheermodule","date":"11 Febbraio 2026","format":false,"excerpt":"","rel":"","context":"Articolo simile","block_context":{"text":"Articolo simile","link":""},"img":{"alt_text":"","src":"","width":0,"height":0},"classes":[]},{"id":31,"url":"https:\/\/keybox.nl\/it\/winkelwagen\/","url_meta":{"origin":5,"position":3},"title":"Carrello della spesa","author":"Keybox@beheermodule","date":"30 Novembre 2021","format":false,"excerpt":"","rel":"","context":"Articolo simile","block_context":{"text":"Articolo simile","link":""},"img":{"alt_text":"","src":"","width":0,"height":0},"classes":[]},{"id":32,"url":"https:\/\/keybox.nl\/it\/afrekenen\/","url_meta":{"origin":5,"position":4},"title":"Cassa","author":"Keybox@beheermodule","date":"30 Novembre 2021","format":false,"excerpt":"","rel":"","context":"Articolo simile","block_context":{"text":"Articolo simile","link":""},"img":{"alt_text":"","src":"","width":0,"height":0},"classes":[]},{"id":33,"url":"https:\/\/keybox.nl\/it\/mijn-account\/","url_meta":{"origin":5,"position":5},"title":"Il mio account","author":"Keybox@beheermodule","date":"30 Novembre 2021","format":false,"excerpt":"","rel":"","context":"Articolo simile","block_context":{"text":"Articolo simile","link":""},"img":{"alt_text":"","src":"","width":0,"height":0},"classes":[]}],"jetpack_sharing_enabled":true,"_links":{"self":[{"href":"https:\/\/keybox.nl\/it\/wp-json\/wp\/v2\/pages\/5","targetHints":{"allow":["GET"]}}],"collection":[{"href":"https:\/\/keybox.nl\/it\/wp-json\/wp\/v2\/pages"}],"about":[{"href":"https:\/\/keybox.nl\/it\/wp-json\/wp\/v2\/types\/page"}],"author":[{"embeddable":true,"href":"https:\/\/keybox.nl\/it\/wp-json\/wp\/v2\/users\/1"}],"replies":[{"embeddable":true,"href":"https:\/\/keybox.nl\/it\/wp-json\/wp\/v2\/comments?post=5"}],"version-history":[{"count":8,"href":"https:\/\/keybox.nl\/it\/wp-json\/wp\/v2\/pages\/5\/revisions"}],"predecessor-version":[{"id":1297,"href":"https:\/\/keybox.nl\/it\/wp-json\/wp\/v2\/pages\/5\/revisions\/1297"}],"wp:attachment":[{"href":"https:\/\/keybox.nl\/it\/wp-json\/wp\/v2\/media?parent=5"}],"curies":[{"name":"wp","href":"https:\/\/api.w.org\/{rel}","templated":true}]}}