{"id":41,"date":"2021-11-30T21:28:25","date_gmt":"2021-11-30T21:28:25","guid":{"rendered":"http:\/\/keybox.nl\/?page_id=41"},"modified":"2021-11-30T21:35:54","modified_gmt":"2021-11-30T21:35:54","slug":"41-2","status":"publish","type":"page","link":"https:\/\/keybox.nl\/it\/41-2\/","title":{"rendered":"Termini e condizioni generali"},"content":{"rendered":"<p>Termini e condizioni generali del webshop Keybox.it<br>Indice dei contenuti:<br>Articolo 1 - Definizioni<br>Articolo 2 - Identit\u00e0 dell'imprenditore<br>Articolo 3 - Applicabilit\u00e0<br>Articolo 4 - L'offerta<br>Articolo 5 - L'accordo<br>Articolo 6 - Diritto di recesso<br>Articolo 7 - Costi in caso di recesso<br>Articolo 8 - Esclusione del diritto di recesso<br>Articolo 9 - Il prezzo<br>Articolo 10 - Conformit\u00e0 e garanzia<br>Articolo 11 - Consegna ed esecuzione<br>Articolo 12 - Operazioni di durata: durata, risoluzione e rinnovo<br>Articolo 13 - Pagamento<br>Articolo 14 - Procedura di reclamo<br>Articolo 15 - Controversie<br>Articolo 16 - Disposizioni aggiuntive o diverse<\/p>\n\n\n\n<p>Articolo 1 - Definizioni<br>Nei presenti termini e condizioni si applicano le seguenti definizioni:<br>1. Periodo di riflessione: il periodo entro il quale il consumatore pu\u00f2 esercitare il diritto di recesso;<br>2. Consumatore: la persona fisica che non agisce nell'esercizio di una professione o di un'attivit\u00e0 commerciale e che stipula un contratto a distanza con l'imprenditore;<br>3. Giorno: giorno di calendario;<br>4. Transazione di durata: contratto a distanza relativo a una serie di prodotti e\/o servizi, il cui obbligo di consegna e\/o acquisto \u00e8 distribuito nel tempo;<br>5. Supporto durevole: qualsiasi mezzo che consenta al consumatore o all'imprenditore di memorizzare informazioni a lui personalmente dirette in modo da consentire la futura consultazione e la riproduzione inalterata delle informazioni memorizzate.<br>6. Diritto di recesso: la possibilit\u00e0 per il consumatore di recedere dal contratto a distanza entro il periodo di riflessione;<br>7. Imprenditore: persona fisica o giuridica che offre prodotti e\/o servizi ai consumatori a distanza;<br>8. Contratto a distanza: un accordo in cui, nell'ambito di un sistema organizzato dall'imprenditore per la vendita a distanza di prodotti e\/o servizi, fino alla conclusione del contratto, si fa uso esclusivo di una o pi\u00f9 tecniche di comunicazione a distanza;<br>9. Tecnologia per la comunicazione a distanza: mezzi che possono essere utilizzati per concludere un accordo, senza che il consumatore e l'imprenditore si trovino nella stessa stanza nello stesso momento.<\/p>\n\n\n\n<p>Articolo 2 - Identit\u00e0 dell'imprenditore<br>Keybox.nl fa parte della societ\u00e0 commerciale olandese Blaricum B.V. Laarderweg 73, 1402BE, Bussum<br>Numero di telefono: 035-5330658 lun-ven 9.00-17.00<br>Indirizzo e-mail: info@keybox.nl<br>Numero della Camera di Commercio: 68333625<br>Btw-identificatienummer: NL857397382B01<\/p>\n\n\n\n<p>Articolo 3 - Applicabilit\u00e0<br>1. I presenti termini e condizioni generali si applicano a ogni offerta dell'imprenditore e a ogni contratto a distanza stipulato tra imprenditore e consumatore.<br>2. Prima della conclusione del contratto a distanza, il testo delle presenti condizioni generali sar\u00e0 messo a disposizione del consumatore. Se ci\u00f2 non \u00e8 ragionevolmente possibile, prima della conclusione del contratto a distanza sar\u00e0 indicato che le condizioni generali possono essere consultate presso i locali dell'imprenditore e che, su richiesta del consumatore, saranno inviate gratuitamente nel pi\u00f9 breve tempo possibile.<br>3. Se il contratto a distanza \u00e8 concluso per via elettronica, in deroga al paragrafo precedente e prima della conclusione del contratto a distanza, il testo delle presenti condizioni generali pu\u00f2 essere messo a disposizione del consumatore per via elettronica in modo tale da poter essere facilmente memorizzato dal consumatore su un supporto dati durevole. Se ci\u00f2 non \u00e8 ragionevolmente possibile, prima della conclusione del contratto a distanza sar\u00e0 indicato dove le condizioni generali possono essere consultate elettronicamente e che saranno inviate elettronicamente o altrimenti gratuitamente su richiesta del consumatore.<br>4. Nel caso in cui, oltre alle presenti condizioni generali, si applichino condizioni specifiche di prodotto o di servizio, il secondo e il terzo paragrafo si applicano mutatis mutandis e, in caso di conflitto tra le condizioni generali, il consumatore pu\u00f2 sempre fare affidamento sulla disposizione applicabile pi\u00f9 favorevole per lui.<\/p>\n\n\n\n<p>Articolo 4 - L'offerta<br>1. Se un'offerta ha un periodo di validit\u00e0 limitato o \u00e8 soggetta a condizioni, ci\u00f2 deve essere espressamente indicato nell'offerta.<br>2. L'offerta contiene una descrizione completa e accurata dei prodotti e\/o servizi offerti. La descrizione \u00e8 sufficientemente dettagliata da permettere al consumatore di valutare adeguatamente l'offerta. Se il commerciante utilizza immagini, queste rappresentano fedelmente i prodotti e\/o i servizi offerti. Errori evidenti o palesi nell'offerta non vincolano l'imprenditore.<br>3. Ogni offerta contiene informazioni tali da rendere chiaro al consumatore quali sono i diritti e gli obblighi connessi all'accettazione dell'offerta. Ci\u00f2 riguarda in particolare:<br>o il prezzo comprensivo di tasse;<br>o eventuali spese di spedizione;<br>o Le modalit\u00e0 di conclusione dell'accordo e le azioni necessarie a tal fine;<br>o se si applica o meno il diritto di recesso;<br>o le modalit\u00e0 di pagamento, consegna ed esecuzione del contratto;<br>o il termine per l'accettazione dell'offerta o il termine entro il quale l'imprenditore garantisce il prezzo;<br>o l'importo della tariffa di comunicazione a distanza se i costi di utilizzo della tecnica di comunicazione a distanza sono calcolati su una base diversa dalla normale tariffa di base per il mezzo di comunicazione utilizzato;<br>o Se il contratto viene archiviato dopo la sua conclusione e, in caso affermativo, come pu\u00f2 essere consultato dal consumatore;<br>o le modalit\u00e0 con cui il consumatore, prima di concludere il contratto, pu\u00f2 verificare i dati da lui forniti nel contesto del contratto e, se lo desidera, rettificarli;<br>o qualsiasi altra lingua in cui, oltre all'olandese, l'accordo pu\u00f2 essere concluso;<br>o i codici di condotta a cui il professionista si \u00e8 sottoposto e le modalit\u00e0 con cui il consumatore pu\u00f2 consultare tali codici di condotta per via elettronica; e<br>o la durata minima del contratto a distanza nel caso di una transazione di durata.<\/p>\n\n\n\n<p>Articolo 5 - L'accordo<br>1. Fatte salve le disposizioni del paragrafo 4, il contratto \u00e8 concluso nel momento in cui il consumatore accetta l'offerta e soddisfa le condizioni ivi stabilite.<br>2. Se il consumatore ha accettato l'offerta per via elettronica, l'imprenditore deve confermare immediatamente la ricezione dell'accettazione dell'offerta per via elettronica. Finch\u00e9 la ricezione di tale accettazione non \u00e8 stata confermata dall'imprenditore, il consumatore pu\u00f2 sciogliere il contratto.<br>3. Se il contratto viene concluso per via elettronica, l'imprenditore adotter\u00e0 misure tecniche e organizzative adeguate per proteggere il trasferimento elettronico dei dati e garantir\u00e0 un ambiente web sicuro. Se il consumatore pu\u00f2 pagare elettronicamente, l'imprenditore osserver\u00e0 misure di sicurezza adeguate.<br>4. L'imprenditore pu\u00f2, nell'ambito delle disposizioni di legge, verificare se il consumatore \u00e8 in grado di far fronte ai propri obblighi di pagamento, nonch\u00e9 tutti i fatti e i fattori importanti per una conclusione responsabile del contratto a distanza. Se, sulla base di questa indagine, l'imprenditore ha buoni motivi per non stipulare il contratto, ha il diritto di rifiutare un ordine o una richiesta o di imporre condizioni speciali per l'attuazione, indicandone i motivi.<br>5. L'imprenditore includer\u00e0 le seguenti informazioni con il prodotto o il servizio al consumatore, per iscritto o in modo che possano essere memorizzate dal consumatore in modo accessibile su un supporto dati durevole:<br>a. l'indirizzo della sede del professionista a cui il consumatore pu\u00f2 rivolgere i reclami;<br>b. le condizioni e le modalit\u00e0 con cui il consumatore pu\u00f2 avvalersi del diritto di recesso, o una dichiarazione chiara sull'esclusione del diritto di recesso;<br>c. le informazioni sulle garanzie e sui servizi post-vendita esistenti;<br>d. i dati di cui all'articolo 4, paragrafo 3, delle presenti condizioni, a meno che l'imprenditore non li abbia gi\u00e0 forniti al consumatore prima dell'esecuzione del contratto;<br>e. i requisiti per la risoluzione del contratto se il contratto ha una durata superiore a un anno o \u00e8 a tempo indeterminato.<br>6. Nel caso di una transazione di durata, la disposizione del paragrafo precedente si applica solo alla prima consegna.<\/p>\n\n\n\n<p>Articolo 6 - Diritto di recesso<br>1. Al momento dell'acquisto di prodotti, il consumatore ha la possibilit\u00e0 di sciogliere il contratto senza fornire motivazioni per 14 giorni. Questo periodo di riflessione inizia il giorno successivo al ricevimento del prodotto da parte del consumatore o di un rappresentante precedentemente designato dal consumatore e reso noto all'imprenditore.<br>2. Durante il periodo di riflessione, il consumatore tratter\u00e0 il prodotto e la sua confezione con cura. Disimballer\u00e0 o utilizzer\u00e0 il prodotto solo nella misura necessaria a valutare se desidera conservare il prodotto. Se esercita il diritto di recesso, restituir\u00e0 il prodotto al commerciante con tutti gli accessori consegnati e - se ragionevolmente possibile - nelle condizioni e nell'imballaggio originali, in conformit\u00e0 alle istruzioni ragionevoli e chiare fornite dal commerciante.<\/p>\n\n\n\n<p>Articolo 7 - Costi in caso di recesso<br>1. Se il consumatore esercita il diritto di recesso, le spese di spedizione di ritorno sono al massimo a suo carico.<br>2. Se il consumatore ha pagato un importo, l'imprenditore lo rimborser\u00e0 il prima possibile, ma non oltre 30 giorni dalla restituzione o dal recesso.<\/p>\n\n\n\n<p>Articolo 8 - Esclusione del diritto di recesso<br>1. L'imprenditore pu\u00f2 escludere il diritto di recesso del consumatore nella misura prevista dai commi 2 e 3. L'esclusione del diritto di recesso si applica solo se l'imprenditore lo ha chiaramente indicato nell'offerta, almeno in tempo utile prima della conclusione del contratto.<br>2. L'esclusione del diritto di recesso \u00e8 possibile solo per i prodotti:<br>a. che sono stati creati dall'imprenditore in base alle specifiche del consumatore;<br>b. che sono chiaramente di natura personale;<br>c. che per loro natura non possono essere restituiti;<br>d. che si rovinano o invecchiano rapidamente;<br>e. il cui prezzo \u00e8 soggetto alle fluttuazioni del mercato finanziario su cui l'imprenditore non ha alcuna influenza;<br>f. per giornali e riviste sfusi;<br>g. per le registrazioni audio e video e i software informatici di cui il consumatore ha rotto il sigillo.<br>3. L'esclusione del diritto di recesso \u00e8 possibile solo per i servizi:<br>a. riguardanti l'alloggio, il trasporto, la ristorazione o le attivit\u00e0 di svago da svolgere in una certa data o durante un certo periodo;<br>b. la cui consegna \u00e8 iniziata con il consenso espresso del consumatore prima della scadenza del periodo di riflessione;<br>c. in materia di scommesse e lotterie.<\/p>\n\n\n\n<p>Articolo 9 - Il prezzo<br>1. Durante il periodo di validit\u00e0 indicato nell'offerta, i prezzi dei prodotti e\/o dei servizi offerti non subiranno aumenti, ad eccezione delle variazioni di prezzo dovute a modifiche delle aliquote IVA.<br>2. In deroga al paragrafo precedente, l'imprenditore pu\u00f2 offrire prodotti o servizi i cui prezzi sono soggetti alle fluttuazioni del mercato finanziario e sui quali l'imprenditore non ha alcuna influenza, con prezzi variabili. Questo legame con le fluttuazioni e il fatto che i prezzi indicati sono prezzi indicativi devono essere indicati nell'offerta.<br>3. Gli aumenti di prezzo entro 3 mesi dalla stipula del contratto sono consentiti solo se derivanti da norme o disposizioni di legge.<br>4. Gli aumenti di prezzo a partire da 3 mesi dopo la conclusione del contratto sono consentiti solo se l'imprenditore li ha stipulati e:<br>a. derivano da regolamenti o disposizioni di legge; oppure<br>b. il consumatore \u00e8 autorizzato a recedere dal contratto a partire dal giorno in cui entra in vigore l'aumento di prezzo.<br>5. I prezzi indicati nell'offerta di prodotti o servizi sono comprensivi di IVA.<\/p>\n\n\n\n<p>Articolo 10 - Conformit\u00e0 e garanzia<br>1. L'imprenditore garantisce che i prodotti e\/o i servizi sono conformi al contratto, alle specifiche indicate nell'offerta, ai ragionevoli requisiti di solidit\u00e0 e\/o utilizzabilit\u00e0 e alle disposizioni di legge e\/o ai regolamenti governativi vigenti alla data di conclusione del contratto. Se concordato, l'imprenditore garantisce anche che il prodotto \u00e8 adatto a un uso diverso da quello normale.<br>2. Una garanzia fornita dall'imprenditore, dal produttore o dall'importatore non pregiudica i diritti e le pretese legali che il consumatore pu\u00f2 far valere nei confronti dell'imprenditore sulla base del contratto. Gli articoli in vendita e i modelli dimostrativi non rientrano nella normale garanzia. A questi articoli si applica una garanzia di 2 mesi.<\/p>\n\n\n\n<p>Articolo 11 - Consegna ed esecuzione<br>1. L'imprenditore prester\u00e0 la massima attenzione nel ricevere ed eseguire gli ordini di prodotti e nel valutare le richieste di fornitura di servizi.<br>2. Il luogo di consegna \u00e8 l'indirizzo che il consumatore ha comunicato all'azienda.<br>3. Fatto salvo quanto stabilito all'articolo 4 dei presenti termini e condizioni generali, la societ\u00e0 eseguir\u00e0 gli ordini accettati con la dovuta rapidit\u00e0, ma al pi\u00f9 tardi entro 30 giorni, a meno che non sia stato concordato un periodo di consegna pi\u00f9 lungo. Se la consegna \u00e8 ritardata, o se un ordine non pu\u00f2 essere eseguito o pu\u00f2 essere eseguito solo parzialmente, il consumatore ne sar\u00e0 informato al pi\u00f9 tardi 30 giorni dopo l'invio dell'ordine. In tal caso, il consumatore ha il diritto di sciogliere il contratto senza spese e il diritto a un eventuale risarcimento danni.<br>4. In caso di scioglimento ai sensi del paragrafo precedente, l'imprenditore rimborser\u00e0 l'importo pagato dal consumatore il prima possibile, ma al massimo entro 30 giorni dallo scioglimento.<br>5. Se la consegna di un prodotto ordinato risulta impossibile, l'imprenditore si impegna a fornire un articolo sostitutivo. Al pi\u00f9 tardi al momento della consegna, verr\u00e0 indicato in modo chiaro e comprensibile che viene consegnato un articolo sostitutivo. In caso di articoli sostitutivi, il diritto di recesso non pu\u00f2 essere escluso. I costi di un'eventuale spedizione di ritorno sono a carico dell'imprenditore.<br>6. Il rischio di danneggiamento e\/o perdita dei prodotti \u00e8 a carico dell'imprenditore fino al momento della consegna al consumatore o a un rappresentante designato in anticipo e reso noto all'imprenditore, a meno che non sia stato esplicitamente concordato diversamente.<\/p>\n\n\n\n<p>Articolo 12 - Operazioni di durata: durata, risoluzione e rinnovo<br>Terminazione<br>1. Il consumatore pu\u00f2 recedere da un contratto a tempo indeterminato stipulato per la fornitura regolare di prodotti (compresa l'elettricit\u00e0) o servizi in qualsiasi momento, nel rispetto delle regole di recesso concordate e di un periodo di preavviso non superiore a un mese.<br>2. Il consumatore pu\u00f2 recedere da un contratto a tempo determinato stipulato per la fornitura regolare di prodotti (compresa l'energia elettrica) o servizi in qualsiasi momento verso la fine del periodo determinato, nel rispetto delle regole di recesso concordate e di un periodo di preavviso non superiore a un mese.<br>3. Il consumatore pu\u00f2 stipulare gli accordi di cui ai paragrafi precedenti:<br>o cessare in qualsiasi momento e non essere limitato alla cessazione in un determinato momento o periodo;<br>o perlomeno di terminarli nello stesso modo in cui sono stati stipulati da lui;<br>o disdire sempre con lo stesso periodo di preavviso che l'imprenditore ha stabilito per s\u00e9.<br>Estensione<br>4. Un accordo stipulato per un periodo determinato e che si estende alla fornitura regolare di prodotti (compresa l'elettricit\u00e0) o servizi non pu\u00f2 essere tacitamente prorogato o rinnovato per un periodo determinato.<br>5. In deroga al paragrafo precedente, un contratto a tempo determinato stipulato per la consegna regolare di giornali e riviste quotidiane o settimanali pu\u00f2 essere tacitamente rinnovato per un periodo fisso non superiore a tre mesi, se il consumatore pu\u00f2 recedere da questo contratto rinnovato verso la fine del rinnovo con un periodo di preavviso non superiore a un mese.<br>6. Un contratto a tempo determinato concluso per la consegna regolare di prodotti o servizi pu\u00f2 essere tacitamente rinnovato a tempo indeterminato solo se il consumatore pu\u00f2 recedere dal contratto in qualsiasi momento con un preavviso non superiore a un mese e con un preavviso non superiore a tre mesi nel caso in cui il contratto si estenda alla consegna regolare, ma meno di una volta al mese, di quotidiani, notiziari e riviste.<br>7. Un contratto di durata limitata per la fornitura regolare di quotidiani o settimanali a titolo introduttivo (abbonamento di prova o introduttivo) non \u00e8 tacitamente continuato e termina automaticamente al termine del periodo di prova o introduttivo.<br>Durata<br>8. Se un contratto ha una durata superiore a un anno, il consumatore pu\u00f2 recedere dal contratto in qualsiasi momento dopo un anno con un periodo di preavviso non superiore a un mese, a meno che la ragionevolezza e l'equit\u00e0 non si oppongano alla risoluzione prima della fine della durata concordata.<\/p>\n\n\n\n<p>Articolo 13 - Pagamento<br>1. Se non diversamente concordato, gli importi dovuti dal consumatore devono essere pagati entro 14 giorni dall'inizio del periodo di riflessione di cui all'articolo 6, paragrafo 1. In caso di accordo per la fornitura di un servizio, tale periodo decorre dal momento in cui il consumatore ha ricevuto la conferma dell'accordo.<br>2. Nella vendita di prodotti ai consumatori, le condizioni generali non possono mai prevedere un anticipo superiore a 50%. In caso di pagamento anticipato, il consumatore non pu\u00f2 far valere alcun diritto in merito all'esecuzione dell'ordine o del\/i servizio\/i in questione prima che sia stato versato l'anticipo stabilito.<br>3. Il consumatore ha il dovere di segnalare immediatamente all'imprenditore le inesattezze dei dati di pagamento forniti o menzionati.<br>4. In caso di mancato pagamento da parte del consumatore, l'imprenditore ha il diritto, nel rispetto delle restrizioni legali, di addebitare i costi ragionevoli resi noti al consumatore in anticipo.<\/p>\n\n\n\n<p>Articolo 14 - Procedura di reclamo<br>1. L'imprenditore deve disporre di una procedura di reclamo sufficientemente pubblicizzata e deve gestire il reclamo in conformit\u00e0 a tale procedura.<br>2. I reclami relativi all'esecuzione del contratto devono essere presentati all'imprenditore entro un termine ragionevole, in modo completo e chiaramente descritto, dopo che il consumatore ha individuato i difetti.<br>3. I reclami presentati all'imprenditore riceveranno una risposta entro 14 giorni dalla data di ricevimento. Se un reclamo richiede un tempo di elaborazione prevedibilmente pi\u00f9 lungo, l'imprenditore risponder\u00e0 entro il periodo di 14 giorni con un avviso di ricevimento e un'indicazione di quando il consumatore pu\u00f2 aspettarsi una risposta pi\u00f9 dettagliata.<br>4. Se il reclamo non pu\u00f2 essere risolto di comune accordo, sorge una controversia che pu\u00f2 essere sottoposta alla procedura di risoluzione delle controversie.<\/p>\n\n\n\n<p>Articolo 15 - Controversie<br>1. I contratti tra l'imprenditore e il consumatore a cui si riferiscono i presenti termini e condizioni generali sono disciplinati esclusivamente dalla legge olandese.<\/p>\n\n\n\n<p>Articolo 16 - Disposizioni aggiuntive o diverse<br>Disposizioni aggiuntive o divergenti dalle presenti condizioni generali non possono andare a scapito del consumatore e devono essere registrate per iscritto o in modo tale da poter essere memorizzate dal consumatore in modo accessibile su un supporto dati durevole.<\/p>","protected":false},"excerpt":{"rendered":"<p>Algemene Voorwaarden webwinkel Keybox.nlInhoudsopgave:Artikel 1 &#8211; DefinitiesArtikel 2 &#8211; Identiteit van de ondernemerArtikel 3 &#8211; ToepasselijkheidArtikel 4 &#8211; Het aanbodArtikel 5 &#8211; De overeenkomstArtikel 6 &#8211; HerroepingsrechtArtikel 7 &#8211; Kosten in geval van herroepingArtikel 8 &#8211; Uitsluiting herroepingsrechtArtikel 9 &#8211; De prijsArtikel 10 &#8211; Conformiteit en garantieArtikel 11 &#8211; Levering en uitvoeringArtikel 12 &#8211; Duurtransacties: [&hellip;]<\/p>\n","protected":false},"author":1,"featured_media":0,"parent":0,"menu_order":0,"comment_status":"closed","ping_status":"closed","template":"","meta":{"footnotes":""},"class_list":["post-41","page","type-page","status-publish","hentry"],"yoast_head":"<!-- This site is optimized with the Yoast SEO plugin v27.3 - https:\/\/yoast.com\/product\/yoast-seo-wordpress\/ -->\n<title>Algemene Voorwaarden -<\/title>\n<meta name=\"robots\" content=\"index, follow, max-snippet:-1, max-image-preview:large, max-video-preview:-1\" \/>\n<link rel=\"canonical\" href=\"https:\/\/keybox.nl\/it\/41-2\/\" \/>\n<meta property=\"og:locale\" content=\"it_IT\" \/>\n<meta property=\"og:type\" content=\"article\" \/>\n<meta property=\"og:title\" content=\"Algemene Voorwaarden -\" \/>\n<meta property=\"og:description\" content=\"Algemene Voorwaarden webwinkel Keybox.nlInhoudsopgave:Artikel 1 &#8211; DefinitiesArtikel 2 &#8211; Identiteit van de ondernemerArtikel 3 &#8211; ToepasselijkheidArtikel 4 &#8211; Het aanbodArtikel 5 &#8211; De overeenkomstArtikel 6 &#8211; HerroepingsrechtArtikel 7 &#8211; Kosten in geval van herroepingArtikel 8 &#8211; Uitsluiting herroepingsrechtArtikel 9 &#8211; De prijsArtikel 10 &#8211; Conformiteit en garantieArtikel 11 &#8211; Levering en uitvoeringArtikel 12 &#8211; Duurtransacties: [&hellip;]\" \/>\n<meta property=\"og:url\" content=\"https:\/\/keybox.nl\/it\/41-2\/\" \/>\n<meta property=\"article:modified_time\" content=\"2021-11-30T21:35:54+00:00\" \/>\n<meta name=\"twitter:card\" content=\"summary_large_image\" \/>\n<meta name=\"twitter:label1\" content=\"Tempo di lettura stimato\" \/>\n\t<meta name=\"twitter:data1\" content=\"14 minuti\" \/>\n<script type=\"application\/ld+json\" class=\"yoast-schema-graph\">{\"@context\":\"https:\\\/\\\/schema.org\",\"@graph\":[{\"@type\":\"WebPage\",\"@id\":\"https:\\\/\\\/keybox.nl\\\/41-2\\\/\",\"url\":\"https:\\\/\\\/keybox.nl\\\/41-2\\\/\",\"name\":\"Algemene Voorwaarden -\",\"isPartOf\":{\"@id\":\"https:\\\/\\\/keybox.nl\\\/#website\"},\"datePublished\":\"2021-11-30T21:28:25+00:00\",\"dateModified\":\"2021-11-30T21:35:54+00:00\",\"breadcrumb\":{\"@id\":\"https:\\\/\\\/keybox.nl\\\/41-2\\\/#breadcrumb\"},\"inLanguage\":\"it-IT\",\"potentialAction\":[{\"@type\":\"ReadAction\",\"target\":[\"https:\\\/\\\/keybox.nl\\\/41-2\\\/\"]}]},{\"@type\":\"BreadcrumbList\",\"@id\":\"https:\\\/\\\/keybox.nl\\\/41-2\\\/#breadcrumb\",\"itemListElement\":[{\"@type\":\"ListItem\",\"position\":1,\"name\":\"Home\",\"item\":\"https:\\\/\\\/keybox.nl\\\/\"},{\"@type\":\"ListItem\",\"position\":2,\"name\":\"Algemene Voorwaarden\"}]},{\"@type\":\"WebSite\",\"@id\":\"https:\\\/\\\/keybox.nl\\\/#website\",\"url\":\"https:\\\/\\\/keybox.nl\\\/\",\"name\":\"\",\"description\":\"\",\"potentialAction\":[{\"@type\":\"SearchAction\",\"target\":{\"@type\":\"EntryPoint\",\"urlTemplate\":\"https:\\\/\\\/keybox.nl\\\/?s={search_term_string}\"},\"query-input\":{\"@type\":\"PropertyValueSpecification\",\"valueRequired\":true,\"valueName\":\"search_term_string\"}}],\"inLanguage\":\"it-IT\"}]}<\/script>\n<!-- \/ Yoast SEO plugin. -->","yoast_head_json":{"title":"Termini e condizioni generali -","robots":{"index":"index","follow":"follow","max-snippet":"max-snippet:-1","max-image-preview":"max-image-preview:large","max-video-preview":"max-video-preview:-1"},"canonical":"https:\/\/keybox.nl\/it\/41-2\/","og_locale":"it_IT","og_type":"article","og_title":"Algemene Voorwaarden -","og_description":"Algemene Voorwaarden webwinkel Keybox.nlInhoudsopgave:Artikel 1 &#8211; DefinitiesArtikel 2 &#8211; Identiteit van de ondernemerArtikel 3 &#8211; ToepasselijkheidArtikel 4 &#8211; Het aanbodArtikel 5 &#8211; De overeenkomstArtikel 6 &#8211; HerroepingsrechtArtikel 7 &#8211; Kosten in geval van herroepingArtikel 8 &#8211; Uitsluiting herroepingsrechtArtikel 9 &#8211; De prijsArtikel 10 &#8211; Conformiteit en garantieArtikel 11 &#8211; Levering en uitvoeringArtikel 12 &#8211; Duurtransacties: [&hellip;]","og_url":"https:\/\/keybox.nl\/it\/41-2\/","article_modified_time":"2021-11-30T21:35:54+00:00","twitter_card":"summary_large_image","twitter_misc":{"Tempo di lettura stimato":"14 minuti"},"schema":{"@context":"https:\/\/schema.org","@graph":[{"@type":"WebPage","@id":"https:\/\/keybox.nl\/41-2\/","url":"https:\/\/keybox.nl\/41-2\/","name":"Termini e condizioni generali -","isPartOf":{"@id":"https:\/\/keybox.nl\/#website"},"datePublished":"2021-11-30T21:28:25+00:00","dateModified":"2021-11-30T21:35:54+00:00","breadcrumb":{"@id":"https:\/\/keybox.nl\/41-2\/#breadcrumb"},"inLanguage":"it-IT","potentialAction":[{"@type":"ReadAction","target":["https:\/\/keybox.nl\/41-2\/"]}]},{"@type":"BreadcrumbList","@id":"https:\/\/keybox.nl\/41-2\/#breadcrumb","itemListElement":[{"@type":"ListItem","position":1,"name":"Home","item":"https:\/\/keybox.nl\/"},{"@type":"ListItem","position":2,"name":"Algemene Voorwaarden"}]},{"@type":"WebSite","@id":"https:\/\/keybox.nl\/#website","url":"https:\/\/keybox.nl\/","name":"","description":"","potentialAction":[{"@type":"SearchAction","target":{"@type":"EntryPoint","urlTemplate":"https:\/\/keybox.nl\/?s={search_term_string}"},"query-input":{"@type":"PropertyValueSpecification","valueRequired":true,"valueName":"search_term_string"}}],"inLanguage":"it-IT"}]}},"jetpack-related-posts":[],"jetpack_sharing_enabled":true,"_links":{"self":[{"href":"https:\/\/keybox.nl\/it\/wp-json\/wp\/v2\/pages\/41","targetHints":{"allow":["GET"]}}],"collection":[{"href":"https:\/\/keybox.nl\/it\/wp-json\/wp\/v2\/pages"}],"about":[{"href":"https:\/\/keybox.nl\/it\/wp-json\/wp\/v2\/types\/page"}],"author":[{"embeddable":true,"href":"https:\/\/keybox.nl\/it\/wp-json\/wp\/v2\/users\/1"}],"replies":[{"embeddable":true,"href":"https:\/\/keybox.nl\/it\/wp-json\/wp\/v2\/comments?post=41"}],"version-history":[{"count":2,"href":"https:\/\/keybox.nl\/it\/wp-json\/wp\/v2\/pages\/41\/revisions"}],"predecessor-version":[{"id":43,"href":"https:\/\/keybox.nl\/it\/wp-json\/wp\/v2\/pages\/41\/revisions\/43"}],"wp:attachment":[{"href":"https:\/\/keybox.nl\/it\/wp-json\/wp\/v2\/media?parent=41"}],"curies":[{"name":"wp","href":"https:\/\/api.w.org\/{rel}","templated":true}]}}