{"id":326,"date":"2022-03-03T08:36:01","date_gmt":"2022-03-03T08:36:01","guid":{"rendered":"http:\/\/keybox.nl\/?page_id=326"},"modified":"2023-07-25T08:59:11","modified_gmt":"2023-07-25T08:59:11","slug":"goedkope-kluis-kopen","status":"publish","type":"page","link":"https:\/\/keybox.nl\/it\/goedkope-kluis-kopen\/","title":{"rendered":"Acquistare a buon mercato sicuro"},"content":{"rendered":"<div class=\"wp-block-cover alignfull\" style=\"min-height:200px;aspect-ratio:unset;\"><span aria-hidden=\"true\" class=\"wp-block-cover__background has-background-dim-60 has-background-dim\"><\/span><img decoding=\"async\" width=\"1920\" height=\"2560\" class=\"wp-block-cover__image-background wp-image-126\" alt=\"Kluis\" src=\"http:\/\/keybox.nl\/wp-content\/uploads\/2021\/12\/KSB103-KSB005-4-scaled.jpg\" style=\"object-position:50% 50%\" data-object-fit=\"cover\" data-object-position=\"50% 50%\" srcset=\"https:\/\/keybox.nl\/wp-content\/uploads\/2021\/12\/KSB103-KSB005-4-scaled.jpg 1920w, https:\/\/keybox.nl\/wp-content\/uploads\/2021\/12\/KSB103-KSB005-4-416x555.jpg 416w, https:\/\/keybox.nl\/wp-content\/uploads\/2021\/12\/KSB103-KSB005-4-225x300.jpg 225w, https:\/\/keybox.nl\/wp-content\/uploads\/2021\/12\/KSB103-KSB005-4-768x1024.jpg 768w, https:\/\/keybox.nl\/wp-content\/uploads\/2021\/12\/KSB103-KSB005-4-1152x1536.jpg 1152w, https:\/\/keybox.nl\/wp-content\/uploads\/2021\/12\/KSB103-KSB005-4-1536x2048.jpg 1536w, https:\/\/keybox.nl\/wp-content\/uploads\/2021\/12\/KSB103-KSB005-4-1320x1760.jpg 1320w\" sizes=\"(max-width: 1920px) 100vw, 1920px\" \/><div class=\"wp-block-cover__inner-container is-layout-flow wp-block-cover-is-layout-flow\">\n<h1 class=\"wp-block-heading alignwide has-text-align-left has-white-color has-text-color\" style=\"font-size:40px\">Acquistare una cassaforte economica e di qualit\u00e0<\/h1>\n\n\n\n<div class=\"wp-block-columns alignwide is-layout-flex wp-container-core-columns-is-layout-28f84493 wp-block-columns-is-layout-flex\">\n<div class=\"wp-block-column is-layout-flow wp-block-column-is-layout-flow\" style=\"flex-basis:55%\">\n<div class=\"wp-block-buttons is-layout-flex wp-block-buttons-is-layout-flex\">\n<div class=\"wp-block-button cta-knop alignleft\"><a class=\"wp-block-button__link has-black-color has-white-background-color has-text-color has-background wp-element-button\" href=\"http:\/\/keybox.nl\/it\/\">Al webshop!<\/a><\/div>\n<\/div>\n<\/div>\n<\/div>\n<\/div><\/div>\n\n\n\n<div style=\"height:50px\" aria-hidden=\"true\" class=\"wp-block-spacer\"><\/div>\n\n\n\n<div class=\"wp-block-group alignfull is-content-justification-center is-layout-flex wp-container-core-group-is-layout-81a7f686 wp-block-group-is-layout-flex\">\n<p class=\"usps has-normal-font-size\">\u2713 Facile da usare<\/p>\n\n\n\n<p>\u2713 Resistente e sicuro<\/p>\n\n\n\n<p>\u2713 Vari modelli<\/p>\n<\/div>\n\n\n\n<style>\nh1.entry-title {\ndisplay: none;\n}\n\n.cta-knop {\nmargin-left: 35px !important;\n}\n\n.cta-knop:hover {\nopacity: 0.75;\n}\n\n@media only screen and (max-width: 1064px) {\n.cta-knop {\nmargin-left: 0px !important;\n}\n\n.wp-block-group.alignfull {\n    display: flex;\n    flex-direction: column;\n}\n}\n<\/style>\n\n\n\n<div style=\"height:100px\" aria-hidden=\"true\" class=\"wp-block-spacer\"><\/div>\n\n\n\n<p class=\"has-text-align-left align-left has-black-color has-text-color has-normal-font-size\">Su Keybox.it potete acquistare una cassaforte economica e resistente per la vostra azienda. Grazie alle nostre casseforti, potrete tenere al sicuro la collezione di chiavi in ogni momento. Inoltre, non \u00e8 necessario che nessuno sia presente per ricevere le chiavi. Le nostre casseforti sono facili da usare e resistenti alle intemperie.<\/p>\n\n\n\n<div style=\"height:100px\" aria-hidden=\"true\" class=\"wp-block-spacer\"><\/div>\n\n\n\n<div class=\"wp-block-group is-content-justification-center is-layout-flex wp-container-core-group-is-layout-81a7f686 wp-block-group-is-layout-flex\">\n<div class=\"wp-block-media-text alignwide is-stacked-on-mobile\" style=\"grid-template-columns:40% auto\"><figure class=\"wp-block-media-text__media\"><img decoding=\"async\" width=\"1024\" height=\"1024\" src=\"http:\/\/keybox.nl\/wp-content\/uploads\/2021\/12\/KSB_102_1-1024x1024.jpg\" alt=\"\" class=\"wp-image-104 size-full\"\/><\/figure><div class=\"wp-block-media-text__content\">\n<h2 class=\"wp-block-heading has-text-color\" style=\"color:#000000;font-size:32px\">Acquistate qui una cassaforte economica e sicura<\/h2>\n\n\n\n<p class=\"has-text-color has-normal-font-size\" style=\"color:#000000\">Quando le chiavi circolano nella vostra azienda, \u00e8 ovviamente importante conservarle nel modo pi\u00f9 sicuro possibile. Grazie al nostro <a href=\"http:\/\/keybox.nl\/it\/\">armadietti sicuri per chiavi<\/a> Le chiavi o le tessere possono essere consegnate 24 ore su 24, 7 giorni su 7. Offriamo inoltre vari design che possono essere montati in modi diversi. Se desiderate installare la cassaforte a parete, acquistate uno dei seguenti modelli <a href=\"http:\/\/keybox.nl\/it\/inbouwkluisjes-kopen\/\">le nostre casseforti a incasso<\/a>. Tuttavia, disponiamo anche di modelli montati su palo anzich\u00e9 a parete. In questo modo, potrete scegliere quale cassaforte economica \u00e8 meglio acquistare per la vostra attivit\u00e0. Inoltre, disponiamo di un nostro team di installazione, quindi non dovrete preoccuparvi del montaggio. Offriamo anche <a href=\"http:\/\/keybox.nl\/it\/kluis-kopen-voor-thuis\/\">casseforti per la casa<\/a> a.<\/p>\n<\/div><\/div>\n<\/div>\n\n\n\n<div style=\"height:100px\" aria-hidden=\"true\" class=\"wp-block-spacer\"><\/div>\n\n\n\n<h2 class=\"wp-block-heading has-text-align-center\"><strong>Cercate una cassaforte economica?<\/strong><\/h2>\n\n\n\n<div class=\"wp-block-buttons is-content-justification-center is-layout-flex wp-container-core-buttons-is-layout-a89b3969 wp-block-buttons-is-layout-flex\">\n<div class=\"wp-block-button is-style-outline is-style-outline--1\"><a class=\"wp-block-button__link wp-element-button\" href=\"http:\/\/keybox.nl\/it\/\">Visualizza il negozio online<\/a><\/div>\n<\/div>\n\n\n\n<div style=\"height:100px\" aria-hidden=\"true\" class=\"wp-block-spacer\"><\/div>\n\n\n\n<div class=\"wp-block-group is-content-justification-center is-layout-flex wp-container-core-group-is-layout-81a7f686 wp-block-group-is-layout-flex\">\n<div class=\"wp-block-media-text alignwide has-media-on-the-right is-stacked-on-mobile is-vertically-aligned-center\" style=\"grid-template-columns:auto 30%\"><div class=\"wp-block-media-text__content\">\n<h3 class=\"wp-block-heading has-text-color\" style=\"color:#000000;font-size:32px\"><strong>Scegliete un deposito completamente sicuro per le vostre chiavi a un prezzo conveniente<\/strong><\/h3>\n\n\n\n<p class=\"has-text-color has-normal-font-size\" style=\"color:#000000\">Vendiamo casseforti resistenti e facili da usare a prezzi competitivi. Volete acquistare una cassaforte economica? Allora ordinate subito la vostra nuova cassaforte tramite il nostro webshop. \u00c8 anche possibile visitare il nostro showroom di Bussum. Tuttavia, \u00e8 possibile solo su appuntamento. Compilate il modulo di contatto all'indirizzo <a href=\"http:\/\/keybox.nl\/it\/contact\/\">la nostra pagina di contatto<\/a>.<\/p>\n<\/div><figure class=\"wp-block-media-text__media\"><img decoding=\"async\" width=\"600\" height=\"800\" src=\"http:\/\/keybox.nl\/wp-content\/uploads\/2021\/12\/Extra-Armor-KSB.jpg\" alt=\"Kluis los\" class=\"wp-image-103 size-full\" srcset=\"https:\/\/keybox.nl\/wp-content\/uploads\/2021\/12\/Extra-Armor-KSB.jpg 600w, https:\/\/keybox.nl\/wp-content\/uploads\/2021\/12\/Extra-Armor-KSB-416x555.jpg 416w, https:\/\/keybox.nl\/wp-content\/uploads\/2021\/12\/Extra-Armor-KSB-225x300.jpg 225w\" sizes=\"(max-width: 600px) 100vw, 600px\" \/><\/figure><\/div>\n<\/div>\n\n\n\n<div style=\"height:50px\" aria-hidden=\"true\" class=\"wp-block-spacer\"><\/div>\n\n\n\n<h2 class=\"wp-block-heading alignwide has-text-align-left form-titel\"><strong>Avete domande sulla sicurezza?<\/strong><\/h2>\n\n\n<div class=\"wp-block-jetpack-contact-form alignwide is-layout-flex wp-container-jetpack-contact-form-is-layout-2b4208ba wp-block-jetpack-contact-form-is-layout-flex\"><a href=\"https:\/\/keybox.nl\/it\/goedkope-kluis-kopen\/\" target=\"_blank\" rel=\"noopener noreferrer\">Inviare un modulo.<\/a><\/div>\n\n\n<p><\/p>","protected":false},"excerpt":{"rendered":"<p>\u2713 Gebruiksvriendelijk \u2713 Bestendig en veilig \u2713 Diverse modellen Bij Keybox.nl kunt u een goedkope, bestendige kluis kopen voor in uw bedrijf. Dankzij onze kluizen kunt u sleutelafgifte altijd veilig laten verlopen. Er hoeft bovendien niemand aanwezig te zijn om sleutels in ontvangst te nemen. Onze kluizen zijn zeer gebruiksvriendelijk en weerbestendig. Hier kunt u [&hellip;]<\/p>\n","protected":false},"author":1,"featured_media":0,"parent":0,"menu_order":0,"comment_status":"closed","ping_status":"closed","template":"template-fullwidth.php","meta":{"footnotes":""},"class_list":["post-326","page","type-page","status-publish","hentry"],"yoast_head":"<!-- This site is optimized with the Yoast SEO plugin v27.4 - https:\/\/yoast.com\/product\/yoast-seo-wordpress\/ -->\n<title>Goedkope kluis voor sleutels kopen -<\/title>\n<meta name=\"description\" content=\"In onze winkel in Bussum of online komen bedrijven een goedkope, stevige kluis kopen om sleutels af te storten. Bestel een kluis die past bij uw bedrijf.\" \/>\n<meta name=\"robots\" content=\"index, follow, max-snippet:-1, max-image-preview:large, max-video-preview:-1\" \/>\n<link rel=\"canonical\" href=\"https:\/\/keybox.nl\/it\/goedkope-kluis-kopen\/\" \/>\n<meta property=\"og:locale\" content=\"it_IT\" \/>\n<meta property=\"og:type\" content=\"article\" \/>\n<meta property=\"og:title\" content=\"Goedkope kluis voor sleutels kopen -\" \/>\n<meta property=\"og:description\" content=\"In onze winkel in Bussum of online komen bedrijven een goedkope, stevige kluis kopen om sleutels af te storten. Bestel een kluis die past bij uw bedrijf.\" \/>\n<meta property=\"og:url\" content=\"https:\/\/keybox.nl\/it\/goedkope-kluis-kopen\/\" \/>\n<meta property=\"article:modified_time\" content=\"2023-07-25T08:59:11+00:00\" \/>\n<meta property=\"og:image\" content=\"http:\/\/keybox.nl\/wp-content\/uploads\/2021\/12\/KSB103-KSB005-4-scaled.jpg\" \/>\n<meta name=\"twitter:card\" content=\"summary_large_image\" \/>\n<meta name=\"twitter:label1\" content=\"Tempo di lettura stimato\" \/>\n\t<meta name=\"twitter:data1\" content=\"2 minuti\" \/>\n<script type=\"application\/ld+json\" class=\"yoast-schema-graph\">{\"@context\":\"https:\\\/\\\/schema.org\",\"@graph\":[{\"@type\":\"WebPage\",\"@id\":\"https:\\\/\\\/keybox.nl\\\/goedkope-kluis-kopen\\\/\",\"url\":\"https:\\\/\\\/keybox.nl\\\/goedkope-kluis-kopen\\\/\",\"name\":\"Goedkope kluis voor sleutels kopen -\",\"isPartOf\":{\"@id\":\"https:\\\/\\\/keybox.nl\\\/#website\"},\"primaryImageOfPage\":{\"@id\":\"https:\\\/\\\/keybox.nl\\\/goedkope-kluis-kopen\\\/#primaryimage\"},\"image\":{\"@id\":\"https:\\\/\\\/keybox.nl\\\/goedkope-kluis-kopen\\\/#primaryimage\"},\"thumbnailUrl\":\"http:\\\/\\\/keybox.nl\\\/wp-content\\\/uploads\\\/2021\\\/12\\\/KSB103-KSB005-4-scaled.jpg\",\"datePublished\":\"2022-03-03T08:36:01+00:00\",\"dateModified\":\"2023-07-25T08:59:11+00:00\",\"description\":\"In onze winkel in Bussum of online komen bedrijven een goedkope, stevige kluis kopen om sleutels af te storten. Bestel een kluis die past bij uw bedrijf.\",\"breadcrumb\":{\"@id\":\"https:\\\/\\\/keybox.nl\\\/goedkope-kluis-kopen\\\/#breadcrumb\"},\"inLanguage\":\"it-IT\",\"potentialAction\":[{\"@type\":\"ReadAction\",\"target\":[\"https:\\\/\\\/keybox.nl\\\/goedkope-kluis-kopen\\\/\"]}]},{\"@type\":\"ImageObject\",\"inLanguage\":\"it-IT\",\"@id\":\"https:\\\/\\\/keybox.nl\\\/goedkope-kluis-kopen\\\/#primaryimage\",\"url\":\"http:\\\/\\\/keybox.nl\\\/wp-content\\\/uploads\\\/2021\\\/12\\\/KSB103-KSB005-4-scaled.jpg\",\"contentUrl\":\"http:\\\/\\\/keybox.nl\\\/wp-content\\\/uploads\\\/2021\\\/12\\\/KSB103-KSB005-4-scaled.jpg\"},{\"@type\":\"BreadcrumbList\",\"@id\":\"https:\\\/\\\/keybox.nl\\\/goedkope-kluis-kopen\\\/#breadcrumb\",\"itemListElement\":[{\"@type\":\"ListItem\",\"position\":1,\"name\":\"Home\",\"item\":\"https:\\\/\\\/keybox.nl\\\/\"},{\"@type\":\"ListItem\",\"position\":2,\"name\":\"Goedkope kluis kopen\"}]},{\"@type\":\"WebSite\",\"@id\":\"https:\\\/\\\/keybox.nl\\\/#website\",\"url\":\"https:\\\/\\\/keybox.nl\\\/\",\"name\":\"\",\"description\":\"\",\"potentialAction\":[{\"@type\":\"SearchAction\",\"target\":{\"@type\":\"EntryPoint\",\"urlTemplate\":\"https:\\\/\\\/keybox.nl\\\/?s={search_term_string}\"},\"query-input\":{\"@type\":\"PropertyValueSpecification\",\"valueRequired\":true,\"valueName\":\"search_term_string\"}}],\"inLanguage\":\"it-IT\"}]}<\/script>\n<!-- \/ Yoast SEO plugin. -->","yoast_head_json":{"title":"Acquistare una cassaforte economica per le chiavi","description":"Nel nostro negozio di Bussum o online, le aziende vengono ad acquistare una cassaforte economica e robusta per depositare le chiavi. Ordinate una cassaforte adatta alla vostra attivit\u00e0.","robots":{"index":"index","follow":"follow","max-snippet":"max-snippet:-1","max-image-preview":"max-image-preview:large","max-video-preview":"max-video-preview:-1"},"canonical":"https:\/\/keybox.nl\/it\/goedkope-kluis-kopen\/","og_locale":"it_IT","og_type":"article","og_title":"Goedkope kluis voor sleutels kopen -","og_description":"In onze winkel in Bussum of online komen bedrijven een goedkope, stevige kluis kopen om sleutels af te storten. Bestel een kluis die past bij uw bedrijf.","og_url":"https:\/\/keybox.nl\/it\/goedkope-kluis-kopen\/","article_modified_time":"2023-07-25T08:59:11+00:00","og_image":[{"url":"http:\/\/keybox.nl\/wp-content\/uploads\/2021\/12\/KSB103-KSB005-4-scaled.jpg","type":"","width":"","height":""}],"twitter_card":"summary_large_image","twitter_misc":{"Tempo di lettura stimato":"2 minuti"},"schema":{"@context":"https:\/\/schema.org","@graph":[{"@type":"WebPage","@id":"https:\/\/keybox.nl\/goedkope-kluis-kopen\/","url":"https:\/\/keybox.nl\/goedkope-kluis-kopen\/","name":"Acquistare una cassaforte economica per le chiavi","isPartOf":{"@id":"https:\/\/keybox.nl\/#website"},"primaryImageOfPage":{"@id":"https:\/\/keybox.nl\/goedkope-kluis-kopen\/#primaryimage"},"image":{"@id":"https:\/\/keybox.nl\/goedkope-kluis-kopen\/#primaryimage"},"thumbnailUrl":"http:\/\/keybox.nl\/wp-content\/uploads\/2021\/12\/KSB103-KSB005-4-scaled.jpg","datePublished":"2022-03-03T08:36:01+00:00","dateModified":"2023-07-25T08:59:11+00:00","description":"Nel nostro negozio di Bussum o online, le aziende vengono ad acquistare una cassaforte economica e robusta per depositare le chiavi. Ordinate una cassaforte adatta alla vostra attivit\u00e0.","breadcrumb":{"@id":"https:\/\/keybox.nl\/goedkope-kluis-kopen\/#breadcrumb"},"inLanguage":"it-IT","potentialAction":[{"@type":"ReadAction","target":["https:\/\/keybox.nl\/goedkope-kluis-kopen\/"]}]},{"@type":"ImageObject","inLanguage":"it-IT","@id":"https:\/\/keybox.nl\/goedkope-kluis-kopen\/#primaryimage","url":"http:\/\/keybox.nl\/wp-content\/uploads\/2021\/12\/KSB103-KSB005-4-scaled.jpg","contentUrl":"http:\/\/keybox.nl\/wp-content\/uploads\/2021\/12\/KSB103-KSB005-4-scaled.jpg"},{"@type":"BreadcrumbList","@id":"https:\/\/keybox.nl\/goedkope-kluis-kopen\/#breadcrumb","itemListElement":[{"@type":"ListItem","position":1,"name":"Home","item":"https:\/\/keybox.nl\/"},{"@type":"ListItem","position":2,"name":"Goedkope kluis kopen"}]},{"@type":"WebSite","@id":"https:\/\/keybox.nl\/#website","url":"https:\/\/keybox.nl\/","name":"","description":"","potentialAction":[{"@type":"SearchAction","target":{"@type":"EntryPoint","urlTemplate":"https:\/\/keybox.nl\/?s={search_term_string}"},"query-input":{"@type":"PropertyValueSpecification","valueRequired":true,"valueName":"search_term_string"}}],"inLanguage":"it-IT"}]}},"jetpack-related-posts":[{"id":1528,"url":"https:\/\/keybox.nl\/it\/elektronische-sleutelkluis-kopen\/","url_meta":{"origin":326,"position":0},"title":"chiave elettronica-acquisto sicuro","author":"Keybox@beheermodule","date":"20 Luglio 2023","format":false,"excerpt":"Acquistate una cassaforte a chiave elettronica sul webshop! \u2713 Facile da usare \u2713 Resistente e sicura \u2713 Vari modelli L'acquisto di una cassaforte elettronica per chiavi \u00e8 il primo passo per garantire la sicurezza della vostra azienda o della vostra casa. Keybox.it vi offre la soluzione pi\u00f9 adatta alle vostre esigenze. Queste casseforti...","rel":"","context":"Articolo simile","block_context":{"text":"Articolo simile","link":""},"img":{"alt_text":"","src":"https:\/\/i0.wp.com\/keybox.nl\/wp-content\/uploads\/2023\/02\/Keysafe-Big-Pro-sleutelkastje_keybox.jpeg?resize=350%2C200&ssl=1","width":350,"height":200,"srcset":"https:\/\/i0.wp.com\/keybox.nl\/wp-content\/uploads\/2023\/02\/Keysafe-Big-Pro-sleutelkastje_keybox.jpeg?resize=350%2C200&ssl=1 1x, https:\/\/i0.wp.com\/keybox.nl\/wp-content\/uploads\/2023\/02\/Keysafe-Big-Pro-sleutelkastje_keybox.jpeg?resize=525%2C300&ssl=1 1.5x, https:\/\/i0.wp.com\/keybox.nl\/wp-content\/uploads\/2023\/02\/Keysafe-Big-Pro-sleutelkastje_keybox.jpeg?resize=700%2C400&ssl=1 2x"},"classes":[]},{"id":552,"url":"https:\/\/keybox.nl\/it\/kluis-waardeberging-kopen\/","url_meta":{"origin":326,"position":1},"title":"Acquistare una cassetta di sicurezza","author":"Keybox@beheermodule","date":"11 Marzo 2022","format":false,"excerpt":"Acquistare una cassaforte ad alta sicurezza Nel webshop! \u2713 Facile da usare \u2713 Resistente e sicura \u2713 Vari modelli Per i beni di grande valore, \u00e8 consigliabile acquistare una cassaforte con un'elevata capacit\u00e0 di stoccaggio. Il valore massimo di conservazione di una cassaforte indica fino a quale importo il contenuto della cassaforte \u00e8 assicurato....","rel":"","context":"Articolo simile","block_context":{"text":"Articolo simile","link":""},"img":{"alt_text":"","src":"https:\/\/i0.wp.com\/keybox.nl\/wp-content\/uploads\/2021\/12\/KSB_102_1-e1638478691321.jpg?resize=350%2C200&ssl=1","width":350,"height":200,"srcset":"https:\/\/i0.wp.com\/keybox.nl\/wp-content\/uploads\/2021\/12\/KSB_102_1-e1638478691321.jpg?resize=350%2C200&ssl=1 1x, https:\/\/i0.wp.com\/keybox.nl\/wp-content\/uploads\/2021\/12\/KSB_102_1-e1638478691321.jpg?resize=525%2C300&ssl=1 1.5x, https:\/\/i0.wp.com\/keybox.nl\/wp-content\/uploads\/2021\/12\/KSB_102_1-e1638478691321.jpg?resize=700%2C400&ssl=1 2x"},"classes":[]},{"id":554,"url":"https:\/\/keybox.nl\/it\/kluis-waardeberging-kopen-2\/","url_meta":{"origin":326,"position":2},"title":"Acquistare una cassetta di sicurezza","author":"Keybox@beheermodule","date":"11 Marzo 2022","format":false,"excerpt":"Acquistare una cassaforte ad alta sicurezza Nel webshop! \u2713 Facile da usare \u2713 Resistente e sicura \u2713 Diversi modelli Per i beni di incredibile valore, \u00e8 consigliabile acquistare una cassaforte con un deposito di valore elevato. Pi\u00f9 alto \u00e8 il deposito di valore, pi\u00f9 la cassaforte \u00e8 resistente alle effrazioni. Noi di Keybox.nl a Bussum...","rel":"","context":"Articolo simile","block_context":{"text":"Articolo simile","link":""},"img":{"alt_text":"kluis peugeot","src":"https:\/\/i0.wp.com\/keybox.nl\/wp-content\/uploads\/2022\/02\/KSB007-Peugeot-scaled-e1643751089776.jpg?resize=350%2C200&ssl=1","width":350,"height":200,"srcset":"https:\/\/i0.wp.com\/keybox.nl\/wp-content\/uploads\/2022\/02\/KSB007-Peugeot-scaled-e1643751089776.jpg?resize=350%2C200&ssl=1 1x, https:\/\/i0.wp.com\/keybox.nl\/wp-content\/uploads\/2022\/02\/KSB007-Peugeot-scaled-e1643751089776.jpg?resize=525%2C300&ssl=1 1.5x"},"classes":[]},{"id":546,"url":"https:\/\/keybox.nl\/it\/inbouwkluisjes-kopen\/","url_meta":{"origin":326,"position":3},"title":"Acquistare casseforti a incasso","author":"Keybox@beheermodule","date":"11 Marzo 2022","format":false,"excerpt":"Acquistate le robuste casseforti a incasso nel webshop! \u2713 Facili da usare \u2713 Robuste e sicure \u2713 Vari modelli Volete acquistare casseforti a muro per la vostra attivit\u00e0? Il nostro negozio web offre diversi modelli di casseforti da installare a parete. Poich\u00e9 il sistema \u00e8 inserito nella parete, non pu\u00f2 essere portato via ed \u00e8...","rel":"","context":"Articolo simile","block_context":{"text":"Articolo simile","link":""},"img":{"alt_text":"","src":"https:\/\/i0.wp.com\/keybox.nl\/wp-content\/uploads\/2021\/12\/KSB_102_1-e1638478691321.jpg?resize=350%2C200&ssl=1","width":350,"height":200,"srcset":"https:\/\/i0.wp.com\/keybox.nl\/wp-content\/uploads\/2021\/12\/KSB_102_1-e1638478691321.jpg?resize=350%2C200&ssl=1 1x, https:\/\/i0.wp.com\/keybox.nl\/wp-content\/uploads\/2021\/12\/KSB_102_1-e1638478691321.jpg?resize=525%2C300&ssl=1 1.5x, https:\/\/i0.wp.com\/keybox.nl\/wp-content\/uploads\/2021\/12\/KSB_102_1-e1638478691321.jpg?resize=700%2C400&ssl=1 2x"},"classes":[]},{"id":30,"url":"https:\/\/keybox.nl\/it\/","url_meta":{"origin":326,"position":4},"title":"Acquistare armadietti sicuri per le chiavi","author":"Keybox@beheermodule","date":"30 Novembre 2021","format":false,"excerpt":"Su Keybox.it potete acquistare, tra le altre cose, una cassaforte robusta o una cassaforte a chiave sicura. Offriamo diversi tipi di casseforti: da quelle a chiave sottile a quelle a muro con rotella di deposito. Con noi potete ordinare una cassaforte per la vostra azienda, ma anche per la vostra casa. Grazie alla nostra ampia gamma di casseforti a chiave,...","rel":"","context":"Con 1 commento","block_context":{"text":"Con 1 commento","link":"https:\/\/keybox.nl\/it\/#comments"},"img":{"alt_text":"","src":"","width":0,"height":0},"classes":[]},{"id":543,"url":"https:\/\/keybox.nl\/it\/inbraakwerende-kluis-kopen\/","url_meta":{"origin":326,"position":5},"title":"Acquistare una cassaforte a prova di scasso","author":"Keybox@beheermodule","date":"11 Marzo 2022","format":false,"excerpt":"Acquistare una cassaforte resistente e a prova di scasso Nel webshop! Facile da usare \u2713 Resistente e sicura \u2713 Vari modelli Acquistare una cassaforte a prova di scasso per i vostri oggetti di valore \u00e8 importante. Perch\u00e9 li protegge in modo eccellente da vari tipi di furto. Su Keybox.it potete acquistare una cassaforte a prova di scasso per le vostre chiavi che...","rel":"","context":"Articolo simile","block_context":{"text":"Articolo simile","link":""},"img":{"alt_text":"Keysafe Slim line","src":"https:\/\/i0.wp.com\/keybox.nl\/wp-content\/uploads\/2022\/12\/Keysafe_Slim_line_Keybox.jpeg?resize=350%2C200&ssl=1","width":350,"height":200,"srcset":"https:\/\/i0.wp.com\/keybox.nl\/wp-content\/uploads\/2022\/12\/Keysafe_Slim_line_Keybox.jpeg?resize=350%2C200&ssl=1 1x, https:\/\/i0.wp.com\/keybox.nl\/wp-content\/uploads\/2022\/12\/Keysafe_Slim_line_Keybox.jpeg?resize=525%2C300&ssl=1 1.5x, https:\/\/i0.wp.com\/keybox.nl\/wp-content\/uploads\/2022\/12\/Keysafe_Slim_line_Keybox.jpeg?resize=700%2C400&ssl=1 2x"},"classes":[]}],"jetpack_sharing_enabled":true,"_links":{"self":[{"href":"https:\/\/keybox.nl\/it\/wp-json\/wp\/v2\/pages\/326","targetHints":{"allow":["GET"]}}],"collection":[{"href":"https:\/\/keybox.nl\/it\/wp-json\/wp\/v2\/pages"}],"about":[{"href":"https:\/\/keybox.nl\/it\/wp-json\/wp\/v2\/types\/page"}],"author":[{"embeddable":true,"href":"https:\/\/keybox.nl\/it\/wp-json\/wp\/v2\/users\/1"}],"replies":[{"embeddable":true,"href":"https:\/\/keybox.nl\/it\/wp-json\/wp\/v2\/comments?post=326"}],"version-history":[{"count":162,"href":"https:\/\/keybox.nl\/it\/wp-json\/wp\/v2\/pages\/326\/revisions"}],"predecessor-version":[{"id":1635,"href":"https:\/\/keybox.nl\/it\/wp-json\/wp\/v2\/pages\/326\/revisions\/1635"}],"wp:attachment":[{"href":"https:\/\/keybox.nl\/it\/wp-json\/wp\/v2\/media?parent=326"}],"curies":[{"name":"wp","href":"https:\/\/api.w.org\/{rel}","templated":true}]}}