{"id":1530,"date":"2023-07-20T12:27:21","date_gmt":"2023-07-20T12:27:21","guid":{"rendered":"http:\/\/keybox.nl\/?page_id=1530"},"modified":"2023-07-25T10:16:37","modified_gmt":"2023-07-25T10:16:37","slug":"hotelkluis-kopen","status":"publish","type":"page","link":"https:\/\/keybox.nl\/it\/hotelkluis-kopen\/","title":{"rendered":"acquisto sicuro dell'hotel"},"content":{"rendered":"<div class=\"wp-block-cover alignfull\" style=\"min-height:200px;aspect-ratio:unset;\"><span aria-hidden=\"true\" class=\"wp-block-cover__background has-background-dim-60 has-background-dim\"><\/span><img decoding=\"async\" width=\"1920\" height=\"2560\" class=\"wp-block-cover__image-background wp-image-126\" alt=\"Kluis\" src=\"http:\/\/keybox.nl\/wp-content\/uploads\/2021\/12\/KSB103-KSB005-4-scaled.jpg\" style=\"object-position:50% 50%\" data-object-fit=\"cover\" data-object-position=\"50% 50%\" srcset=\"https:\/\/keybox.nl\/wp-content\/uploads\/2021\/12\/KSB103-KSB005-4-scaled.jpg 1920w, https:\/\/keybox.nl\/wp-content\/uploads\/2021\/12\/KSB103-KSB005-4-416x555.jpg 416w, https:\/\/keybox.nl\/wp-content\/uploads\/2021\/12\/KSB103-KSB005-4-225x300.jpg 225w, https:\/\/keybox.nl\/wp-content\/uploads\/2021\/12\/KSB103-KSB005-4-768x1024.jpg 768w, https:\/\/keybox.nl\/wp-content\/uploads\/2021\/12\/KSB103-KSB005-4-1152x1536.jpg 1152w, https:\/\/keybox.nl\/wp-content\/uploads\/2021\/12\/KSB103-KSB005-4-1536x2048.jpg 1536w, https:\/\/keybox.nl\/wp-content\/uploads\/2021\/12\/KSB103-KSB005-4-1320x1760.jpg 1320w\" sizes=\"(max-width: 1920px) 100vw, 1920px\" \/><div class=\"wp-block-cover__inner-container is-layout-flow wp-block-cover-is-layout-flow\">\n<h1 class=\"wp-block-heading alignwide has-text-align-left has-white-color has-text-color\" style=\"font-size:40px\">Acquistare una cassaforte per hotel<\/h1>\n\n\n\n<div class=\"wp-block-columns alignwide is-layout-flex wp-container-core-columns-is-layout-28f84493 wp-block-columns-is-layout-flex\">\n<div class=\"wp-block-column is-layout-flow wp-block-column-is-layout-flow\" style=\"flex-basis:55%\">\n<div class=\"wp-block-buttons is-layout-flex wp-block-buttons-is-layout-flex\">\n<div class=\"wp-block-button cta-knop alignleft\"><a class=\"wp-block-button__link has-black-color has-white-background-color has-text-color has-background wp-element-button\" href=\"http:\/\/keybox.nl\/it\/\">Al webshop!<\/a><\/div>\n<\/div>\n<\/div>\n<\/div>\n<\/div><\/div>\n\n\n\n<div style=\"height:50px\" aria-hidden=\"true\" class=\"wp-block-spacer\"><\/div>\n\n\n\n<div class=\"wp-block-group alignfull is-content-justification-center is-layout-flex wp-container-core-group-is-layout-81a7f686 wp-block-group-is-layout-flex\">\n<p class=\"usps has-normal-font-size\">\u2713 Facile da usare<\/p>\n\n\n\n<p>\u2713 Resistente e sicuro<\/p>\n\n\n\n<p>\u2713 Vari modelli<\/p>\n<\/div>\n\n\n\n<style>\nh1.entry-title {\ndisplay:none;\n}\n.cta-knop {\nmargin-left: 35px !important;\n}\n\n.cta-knop:hover {\nopacity: 0.75;\n}\n\n@media only screen and (max-width: 1064px) {\n.cta-knop {\nmargin-left: 0px !important;\n}\n\n.wp-block-group.alignfull {\n    display: flex;\n    flex-direction: column;\n}\n}\n<\/style>\n\n\n\n<div style=\"height:100px\" aria-hidden=\"true\" class=\"wp-block-spacer\"><\/div>\n\n\n\n<p class=\"has-text-align-left align-left has-black-color has-text-color has-normal-font-size\">L'acquisto di una cassaforte per hotel non \u00e8 una questione banale. Si tratta di garantire sicurezza e tranquillit\u00e0 ai vostri preziosi ospiti. Dai gioielli ai passaporti e ai computer portatili, una cassaforte per hotel \u00e8 un rifugio sicuro per gli oggetti di valore dei vostri ospiti durante il loro soggiorno. Su Keybox.it \u00e8 possibile acquistare una cassaforte per hotel che soddisfi tutte le vostre esigenze.<\/p>\n\n\n\n<div style=\"height:100px\" aria-hidden=\"true\" class=\"wp-block-spacer\"><\/div>\n\n\n\n<div class=\"wp-block-group is-content-justification-center is-layout-flex wp-container-core-group-is-layout-81a7f686 wp-block-group-is-layout-flex\">\n<div class=\"wp-block-media-text alignwide is-stacked-on-mobile is-vertically-aligned-center\" style=\"grid-template-columns:40% auto\"><figure class=\"wp-block-media-text__media\"><img decoding=\"async\" width=\"683\" height=\"1024\" src=\"http:\/\/keybox.nl\/wp-content\/uploads\/2022\/02\/IMG_5926-683x1024.jpg\" alt=\"\" class=\"wp-image-233 size-full\" srcset=\"https:\/\/keybox.nl\/wp-content\/uploads\/2022\/02\/IMG_5926-683x1024.jpg 683w, https:\/\/keybox.nl\/wp-content\/uploads\/2022\/02\/IMG_5926-416x624.jpg 416w, https:\/\/keybox.nl\/wp-content\/uploads\/2022\/02\/IMG_5926-200x300.jpg 200w, https:\/\/keybox.nl\/wp-content\/uploads\/2022\/02\/IMG_5926-768x1152.jpg 768w, https:\/\/keybox.nl\/wp-content\/uploads\/2022\/02\/IMG_5926.jpg 1000w\" sizes=\"(max-width: 683px) 100vw, 683px\" \/><\/figure><div class=\"wp-block-media-text__content\">\n<h2 class=\"wp-block-heading\">L'importanza di acquistare una cassaforte per hotel<\/h2>\n\n\n\n<p>Quando si pensa di acquistare una cassaforte per hotel, si pensa di garantire la sicurezza dei propri ospiti. A <a href=\"http:\/\/keybox.nl\/it\/inbraakwerende-kluis-kopen\/\">cassaforte antieffrazione<\/a> non \u00e8 un lusso, ma un elemento essenziale del vostro hotel. Aggiunge un ulteriore livello di sicurezza e garantisce che i vostri ospiti possano godersi il loro soggiorno in tutta tranquillit\u00e0. Inoltre, \u00e8 un segno di cura e rispetto per gli effetti personali dei vostri ospiti. L'acquisto di una cassaforte per hotel non \u00e8 solo un investimento per il vostro albergo, ma anche per la soddisfazione dei vostri ospiti. Quindi, che siate gestori di un piccolo bed &amp; breakfast o di una grande catena alberghiera, la cassaforte per hotel \u00e8 un investimento <a href=\"http:\/\/keybox.nl\/it\/\">ordinare una cassaforte<\/a> \u00e8 un passo avanti verso la fornitura di un servizio eccellente. Inoltre, \u00e8 anche un'idea intelligente avere una cassaforte con <a href=\"http:\/\/keybox.nl\/it\/sleutelhaken-kopen\/\">acquistare ganci per chiavi<\/a>, per gestire al meglio le chiavi del vostro hotel.<\/p>\n<\/div><\/div>\n<\/div>\n\n\n\n<div style=\"height:100px\" aria-hidden=\"true\" class=\"wp-block-spacer\"><\/div>\n\n\n\n<h2 class=\"wp-block-heading has-text-align-center\"><strong>Vuoi acquistare una cassaforte per hotel da noi?<\/strong><\/h2>\n\n\n\n<div class=\"wp-block-buttons is-content-justification-center is-layout-flex wp-container-core-buttons-is-layout-a89b3969 wp-block-buttons-is-layout-flex\">\n<div class=\"wp-block-button is-style-outline is-style-outline--1\"><a class=\"wp-block-button__link wp-element-button\" href=\"http:\/\/keybox.nl\/it\/\">Visualizza il negozio online<\/a><\/div>\n<\/div>\n\n\n\n<div style=\"height:100px\" aria-hidden=\"true\" class=\"wp-block-spacer\"><\/div>\n\n\n\n<div class=\"wp-block-group is-content-justification-center is-layout-flex wp-container-core-group-is-layout-81a7f686 wp-block-group-is-layout-flex\">\n<div class=\"wp-block-media-text alignwide has-media-on-the-right is-stacked-on-mobile is-vertically-aligned-center\" style=\"grid-template-columns:auto 40%\"><div class=\"wp-block-media-text__content\">\n<h3 class=\"wp-block-heading has-text-color\" style=\"color:#000000;font-size:32px\"><strong>Fate il passo e fate l'ordine<\/strong><\/h3>\n\n\n\n<p class=\"has-text-color has-normal-font-size\" style=\"color:#000000\">Non c'\u00e8 momento migliore di questo per acquistare una cassaforte per hotel. Noi di Keybox.it comprendiamo le esigenze uniche di ogni cliente e siamo pronti a guidarvi nell'acquisto. <a href=\"http:\/\/keybox.nl\/it\/contact\/\">Fissate un appuntamento oggi stesso<\/a> con noi a Bussum o effettuare l'ordine, e garantire un soggiorno sicuro e rassicurante a tutti i vostri ospiti. Piuttosto, siete alla ricerca di un buon <a href=\"http:\/\/keybox.nl\/it\/brandkluis-voor-thuis\/\">casa sicura<\/a>? Possiamo offrirvi anche questo.<\/p>\n<\/div><figure class=\"wp-block-media-text__media\"><img decoding=\"async\" width=\"600\" height=\"800\" src=\"http:\/\/keybox.nl\/wp-content\/uploads\/2021\/12\/Extra-Armor-KSB.jpg\" alt=\"Kluis los\" class=\"wp-image-103 size-full\" srcset=\"https:\/\/keybox.nl\/wp-content\/uploads\/2021\/12\/Extra-Armor-KSB.jpg 600w, https:\/\/keybox.nl\/wp-content\/uploads\/2021\/12\/Extra-Armor-KSB-416x555.jpg 416w, https:\/\/keybox.nl\/wp-content\/uploads\/2021\/12\/Extra-Armor-KSB-225x300.jpg 225w\" sizes=\"(max-width: 600px) 100vw, 600px\" \/><\/figure><\/div>\n<\/div>\n\n\n\n<div style=\"height:50px\" aria-hidden=\"true\" class=\"wp-block-spacer\"><\/div>\n\n\n\n<h2 class=\"wp-block-heading alignwide has-text-align-left form-titel\"><strong>Avete domande sulla sicurezza?<\/strong><\/h2>\n\n\n<div class=\"wp-block-jetpack-contact-form alignwide is-layout-flex wp-container-jetpack-contact-form-is-layout-2b4208ba wp-block-jetpack-contact-form-is-layout-flex\"><a href=\"https:\/\/keybox.nl\/it\/hotelkluis-kopen\/\" target=\"_blank\" rel=\"noopener noreferrer\">Inviare un modulo.<\/a><\/div>\n\n\n<p><\/p>","protected":false},"excerpt":{"rendered":"<p>\u2713 Gebruiksvriendelijk \u2713 Bestendig en veilig \u2713 Diverse modellen Een hotelkluis kopen is geen onbeduidende zaak. Het gaat om het bieden van veiligheid en gemoedsrust aan uw gewaardeerde gasten. Van sieraden tot paspoorten en laptops, een hotelkluis biedt een veilige haven voor de waardevolle bezittingen van uw gasten tijdens hun verblijf. Bij Keybox.nl is het [&hellip;]<\/p>\n","protected":false},"author":1,"featured_media":0,"parent":0,"menu_order":0,"comment_status":"closed","ping_status":"closed","template":"template-fullwidth.php","meta":{"footnotes":""},"class_list":["post-1530","page","type-page","status-publish","hentry"],"yoast_head":"<!-- This site is optimized with the Yoast SEO plugin v27.4 - https:\/\/yoast.com\/product\/yoast-seo-wordpress\/ -->\n<title>Een kwalitatieve hotelkluis kopen -<\/title>\n<meta name=\"description\" content=\"Wilt u graag een hoogwaardige hotelkluis kopen? Bekijk dan zeker ons ruime aanbod aan kluizen. Onze experts geven u graag professioneel advies!\" \/>\n<meta name=\"robots\" content=\"index, follow, max-snippet:-1, max-image-preview:large, max-video-preview:-1\" \/>\n<link rel=\"canonical\" href=\"https:\/\/keybox.nl\/it\/hotelkluis-kopen\/\" \/>\n<meta property=\"og:locale\" content=\"it_IT\" \/>\n<meta property=\"og:type\" content=\"article\" \/>\n<meta property=\"og:title\" content=\"Een kwalitatieve hotelkluis kopen -\" \/>\n<meta property=\"og:description\" content=\"Wilt u graag een hoogwaardige hotelkluis kopen? Bekijk dan zeker ons ruime aanbod aan kluizen. Onze experts geven u graag professioneel advies!\" \/>\n<meta property=\"og:url\" content=\"https:\/\/keybox.nl\/it\/hotelkluis-kopen\/\" \/>\n<meta property=\"article:modified_time\" content=\"2023-07-25T10:16:37+00:00\" \/>\n<meta property=\"og:image\" content=\"http:\/\/keybox.nl\/wp-content\/uploads\/2021\/12\/KSB103-KSB005-4-scaled.jpg\" \/>\n<meta name=\"twitter:card\" content=\"summary_large_image\" \/>\n<meta name=\"twitter:label1\" content=\"Tempo di lettura stimato\" \/>\n\t<meta name=\"twitter:data1\" content=\"3 minuti\" \/>\n<script type=\"application\/ld+json\" class=\"yoast-schema-graph\">{\"@context\":\"https:\\\/\\\/schema.org\",\"@graph\":[{\"@type\":\"WebPage\",\"@id\":\"https:\\\/\\\/keybox.nl\\\/hotelkluis-kopen\\\/\",\"url\":\"https:\\\/\\\/keybox.nl\\\/hotelkluis-kopen\\\/\",\"name\":\"Een kwalitatieve hotelkluis kopen -\",\"isPartOf\":{\"@id\":\"https:\\\/\\\/keybox.nl\\\/#website\"},\"primaryImageOfPage\":{\"@id\":\"https:\\\/\\\/keybox.nl\\\/hotelkluis-kopen\\\/#primaryimage\"},\"image\":{\"@id\":\"https:\\\/\\\/keybox.nl\\\/hotelkluis-kopen\\\/#primaryimage\"},\"thumbnailUrl\":\"http:\\\/\\\/keybox.nl\\\/wp-content\\\/uploads\\\/2021\\\/12\\\/KSB103-KSB005-4-scaled.jpg\",\"datePublished\":\"2023-07-20T12:27:21+00:00\",\"dateModified\":\"2023-07-25T10:16:37+00:00\",\"description\":\"Wilt u graag een hoogwaardige hotelkluis kopen? Bekijk dan zeker ons ruime aanbod aan kluizen. Onze experts geven u graag professioneel advies!\",\"breadcrumb\":{\"@id\":\"https:\\\/\\\/keybox.nl\\\/hotelkluis-kopen\\\/#breadcrumb\"},\"inLanguage\":\"it-IT\",\"potentialAction\":[{\"@type\":\"ReadAction\",\"target\":[\"https:\\\/\\\/keybox.nl\\\/hotelkluis-kopen\\\/\"]}]},{\"@type\":\"ImageObject\",\"inLanguage\":\"it-IT\",\"@id\":\"https:\\\/\\\/keybox.nl\\\/hotelkluis-kopen\\\/#primaryimage\",\"url\":\"http:\\\/\\\/keybox.nl\\\/wp-content\\\/uploads\\\/2021\\\/12\\\/KSB103-KSB005-4-scaled.jpg\",\"contentUrl\":\"http:\\\/\\\/keybox.nl\\\/wp-content\\\/uploads\\\/2021\\\/12\\\/KSB103-KSB005-4-scaled.jpg\"},{\"@type\":\"BreadcrumbList\",\"@id\":\"https:\\\/\\\/keybox.nl\\\/hotelkluis-kopen\\\/#breadcrumb\",\"itemListElement\":[{\"@type\":\"ListItem\",\"position\":1,\"name\":\"Home\",\"item\":\"https:\\\/\\\/keybox.nl\\\/\"},{\"@type\":\"ListItem\",\"position\":2,\"name\":\"hotelkluis-kopen\"}]},{\"@type\":\"WebSite\",\"@id\":\"https:\\\/\\\/keybox.nl\\\/#website\",\"url\":\"https:\\\/\\\/keybox.nl\\\/\",\"name\":\"\",\"description\":\"\",\"potentialAction\":[{\"@type\":\"SearchAction\",\"target\":{\"@type\":\"EntryPoint\",\"urlTemplate\":\"https:\\\/\\\/keybox.nl\\\/?s={search_term_string}\"},\"query-input\":{\"@type\":\"PropertyValueSpecification\",\"valueRequired\":true,\"valueName\":\"search_term_string\"}}],\"inLanguage\":\"it-IT\"}]}<\/script>\n<!-- \/ Yoast SEO plugin. -->","yoast_head_json":{"title":"Acquistare una cassaforte per hotel di qualit\u00e0","description":"Desiderate acquistare una cassaforte per hotel di alta qualit\u00e0? Allora date un'occhiata alla nostra ampia gamma di casseforti. I nostri esperti saranno lieti di fornirvi una consulenza professionale!","robots":{"index":"index","follow":"follow","max-snippet":"max-snippet:-1","max-image-preview":"max-image-preview:large","max-video-preview":"max-video-preview:-1"},"canonical":"https:\/\/keybox.nl\/it\/hotelkluis-kopen\/","og_locale":"it_IT","og_type":"article","og_title":"Een kwalitatieve hotelkluis kopen -","og_description":"Wilt u graag een hoogwaardige hotelkluis kopen? Bekijk dan zeker ons ruime aanbod aan kluizen. Onze experts geven u graag professioneel advies!","og_url":"https:\/\/keybox.nl\/it\/hotelkluis-kopen\/","article_modified_time":"2023-07-25T10:16:37+00:00","og_image":[{"url":"http:\/\/keybox.nl\/wp-content\/uploads\/2021\/12\/KSB103-KSB005-4-scaled.jpg","type":"","width":"","height":""}],"twitter_card":"summary_large_image","twitter_misc":{"Tempo di lettura stimato":"3 minuti"},"schema":{"@context":"https:\/\/schema.org","@graph":[{"@type":"WebPage","@id":"https:\/\/keybox.nl\/hotelkluis-kopen\/","url":"https:\/\/keybox.nl\/hotelkluis-kopen\/","name":"Acquistare una cassaforte per hotel di qualit\u00e0","isPartOf":{"@id":"https:\/\/keybox.nl\/#website"},"primaryImageOfPage":{"@id":"https:\/\/keybox.nl\/hotelkluis-kopen\/#primaryimage"},"image":{"@id":"https:\/\/keybox.nl\/hotelkluis-kopen\/#primaryimage"},"thumbnailUrl":"http:\/\/keybox.nl\/wp-content\/uploads\/2021\/12\/KSB103-KSB005-4-scaled.jpg","datePublished":"2023-07-20T12:27:21+00:00","dateModified":"2023-07-25T10:16:37+00:00","description":"Desiderate acquistare una cassaforte per hotel di alta qualit\u00e0? Allora date un'occhiata alla nostra ampia gamma di casseforti. I nostri esperti saranno lieti di fornirvi una consulenza professionale!","breadcrumb":{"@id":"https:\/\/keybox.nl\/hotelkluis-kopen\/#breadcrumb"},"inLanguage":"it-IT","potentialAction":[{"@type":"ReadAction","target":["https:\/\/keybox.nl\/hotelkluis-kopen\/"]}]},{"@type":"ImageObject","inLanguage":"it-IT","@id":"https:\/\/keybox.nl\/hotelkluis-kopen\/#primaryimage","url":"http:\/\/keybox.nl\/wp-content\/uploads\/2021\/12\/KSB103-KSB005-4-scaled.jpg","contentUrl":"http:\/\/keybox.nl\/wp-content\/uploads\/2021\/12\/KSB103-KSB005-4-scaled.jpg"},{"@type":"BreadcrumbList","@id":"https:\/\/keybox.nl\/hotelkluis-kopen\/#breadcrumb","itemListElement":[{"@type":"ListItem","position":1,"name":"Home","item":"https:\/\/keybox.nl\/"},{"@type":"ListItem","position":2,"name":"hotelkluis-kopen"}]},{"@type":"WebSite","@id":"https:\/\/keybox.nl\/#website","url":"https:\/\/keybox.nl\/","name":"","description":"","potentialAction":[{"@type":"SearchAction","target":{"@type":"EntryPoint","urlTemplate":"https:\/\/keybox.nl\/?s={search_term_string}"},"query-input":{"@type":"PropertyValueSpecification","valueRequired":true,"valueName":"search_term_string"}}],"inLanguage":"it-IT"}]}},"jetpack-related-posts":[{"id":1529,"url":"https:\/\/keybox.nl\/it\/sleutelhaken-kopen\/","url_meta":{"origin":1530,"position":0},"title":"ganci-chiave-acquista","author":"Keybox@beheermodule","date":"20 Luglio 2023","format":false,"excerpt":"Acquistate al sicuro i ganci per chiavi nel webshop! \u2713 Facili da usare \u2713 Resistenti e sicuri \u2713 Vari modelli Siete alla ricerca di ganci per chiavi di qualit\u00e0 da acquistare per l'uso nella vostra attivit\u00e0? Allora prendete in considerazione l'acquisto di un armadietto portachiavi protetto in modo professionale. Dopo tutto, non volete che persone con intenzioni malevole...","rel":"","context":"Articolo simile","block_context":{"text":"Articolo simile","link":""},"img":{"alt_text":"","src":"https:\/\/i0.wp.com\/keybox.nl\/wp-content\/uploads\/2021\/12\/KSB_102_1-e1638478691321.jpg?resize=350%2C200&ssl=1","width":350,"height":200,"srcset":"https:\/\/i0.wp.com\/keybox.nl\/wp-content\/uploads\/2021\/12\/KSB_102_1-e1638478691321.jpg?resize=350%2C200&ssl=1 1x, https:\/\/i0.wp.com\/keybox.nl\/wp-content\/uploads\/2021\/12\/KSB_102_1-e1638478691321.jpg?resize=525%2C300&ssl=1 1.5x, https:\/\/i0.wp.com\/keybox.nl\/wp-content\/uploads\/2021\/12\/KSB_102_1-e1638478691321.jpg?resize=700%2C400&ssl=1 2x"},"classes":[]},{"id":546,"url":"https:\/\/keybox.nl\/it\/inbouwkluisjes-kopen\/","url_meta":{"origin":1530,"position":1},"title":"Acquistare casseforti a incasso","author":"Keybox@beheermodule","date":"11 Marzo 2022","format":false,"excerpt":"Acquistate le robuste casseforti a incasso nel webshop! \u2713 Facili da usare \u2713 Robuste e sicure \u2713 Vari modelli Volete acquistare casseforti a muro per la vostra attivit\u00e0? Il nostro negozio web offre diversi modelli di casseforti da installare a parete. Poich\u00e9 il sistema \u00e8 inserito nella parete, non pu\u00f2 essere portato via ed \u00e8...","rel":"","context":"Articolo simile","block_context":{"text":"Articolo simile","link":""},"img":{"alt_text":"","src":"https:\/\/i0.wp.com\/keybox.nl\/wp-content\/uploads\/2021\/12\/KSB_102_1-e1638478691321.jpg?resize=350%2C200&ssl=1","width":350,"height":200,"srcset":"https:\/\/i0.wp.com\/keybox.nl\/wp-content\/uploads\/2021\/12\/KSB_102_1-e1638478691321.jpg?resize=350%2C200&ssl=1 1x, https:\/\/i0.wp.com\/keybox.nl\/wp-content\/uploads\/2021\/12\/KSB_102_1-e1638478691321.jpg?resize=525%2C300&ssl=1 1.5x, https:\/\/i0.wp.com\/keybox.nl\/wp-content\/uploads\/2021\/12\/KSB_102_1-e1638478691321.jpg?resize=700%2C400&ssl=1 2x"},"classes":[]},{"id":556,"url":"https:\/\/keybox.nl\/it\/kleine-sleutelkluisjes-kopen\/","url_meta":{"origin":1530,"position":2},"title":"Acquistare piccole casseforti a chiave","author":"Keybox@beheermodule","date":"11 Marzo 2022","format":false,"excerpt":"Acquistate casseforti a chiave piccole e affidabili sul webshop! \u2713 Facili da usare \u2713 Resistenti e sicure \u2713 Vari modelli Con noi potete acquistare piccole casseforti per custodire in modo sicuro le vostre chiavi. Keybox.it offre tutti i tipi di casseforti, come la cassaforte per chiavi piccole, che potete acquistare facilmente online. Grazie alla nostra...","rel":"","context":"Articolo simile","block_context":{"text":"Articolo simile","link":""},"img":{"alt_text":"","src":"https:\/\/i0.wp.com\/keybox.nl\/wp-content\/uploads\/2022\/12\/Keysafe_Original_keybox_sleutelkluis.jpg?resize=350%2C200&ssl=1","width":350,"height":200,"srcset":"https:\/\/i0.wp.com\/keybox.nl\/wp-content\/uploads\/2022\/12\/Keysafe_Original_keybox_sleutelkluis.jpg?resize=350%2C200&ssl=1 1x, https:\/\/i0.wp.com\/keybox.nl\/wp-content\/uploads\/2022\/12\/Keysafe_Original_keybox_sleutelkluis.jpg?resize=525%2C300&ssl=1 1.5x, https:\/\/i0.wp.com\/keybox.nl\/wp-content\/uploads\/2022\/12\/Keysafe_Original_keybox_sleutelkluis.jpg?resize=700%2C400&ssl=1 2x"},"classes":[]},{"id":30,"url":"https:\/\/keybox.nl\/it\/","url_meta":{"origin":1530,"position":3},"title":"Acquistare armadietti sicuri per le chiavi","author":"Keybox@beheermodule","date":"30 Novembre 2021","format":false,"excerpt":"Su Keybox.it potete acquistare, tra le altre cose, una cassaforte robusta o una cassaforte a chiave sicura. Offriamo diversi tipi di casseforti: da quelle a chiave sottile a quelle a muro con rotella di deposito. Con noi potete ordinare una cassaforte per la vostra azienda, ma anche per la vostra casa. Grazie alla nostra ampia gamma di casseforti a chiave,...","rel":"","context":"Con 1 commento","block_context":{"text":"Con 1 commento","link":"https:\/\/keybox.nl\/it\/#comments"},"img":{"alt_text":"","src":"","width":0,"height":0},"classes":[]},{"id":1528,"url":"https:\/\/keybox.nl\/it\/elektronische-sleutelkluis-kopen\/","url_meta":{"origin":1530,"position":4},"title":"chiave elettronica-acquisto sicuro","author":"Keybox@beheermodule","date":"20 Luglio 2023","format":false,"excerpt":"Acquistate una cassaforte a chiave elettronica sul webshop! \u2713 Facile da usare \u2713 Resistente e sicura \u2713 Vari modelli L'acquisto di una cassaforte elettronica per chiavi \u00e8 il primo passo per garantire la sicurezza della vostra azienda o della vostra casa. Keybox.it vi offre la soluzione pi\u00f9 adatta alle vostre esigenze. Queste casseforti...","rel":"","context":"Articolo simile","block_context":{"text":"Articolo simile","link":""},"img":{"alt_text":"","src":"https:\/\/i0.wp.com\/keybox.nl\/wp-content\/uploads\/2023\/02\/Keysafe-Big-Pro-sleutelkastje_keybox.jpeg?resize=350%2C200&ssl=1","width":350,"height":200,"srcset":"https:\/\/i0.wp.com\/keybox.nl\/wp-content\/uploads\/2023\/02\/Keysafe-Big-Pro-sleutelkastje_keybox.jpeg?resize=350%2C200&ssl=1 1x, https:\/\/i0.wp.com\/keybox.nl\/wp-content\/uploads\/2023\/02\/Keysafe-Big-Pro-sleutelkastje_keybox.jpeg?resize=525%2C300&ssl=1 1.5x, https:\/\/i0.wp.com\/keybox.nl\/wp-content\/uploads\/2023\/02\/Keysafe-Big-Pro-sleutelkastje_keybox.jpeg?resize=700%2C400&ssl=1 2x"},"classes":[]},{"id":538,"url":"https:\/\/keybox.nl\/it\/kluis-kopen-voor-thuis\/","url_meta":{"origin":1530,"position":5},"title":"Acquistare una cassaforte per la casa","author":"Keybox@beheermodule","date":"11 Marzo 2022","format":false,"excerpt":"Acquistare una cassaforte resistente per la vostra casa Nel webshop! \u2713 Facile da usare \u2713 Resistente e sicura \u2713 Vari modelli Volete acquistare una cassaforte pratica per la vostra casa? Allora Keybox.it ha quello che fa per voi. Le casseforti domestiche sono un po' pi\u00f9 piccole e non richiedono un'installazione approfondita, il che le rende ideali...","rel":"","context":"Articolo simile","block_context":{"text":"Articolo simile","link":""},"img":{"alt_text":"","src":"https:\/\/i0.wp.com\/keybox.nl\/wp-content\/uploads\/2022\/01\/KSB007-inner-safe-2-e1643896091542.jpg?resize=350%2C200&ssl=1","width":350,"height":200,"srcset":"https:\/\/i0.wp.com\/keybox.nl\/wp-content\/uploads\/2022\/01\/KSB007-inner-safe-2-e1643896091542.jpg?resize=350%2C200&ssl=1 1x, https:\/\/i0.wp.com\/keybox.nl\/wp-content\/uploads\/2022\/01\/KSB007-inner-safe-2-e1643896091542.jpg?resize=525%2C300&ssl=1 1.5x, https:\/\/i0.wp.com\/keybox.nl\/wp-content\/uploads\/2022\/01\/KSB007-inner-safe-2-e1643896091542.jpg?resize=700%2C400&ssl=1 2x"},"classes":[]}],"jetpack_sharing_enabled":true,"_links":{"self":[{"href":"https:\/\/keybox.nl\/it\/wp-json\/wp\/v2\/pages\/1530","targetHints":{"allow":["GET"]}}],"collection":[{"href":"https:\/\/keybox.nl\/it\/wp-json\/wp\/v2\/pages"}],"about":[{"href":"https:\/\/keybox.nl\/it\/wp-json\/wp\/v2\/types\/page"}],"author":[{"embeddable":true,"href":"https:\/\/keybox.nl\/it\/wp-json\/wp\/v2\/users\/1"}],"replies":[{"embeddable":true,"href":"https:\/\/keybox.nl\/it\/wp-json\/wp\/v2\/comments?post=1530"}],"version-history":[{"count":6,"href":"https:\/\/keybox.nl\/it\/wp-json\/wp\/v2\/pages\/1530\/revisions"}],"predecessor-version":[{"id":1661,"href":"https:\/\/keybox.nl\/it\/wp-json\/wp\/v2\/pages\/1530\/revisions\/1661"}],"wp:attachment":[{"href":"https:\/\/keybox.nl\/it\/wp-json\/wp\/v2\/media?parent=1530"}],"curies":[{"name":"wp","href":"https:\/\/api.w.org\/{rel}","templated":true}]}}