{"id":1529,"date":"2023-07-20T12:27:14","date_gmt":"2023-07-20T12:27:14","guid":{"rendered":"http:\/\/keybox.nl\/?page_id=1529"},"modified":"2023-07-25T10:18:46","modified_gmt":"2023-07-25T10:18:46","slug":"sleutelhaken-kopen","status":"publish","type":"page","link":"https:\/\/keybox.nl\/it\/sleutelhaken-kopen\/","title":{"rendered":"ganci-chiave-acquista"},"content":{"rendered":"<div class=\"wp-block-cover alignfull\" style=\"min-height:200px;aspect-ratio:unset;\"><span aria-hidden=\"true\" class=\"wp-block-cover__background has-background-dim-60 has-background-dim\"><\/span><img decoding=\"async\" width=\"1920\" height=\"2560\" class=\"wp-block-cover__image-background wp-image-126\" alt=\"Kluis\" src=\"http:\/\/keybox.nl\/wp-content\/uploads\/2021\/12\/KSB103-KSB005-4-scaled.jpg\" style=\"object-position:50% 50%\" data-object-fit=\"cover\" data-object-position=\"50% 50%\" srcset=\"https:\/\/keybox.nl\/wp-content\/uploads\/2021\/12\/KSB103-KSB005-4-scaled.jpg 1920w, https:\/\/keybox.nl\/wp-content\/uploads\/2021\/12\/KSB103-KSB005-4-416x555.jpg 416w, https:\/\/keybox.nl\/wp-content\/uploads\/2021\/12\/KSB103-KSB005-4-225x300.jpg 225w, https:\/\/keybox.nl\/wp-content\/uploads\/2021\/12\/KSB103-KSB005-4-768x1024.jpg 768w, https:\/\/keybox.nl\/wp-content\/uploads\/2021\/12\/KSB103-KSB005-4-1152x1536.jpg 1152w, https:\/\/keybox.nl\/wp-content\/uploads\/2021\/12\/KSB103-KSB005-4-1536x2048.jpg 1536w, https:\/\/keybox.nl\/wp-content\/uploads\/2021\/12\/KSB103-KSB005-4-1320x1760.jpg 1320w\" sizes=\"(max-width: 1920px) 100vw, 1920px\" \/><div class=\"wp-block-cover__inner-container is-layout-flow wp-block-cover-is-layout-flow\">\n<h1 class=\"wp-block-heading alignwide has-text-align-left has-white-color has-text-color\" style=\"font-size:40px\">Acquistare una cassaforte con ganci per chiavi<\/h1>\n\n\n\n<div class=\"wp-block-columns alignwide is-layout-flex wp-container-core-columns-is-layout-28f84493 wp-block-columns-is-layout-flex\">\n<div class=\"wp-block-column is-layout-flow wp-block-column-is-layout-flow\" style=\"flex-basis:55%\">\n<div class=\"wp-block-buttons is-layout-flex wp-block-buttons-is-layout-flex\">\n<div class=\"wp-block-button cta-knop alignleft\"><a class=\"wp-block-button__link has-black-color has-white-background-color has-text-color has-background wp-element-button\" href=\"http:\/\/keybox.nl\/it\/\">Al webshop!<\/a><\/div>\n<\/div>\n<\/div>\n<\/div>\n<\/div><\/div>\n\n\n\n<div style=\"height:50px\" aria-hidden=\"true\" class=\"wp-block-spacer\"><\/div>\n\n\n\n<div class=\"wp-block-group alignfull is-content-justification-center is-layout-flex wp-container-core-group-is-layout-81a7f686 wp-block-group-is-layout-flex\">\n<p class=\"usps has-normal-font-size\">\u2713 Facile da usare<\/p>\n\n\n\n<p>\u2713 Resistente e sicuro<\/p>\n\n\n\n<p>\u2713 Vari modelli<\/p>\n<\/div>\n\n\n\n<style>\nh1.entry-title {\ndisplay:none;\n}\n.cta-knop {\nmargin-left: 35px !important;\n}\n\n.cta-knop:hover {\nopacity: 0.75;\n}\n\n@media only screen and (max-width: 1064px) {\n.cta-knop {\nmargin-left: 0px !important;\n}\n\n.wp-block-group.alignfull {\n    display: flex;\n    flex-direction: column;\n}\n}\n<\/style>\n\n\n\n<div style=\"height:100px\" aria-hidden=\"true\" class=\"wp-block-spacer\"><\/div>\n\n\n\n<p class=\"has-text-align-left align-left has-black-color has-text-color has-normal-font-size\">Siete alla ricerca di ganci per chiavi di qualit\u00e0 da utilizzare nella vostra azienda? Allora prendete in considerazione l'acquisto di un armadietto per chiavi protetto in modo professionale. Dopo tutto, non volete che persone con cattive intenzioni possano accedere alle vostre chiavi in questo modo. Su Keybox.it \u00e8 possibile acquistare casseforti con pi\u00f9 ganci per chiavi.<\/p>\n\n\n\n<div style=\"height:100px\" aria-hidden=\"true\" class=\"wp-block-spacer\"><\/div>\n\n\n\n<div class=\"wp-block-group is-content-justification-center is-layout-flex wp-container-core-group-is-layout-81a7f686 wp-block-group-is-layout-flex\">\n<div class=\"wp-block-media-text alignwide is-stacked-on-mobile is-vertically-aligned-center\" style=\"grid-template-columns:40% auto\"><figure class=\"wp-block-media-text__media\"><img decoding=\"async\" width=\"1024\" height=\"1024\" src=\"http:\/\/keybox.nl\/wp-content\/uploads\/2021\/12\/KSB_102_1-1024x1024.jpg\" alt=\"\" class=\"wp-image-104 size-full\"\/><\/figure><div class=\"wp-block-media-text__content\">\n<h2 class=\"wp-block-heading\">Acquistate una cassaforte inventiva con sette ganci a chiave<\/h2>\n\n\n\n<p>Con noi avete la possibilit\u00e0 di acquistare una cassaforte con ben sette ganci per le chiavi. Con i nostri <a href=\"http:\/\/keybox.nl\/it\/digitaal-sleutelbeheersysteem\/\">sistema di gestione delle chiavi digitali<\/a> gestisce le chiavi in modo semplice e sicuro. Dopo tutto, le vostre chiavi sono conservate in un luogo centrale. Come il nostro <a href=\"http:\/\/keybox.nl\/it\/sleutelkastjes-met-code-kopen\/\">scatole di chiavi con un codice<\/a> lavoro, pi\u00f9 dipendenti hanno accesso alle chiavi, senza dover fare pi\u00f9 copie. Tuttavia, non c'\u00e8 il rischio che i ladri possano accedere alle chiavi. Infatti, tutte le nostre casseforti sono <a href=\"http:\/\/keybox.nl\/it\/inbraakwerende-kluis-kopen\/\">completamente a prova di scasso<\/a>. Lasciate che questi <a href=\"http:\/\/keybox.nl\/it\/sleutelkluis-buiten\/\">cassaforte a chiave esterna<\/a> o all'interno, a seconda delle vostre preferenze. Anche in questo caso potete contare sull'aiuto dei nostri esperti.<\/p>\n<\/div><\/div>\n<\/div>\n\n\n\n<div style=\"height:100px\" aria-hidden=\"true\" class=\"wp-block-spacer\"><\/div>\n\n\n\n<h2 class=\"wp-block-heading has-text-align-center\"><strong>Volete acquistare da noi i ganci per chiavi?<\/strong><\/h2>\n\n\n\n<div class=\"wp-block-buttons is-content-justification-center is-layout-flex wp-container-core-buttons-is-layout-a89b3969 wp-block-buttons-is-layout-flex\">\n<div class=\"wp-block-button is-style-outline is-style-outline--1\"><a class=\"wp-block-button__link wp-element-button\" href=\"http:\/\/keybox.nl\/it\/\">Visualizza il negozio online<\/a><\/div>\n<\/div>\n\n\n\n<div style=\"height:100px\" aria-hidden=\"true\" class=\"wp-block-spacer\"><\/div>\n\n\n\n<div class=\"wp-block-group is-content-justification-center is-layout-flex wp-container-core-group-is-layout-81a7f686 wp-block-group-is-layout-flex\">\n<div class=\"wp-block-media-text alignwide has-media-on-the-right is-stacked-on-mobile is-vertically-aligned-center\" style=\"grid-template-columns:auto 40%\"><div class=\"wp-block-media-text__content\">\n<h3 class=\"wp-block-heading has-text-color\" style=\"color:#000000;font-size:32px\"><strong>Effettuare un ordine rapidamente<\/strong><\/h3>\n\n\n\n<p class=\"has-text-color has-normal-font-size\" style=\"color:#000000\">Scegliete il nostro <a href=\"http:\/\/keybox.nl\/it\/\">armadietti sicuri per chiavi<\/a> con pi\u00f9 ganci chiave da acquistare. Vista <a href=\"http:\/\/keybox.nl\/it\/categoria-prodotto\/digibox-sleuteluitgifte\/\">il nostro Digibox<\/a> e fate il vostro ordine! Volete prima vedere questo armadietto delle chiavi dal vivo o ricevere una consulenza? Allora prendete <a href=\"http:\/\/keybox.nl\/it\/contact\/\">contattateci<\/a> per fissare un appuntamento presso la nostra filiale di Bussum.<\/p>\n<\/div><figure class=\"wp-block-media-text__media\"><img decoding=\"async\" width=\"600\" height=\"800\" src=\"http:\/\/keybox.nl\/wp-content\/uploads\/2021\/12\/Extra-Armor-KSB.jpg\" alt=\"Kluis los\" class=\"wp-image-103 size-full\" srcset=\"https:\/\/keybox.nl\/wp-content\/uploads\/2021\/12\/Extra-Armor-KSB.jpg 600w, https:\/\/keybox.nl\/wp-content\/uploads\/2021\/12\/Extra-Armor-KSB-416x555.jpg 416w, https:\/\/keybox.nl\/wp-content\/uploads\/2021\/12\/Extra-Armor-KSB-225x300.jpg 225w\" sizes=\"(max-width: 600px) 100vw, 600px\" \/><\/figure><\/div>\n<\/div>\n\n\n\n<div style=\"height:50px\" aria-hidden=\"true\" class=\"wp-block-spacer\"><\/div>\n\n\n\n<h2 class=\"wp-block-heading alignwide has-text-align-left form-titel\"><strong>Avete domande sulla sicurezza?<\/strong><\/h2>\n\n\n<div class=\"wp-block-jetpack-contact-form alignwide is-layout-flex wp-container-jetpack-contact-form-is-layout-2b4208ba wp-block-jetpack-contact-form-is-layout-flex\"><a href=\"https:\/\/keybox.nl\/it\/sleutelhaken-kopen\/\" target=\"_blank\" rel=\"noopener noreferrer\">Inviare un modulo.<\/a><\/div>\n\n\n<p><\/p>","protected":false},"excerpt":{"rendered":"<p>\u2713 Gebruiksvriendelijk \u2713 Bestendig en veilig \u2713 Diverse modellen Bent u op zoek naar kwalitatieve sleutelhaken om te kopen voor gebruik in uw bedrijf? Overweeg dan eens om een professioneel beveiligde sleutelkast te kopen. U wilt immers niet dat mensen met kwade bedoelingen zomaar bij uw sleutels kunnen. Bij Keybox.nl is het mogelijk om kluizen [&hellip;]<\/p>\n","protected":false},"author":1,"featured_media":0,"parent":0,"menu_order":0,"comment_status":"closed","ping_status":"closed","template":"template-fullwidth.php","meta":{"footnotes":""},"class_list":["post-1529","page","type-page","status-publish","hentry"],"yoast_head":"<!-- This site is optimized with the Yoast SEO plugin v27.4 - https:\/\/yoast.com\/product\/yoast-seo-wordpress\/ -->\n<title>Een kluis met sleutelhaken kopen -<\/title>\n<meta name=\"description\" content=\"Als u een kluis met sleutelhaken voor uw bedrijf wilt kopen, is het een goed idee om een sleutelbeheersysteem te overwegen. Bewaar uw sleutels veilig!\" \/>\n<meta name=\"robots\" content=\"index, follow, max-snippet:-1, max-image-preview:large, max-video-preview:-1\" \/>\n<link rel=\"canonical\" href=\"https:\/\/keybox.nl\/it\/sleutelhaken-kopen\/\" \/>\n<meta property=\"og:locale\" content=\"it_IT\" \/>\n<meta property=\"og:type\" content=\"article\" \/>\n<meta property=\"og:title\" content=\"Een kluis met sleutelhaken kopen -\" \/>\n<meta property=\"og:description\" content=\"Als u een kluis met sleutelhaken voor uw bedrijf wilt kopen, is het een goed idee om een sleutelbeheersysteem te overwegen. Bewaar uw sleutels veilig!\" \/>\n<meta property=\"og:url\" content=\"https:\/\/keybox.nl\/it\/sleutelhaken-kopen\/\" \/>\n<meta property=\"article:modified_time\" content=\"2023-07-25T10:18:46+00:00\" \/>\n<meta property=\"og:image\" content=\"http:\/\/keybox.nl\/wp-content\/uploads\/2021\/12\/KSB103-KSB005-4-scaled.jpg\" \/>\n<meta name=\"twitter:card\" content=\"summary_large_image\" \/>\n<meta name=\"twitter:label1\" content=\"Tempo di lettura stimato\" \/>\n\t<meta name=\"twitter:data1\" content=\"2 minuti\" \/>\n<script type=\"application\/ld+json\" class=\"yoast-schema-graph\">{\"@context\":\"https:\\\/\\\/schema.org\",\"@graph\":[{\"@type\":\"WebPage\",\"@id\":\"https:\\\/\\\/keybox.nl\\\/sleutelhaken-kopen\\\/\",\"url\":\"https:\\\/\\\/keybox.nl\\\/sleutelhaken-kopen\\\/\",\"name\":\"Een kluis met sleutelhaken kopen -\",\"isPartOf\":{\"@id\":\"https:\\\/\\\/keybox.nl\\\/#website\"},\"primaryImageOfPage\":{\"@id\":\"https:\\\/\\\/keybox.nl\\\/sleutelhaken-kopen\\\/#primaryimage\"},\"image\":{\"@id\":\"https:\\\/\\\/keybox.nl\\\/sleutelhaken-kopen\\\/#primaryimage\"},\"thumbnailUrl\":\"http:\\\/\\\/keybox.nl\\\/wp-content\\\/uploads\\\/2021\\\/12\\\/KSB103-KSB005-4-scaled.jpg\",\"datePublished\":\"2023-07-20T12:27:14+00:00\",\"dateModified\":\"2023-07-25T10:18:46+00:00\",\"description\":\"Als u een kluis met sleutelhaken voor uw bedrijf wilt kopen, is het een goed idee om een sleutelbeheersysteem te overwegen. Bewaar uw sleutels veilig!\",\"breadcrumb\":{\"@id\":\"https:\\\/\\\/keybox.nl\\\/sleutelhaken-kopen\\\/#breadcrumb\"},\"inLanguage\":\"it-IT\",\"potentialAction\":[{\"@type\":\"ReadAction\",\"target\":[\"https:\\\/\\\/keybox.nl\\\/sleutelhaken-kopen\\\/\"]}]},{\"@type\":\"ImageObject\",\"inLanguage\":\"it-IT\",\"@id\":\"https:\\\/\\\/keybox.nl\\\/sleutelhaken-kopen\\\/#primaryimage\",\"url\":\"http:\\\/\\\/keybox.nl\\\/wp-content\\\/uploads\\\/2021\\\/12\\\/KSB103-KSB005-4-scaled.jpg\",\"contentUrl\":\"http:\\\/\\\/keybox.nl\\\/wp-content\\\/uploads\\\/2021\\\/12\\\/KSB103-KSB005-4-scaled.jpg\"},{\"@type\":\"BreadcrumbList\",\"@id\":\"https:\\\/\\\/keybox.nl\\\/sleutelhaken-kopen\\\/#breadcrumb\",\"itemListElement\":[{\"@type\":\"ListItem\",\"position\":1,\"name\":\"Home\",\"item\":\"https:\\\/\\\/keybox.nl\\\/\"},{\"@type\":\"ListItem\",\"position\":2,\"name\":\"sleutelhaken-kopen\"}]},{\"@type\":\"WebSite\",\"@id\":\"https:\\\/\\\/keybox.nl\\\/#website\",\"url\":\"https:\\\/\\\/keybox.nl\\\/\",\"name\":\"\",\"description\":\"\",\"potentialAction\":[{\"@type\":\"SearchAction\",\"target\":{\"@type\":\"EntryPoint\",\"urlTemplate\":\"https:\\\/\\\/keybox.nl\\\/?s={search_term_string}\"},\"query-input\":{\"@type\":\"PropertyValueSpecification\",\"valueRequired\":true,\"valueName\":\"search_term_string\"}}],\"inLanguage\":\"it-IT\"}]}<\/script>\n<!-- \/ Yoast SEO plugin. -->","yoast_head_json":{"title":"Acquistare una cassaforte con ganci per le chiavi","description":"Se volete acquistare una cassaforte con ganci per chiavi per la vostra azienda, \u00e8 bene considerare un sistema di gestione delle chiavi. Tenete le vostre chiavi al sicuro!","robots":{"index":"index","follow":"follow","max-snippet":"max-snippet:-1","max-image-preview":"max-image-preview:large","max-video-preview":"max-video-preview:-1"},"canonical":"https:\/\/keybox.nl\/it\/sleutelhaken-kopen\/","og_locale":"it_IT","og_type":"article","og_title":"Een kluis met sleutelhaken kopen -","og_description":"Als u een kluis met sleutelhaken voor uw bedrijf wilt kopen, is het een goed idee om een sleutelbeheersysteem te overwegen. Bewaar uw sleutels veilig!","og_url":"https:\/\/keybox.nl\/it\/sleutelhaken-kopen\/","article_modified_time":"2023-07-25T10:18:46+00:00","og_image":[{"url":"http:\/\/keybox.nl\/wp-content\/uploads\/2021\/12\/KSB103-KSB005-4-scaled.jpg","type":"","width":"","height":""}],"twitter_card":"summary_large_image","twitter_misc":{"Tempo di lettura stimato":"2 minuti"},"schema":{"@context":"https:\/\/schema.org","@graph":[{"@type":"WebPage","@id":"https:\/\/keybox.nl\/sleutelhaken-kopen\/","url":"https:\/\/keybox.nl\/sleutelhaken-kopen\/","name":"Acquistare una cassaforte con ganci per le chiavi","isPartOf":{"@id":"https:\/\/keybox.nl\/#website"},"primaryImageOfPage":{"@id":"https:\/\/keybox.nl\/sleutelhaken-kopen\/#primaryimage"},"image":{"@id":"https:\/\/keybox.nl\/sleutelhaken-kopen\/#primaryimage"},"thumbnailUrl":"http:\/\/keybox.nl\/wp-content\/uploads\/2021\/12\/KSB103-KSB005-4-scaled.jpg","datePublished":"2023-07-20T12:27:14+00:00","dateModified":"2023-07-25T10:18:46+00:00","description":"Se volete acquistare una cassaforte con ganci per chiavi per la vostra azienda, \u00e8 bene considerare un sistema di gestione delle chiavi. Tenete le vostre chiavi al sicuro!","breadcrumb":{"@id":"https:\/\/keybox.nl\/sleutelhaken-kopen\/#breadcrumb"},"inLanguage":"it-IT","potentialAction":[{"@type":"ReadAction","target":["https:\/\/keybox.nl\/sleutelhaken-kopen\/"]}]},{"@type":"ImageObject","inLanguage":"it-IT","@id":"https:\/\/keybox.nl\/sleutelhaken-kopen\/#primaryimage","url":"http:\/\/keybox.nl\/wp-content\/uploads\/2021\/12\/KSB103-KSB005-4-scaled.jpg","contentUrl":"http:\/\/keybox.nl\/wp-content\/uploads\/2021\/12\/KSB103-KSB005-4-scaled.jpg"},{"@type":"BreadcrumbList","@id":"https:\/\/keybox.nl\/sleutelhaken-kopen\/#breadcrumb","itemListElement":[{"@type":"ListItem","position":1,"name":"Home","item":"https:\/\/keybox.nl\/"},{"@type":"ListItem","position":2,"name":"sleutelhaken-kopen"}]},{"@type":"WebSite","@id":"https:\/\/keybox.nl\/#website","url":"https:\/\/keybox.nl\/","name":"","description":"","potentialAction":[{"@type":"SearchAction","target":{"@type":"EntryPoint","urlTemplate":"https:\/\/keybox.nl\/?s={search_term_string}"},"query-input":{"@type":"PropertyValueSpecification","valueRequired":true,"valueName":"search_term_string"}}],"inLanguage":"it-IT"}]}},"jetpack-related-posts":[{"id":1526,"url":"https:\/\/keybox.nl\/it\/safe-kluis-kopen\/","url_meta":{"origin":1529,"position":0},"title":"Acquistare Safe Safe","author":"Keybox@beheermodule","date":"20 Luglio 2023","format":false,"excerpt":"Acquista una cassaforte o un caveau Vai al webshop! \u2713 Facile da usare \u2713 Resistente e sicura \u2713 Vari modelli Se tenete alla sicurezza e all'affidabilit\u00e0, l'acquisto di una cassaforte o di un caveau \u00e8 il primo passo da compiere. Sebbene questi termini siano spesso usati in modo intercambiabile, esistono sottili differenze. A...","rel":"","context":"Articolo simile","block_context":{"text":"Articolo simile","link":""},"img":{"alt_text":"Regenkap Keysecuritybox","src":"https:\/\/i0.wp.com\/keybox.nl\/wp-content\/uploads\/2022\/01\/IMG_5364-scaled.jpg?resize=350%2C200&ssl=1","width":350,"height":200,"srcset":"https:\/\/i0.wp.com\/keybox.nl\/wp-content\/uploads\/2022\/01\/IMG_5364-scaled.jpg?resize=350%2C200&ssl=1 1x, https:\/\/i0.wp.com\/keybox.nl\/wp-content\/uploads\/2022\/01\/IMG_5364-scaled.jpg?resize=525%2C300&ssl=1 1.5x, https:\/\/i0.wp.com\/keybox.nl\/wp-content\/uploads\/2022\/01\/IMG_5364-scaled.jpg?resize=700%2C400&ssl=1 2x, https:\/\/i0.wp.com\/keybox.nl\/wp-content\/uploads\/2022\/01\/IMG_5364-scaled.jpg?resize=1050%2C600&ssl=1 3x, https:\/\/i0.wp.com\/keybox.nl\/wp-content\/uploads\/2022\/01\/IMG_5364-scaled.jpg?resize=1400%2C800&ssl=1 4x"},"classes":[]},{"id":1530,"url":"https:\/\/keybox.nl\/it\/hotelkluis-kopen\/","url_meta":{"origin":1529,"position":1},"title":"acquisto sicuro dell'hotel","author":"Keybox@beheermodule","date":"20 Luglio 2023","format":false,"excerpt":"Acquista una cassaforte per hotel nel webshop! \u2713 Facile da usare \u2713 Resistente e sicura \u2713 Vari modelli Acquistare una cassaforte per hotel non \u00e8 una cosa banale. Si tratta di garantire sicurezza e tranquillit\u00e0 ai vostri stimati ospiti. Dai gioielli ai passaporti e ai computer portatili, una cassaforte per hotel offre un rifugio sicuro agli oggetti di valore...","rel":"","context":"Articolo simile","block_context":{"text":"Articolo simile","link":""},"img":{"alt_text":"","src":"https:\/\/i0.wp.com\/keybox.nl\/wp-content\/uploads\/2022\/02\/IMG_5926.jpg?resize=350%2C200&ssl=1","width":350,"height":200,"srcset":"https:\/\/i0.wp.com\/keybox.nl\/wp-content\/uploads\/2022\/02\/IMG_5926.jpg?resize=350%2C200&ssl=1 1x, https:\/\/i0.wp.com\/keybox.nl\/wp-content\/uploads\/2022\/02\/IMG_5926.jpg?resize=525%2C300&ssl=1 1.5x, https:\/\/i0.wp.com\/keybox.nl\/wp-content\/uploads\/2022\/02\/IMG_5926.jpg?resize=700%2C400&ssl=1 2x"},"classes":[]},{"id":1509,"url":"https:\/\/keybox.nl\/it\/digitaal-sleutelbeheersysteem\/","url_meta":{"origin":1529,"position":2},"title":"sistema di gestione delle chiavi digitali","author":"Keybox@beheermodule","date":"20 Luglio 2023","format":false,"excerpt":"Sistema di gestione delle chiavi digitali Nel webshop! \u2713 Facile da usare \u2713 Resistente e sicuro \u2713 Vari modelli Siete interessati a un sistema di gestione digitale delle chiavi? Allora il nostro Digibox con sette ganci per chiavi \u00e8 esattamente quello che state cercando. Grazie a questo ingegnoso sistema, potrete gestire le chiavi della vostra azienda in modo sicuro e preciso....","rel":"","context":"Articolo simile","block_context":{"text":"Articolo simile","link":""},"img":{"alt_text":"Digibox Ral 5010 Keybox","src":"https:\/\/i0.wp.com\/keybox.nl\/wp-content\/uploads\/2022\/02\/digibox-keybox-RAL-5010.jpg?resize=350%2C200&ssl=1","width":350,"height":200,"srcset":"https:\/\/i0.wp.com\/keybox.nl\/wp-content\/uploads\/2022\/02\/digibox-keybox-RAL-5010.jpg?resize=350%2C200&ssl=1 1x, https:\/\/i0.wp.com\/keybox.nl\/wp-content\/uploads\/2022\/02\/digibox-keybox-RAL-5010.jpg?resize=525%2C300&ssl=1 1.5x, https:\/\/i0.wp.com\/keybox.nl\/wp-content\/uploads\/2022\/02\/digibox-keybox-RAL-5010.jpg?resize=700%2C400&ssl=1 2x, https:\/\/i0.wp.com\/keybox.nl\/wp-content\/uploads\/2022\/02\/digibox-keybox-RAL-5010.jpg?resize=1050%2C600&ssl=1 3x, https:\/\/i0.wp.com\/keybox.nl\/wp-content\/uploads\/2022\/02\/digibox-keybox-RAL-5010.jpg?resize=1400%2C800&ssl=1 4x"},"classes":[]},{"id":552,"url":"https:\/\/keybox.nl\/it\/kluis-waardeberging-kopen\/","url_meta":{"origin":1529,"position":3},"title":"Acquistare una cassetta di sicurezza","author":"Keybox@beheermodule","date":"11 Marzo 2022","format":false,"excerpt":"Acquistare una cassaforte ad alta sicurezza Nel webshop! \u2713 Facile da usare \u2713 Resistente e sicura \u2713 Vari modelli Per i beni di grande valore, \u00e8 consigliabile acquistare una cassaforte con un'elevata capacit\u00e0 di stoccaggio. Il valore massimo di conservazione di una cassaforte indica fino a quale importo il contenuto della cassaforte \u00e8 assicurato....","rel":"","context":"Articolo simile","block_context":{"text":"Articolo simile","link":""},"img":{"alt_text":"","src":"https:\/\/i0.wp.com\/keybox.nl\/wp-content\/uploads\/2021\/12\/KSB_102_1-e1638478691321.jpg?resize=350%2C200&ssl=1","width":350,"height":200,"srcset":"https:\/\/i0.wp.com\/keybox.nl\/wp-content\/uploads\/2021\/12\/KSB_102_1-e1638478691321.jpg?resize=350%2C200&ssl=1 1x, https:\/\/i0.wp.com\/keybox.nl\/wp-content\/uploads\/2021\/12\/KSB_102_1-e1638478691321.jpg?resize=525%2C300&ssl=1 1.5x, https:\/\/i0.wp.com\/keybox.nl\/wp-content\/uploads\/2021\/12\/KSB_102_1-e1638478691321.jpg?resize=700%2C400&ssl=1 2x"},"classes":[]},{"id":538,"url":"https:\/\/keybox.nl\/it\/kluis-kopen-voor-thuis\/","url_meta":{"origin":1529,"position":4},"title":"Acquistare una cassaforte per la casa","author":"Keybox@beheermodule","date":"11 Marzo 2022","format":false,"excerpt":"Acquistare una cassaforte resistente per la vostra casa Nel webshop! \u2713 Facile da usare \u2713 Resistente e sicura \u2713 Vari modelli Volete acquistare una cassaforte pratica per la vostra casa? Allora Keybox.it ha quello che fa per voi. Le casseforti domestiche sono un po' pi\u00f9 piccole e non richiedono un'installazione approfondita, il che le rende ideali...","rel":"","context":"Articolo simile","block_context":{"text":"Articolo simile","link":""},"img":{"alt_text":"","src":"https:\/\/i0.wp.com\/keybox.nl\/wp-content\/uploads\/2022\/01\/KSB007-inner-safe-2-e1643896091542.jpg?resize=350%2C200&ssl=1","width":350,"height":200,"srcset":"https:\/\/i0.wp.com\/keybox.nl\/wp-content\/uploads\/2022\/01\/KSB007-inner-safe-2-e1643896091542.jpg?resize=350%2C200&ssl=1 1x, https:\/\/i0.wp.com\/keybox.nl\/wp-content\/uploads\/2022\/01\/KSB007-inner-safe-2-e1643896091542.jpg?resize=525%2C300&ssl=1 1.5x, https:\/\/i0.wp.com\/keybox.nl\/wp-content\/uploads\/2022\/01\/KSB007-inner-safe-2-e1643896091542.jpg?resize=700%2C400&ssl=1 2x"},"classes":[]},{"id":543,"url":"https:\/\/keybox.nl\/it\/inbraakwerende-kluis-kopen\/","url_meta":{"origin":1529,"position":5},"title":"Acquistare una cassaforte a prova di scasso","author":"Keybox@beheermodule","date":"11 Marzo 2022","format":false,"excerpt":"Acquistare una cassaforte resistente e a prova di scasso Nel webshop! Facile da usare \u2713 Resistente e sicura \u2713 Vari modelli Acquistare una cassaforte a prova di scasso per i vostri oggetti di valore \u00e8 importante. Perch\u00e9 li protegge in modo eccellente da vari tipi di furto. Su Keybox.it potete acquistare una cassaforte a prova di scasso per le vostre chiavi che...","rel":"","context":"Articolo simile","block_context":{"text":"Articolo simile","link":""},"img":{"alt_text":"Keysafe Slim line","src":"https:\/\/i0.wp.com\/keybox.nl\/wp-content\/uploads\/2022\/12\/Keysafe_Slim_line_Keybox.jpeg?resize=350%2C200&ssl=1","width":350,"height":200,"srcset":"https:\/\/i0.wp.com\/keybox.nl\/wp-content\/uploads\/2022\/12\/Keysafe_Slim_line_Keybox.jpeg?resize=350%2C200&ssl=1 1x, https:\/\/i0.wp.com\/keybox.nl\/wp-content\/uploads\/2022\/12\/Keysafe_Slim_line_Keybox.jpeg?resize=525%2C300&ssl=1 1.5x, https:\/\/i0.wp.com\/keybox.nl\/wp-content\/uploads\/2022\/12\/Keysafe_Slim_line_Keybox.jpeg?resize=700%2C400&ssl=1 2x"},"classes":[]}],"jetpack_sharing_enabled":true,"_links":{"self":[{"href":"https:\/\/keybox.nl\/it\/wp-json\/wp\/v2\/pages\/1529","targetHints":{"allow":["GET"]}}],"collection":[{"href":"https:\/\/keybox.nl\/it\/wp-json\/wp\/v2\/pages"}],"about":[{"href":"https:\/\/keybox.nl\/it\/wp-json\/wp\/v2\/types\/page"}],"author":[{"embeddable":true,"href":"https:\/\/keybox.nl\/it\/wp-json\/wp\/v2\/users\/1"}],"replies":[{"embeddable":true,"href":"https:\/\/keybox.nl\/it\/wp-json\/wp\/v2\/comments?post=1529"}],"version-history":[{"count":6,"href":"https:\/\/keybox.nl\/it\/wp-json\/wp\/v2\/pages\/1529\/revisions"}],"predecessor-version":[{"id":1663,"href":"https:\/\/keybox.nl\/it\/wp-json\/wp\/v2\/pages\/1529\/revisions\/1663"}],"wp:attachment":[{"href":"https:\/\/keybox.nl\/it\/wp-json\/wp\/v2\/media?parent=1529"}],"curies":[{"name":"wp","href":"https:\/\/api.w.org\/{rel}","templated":true}]}}