{"id":1528,"date":"2023-07-20T12:27:08","date_gmt":"2023-07-20T12:27:08","guid":{"rendered":"http:\/\/keybox.nl\/?page_id=1528"},"modified":"2023-07-25T10:21:03","modified_gmt":"2023-07-25T10:21:03","slug":"elektronische-sleutelkluis-kopen","status":"publish","type":"page","link":"https:\/\/keybox.nl\/it\/elektronische-sleutelkluis-kopen\/","title":{"rendered":"chiave elettronica-acquisto sicuro"},"content":{"rendered":"<div class=\"wp-block-cover alignfull\" style=\"min-height:200px;aspect-ratio:unset;\"><span aria-hidden=\"true\" class=\"wp-block-cover__background has-background-dim-60 has-background-dim\"><\/span><img decoding=\"async\" width=\"1920\" height=\"2560\" class=\"wp-block-cover__image-background wp-image-126\" alt=\"Kluis\" src=\"http:\/\/keybox.nl\/wp-content\/uploads\/2021\/12\/KSB103-KSB005-4-scaled.jpg\" style=\"object-position:50% 50%\" data-object-fit=\"cover\" data-object-position=\"50% 50%\" srcset=\"https:\/\/keybox.nl\/wp-content\/uploads\/2021\/12\/KSB103-KSB005-4-scaled.jpg 1920w, https:\/\/keybox.nl\/wp-content\/uploads\/2021\/12\/KSB103-KSB005-4-416x555.jpg 416w, https:\/\/keybox.nl\/wp-content\/uploads\/2021\/12\/KSB103-KSB005-4-225x300.jpg 225w, https:\/\/keybox.nl\/wp-content\/uploads\/2021\/12\/KSB103-KSB005-4-768x1024.jpg 768w, https:\/\/keybox.nl\/wp-content\/uploads\/2021\/12\/KSB103-KSB005-4-1152x1536.jpg 1152w, https:\/\/keybox.nl\/wp-content\/uploads\/2021\/12\/KSB103-KSB005-4-1536x2048.jpg 1536w, https:\/\/keybox.nl\/wp-content\/uploads\/2021\/12\/KSB103-KSB005-4-1320x1760.jpg 1320w\" sizes=\"(max-width: 1920px) 100vw, 1920px\" \/><div class=\"wp-block-cover__inner-container is-layout-flow wp-block-cover-is-layout-flow\">\n<h1 class=\"wp-block-heading alignwide has-text-align-left has-white-color has-text-color\" style=\"font-size:40px\">Acquistare una cassaforte a chiave elettronica<\/h1>\n\n\n\n<div class=\"wp-block-columns alignwide is-layout-flex wp-container-core-columns-is-layout-28f84493 wp-block-columns-is-layout-flex\">\n<div class=\"wp-block-column is-layout-flow wp-block-column-is-layout-flow\" style=\"flex-basis:55%\">\n<div class=\"wp-block-buttons is-layout-flex wp-block-buttons-is-layout-flex\">\n<div class=\"wp-block-button cta-knop alignleft\"><a class=\"wp-block-button__link has-black-color has-white-background-color has-text-color has-background wp-element-button\" href=\"http:\/\/keybox.nl\/it\/\">Al webshop!<\/a><\/div>\n<\/div>\n<\/div>\n<\/div>\n<\/div><\/div>\n\n\n\n<div style=\"height:50px\" aria-hidden=\"true\" class=\"wp-block-spacer\"><\/div>\n\n\n\n<div class=\"wp-block-group alignfull is-content-justification-center is-layout-flex wp-container-core-group-is-layout-81a7f686 wp-block-group-is-layout-flex\">\n<p class=\"usps has-normal-font-size\">\u2713 Facile da usare<\/p>\n\n\n\n<p>\u2713 Resistente e sicuro<\/p>\n\n\n\n<p>\u2713 Vari modelli<\/p>\n<\/div>\n\n\n\n<style>\nh1.entry-title {\ndisplay:none;\n}\n.cta-knop {\nmargin-left: 35px !important;\n}\n\n.cta-knop:hover {\nopacity: 0.75;\n}\n\n@media only screen and (max-width: 1064px) {\n.cta-knop {\nmargin-left: 0px !important;\n}\n\n.wp-block-group.alignfull {\n    display: flex;\n    flex-direction: column;\n}\n}\n<\/style>\n\n\n\n<div style=\"height:100px\" aria-hidden=\"true\" class=\"wp-block-spacer\"><\/div>\n\n\n\n<p class=\"has-text-align-left align-left has-black-color has-text-color has-normal-font-size\">L'acquisto di una cassaforte elettronica \u00e8 il primo passo per garantire la sicurezza della vostra azienda o della vostra casa. Keybox.it vi offre la soluzione pi\u00f9 adatta alle vostre esigenze. Queste casseforti sono progettate per controllare l'accesso alle chiavi e garantire la sicurezza dei vostri oggetti di valore.<\/p>\n\n\n\n<div style=\"height:100px\" aria-hidden=\"true\" class=\"wp-block-spacer\"><\/div>\n\n\n\n<div class=\"wp-block-group is-content-justification-center is-layout-flex wp-container-core-group-is-layout-81a7f686 wp-block-group-is-layout-flex\">\n<div class=\"wp-block-media-text alignwide is-stacked-on-mobile is-vertically-aligned-center\" style=\"grid-template-columns:40% auto\"><figure class=\"wp-block-media-text__media\"><img decoding=\"async\" width=\"788\" height=\"1024\" src=\"http:\/\/keybox.nl\/wp-content\/uploads\/2023\/02\/Keysafe-Big-Pro-sleutelkastje_keybox-788x1024.jpeg\" alt=\"\" class=\"wp-image-1349 size-full\" srcset=\"https:\/\/keybox.nl\/wp-content\/uploads\/2023\/02\/Keysafe-Big-Pro-sleutelkastje_keybox-788x1024.jpeg 788w, https:\/\/keybox.nl\/wp-content\/uploads\/2023\/02\/Keysafe-Big-Pro-sleutelkastje_keybox-416x541.jpeg 416w, https:\/\/keybox.nl\/wp-content\/uploads\/2023\/02\/Keysafe-Big-Pro-sleutelkastje_keybox-231x300.jpeg 231w, https:\/\/keybox.nl\/wp-content\/uploads\/2023\/02\/Keysafe-Big-Pro-sleutelkastje_keybox-768x998.jpeg 768w, https:\/\/keybox.nl\/wp-content\/uploads\/2023\/02\/Keysafe-Big-Pro-sleutelkastje_keybox.jpeg 1000w\" sizes=\"(max-width: 788px) 100vw, 788px\" \/><\/figure><div class=\"wp-block-media-text__content\">\n<h2 class=\"wp-block-heading\">Perch\u00e9 acquistare una cassaforte a chiave elettronica?<\/h2>\n\n\n\n<p>Acquistare una cassaforte a chiave elettronica \u00e8 una scelta intelligente. Non solo per la sicurezza superiore che la cassaforte offre, ma anche per la sua facilit\u00e0 d'uso. Ordinare una cassaforte con serratura elettrica significa investire in un sistema completamente autoprogrammabile. \u00c8 possibile impostarlo come si desidera, senza temere di perdere i dati in caso di interruzione dell'elettricit\u00e0. Queste casseforti sono inoltre progettate per mantenere i codici anche in caso di interruzione di corrente. Se scegliete di ordinare una cassaforte con serratura elettrica, state scegliendo una <a href=\"http:\/\/keybox.nl\/it\/cijferslot-kluis-bestellen\/\">cassaforte con serratura a combinazione<\/a> che offre flessibilit\u00e0 e sicurezza. L'acquisto di una cassaforte per chiavi elettroniche contribuisce alla tranquillit\u00e0, sapendo che le chiavi sono al sicuro e accessibili solo alle persone autorizzate. Pertanto, \u00e8 sempre una buona idea acquistare una cassaforte di questo tipo. <a href=\"http:\/\/keybox.nl\/it\/\">acquistare cassette portachiavi sicure<\/a>.<\/p>\n<\/div><\/div>\n<\/div>\n\n\n\n<div style=\"height:100px\" aria-hidden=\"true\" class=\"wp-block-spacer\"><\/div>\n\n\n\n<h2 class=\"wp-block-heading has-text-align-center\"><strong>Siete interessati ad acquistare una cassaforte a chiave elettronica da noi?<\/strong><\/h2>\n\n\n\n<div class=\"wp-block-buttons is-content-justification-center is-layout-flex wp-container-core-buttons-is-layout-a89b3969 wp-block-buttons-is-layout-flex\">\n<div class=\"wp-block-button is-style-outline is-style-outline--1\"><a class=\"wp-block-button__link wp-element-button\" href=\"http:\/\/keybox.nl\/it\/\">Visualizza il negozio online<\/a><\/div>\n<\/div>\n\n\n\n<div style=\"height:100px\" aria-hidden=\"true\" class=\"wp-block-spacer\"><\/div>\n\n\n\n<div class=\"wp-block-group is-content-justification-center is-layout-flex wp-container-core-group-is-layout-81a7f686 wp-block-group-is-layout-flex\">\n<div class=\"wp-block-media-text alignwide has-media-on-the-right is-stacked-on-mobile is-vertically-aligned-center\" style=\"grid-template-columns:auto 40%\"><div class=\"wp-block-media-text__content\">\n<h3 class=\"wp-block-heading has-text-color\" style=\"color:#000000;font-size:32px\"><strong>Effettuare un ordine e garantire la propria sicurezza<\/strong><\/h3>\n\n\n\n<p class=\"has-text-color has-normal-font-size\" style=\"color:#000000\">\u00c8 arrivato il momento di agire e di acquistare una cassaforte a chiave elettronica. Non aspettate oltre e fissate un appuntamento per <a href=\"http:\/\/keybox.nl\/it\/advies-sleutelkluis-opvragen\/\">consulenza professionale su una cassaforte a chiave<\/a> che si adatta alle vostre esigenze. Non c'\u00e8 dubbio che ordinare una cassaforte con serratura elettrica non deve essere un salasso per il vostro portafoglio. Con noi troverete un <a href=\"http:\/\/keybox.nl\/it\/goedkope-kluis-kopen\/\">cassaforte a basso costo<\/a> senza compromettere la qualit\u00e0 e la sicurezza. Siate proattivi, proteggete i vostri oggetti di valore e garantite la sicurezza delle vostre chiavi. Ordinate oggi stesso la vostra cassaforte elettronica per chiavi o prendete <a href=\"http:\/\/keybox.nl\/it\/contact\/\">contattateci<\/a> su.<\/p>\n<\/div><figure class=\"wp-block-media-text__media\"><img decoding=\"async\" width=\"700\" height=\"700\" src=\"http:\/\/keybox.nl\/wp-content\/uploads\/2022\/12\/Keysafe_Original_keybox_sleutelkluis.jpg\" alt=\"\" class=\"wp-image-1181 size-full\" srcset=\"https:\/\/keybox.nl\/wp-content\/uploads\/2022\/12\/Keysafe_Original_keybox_sleutelkluis.jpg 700w, https:\/\/keybox.nl\/wp-content\/uploads\/2022\/12\/Keysafe_Original_keybox_sleutelkluis-324x324.jpg 324w, https:\/\/keybox.nl\/wp-content\/uploads\/2022\/12\/Keysafe_Original_keybox_sleutelkluis-100x100.jpg 100w, https:\/\/keybox.nl\/wp-content\/uploads\/2022\/12\/Keysafe_Original_keybox_sleutelkluis-416x416.jpg 416w, https:\/\/keybox.nl\/wp-content\/uploads\/2022\/12\/Keysafe_Original_keybox_sleutelkluis-300x300.jpg 300w, https:\/\/keybox.nl\/wp-content\/uploads\/2022\/12\/Keysafe_Original_keybox_sleutelkluis-150x150.jpg 150w\" sizes=\"(max-width: 700px) 100vw, 700px\" \/><\/figure><\/div>\n<\/div>\n\n\n\n<div style=\"height:50px\" aria-hidden=\"true\" class=\"wp-block-spacer\"><\/div>\n\n\n\n<h2 class=\"wp-block-heading alignwide has-text-align-left form-titel\"><strong>Avete domande sulla sicurezza?<\/strong><\/h2>\n\n\n<div class=\"wp-block-jetpack-contact-form alignwide is-layout-flex wp-container-jetpack-contact-form-is-layout-2b4208ba wp-block-jetpack-contact-form-is-layout-flex\"><a href=\"https:\/\/keybox.nl\/it\/elektronische-sleutelkluis-kopen\/\" target=\"_blank\" rel=\"noopener noreferrer\">Inviare un modulo.<\/a><\/div>\n\n\n<p><\/p>","protected":false},"excerpt":{"rendered":"<p>\u2713 Gebruiksvriendelijk \u2713 Bestendig en veilig \u2713 Diverse modellen Een elektronische sleutelkluis kopen is de eerste stap als het gaat om het waarborgen van de veiligheid van uw bedrijf of woning. Keybox.nl biedt u de oplossing die naadloos past bij uw behoeften. Deze kluizen zijn ontworpen om de toegang tot sleutels te controleren en de [&hellip;]<\/p>\n","protected":false},"author":1,"featured_media":0,"parent":0,"menu_order":0,"comment_status":"closed","ping_status":"closed","template":"template-fullwidth.php","meta":{"footnotes":""},"class_list":["post-1528","page","type-page","status-publish","hentry"],"yoast_head":"<!-- This site is optimized with the Yoast SEO plugin v27.4 - https:\/\/yoast.com\/product\/yoast-seo-wordpress\/ -->\n<title>Hier kunt u een elektronische sleutelkluis kopen -<\/title>\n<meta name=\"description\" content=\"Een kwalitatieve elektronische sleutelkluis kopen doet u bij ons bedrijf. Ontdek hier meer over onze hoogwaardige kluizen en plaats uw bestelling!\" \/>\n<meta name=\"robots\" content=\"index, follow, max-snippet:-1, max-image-preview:large, max-video-preview:-1\" \/>\n<link rel=\"canonical\" href=\"https:\/\/keybox.nl\/it\/elektronische-sleutelkluis-kopen\/\" \/>\n<meta property=\"og:locale\" content=\"it_IT\" \/>\n<meta property=\"og:type\" content=\"article\" \/>\n<meta property=\"og:title\" content=\"Hier kunt u een elektronische sleutelkluis kopen -\" \/>\n<meta property=\"og:description\" content=\"Een kwalitatieve elektronische sleutelkluis kopen doet u bij ons bedrijf. Ontdek hier meer over onze hoogwaardige kluizen en plaats uw bestelling!\" \/>\n<meta property=\"og:url\" content=\"https:\/\/keybox.nl\/it\/elektronische-sleutelkluis-kopen\/\" \/>\n<meta property=\"article:modified_time\" content=\"2023-07-25T10:21:03+00:00\" \/>\n<meta property=\"og:image\" content=\"http:\/\/keybox.nl\/wp-content\/uploads\/2021\/12\/KSB103-KSB005-4-scaled.jpg\" \/>\n<meta name=\"twitter:card\" content=\"summary_large_image\" \/>\n<meta name=\"twitter:label1\" content=\"Tempo di lettura stimato\" \/>\n\t<meta name=\"twitter:data1\" content=\"3 minuti\" \/>\n<script type=\"application\/ld+json\" class=\"yoast-schema-graph\">{\"@context\":\"https:\\\/\\\/schema.org\",\"@graph\":[{\"@type\":\"WebPage\",\"@id\":\"https:\\\/\\\/keybox.nl\\\/elektronische-sleutelkluis-kopen\\\/\",\"url\":\"https:\\\/\\\/keybox.nl\\\/elektronische-sleutelkluis-kopen\\\/\",\"name\":\"Hier kunt u een elektronische sleutelkluis kopen -\",\"isPartOf\":{\"@id\":\"https:\\\/\\\/keybox.nl\\\/#website\"},\"primaryImageOfPage\":{\"@id\":\"https:\\\/\\\/keybox.nl\\\/elektronische-sleutelkluis-kopen\\\/#primaryimage\"},\"image\":{\"@id\":\"https:\\\/\\\/keybox.nl\\\/elektronische-sleutelkluis-kopen\\\/#primaryimage\"},\"thumbnailUrl\":\"http:\\\/\\\/keybox.nl\\\/wp-content\\\/uploads\\\/2021\\\/12\\\/KSB103-KSB005-4-scaled.jpg\",\"datePublished\":\"2023-07-20T12:27:08+00:00\",\"dateModified\":\"2023-07-25T10:21:03+00:00\",\"description\":\"Een kwalitatieve elektronische sleutelkluis kopen doet u bij ons bedrijf. Ontdek hier meer over onze hoogwaardige kluizen en plaats uw bestelling!\",\"breadcrumb\":{\"@id\":\"https:\\\/\\\/keybox.nl\\\/elektronische-sleutelkluis-kopen\\\/#breadcrumb\"},\"inLanguage\":\"it-IT\",\"potentialAction\":[{\"@type\":\"ReadAction\",\"target\":[\"https:\\\/\\\/keybox.nl\\\/elektronische-sleutelkluis-kopen\\\/\"]}]},{\"@type\":\"ImageObject\",\"inLanguage\":\"it-IT\",\"@id\":\"https:\\\/\\\/keybox.nl\\\/elektronische-sleutelkluis-kopen\\\/#primaryimage\",\"url\":\"http:\\\/\\\/keybox.nl\\\/wp-content\\\/uploads\\\/2021\\\/12\\\/KSB103-KSB005-4-scaled.jpg\",\"contentUrl\":\"http:\\\/\\\/keybox.nl\\\/wp-content\\\/uploads\\\/2021\\\/12\\\/KSB103-KSB005-4-scaled.jpg\"},{\"@type\":\"BreadcrumbList\",\"@id\":\"https:\\\/\\\/keybox.nl\\\/elektronische-sleutelkluis-kopen\\\/#breadcrumb\",\"itemListElement\":[{\"@type\":\"ListItem\",\"position\":1,\"name\":\"Home\",\"item\":\"https:\\\/\\\/keybox.nl\\\/\"},{\"@type\":\"ListItem\",\"position\":2,\"name\":\"elektronische-sleutelkluis-kopen\"}]},{\"@type\":\"WebSite\",\"@id\":\"https:\\\/\\\/keybox.nl\\\/#website\",\"url\":\"https:\\\/\\\/keybox.nl\\\/\",\"name\":\"\",\"description\":\"\",\"potentialAction\":[{\"@type\":\"SearchAction\",\"target\":{\"@type\":\"EntryPoint\",\"urlTemplate\":\"https:\\\/\\\/keybox.nl\\\/?s={search_term_string}\"},\"query-input\":{\"@type\":\"PropertyValueSpecification\",\"valueRequired\":true,\"valueName\":\"search_term_string\"}}],\"inLanguage\":\"it-IT\"}]}<\/script>\n<!-- \/ Yoast SEO plugin. -->","yoast_head_json":{"title":"Qui \u00e8 possibile acquistare una cassaforte a chiave elettronica.","description":"Acquistate una cassaforte elettronica di qualit\u00e0 presso la nostra azienda. Scoprite qui di pi\u00f9 sulle nostre casseforti di alta qualit\u00e0 e fate il vostro ordine!","robots":{"index":"index","follow":"follow","max-snippet":"max-snippet:-1","max-image-preview":"max-image-preview:large","max-video-preview":"max-video-preview:-1"},"canonical":"https:\/\/keybox.nl\/it\/elektronische-sleutelkluis-kopen\/","og_locale":"it_IT","og_type":"article","og_title":"Hier kunt u een elektronische sleutelkluis kopen -","og_description":"Een kwalitatieve elektronische sleutelkluis kopen doet u bij ons bedrijf. Ontdek hier meer over onze hoogwaardige kluizen en plaats uw bestelling!","og_url":"https:\/\/keybox.nl\/it\/elektronische-sleutelkluis-kopen\/","article_modified_time":"2023-07-25T10:21:03+00:00","og_image":[{"url":"http:\/\/keybox.nl\/wp-content\/uploads\/2021\/12\/KSB103-KSB005-4-scaled.jpg","type":"","width":"","height":""}],"twitter_card":"summary_large_image","twitter_misc":{"Tempo di lettura stimato":"3 minuti"},"schema":{"@context":"https:\/\/schema.org","@graph":[{"@type":"WebPage","@id":"https:\/\/keybox.nl\/elektronische-sleutelkluis-kopen\/","url":"https:\/\/keybox.nl\/elektronische-sleutelkluis-kopen\/","name":"Qui \u00e8 possibile acquistare una cassaforte a chiave elettronica.","isPartOf":{"@id":"https:\/\/keybox.nl\/#website"},"primaryImageOfPage":{"@id":"https:\/\/keybox.nl\/elektronische-sleutelkluis-kopen\/#primaryimage"},"image":{"@id":"https:\/\/keybox.nl\/elektronische-sleutelkluis-kopen\/#primaryimage"},"thumbnailUrl":"http:\/\/keybox.nl\/wp-content\/uploads\/2021\/12\/KSB103-KSB005-4-scaled.jpg","datePublished":"2023-07-20T12:27:08+00:00","dateModified":"2023-07-25T10:21:03+00:00","description":"Acquistate una cassaforte elettronica di qualit\u00e0 presso la nostra azienda. Scoprite qui di pi\u00f9 sulle nostre casseforti di alta qualit\u00e0 e fate il vostro ordine!","breadcrumb":{"@id":"https:\/\/keybox.nl\/elektronische-sleutelkluis-kopen\/#breadcrumb"},"inLanguage":"it-IT","potentialAction":[{"@type":"ReadAction","target":["https:\/\/keybox.nl\/elektronische-sleutelkluis-kopen\/"]}]},{"@type":"ImageObject","inLanguage":"it-IT","@id":"https:\/\/keybox.nl\/elektronische-sleutelkluis-kopen\/#primaryimage","url":"http:\/\/keybox.nl\/wp-content\/uploads\/2021\/12\/KSB103-KSB005-4-scaled.jpg","contentUrl":"http:\/\/keybox.nl\/wp-content\/uploads\/2021\/12\/KSB103-KSB005-4-scaled.jpg"},{"@type":"BreadcrumbList","@id":"https:\/\/keybox.nl\/elektronische-sleutelkluis-kopen\/#breadcrumb","itemListElement":[{"@type":"ListItem","position":1,"name":"Home","item":"https:\/\/keybox.nl\/"},{"@type":"ListItem","position":2,"name":"elektronische-sleutelkluis-kopen"}]},{"@type":"WebSite","@id":"https:\/\/keybox.nl\/#website","url":"https:\/\/keybox.nl\/","name":"","description":"","potentialAction":[{"@type":"SearchAction","target":{"@type":"EntryPoint","urlTemplate":"https:\/\/keybox.nl\/?s={search_term_string}"},"query-input":{"@type":"PropertyValueSpecification","valueRequired":true,"valueName":"search_term_string"}}],"inLanguage":"it-IT"}]}},"jetpack-related-posts":[{"id":1527,"url":"https:\/\/keybox.nl\/it\/advies-sleutelkluis-opvragen\/","url_meta":{"origin":1528,"position":0},"title":"consiglio-chiave richiesta sicura","author":"Keybox@beheermodule","date":"20 Luglio 2023","format":false,"excerpt":"Richiedi una consulenza su una cassaforte per chiavi Al webshop! \u2713 Facile da usare \u2713 Resistente e sicura \u2713 Vari modelli Richiedere una consulenza su una cassaforte per chiavi \u00e8 il primo passo verso un ambiente aziendale pi\u00f9 sicuro. La scelta della giusta cassaforte per chiavi pu\u00f2 essere un compito complesso, data la diversit\u00e0 e le innovazioni tecnologiche. Noi di Keybox.it comprendiamo...","rel":"","context":"Articolo simile","block_context":{"text":"Articolo simile","link":""},"img":{"alt_text":"","src":"https:\/\/i0.wp.com\/keybox.nl\/wp-content\/uploads\/2023\/02\/Keysafe-Big-Pro-sleutelkastje_keybox.jpeg?resize=350%2C200&ssl=1","width":350,"height":200,"srcset":"https:\/\/i0.wp.com\/keybox.nl\/wp-content\/uploads\/2023\/02\/Keysafe-Big-Pro-sleutelkastje_keybox.jpeg?resize=350%2C200&ssl=1 1x, https:\/\/i0.wp.com\/keybox.nl\/wp-content\/uploads\/2023\/02\/Keysafe-Big-Pro-sleutelkastje_keybox.jpeg?resize=525%2C300&ssl=1 1.5x, https:\/\/i0.wp.com\/keybox.nl\/wp-content\/uploads\/2023\/02\/Keysafe-Big-Pro-sleutelkastje_keybox.jpeg?resize=700%2C400&ssl=1 2x"},"classes":[]},{"id":1509,"url":"https:\/\/keybox.nl\/it\/digitaal-sleutelbeheersysteem\/","url_meta":{"origin":1528,"position":1},"title":"sistema di gestione delle chiavi digitali","author":"Keybox@beheermodule","date":"20 Luglio 2023","format":false,"excerpt":"Sistema di gestione delle chiavi digitali Nel webshop! \u2713 Facile da usare \u2713 Resistente e sicuro \u2713 Vari modelli Siete interessati a un sistema di gestione digitale delle chiavi? Allora il nostro Digibox con sette ganci per chiavi \u00e8 esattamente quello che state cercando. Grazie a questo ingegnoso sistema, potrete gestire le chiavi della vostra azienda in modo sicuro e preciso....","rel":"","context":"Articolo simile","block_context":{"text":"Articolo simile","link":""},"img":{"alt_text":"Digibox Ral 5010 Keybox","src":"https:\/\/i0.wp.com\/keybox.nl\/wp-content\/uploads\/2022\/02\/digibox-keybox-RAL-5010.jpg?resize=350%2C200&ssl=1","width":350,"height":200,"srcset":"https:\/\/i0.wp.com\/keybox.nl\/wp-content\/uploads\/2022\/02\/digibox-keybox-RAL-5010.jpg?resize=350%2C200&ssl=1 1x, https:\/\/i0.wp.com\/keybox.nl\/wp-content\/uploads\/2022\/02\/digibox-keybox-RAL-5010.jpg?resize=525%2C300&ssl=1 1.5x, https:\/\/i0.wp.com\/keybox.nl\/wp-content\/uploads\/2022\/02\/digibox-keybox-RAL-5010.jpg?resize=700%2C400&ssl=1 2x, https:\/\/i0.wp.com\/keybox.nl\/wp-content\/uploads\/2022\/02\/digibox-keybox-RAL-5010.jpg?resize=1050%2C600&ssl=1 3x, https:\/\/i0.wp.com\/keybox.nl\/wp-content\/uploads\/2022\/02\/digibox-keybox-RAL-5010.jpg?resize=1400%2C800&ssl=1 4x"},"classes":[]},{"id":1507,"url":"https:\/\/keybox.nl\/it\/sleutelkluis-bevestigen\/","url_meta":{"origin":1528,"position":2},"title":"fissare la chiave di sicurezza","author":"Keybox@beheermodule","date":"20 Luglio 2023","format":false,"excerpt":"Fissare una cassaforte per chiavi Nel webshop! \u2713 Facile da usare \u2713 Resistente e sicura \u2713 Vari modelli Fissare una cassaforte per chiavi in modo sicuro non \u00e8 un lavoro semplice. Tuttavia, \u00e8 importante farlo correttamente in modo che la cassaforte sia saldamente fissata alla parete. Keybox.it \u00e8 lieto di fornirvi maggiori informazioni su...","rel":"","context":"Articolo simile","block_context":{"text":"Articolo simile","link":""},"img":{"alt_text":"Keysafe Big Pro","src":"https:\/\/i0.wp.com\/keybox.nl\/wp-content\/uploads\/2023\/02\/S7-Pro-Big-Box-Key-Safe.jpg?resize=350%2C200&ssl=1","width":350,"height":200,"srcset":"https:\/\/i0.wp.com\/keybox.nl\/wp-content\/uploads\/2023\/02\/S7-Pro-Big-Box-Key-Safe.jpg?resize=350%2C200&ssl=1 1x, https:\/\/i0.wp.com\/keybox.nl\/wp-content\/uploads\/2023\/02\/S7-Pro-Big-Box-Key-Safe.jpg?resize=525%2C300&ssl=1 1.5x, https:\/\/i0.wp.com\/keybox.nl\/wp-content\/uploads\/2023\/02\/S7-Pro-Big-Box-Key-Safe.jpg?resize=700%2C400&ssl=1 2x"},"classes":[]},{"id":1506,"url":"https:\/\/keybox.nl\/it\/sleutelkluis-buiten\/","url_meta":{"origin":1528,"position":3},"title":"cassaforte a chiave esterna","author":"Keybox@beheermodule","date":"20 Luglio 2023","format":false,"excerpt":"Cassaforte per chiavi da esterno Nel webshop! \u2713 Facile da usare \u2713 Resistente e sicura \u2713 Vari modelli Una cassetta di sicurezza per chiavi da esterno \u00e8 un elemento essenziale per un'efficiente gestione dei diritti di accesso, sia che si tratti di un'azienda, di un proprietario o semplicemente di un luogo sicuro per le chiavi di riserva. Noi di Keybox.it comprendiamo...","rel":"","context":"Articolo simile","block_context":{"text":"Articolo simile","link":""},"img":{"alt_text":"kluis peugeot","src":"https:\/\/i0.wp.com\/keybox.nl\/wp-content\/uploads\/2022\/02\/KSB007-Peugeot-scaled-e1643751089776.jpg?resize=350%2C200&ssl=1","width":350,"height":200,"srcset":"https:\/\/i0.wp.com\/keybox.nl\/wp-content\/uploads\/2022\/02\/KSB007-Peugeot-scaled-e1643751089776.jpg?resize=350%2C200&ssl=1 1x, https:\/\/i0.wp.com\/keybox.nl\/wp-content\/uploads\/2022\/02\/KSB007-Peugeot-scaled-e1643751089776.jpg?resize=525%2C300&ssl=1 1.5x"},"classes":[]},{"id":546,"url":"https:\/\/keybox.nl\/it\/inbouwkluisjes-kopen\/","url_meta":{"origin":1528,"position":4},"title":"Acquistare casseforti a incasso","author":"Keybox@beheermodule","date":"11 Marzo 2022","format":false,"excerpt":"Acquistate le robuste casseforti a incasso nel webshop! \u2713 Facili da usare \u2713 Robuste e sicure \u2713 Vari modelli Volete acquistare casseforti a muro per la vostra attivit\u00e0? Il nostro negozio web offre diversi modelli di casseforti da installare a parete. Poich\u00e9 il sistema \u00e8 inserito nella parete, non pu\u00f2 essere portato via ed \u00e8...","rel":"","context":"Articolo simile","block_context":{"text":"Articolo simile","link":""},"img":{"alt_text":"","src":"https:\/\/i0.wp.com\/keybox.nl\/wp-content\/uploads\/2021\/12\/KSB_102_1-e1638478691321.jpg?resize=350%2C200&ssl=1","width":350,"height":200,"srcset":"https:\/\/i0.wp.com\/keybox.nl\/wp-content\/uploads\/2021\/12\/KSB_102_1-e1638478691321.jpg?resize=350%2C200&ssl=1 1x, https:\/\/i0.wp.com\/keybox.nl\/wp-content\/uploads\/2021\/12\/KSB_102_1-e1638478691321.jpg?resize=525%2C300&ssl=1 1.5x, https:\/\/i0.wp.com\/keybox.nl\/wp-content\/uploads\/2021\/12\/KSB_102_1-e1638478691321.jpg?resize=700%2C400&ssl=1 2x"},"classes":[]},{"id":1529,"url":"https:\/\/keybox.nl\/it\/sleutelhaken-kopen\/","url_meta":{"origin":1528,"position":5},"title":"ganci-chiave-acquista","author":"Keybox@beheermodule","date":"20 Luglio 2023","format":false,"excerpt":"Acquistate al sicuro i ganci per chiavi nel webshop! \u2713 Facili da usare \u2713 Resistenti e sicuri \u2713 Vari modelli Siete alla ricerca di ganci per chiavi di qualit\u00e0 da acquistare per l'uso nella vostra attivit\u00e0? Allora prendete in considerazione l'acquisto di un armadietto portachiavi protetto in modo professionale. Dopo tutto, non volete che persone con intenzioni malevole...","rel":"","context":"Articolo simile","block_context":{"text":"Articolo simile","link":""},"img":{"alt_text":"","src":"https:\/\/i0.wp.com\/keybox.nl\/wp-content\/uploads\/2021\/12\/KSB_102_1-e1638478691321.jpg?resize=350%2C200&ssl=1","width":350,"height":200,"srcset":"https:\/\/i0.wp.com\/keybox.nl\/wp-content\/uploads\/2021\/12\/KSB_102_1-e1638478691321.jpg?resize=350%2C200&ssl=1 1x, https:\/\/i0.wp.com\/keybox.nl\/wp-content\/uploads\/2021\/12\/KSB_102_1-e1638478691321.jpg?resize=525%2C300&ssl=1 1.5x, https:\/\/i0.wp.com\/keybox.nl\/wp-content\/uploads\/2021\/12\/KSB_102_1-e1638478691321.jpg?resize=700%2C400&ssl=1 2x"},"classes":[]}],"jetpack_sharing_enabled":true,"_links":{"self":[{"href":"https:\/\/keybox.nl\/it\/wp-json\/wp\/v2\/pages\/1528","targetHints":{"allow":["GET"]}}],"collection":[{"href":"https:\/\/keybox.nl\/it\/wp-json\/wp\/v2\/pages"}],"about":[{"href":"https:\/\/keybox.nl\/it\/wp-json\/wp\/v2\/types\/page"}],"author":[{"embeddable":true,"href":"https:\/\/keybox.nl\/it\/wp-json\/wp\/v2\/users\/1"}],"replies":[{"embeddable":true,"href":"https:\/\/keybox.nl\/it\/wp-json\/wp\/v2\/comments?post=1528"}],"version-history":[{"count":7,"href":"https:\/\/keybox.nl\/it\/wp-json\/wp\/v2\/pages\/1528\/revisions"}],"predecessor-version":[{"id":1665,"href":"https:\/\/keybox.nl\/it\/wp-json\/wp\/v2\/pages\/1528\/revisions\/1665"}],"wp:attachment":[{"href":"https:\/\/keybox.nl\/it\/wp-json\/wp\/v2\/media?parent=1528"}],"curies":[{"name":"wp","href":"https:\/\/api.w.org\/{rel}","templated":true}]}}