{"id":1527,"date":"2023-07-20T12:27:01","date_gmt":"2023-07-20T12:27:01","guid":{"rendered":"http:\/\/keybox.nl\/?page_id=1527"},"modified":"2023-07-25T10:23:07","modified_gmt":"2023-07-25T10:23:07","slug":"advies-sleutelkluis-opvragen","status":"publish","type":"page","link":"https:\/\/keybox.nl\/it\/advies-sleutelkluis-opvragen\/","title":{"rendered":"consiglio-chiave richiesta sicura"},"content":{"rendered":"<div class=\"wp-block-cover alignfull\" style=\"min-height:200px;aspect-ratio:unset;\"><span aria-hidden=\"true\" class=\"wp-block-cover__background has-background-dim-60 has-background-dim\"><\/span><img decoding=\"async\" width=\"1920\" height=\"2560\" class=\"wp-block-cover__image-background wp-image-126\" alt=\"Kluis\" src=\"http:\/\/keybox.nl\/wp-content\/uploads\/2021\/12\/KSB103-KSB005-4-scaled.jpg\" style=\"object-position:50% 50%\" data-object-fit=\"cover\" data-object-position=\"50% 50%\" srcset=\"https:\/\/keybox.nl\/wp-content\/uploads\/2021\/12\/KSB103-KSB005-4-scaled.jpg 1920w, https:\/\/keybox.nl\/wp-content\/uploads\/2021\/12\/KSB103-KSB005-4-416x555.jpg 416w, https:\/\/keybox.nl\/wp-content\/uploads\/2021\/12\/KSB103-KSB005-4-225x300.jpg 225w, https:\/\/keybox.nl\/wp-content\/uploads\/2021\/12\/KSB103-KSB005-4-768x1024.jpg 768w, https:\/\/keybox.nl\/wp-content\/uploads\/2021\/12\/KSB103-KSB005-4-1152x1536.jpg 1152w, https:\/\/keybox.nl\/wp-content\/uploads\/2021\/12\/KSB103-KSB005-4-1536x2048.jpg 1536w, https:\/\/keybox.nl\/wp-content\/uploads\/2021\/12\/KSB103-KSB005-4-1320x1760.jpg 1320w\" sizes=\"(max-width: 1920px) 100vw, 1920px\" \/><div class=\"wp-block-cover__inner-container is-layout-flow wp-block-cover-is-layout-flow\">\n<h1 class=\"wp-block-heading alignwide has-text-align-left has-white-color has-text-color\" style=\"font-size:40px\">Chiedete consiglio su una cassaforte a chiave<\/h1>\n\n\n\n<div class=\"wp-block-columns alignwide is-layout-flex wp-container-core-columns-is-layout-28f84493 wp-block-columns-is-layout-flex\">\n<div class=\"wp-block-column is-layout-flow wp-block-column-is-layout-flow\" style=\"flex-basis:55%\">\n<div class=\"wp-block-buttons is-layout-flex wp-block-buttons-is-layout-flex\">\n<div class=\"wp-block-button cta-knop alignleft\"><a class=\"wp-block-button__link has-black-color has-white-background-color has-text-color has-background wp-element-button\" href=\"http:\/\/keybox.nl\/it\/\">Al webshop!<\/a><\/div>\n<\/div>\n<\/div>\n<\/div>\n<\/div><\/div>\n\n\n\n<div style=\"height:50px\" aria-hidden=\"true\" class=\"wp-block-spacer\"><\/div>\n\n\n\n<div class=\"wp-block-group alignfull is-content-justification-center is-layout-flex wp-container-core-group-is-layout-81a7f686 wp-block-group-is-layout-flex\">\n<p class=\"usps has-normal-font-size\">\u2713 Facile da usare<\/p>\n\n\n\n<p>\u2713 Resistente e sicuro<\/p>\n\n\n\n<p>\u2713 Vari modelli<\/p>\n<\/div>\n\n\n\n<style>\nh1.entry-title {\ndisplay:none;\n}\n.cta-knop {\nmargin-left: 35px !important;\n}\n\n.cta-knop:hover {\nopacity: 0.75;\n}\n\n@media only screen and (max-width: 1064px) {\n.cta-knop {\nmargin-left: 0px !important;\n}\n\n.wp-block-group.alignfull {\n    display: flex;\n    flex-direction: column;\n}\n}\n<\/style>\n\n\n\n<div style=\"height:100px\" aria-hidden=\"true\" class=\"wp-block-spacer\"><\/div>\n\n\n\n<p class=\"has-text-align-left align-left has-black-color has-text-color has-normal-font-size\">La consulenza su una cassaforte a chiave \u00e8 il primo passo verso un ambiente aziendale pi\u00f9 sicuro. La scelta della cassaforte giusta pu\u00f2 essere un compito complesso, data la diversit\u00e0 e le innovazioni tecnologiche. Noi di Keybox.it comprendiamo questa sfida e siamo pronti ad aiutarvi a prendere questa importante decisione.<\/p>\n\n\n\n<div style=\"height:100px\" aria-hidden=\"true\" class=\"wp-block-spacer\"><\/div>\n\n\n\n<div class=\"wp-block-group is-content-justification-center is-layout-flex wp-container-core-group-is-layout-81a7f686 wp-block-group-is-layout-flex\">\n<div class=\"wp-block-media-text alignwide is-stacked-on-mobile is-vertically-aligned-center\" style=\"grid-template-columns:40% auto\"><figure class=\"wp-block-media-text__media\"><img decoding=\"async\" width=\"788\" height=\"1024\" src=\"http:\/\/keybox.nl\/wp-content\/uploads\/2023\/02\/Keysafe-Big-Pro-sleutelkastje_keybox-788x1024.jpeg\" alt=\"\" class=\"wp-image-1349 size-full\" srcset=\"https:\/\/keybox.nl\/wp-content\/uploads\/2023\/02\/Keysafe-Big-Pro-sleutelkastje_keybox-788x1024.jpeg 788w, https:\/\/keybox.nl\/wp-content\/uploads\/2023\/02\/Keysafe-Big-Pro-sleutelkastje_keybox-416x541.jpeg 416w, https:\/\/keybox.nl\/wp-content\/uploads\/2023\/02\/Keysafe-Big-Pro-sleutelkastje_keybox-231x300.jpeg 231w, https:\/\/keybox.nl\/wp-content\/uploads\/2023\/02\/Keysafe-Big-Pro-sleutelkastje_keybox-768x998.jpeg 768w, https:\/\/keybox.nl\/wp-content\/uploads\/2023\/02\/Keysafe-Big-Pro-sleutelkastje_keybox.jpeg 1000w\" sizes=\"(max-width: 788px) 100vw, 788px\" \/><\/figure><div class=\"wp-block-media-text__content\">\n<h2 class=\"wp-block-heading\">Perch\u00e9 chiedere una consulenza per una cassaforte a chiave?<\/h2>\n\n\n\n<p>Una consulenza su una cassaforte a chiave pu\u00f2 fare la differenza tra una soluzione adatta e una meno adatta. La scelta di diversi tipi di casseforti a chiave pu\u00f2 essere travolgente. Ad esempio, da noi troverete:<\/p>\n\n\n\n<ul class=\"wp-block-list\">\n<li><a href=\"http:\/\/keybox.nl\/it\/kleine-sleutelkluisjes-kopen\/\">Piccole casseforti a chiave<\/a> per accedere facilmente a un numero limitato di chiavi.<\/li>\n\n\n\n<li><a href=\"http:\/\/keybox.nl\/it\/digitaal-sleutelbeheersysteem\/\">Sistemi di gestione delle chiavi digitali<\/a> per le grandi organizzazioni dove l'accesso e la gestione delle chiavi sono fondamentali.<\/li>\n\n\n\n<li><a href=\"http:\/\/keybox.nl\/it\/elektronische-sleutelkluis-kopen\/\">Casseforti a chiave elettronica<\/a> per chi richiede un elevato livello di sicurezza e facilit\u00e0 d'uso.<\/li>\n\n\n\n<li><a href=\"http:\/\/keybox.nl\/it\/sleutelkluis-buiten\/\">Casseforti a chiave per esterni<\/a>, perfetto per le aziende che hanno a che fare con dipendenti o fornitori remoti.<\/li>\n<\/ul>\n\n\n\n<p>Questo dimostra perch\u00e9 la consulenza su una cassaforte per chiavi \u00e8 essenziale, in quanto ogni situazione \u00e8 unica e richiede una soluzione che si adatti esattamente alle vostre esigenze specifiche. Poich\u00e9 disponiamo di un'ampia gamma e competenza nel campo delle <a href=\"http:\/\/keybox.nl\/it\/\">armadietti sicuri per chiavi<\/a>, Siamo l'azienda ideale per fornirvi questa consulenza.<\/p>\n<\/div><\/div>\n<\/div>\n\n\n\n<div style=\"height:100px\" aria-hidden=\"true\" class=\"wp-block-spacer\"><\/div>\n\n\n\n<h2 class=\"wp-block-heading has-text-align-center\"><strong>Volete un consiglio su una cassaforte a chiave?<\/strong><\/h2>\n\n\n\n<div class=\"wp-block-buttons is-content-justification-center is-layout-flex wp-container-core-buttons-is-layout-a89b3969 wp-block-buttons-is-layout-flex\">\n<div class=\"wp-block-button is-style-outline is-style-outline--1\"><a class=\"wp-block-button__link wp-element-button\" href=\"http:\/\/keybox.nl\/it\/contact\/\">Contattateci<\/a><\/div>\n<\/div>\n\n\n\n<div style=\"height:100px\" aria-hidden=\"true\" class=\"wp-block-spacer\"><\/div>\n\n\n\n<div class=\"wp-block-group is-content-justification-center is-layout-flex wp-container-core-group-is-layout-81a7f686 wp-block-group-is-layout-flex\">\n<div class=\"wp-block-media-text alignwide has-media-on-the-right is-stacked-on-mobile is-vertically-aligned-center\" style=\"grid-template-columns:auto 40%\"><div class=\"wp-block-media-text__content\">\n<h3 class=\"wp-block-heading has-text-color\" style=\"color:#000000;font-size:32px\"><strong>Fate un passo avanti e chiedete consiglio<\/strong><\/h3>\n\n\n\n<p class=\"has-text-color has-normal-font-size\" style=\"color:#000000\">Siete pronti a fare il grande passo? La consulenza su una cassaforte a chiave \u00e8 il modo per rendere pi\u00f9 sicura la vostra casa o la vostra azienda. Vi invitiamo a <a href=\"http:\/\/keybox.nl\/it\/contact\/\">contattateci<\/a> in modo da poter lavorare insieme per trovare una soluzione che si adatti perfettamente alle vostre esigenze specifiche. Se avete bisogno di un <a href=\"http:\/\/keybox.nl\/it\/kluis-kopen-voor-thuis\/\">casa sicura<\/a> o un sistema pi\u00f9 completo per la vostra azienda, la nostra consulenza pu\u00f2 guidarvi verso la scelta giusta. Quindi non aspettate oltre e richiedete subito una consulenza per la vostra cassaforte a chiave.<\/p>\n<\/div><figure class=\"wp-block-media-text__media\"><img decoding=\"async\" width=\"788\" height=\"1024\" src=\"http:\/\/keybox.nl\/wp-content\/uploads\/2022\/12\/Keysafe_Slim_line_Keybox-788x1024.jpeg\" alt=\"Keysafe Slim line\" class=\"wp-image-1172 size-full\" srcset=\"https:\/\/keybox.nl\/wp-content\/uploads\/2022\/12\/Keysafe_Slim_line_Keybox-788x1024.jpeg 788w, https:\/\/keybox.nl\/wp-content\/uploads\/2022\/12\/Keysafe_Slim_line_Keybox-416x541.jpeg 416w, https:\/\/keybox.nl\/wp-content\/uploads\/2022\/12\/Keysafe_Slim_line_Keybox-231x300.jpeg 231w, https:\/\/keybox.nl\/wp-content\/uploads\/2022\/12\/Keysafe_Slim_line_Keybox-768x998.jpeg 768w, https:\/\/keybox.nl\/wp-content\/uploads\/2022\/12\/Keysafe_Slim_line_Keybox.jpeg 1000w\" sizes=\"(max-width: 788px) 100vw, 788px\" \/><\/figure><\/div>\n<\/div>\n\n\n\n<div style=\"height:50px\" aria-hidden=\"true\" class=\"wp-block-spacer\"><\/div>\n\n\n\n<h2 class=\"wp-block-heading alignwide has-text-align-left form-titel\"><strong>Avete domande sulla sicurezza?<\/strong><\/h2>\n\n\n<div class=\"wp-block-jetpack-contact-form alignwide is-layout-flex wp-container-jetpack-contact-form-is-layout-2b4208ba wp-block-jetpack-contact-form-is-layout-flex\"><a href=\"https:\/\/keybox.nl\/it\/advies-sleutelkluis-opvragen\/\" target=\"_blank\" rel=\"noopener noreferrer\">Inviare un modulo.<\/a><\/div>\n\n\n<p><\/p>","protected":false},"excerpt":{"rendered":"<p>\u2713 Gebruiksvriendelijk \u2713 Bestendig en veilig \u2713 Diverse modellen Advies over een sleutelkluis opvragen is de eerste stap naar een veiligere bedrijfsomgeving. Het kiezen van de juiste sleutelkluis kan een complexe taak zijn, gezien de diversiteit en technologische innovaties. Bij Keybox.nl begrijpen we deze uitdaging en staan we klaar om u te helpen bij het [&hellip;]<\/p>\n","protected":false},"author":1,"featured_media":0,"parent":0,"menu_order":0,"comment_status":"closed","ping_status":"closed","template":"template-fullwidth.php","meta":{"footnotes":""},"class_list":["post-1527","page","type-page","status-publish","hentry"],"yoast_head":"<!-- This site is optimized with the Yoast SEO plugin v27.4 - https:\/\/yoast.com\/product\/yoast-seo-wordpress\/ -->\n<title>Advies voor uw sleutelkluis opvragen -<\/title>\n<meta name=\"description\" content=\"Advies over uw sleutelkluis opvragen bij onze experts is de sleutel tot succes. Neem snel contact met ons op en wij vertellen u alles wat u moet weten.\" \/>\n<meta name=\"robots\" content=\"index, follow, max-snippet:-1, max-image-preview:large, max-video-preview:-1\" \/>\n<link rel=\"canonical\" href=\"https:\/\/keybox.nl\/it\/advies-sleutelkluis-opvragen\/\" \/>\n<meta property=\"og:locale\" content=\"it_IT\" \/>\n<meta property=\"og:type\" content=\"article\" \/>\n<meta property=\"og:title\" content=\"Advies voor uw sleutelkluis opvragen -\" \/>\n<meta property=\"og:description\" content=\"Advies over uw sleutelkluis opvragen bij onze experts is de sleutel tot succes. Neem snel contact met ons op en wij vertellen u alles wat u moet weten.\" \/>\n<meta property=\"og:url\" content=\"https:\/\/keybox.nl\/it\/advies-sleutelkluis-opvragen\/\" \/>\n<meta property=\"article:modified_time\" content=\"2023-07-25T10:23:07+00:00\" \/>\n<meta property=\"og:image\" content=\"http:\/\/keybox.nl\/wp-content\/uploads\/2021\/12\/KSB103-KSB005-4-scaled.jpg\" \/>\n<meta name=\"twitter:card\" content=\"summary_large_image\" \/>\n<meta name=\"twitter:label1\" content=\"Tempo di lettura stimato\" \/>\n\t<meta name=\"twitter:data1\" content=\"3 minuti\" \/>\n<script type=\"application\/ld+json\" class=\"yoast-schema-graph\">{\"@context\":\"https:\\\/\\\/schema.org\",\"@graph\":[{\"@type\":\"WebPage\",\"@id\":\"https:\\\/\\\/keybox.nl\\\/advies-sleutelkluis-opvragen\\\/\",\"url\":\"https:\\\/\\\/keybox.nl\\\/advies-sleutelkluis-opvragen\\\/\",\"name\":\"Advies voor uw sleutelkluis opvragen -\",\"isPartOf\":{\"@id\":\"https:\\\/\\\/keybox.nl\\\/#website\"},\"primaryImageOfPage\":{\"@id\":\"https:\\\/\\\/keybox.nl\\\/advies-sleutelkluis-opvragen\\\/#primaryimage\"},\"image\":{\"@id\":\"https:\\\/\\\/keybox.nl\\\/advies-sleutelkluis-opvragen\\\/#primaryimage\"},\"thumbnailUrl\":\"http:\\\/\\\/keybox.nl\\\/wp-content\\\/uploads\\\/2021\\\/12\\\/KSB103-KSB005-4-scaled.jpg\",\"datePublished\":\"2023-07-20T12:27:01+00:00\",\"dateModified\":\"2023-07-25T10:23:07+00:00\",\"description\":\"Advies over uw sleutelkluis opvragen bij onze experts is de sleutel tot succes. Neem snel contact met ons op en wij vertellen u alles wat u moet weten.\",\"breadcrumb\":{\"@id\":\"https:\\\/\\\/keybox.nl\\\/advies-sleutelkluis-opvragen\\\/#breadcrumb\"},\"inLanguage\":\"it-IT\",\"potentialAction\":[{\"@type\":\"ReadAction\",\"target\":[\"https:\\\/\\\/keybox.nl\\\/advies-sleutelkluis-opvragen\\\/\"]}]},{\"@type\":\"ImageObject\",\"inLanguage\":\"it-IT\",\"@id\":\"https:\\\/\\\/keybox.nl\\\/advies-sleutelkluis-opvragen\\\/#primaryimage\",\"url\":\"http:\\\/\\\/keybox.nl\\\/wp-content\\\/uploads\\\/2021\\\/12\\\/KSB103-KSB005-4-scaled.jpg\",\"contentUrl\":\"http:\\\/\\\/keybox.nl\\\/wp-content\\\/uploads\\\/2021\\\/12\\\/KSB103-KSB005-4-scaled.jpg\"},{\"@type\":\"BreadcrumbList\",\"@id\":\"https:\\\/\\\/keybox.nl\\\/advies-sleutelkluis-opvragen\\\/#breadcrumb\",\"itemListElement\":[{\"@type\":\"ListItem\",\"position\":1,\"name\":\"Home\",\"item\":\"https:\\\/\\\/keybox.nl\\\/\"},{\"@type\":\"ListItem\",\"position\":2,\"name\":\"advies-sleutelkluis-opvragen\"}]},{\"@type\":\"WebSite\",\"@id\":\"https:\\\/\\\/keybox.nl\\\/#website\",\"url\":\"https:\\\/\\\/keybox.nl\\\/\",\"name\":\"\",\"description\":\"\",\"potentialAction\":[{\"@type\":\"SearchAction\",\"target\":{\"@type\":\"EntryPoint\",\"urlTemplate\":\"https:\\\/\\\/keybox.nl\\\/?s={search_term_string}\"},\"query-input\":{\"@type\":\"PropertyValueSpecification\",\"valueRequired\":true,\"valueName\":\"search_term_string\"}}],\"inLanguage\":\"it-IT\"}]}<\/script>\n<!-- \/ Yoast SEO plugin. -->","yoast_head_json":{"title":"Richiedi una consulenza per la tua cassaforte a chiave -","description":"\u00c8 fondamentale farsi consigliare dai nostri esperti sulla vostra cassaforte a chiave. Contattateci al pi\u00f9 presto e vi diremo tutto quello che c'\u00e8 da sapere.","robots":{"index":"index","follow":"follow","max-snippet":"max-snippet:-1","max-image-preview":"max-image-preview:large","max-video-preview":"max-video-preview:-1"},"canonical":"https:\/\/keybox.nl\/it\/advies-sleutelkluis-opvragen\/","og_locale":"it_IT","og_type":"article","og_title":"Advies voor uw sleutelkluis opvragen -","og_description":"Advies over uw sleutelkluis opvragen bij onze experts is de sleutel tot succes. Neem snel contact met ons op en wij vertellen u alles wat u moet weten.","og_url":"https:\/\/keybox.nl\/it\/advies-sleutelkluis-opvragen\/","article_modified_time":"2023-07-25T10:23:07+00:00","og_image":[{"url":"http:\/\/keybox.nl\/wp-content\/uploads\/2021\/12\/KSB103-KSB005-4-scaled.jpg","type":"","width":"","height":""}],"twitter_card":"summary_large_image","twitter_misc":{"Tempo di lettura stimato":"3 minuti"},"schema":{"@context":"https:\/\/schema.org","@graph":[{"@type":"WebPage","@id":"https:\/\/keybox.nl\/advies-sleutelkluis-opvragen\/","url":"https:\/\/keybox.nl\/advies-sleutelkluis-opvragen\/","name":"Richiedi una consulenza per la tua cassaforte a chiave -","isPartOf":{"@id":"https:\/\/keybox.nl\/#website"},"primaryImageOfPage":{"@id":"https:\/\/keybox.nl\/advies-sleutelkluis-opvragen\/#primaryimage"},"image":{"@id":"https:\/\/keybox.nl\/advies-sleutelkluis-opvragen\/#primaryimage"},"thumbnailUrl":"http:\/\/keybox.nl\/wp-content\/uploads\/2021\/12\/KSB103-KSB005-4-scaled.jpg","datePublished":"2023-07-20T12:27:01+00:00","dateModified":"2023-07-25T10:23:07+00:00","description":"\u00c8 fondamentale farsi consigliare dai nostri esperti sulla vostra cassaforte a chiave. Contattateci al pi\u00f9 presto e vi diremo tutto quello che c'\u00e8 da sapere.","breadcrumb":{"@id":"https:\/\/keybox.nl\/advies-sleutelkluis-opvragen\/#breadcrumb"},"inLanguage":"it-IT","potentialAction":[{"@type":"ReadAction","target":["https:\/\/keybox.nl\/advies-sleutelkluis-opvragen\/"]}]},{"@type":"ImageObject","inLanguage":"it-IT","@id":"https:\/\/keybox.nl\/advies-sleutelkluis-opvragen\/#primaryimage","url":"http:\/\/keybox.nl\/wp-content\/uploads\/2021\/12\/KSB103-KSB005-4-scaled.jpg","contentUrl":"http:\/\/keybox.nl\/wp-content\/uploads\/2021\/12\/KSB103-KSB005-4-scaled.jpg"},{"@type":"BreadcrumbList","@id":"https:\/\/keybox.nl\/advies-sleutelkluis-opvragen\/#breadcrumb","itemListElement":[{"@type":"ListItem","position":1,"name":"Home","item":"https:\/\/keybox.nl\/"},{"@type":"ListItem","position":2,"name":"advies-sleutelkluis-opvragen"}]},{"@type":"WebSite","@id":"https:\/\/keybox.nl\/#website","url":"https:\/\/keybox.nl\/","name":"","description":"","potentialAction":[{"@type":"SearchAction","target":{"@type":"EntryPoint","urlTemplate":"https:\/\/keybox.nl\/?s={search_term_string}"},"query-input":{"@type":"PropertyValueSpecification","valueRequired":true,"valueName":"search_term_string"}}],"inLanguage":"it-IT"}]}},"jetpack-related-posts":[{"id":1528,"url":"https:\/\/keybox.nl\/it\/elektronische-sleutelkluis-kopen\/","url_meta":{"origin":1527,"position":0},"title":"chiave elettronica-acquisto sicuro","author":"Keybox@beheermodule","date":"20 Luglio 2023","format":false,"excerpt":"Acquistate una cassaforte a chiave elettronica sul webshop! \u2713 Facile da usare \u2713 Resistente e sicura \u2713 Vari modelli L'acquisto di una cassaforte elettronica per chiavi \u00e8 il primo passo per garantire la sicurezza della vostra azienda o della vostra casa. Keybox.it vi offre la soluzione pi\u00f9 adatta alle vostre esigenze. Queste casseforti...","rel":"","context":"Articolo simile","block_context":{"text":"Articolo simile","link":""},"img":{"alt_text":"","src":"https:\/\/i0.wp.com\/keybox.nl\/wp-content\/uploads\/2023\/02\/Keysafe-Big-Pro-sleutelkastje_keybox.jpeg?resize=350%2C200&ssl=1","width":350,"height":200,"srcset":"https:\/\/i0.wp.com\/keybox.nl\/wp-content\/uploads\/2023\/02\/Keysafe-Big-Pro-sleutelkastje_keybox.jpeg?resize=350%2C200&ssl=1 1x, https:\/\/i0.wp.com\/keybox.nl\/wp-content\/uploads\/2023\/02\/Keysafe-Big-Pro-sleutelkastje_keybox.jpeg?resize=525%2C300&ssl=1 1.5x, https:\/\/i0.wp.com\/keybox.nl\/wp-content\/uploads\/2023\/02\/Keysafe-Big-Pro-sleutelkastje_keybox.jpeg?resize=700%2C400&ssl=1 2x"},"classes":[]},{"id":1400,"url":"https:\/\/keybox.nl\/it\/montage-installatie\/","url_meta":{"origin":1527,"position":1},"title":"Montaggio e installazione della cassaforte","author":"Keybox@beheermodule","date":"16 Febbraio 2023","format":false,"excerpt":"Acquistare una cassaforte e farla installare professionalmente? Scegliete Keybox.it Su Keybox.it non solo potete acquistare una cassaforte, ma anche farla assemblare e installare professionalmente. Offriamo un servizio completo: dalla consulenza personale all'installazione professionale in loco. Cos\u00ec avrete la certezza della massima sicurezza...","rel":"","context":"Articolo simile","block_context":{"text":"Articolo simile","link":""},"img":{"alt_text":"","src":"https:\/\/i0.wp.com\/keybox.nl\/wp-content\/uploads\/2023\/02\/Bestelbus-keybox.jpg?resize=350%2C200&ssl=1","width":350,"height":200,"srcset":"https:\/\/i0.wp.com\/keybox.nl\/wp-content\/uploads\/2023\/02\/Bestelbus-keybox.jpg?resize=350%2C200&ssl=1 1x, https:\/\/i0.wp.com\/keybox.nl\/wp-content\/uploads\/2023\/02\/Bestelbus-keybox.jpg?resize=525%2C300&ssl=1 1.5x, https:\/\/i0.wp.com\/keybox.nl\/wp-content\/uploads\/2023\/02\/Bestelbus-keybox.jpg?resize=700%2C400&ssl=1 2x"},"classes":[]},{"id":1506,"url":"https:\/\/keybox.nl\/it\/sleutelkluis-buiten\/","url_meta":{"origin":1527,"position":2},"title":"cassaforte a chiave esterna","author":"Keybox@beheermodule","date":"20 Luglio 2023","format":false,"excerpt":"Cassaforte per chiavi da esterno Nel webshop! \u2713 Facile da usare \u2713 Resistente e sicura \u2713 Vari modelli Una cassetta di sicurezza per chiavi da esterno \u00e8 un elemento essenziale per un'efficiente gestione dei diritti di accesso, sia che si tratti di un'azienda, di un proprietario o semplicemente di un luogo sicuro per le chiavi di riserva. Noi di Keybox.it comprendiamo...","rel":"","context":"Articolo simile","block_context":{"text":"Articolo simile","link":""},"img":{"alt_text":"kluis peugeot","src":"https:\/\/i0.wp.com\/keybox.nl\/wp-content\/uploads\/2022\/02\/KSB007-Peugeot-scaled-e1643751089776.jpg?resize=350%2C200&ssl=1","width":350,"height":200,"srcset":"https:\/\/i0.wp.com\/keybox.nl\/wp-content\/uploads\/2022\/02\/KSB007-Peugeot-scaled-e1643751089776.jpg?resize=350%2C200&ssl=1 1x, https:\/\/i0.wp.com\/keybox.nl\/wp-content\/uploads\/2022\/02\/KSB007-Peugeot-scaled-e1643751089776.jpg?resize=525%2C300&ssl=1 1.5x"},"classes":[]},{"id":1507,"url":"https:\/\/keybox.nl\/it\/sleutelkluis-bevestigen\/","url_meta":{"origin":1527,"position":3},"title":"fissare la chiave di sicurezza","author":"Keybox@beheermodule","date":"20 Luglio 2023","format":false,"excerpt":"Fissare una cassaforte per chiavi Nel webshop! \u2713 Facile da usare \u2713 Resistente e sicura \u2713 Vari modelli Fissare una cassaforte per chiavi in modo sicuro non \u00e8 un lavoro semplice. Tuttavia, \u00e8 importante farlo correttamente in modo che la cassaforte sia saldamente fissata alla parete. Keybox.it \u00e8 lieto di fornirvi maggiori informazioni su...","rel":"","context":"Articolo simile","block_context":{"text":"Articolo simile","link":""},"img":{"alt_text":"Keysafe Big Pro","src":"https:\/\/i0.wp.com\/keybox.nl\/wp-content\/uploads\/2023\/02\/S7-Pro-Big-Box-Key-Safe.jpg?resize=350%2C200&ssl=1","width":350,"height":200,"srcset":"https:\/\/i0.wp.com\/keybox.nl\/wp-content\/uploads\/2023\/02\/S7-Pro-Big-Box-Key-Safe.jpg?resize=350%2C200&ssl=1 1x, https:\/\/i0.wp.com\/keybox.nl\/wp-content\/uploads\/2023\/02\/S7-Pro-Big-Box-Key-Safe.jpg?resize=525%2C300&ssl=1 1.5x, https:\/\/i0.wp.com\/keybox.nl\/wp-content\/uploads\/2023\/02\/S7-Pro-Big-Box-Key-Safe.jpg?resize=700%2C400&ssl=1 2x"},"classes":[]},{"id":546,"url":"https:\/\/keybox.nl\/it\/inbouwkluisjes-kopen\/","url_meta":{"origin":1527,"position":4},"title":"Acquistare casseforti a incasso","author":"Keybox@beheermodule","date":"11 Marzo 2022","format":false,"excerpt":"Acquistate le robuste casseforti a incasso nel webshop! \u2713 Facili da usare \u2713 Robuste e sicure \u2713 Vari modelli Volete acquistare casseforti a muro per la vostra attivit\u00e0? Il nostro negozio web offre diversi modelli di casseforti da installare a parete. Poich\u00e9 il sistema \u00e8 inserito nella parete, non pu\u00f2 essere portato via ed \u00e8...","rel":"","context":"Articolo simile","block_context":{"text":"Articolo simile","link":""},"img":{"alt_text":"","src":"https:\/\/i0.wp.com\/keybox.nl\/wp-content\/uploads\/2021\/12\/KSB_102_1-e1638478691321.jpg?resize=350%2C200&ssl=1","width":350,"height":200,"srcset":"https:\/\/i0.wp.com\/keybox.nl\/wp-content\/uploads\/2021\/12\/KSB_102_1-e1638478691321.jpg?resize=350%2C200&ssl=1 1x, https:\/\/i0.wp.com\/keybox.nl\/wp-content\/uploads\/2021\/12\/KSB_102_1-e1638478691321.jpg?resize=525%2C300&ssl=1 1.5x, https:\/\/i0.wp.com\/keybox.nl\/wp-content\/uploads\/2021\/12\/KSB_102_1-e1638478691321.jpg?resize=700%2C400&ssl=1 2x"},"classes":[]},{"id":1529,"url":"https:\/\/keybox.nl\/it\/sleutelhaken-kopen\/","url_meta":{"origin":1527,"position":5},"title":"ganci-chiave-acquista","author":"Keybox@beheermodule","date":"20 Luglio 2023","format":false,"excerpt":"Acquistate al sicuro i ganci per chiavi nel webshop! \u2713 Facili da usare \u2713 Resistenti e sicuri \u2713 Vari modelli Siete alla ricerca di ganci per chiavi di qualit\u00e0 da acquistare per l'uso nella vostra attivit\u00e0? Allora prendete in considerazione l'acquisto di un armadietto portachiavi protetto in modo professionale. Dopo tutto, non volete che persone con intenzioni malevole...","rel":"","context":"Articolo simile","block_context":{"text":"Articolo simile","link":""},"img":{"alt_text":"","src":"https:\/\/i0.wp.com\/keybox.nl\/wp-content\/uploads\/2021\/12\/KSB_102_1-e1638478691321.jpg?resize=350%2C200&ssl=1","width":350,"height":200,"srcset":"https:\/\/i0.wp.com\/keybox.nl\/wp-content\/uploads\/2021\/12\/KSB_102_1-e1638478691321.jpg?resize=350%2C200&ssl=1 1x, https:\/\/i0.wp.com\/keybox.nl\/wp-content\/uploads\/2021\/12\/KSB_102_1-e1638478691321.jpg?resize=525%2C300&ssl=1 1.5x, https:\/\/i0.wp.com\/keybox.nl\/wp-content\/uploads\/2021\/12\/KSB_102_1-e1638478691321.jpg?resize=700%2C400&ssl=1 2x"},"classes":[]}],"jetpack_sharing_enabled":true,"_links":{"self":[{"href":"https:\/\/keybox.nl\/it\/wp-json\/wp\/v2\/pages\/1527","targetHints":{"allow":["GET"]}}],"collection":[{"href":"https:\/\/keybox.nl\/it\/wp-json\/wp\/v2\/pages"}],"about":[{"href":"https:\/\/keybox.nl\/it\/wp-json\/wp\/v2\/types\/page"}],"author":[{"embeddable":true,"href":"https:\/\/keybox.nl\/it\/wp-json\/wp\/v2\/users\/1"}],"replies":[{"embeddable":true,"href":"https:\/\/keybox.nl\/it\/wp-json\/wp\/v2\/comments?post=1527"}],"version-history":[{"count":6,"href":"https:\/\/keybox.nl\/it\/wp-json\/wp\/v2\/pages\/1527\/revisions"}],"predecessor-version":[{"id":1667,"href":"https:\/\/keybox.nl\/it\/wp-json\/wp\/v2\/pages\/1527\/revisions\/1667"}],"wp:attachment":[{"href":"https:\/\/keybox.nl\/it\/wp-json\/wp\/v2\/media?parent=1527"}],"curies":[{"name":"wp","href":"https:\/\/api.w.org\/{rel}","templated":true}]}}