{"id":1526,"date":"2023-07-20T12:26:39","date_gmt":"2023-07-20T12:26:39","guid":{"rendered":"http:\/\/keybox.nl\/?page_id=1526"},"modified":"2023-07-25T10:24:28","modified_gmt":"2023-07-25T10:24:28","slug":"safe-kluis-kopen","status":"publish","type":"page","link":"https:\/\/keybox.nl\/it\/safe-kluis-kopen\/","title":{"rendered":"Acquistare Safe Safe"},"content":{"rendered":"<div class=\"wp-block-cover alignfull\" style=\"min-height:200px;aspect-ratio:unset;\"><span aria-hidden=\"true\" class=\"wp-block-cover__background has-background-dim-60 has-background-dim\"><\/span><img decoding=\"async\" width=\"1920\" height=\"2560\" class=\"wp-block-cover__image-background wp-image-126\" alt=\"Kluis\" src=\"http:\/\/keybox.nl\/wp-content\/uploads\/2021\/12\/KSB103-KSB005-4-scaled.jpg\" style=\"object-position:50% 50%\" data-object-fit=\"cover\" data-object-position=\"50% 50%\" srcset=\"https:\/\/keybox.nl\/wp-content\/uploads\/2021\/12\/KSB103-KSB005-4-scaled.jpg 1920w, https:\/\/keybox.nl\/wp-content\/uploads\/2021\/12\/KSB103-KSB005-4-416x555.jpg 416w, https:\/\/keybox.nl\/wp-content\/uploads\/2021\/12\/KSB103-KSB005-4-225x300.jpg 225w, https:\/\/keybox.nl\/wp-content\/uploads\/2021\/12\/KSB103-KSB005-4-768x1024.jpg 768w, https:\/\/keybox.nl\/wp-content\/uploads\/2021\/12\/KSB103-KSB005-4-1152x1536.jpg 1152w, https:\/\/keybox.nl\/wp-content\/uploads\/2021\/12\/KSB103-KSB005-4-1536x2048.jpg 1536w, https:\/\/keybox.nl\/wp-content\/uploads\/2021\/12\/KSB103-KSB005-4-1320x1760.jpg 1320w\" sizes=\"(max-width: 1920px) 100vw, 1920px\" \/><div class=\"wp-block-cover__inner-container is-layout-flow wp-block-cover-is-layout-flow\">\n<h1 class=\"wp-block-heading alignwide has-text-align-left has-white-color has-text-color\" style=\"font-size:40px\">Acquistare una cassaforte o un caveau<\/h1>\n\n\n\n<div class=\"wp-block-columns alignwide is-layout-flex wp-container-core-columns-is-layout-28f84493 wp-block-columns-is-layout-flex\">\n<div class=\"wp-block-column is-layout-flow wp-block-column-is-layout-flow\" style=\"flex-basis:55%\">\n<div class=\"wp-block-buttons is-layout-flex wp-block-buttons-is-layout-flex\">\n<div class=\"wp-block-button cta-knop alignleft\"><a class=\"wp-block-button__link has-black-color has-white-background-color has-text-color has-background wp-element-button\" href=\"http:\/\/keybox.nl\/it\/\">Al webshop!<\/a><\/div>\n<\/div>\n<\/div>\n<\/div>\n<\/div><\/div>\n\n\n\n<div style=\"height:50px\" aria-hidden=\"true\" class=\"wp-block-spacer\"><\/div>\n\n\n\n<div class=\"wp-block-group alignfull is-content-justification-center is-layout-flex wp-container-core-group-is-layout-81a7f686 wp-block-group-is-layout-flex\">\n<p class=\"usps has-normal-font-size\">\u2713 Facile da usare<\/p>\n\n\n\n<p>\u2713 Resistente e sicuro<\/p>\n\n\n\n<p>\u2713 Vari modelli<\/p>\n<\/div>\n\n\n\n<style>\nh1.entry-title {\ndisplay:none;\n}\n\n.cta-knop {\nmargin-left: 35px !important;\n}\n\n.cta-knop:hover {\nopacity: 0.75;\n}\n\n@media only screen and (max-width: 1064px) {\n.cta-knop {\nmargin-left: 0px !important;\n}\n\n.wp-block-group.alignfull {\n    display: flex;\n    flex-direction: column;\n}\n}\n<\/style>\n\n\n\n<div style=\"height:100px\" aria-hidden=\"true\" class=\"wp-block-spacer\"><\/div>\n\n\n\n<p class=\"has-text-align-left align-left has-black-color has-text-color has-normal-font-size\">Se tenete alla sicurezza e all'affidabilit\u00e0, l'acquisto di una cassaforte o di una custodia \u00e8 il primo passo da compiere. Sebbene questi termini siano spesso usati in modo intercambiabile, esistono sottili differenze. Una \u2018cassaforte\u2019 \u00e8 solitamente progettata per un uso generico, mentre una \u2018cassaforte\u2019 \u00e8 solitamente utilizzata per scopi specifici, come la protezione da incendi o furti. Su Keybox.it siete nel posto giusto per acquistare una cassaforte o un caveau che soddisfi tutte le vostre esigenze di sicurezza.<\/p>\n\n\n\n<div style=\"height:100px\" aria-hidden=\"true\" class=\"wp-block-spacer\"><\/div>\n\n\n\n<div class=\"wp-block-group is-content-justification-center is-layout-flex wp-container-core-group-is-layout-81a7f686 wp-block-group-is-layout-flex\">\n<div class=\"wp-block-media-text alignwide is-stacked-on-mobile is-vertically-aligned-center\" style=\"grid-template-columns:40% auto\"><figure class=\"wp-block-media-text__media\"><img decoding=\"async\" width=\"1024\" height=\"954\" src=\"http:\/\/keybox.nl\/wp-content\/uploads\/2022\/01\/IMG_5364-1024x954.jpg\" alt=\"Regenkap Keysecuritybox\" class=\"wp-image-200 size-full\" srcset=\"https:\/\/keybox.nl\/wp-content\/uploads\/2022\/01\/IMG_5364-1024x954.jpg 1024w, https:\/\/keybox.nl\/wp-content\/uploads\/2022\/01\/IMG_5364-416x388.jpg 416w, https:\/\/keybox.nl\/wp-content\/uploads\/2022\/01\/IMG_5364-300x280.jpg 300w, https:\/\/keybox.nl\/wp-content\/uploads\/2022\/01\/IMG_5364-768x716.jpg 768w, https:\/\/keybox.nl\/wp-content\/uploads\/2022\/01\/IMG_5364-1536x1432.jpg 1536w, https:\/\/keybox.nl\/wp-content\/uploads\/2022\/01\/IMG_5364-2048x1909.jpg 2048w, https:\/\/keybox.nl\/wp-content\/uploads\/2022\/01\/IMG_5364-1320x1230.jpg 1320w\" sizes=\"(max-width: 1024px) 100vw, 1024px\" \/><\/figure><div class=\"wp-block-media-text__content\">\n<h2 class=\"wp-block-heading\">Perch\u00e9 acquistare una cassaforte o un caveau?<\/h2>\n\n\n\n<p>Quando si acquista una cassaforte, i vantaggi da considerare sono numerosi. Offre la tranquillit\u00e0 di sapere che i vostri oggetti di valore sono al sicuro e vi aiuta a organizzare i vostri beni. Nella nostra gamma di <a href=\"http:\/\/keybox.nl\/it\/\">armadietti sicuri per chiavi<\/a> troverete senza dubbio qualcosa di vostro interesse. La nostra ampia gamma comprende:<\/p>\n\n\n\n<ul class=\"wp-block-list\">\n<li><a href=\"http:\/\/keybox.nl\/it\/afstortkluis-bestellen\/\">Casseforti di deposito<\/a> per il deposito sicuro delle chiavi.<\/li>\n\n\n\n<li><a href=\"http:\/\/keybox.nl\/it\/sleutelhaken-kopen\/\">Casseforti con ganci per chiavi<\/a> per gestire in modo chiaro le chiavi.<\/li>\n\n\n\n<li><a href=\"http:\/\/keybox.nl\/it\/hotelkluis-kopen\/\">Casseforti per hotel<\/a> per gli ospiti che vogliono tenere al sicuro i propri effetti personali.<\/li>\n\n\n\n<li><a href=\"http:\/\/keybox.nl\/it\/brandkluis-voor-thuis\/\">Casseforti antincendio per la casa<\/a>, ideale per proteggere i documenti importanti e gli oggetti di valore dal fuoco.<\/li>\n<\/ul>\n\n\n\n<p>Quando acquistate una cassaforte o un caveau da noi, vi assicuriamo un eccellente servizio clienti, prodotti di qualit\u00e0 e prezzi competitivi.<\/p>\n<\/div><\/div>\n<\/div>\n\n\n\n<div style=\"height:100px\" aria-hidden=\"true\" class=\"wp-block-spacer\"><\/div>\n\n\n\n<h2 class=\"wp-block-heading has-text-align-center\"><strong>State cercando una cassaforte?<\/strong><\/h2>\n\n\n\n<div class=\"wp-block-buttons is-content-justification-center is-layout-flex wp-container-core-buttons-is-layout-a89b3969 wp-block-buttons-is-layout-flex\">\n<div class=\"wp-block-button is-style-outline is-style-outline--1\"><a class=\"wp-block-button__link wp-element-button\" href=\"http:\/\/keybox.nl\/it\/\">Visualizza il negozio online<\/a><\/div>\n<\/div>\n\n\n\n<div style=\"height:100px\" aria-hidden=\"true\" class=\"wp-block-spacer\"><\/div>\n\n\n\n<div class=\"wp-block-group is-content-justification-center is-layout-flex wp-container-core-group-is-layout-81a7f686 wp-block-group-is-layout-flex\">\n<div class=\"wp-block-media-text alignwide has-media-on-the-right is-stacked-on-mobile is-vertically-aligned-center\" style=\"grid-template-columns:auto 40%\"><div class=\"wp-block-media-text__content\">\n<h3 class=\"wp-block-heading has-text-color\" style=\"color:#000000;font-size:32px\"><strong>Visitate il nostro negozio online ed effettuate l'ordine<\/strong><\/h3>\n\n\n\n<p class=\"has-text-color has-normal-font-size\" style=\"color:#000000\">Non aspettate oltre per mettere al sicuro i vostri oggetti di valore. Vi invitiamo a visitare il nostro webshop e ad acquistare la cassaforte o la cassaforte pi\u00f9 adatta alle vostre esigenze. Volete vedere i nostri prodotti dal vivo? <a href=\"http:\/\/keybox.nl\/it\/contact\/\">Fissare un appuntamento<\/a> presso la nostra azienda di Bussum. Inoltre, se siete alla ricerca di un <a href=\"http:\/\/keybox.nl\/it\/goedkope-kluis-kopen\/\">soluzione pi\u00f9 economica<\/a>, abbiamo la cassaforte perfetta per voi. Proteggete ci\u00f2 che \u00e8 prezioso per voi e ordinate oggi stesso la vostra cassaforte o il vostro caveau.<\/p>\n<\/div><figure class=\"wp-block-media-text__media\"><img decoding=\"async\" width=\"600\" height=\"800\" src=\"http:\/\/keybox.nl\/wp-content\/uploads\/2021\/12\/Extra-Armor-KSB.jpg\" alt=\"Kluis los\" class=\"wp-image-103 size-full\" srcset=\"https:\/\/keybox.nl\/wp-content\/uploads\/2021\/12\/Extra-Armor-KSB.jpg 600w, https:\/\/keybox.nl\/wp-content\/uploads\/2021\/12\/Extra-Armor-KSB-416x555.jpg 416w, https:\/\/keybox.nl\/wp-content\/uploads\/2021\/12\/Extra-Armor-KSB-225x300.jpg 225w\" sizes=\"(max-width: 600px) 100vw, 600px\" \/><\/figure><\/div>\n<\/div>\n\n\n\n<div style=\"height:50px\" aria-hidden=\"true\" class=\"wp-block-spacer\"><\/div>\n\n\n\n<h2 class=\"wp-block-heading alignwide has-text-align-left form-titel\"><strong>Avete domande sulla sicurezza?<\/strong><\/h2>\n\n\n<div class=\"wp-block-jetpack-contact-form alignwide is-layout-flex wp-container-jetpack-contact-form-is-layout-2b4208ba wp-block-jetpack-contact-form-is-layout-flex\"><a href=\"https:\/\/keybox.nl\/it\/safe-kluis-kopen\/\" target=\"_blank\" rel=\"noopener noreferrer\">Inviare un modulo.<\/a><\/div>\n\n\n<p><\/p>","protected":false},"excerpt":{"rendered":"<p>\u2713 Gebruiksvriendelijk \u2713 Bestendig en veilig \u2713 Diverse modellen Als u veiligheid en betrouwbaarheid hoog in het vaandel heeft staan, dan is een safe of kluis kopen de eerste stap. Hoewel deze termen vaak door elkaar worden gebruikt, zijn er subtiele verschillen. Een &#8216;kluis&#8217; is doorgaans ontworpen voor een algemeen gebruik, terwijl een &#8216;safe&#8217; doorgaans [&hellip;]<\/p>\n","protected":false},"author":1,"featured_media":0,"parent":0,"menu_order":0,"comment_status":"closed","ping_status":"closed","template":"template-fullwidth.php","meta":{"footnotes":""},"class_list":["post-1526","page","type-page","status-publish","hentry"],"yoast_head":"<!-- This site is optimized with the Yoast SEO plugin v27.4 - https:\/\/yoast.com\/product\/yoast-seo-wordpress\/ -->\n<title>Een hoogkwalitatieve safe of kluis kopen -<\/title>\n<meta name=\"description\" content=\"Wilt u een hoogwaardige safe of kluis kopen? Bij ons vindt u verschillende modellen waarin u uw spullen veilig opbergt. Ontdek ons volledige aanbod!\" \/>\n<meta name=\"robots\" content=\"index, follow, max-snippet:-1, max-image-preview:large, max-video-preview:-1\" \/>\n<link rel=\"canonical\" href=\"https:\/\/keybox.nl\/it\/safe-kluis-kopen\/\" \/>\n<meta property=\"og:locale\" content=\"it_IT\" \/>\n<meta property=\"og:type\" content=\"article\" \/>\n<meta property=\"og:title\" content=\"Een hoogkwalitatieve safe of kluis kopen -\" \/>\n<meta property=\"og:description\" content=\"Wilt u een hoogwaardige safe of kluis kopen? Bij ons vindt u verschillende modellen waarin u uw spullen veilig opbergt. Ontdek ons volledige aanbod!\" \/>\n<meta property=\"og:url\" content=\"https:\/\/keybox.nl\/it\/safe-kluis-kopen\/\" \/>\n<meta property=\"article:modified_time\" content=\"2023-07-25T10:24:28+00:00\" \/>\n<meta property=\"og:image\" content=\"http:\/\/keybox.nl\/wp-content\/uploads\/2021\/12\/KSB103-KSB005-4-scaled.jpg\" \/>\n<meta name=\"twitter:card\" content=\"summary_large_image\" \/>\n<meta name=\"twitter:label1\" content=\"Tempo di lettura stimato\" \/>\n\t<meta name=\"twitter:data1\" content=\"3 minuti\" \/>\n<script type=\"application\/ld+json\" class=\"yoast-schema-graph\">{\"@context\":\"https:\\\/\\\/schema.org\",\"@graph\":[{\"@type\":\"WebPage\",\"@id\":\"https:\\\/\\\/keybox.nl\\\/safe-kluis-kopen\\\/\",\"url\":\"https:\\\/\\\/keybox.nl\\\/safe-kluis-kopen\\\/\",\"name\":\"Een hoogkwalitatieve safe of kluis kopen -\",\"isPartOf\":{\"@id\":\"https:\\\/\\\/keybox.nl\\\/#website\"},\"primaryImageOfPage\":{\"@id\":\"https:\\\/\\\/keybox.nl\\\/safe-kluis-kopen\\\/#primaryimage\"},\"image\":{\"@id\":\"https:\\\/\\\/keybox.nl\\\/safe-kluis-kopen\\\/#primaryimage\"},\"thumbnailUrl\":\"http:\\\/\\\/keybox.nl\\\/wp-content\\\/uploads\\\/2021\\\/12\\\/KSB103-KSB005-4-scaled.jpg\",\"datePublished\":\"2023-07-20T12:26:39+00:00\",\"dateModified\":\"2023-07-25T10:24:28+00:00\",\"description\":\"Wilt u een hoogwaardige safe of kluis kopen? Bij ons vindt u verschillende modellen waarin u uw spullen veilig opbergt. Ontdek ons volledige aanbod!\",\"breadcrumb\":{\"@id\":\"https:\\\/\\\/keybox.nl\\\/safe-kluis-kopen\\\/#breadcrumb\"},\"inLanguage\":\"it-IT\",\"potentialAction\":[{\"@type\":\"ReadAction\",\"target\":[\"https:\\\/\\\/keybox.nl\\\/safe-kluis-kopen\\\/\"]}]},{\"@type\":\"ImageObject\",\"inLanguage\":\"it-IT\",\"@id\":\"https:\\\/\\\/keybox.nl\\\/safe-kluis-kopen\\\/#primaryimage\",\"url\":\"http:\\\/\\\/keybox.nl\\\/wp-content\\\/uploads\\\/2021\\\/12\\\/KSB103-KSB005-4-scaled.jpg\",\"contentUrl\":\"http:\\\/\\\/keybox.nl\\\/wp-content\\\/uploads\\\/2021\\\/12\\\/KSB103-KSB005-4-scaled.jpg\"},{\"@type\":\"BreadcrumbList\",\"@id\":\"https:\\\/\\\/keybox.nl\\\/safe-kluis-kopen\\\/#breadcrumb\",\"itemListElement\":[{\"@type\":\"ListItem\",\"position\":1,\"name\":\"Home\",\"item\":\"https:\\\/\\\/keybox.nl\\\/\"},{\"@type\":\"ListItem\",\"position\":2,\"name\":\"Safe kluis kopen\"}]},{\"@type\":\"WebSite\",\"@id\":\"https:\\\/\\\/keybox.nl\\\/#website\",\"url\":\"https:\\\/\\\/keybox.nl\\\/\",\"name\":\"\",\"description\":\"\",\"potentialAction\":[{\"@type\":\"SearchAction\",\"target\":{\"@type\":\"EntryPoint\",\"urlTemplate\":\"https:\\\/\\\/keybox.nl\\\/?s={search_term_string}\"},\"query-input\":{\"@type\":\"PropertyValueSpecification\",\"valueRequired\":true,\"valueName\":\"search_term_string\"}}],\"inLanguage\":\"it-IT\"}]}<\/script>\n<!-- \/ Yoast SEO plugin. -->","yoast_head_json":{"title":"Acquistare una cassaforte o un caveau di alta qualit\u00e0","description":"Volete acquistare una cassaforte o una cassaforte di alta qualit\u00e0? Da noi troverete diversi modelli in cui potrete riporre i vostri effetti personali in tutta sicurezza. Scoprite la nostra gamma completa!","robots":{"index":"index","follow":"follow","max-snippet":"max-snippet:-1","max-image-preview":"max-image-preview:large","max-video-preview":"max-video-preview:-1"},"canonical":"https:\/\/keybox.nl\/it\/safe-kluis-kopen\/","og_locale":"it_IT","og_type":"article","og_title":"Een hoogkwalitatieve safe of kluis kopen -","og_description":"Wilt u een hoogwaardige safe of kluis kopen? Bij ons vindt u verschillende modellen waarin u uw spullen veilig opbergt. Ontdek ons volledige aanbod!","og_url":"https:\/\/keybox.nl\/it\/safe-kluis-kopen\/","article_modified_time":"2023-07-25T10:24:28+00:00","og_image":[{"url":"http:\/\/keybox.nl\/wp-content\/uploads\/2021\/12\/KSB103-KSB005-4-scaled.jpg","type":"","width":"","height":""}],"twitter_card":"summary_large_image","twitter_misc":{"Tempo di lettura stimato":"3 minuti"},"schema":{"@context":"https:\/\/schema.org","@graph":[{"@type":"WebPage","@id":"https:\/\/keybox.nl\/safe-kluis-kopen\/","url":"https:\/\/keybox.nl\/safe-kluis-kopen\/","name":"Acquistare una cassaforte o un caveau di alta qualit\u00e0","isPartOf":{"@id":"https:\/\/keybox.nl\/#website"},"primaryImageOfPage":{"@id":"https:\/\/keybox.nl\/safe-kluis-kopen\/#primaryimage"},"image":{"@id":"https:\/\/keybox.nl\/safe-kluis-kopen\/#primaryimage"},"thumbnailUrl":"http:\/\/keybox.nl\/wp-content\/uploads\/2021\/12\/KSB103-KSB005-4-scaled.jpg","datePublished":"2023-07-20T12:26:39+00:00","dateModified":"2023-07-25T10:24:28+00:00","description":"Volete acquistare una cassaforte o una cassaforte di alta qualit\u00e0? Da noi troverete diversi modelli in cui potrete riporre i vostri effetti personali in tutta sicurezza. Scoprite la nostra gamma completa!","breadcrumb":{"@id":"https:\/\/keybox.nl\/safe-kluis-kopen\/#breadcrumb"},"inLanguage":"it-IT","potentialAction":[{"@type":"ReadAction","target":["https:\/\/keybox.nl\/safe-kluis-kopen\/"]}]},{"@type":"ImageObject","inLanguage":"it-IT","@id":"https:\/\/keybox.nl\/safe-kluis-kopen\/#primaryimage","url":"http:\/\/keybox.nl\/wp-content\/uploads\/2021\/12\/KSB103-KSB005-4-scaled.jpg","contentUrl":"http:\/\/keybox.nl\/wp-content\/uploads\/2021\/12\/KSB103-KSB005-4-scaled.jpg"},{"@type":"BreadcrumbList","@id":"https:\/\/keybox.nl\/safe-kluis-kopen\/#breadcrumb","itemListElement":[{"@type":"ListItem","position":1,"name":"Home","item":"https:\/\/keybox.nl\/"},{"@type":"ListItem","position":2,"name":"Safe kluis kopen"}]},{"@type":"WebSite","@id":"https:\/\/keybox.nl\/#website","url":"https:\/\/keybox.nl\/","name":"","description":"","potentialAction":[{"@type":"SearchAction","target":{"@type":"EntryPoint","urlTemplate":"https:\/\/keybox.nl\/?s={search_term_string}"},"query-input":{"@type":"PropertyValueSpecification","valueRequired":true,"valueName":"search_term_string"}}],"inLanguage":"it-IT"}]}},"jetpack-related-posts":[{"id":543,"url":"https:\/\/keybox.nl\/it\/inbraakwerende-kluis-kopen\/","url_meta":{"origin":1526,"position":0},"title":"Acquistare una cassaforte a prova di scasso","author":"Keybox@beheermodule","date":"11 Marzo 2022","format":false,"excerpt":"Acquistare una cassaforte resistente e a prova di scasso Nel webshop! Facile da usare \u2713 Resistente e sicura \u2713 Vari modelli Acquistare una cassaforte a prova di scasso per i vostri oggetti di valore \u00e8 importante. Perch\u00e9 li protegge in modo eccellente da vari tipi di furto. Su Keybox.it potete acquistare una cassaforte a prova di scasso per le vostre chiavi che...","rel":"","context":"Articolo simile","block_context":{"text":"Articolo simile","link":""},"img":{"alt_text":"Keysafe Slim line","src":"https:\/\/i0.wp.com\/keybox.nl\/wp-content\/uploads\/2022\/12\/Keysafe_Slim_line_Keybox.jpeg?resize=350%2C200&ssl=1","width":350,"height":200,"srcset":"https:\/\/i0.wp.com\/keybox.nl\/wp-content\/uploads\/2022\/12\/Keysafe_Slim_line_Keybox.jpeg?resize=350%2C200&ssl=1 1x, https:\/\/i0.wp.com\/keybox.nl\/wp-content\/uploads\/2022\/12\/Keysafe_Slim_line_Keybox.jpeg?resize=525%2C300&ssl=1 1.5x, https:\/\/i0.wp.com\/keybox.nl\/wp-content\/uploads\/2022\/12\/Keysafe_Slim_line_Keybox.jpeg?resize=700%2C400&ssl=1 2x"},"classes":[]},{"id":552,"url":"https:\/\/keybox.nl\/it\/kluis-waardeberging-kopen\/","url_meta":{"origin":1526,"position":1},"title":"Acquistare una cassetta di sicurezza","author":"Keybox@beheermodule","date":"11 Marzo 2022","format":false,"excerpt":"Acquistare una cassaforte ad alta sicurezza Nel webshop! \u2713 Facile da usare \u2713 Resistente e sicura \u2713 Vari modelli Per i beni di grande valore, \u00e8 consigliabile acquistare una cassaforte con un'elevata capacit\u00e0 di stoccaggio. Il valore massimo di conservazione di una cassaforte indica fino a quale importo il contenuto della cassaforte \u00e8 assicurato....","rel":"","context":"Articolo simile","block_context":{"text":"Articolo simile","link":""},"img":{"alt_text":"","src":"https:\/\/i0.wp.com\/keybox.nl\/wp-content\/uploads\/2021\/12\/KSB_102_1-e1638478691321.jpg?resize=350%2C200&ssl=1","width":350,"height":200,"srcset":"https:\/\/i0.wp.com\/keybox.nl\/wp-content\/uploads\/2021\/12\/KSB_102_1-e1638478691321.jpg?resize=350%2C200&ssl=1 1x, https:\/\/i0.wp.com\/keybox.nl\/wp-content\/uploads\/2021\/12\/KSB_102_1-e1638478691321.jpg?resize=525%2C300&ssl=1 1.5x, https:\/\/i0.wp.com\/keybox.nl\/wp-content\/uploads\/2021\/12\/KSB_102_1-e1638478691321.jpg?resize=700%2C400&ssl=1 2x"},"classes":[]},{"id":554,"url":"https:\/\/keybox.nl\/it\/kluis-waardeberging-kopen-2\/","url_meta":{"origin":1526,"position":2},"title":"Acquistare una cassetta di sicurezza","author":"Keybox@beheermodule","date":"11 Marzo 2022","format":false,"excerpt":"Acquistare una cassaforte ad alta sicurezza Nel webshop! \u2713 Facile da usare \u2713 Resistente e sicura \u2713 Diversi modelli Per i beni di incredibile valore, \u00e8 consigliabile acquistare una cassaforte con un deposito di valore elevato. Pi\u00f9 alto \u00e8 il deposito di valore, pi\u00f9 la cassaforte \u00e8 resistente alle effrazioni. Noi di Keybox.nl a Bussum...","rel":"","context":"Articolo simile","block_context":{"text":"Articolo simile","link":""},"img":{"alt_text":"kluis peugeot","src":"https:\/\/i0.wp.com\/keybox.nl\/wp-content\/uploads\/2022\/02\/KSB007-Peugeot-scaled-e1643751089776.jpg?resize=350%2C200&ssl=1","width":350,"height":200,"srcset":"https:\/\/i0.wp.com\/keybox.nl\/wp-content\/uploads\/2022\/02\/KSB007-Peugeot-scaled-e1643751089776.jpg?resize=350%2C200&ssl=1 1x, https:\/\/i0.wp.com\/keybox.nl\/wp-content\/uploads\/2022\/02\/KSB007-Peugeot-scaled-e1643751089776.jpg?resize=525%2C300&ssl=1 1.5x"},"classes":[]},{"id":326,"url":"https:\/\/keybox.nl\/it\/goedkope-kluis-kopen\/","url_meta":{"origin":1526,"position":3},"title":"Acquistare a buon mercato sicuro","author":"Keybox@beheermodule","date":"3 Marzo 2022","format":false,"excerpt":"Acquistate una cassaforte economica e di alta qualit\u00e0 Sul webshop! \u2713 Facile da usare \u2713 Resistente e sicura \u2713 Vari modelli Su Keybox.it potete acquistare una cassaforte economica e resistente per la vostra attivit\u00e0. Grazie alle nostre casseforti, potrete tenere al sicuro le chiavi in ogni momento. Inoltre, nessuno deve essere presente per...","rel":"","context":"Articolo simile","block_context":{"text":"Articolo simile","link":""},"img":{"alt_text":"","src":"https:\/\/i0.wp.com\/keybox.nl\/wp-content\/uploads\/2021\/12\/KSB_102_1-e1638478691321.jpg?resize=350%2C200&ssl=1","width":350,"height":200,"srcset":"https:\/\/i0.wp.com\/keybox.nl\/wp-content\/uploads\/2021\/12\/KSB_102_1-e1638478691321.jpg?resize=350%2C200&ssl=1 1x, https:\/\/i0.wp.com\/keybox.nl\/wp-content\/uploads\/2021\/12\/KSB_102_1-e1638478691321.jpg?resize=525%2C300&ssl=1 1.5x, https:\/\/i0.wp.com\/keybox.nl\/wp-content\/uploads\/2021\/12\/KSB_102_1-e1638478691321.jpg?resize=700%2C400&ssl=1 2x"},"classes":[]},{"id":538,"url":"https:\/\/keybox.nl\/it\/kluis-kopen-voor-thuis\/","url_meta":{"origin":1526,"position":4},"title":"Acquistare una cassaforte per la casa","author":"Keybox@beheermodule","date":"11 Marzo 2022","format":false,"excerpt":"Acquistare una cassaforte resistente per la vostra casa Nel webshop! \u2713 Facile da usare \u2713 Resistente e sicura \u2713 Vari modelli Volete acquistare una cassaforte pratica per la vostra casa? Allora Keybox.it ha quello che fa per voi. Le casseforti domestiche sono un po' pi\u00f9 piccole e non richiedono un'installazione approfondita, il che le rende ideali...","rel":"","context":"Articolo simile","block_context":{"text":"Articolo simile","link":""},"img":{"alt_text":"","src":"https:\/\/i0.wp.com\/keybox.nl\/wp-content\/uploads\/2022\/01\/KSB007-inner-safe-2-e1643896091542.jpg?resize=350%2C200&ssl=1","width":350,"height":200,"srcset":"https:\/\/i0.wp.com\/keybox.nl\/wp-content\/uploads\/2022\/01\/KSB007-inner-safe-2-e1643896091542.jpg?resize=350%2C200&ssl=1 1x, https:\/\/i0.wp.com\/keybox.nl\/wp-content\/uploads\/2022\/01\/KSB007-inner-safe-2-e1643896091542.jpg?resize=525%2C300&ssl=1 1.5x, https:\/\/i0.wp.com\/keybox.nl\/wp-content\/uploads\/2022\/01\/KSB007-inner-safe-2-e1643896091542.jpg?resize=700%2C400&ssl=1 2x"},"classes":[]},{"id":556,"url":"https:\/\/keybox.nl\/it\/kleine-sleutelkluisjes-kopen\/","url_meta":{"origin":1526,"position":5},"title":"Acquistare piccole casseforti a chiave","author":"Keybox@beheermodule","date":"11 Marzo 2022","format":false,"excerpt":"Acquistate casseforti a chiave piccole e affidabili sul webshop! \u2713 Facili da usare \u2713 Resistenti e sicure \u2713 Vari modelli Con noi potete acquistare piccole casseforti per custodire in modo sicuro le vostre chiavi. Keybox.it offre tutti i tipi di casseforti, come la cassaforte per chiavi piccole, che potete acquistare facilmente online. Grazie alla nostra...","rel":"","context":"Articolo simile","block_context":{"text":"Articolo simile","link":""},"img":{"alt_text":"","src":"https:\/\/i0.wp.com\/keybox.nl\/wp-content\/uploads\/2022\/12\/Keysafe_Original_keybox_sleutelkluis.jpg?resize=350%2C200&ssl=1","width":350,"height":200,"srcset":"https:\/\/i0.wp.com\/keybox.nl\/wp-content\/uploads\/2022\/12\/Keysafe_Original_keybox_sleutelkluis.jpg?resize=350%2C200&ssl=1 1x, https:\/\/i0.wp.com\/keybox.nl\/wp-content\/uploads\/2022\/12\/Keysafe_Original_keybox_sleutelkluis.jpg?resize=525%2C300&ssl=1 1.5x, https:\/\/i0.wp.com\/keybox.nl\/wp-content\/uploads\/2022\/12\/Keysafe_Original_keybox_sleutelkluis.jpg?resize=700%2C400&ssl=1 2x"},"classes":[]}],"jetpack_sharing_enabled":true,"_links":{"self":[{"href":"https:\/\/keybox.nl\/it\/wp-json\/wp\/v2\/pages\/1526","targetHints":{"allow":["GET"]}}],"collection":[{"href":"https:\/\/keybox.nl\/it\/wp-json\/wp\/v2\/pages"}],"about":[{"href":"https:\/\/keybox.nl\/it\/wp-json\/wp\/v2\/types\/page"}],"author":[{"embeddable":true,"href":"https:\/\/keybox.nl\/it\/wp-json\/wp\/v2\/users\/1"}],"replies":[{"embeddable":true,"href":"https:\/\/keybox.nl\/it\/wp-json\/wp\/v2\/comments?post=1526"}],"version-history":[{"count":6,"href":"https:\/\/keybox.nl\/it\/wp-json\/wp\/v2\/pages\/1526\/revisions"}],"predecessor-version":[{"id":1668,"href":"https:\/\/keybox.nl\/it\/wp-json\/wp\/v2\/pages\/1526\/revisions\/1668"}],"wp:attachment":[{"href":"https:\/\/keybox.nl\/it\/wp-json\/wp\/v2\/media?parent=1526"}],"curies":[{"name":"wp","href":"https:\/\/api.w.org\/{rel}","templated":true}]}}