{"id":1507,"date":"2023-07-20T12:13:27","date_gmt":"2023-07-20T12:13:27","guid":{"rendered":"http:\/\/keybox.nl\/?page_id=1507"},"modified":"2023-07-25T10:10:46","modified_gmt":"2023-07-25T10:10:46","slug":"sleutelkluis-bevestigen","status":"publish","type":"page","link":"https:\/\/keybox.nl\/it\/sleutelkluis-bevestigen\/","title":{"rendered":"fissare la chiave di sicurezza"},"content":{"rendered":"<div class=\"wp-block-cover alignfull\" style=\"min-height:200px;aspect-ratio:unset;\"><span aria-hidden=\"true\" class=\"wp-block-cover__background has-background-dim-60 has-background-dim\"><\/span><img decoding=\"async\" width=\"1920\" height=\"2560\" class=\"wp-block-cover__image-background wp-image-126\" alt=\"Kluis\" src=\"http:\/\/keybox.nl\/wp-content\/uploads\/2021\/12\/KSB103-KSB005-4-scaled.jpg\" style=\"object-position:50% 50%\" data-object-fit=\"cover\" data-object-position=\"50% 50%\" srcset=\"https:\/\/keybox.nl\/wp-content\/uploads\/2021\/12\/KSB103-KSB005-4-scaled.jpg 1920w, https:\/\/keybox.nl\/wp-content\/uploads\/2021\/12\/KSB103-KSB005-4-416x555.jpg 416w, https:\/\/keybox.nl\/wp-content\/uploads\/2021\/12\/KSB103-KSB005-4-225x300.jpg 225w, https:\/\/keybox.nl\/wp-content\/uploads\/2021\/12\/KSB103-KSB005-4-768x1024.jpg 768w, https:\/\/keybox.nl\/wp-content\/uploads\/2021\/12\/KSB103-KSB005-4-1152x1536.jpg 1152w, https:\/\/keybox.nl\/wp-content\/uploads\/2021\/12\/KSB103-KSB005-4-1536x2048.jpg 1536w, https:\/\/keybox.nl\/wp-content\/uploads\/2021\/12\/KSB103-KSB005-4-1320x1760.jpg 1320w\" sizes=\"(max-width: 1920px) 100vw, 1920px\" \/><div class=\"wp-block-cover__inner-container is-layout-flow wp-block-cover-is-layout-flow\">\n<h1 class=\"wp-block-heading alignwide has-text-align-left has-white-color has-text-color\" style=\"font-size:40px\">Riparazione di una cassaforte per chiavi<\/h1>\n\n\n\n<div class=\"wp-block-columns alignwide is-layout-flex wp-container-core-columns-is-layout-28f84493 wp-block-columns-is-layout-flex\">\n<div class=\"wp-block-column is-layout-flow wp-block-column-is-layout-flow\" style=\"flex-basis:55%\">\n<div class=\"wp-block-buttons is-layout-flex wp-block-buttons-is-layout-flex\">\n<div class=\"wp-block-button cta-knop alignleft\"><a class=\"wp-block-button__link has-black-color has-white-background-color has-text-color has-background wp-element-button\" href=\"http:\/\/keybox.nl\/it\/\">Al webshop!<\/a><\/div>\n<\/div>\n<\/div>\n<\/div>\n<\/div><\/div>\n\n\n\n<div style=\"height:50px\" aria-hidden=\"true\" class=\"wp-block-spacer\"><\/div>\n\n\n\n<div class=\"wp-block-group alignfull is-content-justification-center is-layout-flex wp-container-core-group-is-layout-81a7f686 wp-block-group-is-layout-flex\">\n<p class=\"usps has-normal-font-size\">\u2713 Facile da usare<\/p>\n\n\n\n<p>\u2713 Resistente e sicuro<\/p>\n\n\n\n<p>\u2713 Vari modelli<\/p>\n<\/div>\n\n\n\n<style>\nh1.entry-title {\ndisplay:none;\n}\n.cta-knop {\nmargin-left: 35px !important;\n}\n\n.cta-knop:hover {\nopacity: 0.75;\n}\n\n@media only screen and (max-width: 1064px) {\n.cta-knop {\nmargin-left: 0px !important;\n}\n\n.wp-block-group.alignfull {\n    display: flex;\n    flex-direction: column;\n}\n}\n<\/style>\n\n\n\n<div style=\"height:100px\" aria-hidden=\"true\" class=\"wp-block-spacer\"><\/div>\n\n\n\n<p class=\"has-text-align-left align-left has-black-color has-text-color has-normal-font-size\">Fissare in modo sicuro una cassaforte a chiave non \u00e8 un lavoro semplice. Tuttavia, \u00e8 importante farlo nel modo giusto, affinch\u00e9 la cassaforte sia saldamente fissata alla parete. Keybox.it sar\u00e0 lieto di fornirvi maggiori informazioni sul fissaggio delle casseforti per chiavi. Quando ordinate la vostra cassaforte a chiave da noi, \u00e8 anche possibile farla riparare dai nostri esperti.<\/p>\n\n\n\n<div style=\"height:100px\" aria-hidden=\"true\" class=\"wp-block-spacer\"><\/div>\n\n\n\n<div class=\"wp-block-group is-content-justification-center is-layout-flex wp-container-core-group-is-layout-81a7f686 wp-block-group-is-layout-flex\">\n<div class=\"wp-block-media-text alignwide is-stacked-on-mobile is-vertically-aligned-center\" style=\"grid-template-columns:40% auto\"><figure class=\"wp-block-media-text__media\"><img decoding=\"async\" width=\"729\" height=\"924\" src=\"http:\/\/keybox.nl\/wp-content\/uploads\/2023\/02\/S7-Pro-Big-Box-Key-Safe.jpg\" alt=\"Keysafe Big Pro\" class=\"wp-image-1350 size-full\" srcset=\"https:\/\/keybox.nl\/wp-content\/uploads\/2023\/02\/S7-Pro-Big-Box-Key-Safe.jpg 729w, https:\/\/keybox.nl\/wp-content\/uploads\/2023\/02\/S7-Pro-Big-Box-Key-Safe-416x527.jpg 416w, https:\/\/keybox.nl\/wp-content\/uploads\/2023\/02\/S7-Pro-Big-Box-Key-Safe-237x300.jpg 237w\" sizes=\"(max-width: 729px) 100vw, 729px\" \/><\/figure><div class=\"wp-block-media-text__content\">\n<h2 class=\"wp-block-heading\">Qual \u00e8 il modo migliore per riparare la cassaforte a chiave?<\/h2>\n\n\n\n<p>Prima di montare la cassaforte per chiavi, \u00e8 ovviamente importante scegliere un luogo adatto. Ad esempio, si potrebbe voler conservare la <a href=\"http:\/\/keybox.nl\/it\/sleutelkluis-buiten\/\">cassaforte a chiave esterna<\/a> ma una cassaforte per chiavi pu\u00f2 essere utile anche in casa. Qualunque sia la vostra preferenza, \u00e8 importante scegliere un luogo discreto e poco appariscente. Inoltre, \u00e8 preferibile non appendere la cassaforte all'altezza degli occhi, perch\u00e9 c'\u00e8 la possibilit\u00e0 che le persone vi osservino mentre digitate il codice. Avete trovato il posto ideale? Allora potete iniziare a installare la cassaforte. Le modalit\u00e0 di installazione variano da cassaforte a cassaforte e sono sempre indicate nel manuale della cassaforte stessa. Tuttavia, \u00e8 anche possibile installare la cassaforte <a href=\"http:\/\/keybox.nl\/it\/montage-installatie\/\">montaggio della cassaforte<\/a> ai nostri esperti, in modo che possiate essere certi che tutto sia fatto in modo completamente corretto. Quando scegliete di lavorare con noi <a href=\"http:\/\/keybox.nl\/it\/\">acquistare casseforti a chiave<\/a>, Siamo lieti di offrire questo servizio.<\/p>\n<\/div><\/div>\n<\/div>\n\n\n\n<div style=\"height:100px\" aria-hidden=\"true\" class=\"wp-block-spacer\"><\/div>\n\n\n\n<h2 class=\"wp-block-heading has-text-align-center\"><strong>Siete interessati a installare una cassaforte per chiavi?<\/strong><\/h2>\n\n\n\n<div class=\"wp-block-buttons is-content-justification-center is-layout-flex wp-container-core-buttons-is-layout-a89b3969 wp-block-buttons-is-layout-flex\">\n<div class=\"wp-block-button is-style-outline is-style-outline--1\"><a class=\"wp-block-button__link wp-element-button\" href=\"http:\/\/keybox.nl\/it\/\">Visualizza il negozio online<\/a><\/div>\n<\/div>\n\n\n\n<div style=\"height:100px\" aria-hidden=\"true\" class=\"wp-block-spacer\"><\/div>\n\n\n\n<div class=\"wp-block-group is-content-justification-center is-layout-flex wp-container-core-group-is-layout-81a7f686 wp-block-group-is-layout-flex\">\n<div class=\"wp-block-media-text alignwide has-media-on-the-right is-stacked-on-mobile is-vertically-aligned-center\" style=\"grid-template-columns:auto 40%\"><div class=\"wp-block-media-text__content\">\n<h3 class=\"wp-block-heading has-text-color\" style=\"color:#000000;font-size:32px\"><strong>Chiedete l'aiuto dei nostri esperti<\/strong><\/h3>\n\n\n\n<p class=\"has-text-color has-normal-font-size\" style=\"color:#000000\">Proteggiamo la vostra cassaforte per chiavi secondo i requisiti della compagnia assicurativa Bovemij. Ci\u00f2 significa che non dovrete pi\u00f9 pagare una franchigia se siete affiliati a questa compagnia. Vista rapida <a href=\"http:\/\/keybox.nl\/it\/inbraakwerende-kluis-kopen\/\">le nostre casseforti a prova di scasso<\/a>, fate la vostra scelta e richiedete un preventivo per l'installazione. \u00c8 anche possibile visitarci a Bussum su appuntamento. Contattateci tramite il sito <a href=\"http:\/\/keybox.nl\/it\/contact\/\">comodo modulo di contatto<\/a>.<\/p>\n<\/div><figure class=\"wp-block-media-text__media\"><img decoding=\"async\" width=\"600\" height=\"800\" src=\"http:\/\/keybox.nl\/wp-content\/uploads\/2021\/12\/Extra-Armor-KSB.jpg\" alt=\"Kluis los\" class=\"wp-image-103 size-full\" srcset=\"https:\/\/keybox.nl\/wp-content\/uploads\/2021\/12\/Extra-Armor-KSB.jpg 600w, https:\/\/keybox.nl\/wp-content\/uploads\/2021\/12\/Extra-Armor-KSB-416x555.jpg 416w, https:\/\/keybox.nl\/wp-content\/uploads\/2021\/12\/Extra-Armor-KSB-225x300.jpg 225w\" sizes=\"(max-width: 600px) 100vw, 600px\" \/><\/figure><\/div>\n<\/div>\n\n\n\n<div style=\"height:50px\" aria-hidden=\"true\" class=\"wp-block-spacer\"><\/div>\n\n\n\n<h2 class=\"wp-block-heading alignwide has-text-align-left form-titel\"><strong>Avete domande sulla sicurezza?<\/strong><\/h2>\n\n\n<div class=\"wp-block-jetpack-contact-form alignwide is-layout-flex wp-container-jetpack-contact-form-is-layout-2b4208ba wp-block-jetpack-contact-form-is-layout-flex\"><a href=\"https:\/\/keybox.nl\/it\/sleutelkluis-bevestigen\/\" target=\"_blank\" rel=\"noopener noreferrer\">Inviare un modulo.<\/a><\/div>\n\n\n<p><\/p>","protected":false},"excerpt":{"rendered":"<p>\u2713 Gebruiksvriendelijk \u2713 Bestendig en veilig \u2713 Diverse modellen Een sleutelkluis op veilige wijze bevestigen is geen eenvoudige klus. Het is echter belangrijk om dit op de juiste wijze te doen zodat de kluis stevig aan de muur vastzit. Keybox.nl vertelt u graag meer over het bevestigen van sleutelkluizen. Wanneer u uw sleutelkluis bij ons [&hellip;]<\/p>\n","protected":false},"author":1,"featured_media":0,"parent":0,"menu_order":0,"comment_status":"closed","ping_status":"closed","template":"template-fullwidth.php","meta":{"footnotes":""},"class_list":["post-1507","page","type-page","status-publish","hentry"],"yoast_head":"<!-- This site is optimized with the Yoast SEO plugin v27.4 - https:\/\/yoast.com\/product\/yoast-seo-wordpress\/ -->\n<title>Een sleutelkluis juist bevestigen -<\/title>\n<meta name=\"description\" content=\"Wilt u een sleutelkluis bevestigen? Onze experts helpen u hier graag bij. Bestel uw gewenste kluis en wij komen zo snel mogelijk langs voor de montage.\" \/>\n<meta name=\"robots\" content=\"index, follow, max-snippet:-1, max-image-preview:large, max-video-preview:-1\" \/>\n<link rel=\"canonical\" href=\"https:\/\/keybox.nl\/it\/sleutelkluis-bevestigen\/\" \/>\n<meta property=\"og:locale\" content=\"it_IT\" \/>\n<meta property=\"og:type\" content=\"article\" \/>\n<meta property=\"og:title\" content=\"Een sleutelkluis juist bevestigen -\" \/>\n<meta property=\"og:description\" content=\"Wilt u een sleutelkluis bevestigen? Onze experts helpen u hier graag bij. Bestel uw gewenste kluis en wij komen zo snel mogelijk langs voor de montage.\" \/>\n<meta property=\"og:url\" content=\"https:\/\/keybox.nl\/it\/sleutelkluis-bevestigen\/\" \/>\n<meta property=\"article:modified_time\" content=\"2023-07-25T10:10:46+00:00\" \/>\n<meta property=\"og:image\" content=\"http:\/\/keybox.nl\/wp-content\/uploads\/2021\/12\/KSB103-KSB005-4-scaled.jpg\" \/>\n<meta name=\"twitter:card\" content=\"summary_large_image\" \/>\n<meta name=\"twitter:label1\" content=\"Tempo di lettura stimato\" \/>\n\t<meta name=\"twitter:data1\" content=\"3 minuti\" \/>\n<script type=\"application\/ld+json\" class=\"yoast-schema-graph\">{\"@context\":\"https:\\\/\\\/schema.org\",\"@graph\":[{\"@type\":\"WebPage\",\"@id\":\"https:\\\/\\\/keybox.nl\\\/sleutelkluis-bevestigen\\\/\",\"url\":\"https:\\\/\\\/keybox.nl\\\/sleutelkluis-bevestigen\\\/\",\"name\":\"Een sleutelkluis juist bevestigen -\",\"isPartOf\":{\"@id\":\"https:\\\/\\\/keybox.nl\\\/#website\"},\"primaryImageOfPage\":{\"@id\":\"https:\\\/\\\/keybox.nl\\\/sleutelkluis-bevestigen\\\/#primaryimage\"},\"image\":{\"@id\":\"https:\\\/\\\/keybox.nl\\\/sleutelkluis-bevestigen\\\/#primaryimage\"},\"thumbnailUrl\":\"http:\\\/\\\/keybox.nl\\\/wp-content\\\/uploads\\\/2021\\\/12\\\/KSB103-KSB005-4-scaled.jpg\",\"datePublished\":\"2023-07-20T12:13:27+00:00\",\"dateModified\":\"2023-07-25T10:10:46+00:00\",\"description\":\"Wilt u een sleutelkluis bevestigen? Onze experts helpen u hier graag bij. Bestel uw gewenste kluis en wij komen zo snel mogelijk langs voor de montage.\",\"breadcrumb\":{\"@id\":\"https:\\\/\\\/keybox.nl\\\/sleutelkluis-bevestigen\\\/#breadcrumb\"},\"inLanguage\":\"it-IT\",\"potentialAction\":[{\"@type\":\"ReadAction\",\"target\":[\"https:\\\/\\\/keybox.nl\\\/sleutelkluis-bevestigen\\\/\"]}]},{\"@type\":\"ImageObject\",\"inLanguage\":\"it-IT\",\"@id\":\"https:\\\/\\\/keybox.nl\\\/sleutelkluis-bevestigen\\\/#primaryimage\",\"url\":\"http:\\\/\\\/keybox.nl\\\/wp-content\\\/uploads\\\/2021\\\/12\\\/KSB103-KSB005-4-scaled.jpg\",\"contentUrl\":\"http:\\\/\\\/keybox.nl\\\/wp-content\\\/uploads\\\/2021\\\/12\\\/KSB103-KSB005-4-scaled.jpg\"},{\"@type\":\"BreadcrumbList\",\"@id\":\"https:\\\/\\\/keybox.nl\\\/sleutelkluis-bevestigen\\\/#breadcrumb\",\"itemListElement\":[{\"@type\":\"ListItem\",\"position\":1,\"name\":\"Home\",\"item\":\"https:\\\/\\\/keybox.nl\\\/\"},{\"@type\":\"ListItem\",\"position\":2,\"name\":\"sleutelkluis bevestigen\"}]},{\"@type\":\"WebSite\",\"@id\":\"https:\\\/\\\/keybox.nl\\\/#website\",\"url\":\"https:\\\/\\\/keybox.nl\\\/\",\"name\":\"\",\"description\":\"\",\"potentialAction\":[{\"@type\":\"SearchAction\",\"target\":{\"@type\":\"EntryPoint\",\"urlTemplate\":\"https:\\\/\\\/keybox.nl\\\/?s={search_term_string}\"},\"query-input\":{\"@type\":\"PropertyValueSpecification\",\"valueRequired\":true,\"valueName\":\"search_term_string\"}}],\"inLanguage\":\"it-IT\"}]}<\/script>\n<!-- \/ Yoast SEO plugin. -->","yoast_head_json":{"title":"Fissare correttamente una cassaforte per chiavi -","description":"Volete montare una cassaforte a chiave? I nostri esperti saranno lieti di aiutarvi. Ordinate la cassaforte che desiderate e verremo a montarla il prima possibile.","robots":{"index":"index","follow":"follow","max-snippet":"max-snippet:-1","max-image-preview":"max-image-preview:large","max-video-preview":"max-video-preview:-1"},"canonical":"https:\/\/keybox.nl\/it\/sleutelkluis-bevestigen\/","og_locale":"it_IT","og_type":"article","og_title":"Een sleutelkluis juist bevestigen -","og_description":"Wilt u een sleutelkluis bevestigen? Onze experts helpen u hier graag bij. Bestel uw gewenste kluis en wij komen zo snel mogelijk langs voor de montage.","og_url":"https:\/\/keybox.nl\/it\/sleutelkluis-bevestigen\/","article_modified_time":"2023-07-25T10:10:46+00:00","og_image":[{"url":"http:\/\/keybox.nl\/wp-content\/uploads\/2021\/12\/KSB103-KSB005-4-scaled.jpg","type":"","width":"","height":""}],"twitter_card":"summary_large_image","twitter_misc":{"Tempo di lettura stimato":"3 minuti"},"schema":{"@context":"https:\/\/schema.org","@graph":[{"@type":"WebPage","@id":"https:\/\/keybox.nl\/sleutelkluis-bevestigen\/","url":"https:\/\/keybox.nl\/sleutelkluis-bevestigen\/","name":"Fissare correttamente una cassaforte per chiavi -","isPartOf":{"@id":"https:\/\/keybox.nl\/#website"},"primaryImageOfPage":{"@id":"https:\/\/keybox.nl\/sleutelkluis-bevestigen\/#primaryimage"},"image":{"@id":"https:\/\/keybox.nl\/sleutelkluis-bevestigen\/#primaryimage"},"thumbnailUrl":"http:\/\/keybox.nl\/wp-content\/uploads\/2021\/12\/KSB103-KSB005-4-scaled.jpg","datePublished":"2023-07-20T12:13:27+00:00","dateModified":"2023-07-25T10:10:46+00:00","description":"Volete montare una cassaforte a chiave? I nostri esperti saranno lieti di aiutarvi. Ordinate la cassaforte che desiderate e verremo a montarla il prima possibile.","breadcrumb":{"@id":"https:\/\/keybox.nl\/sleutelkluis-bevestigen\/#breadcrumb"},"inLanguage":"it-IT","potentialAction":[{"@type":"ReadAction","target":["https:\/\/keybox.nl\/sleutelkluis-bevestigen\/"]}]},{"@type":"ImageObject","inLanguage":"it-IT","@id":"https:\/\/keybox.nl\/sleutelkluis-bevestigen\/#primaryimage","url":"http:\/\/keybox.nl\/wp-content\/uploads\/2021\/12\/KSB103-KSB005-4-scaled.jpg","contentUrl":"http:\/\/keybox.nl\/wp-content\/uploads\/2021\/12\/KSB103-KSB005-4-scaled.jpg"},{"@type":"BreadcrumbList","@id":"https:\/\/keybox.nl\/sleutelkluis-bevestigen\/#breadcrumb","itemListElement":[{"@type":"ListItem","position":1,"name":"Home","item":"https:\/\/keybox.nl\/"},{"@type":"ListItem","position":2,"name":"sleutelkluis bevestigen"}]},{"@type":"WebSite","@id":"https:\/\/keybox.nl\/#website","url":"https:\/\/keybox.nl\/","name":"","description":"","potentialAction":[{"@type":"SearchAction","target":{"@type":"EntryPoint","urlTemplate":"https:\/\/keybox.nl\/?s={search_term_string}"},"query-input":{"@type":"PropertyValueSpecification","valueRequired":true,"valueName":"search_term_string"}}],"inLanguage":"it-IT"}]}},"jetpack-related-posts":[{"id":1509,"url":"https:\/\/keybox.nl\/it\/digitaal-sleutelbeheersysteem\/","url_meta":{"origin":1507,"position":0},"title":"sistema di gestione delle chiavi digitali","author":"Keybox@beheermodule","date":"20 Luglio 2023","format":false,"excerpt":"Sistema di gestione delle chiavi digitali Nel webshop! \u2713 Facile da usare \u2713 Resistente e sicuro \u2713 Vari modelli Siete interessati a un sistema di gestione digitale delle chiavi? Allora il nostro Digibox con sette ganci per chiavi \u00e8 esattamente quello che state cercando. Grazie a questo ingegnoso sistema, potrete gestire le chiavi della vostra azienda in modo sicuro e preciso....","rel":"","context":"Articolo simile","block_context":{"text":"Articolo simile","link":""},"img":{"alt_text":"Digibox Ral 5010 Keybox","src":"https:\/\/i0.wp.com\/keybox.nl\/wp-content\/uploads\/2022\/02\/digibox-keybox-RAL-5010.jpg?resize=350%2C200&ssl=1","width":350,"height":200,"srcset":"https:\/\/i0.wp.com\/keybox.nl\/wp-content\/uploads\/2022\/02\/digibox-keybox-RAL-5010.jpg?resize=350%2C200&ssl=1 1x, https:\/\/i0.wp.com\/keybox.nl\/wp-content\/uploads\/2022\/02\/digibox-keybox-RAL-5010.jpg?resize=525%2C300&ssl=1 1.5x, https:\/\/i0.wp.com\/keybox.nl\/wp-content\/uploads\/2022\/02\/digibox-keybox-RAL-5010.jpg?resize=700%2C400&ssl=1 2x, https:\/\/i0.wp.com\/keybox.nl\/wp-content\/uploads\/2022\/02\/digibox-keybox-RAL-5010.jpg?resize=1050%2C600&ssl=1 3x, https:\/\/i0.wp.com\/keybox.nl\/wp-content\/uploads\/2022\/02\/digibox-keybox-RAL-5010.jpg?resize=1400%2C800&ssl=1 4x"},"classes":[]},{"id":1528,"url":"https:\/\/keybox.nl\/it\/elektronische-sleutelkluis-kopen\/","url_meta":{"origin":1507,"position":1},"title":"chiave elettronica-acquisto sicuro","author":"Keybox@beheermodule","date":"20 Luglio 2023","format":false,"excerpt":"Acquistate una cassaforte a chiave elettronica sul webshop! \u2713 Facile da usare \u2713 Resistente e sicura \u2713 Vari modelli L'acquisto di una cassaforte elettronica per chiavi \u00e8 il primo passo per garantire la sicurezza della vostra azienda o della vostra casa. Keybox.it vi offre la soluzione pi\u00f9 adatta alle vostre esigenze. Queste casseforti...","rel":"","context":"Articolo simile","block_context":{"text":"Articolo simile","link":""},"img":{"alt_text":"","src":"https:\/\/i0.wp.com\/keybox.nl\/wp-content\/uploads\/2023\/02\/Keysafe-Big-Pro-sleutelkastje_keybox.jpeg?resize=350%2C200&ssl=1","width":350,"height":200,"srcset":"https:\/\/i0.wp.com\/keybox.nl\/wp-content\/uploads\/2023\/02\/Keysafe-Big-Pro-sleutelkastje_keybox.jpeg?resize=350%2C200&ssl=1 1x, https:\/\/i0.wp.com\/keybox.nl\/wp-content\/uploads\/2023\/02\/Keysafe-Big-Pro-sleutelkastje_keybox.jpeg?resize=525%2C300&ssl=1 1.5x, https:\/\/i0.wp.com\/keybox.nl\/wp-content\/uploads\/2023\/02\/Keysafe-Big-Pro-sleutelkastje_keybox.jpeg?resize=700%2C400&ssl=1 2x"},"classes":[]},{"id":1527,"url":"https:\/\/keybox.nl\/it\/advies-sleutelkluis-opvragen\/","url_meta":{"origin":1507,"position":2},"title":"consiglio-chiave richiesta sicura","author":"Keybox@beheermodule","date":"20 Luglio 2023","format":false,"excerpt":"Richiedi una consulenza su una cassaforte per chiavi Al webshop! \u2713 Facile da usare \u2713 Resistente e sicura \u2713 Vari modelli Richiedere una consulenza su una cassaforte per chiavi \u00e8 il primo passo verso un ambiente aziendale pi\u00f9 sicuro. La scelta della giusta cassaforte per chiavi pu\u00f2 essere un compito complesso, data la diversit\u00e0 e le innovazioni tecnologiche. Noi di Keybox.it comprendiamo...","rel":"","context":"Articolo simile","block_context":{"text":"Articolo simile","link":""},"img":{"alt_text":"","src":"https:\/\/i0.wp.com\/keybox.nl\/wp-content\/uploads\/2023\/02\/Keysafe-Big-Pro-sleutelkastje_keybox.jpeg?resize=350%2C200&ssl=1","width":350,"height":200,"srcset":"https:\/\/i0.wp.com\/keybox.nl\/wp-content\/uploads\/2023\/02\/Keysafe-Big-Pro-sleutelkastje_keybox.jpeg?resize=350%2C200&ssl=1 1x, https:\/\/i0.wp.com\/keybox.nl\/wp-content\/uploads\/2023\/02\/Keysafe-Big-Pro-sleutelkastje_keybox.jpeg?resize=525%2C300&ssl=1 1.5x, https:\/\/i0.wp.com\/keybox.nl\/wp-content\/uploads\/2023\/02\/Keysafe-Big-Pro-sleutelkastje_keybox.jpeg?resize=700%2C400&ssl=1 2x"},"classes":[]},{"id":1506,"url":"https:\/\/keybox.nl\/it\/sleutelkluis-buiten\/","url_meta":{"origin":1507,"position":3},"title":"cassaforte a chiave esterna","author":"Keybox@beheermodule","date":"20 Luglio 2023","format":false,"excerpt":"Cassaforte per chiavi da esterno Nel webshop! \u2713 Facile da usare \u2713 Resistente e sicura \u2713 Vari modelli Una cassetta di sicurezza per chiavi da esterno \u00e8 un elemento essenziale per un'efficiente gestione dei diritti di accesso, sia che si tratti di un'azienda, di un proprietario o semplicemente di un luogo sicuro per le chiavi di riserva. Noi di Keybox.it comprendiamo...","rel":"","context":"Articolo simile","block_context":{"text":"Articolo simile","link":""},"img":{"alt_text":"kluis peugeot","src":"https:\/\/i0.wp.com\/keybox.nl\/wp-content\/uploads\/2022\/02\/KSB007-Peugeot-scaled-e1643751089776.jpg?resize=350%2C200&ssl=1","width":350,"height":200,"srcset":"https:\/\/i0.wp.com\/keybox.nl\/wp-content\/uploads\/2022\/02\/KSB007-Peugeot-scaled-e1643751089776.jpg?resize=350%2C200&ssl=1 1x, https:\/\/i0.wp.com\/keybox.nl\/wp-content\/uploads\/2022\/02\/KSB007-Peugeot-scaled-e1643751089776.jpg?resize=525%2C300&ssl=1 1.5x"},"classes":[]},{"id":546,"url":"https:\/\/keybox.nl\/it\/inbouwkluisjes-kopen\/","url_meta":{"origin":1507,"position":4},"title":"Acquistare casseforti a incasso","author":"Keybox@beheermodule","date":"11 Marzo 2022","format":false,"excerpt":"Acquistate le robuste casseforti a incasso nel webshop! \u2713 Facili da usare \u2713 Robuste e sicure \u2713 Vari modelli Volete acquistare casseforti a muro per la vostra attivit\u00e0? Il nostro negozio web offre diversi modelli di casseforti da installare a parete. Poich\u00e9 il sistema \u00e8 inserito nella parete, non pu\u00f2 essere portato via ed \u00e8...","rel":"","context":"Articolo simile","block_context":{"text":"Articolo simile","link":""},"img":{"alt_text":"","src":"https:\/\/i0.wp.com\/keybox.nl\/wp-content\/uploads\/2021\/12\/KSB_102_1-e1638478691321.jpg?resize=350%2C200&ssl=1","width":350,"height":200,"srcset":"https:\/\/i0.wp.com\/keybox.nl\/wp-content\/uploads\/2021\/12\/KSB_102_1-e1638478691321.jpg?resize=350%2C200&ssl=1 1x, https:\/\/i0.wp.com\/keybox.nl\/wp-content\/uploads\/2021\/12\/KSB_102_1-e1638478691321.jpg?resize=525%2C300&ssl=1 1.5x, https:\/\/i0.wp.com\/keybox.nl\/wp-content\/uploads\/2021\/12\/KSB_102_1-e1638478691321.jpg?resize=700%2C400&ssl=1 2x"},"classes":[]},{"id":1529,"url":"https:\/\/keybox.nl\/it\/sleutelhaken-kopen\/","url_meta":{"origin":1507,"position":5},"title":"ganci-chiave-acquista","author":"Keybox@beheermodule","date":"20 Luglio 2023","format":false,"excerpt":"Acquistate al sicuro i ganci per chiavi nel webshop! \u2713 Facili da usare \u2713 Resistenti e sicuri \u2713 Vari modelli Siete alla ricerca di ganci per chiavi di qualit\u00e0 da acquistare per l'uso nella vostra attivit\u00e0? Allora prendete in considerazione l'acquisto di un armadietto portachiavi protetto in modo professionale. Dopo tutto, non volete che persone con intenzioni malevole...","rel":"","context":"Articolo simile","block_context":{"text":"Articolo simile","link":""},"img":{"alt_text":"","src":"https:\/\/i0.wp.com\/keybox.nl\/wp-content\/uploads\/2021\/12\/KSB_102_1-e1638478691321.jpg?resize=350%2C200&ssl=1","width":350,"height":200,"srcset":"https:\/\/i0.wp.com\/keybox.nl\/wp-content\/uploads\/2021\/12\/KSB_102_1-e1638478691321.jpg?resize=350%2C200&ssl=1 1x, https:\/\/i0.wp.com\/keybox.nl\/wp-content\/uploads\/2021\/12\/KSB_102_1-e1638478691321.jpg?resize=525%2C300&ssl=1 1.5x, https:\/\/i0.wp.com\/keybox.nl\/wp-content\/uploads\/2021\/12\/KSB_102_1-e1638478691321.jpg?resize=700%2C400&ssl=1 2x"},"classes":[]}],"jetpack_sharing_enabled":true,"_links":{"self":[{"href":"https:\/\/keybox.nl\/it\/wp-json\/wp\/v2\/pages\/1507","targetHints":{"allow":["GET"]}}],"collection":[{"href":"https:\/\/keybox.nl\/it\/wp-json\/wp\/v2\/pages"}],"about":[{"href":"https:\/\/keybox.nl\/it\/wp-json\/wp\/v2\/types\/page"}],"author":[{"embeddable":true,"href":"https:\/\/keybox.nl\/it\/wp-json\/wp\/v2\/users\/1"}],"replies":[{"embeddable":true,"href":"https:\/\/keybox.nl\/it\/wp-json\/wp\/v2\/comments?post=1507"}],"version-history":[{"count":7,"href":"https:\/\/keybox.nl\/it\/wp-json\/wp\/v2\/pages\/1507\/revisions"}],"predecessor-version":[{"id":1660,"href":"https:\/\/keybox.nl\/it\/wp-json\/wp\/v2\/pages\/1507\/revisions\/1660"}],"wp:attachment":[{"href":"https:\/\/keybox.nl\/it\/wp-json\/wp\/v2\/media?parent=1507"}],"curies":[{"name":"wp","href":"https:\/\/api.w.org\/{rel}","templated":true}]}}