{"id":1506,"date":"2023-07-20T12:13:17","date_gmt":"2023-07-20T12:13:17","guid":{"rendered":"http:\/\/keybox.nl\/?page_id=1506"},"modified":"2023-07-25T10:25:43","modified_gmt":"2023-07-25T10:25:43","slug":"sleutelkluis-buiten","status":"publish","type":"page","link":"https:\/\/keybox.nl\/it\/sleutelkluis-buiten\/","title":{"rendered":"cassaforte a chiave esterna"},"content":{"rendered":"<div class=\"wp-block-cover alignfull\" style=\"min-height:200px;aspect-ratio:unset;\"><span aria-hidden=\"true\" class=\"wp-block-cover__background has-background-dim-60 has-background-dim\"><\/span><img decoding=\"async\" width=\"1920\" height=\"2560\" class=\"wp-block-cover__image-background wp-image-126\" alt=\"Kluis\" src=\"http:\/\/keybox.nl\/wp-content\/uploads\/2021\/12\/KSB103-KSB005-4-scaled.jpg\" style=\"object-position:50% 50%\" data-object-fit=\"cover\" data-object-position=\"50% 50%\" srcset=\"https:\/\/keybox.nl\/wp-content\/uploads\/2021\/12\/KSB103-KSB005-4-scaled.jpg 1920w, https:\/\/keybox.nl\/wp-content\/uploads\/2021\/12\/KSB103-KSB005-4-416x555.jpg 416w, https:\/\/keybox.nl\/wp-content\/uploads\/2021\/12\/KSB103-KSB005-4-225x300.jpg 225w, https:\/\/keybox.nl\/wp-content\/uploads\/2021\/12\/KSB103-KSB005-4-768x1024.jpg 768w, https:\/\/keybox.nl\/wp-content\/uploads\/2021\/12\/KSB103-KSB005-4-1152x1536.jpg 1152w, https:\/\/keybox.nl\/wp-content\/uploads\/2021\/12\/KSB103-KSB005-4-1536x2048.jpg 1536w, https:\/\/keybox.nl\/wp-content\/uploads\/2021\/12\/KSB103-KSB005-4-1320x1760.jpg 1320w\" sizes=\"(max-width: 1920px) 100vw, 1920px\" \/><div class=\"wp-block-cover__inner-container is-layout-flow wp-block-cover-is-layout-flow\">\n<h1 class=\"wp-block-heading alignwide has-text-align-left has-white-color has-text-color\" style=\"font-size:40px\">Cassaforte per chiavi da esterno<\/h1>\n\n\n\n<div class=\"wp-block-columns alignwide is-layout-flex wp-container-core-columns-is-layout-28f84493 wp-block-columns-is-layout-flex\">\n<div class=\"wp-block-column is-layout-flow wp-block-column-is-layout-flow\" style=\"flex-basis:55%\">\n<div class=\"wp-block-buttons is-layout-flex wp-block-buttons-is-layout-flex\">\n<div class=\"wp-block-button cta-knop alignleft\"><a class=\"wp-block-button__link has-black-color has-white-background-color has-text-color has-background wp-element-button\" href=\"http:\/\/keybox.nl\/it\/\">Al webshop!<\/a><\/div>\n<\/div>\n<\/div>\n<\/div>\n<\/div><\/div>\n\n\n\n<div style=\"height:50px\" aria-hidden=\"true\" class=\"wp-block-spacer\"><\/div>\n\n\n\n<div class=\"wp-block-group alignfull is-content-justification-center is-layout-flex wp-container-core-group-is-layout-81a7f686 wp-block-group-is-layout-flex\">\n<p class=\"usps has-normal-font-size\">\u2713 Facile da usare<\/p>\n\n\n\n<p>\u2713 Resistente e sicuro<\/p>\n\n\n\n<p>\u2713 Vari modelli<\/p>\n<\/div>\n\n\n\n<style>\nh1.entry-title {\ndisplay:none;\n}\n.cta-knop {\nmargin-left: 35px !important;\n}\n\n.cta-knop:hover {\nopacity: 0.75;\n}\n\n@media only screen and (max-width: 1064px) {\n.cta-knop {\nmargin-left: 0px !important;\n}\n\n.wp-block-group.alignfull {\n    display: flex;\n    flex-direction: column;\n}\n}\n<\/style>\n\n\n\n<div style=\"height:100px\" aria-hidden=\"true\" class=\"wp-block-spacer\"><\/div>\n\n\n\n<p class=\"has-text-align-left align-left has-black-color has-text-color has-normal-font-size\">Una cassetta di sicurezza per chiavi da esterno \u00e8 un elemento essenziale per una gestione efficiente dei diritti di accesso, sia che si tratti di un'azienda, di un proprietario o semplicemente di un luogo sicuro per le chiavi di riserva. Noi di Keybox.it comprendiamo la necessit\u00e0 di soluzioni robuste, resistenti alle intemperie e affidabili per la custodia delle chiavi. Ecco perch\u00e9 offriamo una gamma di casseforti per chiavi da montare all'esterno.<\/p>\n\n\n\n<div style=\"height:100px\" aria-hidden=\"true\" class=\"wp-block-spacer\"><\/div>\n\n\n\n<div class=\"wp-block-group is-content-justification-center is-layout-flex wp-container-core-group-is-layout-81a7f686 wp-block-group-is-layout-flex\">\n<div class=\"wp-block-media-text alignwide is-stacked-on-mobile is-vertically-aligned-center\" style=\"grid-template-columns:40% auto\"><figure class=\"wp-block-media-text__media\"><img decoding=\"async\" width=\"768\" height=\"1024\" src=\"http:\/\/keybox.nl\/wp-content\/uploads\/2022\/02\/KSB007-Peugeot-768x1024.jpg\" alt=\"kluis peugeot\" class=\"wp-image-242 size-full\"\/><\/figure><div class=\"wp-block-media-text__content\">\n<h2 class=\"wp-block-heading\">I vantaggi di una cassaforte a chiave all'esterno della casa o dell'azienda<\/h2>\n\n\n\n<p>L'acquisto di una cassaforte per chiavi da esterno offre numerosi vantaggi. <a href=\"http:\/\/keybox.nl\/it\/\">Le nostre casseforti<\/a> sono stati progettati pensando all'usabilit\u00e0. Potete essere sicuri che le vostre chiavi siano conservate in modo sicuro ma facilmente accessibili. <a href=\"http:\/\/keybox.nl\/it\/sleutelkastjes-met-code-kopen\/\">per codice<\/a>. Niente pi\u00f9 chiavi smarrite e niente pi\u00f9 chiavi di riserva accumulate nei cassetti! Inoltre, le nostre casseforti per chiavi sono progettate per resistere alle intemperie, il che le rende una scelta perfetta per l'installazione all'esterno. E se siete preoccupati per l'installazione, vi offriamo un servizio di <a href=\"http:\/\/keybox.nl\/it\/montage-installatie\/\">servizio di installazione professionale<\/a> Per distrarsi dalle preoccupazioni. Scegliete la sicurezza, la convenienza e la tranquillit\u00e0 con le nostre casseforti per chiavi da esterno.<\/p>\n<\/div><\/div>\n<\/div>\n\n\n\n<div style=\"height:100px\" aria-hidden=\"true\" class=\"wp-block-spacer\"><\/div>\n\n\n\n<h2 class=\"wp-block-heading has-text-align-center\"><strong>Volete una cassaforte per chiavi da esterno?<\/strong><\/h2>\n\n\n\n<div class=\"wp-block-buttons is-content-justification-center is-layout-flex wp-container-core-buttons-is-layout-a89b3969 wp-block-buttons-is-layout-flex\">\n<div class=\"wp-block-button is-style-outline is-style-outline--1\"><a class=\"wp-block-button__link wp-element-button\" href=\"http:\/\/keybox.nl\/it\/\">Visualizza il negozio online<\/a><\/div>\n<\/div>\n\n\n\n<div style=\"height:100px\" aria-hidden=\"true\" class=\"wp-block-spacer\"><\/div>\n\n\n\n<div class=\"wp-block-group is-content-justification-center is-layout-flex wp-container-core-group-is-layout-81a7f686 wp-block-group-is-layout-flex\">\n<div class=\"wp-block-media-text alignwide has-media-on-the-right is-stacked-on-mobile is-vertically-aligned-center\" style=\"grid-template-columns:auto 40%\"><div class=\"wp-block-media-text__content\">\n<h3 class=\"wp-block-heading has-text-color\" style=\"color:#000000;font-size:32px\"><strong>Visitate il nostro negozio online ed effettuate l'ordine<\/strong><\/h3>\n\n\n\n<p class=\"has-text-color has-normal-font-size\" style=\"color:#000000\">Agite subito e migliorate la sicurezza e l'efficienza della vostra gestione delle chiavi. Sfogliate il nostro webshop e scegliete la cassaforte per chiavi da esterno perfetta per le vostre esigenze. Se sentite il bisogno di vedere i nostri prodotti dal vivo, <a href=\"http:\/\/keybox.nl\/it\/contact\/\">fissare un appuntamento<\/a> Per visitare il nostro showroom di Bussum. Offriamo sia <a href=\"http:\/\/keybox.nl\/it\/kluis-kopen-voor-thuis\/\">casseforti per la casa<\/a> come caveau per le aziende. Nessuna sfida \u00e8 troppo grande per noi!<\/p>\n<\/div><figure class=\"wp-block-media-text__media\"><img decoding=\"async\" width=\"768\" height=\"1024\" src=\"http:\/\/keybox.nl\/wp-content\/uploads\/2021\/12\/KSB103-KSB005-2-768x1024.jpg\" alt=\"Banner\" class=\"wp-image-133 size-full\"\/><\/figure><\/div>\n<\/div>\n\n\n\n<div style=\"height:50px\" aria-hidden=\"true\" class=\"wp-block-spacer\"><\/div>\n\n\n\n<h2 class=\"wp-block-heading alignwide has-text-align-left form-titel\"><strong>Avete domande sulla sicurezza?<\/strong><\/h2>\n\n\n<div class=\"wp-block-jetpack-contact-form alignwide is-layout-flex wp-container-jetpack-contact-form-is-layout-2b4208ba wp-block-jetpack-contact-form-is-layout-flex\"><a href=\"https:\/\/keybox.nl\/it\/sleutelkluis-buiten\/\" target=\"_blank\" rel=\"noopener noreferrer\">Inviare un modulo.<\/a><\/div>\n\n\n<p><\/p>","protected":false},"excerpt":{"rendered":"<p>\u2713 Gebruiksvriendelijk \u2713 Bestendig en veilig \u2713 Diverse modellen Een sleutelkluis buiten is een essentieel onderdeel van een effici\u00ebnt beheer van toegangsrechten, of u nu een bedrijf runt, een verhuurder bent of gewoon een veilige plek nodig heeft voor uw reservesleutels. Bij Keybox.nl begrijpen we de noodzaak van robuuste, weerbestendige en betrouwbare oplossingen voor het [&hellip;]<\/p>\n","protected":false},"author":1,"featured_media":0,"parent":0,"menu_order":0,"comment_status":"closed","ping_status":"closed","template":"template-fullwidth.php","meta":{"footnotes":""},"class_list":["post-1506","page","type-page","status-publish","hentry"],"yoast_head":"<!-- This site is optimized with the Yoast SEO plugin v27.4 - https:\/\/yoast.com\/product\/yoast-seo-wordpress\/ -->\n<title>Een kluis met cijferslot bestellen voor extra veiligheid -<\/title>\n<meta name=\"description\" content=\"Een cijferslot op uw kluis is bijzonder veilig wanneer u een goede kluis wilt bestellen. Bekijk al onze handige kluizen hier en maak uw keuze!\" \/>\n<meta name=\"robots\" content=\"index, follow, max-snippet:-1, max-image-preview:large, max-video-preview:-1\" \/>\n<link rel=\"canonical\" href=\"https:\/\/keybox.nl\/it\/sleutelkluis-buiten\/\" \/>\n<meta property=\"og:locale\" content=\"it_IT\" \/>\n<meta property=\"og:type\" content=\"article\" \/>\n<meta property=\"og:title\" content=\"Een kluis met cijferslot bestellen voor extra veiligheid -\" \/>\n<meta property=\"og:description\" content=\"Een cijferslot op uw kluis is bijzonder veilig wanneer u een goede kluis wilt bestellen. Bekijk al onze handige kluizen hier en maak uw keuze!\" \/>\n<meta property=\"og:url\" content=\"https:\/\/keybox.nl\/it\/sleutelkluis-buiten\/\" \/>\n<meta property=\"article:modified_time\" content=\"2023-07-25T10:25:43+00:00\" \/>\n<meta property=\"og:image\" content=\"http:\/\/keybox.nl\/wp-content\/uploads\/2021\/12\/KSB103-KSB005-4-scaled.jpg\" \/>\n<meta name=\"twitter:card\" content=\"summary_large_image\" \/>\n<meta name=\"twitter:label1\" content=\"Tempo di lettura stimato\" \/>\n\t<meta name=\"twitter:data1\" content=\"2 minuti\" \/>\n<script type=\"application\/ld+json\" class=\"yoast-schema-graph\">{\"@context\":\"https:\\\/\\\/schema.org\",\"@graph\":[{\"@type\":\"WebPage\",\"@id\":\"https:\\\/\\\/keybox.nl\\\/sleutelkluis-buiten\\\/\",\"url\":\"https:\\\/\\\/keybox.nl\\\/sleutelkluis-buiten\\\/\",\"name\":\"Een kluis met cijferslot bestellen voor extra veiligheid -\",\"isPartOf\":{\"@id\":\"https:\\\/\\\/keybox.nl\\\/#website\"},\"primaryImageOfPage\":{\"@id\":\"https:\\\/\\\/keybox.nl\\\/sleutelkluis-buiten\\\/#primaryimage\"},\"image\":{\"@id\":\"https:\\\/\\\/keybox.nl\\\/sleutelkluis-buiten\\\/#primaryimage\"},\"thumbnailUrl\":\"http:\\\/\\\/keybox.nl\\\/wp-content\\\/uploads\\\/2021\\\/12\\\/KSB103-KSB005-4-scaled.jpg\",\"datePublished\":\"2023-07-20T12:13:17+00:00\",\"dateModified\":\"2023-07-25T10:25:43+00:00\",\"description\":\"Een cijferslot op uw kluis is bijzonder veilig wanneer u een goede kluis wilt bestellen. Bekijk al onze handige kluizen hier en maak uw keuze!\",\"breadcrumb\":{\"@id\":\"https:\\\/\\\/keybox.nl\\\/sleutelkluis-buiten\\\/#breadcrumb\"},\"inLanguage\":\"it-IT\",\"potentialAction\":[{\"@type\":\"ReadAction\",\"target\":[\"https:\\\/\\\/keybox.nl\\\/sleutelkluis-buiten\\\/\"]}]},{\"@type\":\"ImageObject\",\"inLanguage\":\"it-IT\",\"@id\":\"https:\\\/\\\/keybox.nl\\\/sleutelkluis-buiten\\\/#primaryimage\",\"url\":\"http:\\\/\\\/keybox.nl\\\/wp-content\\\/uploads\\\/2021\\\/12\\\/KSB103-KSB005-4-scaled.jpg\",\"contentUrl\":\"http:\\\/\\\/keybox.nl\\\/wp-content\\\/uploads\\\/2021\\\/12\\\/KSB103-KSB005-4-scaled.jpg\"},{\"@type\":\"BreadcrumbList\",\"@id\":\"https:\\\/\\\/keybox.nl\\\/sleutelkluis-buiten\\\/#breadcrumb\",\"itemListElement\":[{\"@type\":\"ListItem\",\"position\":1,\"name\":\"Home\",\"item\":\"https:\\\/\\\/keybox.nl\\\/\"},{\"@type\":\"ListItem\",\"position\":2,\"name\":\"sleutelkluis buiten\"}]},{\"@type\":\"WebSite\",\"@id\":\"https:\\\/\\\/keybox.nl\\\/#website\",\"url\":\"https:\\\/\\\/keybox.nl\\\/\",\"name\":\"\",\"description\":\"\",\"potentialAction\":[{\"@type\":\"SearchAction\",\"target\":{\"@type\":\"EntryPoint\",\"urlTemplate\":\"https:\\\/\\\/keybox.nl\\\/?s={search_term_string}\"},\"query-input\":{\"@type\":\"PropertyValueSpecification\",\"valueRequired\":true,\"valueName\":\"search_term_string\"}}],\"inLanguage\":\"it-IT\"}]}<\/script>\n<!-- \/ Yoast SEO plugin. -->","yoast_head_json":{"title":"Ordinate una cassaforte con serratura a combinazione per una maggiore sicurezza.","description":"La chiusura a combinazione della cassaforte \u00e8 particolarmente sicura quando si vuole ordinare una buona cassaforte. Scoprite qui tutte le nostre pratiche casseforti e fate la vostra scelta!","robots":{"index":"index","follow":"follow","max-snippet":"max-snippet:-1","max-image-preview":"max-image-preview:large","max-video-preview":"max-video-preview:-1"},"canonical":"https:\/\/keybox.nl\/it\/sleutelkluis-buiten\/","og_locale":"it_IT","og_type":"article","og_title":"Een kluis met cijferslot bestellen voor extra veiligheid -","og_description":"Een cijferslot op uw kluis is bijzonder veilig wanneer u een goede kluis wilt bestellen. Bekijk al onze handige kluizen hier en maak uw keuze!","og_url":"https:\/\/keybox.nl\/it\/sleutelkluis-buiten\/","article_modified_time":"2023-07-25T10:25:43+00:00","og_image":[{"url":"http:\/\/keybox.nl\/wp-content\/uploads\/2021\/12\/KSB103-KSB005-4-scaled.jpg","type":"","width":"","height":""}],"twitter_card":"summary_large_image","twitter_misc":{"Tempo di lettura stimato":"2 minuti"},"schema":{"@context":"https:\/\/schema.org","@graph":[{"@type":"WebPage","@id":"https:\/\/keybox.nl\/sleutelkluis-buiten\/","url":"https:\/\/keybox.nl\/sleutelkluis-buiten\/","name":"Ordinate una cassaforte con serratura a combinazione per una maggiore sicurezza.","isPartOf":{"@id":"https:\/\/keybox.nl\/#website"},"primaryImageOfPage":{"@id":"https:\/\/keybox.nl\/sleutelkluis-buiten\/#primaryimage"},"image":{"@id":"https:\/\/keybox.nl\/sleutelkluis-buiten\/#primaryimage"},"thumbnailUrl":"http:\/\/keybox.nl\/wp-content\/uploads\/2021\/12\/KSB103-KSB005-4-scaled.jpg","datePublished":"2023-07-20T12:13:17+00:00","dateModified":"2023-07-25T10:25:43+00:00","description":"La chiusura a combinazione della cassaforte \u00e8 particolarmente sicura quando si vuole ordinare una buona cassaforte. Scoprite qui tutte le nostre pratiche casseforti e fate la vostra scelta!","breadcrumb":{"@id":"https:\/\/keybox.nl\/sleutelkluis-buiten\/#breadcrumb"},"inLanguage":"it-IT","potentialAction":[{"@type":"ReadAction","target":["https:\/\/keybox.nl\/sleutelkluis-buiten\/"]}]},{"@type":"ImageObject","inLanguage":"it-IT","@id":"https:\/\/keybox.nl\/sleutelkluis-buiten\/#primaryimage","url":"http:\/\/keybox.nl\/wp-content\/uploads\/2021\/12\/KSB103-KSB005-4-scaled.jpg","contentUrl":"http:\/\/keybox.nl\/wp-content\/uploads\/2021\/12\/KSB103-KSB005-4-scaled.jpg"},{"@type":"BreadcrumbList","@id":"https:\/\/keybox.nl\/sleutelkluis-buiten\/#breadcrumb","itemListElement":[{"@type":"ListItem","position":1,"name":"Home","item":"https:\/\/keybox.nl\/"},{"@type":"ListItem","position":2,"name":"sleutelkluis buiten"}]},{"@type":"WebSite","@id":"https:\/\/keybox.nl\/#website","url":"https:\/\/keybox.nl\/","name":"","description":"","potentialAction":[{"@type":"SearchAction","target":{"@type":"EntryPoint","urlTemplate":"https:\/\/keybox.nl\/?s={search_term_string}"},"query-input":{"@type":"PropertyValueSpecification","valueRequired":true,"valueName":"search_term_string"}}],"inLanguage":"it-IT"}]}},"jetpack-related-posts":[{"id":1527,"url":"https:\/\/keybox.nl\/it\/advies-sleutelkluis-opvragen\/","url_meta":{"origin":1506,"position":0},"title":"consiglio-chiave richiesta sicura","author":"Keybox@beheermodule","date":"20 Luglio 2023","format":false,"excerpt":"Richiedi una consulenza su una cassaforte per chiavi Al webshop! \u2713 Facile da usare \u2713 Resistente e sicura \u2713 Vari modelli Richiedere una consulenza su una cassaforte per chiavi \u00e8 il primo passo verso un ambiente aziendale pi\u00f9 sicuro. La scelta della giusta cassaforte per chiavi pu\u00f2 essere un compito complesso, data la diversit\u00e0 e le innovazioni tecnologiche. Noi di Keybox.it comprendiamo...","rel":"","context":"Articolo simile","block_context":{"text":"Articolo simile","link":""},"img":{"alt_text":"","src":"https:\/\/i0.wp.com\/keybox.nl\/wp-content\/uploads\/2023\/02\/Keysafe-Big-Pro-sleutelkastje_keybox.jpeg?resize=350%2C200&ssl=1","width":350,"height":200,"srcset":"https:\/\/i0.wp.com\/keybox.nl\/wp-content\/uploads\/2023\/02\/Keysafe-Big-Pro-sleutelkastje_keybox.jpeg?resize=350%2C200&ssl=1 1x, https:\/\/i0.wp.com\/keybox.nl\/wp-content\/uploads\/2023\/02\/Keysafe-Big-Pro-sleutelkastje_keybox.jpeg?resize=525%2C300&ssl=1 1.5x, https:\/\/i0.wp.com\/keybox.nl\/wp-content\/uploads\/2023\/02\/Keysafe-Big-Pro-sleutelkastje_keybox.jpeg?resize=700%2C400&ssl=1 2x"},"classes":[]},{"id":1507,"url":"https:\/\/keybox.nl\/it\/sleutelkluis-bevestigen\/","url_meta":{"origin":1506,"position":1},"title":"fissare la chiave di sicurezza","author":"Keybox@beheermodule","date":"20 Luglio 2023","format":false,"excerpt":"Fissare una cassaforte per chiavi Nel webshop! \u2713 Facile da usare \u2713 Resistente e sicura \u2713 Vari modelli Fissare una cassaforte per chiavi in modo sicuro non \u00e8 un lavoro semplice. Tuttavia, \u00e8 importante farlo correttamente in modo che la cassaforte sia saldamente fissata alla parete. Keybox.it \u00e8 lieto di fornirvi maggiori informazioni su...","rel":"","context":"Articolo simile","block_context":{"text":"Articolo simile","link":""},"img":{"alt_text":"Keysafe Big Pro","src":"https:\/\/i0.wp.com\/keybox.nl\/wp-content\/uploads\/2023\/02\/S7-Pro-Big-Box-Key-Safe.jpg?resize=350%2C200&ssl=1","width":350,"height":200,"srcset":"https:\/\/i0.wp.com\/keybox.nl\/wp-content\/uploads\/2023\/02\/S7-Pro-Big-Box-Key-Safe.jpg?resize=350%2C200&ssl=1 1x, https:\/\/i0.wp.com\/keybox.nl\/wp-content\/uploads\/2023\/02\/S7-Pro-Big-Box-Key-Safe.jpg?resize=525%2C300&ssl=1 1.5x, https:\/\/i0.wp.com\/keybox.nl\/wp-content\/uploads\/2023\/02\/S7-Pro-Big-Box-Key-Safe.jpg?resize=700%2C400&ssl=1 2x"},"classes":[]},{"id":1528,"url":"https:\/\/keybox.nl\/it\/elektronische-sleutelkluis-kopen\/","url_meta":{"origin":1506,"position":2},"title":"chiave elettronica-acquisto sicuro","author":"Keybox@beheermodule","date":"20 Luglio 2023","format":false,"excerpt":"Acquistate una cassaforte a chiave elettronica sul webshop! \u2713 Facile da usare \u2713 Resistente e sicura \u2713 Vari modelli L'acquisto di una cassaforte elettronica per chiavi \u00e8 il primo passo per garantire la sicurezza della vostra azienda o della vostra casa. Keybox.it vi offre la soluzione pi\u00f9 adatta alle vostre esigenze. Queste casseforti...","rel":"","context":"Articolo simile","block_context":{"text":"Articolo simile","link":""},"img":{"alt_text":"","src":"https:\/\/i0.wp.com\/keybox.nl\/wp-content\/uploads\/2023\/02\/Keysafe-Big-Pro-sleutelkastje_keybox.jpeg?resize=350%2C200&ssl=1","width":350,"height":200,"srcset":"https:\/\/i0.wp.com\/keybox.nl\/wp-content\/uploads\/2023\/02\/Keysafe-Big-Pro-sleutelkastje_keybox.jpeg?resize=350%2C200&ssl=1 1x, https:\/\/i0.wp.com\/keybox.nl\/wp-content\/uploads\/2023\/02\/Keysafe-Big-Pro-sleutelkastje_keybox.jpeg?resize=525%2C300&ssl=1 1.5x, https:\/\/i0.wp.com\/keybox.nl\/wp-content\/uploads\/2023\/02\/Keysafe-Big-Pro-sleutelkastje_keybox.jpeg?resize=700%2C400&ssl=1 2x"},"classes":[]},{"id":546,"url":"https:\/\/keybox.nl\/it\/inbouwkluisjes-kopen\/","url_meta":{"origin":1506,"position":3},"title":"Acquistare casseforti a incasso","author":"Keybox@beheermodule","date":"11 Marzo 2022","format":false,"excerpt":"Acquistate le robuste casseforti a incasso nel webshop! \u2713 Facili da usare \u2713 Robuste e sicure \u2713 Vari modelli Volete acquistare casseforti a muro per la vostra attivit\u00e0? Il nostro negozio web offre diversi modelli di casseforti da installare a parete. Poich\u00e9 il sistema \u00e8 inserito nella parete, non pu\u00f2 essere portato via ed \u00e8...","rel":"","context":"Articolo simile","block_context":{"text":"Articolo simile","link":""},"img":{"alt_text":"","src":"https:\/\/i0.wp.com\/keybox.nl\/wp-content\/uploads\/2021\/12\/KSB_102_1-e1638478691321.jpg?resize=350%2C200&ssl=1","width":350,"height":200,"srcset":"https:\/\/i0.wp.com\/keybox.nl\/wp-content\/uploads\/2021\/12\/KSB_102_1-e1638478691321.jpg?resize=350%2C200&ssl=1 1x, https:\/\/i0.wp.com\/keybox.nl\/wp-content\/uploads\/2021\/12\/KSB_102_1-e1638478691321.jpg?resize=525%2C300&ssl=1 1.5x, https:\/\/i0.wp.com\/keybox.nl\/wp-content\/uploads\/2021\/12\/KSB_102_1-e1638478691321.jpg?resize=700%2C400&ssl=1 2x"},"classes":[]},{"id":1529,"url":"https:\/\/keybox.nl\/it\/sleutelhaken-kopen\/","url_meta":{"origin":1506,"position":4},"title":"ganci-chiave-acquista","author":"Keybox@beheermodule","date":"20 Luglio 2023","format":false,"excerpt":"Acquistate al sicuro i ganci per chiavi nel webshop! \u2713 Facili da usare \u2713 Resistenti e sicuri \u2713 Vari modelli Siete alla ricerca di ganci per chiavi di qualit\u00e0 da acquistare per l'uso nella vostra attivit\u00e0? Allora prendete in considerazione l'acquisto di un armadietto portachiavi protetto in modo professionale. Dopo tutto, non volete che persone con intenzioni malevole...","rel":"","context":"Articolo simile","block_context":{"text":"Articolo simile","link":""},"img":{"alt_text":"","src":"https:\/\/i0.wp.com\/keybox.nl\/wp-content\/uploads\/2021\/12\/KSB_102_1-e1638478691321.jpg?resize=350%2C200&ssl=1","width":350,"height":200,"srcset":"https:\/\/i0.wp.com\/keybox.nl\/wp-content\/uploads\/2021\/12\/KSB_102_1-e1638478691321.jpg?resize=350%2C200&ssl=1 1x, https:\/\/i0.wp.com\/keybox.nl\/wp-content\/uploads\/2021\/12\/KSB_102_1-e1638478691321.jpg?resize=525%2C300&ssl=1 1.5x, https:\/\/i0.wp.com\/keybox.nl\/wp-content\/uploads\/2021\/12\/KSB_102_1-e1638478691321.jpg?resize=700%2C400&ssl=1 2x"},"classes":[]},{"id":1509,"url":"https:\/\/keybox.nl\/it\/digitaal-sleutelbeheersysteem\/","url_meta":{"origin":1506,"position":5},"title":"sistema di gestione delle chiavi digitali","author":"Keybox@beheermodule","date":"20 Luglio 2023","format":false,"excerpt":"Sistema di gestione delle chiavi digitali Nel webshop! \u2713 Facile da usare \u2713 Resistente e sicuro \u2713 Vari modelli Siete interessati a un sistema di gestione digitale delle chiavi? Allora il nostro Digibox con sette ganci per chiavi \u00e8 esattamente quello che state cercando. Grazie a questo ingegnoso sistema, potrete gestire le chiavi della vostra azienda in modo sicuro e preciso....","rel":"","context":"Articolo simile","block_context":{"text":"Articolo simile","link":""},"img":{"alt_text":"Digibox Ral 5010 Keybox","src":"https:\/\/i0.wp.com\/keybox.nl\/wp-content\/uploads\/2022\/02\/digibox-keybox-RAL-5010.jpg?resize=350%2C200&ssl=1","width":350,"height":200,"srcset":"https:\/\/i0.wp.com\/keybox.nl\/wp-content\/uploads\/2022\/02\/digibox-keybox-RAL-5010.jpg?resize=350%2C200&ssl=1 1x, https:\/\/i0.wp.com\/keybox.nl\/wp-content\/uploads\/2022\/02\/digibox-keybox-RAL-5010.jpg?resize=525%2C300&ssl=1 1.5x, https:\/\/i0.wp.com\/keybox.nl\/wp-content\/uploads\/2022\/02\/digibox-keybox-RAL-5010.jpg?resize=700%2C400&ssl=1 2x, https:\/\/i0.wp.com\/keybox.nl\/wp-content\/uploads\/2022\/02\/digibox-keybox-RAL-5010.jpg?resize=1050%2C600&ssl=1 3x, https:\/\/i0.wp.com\/keybox.nl\/wp-content\/uploads\/2022\/02\/digibox-keybox-RAL-5010.jpg?resize=1400%2C800&ssl=1 4x"},"classes":[]}],"jetpack_sharing_enabled":true,"_links":{"self":[{"href":"https:\/\/keybox.nl\/it\/wp-json\/wp\/v2\/pages\/1506","targetHints":{"allow":["GET"]}}],"collection":[{"href":"https:\/\/keybox.nl\/it\/wp-json\/wp\/v2\/pages"}],"about":[{"href":"https:\/\/keybox.nl\/it\/wp-json\/wp\/v2\/types\/page"}],"author":[{"embeddable":true,"href":"https:\/\/keybox.nl\/it\/wp-json\/wp\/v2\/users\/1"}],"replies":[{"embeddable":true,"href":"https:\/\/keybox.nl\/it\/wp-json\/wp\/v2\/comments?post=1506"}],"version-history":[{"count":7,"href":"https:\/\/keybox.nl\/it\/wp-json\/wp\/v2\/pages\/1506\/revisions"}],"predecessor-version":[{"id":1669,"href":"https:\/\/keybox.nl\/it\/wp-json\/wp\/v2\/pages\/1506\/revisions\/1669"}],"wp:attachment":[{"href":"https:\/\/keybox.nl\/it\/wp-json\/wp\/v2\/media?parent=1506"}],"curies":[{"name":"wp","href":"https:\/\/api.w.org\/{rel}","templated":true}]}}