{"id":1400,"date":"2023-02-16T10:58:47","date_gmt":"2023-02-16T10:58:47","guid":{"rendered":"http:\/\/keybox.nl\/?page_id=1400"},"modified":"2026-02-11T09:11:55","modified_gmt":"2026-02-11T09:11:55","slug":"montage-installatie","status":"publish","type":"page","link":"https:\/\/keybox.nl\/it\/montage-installatie\/","title":{"rendered":"Montaggio e installazione della cassaforte"},"content":{"rendered":"<p>Vuoi acquistare una cassaforte e farla installare professionalmente? Scegli Keybox.it<\/p>\n\n\n\n<p>A&nbsp;<strong>Keybox.it<\/strong>&nbsp;non solo per l'acquisto di una cassaforte, ma anche per l'acquisto di un'altra cassaforte.&nbsp;<strong>montaggio e installazione a regola d'arte della vostra cassaforte<\/strong>. Offriamo un servizio completo: dalla consulenza personale all'installazione professionale in loco. Questo garantisce la massima sicurezza e convenienza.<\/p>\n\n\n\n<h3 class=\"wp-block-heading\">Squadra di installazione esperta per il montaggio del caveau<\/h3>\n\n\n\n<p>Il nostro team di installazione interno ed esperto ha gi\u00e0&nbsp;<strong>innumerevoli casseforti montate e ancorate<\/strong>&nbsp;sia per i privati che per le aziende. Che si tratti di un&nbsp;<strong>cassaforte a prova di scasso, cassaforte ignifuga, cassaforte a pavimento o cassaforte per armi da fuoco<\/strong>, garantiamo un'installazione sicura e corretta secondo le norme vigenti.<\/p>\n\n\n\n<p>Installare correttamente una cassaforte \u00e8 essenziale per la sicurezza e per la validit\u00e0 di eventuali richieste di risarcimento assicurativo. Per questo motivo siamo lieti di fornirvi la nostra consulenza:<\/p>\n\n\n\n<ul class=\"wp-block-list\">\n<li>Posizionamento corretto della cassaforte<\/li>\n\n\n\n<li>Ancoraggio professionale a pavimento o a parete<\/li>\n\n\n\n<li>Installazione secondo le linee guida assicurative<\/li>\n\n\n\n<li>La soluzione migliore per la vostra situazione<\/li>\n<\/ul>\n\n\n\n<h3 class=\"wp-block-heading\">Installazione secondo i requisiti assicurativi (es. Bovemij)<\/h3>\n\n\n\n<p>In collaborazione con, tra gli altri\u00a0<strong>compagnia di assicurazione Bovemij<\/strong>\u00a0eseguiamo le installazioni in base ai loro requisiti specifici. Questo significa che qualsiasi danno \u00e8 completamente coperto e che voi\u00a0<strong>nessun eccesso<\/strong>\u00a0ha in caso di danni.<\/p>\n\n\n\n<h3 class=\"wp-block-heading\">Offerta totale per consegna e installazione<\/h3>\n\n\n\n<p>Siamo felici di fare un&nbsp;<strong>offerta totale per la consegna e l'installazione della vostra cassaforte<\/strong>. In questo modo saprete in anticipo a che punto siete e potrete contare su un unico interlocutore per l'intero processo.<\/p>\n\n\n\n<p>Volete acquistare una cassaforte con installazione professionale?<br>Allora contattate&nbsp;<strong>Keybox.it<\/strong>&nbsp;Per una consulenza esperta e un preventivo non vincolante.luis.<\/p>\n\n\n\n<h2 class=\"wp-block-heading has-text-align-center\"><strong>Siete interessati a ordinare una cassaforte da noi?<\/strong><\/h2>\n\n\n\n<div class=\"wp-block-buttons is-content-justification-center is-layout-flex wp-container-core-buttons-is-layout-a89b3969 wp-block-buttons-is-layout-flex\">\n<div class=\"wp-block-button is-style-outline is-style-outline--1\"><a class=\"wp-block-button__link wp-element-button\">Visualizza il negozio online<\/a><\/div>\n<\/div>\n\n\n\n<h3 class=\"wp-block-heading\">Richiedi un preventivo non vincolante<\/h3>\n\n\n\n<p>Siete interessati a uno dei nostri <a href=\"http:\/\/keybox.nl\/it\/inbraakwerende-kluis-kopen\/\">casseforti a prova di scasso<\/a> e volete affidare il montaggio della vostra cassaforte ai nostri esperti? Allora richiedete un preventivo non vincolante o fissate un appuntamento con noi a Bussum per <a href=\"http:\/\/keybox.nl\/it\/advies-sleutelkluis-opvragen\/\">ottenere una consulenza per la vostra cassaforte a chiave<\/a>. Potete raggiungerci via <a href=\"http:\/\/keybox.nl\/it\/contact\/\">modulo di contatto<\/a> o chiamando <a href=\"tel:0031355330658\">+31 355330658<\/a>.<\/p>\n\n\n<div class=\"wp-block-image\">\n<figure class=\"alignleft size-full is-resized\"><img decoding=\"async\" width=\"900\" height=\"364\" src=\"http:\/\/keybox.nl\/wp-content\/uploads\/2023\/02\/Bestelbus-keybox.jpg\" alt=\"Servicewage Keysecuritybox\" class=\"wp-image-1407\" style=\"width:554px;height:223px\" srcset=\"https:\/\/keybox.nl\/wp-content\/uploads\/2023\/02\/Bestelbus-keybox.jpg 900w, https:\/\/keybox.nl\/wp-content\/uploads\/2023\/02\/Bestelbus-keybox-416x168.jpg 416w, https:\/\/keybox.nl\/wp-content\/uploads\/2023\/02\/Bestelbus-keybox-300x121.jpg 300w, https:\/\/keybox.nl\/wp-content\/uploads\/2023\/02\/Bestelbus-keybox-768x311.jpg 768w\" sizes=\"(max-width: 900px) 100vw, 900px\" \/><\/figure>\n<\/div>","protected":false},"excerpt":{"rendered":"<p>Kluis kopen \u00e9n professioneel laten installeren? Kies voor Keybox.nl Bij&nbsp;Keybox.nl&nbsp;kunt u niet alleen terecht voor het kopen van een kluis, maar ook voor de&nbsp;vakkundige montage en installatie van uw kluis. Wij bieden een complete service: van persoonlijk advies tot professionele plaatsing op locatie. Zo bent u verzekerd van maximale veiligheid \u00e9n gebruiksgemak. Ervaren installatieteam voor [&hellip;]<\/p>\n","protected":false},"author":1,"featured_media":0,"parent":0,"menu_order":0,"comment_status":"closed","ping_status":"closed","template":"","meta":{"footnotes":""},"class_list":["post-1400","page","type-page","status-publish","hentry"],"yoast_head":"<!-- This site is optimized with the Yoast SEO plugin v27.4 - https:\/\/yoast.com\/product\/yoast-seo-wordpress\/ -->\n<title>Montage van uw nieuwe kluis -<\/title>\n<meta name=\"description\" content=\"Wanneer u bij ons een kluis aankoopt, verzorgen wij ook de montage. Schakel ons ervaren installatieteam in voor de installatie en loop geen enkel risico.\" \/>\n<meta name=\"robots\" content=\"index, follow, max-snippet:-1, max-image-preview:large, max-video-preview:-1\" \/>\n<link rel=\"canonical\" href=\"https:\/\/keybox.nl\/it\/montage-installatie\/\" \/>\n<meta property=\"og:locale\" content=\"it_IT\" \/>\n<meta property=\"og:type\" content=\"article\" \/>\n<meta property=\"og:title\" content=\"Montage van uw nieuwe kluis -\" \/>\n<meta property=\"og:description\" content=\"Wanneer u bij ons een kluis aankoopt, verzorgen wij ook de montage. Schakel ons ervaren installatieteam in voor de installatie en loop geen enkel risico.\" \/>\n<meta property=\"og:url\" content=\"https:\/\/keybox.nl\/it\/montage-installatie\/\" \/>\n<meta property=\"article:modified_time\" content=\"2026-02-11T09:11:55+00:00\" \/>\n<meta property=\"og:image\" content=\"https:\/\/keybox.nl\/wp-content\/uploads\/2023\/02\/Bestelbus-keybox.jpg\" \/>\n\t<meta property=\"og:image:width\" content=\"900\" \/>\n\t<meta property=\"og:image:height\" content=\"364\" \/>\n\t<meta property=\"og:image:type\" content=\"image\/jpeg\" \/>\n<meta name=\"twitter:card\" content=\"summary_large_image\" \/>\n<meta name=\"twitter:label1\" content=\"Tempo di lettura stimato\" \/>\n\t<meta name=\"twitter:data1\" content=\"2 minuti\" \/>\n<script type=\"application\/ld+json\" class=\"yoast-schema-graph\">{\"@context\":\"https:\\\/\\\/schema.org\",\"@graph\":[{\"@type\":\"WebPage\",\"@id\":\"https:\\\/\\\/keybox.nl\\\/montage-installatie\\\/\",\"url\":\"https:\\\/\\\/keybox.nl\\\/montage-installatie\\\/\",\"name\":\"Montage van uw nieuwe kluis -\",\"isPartOf\":{\"@id\":\"https:\\\/\\\/keybox.nl\\\/#website\"},\"primaryImageOfPage\":{\"@id\":\"https:\\\/\\\/keybox.nl\\\/montage-installatie\\\/#primaryimage\"},\"image\":{\"@id\":\"https:\\\/\\\/keybox.nl\\\/montage-installatie\\\/#primaryimage\"},\"thumbnailUrl\":\"http:\\\/\\\/keybox.nl\\\/wp-content\\\/uploads\\\/2023\\\/02\\\/Bestelbus-keybox.jpg\",\"datePublished\":\"2023-02-16T10:58:47+00:00\",\"dateModified\":\"2026-02-11T09:11:55+00:00\",\"description\":\"Wanneer u bij ons een kluis aankoopt, verzorgen wij ook de montage. Schakel ons ervaren installatieteam in voor de installatie en loop geen enkel risico.\",\"breadcrumb\":{\"@id\":\"https:\\\/\\\/keybox.nl\\\/montage-installatie\\\/#breadcrumb\"},\"inLanguage\":\"it-IT\",\"potentialAction\":[{\"@type\":\"ReadAction\",\"target\":[\"https:\\\/\\\/keybox.nl\\\/montage-installatie\\\/\"]}]},{\"@type\":\"ImageObject\",\"inLanguage\":\"it-IT\",\"@id\":\"https:\\\/\\\/keybox.nl\\\/montage-installatie\\\/#primaryimage\",\"url\":\"http:\\\/\\\/keybox.nl\\\/wp-content\\\/uploads\\\/2023\\\/02\\\/Bestelbus-keybox.jpg\",\"contentUrl\":\"http:\\\/\\\/keybox.nl\\\/wp-content\\\/uploads\\\/2023\\\/02\\\/Bestelbus-keybox.jpg\"},{\"@type\":\"BreadcrumbList\",\"@id\":\"https:\\\/\\\/keybox.nl\\\/montage-installatie\\\/#breadcrumb\",\"itemListElement\":[{\"@type\":\"ListItem\",\"position\":1,\"name\":\"Home\",\"item\":\"https:\\\/\\\/keybox.nl\\\/\"},{\"@type\":\"ListItem\",\"position\":2,\"name\":\"Montage en installatie van uw kluis\"}]},{\"@type\":\"WebSite\",\"@id\":\"https:\\\/\\\/keybox.nl\\\/#website\",\"url\":\"https:\\\/\\\/keybox.nl\\\/\",\"name\":\"\",\"description\":\"\",\"potentialAction\":[{\"@type\":\"SearchAction\",\"target\":{\"@type\":\"EntryPoint\",\"urlTemplate\":\"https:\\\/\\\/keybox.nl\\\/?s={search_term_string}\"},\"query-input\":{\"@type\":\"PropertyValueSpecification\",\"valueRequired\":true,\"valueName\":\"search_term_string\"}}],\"inLanguage\":\"it-IT\"}]}<\/script>\n<!-- \/ Yoast SEO plugin. -->","yoast_head_json":{"title":"Montaggio della nuova cassaforte","description":"Quando acquistate una cassaforte da noi, ci occupiamo anche dell'installazione. Rivolgetevi al nostro team di installatori esperti per l'installazione e non correte alcun rischio.","robots":{"index":"index","follow":"follow","max-snippet":"max-snippet:-1","max-image-preview":"max-image-preview:large","max-video-preview":"max-video-preview:-1"},"canonical":"https:\/\/keybox.nl\/it\/montage-installatie\/","og_locale":"it_IT","og_type":"article","og_title":"Montage van uw nieuwe kluis -","og_description":"Wanneer u bij ons een kluis aankoopt, verzorgen wij ook de montage. Schakel ons ervaren installatieteam in voor de installatie en loop geen enkel risico.","og_url":"https:\/\/keybox.nl\/it\/montage-installatie\/","article_modified_time":"2026-02-11T09:11:55+00:00","og_image":[{"width":900,"height":364,"url":"https:\/\/keybox.nl\/wp-content\/uploads\/2023\/02\/Bestelbus-keybox.jpg","type":"image\/jpeg"}],"twitter_card":"summary_large_image","twitter_misc":{"Tempo di lettura stimato":"2 minuti"},"schema":{"@context":"https:\/\/schema.org","@graph":[{"@type":"WebPage","@id":"https:\/\/keybox.nl\/montage-installatie\/","url":"https:\/\/keybox.nl\/montage-installatie\/","name":"Montaggio della nuova cassaforte","isPartOf":{"@id":"https:\/\/keybox.nl\/#website"},"primaryImageOfPage":{"@id":"https:\/\/keybox.nl\/montage-installatie\/#primaryimage"},"image":{"@id":"https:\/\/keybox.nl\/montage-installatie\/#primaryimage"},"thumbnailUrl":"http:\/\/keybox.nl\/wp-content\/uploads\/2023\/02\/Bestelbus-keybox.jpg","datePublished":"2023-02-16T10:58:47+00:00","dateModified":"2026-02-11T09:11:55+00:00","description":"Quando acquistate una cassaforte da noi, ci occupiamo anche dell'installazione. Rivolgetevi al nostro team di installatori esperti per l'installazione e non correte alcun rischio.","breadcrumb":{"@id":"https:\/\/keybox.nl\/montage-installatie\/#breadcrumb"},"inLanguage":"it-IT","potentialAction":[{"@type":"ReadAction","target":["https:\/\/keybox.nl\/montage-installatie\/"]}]},{"@type":"ImageObject","inLanguage":"it-IT","@id":"https:\/\/keybox.nl\/montage-installatie\/#primaryimage","url":"http:\/\/keybox.nl\/wp-content\/uploads\/2023\/02\/Bestelbus-keybox.jpg","contentUrl":"http:\/\/keybox.nl\/wp-content\/uploads\/2023\/02\/Bestelbus-keybox.jpg"},{"@type":"BreadcrumbList","@id":"https:\/\/keybox.nl\/montage-installatie\/#breadcrumb","itemListElement":[{"@type":"ListItem","position":1,"name":"Home","item":"https:\/\/keybox.nl\/"},{"@type":"ListItem","position":2,"name":"Montage en installatie van uw kluis"}]},{"@type":"WebSite","@id":"https:\/\/keybox.nl\/#website","url":"https:\/\/keybox.nl\/","name":"","description":"","potentialAction":[{"@type":"SearchAction","target":{"@type":"EntryPoint","urlTemplate":"https:\/\/keybox.nl\/?s={search_term_string}"},"query-input":{"@type":"PropertyValueSpecification","valueRequired":true,"valueName":"search_term_string"}}],"inLanguage":"it-IT"}]}},"jetpack-related-posts":[{"id":552,"url":"https:\/\/keybox.nl\/it\/kluis-waardeberging-kopen\/","url_meta":{"origin":1400,"position":0},"title":"Acquistare una cassetta di sicurezza","author":"Keybox@beheermodule","date":"11 Marzo 2022","format":false,"excerpt":"Acquistare una cassaforte ad alta sicurezza Nel webshop! \u2713 Facile da usare \u2713 Resistente e sicura \u2713 Vari modelli Per i beni di grande valore, \u00e8 consigliabile acquistare una cassaforte con un'elevata capacit\u00e0 di stoccaggio. Il valore massimo di conservazione di una cassaforte indica fino a quale importo il contenuto della cassaforte \u00e8 assicurato....","rel":"","context":"Articolo simile","block_context":{"text":"Articolo simile","link":""},"img":{"alt_text":"","src":"https:\/\/i0.wp.com\/keybox.nl\/wp-content\/uploads\/2021\/12\/KSB_102_1-e1638478691321.jpg?resize=350%2C200&ssl=1","width":350,"height":200,"srcset":"https:\/\/i0.wp.com\/keybox.nl\/wp-content\/uploads\/2021\/12\/KSB_102_1-e1638478691321.jpg?resize=350%2C200&ssl=1 1x, https:\/\/i0.wp.com\/keybox.nl\/wp-content\/uploads\/2021\/12\/KSB_102_1-e1638478691321.jpg?resize=525%2C300&ssl=1 1.5x, https:\/\/i0.wp.com\/keybox.nl\/wp-content\/uploads\/2021\/12\/KSB_102_1-e1638478691321.jpg?resize=700%2C400&ssl=1 2x"},"classes":[]},{"id":538,"url":"https:\/\/keybox.nl\/it\/kluis-kopen-voor-thuis\/","url_meta":{"origin":1400,"position":1},"title":"Acquistare una cassaforte per la casa","author":"Keybox@beheermodule","date":"11 Marzo 2022","format":false,"excerpt":"Acquistare una cassaforte resistente per la vostra casa Nel webshop! \u2713 Facile da usare \u2713 Resistente e sicura \u2713 Vari modelli Volete acquistare una cassaforte pratica per la vostra casa? Allora Keybox.it ha quello che fa per voi. Le casseforti domestiche sono un po' pi\u00f9 piccole e non richiedono un'installazione approfondita, il che le rende ideali...","rel":"","context":"Articolo simile","block_context":{"text":"Articolo simile","link":""},"img":{"alt_text":"","src":"https:\/\/i0.wp.com\/keybox.nl\/wp-content\/uploads\/2022\/01\/KSB007-inner-safe-2-e1643896091542.jpg?resize=350%2C200&ssl=1","width":350,"height":200,"srcset":"https:\/\/i0.wp.com\/keybox.nl\/wp-content\/uploads\/2022\/01\/KSB007-inner-safe-2-e1643896091542.jpg?resize=350%2C200&ssl=1 1x, https:\/\/i0.wp.com\/keybox.nl\/wp-content\/uploads\/2022\/01\/KSB007-inner-safe-2-e1643896091542.jpg?resize=525%2C300&ssl=1 1.5x, https:\/\/i0.wp.com\/keybox.nl\/wp-content\/uploads\/2022\/01\/KSB007-inner-safe-2-e1643896091542.jpg?resize=700%2C400&ssl=1 2x"},"classes":[]},{"id":326,"url":"https:\/\/keybox.nl\/it\/goedkope-kluis-kopen\/","url_meta":{"origin":1400,"position":2},"title":"Acquistare a buon mercato sicuro","author":"Keybox@beheermodule","date":"3 Marzo 2022","format":false,"excerpt":"Acquistate una cassaforte economica e di alta qualit\u00e0 Sul webshop! \u2713 Facile da usare \u2713 Resistente e sicura \u2713 Vari modelli Su Keybox.it potete acquistare una cassaforte economica e resistente per la vostra attivit\u00e0. Grazie alle nostre casseforti, potrete tenere al sicuro le chiavi in ogni momento. Inoltre, nessuno deve essere presente per...","rel":"","context":"Articolo simile","block_context":{"text":"Articolo simile","link":""},"img":{"alt_text":"","src":"https:\/\/i0.wp.com\/keybox.nl\/wp-content\/uploads\/2021\/12\/KSB_102_1-e1638478691321.jpg?resize=350%2C200&ssl=1","width":350,"height":200,"srcset":"https:\/\/i0.wp.com\/keybox.nl\/wp-content\/uploads\/2021\/12\/KSB_102_1-e1638478691321.jpg?resize=350%2C200&ssl=1 1x, https:\/\/i0.wp.com\/keybox.nl\/wp-content\/uploads\/2021\/12\/KSB_102_1-e1638478691321.jpg?resize=525%2C300&ssl=1 1.5x, https:\/\/i0.wp.com\/keybox.nl\/wp-content\/uploads\/2021\/12\/KSB_102_1-e1638478691321.jpg?resize=700%2C400&ssl=1 2x"},"classes":[]},{"id":30,"url":"https:\/\/keybox.nl\/it\/","url_meta":{"origin":1400,"position":3},"title":"Acquistare armadietti sicuri per le chiavi","author":"Keybox@beheermodule","date":"30 Novembre 2021","format":false,"excerpt":"Su Keybox.it potete acquistare, tra le altre cose, una cassaforte robusta o una cassaforte a chiave sicura. Offriamo diversi tipi di casseforti: da quelle a chiave sottile a quelle a muro con rotella di deposito. Con noi potete ordinare una cassaforte per la vostra azienda, ma anche per la vostra casa. Grazie alla nostra ampia gamma di casseforti a chiave,...","rel":"","context":"Con 1 commento","block_context":{"text":"Con 1 commento","link":"https:\/\/keybox.nl\/it\/#comments"},"img":{"alt_text":"","src":"","width":0,"height":0},"classes":[]},{"id":1526,"url":"https:\/\/keybox.nl\/it\/safe-kluis-kopen\/","url_meta":{"origin":1400,"position":4},"title":"Acquistare Safe Safe","author":"Keybox@beheermodule","date":"20 Luglio 2023","format":false,"excerpt":"Acquista una cassaforte o un caveau Vai al webshop! \u2713 Facile da usare \u2713 Resistente e sicura \u2713 Vari modelli Se tenete alla sicurezza e all'affidabilit\u00e0, l'acquisto di una cassaforte o di un caveau \u00e8 il primo passo da compiere. Sebbene questi termini siano spesso usati in modo intercambiabile, esistono sottili differenze. A...","rel":"","context":"Articolo simile","block_context":{"text":"Articolo simile","link":""},"img":{"alt_text":"Regenkap Keysecuritybox","src":"https:\/\/i0.wp.com\/keybox.nl\/wp-content\/uploads\/2022\/01\/IMG_5364-scaled.jpg?resize=350%2C200&ssl=1","width":350,"height":200,"srcset":"https:\/\/i0.wp.com\/keybox.nl\/wp-content\/uploads\/2022\/01\/IMG_5364-scaled.jpg?resize=350%2C200&ssl=1 1x, https:\/\/i0.wp.com\/keybox.nl\/wp-content\/uploads\/2022\/01\/IMG_5364-scaled.jpg?resize=525%2C300&ssl=1 1.5x, https:\/\/i0.wp.com\/keybox.nl\/wp-content\/uploads\/2022\/01\/IMG_5364-scaled.jpg?resize=700%2C400&ssl=1 2x, https:\/\/i0.wp.com\/keybox.nl\/wp-content\/uploads\/2022\/01\/IMG_5364-scaled.jpg?resize=1050%2C600&ssl=1 3x, https:\/\/i0.wp.com\/keybox.nl\/wp-content\/uploads\/2022\/01\/IMG_5364-scaled.jpg?resize=1400%2C800&ssl=1 4x"},"classes":[]},{"id":554,"url":"https:\/\/keybox.nl\/it\/kluis-waardeberging-kopen-2\/","url_meta":{"origin":1400,"position":5},"title":"Acquistare una cassetta di sicurezza","author":"Keybox@beheermodule","date":"11 Marzo 2022","format":false,"excerpt":"Acquistare una cassaforte ad alta sicurezza Nel webshop! \u2713 Facile da usare \u2713 Resistente e sicura \u2713 Diversi modelli Per i beni di incredibile valore, \u00e8 consigliabile acquistare una cassaforte con un deposito di valore elevato. Pi\u00f9 alto \u00e8 il deposito di valore, pi\u00f9 la cassaforte \u00e8 resistente alle effrazioni. Noi di Keybox.nl a Bussum...","rel":"","context":"Articolo simile","block_context":{"text":"Articolo simile","link":""},"img":{"alt_text":"kluis peugeot","src":"https:\/\/i0.wp.com\/keybox.nl\/wp-content\/uploads\/2022\/02\/KSB007-Peugeot-scaled-e1643751089776.jpg?resize=350%2C200&ssl=1","width":350,"height":200,"srcset":"https:\/\/i0.wp.com\/keybox.nl\/wp-content\/uploads\/2022\/02\/KSB007-Peugeot-scaled-e1643751089776.jpg?resize=350%2C200&ssl=1 1x, https:\/\/i0.wp.com\/keybox.nl\/wp-content\/uploads\/2022\/02\/KSB007-Peugeot-scaled-e1643751089776.jpg?resize=525%2C300&ssl=1 1.5x"},"classes":[]}],"jetpack_sharing_enabled":true,"_links":{"self":[{"href":"https:\/\/keybox.nl\/it\/wp-json\/wp\/v2\/pages\/1400","targetHints":{"allow":["GET"]}}],"collection":[{"href":"https:\/\/keybox.nl\/it\/wp-json\/wp\/v2\/pages"}],"about":[{"href":"https:\/\/keybox.nl\/it\/wp-json\/wp\/v2\/types\/page"}],"author":[{"embeddable":true,"href":"https:\/\/keybox.nl\/it\/wp-json\/wp\/v2\/users\/1"}],"replies":[{"embeddable":true,"href":"https:\/\/keybox.nl\/it\/wp-json\/wp\/v2\/comments?post=1400"}],"version-history":[{"count":12,"href":"https:\/\/keybox.nl\/it\/wp-json\/wp\/v2\/pages\/1400\/revisions"}],"predecessor-version":[{"id":1882,"href":"https:\/\/keybox.nl\/it\/wp-json\/wp\/v2\/pages\/1400\/revisions\/1882"}],"wp:attachment":[{"href":"https:\/\/keybox.nl\/it\/wp-json\/wp\/v2\/media?parent=1400"}],"curies":[{"name":"wp","href":"https:\/\/api.w.org\/{rel}","templated":true}]}}