{"id":264,"date":"2022-02-03T14:33:02","date_gmt":"2022-02-03T14:33:02","guid":{"rendered":"http:\/\/keybox.nl\/?post_type=product&#038;p=264"},"modified":"2025-11-26T09:45:24","modified_gmt":"2025-11-26T09:45:24","slug":"speciale-ral-kleur-ksb","status":"publish","type":"product","link":"https:\/\/keybox.nl\/es\/producto\/speciale-ral-kleur-ksb\/","title":{"rendered":"Color RAL especial KSB"},"content":{"rendered":"<h2>Color RAL especial KSB<\/h2>\n<p>De serie, la caja Keysecurity se suministra en el color Ral 9006 plata\/gris. Si desea el KSB en el color del estilo de la casa o del edificio, podemos entregar la caja o la placa de pared en el color Ral deseado si est\u00e1 disponible.<\/p>\n<p>Introduzca su n\u00famero RAL durante la compra en la secci\u00f3n de comentarios. N\u00famero RAL y para qu\u00e9 pieza.<\/p>","protected":false},"excerpt":{"rendered":"<h2>Color RAL especial KSB<\/h2>\n<p>Pida la caja Keysecurity en el color RAL que desee. Plazo de entrega aprox. 2 semanas.<\/p>","protected":false},"featured_media":274,"comment_status":"open","ping_status":"closed","template":"","meta":[],"product_brand":[],"product_cat":[36],"product_tag":[],"class_list":{"0":"post-264","1":"product","2":"type-product","3":"status-publish","4":"has-post-thumbnail","6":"product_cat-keysecuritybox-accessoires","8":"first","9":"instock","10":"taxable","11":"shipping-taxable","12":"purchasable","13":"product-type-simple"},"yoast_head":"<!-- This site is optimized with the Yoast SEO plugin v27.4 - https:\/\/yoast.com\/product\/yoast-seo-wordpress\/ -->\n<title>Speciale RAL kleur KSB -<\/title>\n<meta name=\"robots\" content=\"index, follow, max-snippet:-1, max-image-preview:large, max-video-preview:-1\" \/>\n<link rel=\"canonical\" href=\"https:\/\/keybox.nl\/es\/producto\/speciale-ral-kleur-ksb\/\" \/>\n<meta property=\"og:locale\" content=\"es_ES\" \/>\n<meta property=\"og:type\" content=\"article\" \/>\n<meta property=\"og:title\" content=\"Speciale RAL kleur KSB -\" \/>\n<meta property=\"og:description\" content=\"Speciale RAL kleur KSB Bestel de Keysecuritybox in de gewenste RAL kleur. Levertijd ca. 2 weken.\" \/>\n<meta property=\"og:url\" content=\"https:\/\/keybox.nl\/es\/producto\/speciale-ral-kleur-ksb\/\" \/>\n<meta property=\"article:modified_time\" content=\"2025-11-26T09:45:24+00:00\" \/>\n<meta property=\"og:image\" content=\"http:\/\/keybox.nl\/wp-content\/uploads\/2022\/02\/Ral-2004-KSB-1.jpg\" \/>\n\t<meta property=\"og:image:width\" content=\"550\" \/>\n\t<meta property=\"og:image:height\" content=\"549\" \/>\n\t<meta property=\"og:image:type\" content=\"image\/jpeg\" \/>\n<meta name=\"twitter:card\" content=\"summary_large_image\" \/>\n<meta name=\"twitter:label1\" content=\"Tiempo de lectura\" \/>\n\t<meta name=\"twitter:data1\" content=\"1 minuto\" \/>\n<script type=\"application\/ld+json\" class=\"yoast-schema-graph\">{\"@context\":\"https:\\\/\\\/schema.org\",\"@graph\":[{\"@type\":\"WebPage\",\"@id\":\"https:\\\/\\\/keybox.nl\\\/product\\\/speciale-ral-kleur-ksb\\\/\",\"url\":\"https:\\\/\\\/keybox.nl\\\/product\\\/speciale-ral-kleur-ksb\\\/\",\"name\":\"Speciale RAL kleur KSB -\",\"isPartOf\":{\"@id\":\"https:\\\/\\\/keybox.nl\\\/#website\"},\"primaryImageOfPage\":{\"@id\":\"https:\\\/\\\/keybox.nl\\\/product\\\/speciale-ral-kleur-ksb\\\/#primaryimage\"},\"image\":{\"@id\":\"https:\\\/\\\/keybox.nl\\\/product\\\/speciale-ral-kleur-ksb\\\/#primaryimage\"},\"thumbnailUrl\":\"https:\\\/\\\/keybox.nl\\\/wp-content\\\/uploads\\\/2022\\\/02\\\/Ral-2004-KSB-1.jpg\",\"datePublished\":\"2022-02-03T14:33:02+00:00\",\"dateModified\":\"2025-11-26T09:45:24+00:00\",\"breadcrumb\":{\"@id\":\"https:\\\/\\\/keybox.nl\\\/product\\\/speciale-ral-kleur-ksb\\\/#breadcrumb\"},\"inLanguage\":\"es\",\"potentialAction\":[{\"@type\":\"ReadAction\",\"target\":[\"https:\\\/\\\/keybox.nl\\\/product\\\/speciale-ral-kleur-ksb\\\/\"]}]},{\"@type\":\"ImageObject\",\"inLanguage\":\"es\",\"@id\":\"https:\\\/\\\/keybox.nl\\\/product\\\/speciale-ral-kleur-ksb\\\/#primaryimage\",\"url\":\"https:\\\/\\\/keybox.nl\\\/wp-content\\\/uploads\\\/2022\\\/02\\\/Ral-2004-KSB-1.jpg\",\"contentUrl\":\"https:\\\/\\\/keybox.nl\\\/wp-content\\\/uploads\\\/2022\\\/02\\\/Ral-2004-KSB-1.jpg\",\"width\":550,\"height\":549,\"caption\":\"Speciale RAL Kleur\"},{\"@type\":\"BreadcrumbList\",\"@id\":\"https:\\\/\\\/keybox.nl\\\/product\\\/speciale-ral-kleur-ksb\\\/#breadcrumb\",\"itemListElement\":[{\"@type\":\"ListItem\",\"position\":1,\"name\":\"Home\",\"item\":\"https:\\\/\\\/keybox.nl\\\/\"},{\"@type\":\"ListItem\",\"position\":2,\"name\":\"Beveiligde sleutelkastjes kopen\",\"item\":\"https:\\\/\\\/keybox.nl\\\/\"},{\"@type\":\"ListItem\",\"position\":3,\"name\":\"Speciale RAL kleur KSB\"}]},{\"@type\":\"WebSite\",\"@id\":\"https:\\\/\\\/keybox.nl\\\/#website\",\"url\":\"https:\\\/\\\/keybox.nl\\\/\",\"name\":\"\",\"description\":\"\",\"potentialAction\":[{\"@type\":\"SearchAction\",\"target\":{\"@type\":\"EntryPoint\",\"urlTemplate\":\"https:\\\/\\\/keybox.nl\\\/?s={search_term_string}\"},\"query-input\":{\"@type\":\"PropertyValueSpecification\",\"valueRequired\":true,\"valueName\":\"search_term_string\"}}],\"inLanguage\":\"es\"}]}<\/script>\n<!-- \/ Yoast SEO plugin. -->","yoast_head_json":{"title":"Color RAL especial KSB -","robots":{"index":"index","follow":"follow","max-snippet":"max-snippet:-1","max-image-preview":"max-image-preview:large","max-video-preview":"max-video-preview:-1"},"canonical":"https:\/\/keybox.nl\/es\/producto\/speciale-ral-kleur-ksb\/","og_locale":"es_ES","og_type":"article","og_title":"Speciale RAL kleur KSB -","og_description":"Speciale RAL kleur KSB Bestel de Keysecuritybox in de gewenste RAL kleur. Levertijd ca. 2 weken.","og_url":"https:\/\/keybox.nl\/es\/producto\/speciale-ral-kleur-ksb\/","article_modified_time":"2025-11-26T09:45:24+00:00","og_image":[{"width":550,"height":549,"url":"http:\/\/keybox.nl\/wp-content\/uploads\/2022\/02\/Ral-2004-KSB-1.jpg","type":"image\/jpeg"}],"twitter_card":"summary_large_image","twitter_misc":{"Tiempo de lectura":"1 minuto"},"schema":{"@context":"https:\/\/schema.org","@graph":[{"@type":"WebPage","@id":"https:\/\/keybox.nl\/product\/speciale-ral-kleur-ksb\/","url":"https:\/\/keybox.nl\/product\/speciale-ral-kleur-ksb\/","name":"Color RAL especial KSB -","isPartOf":{"@id":"https:\/\/keybox.nl\/#website"},"primaryImageOfPage":{"@id":"https:\/\/keybox.nl\/product\/speciale-ral-kleur-ksb\/#primaryimage"},"image":{"@id":"https:\/\/keybox.nl\/product\/speciale-ral-kleur-ksb\/#primaryimage"},"thumbnailUrl":"https:\/\/keybox.nl\/wp-content\/uploads\/2022\/02\/Ral-2004-KSB-1.jpg","datePublished":"2022-02-03T14:33:02+00:00","dateModified":"2025-11-26T09:45:24+00:00","breadcrumb":{"@id":"https:\/\/keybox.nl\/product\/speciale-ral-kleur-ksb\/#breadcrumb"},"inLanguage":"es","potentialAction":[{"@type":"ReadAction","target":["https:\/\/keybox.nl\/product\/speciale-ral-kleur-ksb\/"]}]},{"@type":"ImageObject","inLanguage":"es","@id":"https:\/\/keybox.nl\/product\/speciale-ral-kleur-ksb\/#primaryimage","url":"https:\/\/keybox.nl\/wp-content\/uploads\/2022\/02\/Ral-2004-KSB-1.jpg","contentUrl":"https:\/\/keybox.nl\/wp-content\/uploads\/2022\/02\/Ral-2004-KSB-1.jpg","width":550,"height":549,"caption":"Speciale RAL Kleur"},{"@type":"BreadcrumbList","@id":"https:\/\/keybox.nl\/product\/speciale-ral-kleur-ksb\/#breadcrumb","itemListElement":[{"@type":"ListItem","position":1,"name":"Home","item":"https:\/\/keybox.nl\/"},{"@type":"ListItem","position":2,"name":"Beveiligde sleutelkastjes kopen","item":"https:\/\/keybox.nl\/"},{"@type":"ListItem","position":3,"name":"Speciale RAL kleur KSB"}]},{"@type":"WebSite","@id":"https:\/\/keybox.nl\/#website","url":"https:\/\/keybox.nl\/","name":"","description":"","potentialAction":[{"@type":"SearchAction","target":{"@type":"EntryPoint","urlTemplate":"https:\/\/keybox.nl\/?s={search_term_string}"},"query-input":{"@type":"PropertyValueSpecification","valueRequired":true,"valueName":"search_term_string"}}],"inLanguage":"es"}]}},"jetpack-related-posts":[{"id":184,"url":"https:\/\/keybox.nl\/es\/producto\/keysecuritybox-ksb106\/","url_meta":{"origin":264,"position":0},"title":"Caja de seguridad para llaves KSB106","author":"Keybox@beheermodule","date":"26 enero 2022","format":false,"excerpt":"Caja de seguridad para llaves KSB106 \u00a0","rel":"","context":"Entrada similar","block_context":{"text":"Entrada similar","link":""},"img":{"alt_text":"","src":"https:\/\/i0.wp.com\/keybox.nl\/wp-content\/uploads\/2022\/01\/MG_3154-scaled-e1643377303706.jpg?resize=350%2C200&ssl=1","width":350,"height":200,"srcset":"https:\/\/i0.wp.com\/keybox.nl\/wp-content\/uploads\/2022\/01\/MG_3154-scaled-e1643377303706.jpg?resize=350%2C200&ssl=1 1x, https:\/\/i0.wp.com\/keybox.nl\/wp-content\/uploads\/2022\/01\/MG_3154-scaled-e1643377303706.jpg?resize=525%2C300&ssl=1 1.5x, https:\/\/i0.wp.com\/keybox.nl\/wp-content\/uploads\/2022\/01\/MG_3154-scaled-e1643377303706.jpg?resize=700%2C400&ssl=1 2x"},"classes":[]},{"id":122,"url":"https:\/\/keybox.nl\/es\/producto\/keysecuritybox-ksb105\/","url_meta":{"origin":264,"position":1},"title":"Caja de seguridad para llaves KSB105","author":"Keybox@beheermodule","date":"14 diciembre 2021","format":false,"excerpt":"Caja de seguridad para llaves KSB105 Adecuada para anclar los modelos KSB103 y KSB004 a un poste.","rel":"","context":"Entrada similar","block_context":{"text":"Entrada similar","link":""},"img":{"alt_text":"","src":"https:\/\/i0.wp.com\/keybox.nl\/wp-content\/uploads\/2021\/12\/KSB005-e1639511667630.png?resize=350%2C200&ssl=1","width":350,"height":200},"classes":[]},{"id":198,"url":"https:\/\/keybox.nl\/es\/producto\/regenkap-ksb101-102-en-103\/","url_meta":{"origin":264,"position":2},"title":"Toldo de lluvia KSB101, 2, 3","author":"Keybox@beheermodule","date":"28 enero 2022","format":false,"excerpt":"Tapa contra la lluvia para la caja Keysecurity","rel":"","context":"Entrada similar","block_context":{"text":"Entrada similar","link":""},"img":{"alt_text":"","src":"https:\/\/i0.wp.com\/keybox.nl\/wp-content\/uploads\/2022\/01\/IMG_5363-scaled-e1643386544179.jpg?resize=350%2C200&ssl=1","width":350,"height":200},"classes":[]},{"id":36,"url":"https:\/\/keybox.nl\/es\/producto\/ksb101-ksb102-sleutelkluis\/","url_meta":{"origin":264,"position":3},"title":"Caja fuerte para llaves KSB101, KSB102","author":"Keybox@beheermodule","date":"30 noviembre 2021","format":false,"excerpt":"Caja de seguridad para llaves KSB101 &amp; KSB102 Una caja fuerte en dos versiones: rueda de dep\u00f3sito izquierda o derecha","rel":"","context":"Con 1 comentario","block_context":{"text":"Con 1 comentario","link":"https:\/\/keybox.nl\/es\/producto\/ksb101-ksb102-sleutelkluis\/#comments"},"img":{"alt_text":"","src":"https:\/\/i0.wp.com\/keybox.nl\/wp-content\/uploads\/2021\/11\/KSB_101_3-scaled-e1638352491754.jpg?resize=350%2C200&ssl=1","width":350,"height":200},"classes":[]},{"id":72,"url":"https:\/\/keybox.nl\/es\/producto\/keysecuritybox-sleutelkluis-ksb101a-ksb102a\/","url_meta":{"origin":264,"position":4},"title":"Caja de seguridad para llaves KSB101A, KSB102A caja fuerte blindada adicional para llaves","author":"Keybox@beheermodule","date":"1 diciembre 2021","format":false,"excerpt":"Keysecuritybox KSB101A &amp; KSB102A Las cajas fuertes KSB101A y 102A est\u00e1n equipadas con un blindaje adicional. Dentro de la caja fuerte hay una caja fuerte interior adicional de acero especial que proporciona una mayor protecci\u00f3n contra los ataques. Una caja fuerte en dos versiones: rueda de dep\u00f3sito izquierda o derecha","rel":"","context":"Con 1 comentario","block_context":{"text":"Con 1 comentario","link":"https:\/\/keybox.nl\/es\/producto\/keysecuritybox-sleutelkluis-ksb101a-ksb102a\/#comments"},"img":{"alt_text":"","src":"https:\/\/i0.wp.com\/keybox.nl\/wp-content\/uploads\/2021\/11\/KSB_101_3-scaled-e1638352491754.jpg?resize=350%2C200&ssl=1","width":350,"height":200},"classes":[]},{"id":193,"url":"https:\/\/keybox.nl\/es\/producto\/keysecuritybox-sleutelkluis-ksb107\/","url_meta":{"origin":264,"position":5},"title":"Caja fuerte para llaves Keysecuritybox KSB107","author":"Keybox@beheermodule","date":"28 enero 2022","format":false,"excerpt":"Caja de seguridad para llaves KSB107 La KSB107 puede instalarse en una pared\/pared y es extremadamente segura. Apertura L44, H64, D 124 mm.","rel":"","context":"Entrada similar","block_context":{"text":"Entrada similar","link":""},"img":{"alt_text":"","src":"https:\/\/i0.wp.com\/keybox.nl\/wp-content\/uploads\/2022\/01\/Ksb007-5-225x300.jpg?resize=350%2C200","width":350,"height":200},"classes":[]}],"jetpack_sharing_enabled":true,"_links":{"self":[{"href":"https:\/\/keybox.nl\/es\/wp-json\/wp\/v2\/product\/264","targetHints":{"allow":["GET"]}}],"collection":[{"href":"https:\/\/keybox.nl\/es\/wp-json\/wp\/v2\/product"}],"about":[{"href":"https:\/\/keybox.nl\/es\/wp-json\/wp\/v2\/types\/product"}],"replies":[{"embeddable":true,"href":"https:\/\/keybox.nl\/es\/wp-json\/wp\/v2\/comments?post=264"}],"wp:featuredmedia":[{"embeddable":true,"href":"https:\/\/keybox.nl\/es\/wp-json\/wp\/v2\/media\/274"}],"wp:attachment":[{"href":"https:\/\/keybox.nl\/es\/wp-json\/wp\/v2\/media?parent=264"}],"wp:term":[{"taxonomy":"product_brand","embeddable":true,"href":"https:\/\/keybox.nl\/es\/wp-json\/wp\/v2\/product_brand?post=264"},{"taxonomy":"product_cat","embeddable":true,"href":"https:\/\/keybox.nl\/es\/wp-json\/wp\/v2\/product_cat?post=264"},{"taxonomy":"product_tag","embeddable":true,"href":"https:\/\/keybox.nl\/es\/wp-json\/wp\/v2\/product_tag?post=264"}],"curies":[{"name":"wp","href":"https:\/\/api.w.org\/{rel}","templated":true}]}}