{"id":248,"date":"2022-02-02T15:13:29","date_gmt":"2022-02-02T15:13:29","guid":{"rendered":"http:\/\/keybox.nl\/?post_type=product&#038;p=248"},"modified":"2022-02-03T12:09:10","modified_gmt":"2022-02-03T12:09:10","slug":"seismische-kluis-detector-ksb107","status":"publish","type":"product","link":"https:\/\/keybox.nl\/es\/producto\/seismische-kluis-detector-ksb107\/","title":{"rendered":"Detector s\u00edsmico de c\u00e1maras acorazadas KSB107"},"content":{"rendered":"<h2>Detector s\u00edsmico de c\u00e1maras acorazadas KSB007<\/h2>\n<p>Detector s\u00edsmico de b\u00f3vedas en carcasa met\u00e1lica. El sensor reacciona a las vibraciones y al sonido, por lo que puede detectar un ataque al objeto. Se conecta al sistema de alarma. La Keysecuritybox KSB107 est\u00e1 preparada para montar este sensor.<\/p>\n<p>Anchura31 mm<br \/>\nAltura 23 mm<br \/>\nLongitud 91 mm<\/p>\n<p>Material Metal<br \/>\nColor Gris<br \/>\nPeso 144 g<\/p>\n<p>&nbsp;<\/p>","protected":false},"excerpt":{"rendered":"<p>Seismische kluis detector KSB007 Seismische kluis-detector in metalen behuizing. De sensor reageert op trillingen en geluid en kan daardoor een aanval op het object detecteren. Aan te sluiten op de alarminstallatie. De Keysecuritybox KSB107 is voorbereid om deze sensor te monteren. Breedte31 mm Hoogte 23 mm Lengte 91 mm Materiaal Metaal Kleur Grijs Gewicht 144 [&hellip;]<\/p>\n","protected":false},"featured_media":249,"comment_status":"open","ping_status":"closed","template":"","meta":[],"product_brand":[],"product_cat":[36],"product_tag":[],"class_list":{"0":"post-248","1":"product","2":"type-product","3":"status-publish","4":"has-post-thumbnail","6":"product_cat-keysecuritybox-accessoires","8":"first","9":"instock","10":"taxable","11":"shipping-taxable","12":"purchasable","13":"product-type-simple"},"yoast_head":"<!-- This site is optimized with the Yoast SEO plugin v27.5 - https:\/\/yoast.com\/product\/yoast-seo-wordpress\/ -->\n<title>Seismische kluis detector KSB107 -<\/title>\n<meta name=\"robots\" content=\"index, follow, max-snippet:-1, max-image-preview:large, max-video-preview:-1\" \/>\n<link rel=\"canonical\" href=\"https:\/\/keybox.nl\/es\/producto\/seismische-kluis-detector-ksb107\/\" \/>\n<meta property=\"og:locale\" content=\"es_ES\" \/>\n<meta property=\"og:type\" content=\"article\" \/>\n<meta property=\"og:title\" content=\"Seismische kluis detector KSB107 -\" \/>\n<meta property=\"og:description\" content=\"Seismische kluis detector KSB007 Seismische kluis-detector in metalen behuizing. De sensor reageert op trillingen en geluid en kan daardoor een aanval op het object detecteren. Aan te sluiten op de alarminstallatie. De Keysecuritybox KSB107 is voorbereid om deze sensor te monteren. Breedte31 mm Hoogte 23 mm Lengte 91 mm Materiaal Metaal Kleur Grijs Gewicht 144 [&hellip;]\" \/>\n<meta property=\"og:url\" content=\"https:\/\/keybox.nl\/es\/producto\/seismische-kluis-detector-ksb107\/\" \/>\n<meta property=\"article:modified_time\" content=\"2022-02-03T12:09:10+00:00\" \/>\n<meta property=\"og:image\" content=\"https:\/\/keybox.nl\/wp-content\/uploads\/2022\/02\/Seismische-Kluis-Detector-e1643814028729.jpg\" \/>\n\t<meta property=\"og:image:width\" content=\"487\" \/>\n\t<meta property=\"og:image:height\" content=\"487\" \/>\n\t<meta property=\"og:image:type\" content=\"image\/jpeg\" \/>\n<meta name=\"twitter:card\" content=\"summary_large_image\" \/>\n<script type=\"application\/ld+json\" class=\"yoast-schema-graph\">{\"@context\":\"https:\\\/\\\/schema.org\",\"@graph\":[{\"@type\":\"WebPage\",\"@id\":\"https:\\\/\\\/keybox.nl\\\/product\\\/seismische-kluis-detector-ksb107\\\/\",\"url\":\"https:\\\/\\\/keybox.nl\\\/product\\\/seismische-kluis-detector-ksb107\\\/\",\"name\":\"Seismische kluis detector KSB107 -\",\"isPartOf\":{\"@id\":\"https:\\\/\\\/keybox.nl\\\/#website\"},\"primaryImageOfPage\":{\"@id\":\"https:\\\/\\\/keybox.nl\\\/product\\\/seismische-kluis-detector-ksb107\\\/#primaryimage\"},\"image\":{\"@id\":\"https:\\\/\\\/keybox.nl\\\/product\\\/seismische-kluis-detector-ksb107\\\/#primaryimage\"},\"thumbnailUrl\":\"https:\\\/\\\/keybox.nl\\\/wp-content\\\/uploads\\\/2022\\\/02\\\/Seismische-Kluis-Detector-e1643814028729.jpg\",\"datePublished\":\"2022-02-02T15:13:29+00:00\",\"dateModified\":\"2022-02-03T12:09:10+00:00\",\"breadcrumb\":{\"@id\":\"https:\\\/\\\/keybox.nl\\\/product\\\/seismische-kluis-detector-ksb107\\\/#breadcrumb\"},\"inLanguage\":\"es\",\"potentialAction\":[{\"@type\":\"ReadAction\",\"target\":[\"https:\\\/\\\/keybox.nl\\\/product\\\/seismische-kluis-detector-ksb107\\\/\"]}]},{\"@type\":\"ImageObject\",\"inLanguage\":\"es\",\"@id\":\"https:\\\/\\\/keybox.nl\\\/product\\\/seismische-kluis-detector-ksb107\\\/#primaryimage\",\"url\":\"https:\\\/\\\/keybox.nl\\\/wp-content\\\/uploads\\\/2022\\\/02\\\/Seismische-Kluis-Detector-e1643814028729.jpg\",\"contentUrl\":\"https:\\\/\\\/keybox.nl\\\/wp-content\\\/uploads\\\/2022\\\/02\\\/Seismische-Kluis-Detector-e1643814028729.jpg\",\"width\":487,\"height\":487,\"caption\":\"Seismische Kluis Detector\"},{\"@type\":\"BreadcrumbList\",\"@id\":\"https:\\\/\\\/keybox.nl\\\/product\\\/seismische-kluis-detector-ksb107\\\/#breadcrumb\",\"itemListElement\":[{\"@type\":\"ListItem\",\"position\":1,\"name\":\"Home\",\"item\":\"https:\\\/\\\/keybox.nl\\\/\"},{\"@type\":\"ListItem\",\"position\":2,\"name\":\"Beveiligde sleutelkastjes kopen\",\"item\":\"https:\\\/\\\/keybox.nl\\\/\"},{\"@type\":\"ListItem\",\"position\":3,\"name\":\"Seismische kluis detector KSB107\"}]},{\"@type\":\"WebSite\",\"@id\":\"https:\\\/\\\/keybox.nl\\\/#website\",\"url\":\"https:\\\/\\\/keybox.nl\\\/\",\"name\":\"\",\"description\":\"\",\"potentialAction\":[{\"@type\":\"SearchAction\",\"target\":{\"@type\":\"EntryPoint\",\"urlTemplate\":\"https:\\\/\\\/keybox.nl\\\/?s={search_term_string}\"},\"query-input\":{\"@type\":\"PropertyValueSpecification\",\"valueRequired\":true,\"valueName\":\"search_term_string\"}}],\"inLanguage\":\"es\"}]}<\/script>\n<!-- \/ Yoast SEO plugin. -->","yoast_head_json":{"title":"Detector s\u00edsmico de c\u00e1maras acorazadas KSB107 -","robots":{"index":"index","follow":"follow","max-snippet":"max-snippet:-1","max-image-preview":"max-image-preview:large","max-video-preview":"max-video-preview:-1"},"canonical":"https:\/\/keybox.nl\/es\/producto\/seismische-kluis-detector-ksb107\/","og_locale":"es_ES","og_type":"article","og_title":"Seismische kluis detector KSB107 -","og_description":"Seismische kluis detector KSB007 Seismische kluis-detector in metalen behuizing. De sensor reageert op trillingen en geluid en kan daardoor een aanval op het object detecteren. Aan te sluiten op de alarminstallatie. De Keysecuritybox KSB107 is voorbereid om deze sensor te monteren. Breedte31 mm Hoogte 23 mm Lengte 91 mm Materiaal Metaal Kleur Grijs Gewicht 144 [&hellip;]","og_url":"https:\/\/keybox.nl\/es\/producto\/seismische-kluis-detector-ksb107\/","article_modified_time":"2022-02-03T12:09:10+00:00","og_image":[{"width":487,"height":487,"url":"https:\/\/keybox.nl\/wp-content\/uploads\/2022\/02\/Seismische-Kluis-Detector-e1643814028729.jpg","type":"image\/jpeg"}],"twitter_card":"summary_large_image","schema":{"@context":"https:\/\/schema.org","@graph":[{"@type":"WebPage","@id":"https:\/\/keybox.nl\/product\/seismische-kluis-detector-ksb107\/","url":"https:\/\/keybox.nl\/product\/seismische-kluis-detector-ksb107\/","name":"Detector s\u00edsmico de c\u00e1maras acorazadas KSB107 -","isPartOf":{"@id":"https:\/\/keybox.nl\/#website"},"primaryImageOfPage":{"@id":"https:\/\/keybox.nl\/product\/seismische-kluis-detector-ksb107\/#primaryimage"},"image":{"@id":"https:\/\/keybox.nl\/product\/seismische-kluis-detector-ksb107\/#primaryimage"},"thumbnailUrl":"https:\/\/keybox.nl\/wp-content\/uploads\/2022\/02\/Seismische-Kluis-Detector-e1643814028729.jpg","datePublished":"2022-02-02T15:13:29+00:00","dateModified":"2022-02-03T12:09:10+00:00","breadcrumb":{"@id":"https:\/\/keybox.nl\/product\/seismische-kluis-detector-ksb107\/#breadcrumb"},"inLanguage":"es","potentialAction":[{"@type":"ReadAction","target":["https:\/\/keybox.nl\/product\/seismische-kluis-detector-ksb107\/"]}]},{"@type":"ImageObject","inLanguage":"es","@id":"https:\/\/keybox.nl\/product\/seismische-kluis-detector-ksb107\/#primaryimage","url":"https:\/\/keybox.nl\/wp-content\/uploads\/2022\/02\/Seismische-Kluis-Detector-e1643814028729.jpg","contentUrl":"https:\/\/keybox.nl\/wp-content\/uploads\/2022\/02\/Seismische-Kluis-Detector-e1643814028729.jpg","width":487,"height":487,"caption":"Seismische Kluis Detector"},{"@type":"BreadcrumbList","@id":"https:\/\/keybox.nl\/product\/seismische-kluis-detector-ksb107\/#breadcrumb","itemListElement":[{"@type":"ListItem","position":1,"name":"Home","item":"https:\/\/keybox.nl\/"},{"@type":"ListItem","position":2,"name":"Beveiligde sleutelkastjes kopen","item":"https:\/\/keybox.nl\/"},{"@type":"ListItem","position":3,"name":"Seismische kluis detector KSB107"}]},{"@type":"WebSite","@id":"https:\/\/keybox.nl\/#website","url":"https:\/\/keybox.nl\/","name":"","description":"","potentialAction":[{"@type":"SearchAction","target":{"@type":"EntryPoint","urlTemplate":"https:\/\/keybox.nl\/?s={search_term_string}"},"query-input":{"@type":"PropertyValueSpecification","valueRequired":true,"valueName":"search_term_string"}}],"inLanguage":"es"}]}},"jetpack-related-posts":[{"id":201,"url":"https:\/\/keybox.nl\/es\/producto\/keysecuritybox-sleutelkluis-ksb107-wl\/","url_meta":{"origin":248,"position":0},"title":"Caja fuerte para llaves KSB107 W","author":"Keybox@beheermodule","date":"28 enero 2022","format":false,"excerpt":"Caja de seguridad para llaves KSB107 XL La KSB107 puede instalarse en una pared\/pared y es extremadamente segura. Apertura L66, H64, D 124 mm.","rel":"","context":"Entrada similar","block_context":{"text":"Entrada similar","link":""},"img":{"alt_text":"","src":"https:\/\/i0.wp.com\/keybox.nl\/wp-content\/uploads\/2022\/01\/Keysecuritybox-KSB107XL-300x300.jpg?resize=350%2C200","width":350,"height":200},"classes":[]},{"id":193,"url":"https:\/\/keybox.nl\/es\/producto\/keysecuritybox-sleutelkluis-ksb107\/","url_meta":{"origin":248,"position":1},"title":"Caja fuerte para llaves Keysecuritybox KSB107","author":"Keybox@beheermodule","date":"28 enero 2022","format":false,"excerpt":"Caja de seguridad para llaves KSB107 La KSB107 puede instalarse en una pared\/pared y es extremadamente segura. Apertura L44, H64, D 124 mm.","rel":"","context":"Entrada similar","block_context":{"text":"Entrada similar","link":""},"img":{"alt_text":"","src":"https:\/\/i0.wp.com\/keybox.nl\/wp-content\/uploads\/2022\/01\/Ksb007-5-225x300.jpg?resize=350%2C200","width":350,"height":200},"classes":[]},{"id":255,"url":"https:\/\/keybox.nl\/es\/producto\/regenkap-anti-masking-ksb107\/","url_meta":{"origin":248,"position":2},"title":"Gorro de lluvia | Antienmascaramiento KSB107","author":"Keybox@beheermodule","date":"3 febrero 2022","format":false,"excerpt":"\u00a0 Coloque la cubierta antilluvia\/enmascaramiento de acero inoxidable\/Inox para evitar la entrada de lluvia y el enmascaramiento.\u00a0","rel":"","context":"Entrada similar","block_context":{"text":"Entrada similar","link":""},"img":{"alt_text":"Regenkap KSB107","src":"https:\/\/i0.wp.com\/keybox.nl\/wp-content\/uploads\/2022\/01\/KSB_007_rain-scaled-e1643227017671.jpg?resize=350%2C200&ssl=1","width":350,"height":200},"classes":[]},{"id":1339,"url":"https:\/\/keybox.nl\/es\/producto\/regenkap-anti-masking-ksb107-xl\/","url_meta":{"origin":248,"position":3},"title":"Gorro de lluvia | Antienmascaramiento KSB107W","author":"Keybox@beheermodule","date":"10 febrero 2023","format":false,"excerpt":"\u00a0 Coloque la cubierta antilluvia\/enmascaramiento de acero inoxidable\/Inox para evitar la entrada de lluvia y el enmascaramiento.\u00a0","rel":"","context":"Entrada similar","block_context":{"text":"Entrada similar","link":""},"img":{"alt_text":"Regenkap KSB107","src":"https:\/\/i0.wp.com\/keybox.nl\/wp-content\/uploads\/2022\/01\/KSB_007_rain-scaled-e1643227017671.jpg?resize=350%2C200&ssl=1","width":350,"height":200},"classes":[]},{"id":237,"url":"https:\/\/keybox.nl\/es\/producto\/paneel-met-uitsparing-ksb107\/","url_meta":{"origin":248,"position":4},"title":"Panel para KSB107 y KSB107W","author":"Keybox@beheermodule","date":"1 febrero 2022","format":false,"excerpt":"Panel de pared con rebaje para KSB107 Recomendado cuando se instala en una pared que no es de piedra, como un panel s\u00e1ndwich. El panel de acero inoxidable\/inox est\u00e1 equipado con un rebaje.","rel":"","context":"Entrada similar","block_context":{"text":"Entrada similar","link":""},"img":{"alt_text":"RVS paneel ksb107","src":"https:\/\/i0.wp.com\/keybox.nl\/wp-content\/uploads\/2022\/02\/SS-Plate-KSB107-e1643788038351.jpg?resize=350%2C200&ssl=1","width":350,"height":200},"classes":[]},{"id":36,"url":"https:\/\/keybox.nl\/es\/producto\/ksb101-ksb102-sleutelkluis\/","url_meta":{"origin":248,"position":5},"title":"Caja fuerte para llaves KSB101, KSB102","author":"Keybox@beheermodule","date":"30 noviembre 2021","format":false,"excerpt":"Caja de seguridad para llaves KSB101 &amp; KSB102 Una caja fuerte en dos versiones: rueda de dep\u00f3sito izquierda o derecha","rel":"","context":"Con 1 comentario","block_context":{"text":"Con 1 comentario","link":"https:\/\/keybox.nl\/es\/producto\/ksb101-ksb102-sleutelkluis\/#comments"},"img":{"alt_text":"","src":"https:\/\/i0.wp.com\/keybox.nl\/wp-content\/uploads\/2021\/11\/KSB_101_3-scaled-e1638352491754.jpg?resize=350%2C200&ssl=1","width":350,"height":200},"classes":[]}],"jetpack_sharing_enabled":true,"_links":{"self":[{"href":"https:\/\/keybox.nl\/es\/wp-json\/wp\/v2\/product\/248","targetHints":{"allow":["GET"]}}],"collection":[{"href":"https:\/\/keybox.nl\/es\/wp-json\/wp\/v2\/product"}],"about":[{"href":"https:\/\/keybox.nl\/es\/wp-json\/wp\/v2\/types\/product"}],"replies":[{"embeddable":true,"href":"https:\/\/keybox.nl\/es\/wp-json\/wp\/v2\/comments?post=248"}],"wp:featuredmedia":[{"embeddable":true,"href":"https:\/\/keybox.nl\/es\/wp-json\/wp\/v2\/media\/249"}],"wp:attachment":[{"href":"https:\/\/keybox.nl\/es\/wp-json\/wp\/v2\/media?parent=248"}],"wp:term":[{"taxonomy":"product_brand","embeddable":true,"href":"https:\/\/keybox.nl\/es\/wp-json\/wp\/v2\/product_brand?post=248"},{"taxonomy":"product_cat","embeddable":true,"href":"https:\/\/keybox.nl\/es\/wp-json\/wp\/v2\/product_cat?post=248"},{"taxonomy":"product_tag","embeddable":true,"href":"https:\/\/keybox.nl\/es\/wp-json\/wp\/v2\/product_tag?post=248"}],"curies":[{"name":"wp","href":"https:\/\/api.w.org\/{rel}","templated":true}]}}