{"id":237,"date":"2022-02-01T21:32:25","date_gmt":"2022-02-01T21:32:25","guid":{"rendered":"http:\/\/keybox.nl\/?post_type=product&#038;p=237"},"modified":"2025-11-26T09:43:27","modified_gmt":"2025-11-26T09:43:27","slug":"paneel-met-uitsparing-ksb107","status":"publish","type":"product","link":"https:\/\/keybox.nl\/es\/producto\/paneel-met-uitsparing-ksb107\/","title":{"rendered":"Panel para KSB107 y KSB107W"},"content":{"rendered":"<h2>Panel de fachada con recorte para KSB107 y KSB107W<\/h2>\n<p>Cuando se instala el Keysecuritybox KSB107 en un panel s\u00e1ndwich u otra pared que no sea de ladrillo u hormig\u00f3n, se recomienda el uso de este panel. El panel se coloca entre la placa s\u00e1ndwich con rodillo y la pared\/muro. La fijaci\u00f3n se realiza con un kit de montaje y sujeci\u00f3n entre la placa y la pared.<\/p>\n<p>Dimensiones : 450 x 450 x 3 mm<br \/>\nMaterial : acero inoxidable \/ inox<br \/>\nAcabado : cepillado<\/p>\n<p>&nbsp;<\/p>","protected":false},"excerpt":{"rendered":"<h2>Panel de fachada con recorte para KSB107<\/h2>\n<p>Recomendado cuando se instala en una pared que no sea de piedra, como un panel s\u00e1ndwich. El panel de acero inoxidable\/inox est\u00e1 provisto de un rebaje.<\/p>","protected":false},"featured_media":246,"comment_status":"open","ping_status":"closed","template":"","meta":[],"product_brand":[],"product_cat":[36],"product_tag":[51],"class_list":{"0":"post-237","1":"product","2":"type-product","3":"status-publish","4":"has-post-thumbnail","6":"product_cat-keysecuritybox-accessoires","7":"product_tag-rvs-paneel-voor-de-ksb107","9":"first","10":"instock","11":"taxable","12":"shipping-taxable","13":"purchasable","14":"product-type-simple"},"yoast_head":"<!-- This site is optimized with the Yoast SEO plugin v27.4 - https:\/\/yoast.com\/product\/yoast-seo-wordpress\/ -->\n<title>Paneel voor KSB107 en KSB107W -<\/title>\n<meta name=\"robots\" content=\"index, follow, max-snippet:-1, max-image-preview:large, max-video-preview:-1\" \/>\n<link rel=\"canonical\" href=\"https:\/\/keybox.nl\/es\/producto\/paneel-met-uitsparing-ksb107\/\" \/>\n<meta property=\"og:locale\" content=\"es_ES\" \/>\n<meta property=\"og:type\" content=\"article\" \/>\n<meta property=\"og:title\" content=\"Paneel voor KSB107 en KSB107W -\" \/>\n<meta property=\"og:description\" content=\"Gevelpaneel met uitsparing voor de KSB107 Aanbevolen bij installatie in een niet stenen muur zoals een sandwich paneel. Het rvs \/ inox paneel is voorzien van een uitsparing.\" \/>\n<meta property=\"og:url\" content=\"https:\/\/keybox.nl\/es\/producto\/paneel-met-uitsparing-ksb107\/\" \/>\n<meta property=\"article:modified_time\" content=\"2025-11-26T09:43:27+00:00\" \/>\n<meta property=\"og:image\" content=\"http:\/\/keybox.nl\/wp-content\/uploads\/2022\/02\/SS-Plate-KSB107-e1643788038351.jpg\" \/>\n\t<meta property=\"og:image:width\" content=\"487\" \/>\n\t<meta property=\"og:image:height\" content=\"487\" \/>\n\t<meta property=\"og:image:type\" content=\"image\/jpeg\" \/>\n<meta name=\"twitter:card\" content=\"summary_large_image\" \/>\n<meta name=\"twitter:label1\" content=\"Tiempo de lectura\" \/>\n\t<meta name=\"twitter:data1\" content=\"1 minuto\" \/>\n<script type=\"application\/ld+json\" class=\"yoast-schema-graph\">{\"@context\":\"https:\\\/\\\/schema.org\",\"@graph\":[{\"@type\":\"WebPage\",\"@id\":\"https:\\\/\\\/keybox.nl\\\/product\\\/paneel-met-uitsparing-ksb107\\\/\",\"url\":\"https:\\\/\\\/keybox.nl\\\/product\\\/paneel-met-uitsparing-ksb107\\\/\",\"name\":\"Paneel voor KSB107 en KSB107W -\",\"isPartOf\":{\"@id\":\"https:\\\/\\\/keybox.nl\\\/#website\"},\"primaryImageOfPage\":{\"@id\":\"https:\\\/\\\/keybox.nl\\\/product\\\/paneel-met-uitsparing-ksb107\\\/#primaryimage\"},\"image\":{\"@id\":\"https:\\\/\\\/keybox.nl\\\/product\\\/paneel-met-uitsparing-ksb107\\\/#primaryimage\"},\"thumbnailUrl\":\"https:\\\/\\\/keybox.nl\\\/wp-content\\\/uploads\\\/2022\\\/02\\\/SS-Plate-KSB107-e1643788038351.jpg\",\"datePublished\":\"2022-02-01T21:32:25+00:00\",\"dateModified\":\"2025-11-26T09:43:27+00:00\",\"breadcrumb\":{\"@id\":\"https:\\\/\\\/keybox.nl\\\/product\\\/paneel-met-uitsparing-ksb107\\\/#breadcrumb\"},\"inLanguage\":\"es\",\"potentialAction\":[{\"@type\":\"ReadAction\",\"target\":[\"https:\\\/\\\/keybox.nl\\\/product\\\/paneel-met-uitsparing-ksb107\\\/\"]}]},{\"@type\":\"ImageObject\",\"inLanguage\":\"es\",\"@id\":\"https:\\\/\\\/keybox.nl\\\/product\\\/paneel-met-uitsparing-ksb107\\\/#primaryimage\",\"url\":\"https:\\\/\\\/keybox.nl\\\/wp-content\\\/uploads\\\/2022\\\/02\\\/SS-Plate-KSB107-e1643788038351.jpg\",\"contentUrl\":\"https:\\\/\\\/keybox.nl\\\/wp-content\\\/uploads\\\/2022\\\/02\\\/SS-Plate-KSB107-e1643788038351.jpg\",\"width\":487,\"height\":487,\"caption\":\"RVS paneel ksb107\"},{\"@type\":\"BreadcrumbList\",\"@id\":\"https:\\\/\\\/keybox.nl\\\/product\\\/paneel-met-uitsparing-ksb107\\\/#breadcrumb\",\"itemListElement\":[{\"@type\":\"ListItem\",\"position\":1,\"name\":\"Home\",\"item\":\"https:\\\/\\\/keybox.nl\\\/\"},{\"@type\":\"ListItem\",\"position\":2,\"name\":\"Beveiligde sleutelkastjes kopen\",\"item\":\"https:\\\/\\\/keybox.nl\\\/\"},{\"@type\":\"ListItem\",\"position\":3,\"name\":\"Paneel voor KSB107 en KSB107W\"}]},{\"@type\":\"WebSite\",\"@id\":\"https:\\\/\\\/keybox.nl\\\/#website\",\"url\":\"https:\\\/\\\/keybox.nl\\\/\",\"name\":\"\",\"description\":\"\",\"potentialAction\":[{\"@type\":\"SearchAction\",\"target\":{\"@type\":\"EntryPoint\",\"urlTemplate\":\"https:\\\/\\\/keybox.nl\\\/?s={search_term_string}\"},\"query-input\":{\"@type\":\"PropertyValueSpecification\",\"valueRequired\":true,\"valueName\":\"search_term_string\"}}],\"inLanguage\":\"es\"}]}<\/script>\n<!-- \/ Yoast SEO plugin. -->","yoast_head_json":{"title":"Panel para KSB107 y KSB107W -","robots":{"index":"index","follow":"follow","max-snippet":"max-snippet:-1","max-image-preview":"max-image-preview:large","max-video-preview":"max-video-preview:-1"},"canonical":"https:\/\/keybox.nl\/es\/producto\/paneel-met-uitsparing-ksb107\/","og_locale":"es_ES","og_type":"article","og_title":"Paneel voor KSB107 en KSB107W -","og_description":"Gevelpaneel met uitsparing voor de KSB107 Aanbevolen bij installatie in een niet stenen muur zoals een sandwich paneel. Het rvs \/ inox paneel is voorzien van een uitsparing.","og_url":"https:\/\/keybox.nl\/es\/producto\/paneel-met-uitsparing-ksb107\/","article_modified_time":"2025-11-26T09:43:27+00:00","og_image":[{"width":487,"height":487,"url":"http:\/\/keybox.nl\/wp-content\/uploads\/2022\/02\/SS-Plate-KSB107-e1643788038351.jpg","type":"image\/jpeg"}],"twitter_card":"summary_large_image","twitter_misc":{"Tiempo de lectura":"1 minuto"},"schema":{"@context":"https:\/\/schema.org","@graph":[{"@type":"WebPage","@id":"https:\/\/keybox.nl\/product\/paneel-met-uitsparing-ksb107\/","url":"https:\/\/keybox.nl\/product\/paneel-met-uitsparing-ksb107\/","name":"Panel para KSB107 y KSB107W -","isPartOf":{"@id":"https:\/\/keybox.nl\/#website"},"primaryImageOfPage":{"@id":"https:\/\/keybox.nl\/product\/paneel-met-uitsparing-ksb107\/#primaryimage"},"image":{"@id":"https:\/\/keybox.nl\/product\/paneel-met-uitsparing-ksb107\/#primaryimage"},"thumbnailUrl":"https:\/\/keybox.nl\/wp-content\/uploads\/2022\/02\/SS-Plate-KSB107-e1643788038351.jpg","datePublished":"2022-02-01T21:32:25+00:00","dateModified":"2025-11-26T09:43:27+00:00","breadcrumb":{"@id":"https:\/\/keybox.nl\/product\/paneel-met-uitsparing-ksb107\/#breadcrumb"},"inLanguage":"es","potentialAction":[{"@type":"ReadAction","target":["https:\/\/keybox.nl\/product\/paneel-met-uitsparing-ksb107\/"]}]},{"@type":"ImageObject","inLanguage":"es","@id":"https:\/\/keybox.nl\/product\/paneel-met-uitsparing-ksb107\/#primaryimage","url":"https:\/\/keybox.nl\/wp-content\/uploads\/2022\/02\/SS-Plate-KSB107-e1643788038351.jpg","contentUrl":"https:\/\/keybox.nl\/wp-content\/uploads\/2022\/02\/SS-Plate-KSB107-e1643788038351.jpg","width":487,"height":487,"caption":"RVS paneel ksb107"},{"@type":"BreadcrumbList","@id":"https:\/\/keybox.nl\/product\/paneel-met-uitsparing-ksb107\/#breadcrumb","itemListElement":[{"@type":"ListItem","position":1,"name":"Home","item":"https:\/\/keybox.nl\/"},{"@type":"ListItem","position":2,"name":"Beveiligde sleutelkastjes kopen","item":"https:\/\/keybox.nl\/"},{"@type":"ListItem","position":3,"name":"Paneel voor KSB107 en KSB107W"}]},{"@type":"WebSite","@id":"https:\/\/keybox.nl\/#website","url":"https:\/\/keybox.nl\/","name":"","description":"","potentialAction":[{"@type":"SearchAction","target":{"@type":"EntryPoint","urlTemplate":"https:\/\/keybox.nl\/?s={search_term_string}"},"query-input":{"@type":"PropertyValueSpecification","valueRequired":true,"valueName":"search_term_string"}}],"inLanguage":"es"}]}},"jetpack-related-posts":[{"id":193,"url":"https:\/\/keybox.nl\/es\/producto\/keysecuritybox-sleutelkluis-ksb107\/","url_meta":{"origin":237,"position":0},"title":"Caja fuerte para llaves Keysecuritybox KSB107","author":"Keybox@beheermodule","date":"28 enero 2022","format":false,"excerpt":"Caja de seguridad para llaves KSB107 La KSB107 puede instalarse en una pared\/pared y es extremadamente segura. Apertura L44, H64, D 124 mm.","rel":"","context":"Entrada similar","block_context":{"text":"Entrada similar","link":""},"img":{"alt_text":"","src":"https:\/\/i0.wp.com\/keybox.nl\/wp-content\/uploads\/2022\/01\/Ksb007-5-225x300.jpg?resize=350%2C200","width":350,"height":200},"classes":[]},{"id":201,"url":"https:\/\/keybox.nl\/es\/producto\/keysecuritybox-sleutelkluis-ksb107-wl\/","url_meta":{"origin":237,"position":1},"title":"Caja fuerte para llaves KSB107 W","author":"Keybox@beheermodule","date":"28 enero 2022","format":false,"excerpt":"Caja de seguridad para llaves KSB107 XL La KSB107 puede instalarse en una pared\/pared y es extremadamente segura. Apertura L66, H64, D 124 mm.","rel":"","context":"Entrada similar","block_context":{"text":"Entrada similar","link":""},"img":{"alt_text":"","src":"https:\/\/i0.wp.com\/keybox.nl\/wp-content\/uploads\/2022\/01\/Keysecuritybox-KSB107XL-300x300.jpg?resize=350%2C200","width":350,"height":200},"classes":[]},{"id":255,"url":"https:\/\/keybox.nl\/es\/producto\/regenkap-anti-masking-ksb107\/","url_meta":{"origin":237,"position":2},"title":"Gorro de lluvia | Antienmascaramiento KSB107","author":"Keybox@beheermodule","date":"3 febrero 2022","format":false,"excerpt":"\u00a0 Coloque la cubierta antilluvia\/enmascaramiento de acero inoxidable\/Inox para evitar la entrada de lluvia y el enmascaramiento.\u00a0","rel":"","context":"Entrada similar","block_context":{"text":"Entrada similar","link":""},"img":{"alt_text":"Regenkap KSB107","src":"https:\/\/i0.wp.com\/keybox.nl\/wp-content\/uploads\/2022\/01\/KSB_007_rain-scaled-e1643227017671.jpg?resize=350%2C200&ssl=1","width":350,"height":200},"classes":[]},{"id":1339,"url":"https:\/\/keybox.nl\/es\/producto\/regenkap-anti-masking-ksb107-xl\/","url_meta":{"origin":237,"position":3},"title":"Gorro de lluvia | Antienmascaramiento KSB107W","author":"Keybox@beheermodule","date":"10 febrero 2023","format":false,"excerpt":"\u00a0 Coloque la cubierta antilluvia\/enmascaramiento de acero inoxidable\/Inox para evitar la entrada de lluvia y el enmascaramiento.\u00a0","rel":"","context":"Entrada similar","block_context":{"text":"Entrada similar","link":""},"img":{"alt_text":"Regenkap KSB107","src":"https:\/\/i0.wp.com\/keybox.nl\/wp-content\/uploads\/2022\/01\/KSB_007_rain-scaled-e1643227017671.jpg?resize=350%2C200&ssl=1","width":350,"height":200},"classes":[]},{"id":232,"url":"https:\/\/keybox.nl\/es\/producto\/lowering-bracket-ksb107\/","url_meta":{"origin":237,"position":4},"title":"soporte de descenso KSB107","author":"Keybox@beheermodule","date":"1 febrero 2022","format":false,"excerpt":"soporte de descenso KSB007 Coloque el kit de descenso si la pared tiene un grosor superior a 30 cent\u00edmetros, de modo que haya una pendiente de al menos 30\u02da.","rel":"","context":"Entrada similar","block_context":{"text":"Entrada similar","link":""},"img":{"alt_text":"Lowering bracket KSB107","src":"https:\/\/i0.wp.com\/keybox.nl\/wp-content\/uploads\/2022\/02\/Lowering-bracket-KSB107.jpg?resize=350%2C200&ssl=1","width":350,"height":200,"srcset":"https:\/\/i0.wp.com\/keybox.nl\/wp-content\/uploads\/2022\/02\/Lowering-bracket-KSB107.jpg?resize=350%2C200&ssl=1 1x, https:\/\/i0.wp.com\/keybox.nl\/wp-content\/uploads\/2022\/02\/Lowering-bracket-KSB107.jpg?resize=525%2C300&ssl=1 1.5x, https:\/\/i0.wp.com\/keybox.nl\/wp-content\/uploads\/2022\/02\/Lowering-bracket-KSB107.jpg?resize=700%2C400&ssl=1 2x, https:\/\/i0.wp.com\/keybox.nl\/wp-content\/uploads\/2022\/02\/Lowering-bracket-KSB107.jpg?resize=1050%2C600&ssl=1 3x"},"classes":[]},{"id":1812,"url":"https:\/\/keybox.nl\/es\/producto\/drs-vector-combi-keysafe\/","url_meta":{"origin":237,"position":5},"title":"DRS Vector Combi Keysafe","author":"Elric Drost","date":"21 enero 2025","format":false,"excerpt":"Perfecto para uso profesional.","rel":"","context":"Entrada similar","block_context":{"text":"Entrada similar","link":""},"img":{"alt_text":"","src":"https:\/\/i0.wp.com\/keybox.nl\/wp-content\/uploads\/2025\/01\/DRS-Vector-Combi-Keysafe-keybox.jpg?resize=350%2C200&ssl=1","width":350,"height":200,"srcset":"https:\/\/i0.wp.com\/keybox.nl\/wp-content\/uploads\/2025\/01\/DRS-Vector-Combi-Keysafe-keybox.jpg?resize=350%2C200&ssl=1 1x, https:\/\/i0.wp.com\/keybox.nl\/wp-content\/uploads\/2025\/01\/DRS-Vector-Combi-Keysafe-keybox.jpg?resize=525%2C300&ssl=1 1.5x, https:\/\/i0.wp.com\/keybox.nl\/wp-content\/uploads\/2025\/01\/DRS-Vector-Combi-Keysafe-keybox.jpg?resize=700%2C400&ssl=1 2x, https:\/\/i0.wp.com\/keybox.nl\/wp-content\/uploads\/2025\/01\/DRS-Vector-Combi-Keysafe-keybox.jpg?resize=1050%2C600&ssl=1 3x"},"classes":[]}],"jetpack_sharing_enabled":true,"_links":{"self":[{"href":"https:\/\/keybox.nl\/es\/wp-json\/wp\/v2\/product\/237","targetHints":{"allow":["GET"]}}],"collection":[{"href":"https:\/\/keybox.nl\/es\/wp-json\/wp\/v2\/product"}],"about":[{"href":"https:\/\/keybox.nl\/es\/wp-json\/wp\/v2\/types\/product"}],"replies":[{"embeddable":true,"href":"https:\/\/keybox.nl\/es\/wp-json\/wp\/v2\/comments?post=237"}],"wp:featuredmedia":[{"embeddable":true,"href":"https:\/\/keybox.nl\/es\/wp-json\/wp\/v2\/media\/246"}],"wp:attachment":[{"href":"https:\/\/keybox.nl\/es\/wp-json\/wp\/v2\/media?parent=237"}],"wp:term":[{"taxonomy":"product_brand","embeddable":true,"href":"https:\/\/keybox.nl\/es\/wp-json\/wp\/v2\/product_brand?post=237"},{"taxonomy":"product_cat","embeddable":true,"href":"https:\/\/keybox.nl\/es\/wp-json\/wp\/v2\/product_cat?post=237"},{"taxonomy":"product_tag","embeddable":true,"href":"https:\/\/keybox.nl\/es\/wp-json\/wp\/v2\/product_tag?post=237"}],"curies":[{"name":"wp","href":"https:\/\/api.w.org\/{rel}","templated":true}]}}