{"id":201,"date":"2022-01-28T16:35:05","date_gmt":"2022-01-28T16:35:05","guid":{"rendered":"http:\/\/keybox.nl\/?post_type=product&#038;p=201"},"modified":"2026-03-23T01:16:41","modified_gmt":"2026-03-23T01:16:41","slug":"keysecuritybox-sleutelkluis-ksb107-wl","status":"publish","type":"product","link":"https:\/\/keybox.nl\/es\/producto\/keysecuritybox-sleutelkluis-ksb107-wl\/","title":{"rendered":"Caja fuerte para llaves KSB107 W"},"content":{"rendered":"<h2>Caja de seguridad para llaves KSB107 W (apertura m\u00e1s ancha en el rollo)<\/h2>\n<p>La soluci\u00f3n m\u00e1s sencilla y segura para depositar llaves y tarjetas llave 24 horas al d\u00eda, 7 d\u00edas a la semana: miles de empresas utilizan este buz\u00f3n inteligente, robusto y asequible.<\/p>\n<p>La KSB107 XL tiene una abertura m\u00e1s ancha en la rueda del rodillo. Los 22 mm adicionales permiten depositar manojos de llaves m\u00e1s grandes,<\/p>\n<p>El KSB107 XL puede instalarse en un muro\/pared y es extremadamente seguro. En el exterior de la pared, s\u00f3lo es visible la placa con el rodillo. Las llaves que se depositan caen dentro del edificio en una robusta caja fuerte cerrada. La caja fuerte est\u00e1 equipada con una cerradura de seguridad de bloqueo con recorrido de disparo de 21 mm, rotaci\u00f3n de 300\u00ba y 2 disparos. La llave no puede extraerse en posici\u00f3n abierta.<\/p>\n<p>El KSB107 XL puede montarse en casi cualquier pared. Incluso en un panel s\u00e1ndwich si se coloca un panel de acero inoxidable \/ acero inoxidable entre la placa de front\u00f3n con rodillo y la pared. La caja fuerte interior est\u00e1 preparada para la instalaci\u00f3n de un Detector S\u00edsmico \/ de Seguridad. Este sensor notifica la alarma en caso de ataque y reacciona a una combinaci\u00f3n de vibraci\u00f3n y sonido.<\/p>\n<p><img decoding=\"async\" class=\"size-medium wp-image-257 alignleft\" src=\"http:\/\/keybox.nl\/wp-content\/uploads\/2022\/01\/Keysecuritybox-KSB107XL-300x300.jpg\" alt=\"\" width=\"300\" height=\"300\" srcset=\"https:\/\/keybox.nl\/wp-content\/uploads\/2022\/01\/Keysecuritybox-KSB107XL-300x300.jpg 300w, https:\/\/keybox.nl\/wp-content\/uploads\/2022\/01\/Keysecuritybox-KSB107XL-324x324.jpg 324w, https:\/\/keybox.nl\/wp-content\/uploads\/2022\/01\/Keysecuritybox-KSB107XL-100x100.jpg 100w, https:\/\/keybox.nl\/wp-content\/uploads\/2022\/01\/Keysecuritybox-KSB107XL-416x417.jpg 416w, https:\/\/keybox.nl\/wp-content\/uploads\/2022\/01\/Keysecuritybox-KSB107XL-150x150.jpg 150w, https:\/\/keybox.nl\/wp-content\/uploads\/2022\/01\/Keysecuritybox-KSB107XL.jpg 648w\" sizes=\"(max-width: 300px) 100vw, 300px\" \/><\/p>\n<p>&nbsp;<\/p>\n<p>&nbsp;<\/p>\n<p>&nbsp;<\/p>\n<p>&nbsp;<\/p>\n<p>&nbsp;<\/p>\n<p>&nbsp;<\/p>\n<p>&nbsp;<\/p>\n<p><strong>Simple<\/strong><br \/>\nEsta caja fuerte para llaves compacta y robusta es la soluci\u00f3n m\u00e1s sencilla para proteger llaves y tarjetas de forma \u00f3ptima. Dispone de varias versiones, por lo que siempre puede instalarse contra o en paredes. \u00bfNo hay paredes? Entonces la caja de llaves puede montarse en una consola de acero. La caja fuerte es totalmente mec\u00e1nica y muy f\u00e1cil de usar.<\/p>\n<p><strong>S\u00f3lido<\/strong><br \/>\nEsta caja fuerte para llaves es extremadamente resistente. A excepci\u00f3n de la rueda de dep\u00f3sito, est\u00e1 fabricada \u00edntegramente en acero macizo. Como la caja fuerte s\u00f3lo tiene una pieza m\u00f3vil, es extremadamente duradera, resistente a la intemperie y fiable. Y las llaves y tarjetas introducidas est\u00e1n seguras, ya que la rueda de dep\u00f3sito inteligente hace imposible \"pescar\" las llaves.<\/p>\n<p><strong>Seguro<\/strong><br \/>\nGire la rueda del rodillo hacia arriba hasta que se vea la abertura, introduzca la llave o tarjeta llave en la rueda del rodillo y suelte el rodillo para que gire autom\u00e1ticamente hacia atr\u00e1s y la llave caiga dentro de la caja fuerte. M\u00e1s sencillo imposible.<\/p>\n<p><strong>LA MEJOR SOLUCI\u00d3N PARA EMPRESAS DE ALQUILER DE COCHES, EMPRESAS DE LEASING, CONCESIONARIOS DE COCHES, EMPRESAS CON FLOTAS, CONCESIONARIOS DE COCHES, TALLERES, HOTELES Y MUCHO M\u00c1S.<\/strong><\/p>\n<p><strong><br \/>\nUna selecci\u00f3n de nuestras referencias<\/strong><br \/>\nConcesionarios de autom\u00f3viles: Audi, BMW, Chevolet, Citro\u00ebn, Fiat, Jaguar, Ford, Honda, Isuzu, Land Rover, camiones MAN, Mazda, Mercedes, Mitsubishi, Nissan, Tesla, Toyota, Opel, Peugeot, Rolls Royce, Renault, Saab, Porsche, Volvo, Volkswagen Alquiler de coches: Avis, Hertz, Budget, Sixt, Europcar, Dockx, Thrifty, AVA Rent, Autorent, Drive Yourself, Bochane Rent, Oto2rent, Camion Rentals, Runner Trucks, Bultman Hertz Transporte p\u00fablico: Aeropuerto Schiphol Amsterdam, Aeropuerto Rotterdam, Aeropuerto Eindhoven, Aeropuerto Groningen, Aeropuerto Maastricht, Aeropuerto Antwerp, Aeropuerto Brussels, Aeropuerto Charleroi, Aeroport du Luxembourg, Estaci\u00f3n Antwerp Central Otros: Carglass, ING Car Lease, Runner Truck Lease &amp; Rental, Scheer en Foppen Logistics, Borent, Philips Lighting Company cars &amp; Trailer Service, Dura Vermeer Road Construction, Bosch Universal Car Companies, Profile Tyre Center.<\/p>\n<p><strong>Especificaciones<\/strong><br \/>\nModelo: KSB107<br \/>\nTama\u00f1o interior de la caja fuerte: 215 x 555 x 177 mm<br \/>\nTama\u00f1o del front\u00f3n: 180 x 320 x 145 mm<br \/>\nTama\u00f1o del hueco del rodillo: L66, H64, D124 mm<br \/>\nPeso: 24 kg<br \/>\nColor: RAL 9006<\/p>\n<p><strong>Contenido del paquete KSB107 XL<\/strong><br \/>\n- 1 x KeySecurityBox<br \/>\n- 1 x portaobjetos<br \/>\n- 1 alfombrilla para la caja fuerte<br \/>\n- 1 x Tapa<br \/>\n- 4 x Anillo \u00f8 20 mm<br \/>\n- 4 x extremo roscado<br \/>\n- 4 x Tuerca M10<br \/>\n- 1 pegatina de instrucciones<br \/>\n- 2 x llaves de caja<\/p>\n<p><iframe title=\"Dep\u00f3sito de llaves en Keysecuritybox KSB107 en Fred Janssen Van Kouwen Car Rental\" width=\"980\" height=\"551\" src=\"https:\/\/www.youtube.com\/embed\/RgrgjCxeTt0?feature=oembed&#038;enablejsapi=1&#038;origin=https:\/\/keybox.nl\" frameborder=\"0\" allow=\"accelerometer; autoplay; clipboard-write; encrypted-media; gyroscope; picture-in-picture; web-share\" referrerpolicy=\"strict-origin-when-cross-origin\" allowfullscreen><\/iframe><\/p>","protected":false},"excerpt":{"rendered":"<h2>Caja de seguridad para llaves KSB107 XL<\/h2>\n<p>El KSB107 puede colocarse en un muro\/pared y es extremadamente seguro. Apertura de rodillo L66, H64, D 124 mm.<\/p>","protected":false},"featured_media":195,"comment_status":"open","ping_status":"closed","template":"","meta":[],"product_brand":[],"product_cat":[18],"product_tag":[21,20,44,43],"class_list":{"0":"post-201","1":"product","2":"type-product","3":"status-publish","4":"has-post-thumbnail","6":"product_cat-keysecuritybox","7":"product_tag-keybox","8":"product_tag-keysecuritybox","9":"product_tag-ksb107","10":"product_tag-xl","12":"first","13":"instock","14":"taxable","15":"shipping-taxable","16":"purchasable","17":"product-type-simple"},"yoast_head":"<!-- This site is optimized with the Yoast SEO plugin v27.4 - https:\/\/yoast.com\/product\/yoast-seo-wordpress\/ -->\n<title>Keysecuritybox KSB107 W sleutelkluis -<\/title>\n<meta name=\"robots\" content=\"index, follow, max-snippet:-1, max-image-preview:large, max-video-preview:-1\" \/>\n<link rel=\"canonical\" href=\"https:\/\/keybox.nl\/es\/producto\/keysecuritybox-sleutelkluis-ksb107-wl\/\" \/>\n<meta property=\"og:locale\" content=\"es_ES\" \/>\n<meta property=\"og:type\" content=\"article\" \/>\n<meta property=\"og:title\" content=\"Keysecuritybox KSB107 W sleutelkluis -\" \/>\n<meta property=\"og:description\" content=\"Keysecuritybox KSB107 XL De KSB107 kan in een muur \/ wand geplaatst worden en is extreem veilig. Rol opening L66, H64, D 124 mm.\" \/>\n<meta property=\"og:url\" content=\"https:\/\/keybox.nl\/es\/producto\/keysecuritybox-sleutelkluis-ksb107-wl\/\" \/>\n<meta property=\"article:modified_time\" content=\"2026-03-23T01:16:41+00:00\" \/>\n<meta property=\"og:image\" content=\"http:\/\/keybox.nl\/wp-content\/uploads\/2022\/01\/KSB_007_2-e1643381083359.jpg\" \/>\n\t<meta property=\"og:image:width\" content=\"348\" \/>\n\t<meta property=\"og:image:height\" content=\"487\" \/>\n\t<meta property=\"og:image:type\" content=\"image\/jpeg\" \/>\n<meta name=\"twitter:card\" content=\"summary_large_image\" \/>\n<meta name=\"twitter:label1\" content=\"Tiempo de lectura\" \/>\n\t<meta name=\"twitter:data1\" content=\"4 minutos\" \/>\n<script type=\"application\/ld+json\" class=\"yoast-schema-graph\">{\"@context\":\"https:\\\/\\\/schema.org\",\"@graph\":[{\"@type\":\"WebPage\",\"@id\":\"https:\\\/\\\/keybox.nl\\\/product\\\/keysecuritybox-sleutelkluis-ksb107-wl\\\/\",\"url\":\"https:\\\/\\\/keybox.nl\\\/product\\\/keysecuritybox-sleutelkluis-ksb107-wl\\\/\",\"name\":\"Keysecuritybox KSB107 W sleutelkluis -\",\"isPartOf\":{\"@id\":\"https:\\\/\\\/keybox.nl\\\/#website\"},\"primaryImageOfPage\":{\"@id\":\"https:\\\/\\\/keybox.nl\\\/product\\\/keysecuritybox-sleutelkluis-ksb107-wl\\\/#primaryimage\"},\"image\":{\"@id\":\"https:\\\/\\\/keybox.nl\\\/product\\\/keysecuritybox-sleutelkluis-ksb107-wl\\\/#primaryimage\"},\"thumbnailUrl\":\"https:\\\/\\\/keybox.nl\\\/wp-content\\\/uploads\\\/2022\\\/01\\\/KSB_007_2-e1643381083359.jpg\",\"datePublished\":\"2022-01-28T16:35:05+00:00\",\"dateModified\":\"2026-03-23T01:16:41+00:00\",\"breadcrumb\":{\"@id\":\"https:\\\/\\\/keybox.nl\\\/product\\\/keysecuritybox-sleutelkluis-ksb107-wl\\\/#breadcrumb\"},\"inLanguage\":\"es\",\"potentialAction\":[{\"@type\":\"ReadAction\",\"target\":[\"https:\\\/\\\/keybox.nl\\\/product\\\/keysecuritybox-sleutelkluis-ksb107-wl\\\/\"]}]},{\"@type\":\"ImageObject\",\"inLanguage\":\"es\",\"@id\":\"https:\\\/\\\/keybox.nl\\\/product\\\/keysecuritybox-sleutelkluis-ksb107-wl\\\/#primaryimage\",\"url\":\"https:\\\/\\\/keybox.nl\\\/wp-content\\\/uploads\\\/2022\\\/01\\\/KSB_007_2-e1643381083359.jpg\",\"contentUrl\":\"https:\\\/\\\/keybox.nl\\\/wp-content\\\/uploads\\\/2022\\\/01\\\/KSB_007_2-e1643381083359.jpg\",\"width\":348,\"height\":487},{\"@type\":\"BreadcrumbList\",\"@id\":\"https:\\\/\\\/keybox.nl\\\/product\\\/keysecuritybox-sleutelkluis-ksb107-wl\\\/#breadcrumb\",\"itemListElement\":[{\"@type\":\"ListItem\",\"position\":1,\"name\":\"Home\",\"item\":\"https:\\\/\\\/keybox.nl\\\/\"},{\"@type\":\"ListItem\",\"position\":2,\"name\":\"Beveiligde sleutelkastjes kopen\",\"item\":\"https:\\\/\\\/keybox.nl\\\/\"},{\"@type\":\"ListItem\",\"position\":3,\"name\":\"Keysecuritybox KSB107 W sleutelkluis\"}]},{\"@type\":\"WebSite\",\"@id\":\"https:\\\/\\\/keybox.nl\\\/#website\",\"url\":\"https:\\\/\\\/keybox.nl\\\/\",\"name\":\"\",\"description\":\"\",\"potentialAction\":[{\"@type\":\"SearchAction\",\"target\":{\"@type\":\"EntryPoint\",\"urlTemplate\":\"https:\\\/\\\/keybox.nl\\\/?s={search_term_string}\"},\"query-input\":{\"@type\":\"PropertyValueSpecification\",\"valueRequired\":true,\"valueName\":\"search_term_string\"}}],\"inLanguage\":\"es\"}]}<\/script>\n<!-- \/ Yoast SEO plugin. -->","yoast_head_json":{"title":"Keysecuritybox KSB107 W caja fuerte para llaves -","robots":{"index":"index","follow":"follow","max-snippet":"max-snippet:-1","max-image-preview":"max-image-preview:large","max-video-preview":"max-video-preview:-1"},"canonical":"https:\/\/keybox.nl\/es\/producto\/keysecuritybox-sleutelkluis-ksb107-wl\/","og_locale":"es_ES","og_type":"article","og_title":"Keysecuritybox KSB107 W sleutelkluis -","og_description":"Keysecuritybox KSB107 XL De KSB107 kan in een muur \/ wand geplaatst worden en is extreem veilig. Rol opening L66, H64, D 124 mm.","og_url":"https:\/\/keybox.nl\/es\/producto\/keysecuritybox-sleutelkluis-ksb107-wl\/","article_modified_time":"2026-03-23T01:16:41+00:00","og_image":[{"width":348,"height":487,"url":"http:\/\/keybox.nl\/wp-content\/uploads\/2022\/01\/KSB_007_2-e1643381083359.jpg","type":"image\/jpeg"}],"twitter_card":"summary_large_image","twitter_misc":{"Tiempo de lectura":"4 minutos"},"schema":{"@context":"https:\/\/schema.org","@graph":[{"@type":"WebPage","@id":"https:\/\/keybox.nl\/product\/keysecuritybox-sleutelkluis-ksb107-wl\/","url":"https:\/\/keybox.nl\/product\/keysecuritybox-sleutelkluis-ksb107-wl\/","name":"Keysecuritybox KSB107 W caja fuerte para llaves -","isPartOf":{"@id":"https:\/\/keybox.nl\/#website"},"primaryImageOfPage":{"@id":"https:\/\/keybox.nl\/product\/keysecuritybox-sleutelkluis-ksb107-wl\/#primaryimage"},"image":{"@id":"https:\/\/keybox.nl\/product\/keysecuritybox-sleutelkluis-ksb107-wl\/#primaryimage"},"thumbnailUrl":"https:\/\/keybox.nl\/wp-content\/uploads\/2022\/01\/KSB_007_2-e1643381083359.jpg","datePublished":"2022-01-28T16:35:05+00:00","dateModified":"2026-03-23T01:16:41+00:00","breadcrumb":{"@id":"https:\/\/keybox.nl\/product\/keysecuritybox-sleutelkluis-ksb107-wl\/#breadcrumb"},"inLanguage":"es","potentialAction":[{"@type":"ReadAction","target":["https:\/\/keybox.nl\/product\/keysecuritybox-sleutelkluis-ksb107-wl\/"]}]},{"@type":"ImageObject","inLanguage":"es","@id":"https:\/\/keybox.nl\/product\/keysecuritybox-sleutelkluis-ksb107-wl\/#primaryimage","url":"https:\/\/keybox.nl\/wp-content\/uploads\/2022\/01\/KSB_007_2-e1643381083359.jpg","contentUrl":"https:\/\/keybox.nl\/wp-content\/uploads\/2022\/01\/KSB_007_2-e1643381083359.jpg","width":348,"height":487},{"@type":"BreadcrumbList","@id":"https:\/\/keybox.nl\/product\/keysecuritybox-sleutelkluis-ksb107-wl\/#breadcrumb","itemListElement":[{"@type":"ListItem","position":1,"name":"Home","item":"https:\/\/keybox.nl\/"},{"@type":"ListItem","position":2,"name":"Beveiligde sleutelkastjes kopen","item":"https:\/\/keybox.nl\/"},{"@type":"ListItem","position":3,"name":"Keysecuritybox KSB107 W sleutelkluis"}]},{"@type":"WebSite","@id":"https:\/\/keybox.nl\/#website","url":"https:\/\/keybox.nl\/","name":"","description":"","potentialAction":[{"@type":"SearchAction","target":{"@type":"EntryPoint","urlTemplate":"https:\/\/keybox.nl\/?s={search_term_string}"},"query-input":{"@type":"PropertyValueSpecification","valueRequired":true,"valueName":"search_term_string"}}],"inLanguage":"es"}]}},"jetpack-related-posts":[{"id":193,"url":"https:\/\/keybox.nl\/es\/producto\/keysecuritybox-sleutelkluis-ksb107\/","url_meta":{"origin":201,"position":0},"title":"Caja fuerte para llaves Keysecuritybox KSB107","author":"Keybox@beheermodule","date":"28 enero 2022","format":false,"excerpt":"Caja de seguridad para llaves KSB107 La KSB107 puede instalarse en una pared\/pared y es extremadamente segura. Apertura L44, H64, D 124 mm.","rel":"","context":"Entrada similar","block_context":{"text":"Entrada similar","link":""},"img":{"alt_text":"","src":"https:\/\/i0.wp.com\/keybox.nl\/wp-content\/uploads\/2022\/01\/Ksb007-5-225x300.jpg?resize=350%2C200","width":350,"height":200},"classes":[]},{"id":255,"url":"https:\/\/keybox.nl\/es\/producto\/regenkap-anti-masking-ksb107\/","url_meta":{"origin":201,"position":1},"title":"Gorro de lluvia | Antienmascaramiento KSB107","author":"Keybox@beheermodule","date":"3 febrero 2022","format":false,"excerpt":"\u00a0 Coloque la cubierta antilluvia\/enmascaramiento de acero inoxidable\/Inox para evitar la entrada de lluvia y el enmascaramiento.\u00a0","rel":"","context":"Entrada similar","block_context":{"text":"Entrada similar","link":""},"img":{"alt_text":"Regenkap KSB107","src":"https:\/\/i0.wp.com\/keybox.nl\/wp-content\/uploads\/2022\/01\/KSB_007_rain-scaled-e1643227017671.jpg?resize=350%2C200&ssl=1","width":350,"height":200},"classes":[]},{"id":1339,"url":"https:\/\/keybox.nl\/es\/producto\/regenkap-anti-masking-ksb107-xl\/","url_meta":{"origin":201,"position":2},"title":"Gorro de lluvia | Antienmascaramiento KSB107W","author":"Keybox@beheermodule","date":"10 febrero 2023","format":false,"excerpt":"\u00a0 Coloque la cubierta antilluvia\/enmascaramiento de acero inoxidable\/Inox para evitar la entrada de lluvia y el enmascaramiento.\u00a0","rel":"","context":"Entrada similar","block_context":{"text":"Entrada similar","link":""},"img":{"alt_text":"Regenkap KSB107","src":"https:\/\/i0.wp.com\/keybox.nl\/wp-content\/uploads\/2022\/01\/KSB_007_rain-scaled-e1643227017671.jpg?resize=350%2C200&ssl=1","width":350,"height":200},"classes":[]},{"id":237,"url":"https:\/\/keybox.nl\/es\/producto\/paneel-met-uitsparing-ksb107\/","url_meta":{"origin":201,"position":3},"title":"Panel para KSB107 y KSB107W","author":"Keybox@beheermodule","date":"1 febrero 2022","format":false,"excerpt":"Panel de pared con rebaje para KSB107 Recomendado cuando se instala en una pared que no es de piedra, como un panel s\u00e1ndwich. El panel de acero inoxidable\/inox est\u00e1 equipado con un rebaje.","rel":"","context":"Entrada similar","block_context":{"text":"Entrada similar","link":""},"img":{"alt_text":"RVS paneel ksb107","src":"https:\/\/i0.wp.com\/keybox.nl\/wp-content\/uploads\/2022\/02\/SS-Plate-KSB107-e1643788038351.jpg?resize=350%2C200&ssl=1","width":350,"height":200},"classes":[]},{"id":248,"url":"https:\/\/keybox.nl\/es\/producto\/seismische-kluis-detector-ksb107\/","url_meta":{"origin":201,"position":4},"title":"Detector s\u00edsmico de c\u00e1maras acorazadas KSB107","author":"Keybox@beheermodule","date":"2 febrero 2022","format":false,"excerpt":"Detector s\u00edsmico de seguridad KSB007 Detector s\u00edsmico de seguridad en carcasa met\u00e1lica. El sensor reacciona a la vibraci\u00f3n y al sonido, lo que le permite detectar un ataque al objeto. Se conecta al sistema de alarma. La Keysecuritybox KSB107 est\u00e1 preparada para montar este sensor. Anchura31 mm Altura 23 mm Longitud 91 mm Material...","rel":"","context":"Entrada similar","block_context":{"text":"Entrada similar","link":""},"img":{"alt_text":"Seismische Kluis Detector","src":"https:\/\/i0.wp.com\/keybox.nl\/wp-content\/uploads\/2022\/02\/Seismische-Kluis-Detector-e1643814028729.jpg?resize=350%2C200&ssl=1","width":350,"height":200},"classes":[]},{"id":36,"url":"https:\/\/keybox.nl\/es\/producto\/ksb101-ksb102-sleutelkluis\/","url_meta":{"origin":201,"position":5},"title":"Caja fuerte para llaves KSB101, KSB102","author":"Keybox@beheermodule","date":"30 noviembre 2021","format":false,"excerpt":"Caja de seguridad para llaves KSB101 &amp; KSB102 Una caja fuerte en dos versiones: rueda de dep\u00f3sito izquierda o derecha","rel":"","context":"Con 1 comentario","block_context":{"text":"Con 1 comentario","link":"https:\/\/keybox.nl\/es\/producto\/ksb101-ksb102-sleutelkluis\/#comments"},"img":{"alt_text":"","src":"https:\/\/i0.wp.com\/keybox.nl\/wp-content\/uploads\/2021\/11\/KSB_101_3-scaled-e1638352491754.jpg?resize=350%2C200&ssl=1","width":350,"height":200},"classes":[]}],"jetpack_sharing_enabled":true,"_links":{"self":[{"href":"https:\/\/keybox.nl\/es\/wp-json\/wp\/v2\/product\/201","targetHints":{"allow":["GET"]}}],"collection":[{"href":"https:\/\/keybox.nl\/es\/wp-json\/wp\/v2\/product"}],"about":[{"href":"https:\/\/keybox.nl\/es\/wp-json\/wp\/v2\/types\/product"}],"replies":[{"embeddable":true,"href":"https:\/\/keybox.nl\/es\/wp-json\/wp\/v2\/comments?post=201"}],"wp:featuredmedia":[{"embeddable":true,"href":"https:\/\/keybox.nl\/es\/wp-json\/wp\/v2\/media\/195"}],"wp:attachment":[{"href":"https:\/\/keybox.nl\/es\/wp-json\/wp\/v2\/media?parent=201"}],"wp:term":[{"taxonomy":"product_brand","embeddable":true,"href":"https:\/\/keybox.nl\/es\/wp-json\/wp\/v2\/product_brand?post=201"},{"taxonomy":"product_cat","embeddable":true,"href":"https:\/\/keybox.nl\/es\/wp-json\/wp\/v2\/product_cat?post=201"},{"taxonomy":"product_tag","embeddable":true,"href":"https:\/\/keybox.nl\/es\/wp-json\/wp\/v2\/product_tag?post=201"}],"curies":[{"name":"wp","href":"https:\/\/api.w.org\/{rel}","templated":true}]}}