{"id":184,"date":"2022-01-26T20:32:05","date_gmt":"2022-01-26T20:32:05","guid":{"rendered":"http:\/\/keybox.nl\/?post_type=product&#038;p=184"},"modified":"2025-11-26T09:38:42","modified_gmt":"2025-11-26T09:38:42","slug":"keysecuritybox-ksb106","status":"publish","type":"product","link":"https:\/\/keybox.nl\/es\/producto\/keysecuritybox-ksb106\/","title":{"rendered":"Caja de seguridad para llaves KSB106"},"content":{"rendered":"<h2>Caja de seguridad para llaves KSB106<\/h2>\n<p>La soluci\u00f3n m\u00e1s sencilla y segura para depositar llaves y tarjetas llave 24 horas al d\u00eda, 7 d\u00edas a la semana: miles de empresas utilizan este buz\u00f3n inteligente, robusto y asequible.<\/p>\n<p>La KSB106 es una consola con una pata interior y una robusta carcasa exterior sobre la que se apoya el <a href=\"http:\/\/keybox.nl\/es\/producto\/keysecuritybox-ksb103\/\" target=\"_blank\" rel=\"noopener\">KSB103<\/a> o KSB004. La consola puede anclarse a un suelo o cimientos de hormig\u00f3n. A menudo se coloca en una entrada y en aeropuertos y estaciones de ferrocarril. Pero tambi\u00e9n en aparcamientos y detr\u00e1s o delante de una valla.<\/p>\n<p><img decoding=\"async\" class=\"alignnone size-medium wp-image-191\" src=\"http:\/\/keybox.nl\/wp-content\/uploads\/2022\/01\/KSB006_Dockx-225x300.jpg\" alt=\"\" width=\"225\" height=\"300\" srcset=\"https:\/\/keybox.nl\/wp-content\/uploads\/2022\/01\/KSB006_Dockx-225x300.jpg 225w, https:\/\/keybox.nl\/wp-content\/uploads\/2022\/01\/KSB006_Dockx-416x555.jpg 416w, https:\/\/keybox.nl\/wp-content\/uploads\/2022\/01\/KSB006_Dockx.jpg 425w\" sizes=\"(max-width: 225px) 100vw, 225px\" \/><\/p>\n<p><strong>LA MEJOR SOLUCI\u00d3N PARA EMPRESAS DE ALQUILER DE COCHES, EMPRESAS DE LEASING, CONCESIONARIOS DE COCHES, EMPRESAS CON FLOTAS, CONCESIONARIOS DE COCHES, TALLERES, HOTELES Y MUCHO M\u00c1S.<\/strong><\/p>\n<p><strong>Una selecci\u00f3n de nuestras referencias<\/strong><br \/>\nConcesionarios de autom\u00f3viles: Audi, BMW, Chevolet, Citro\u00ebn, Fiat, Jaguar, Ford, Honda, Isuzu, Land Rover, camiones MAN, Mazda, Mercedes, Mitsubishi, Nissan, Tesla, Toyota, Opel, Peugeot, Rolls Royce, Renault, Saab, Porsche, Volvo, Volkswagen Alquiler de coches: Avis, Hertz, Budget, Sixt, Europcar, Dockx, Thrifty, AVA Rent, Autorent, Drive Yourself, Bochane Rent, Oto2rent, Camion Rentals, Runner Trucks, Bultman Hertz Transporte p\u00fablico: Aeropuerto Schiphol Amsterdam, Aeropuerto Rotterdam, Aeropuerto Eindhoven, Aeropuerto Groningen, Aeropuerto Maastricht, Aeropuerto Antwerp, Aeropuerto Brussels, Aeropuerto Charleroi, Aeroport du Luxembourg, Estaci\u00f3n Antwerp Central Otros: Carglass, ING Car Lease, Runner Truck Lease &amp; Rental, Scheer en Foppen Logistics, Borent, Philips Lighting Company cars &amp; Trailer Service, Dura Vermeer Road Construction, Bosch Universal Car Companies, Profile Tyre Center.<\/p>\n<p>Especificaciones de KSB 106<br \/>\nDimensiones: dimensiones exteriores: 215 x 215 x 600 (ancho x fondo x alto)<br \/>\nPeso con embalaje: 23 kg aprox.<br \/>\nInstrucciones claras de instalaci\u00f3n<\/p>\n<p>Material y acabado<br \/>\nAcero al carbono laminado en fr\u00edo de alta calidad<br \/>\nPintura en polvo Dupont (Ral 9006)<br \/>\nAcero de pared gruesa<\/p>","protected":false},"excerpt":{"rendered":"<h2>Caja de seguridad para llaves KSB106<\/h2>\n<p>&nbsp;<\/p>","protected":false},"featured_media":190,"comment_status":"open","ping_status":"closed","template":"","meta":[],"product_brand":[],"product_cat":[36],"product_tag":[],"class_list":{"0":"post-184","1":"product","2":"type-product","3":"status-publish","4":"has-post-thumbnail","6":"product_cat-keysecuritybox-accessoires","8":"first","9":"instock","10":"taxable","11":"shipping-taxable","12":"purchasable","13":"product-type-simple"},"yoast_head":"<!-- This site is optimized with the Yoast SEO plugin v27.5 - https:\/\/yoast.com\/product\/yoast-seo-wordpress\/ -->\n<title>Keysecuritybox KSB106 -<\/title>\n<meta name=\"robots\" content=\"index, follow, max-snippet:-1, max-image-preview:large, max-video-preview:-1\" \/>\n<link rel=\"canonical\" href=\"https:\/\/keybox.nl\/es\/producto\/keysecuritybox-ksb106\/\" \/>\n<meta property=\"og:locale\" content=\"es_ES\" \/>\n<meta property=\"og:type\" content=\"article\" \/>\n<meta property=\"og:title\" content=\"Keysecuritybox KSB106 -\" \/>\n<meta property=\"og:description\" content=\"Keysecuritybox KSB106 &nbsp;\" \/>\n<meta property=\"og:url\" content=\"https:\/\/keybox.nl\/es\/producto\/keysecuritybox-ksb106\/\" \/>\n<meta property=\"article:modified_time\" content=\"2025-11-26T09:38:42+00:00\" \/>\n<meta property=\"og:image\" content=\"http:\/\/keybox.nl\/wp-content\/uploads\/2022\/01\/MG_3154-scaled-e1643377303706.jpg\" \/>\n\t<meta property=\"og:image:width\" content=\"773\" \/>\n\t<meta property=\"og:image:height\" content=\"900\" \/>\n\t<meta property=\"og:image:type\" content=\"image\/jpeg\" \/>\n<meta name=\"twitter:card\" content=\"summary_large_image\" \/>\n<meta name=\"twitter:label1\" content=\"Tiempo de lectura\" \/>\n\t<meta name=\"twitter:data1\" content=\"2 minutos\" \/>\n<script type=\"application\/ld+json\" class=\"yoast-schema-graph\">{\"@context\":\"https:\\\/\\\/schema.org\",\"@graph\":[{\"@type\":\"WebPage\",\"@id\":\"https:\\\/\\\/keybox.nl\\\/product\\\/keysecuritybox-ksb106\\\/\",\"url\":\"https:\\\/\\\/keybox.nl\\\/product\\\/keysecuritybox-ksb106\\\/\",\"name\":\"Keysecuritybox KSB106 -\",\"isPartOf\":{\"@id\":\"https:\\\/\\\/keybox.nl\\\/#website\"},\"primaryImageOfPage\":{\"@id\":\"https:\\\/\\\/keybox.nl\\\/product\\\/keysecuritybox-ksb106\\\/#primaryimage\"},\"image\":{\"@id\":\"https:\\\/\\\/keybox.nl\\\/product\\\/keysecuritybox-ksb106\\\/#primaryimage\"},\"thumbnailUrl\":\"https:\\\/\\\/keybox.nl\\\/wp-content\\\/uploads\\\/2022\\\/01\\\/MG_3154-scaled-e1643377303706.jpg\",\"datePublished\":\"2022-01-26T20:32:05+00:00\",\"dateModified\":\"2025-11-26T09:38:42+00:00\",\"breadcrumb\":{\"@id\":\"https:\\\/\\\/keybox.nl\\\/product\\\/keysecuritybox-ksb106\\\/#breadcrumb\"},\"inLanguage\":\"es\",\"potentialAction\":[{\"@type\":\"ReadAction\",\"target\":[\"https:\\\/\\\/keybox.nl\\\/product\\\/keysecuritybox-ksb106\\\/\"]}]},{\"@type\":\"ImageObject\",\"inLanguage\":\"es\",\"@id\":\"https:\\\/\\\/keybox.nl\\\/product\\\/keysecuritybox-ksb106\\\/#primaryimage\",\"url\":\"https:\\\/\\\/keybox.nl\\\/wp-content\\\/uploads\\\/2022\\\/01\\\/MG_3154-scaled-e1643377303706.jpg\",\"contentUrl\":\"https:\\\/\\\/keybox.nl\\\/wp-content\\\/uploads\\\/2022\\\/01\\\/MG_3154-scaled-e1643377303706.jpg\",\"width\":773,\"height\":900},{\"@type\":\"BreadcrumbList\",\"@id\":\"https:\\\/\\\/keybox.nl\\\/product\\\/keysecuritybox-ksb106\\\/#breadcrumb\",\"itemListElement\":[{\"@type\":\"ListItem\",\"position\":1,\"name\":\"Home\",\"item\":\"https:\\\/\\\/keybox.nl\\\/\"},{\"@type\":\"ListItem\",\"position\":2,\"name\":\"Beveiligde sleutelkastjes kopen\",\"item\":\"https:\\\/\\\/keybox.nl\\\/\"},{\"@type\":\"ListItem\",\"position\":3,\"name\":\"Keysecuritybox KSB106\"}]},{\"@type\":\"WebSite\",\"@id\":\"https:\\\/\\\/keybox.nl\\\/#website\",\"url\":\"https:\\\/\\\/keybox.nl\\\/\",\"name\":\"\",\"description\":\"\",\"potentialAction\":[{\"@type\":\"SearchAction\",\"target\":{\"@type\":\"EntryPoint\",\"urlTemplate\":\"https:\\\/\\\/keybox.nl\\\/?s={search_term_string}\"},\"query-input\":{\"@type\":\"PropertyValueSpecification\",\"valueRequired\":true,\"valueName\":\"search_term_string\"}}],\"inLanguage\":\"es\"}]}<\/script>\n<!-- \/ Yoast SEO plugin. -->","yoast_head_json":{"title":"Caja de seguridad para llaves KSB106 -","robots":{"index":"index","follow":"follow","max-snippet":"max-snippet:-1","max-image-preview":"max-image-preview:large","max-video-preview":"max-video-preview:-1"},"canonical":"https:\/\/keybox.nl\/es\/producto\/keysecuritybox-ksb106\/","og_locale":"es_ES","og_type":"article","og_title":"Keysecuritybox KSB106 -","og_description":"Keysecuritybox KSB106 &nbsp;","og_url":"https:\/\/keybox.nl\/es\/producto\/keysecuritybox-ksb106\/","article_modified_time":"2025-11-26T09:38:42+00:00","og_image":[{"width":773,"height":900,"url":"http:\/\/keybox.nl\/wp-content\/uploads\/2022\/01\/MG_3154-scaled-e1643377303706.jpg","type":"image\/jpeg"}],"twitter_card":"summary_large_image","twitter_misc":{"Tiempo de lectura":"2 minutos"},"schema":{"@context":"https:\/\/schema.org","@graph":[{"@type":"WebPage","@id":"https:\/\/keybox.nl\/product\/keysecuritybox-ksb106\/","url":"https:\/\/keybox.nl\/product\/keysecuritybox-ksb106\/","name":"Caja de seguridad para llaves KSB106 -","isPartOf":{"@id":"https:\/\/keybox.nl\/#website"},"primaryImageOfPage":{"@id":"https:\/\/keybox.nl\/product\/keysecuritybox-ksb106\/#primaryimage"},"image":{"@id":"https:\/\/keybox.nl\/product\/keysecuritybox-ksb106\/#primaryimage"},"thumbnailUrl":"https:\/\/keybox.nl\/wp-content\/uploads\/2022\/01\/MG_3154-scaled-e1643377303706.jpg","datePublished":"2022-01-26T20:32:05+00:00","dateModified":"2025-11-26T09:38:42+00:00","breadcrumb":{"@id":"https:\/\/keybox.nl\/product\/keysecuritybox-ksb106\/#breadcrumb"},"inLanguage":"es","potentialAction":[{"@type":"ReadAction","target":["https:\/\/keybox.nl\/product\/keysecuritybox-ksb106\/"]}]},{"@type":"ImageObject","inLanguage":"es","@id":"https:\/\/keybox.nl\/product\/keysecuritybox-ksb106\/#primaryimage","url":"https:\/\/keybox.nl\/wp-content\/uploads\/2022\/01\/MG_3154-scaled-e1643377303706.jpg","contentUrl":"https:\/\/keybox.nl\/wp-content\/uploads\/2022\/01\/MG_3154-scaled-e1643377303706.jpg","width":773,"height":900},{"@type":"BreadcrumbList","@id":"https:\/\/keybox.nl\/product\/keysecuritybox-ksb106\/#breadcrumb","itemListElement":[{"@type":"ListItem","position":1,"name":"Home","item":"https:\/\/keybox.nl\/"},{"@type":"ListItem","position":2,"name":"Beveiligde sleutelkastjes kopen","item":"https:\/\/keybox.nl\/"},{"@type":"ListItem","position":3,"name":"Keysecuritybox KSB106"}]},{"@type":"WebSite","@id":"https:\/\/keybox.nl\/#website","url":"https:\/\/keybox.nl\/","name":"","description":"","potentialAction":[{"@type":"SearchAction","target":{"@type":"EntryPoint","urlTemplate":"https:\/\/keybox.nl\/?s={search_term_string}"},"query-input":{"@type":"PropertyValueSpecification","valueRequired":true,"valueName":"search_term_string"}}],"inLanguage":"es"}]}},"jetpack-related-posts":[{"id":109,"url":"https:\/\/keybox.nl\/es\/producto\/keysecuritybox-sleutelkluis-ksb103\/","url_meta":{"origin":184,"position":0},"title":"Caja fuerte para llaves Keysecuritybox KSB103","author":"Keybox@beheermodule","date":"4 diciembre 2021","format":false,"excerpt":"Caja de seguridad para llaves KSB103 Para montaje en poste (KSB005) o consola KSB106","rel":"","context":"Entrada similar","block_context":{"text":"Entrada similar","link":""},"img":{"alt_text":"","src":"https:\/\/i0.wp.com\/keybox.nl\/wp-content\/uploads\/2021\/11\/KSB_101_3-scaled-e1638352491754.jpg?resize=350%2C200&ssl=1","width":350,"height":200},"classes":[]},{"id":115,"url":"https:\/\/keybox.nl\/es\/producto\/keysecuritybox-sleutelkluis-ksb103a\/","url_meta":{"origin":184,"position":1},"title":"Caja fuerte blindada adicional para llaves Keysecuritybox KSB103A","author":"Keybox@beheermodule","date":"4 diciembre 2021","format":false,"excerpt":"Caja de seguridad para llaves KSB103A con blindaje adicional. La KSB103A equipada con blindaje adicional. Dentro de la caja hay un blindaje interior adicional de acero especial que proporciona una mayor protecci\u00f3n contra los ataques. Para montaje en poste (KSB005) o consola KSB106","rel":"","context":"Entrada similar","block_context":{"text":"Entrada similar","link":""},"img":{"alt_text":"","src":"https:\/\/i0.wp.com\/keybox.nl\/wp-content\/uploads\/2021\/11\/KSB_101_3-scaled-e1638352491754.jpg?resize=350%2C200&ssl=1","width":350,"height":200},"classes":[]},{"id":193,"url":"https:\/\/keybox.nl\/es\/producto\/keysecuritybox-sleutelkluis-ksb107\/","url_meta":{"origin":184,"position":2},"title":"Caja fuerte para llaves Keysecuritybox KSB107","author":"Keybox@beheermodule","date":"28 enero 2022","format":false,"excerpt":"Caja de seguridad para llaves KSB107 La KSB107 puede instalarse en una pared\/pared y es extremadamente segura. Apertura L44, H64, D 124 mm.","rel":"","context":"Entrada similar","block_context":{"text":"Entrada similar","link":""},"img":{"alt_text":"","src":"https:\/\/i0.wp.com\/keybox.nl\/wp-content\/uploads\/2022\/01\/Ksb007-5-225x300.jpg?resize=350%2C200","width":350,"height":200},"classes":[]},{"id":201,"url":"https:\/\/keybox.nl\/es\/producto\/keysecuritybox-sleutelkluis-ksb107-wl\/","url_meta":{"origin":184,"position":3},"title":"Caja fuerte para llaves KSB107 W","author":"Keybox@beheermodule","date":"28 enero 2022","format":false,"excerpt":"Caja de seguridad para llaves KSB107 XL La KSB107 puede instalarse en una pared\/pared y es extremadamente segura. Apertura L66, H64, D 124 mm.","rel":"","context":"Entrada similar","block_context":{"text":"Entrada similar","link":""},"img":{"alt_text":"","src":"https:\/\/i0.wp.com\/keybox.nl\/wp-content\/uploads\/2022\/01\/Keysecuritybox-KSB107XL-300x300.jpg?resize=350%2C200","width":350,"height":200},"classes":[]},{"id":122,"url":"https:\/\/keybox.nl\/es\/producto\/keysecuritybox-ksb105\/","url_meta":{"origin":184,"position":4},"title":"Caja de seguridad para llaves KSB105","author":"Keybox@beheermodule","date":"14 diciembre 2021","format":false,"excerpt":"Caja de seguridad para llaves KSB105 Adecuada para anclar los modelos KSB103 y KSB004 a un poste.","rel":"","context":"Entrada similar","block_context":{"text":"Entrada similar","link":""},"img":{"alt_text":"","src":"https:\/\/i0.wp.com\/keybox.nl\/wp-content\/uploads\/2021\/12\/KSB005-e1639511667630.png?resize=350%2C200&ssl=1","width":350,"height":200},"classes":[]},{"id":36,"url":"https:\/\/keybox.nl\/es\/producto\/ksb101-ksb102-sleutelkluis\/","url_meta":{"origin":184,"position":5},"title":"Caja fuerte para llaves KSB101, KSB102","author":"Keybox@beheermodule","date":"30 noviembre 2021","format":false,"excerpt":"Caja de seguridad para llaves KSB101 &amp; KSB102 Una caja fuerte en dos versiones: rueda de dep\u00f3sito izquierda o derecha","rel":"","context":"Con 1 comentario","block_context":{"text":"Con 1 comentario","link":"https:\/\/keybox.nl\/es\/producto\/ksb101-ksb102-sleutelkluis\/#comments"},"img":{"alt_text":"","src":"https:\/\/i0.wp.com\/keybox.nl\/wp-content\/uploads\/2021\/11\/KSB_101_3-scaled-e1638352491754.jpg?resize=350%2C200&ssl=1","width":350,"height":200},"classes":[]}],"jetpack_sharing_enabled":true,"_links":{"self":[{"href":"https:\/\/keybox.nl\/es\/wp-json\/wp\/v2\/product\/184","targetHints":{"allow":["GET"]}}],"collection":[{"href":"https:\/\/keybox.nl\/es\/wp-json\/wp\/v2\/product"}],"about":[{"href":"https:\/\/keybox.nl\/es\/wp-json\/wp\/v2\/types\/product"}],"replies":[{"embeddable":true,"href":"https:\/\/keybox.nl\/es\/wp-json\/wp\/v2\/comments?post=184"}],"wp:featuredmedia":[{"embeddable":true,"href":"https:\/\/keybox.nl\/es\/wp-json\/wp\/v2\/media\/190"}],"wp:attachment":[{"href":"https:\/\/keybox.nl\/es\/wp-json\/wp\/v2\/media?parent=184"}],"wp:term":[{"taxonomy":"product_brand","embeddable":true,"href":"https:\/\/keybox.nl\/es\/wp-json\/wp\/v2\/product_brand?post=184"},{"taxonomy":"product_cat","embeddable":true,"href":"https:\/\/keybox.nl\/es\/wp-json\/wp\/v2\/product_cat?post=184"},{"taxonomy":"product_tag","embeddable":true,"href":"https:\/\/keybox.nl\/es\/wp-json\/wp\/v2\/product_tag?post=184"}],"curies":[{"name":"wp","href":"https:\/\/api.w.org\/{rel}","templated":true}]}}