{"id":1822,"date":"2025-01-26T21:36:39","date_gmt":"2025-01-26T21:36:39","guid":{"rendered":"https:\/\/keybox.nl\/?post_type=product&#038;p=1822"},"modified":"2025-01-26T21:36:39","modified_gmt":"2025-01-26T21:36:39","slug":"keysafe-gce","status":"publish","type":"product","link":"https:\/\/keybox.nl\/es\/producto\/keysafe-gce\/","title":{"rendered":"Keysafe CME"},"content":{"rendered":"<h4>Elija entre tres tama\u00f1os para el Keysafe GCE.<\/h4>\n<h4>Caracter\u00edsticas generales<\/h4>\n<ul>\n<li style=\"list-style-type: none;\">\n<ul>\n<li>Protecci\u00f3n antiintrusi\u00f3n: certificada y cumple los requisitos de seguridad m\u00e1s exigentes.<strong> (EN 14 450 Nivel de seguridad 2)<\/strong><\/li>\n<li>Indicaci\u00f3n de almacenamiento de valor: Efectivo: 5.000 euros Objetos de valor: 9.000 euros<\/li>\n<li>Ganchos grandes, adecuados para llaves y llaves de coche<\/li>\n<li>Cerradura electr\u00f3nica, f\u00e1cil de usar sin pilas.<\/li>\n<li>Incluye cerradura de emergencia con 2 llaves para mayor seguridad.<\/li>\n<li>Preparado para anclaje a pared.<\/li>\n<li>Elegante negro.<\/li>\n<\/ul>\n<\/li>\n<\/ul>\n<h4>Diferentes modelos<\/h4>\n<p><strong>CME 28<\/strong><\/p>\n<ul>\n<li>Dimensiones: 350 x 470 x 150 (dimensiones exteriores alto x ancho x fondo en mm)<\/li>\n<li>Peso: 38 kg<\/li>\n<li>28 ganchos para llaves<\/li>\n<\/ul>\n<p><strong>CME 48<\/strong><\/p>\n<ul>\n<li>Dimensiones: 490 x 430 x 150 (dimensiones exteriores h x a x p en mm)<\/li>\n<li>Peso: 44 kg<\/li>\n<li>48 ganchos para llaves<\/li>\n<\/ul>\n<p><strong>CME 87<\/strong><\/p>\n<ul>\n<li>Dimensiones: 490 x 430 x 180 (dimensiones externas alto x ancho x fondo en mm)<\/li>\n<li>Peso: 47 kg<\/li>\n<li>87 ganchos de llave<\/li>\n<li>Compartimento interior con ganchos en la puerta, bloqueado por un sistema magn\u00e9tico para mayor seguridad.<\/li>\n<li style=\"list-style-type: none;\"><\/li>\n<\/ul>\n<h4>Ventajas<\/h4>\n<ul>\n<li><strong>Almacenamiento flexible:<\/strong> Adecuado tanto para llaves sueltas como para llaveros.<\/li>\n<li><strong>F\u00e1cil de usar:<\/strong> La cerradura electr\u00f3nica y las llaves de emergencia facilitan el acceso y la seguridad.<\/li>\n<li><strong>Dise\u00f1o duradero:<\/strong> Soporta un uso intensivo y ofrece una excelente protecci\u00f3n contra robos.<\/li>\n<li><strong>Perfecto para las empresas:<\/strong> Ideal para talleres, concesionarios de autom\u00f3viles y organizaciones que adoptan un enfoque profesional de la gesti\u00f3n de llaves.<\/li>\n<li><strong>Seguro y certificado:<\/strong> Cumple los requisitos RDW y BOVAG, ideal para empresas que desean gestionar las llaves de forma eficaz y segura.<\/li>\n<\/ul>\n<p>Con el <strong>Keysafe CME<\/strong> Si elige una caja fuerte para llaves fiable que ofrezca seguridad y comodidad, haga su pedido directamente a <a href=\"http:\/\/keybox.nl\/es\/\">keybox.es<\/a><\/p>","protected":false},"excerpt":{"rendered":"<p>Elija entre 3 modelos.<\/p>","protected":false},"featured_media":1823,"comment_status":"open","ping_status":"closed","template":"","meta":[],"product_brand":[],"product_cat":[88],"product_tag":[90,89],"class_list":{"0":"post-1822","1":"product","2":"type-product","3":"status-publish","4":"has-post-thumbnail","6":"product_cat-sleutelkluizen","7":"product_tag-medium-sleutelkluis","8":"product_tag-middelgrote-keysafe","10":"first","11":"instock","12":"taxable","13":"shipping-taxable","14":"purchasable","15":"product-type-variable","16":"has-default-attributes"},"yoast_head":"<!-- This site is optimized with the Yoast SEO plugin v27.4 - https:\/\/yoast.com\/product\/yoast-seo-wordpress\/ -->\n<title>Keysafe GCE -<\/title>\n<meta name=\"robots\" content=\"index, follow, max-snippet:-1, max-image-preview:large, max-video-preview:-1\" \/>\n<link rel=\"canonical\" href=\"https:\/\/keybox.nl\/es\/producto\/keysafe-gce\/\" \/>\n<meta property=\"og:locale\" content=\"es_ES\" \/>\n<meta property=\"og:type\" content=\"article\" \/>\n<meta property=\"og:title\" content=\"Keysafe GCE -\" \/>\n<meta property=\"og:description\" content=\"Kies uit 3 modellen.\" \/>\n<meta property=\"og:url\" content=\"https:\/\/keybox.nl\/es\/producto\/keysafe-gce\/\" \/>\n<meta property=\"og:image\" content=\"http:\/\/keybox.nl\/wp-content\/uploads\/2025\/01\/9858a0f7e85097eb90f56de1f00f8269.jpg\" \/>\n\t<meta property=\"og:image:width\" content=\"2000\" \/>\n\t<meta property=\"og:image:height\" content=\"2000\" \/>\n\t<meta property=\"og:image:type\" content=\"image\/jpeg\" \/>\n<meta name=\"twitter:card\" content=\"summary_large_image\" \/>\n<meta name=\"twitter:label1\" content=\"Tiempo de lectura\" \/>\n\t<meta name=\"twitter:data1\" content=\"2 minutos\" \/>\n<script type=\"application\/ld+json\" class=\"yoast-schema-graph\">{\"@context\":\"https:\\\/\\\/schema.org\",\"@graph\":[{\"@type\":\"WebPage\",\"@id\":\"https:\\\/\\\/keybox.nl\\\/product\\\/keysafe-gce\\\/\",\"url\":\"https:\\\/\\\/keybox.nl\\\/product\\\/keysafe-gce\\\/\",\"name\":\"Keysafe GCE -\",\"isPartOf\":{\"@id\":\"https:\\\/\\\/keybox.nl\\\/#website\"},\"primaryImageOfPage\":{\"@id\":\"https:\\\/\\\/keybox.nl\\\/product\\\/keysafe-gce\\\/#primaryimage\"},\"image\":{\"@id\":\"https:\\\/\\\/keybox.nl\\\/product\\\/keysafe-gce\\\/#primaryimage\"},\"thumbnailUrl\":\"https:\\\/\\\/keybox.nl\\\/wp-content\\\/uploads\\\/2025\\\/01\\\/9858a0f7e85097eb90f56de1f00f8269.jpg\",\"datePublished\":\"2025-01-26T21:36:39+00:00\",\"breadcrumb\":{\"@id\":\"https:\\\/\\\/keybox.nl\\\/product\\\/keysafe-gce\\\/#breadcrumb\"},\"inLanguage\":\"es\",\"potentialAction\":[{\"@type\":\"ReadAction\",\"target\":[\"https:\\\/\\\/keybox.nl\\\/product\\\/keysafe-gce\\\/\"]}]},{\"@type\":\"ImageObject\",\"inLanguage\":\"es\",\"@id\":\"https:\\\/\\\/keybox.nl\\\/product\\\/keysafe-gce\\\/#primaryimage\",\"url\":\"https:\\\/\\\/keybox.nl\\\/wp-content\\\/uploads\\\/2025\\\/01\\\/9858a0f7e85097eb90f56de1f00f8269.jpg\",\"contentUrl\":\"https:\\\/\\\/keybox.nl\\\/wp-content\\\/uploads\\\/2025\\\/01\\\/9858a0f7e85097eb90f56de1f00f8269.jpg\",\"width\":2000,\"height\":2000},{\"@type\":\"BreadcrumbList\",\"@id\":\"https:\\\/\\\/keybox.nl\\\/product\\\/keysafe-gce\\\/#breadcrumb\",\"itemListElement\":[{\"@type\":\"ListItem\",\"position\":1,\"name\":\"Home\",\"item\":\"https:\\\/\\\/keybox.nl\\\/\"},{\"@type\":\"ListItem\",\"position\":2,\"name\":\"Beveiligde sleutelkastjes kopen\",\"item\":\"https:\\\/\\\/keybox.nl\\\/\"},{\"@type\":\"ListItem\",\"position\":3,\"name\":\"Keysafe GCE\"}]},{\"@type\":\"WebSite\",\"@id\":\"https:\\\/\\\/keybox.nl\\\/#website\",\"url\":\"https:\\\/\\\/keybox.nl\\\/\",\"name\":\"\",\"description\":\"\",\"potentialAction\":[{\"@type\":\"SearchAction\",\"target\":{\"@type\":\"EntryPoint\",\"urlTemplate\":\"https:\\\/\\\/keybox.nl\\\/?s={search_term_string}\"},\"query-input\":{\"@type\":\"PropertyValueSpecification\",\"valueRequired\":true,\"valueName\":\"search_term_string\"}}],\"inLanguage\":\"es\"}]}<\/script>\n<!-- \/ Yoast SEO plugin. -->","yoast_head_json":{"title":"Keysafe CME -","robots":{"index":"index","follow":"follow","max-snippet":"max-snippet:-1","max-image-preview":"max-image-preview:large","max-video-preview":"max-video-preview:-1"},"canonical":"https:\/\/keybox.nl\/es\/producto\/keysafe-gce\/","og_locale":"es_ES","og_type":"article","og_title":"Keysafe GCE -","og_description":"Kies uit 3 modellen.","og_url":"https:\/\/keybox.nl\/es\/producto\/keysafe-gce\/","og_image":[{"width":2000,"height":2000,"url":"http:\/\/keybox.nl\/wp-content\/uploads\/2025\/01\/9858a0f7e85097eb90f56de1f00f8269.jpg","type":"image\/jpeg"}],"twitter_card":"summary_large_image","twitter_misc":{"Tiempo de lectura":"2 minutos"},"schema":{"@context":"https:\/\/schema.org","@graph":[{"@type":"WebPage","@id":"https:\/\/keybox.nl\/product\/keysafe-gce\/","url":"https:\/\/keybox.nl\/product\/keysafe-gce\/","name":"Keysafe CME -","isPartOf":{"@id":"https:\/\/keybox.nl\/#website"},"primaryImageOfPage":{"@id":"https:\/\/keybox.nl\/product\/keysafe-gce\/#primaryimage"},"image":{"@id":"https:\/\/keybox.nl\/product\/keysafe-gce\/#primaryimage"},"thumbnailUrl":"https:\/\/keybox.nl\/wp-content\/uploads\/2025\/01\/9858a0f7e85097eb90f56de1f00f8269.jpg","datePublished":"2025-01-26T21:36:39+00:00","breadcrumb":{"@id":"https:\/\/keybox.nl\/product\/keysafe-gce\/#breadcrumb"},"inLanguage":"es","potentialAction":[{"@type":"ReadAction","target":["https:\/\/keybox.nl\/product\/keysafe-gce\/"]}]},{"@type":"ImageObject","inLanguage":"es","@id":"https:\/\/keybox.nl\/product\/keysafe-gce\/#primaryimage","url":"https:\/\/keybox.nl\/wp-content\/uploads\/2025\/01\/9858a0f7e85097eb90f56de1f00f8269.jpg","contentUrl":"https:\/\/keybox.nl\/wp-content\/uploads\/2025\/01\/9858a0f7e85097eb90f56de1f00f8269.jpg","width":2000,"height":2000},{"@type":"BreadcrumbList","@id":"https:\/\/keybox.nl\/product\/keysafe-gce\/#breadcrumb","itemListElement":[{"@type":"ListItem","position":1,"name":"Home","item":"https:\/\/keybox.nl\/"},{"@type":"ListItem","position":2,"name":"Beveiligde sleutelkastjes kopen","item":"https:\/\/keybox.nl\/"},{"@type":"ListItem","position":3,"name":"Keysafe GCE"}]},{"@type":"WebSite","@id":"https:\/\/keybox.nl\/#website","url":"https:\/\/keybox.nl\/","name":"","description":"","potentialAction":[{"@type":"SearchAction","target":{"@type":"EntryPoint","urlTemplate":"https:\/\/keybox.nl\/?s={search_term_string}"},"query-input":{"@type":"PropertyValueSpecification","valueRequired":true,"valueName":"search_term_string"}}],"inLanguage":"es"}]}},"jetpack-related-posts":[{"id":1812,"url":"https:\/\/keybox.nl\/es\/producto\/drs-vector-combi-keysafe\/","url_meta":{"origin":1822,"position":0},"title":"DRS Vector Combi Keysafe","author":"Elric Drost","date":"21 enero 2025","format":false,"excerpt":"Perfecto para uso profesional.","rel":"","context":"Entrada similar","block_context":{"text":"Entrada similar","link":""},"img":{"alt_text":"","src":"https:\/\/i0.wp.com\/keybox.nl\/wp-content\/uploads\/2025\/01\/DRS-Vector-Combi-Keysafe-keybox.jpg?resize=350%2C200&ssl=1","width":350,"height":200,"srcset":"https:\/\/i0.wp.com\/keybox.nl\/wp-content\/uploads\/2025\/01\/DRS-Vector-Combi-Keysafe-keybox.jpg?resize=350%2C200&ssl=1 1x, https:\/\/i0.wp.com\/keybox.nl\/wp-content\/uploads\/2025\/01\/DRS-Vector-Combi-Keysafe-keybox.jpg?resize=525%2C300&ssl=1 1.5x, https:\/\/i0.wp.com\/keybox.nl\/wp-content\/uploads\/2025\/01\/DRS-Vector-Combi-Keysafe-keybox.jpg?resize=700%2C400&ssl=1 2x, https:\/\/i0.wp.com\/keybox.nl\/wp-content\/uploads\/2025\/01\/DRS-Vector-Combi-Keysafe-keybox.jpg?resize=1050%2C600&ssl=1 3x"},"classes":[]},{"id":1179,"url":"https:\/\/keybox.nl\/es\/producto\/keysafe-original\/","url_meta":{"origin":1822,"position":1},"title":"Keysafe Original","author":"Keybox@beheermodule","date":"9 diciembre 2022","format":false,"excerpt":"Keysafe Original para 5 llaves Si se necesitan varias llaves para entrar en las habitaciones, la gran capacidad de almacenamiento del KeySafe\u2122 Original permite guardarlas todas en un mismo lugar con un c\u00f3digo de acceso f\u00e1cil de usar. KeySafe Original puede guardar varias llaves y es lo suficientemente grande para tarjetas de llaves....","rel":"","context":"Entrada similar","block_context":{"text":"Entrada similar","link":""},"img":{"alt_text":"","src":"https:\/\/i0.wp.com\/keybox.nl\/wp-content\/uploads\/2022\/12\/Keysafe_Original_keybox_sleutelkluis.jpg?resize=350%2C200&ssl=1","width":350,"height":200,"srcset":"https:\/\/i0.wp.com\/keybox.nl\/wp-content\/uploads\/2022\/12\/Keysafe_Original_keybox_sleutelkluis.jpg?resize=350%2C200&ssl=1 1x, https:\/\/i0.wp.com\/keybox.nl\/wp-content\/uploads\/2022\/12\/Keysafe_Original_keybox_sleutelkluis.jpg?resize=525%2C300&ssl=1 1.5x, https:\/\/i0.wp.com\/keybox.nl\/wp-content\/uploads\/2022\/12\/Keysafe_Original_keybox_sleutelkluis.jpg?resize=700%2C400&ssl=1 2x"},"classes":[]},{"id":1171,"url":"https:\/\/keybox.nl\/es\/producto\/keysafe-slimline\/","url_meta":{"origin":1822,"position":2},"title":"Keysafe Slimline","author":"Keybox@beheermodule","date":"9 diciembre 2022","format":false,"excerpt":"Siempre accesible con el Keysafe Slimline","rel":"","context":"Entrada similar","block_context":{"text":"Entrada similar","link":""},"img":{"alt_text":"Keysafe Slim line","src":"https:\/\/i0.wp.com\/keybox.nl\/wp-content\/uploads\/2022\/12\/Keysafe_Slim_line_Keybox.jpeg?resize=350%2C200&ssl=1","width":350,"height":200,"srcset":"https:\/\/i0.wp.com\/keybox.nl\/wp-content\/uploads\/2022\/12\/Keysafe_Slim_line_Keybox.jpeg?resize=350%2C200&ssl=1 1x, https:\/\/i0.wp.com\/keybox.nl\/wp-content\/uploads\/2022\/12\/Keysafe_Slim_line_Keybox.jpeg?resize=525%2C300&ssl=1 1.5x, https:\/\/i0.wp.com\/keybox.nl\/wp-content\/uploads\/2022\/12\/Keysafe_Slim_line_Keybox.jpeg?resize=700%2C400&ssl=1 2x"},"classes":[]},{"id":1775,"url":"https:\/\/keybox.nl\/es\/producto\/keysafe-pro-original\/","url_meta":{"origin":1822,"position":3},"title":"Keysafe Pro original","author":"Elric Drost","date":"5 diciembre 2024","format":false,"excerpt":"El KEYSAFE Pro Original es un robusto armario para 5 llaves est\u00e1ndar.","rel":"","context":"Entrada similar","block_context":{"text":"Entrada similar","link":""},"img":{"alt_text":"","src":"https:\/\/i0.wp.com\/keybox.nl\/wp-content\/uploads\/2024\/12\/keysafe-pro-original-sleutelkluisje.jpg?resize=350%2C200&ssl=1","width":350,"height":200},"classes":[]},{"id":1796,"url":"https:\/\/keybox.nl\/es\/producto\/keysafe-key-cabinet\/","url_meta":{"origin":1822,"position":4},"title":"Armario de llaves Keysafe","author":"Elric Drost","date":"18 diciembre 2024","format":false,"excerpt":"Touchpoint PRO de Kidde 30\/60\/120 teclas","rel":"","context":"Entrada similar","block_context":{"text":"Entrada similar","link":""},"img":{"alt_text":"","src":"https:\/\/i0.wp.com\/keybox.nl\/wp-content\/uploads\/2024\/12\/Keysafe-cabinet-30-Keybox-open-298x300.jpg?resize=350%2C200","width":350,"height":200},"classes":[]},{"id":1782,"url":"https:\/\/keybox.nl\/es\/producto\/keysafe-p500\/","url_meta":{"origin":1822,"position":5},"title":"Keysafe P500","author":"Elric Drost","date":"13 diciembre 2024","format":false,"excerpt":"El mini armario de llaves m\u00e1s seguro del mercado.","rel":"","context":"Entrada similar","block_context":{"text":"Entrada similar","link":""},"img":{"alt_text":"","src":"https:\/\/i0.wp.com\/keybox.nl\/wp-content\/uploads\/2024\/12\/boite-a-cle-keysafe-pro-grand-format.jpg?resize=350%2C200&ssl=1","width":350,"height":200},"classes":[]}],"jetpack_sharing_enabled":true,"_links":{"self":[{"href":"https:\/\/keybox.nl\/es\/wp-json\/wp\/v2\/product\/1822","targetHints":{"allow":["GET"]}}],"collection":[{"href":"https:\/\/keybox.nl\/es\/wp-json\/wp\/v2\/product"}],"about":[{"href":"https:\/\/keybox.nl\/es\/wp-json\/wp\/v2\/types\/product"}],"replies":[{"embeddable":true,"href":"https:\/\/keybox.nl\/es\/wp-json\/wp\/v2\/comments?post=1822"}],"wp:featuredmedia":[{"embeddable":true,"href":"https:\/\/keybox.nl\/es\/wp-json\/wp\/v2\/media\/1823"}],"wp:attachment":[{"href":"https:\/\/keybox.nl\/es\/wp-json\/wp\/v2\/media?parent=1822"}],"wp:term":[{"taxonomy":"product_brand","embeddable":true,"href":"https:\/\/keybox.nl\/es\/wp-json\/wp\/v2\/product_brand?post=1822"},{"taxonomy":"product_cat","embeddable":true,"href":"https:\/\/keybox.nl\/es\/wp-json\/wp\/v2\/product_cat?post=1822"},{"taxonomy":"product_tag","embeddable":true,"href":"https:\/\/keybox.nl\/es\/wp-json\/wp\/v2\/product_tag?post=1822"}],"curies":[{"name":"wp","href":"https:\/\/api.w.org\/{rel}","templated":true}]}}