{"id":1770,"date":"2024-12-05T14:57:26","date_gmt":"2024-12-05T14:57:26","guid":{"rendered":"https:\/\/keybox.nl\/?post_type=product&#038;p=1770"},"modified":"2024-12-12T22:09:53","modified_gmt":"2024-12-12T22:09:53","slug":"keysafe-pro-mini","status":"publish","type":"product","link":"https:\/\/keybox.nl\/es\/producto\/keysafe-pro-mini\/","title":{"rendered":"Keysafe Pro mini"},"content":{"rendered":"<h4>Caja de llaves KEYSAFE Pro Mini<\/h4>\n<p>KEYSAFE Pro Mini es una soluci\u00f3n compacta, duradera y segura para gestionar hasta cinco llaves est\u00e1ndar. Especialmente dise\u00f1ada para profesionales como personal de campo, seguridad y asistencia domiciliaria.<\/p>\n<h4>Ventajas<\/h4>\n<ul>\n<li><strong>F\u00e1cil acceso:<\/strong> Las llaves son seguras y est\u00e1n disponibles sin alimentaci\u00f3n ni electr\u00f3nica.<\/li>\n<li><strong>Seguro y flexible:<\/strong> Establezca f\u00e1cilmente el c\u00f3digo o c\u00e1mbielo cuando lo necesite.<\/li>\n<li><strong>Resistente a la intemperie:<\/strong> Incluye una funda protectora para mayor discreci\u00f3n y protecci\u00f3n contra las inclemencias del tiempo.<\/li>\n<li><strong>F\u00e1cil de usar:<\/strong> Apertura y cierre mediante mando giratorio y pulsadores para la introducci\u00f3n de c\u00f3digos.<\/li>\n<\/ul>\n<h4>Caracter\u00edsticas<\/h4>\n<ul>\n<li>Adecuado para 1 a 5 llaves est\u00e1ndar.<\/li>\n<li>Fabricado en Zamac fundido para una gran durabilidad y resistencia a los ataques.<\/li>\n<li>Versi\u00f3n gris metalizado<\/li>\n<li>\u00a04.096 c\u00f3digos posibles (10 cifras + 2 letras).<\/li>\n<li>Resistencia extrema a la intemperie\n<ul>\n<li>Temperatura de funcionamiento: de -32\u00b0C a +68\u00b0C.<\/li>\n<li>Resistente a la nieve y el hielo: hasta -26\u00b0C.<\/li>\n<\/ul>\n<\/li>\n<li>Resistente a la exposici\u00f3n prolongada a la luz solar.<\/li>\n<li>Resiste salpicaduras de agua de hasta 10,16 cm\/hora.<\/li>\n<li>Protecci\u00f3n est\u00e1ndar contra productos qu\u00edmicos y disolventes.<\/li>\n<\/ul>\n<h4>Aplicaciones<\/h4>\n<ul>\n<li>Sector sanitario: poner las llaves a disposici\u00f3n de los cuidadores a domicilio.<\/li>\n<li>Seguridad: Acceso para el personal de servicio y de seguridad.<\/li>\n<li>Gesti\u00f3n de llaves in situ para mantenimiento y reparaciones.<\/li>\n<\/ul>\n<h4>Contenido del paquete<\/h4>\n<ul>\n<li>El KEYSAFE Pro Mini.\n<ul>\n<li>Dimensiones exteriores: L74 x A127 x P51 mm.<\/li>\n<li>Dimensiones interiores: L56 x H101 x D15 mm.<\/li>\n<li>Peso: 0,725 kg.<\/li>\n<\/ul>\n<\/li>\n<li>Una funda protectora para mayor protecci\u00f3n contra la intemperie y discreci\u00f3n.<\/li>\n<li>Manual de instalaci\u00f3n y uso.<\/li>\n<li>Kit de montaje est\u00e1ndar.<\/li>\n<li>Sistema de protecci\u00f3n por c\u00f3digo y soporte para llavero.<\/li>\n<\/ul>\n<p>Pida ahora el Keysafe Pro Mini <a href=\"https:\/\/keybox.nl\/es\/\">Keybox.es<\/a> y benef\u00edciese de una soluci\u00f3n compacta y fiable para la gesti\u00f3n segura de claves.<\/p>","protected":false},"excerpt":{"rendered":"<p>Armario de llaves extra compacto para 5 llaves est\u00e1ndar.<\/p>","protected":false},"featured_media":1772,"comment_status":"open","ping_status":"closed","template":"","meta":[],"product_brand":[],"product_cat":[19],"product_tag":[79],"class_list":{"0":"post-1770","1":"product","2":"type-product","3":"status-publish","4":"has-post-thumbnail","6":"product_cat-keysafe","7":"product_tag-kleine-keysafe","9":"first","10":"instock","11":"taxable","12":"shipping-taxable","13":"purchasable","14":"product-type-simple"},"yoast_head":"<!-- This site is optimized with the Yoast SEO plugin v27.4 - https:\/\/yoast.com\/product\/yoast-seo-wordpress\/ -->\n<title>Keysafe Pro mini -<\/title>\n<meta name=\"robots\" content=\"index, follow, max-snippet:-1, max-image-preview:large, max-video-preview:-1\" \/>\n<link rel=\"canonical\" href=\"https:\/\/keybox.nl\/es\/producto\/keysafe-pro-mini\/\" \/>\n<meta property=\"og:locale\" content=\"es_ES\" \/>\n<meta property=\"og:type\" content=\"article\" \/>\n<meta property=\"og:title\" content=\"Keysafe Pro mini -\" \/>\n<meta property=\"og:description\" content=\"Extra compact sleutelkastje voor 5 standaard sleutels.\" \/>\n<meta property=\"og:url\" content=\"https:\/\/keybox.nl\/es\/producto\/keysafe-pro-mini\/\" \/>\n<meta property=\"article:modified_time\" content=\"2024-12-12T22:09:53+00:00\" \/>\n<meta property=\"og:image\" content=\"http:\/\/keybox.nl\/wp-content\/uploads\/2024\/12\/keysafe-pro-mini-keybox.jpg\" \/>\n\t<meta property=\"og:image:width\" content=\"380\" \/>\n\t<meta property=\"og:image:height\" content=\"494\" \/>\n\t<meta property=\"og:image:type\" content=\"image\/jpeg\" \/>\n<meta name=\"twitter:card\" content=\"summary_large_image\" \/>\n<meta name=\"twitter:label1\" content=\"Tiempo de lectura\" \/>\n\t<meta name=\"twitter:data1\" content=\"2 minutos\" \/>\n<script type=\"application\/ld+json\" class=\"yoast-schema-graph\">{\"@context\":\"https:\\\/\\\/schema.org\",\"@graph\":[{\"@type\":\"WebPage\",\"@id\":\"https:\\\/\\\/keybox.nl\\\/product\\\/keysafe-pro-mini\\\/\",\"url\":\"https:\\\/\\\/keybox.nl\\\/product\\\/keysafe-pro-mini\\\/\",\"name\":\"Keysafe Pro mini -\",\"isPartOf\":{\"@id\":\"https:\\\/\\\/keybox.nl\\\/#website\"},\"primaryImageOfPage\":{\"@id\":\"https:\\\/\\\/keybox.nl\\\/product\\\/keysafe-pro-mini\\\/#primaryimage\"},\"image\":{\"@id\":\"https:\\\/\\\/keybox.nl\\\/product\\\/keysafe-pro-mini\\\/#primaryimage\"},\"thumbnailUrl\":\"https:\\\/\\\/keybox.nl\\\/wp-content\\\/uploads\\\/2024\\\/12\\\/keysafe-pro-mini-keybox.jpg\",\"datePublished\":\"2024-12-05T14:57:26+00:00\",\"dateModified\":\"2024-12-12T22:09:53+00:00\",\"breadcrumb\":{\"@id\":\"https:\\\/\\\/keybox.nl\\\/product\\\/keysafe-pro-mini\\\/#breadcrumb\"},\"inLanguage\":\"es\",\"potentialAction\":[{\"@type\":\"ReadAction\",\"target\":[\"https:\\\/\\\/keybox.nl\\\/product\\\/keysafe-pro-mini\\\/\"]}]},{\"@type\":\"ImageObject\",\"inLanguage\":\"es\",\"@id\":\"https:\\\/\\\/keybox.nl\\\/product\\\/keysafe-pro-mini\\\/#primaryimage\",\"url\":\"https:\\\/\\\/keybox.nl\\\/wp-content\\\/uploads\\\/2024\\\/12\\\/keysafe-pro-mini-keybox.jpg\",\"contentUrl\":\"https:\\\/\\\/keybox.nl\\\/wp-content\\\/uploads\\\/2024\\\/12\\\/keysafe-pro-mini-keybox.jpg\",\"width\":380,\"height\":494,\"caption\":\"main\"},{\"@type\":\"BreadcrumbList\",\"@id\":\"https:\\\/\\\/keybox.nl\\\/product\\\/keysafe-pro-mini\\\/#breadcrumb\",\"itemListElement\":[{\"@type\":\"ListItem\",\"position\":1,\"name\":\"Home\",\"item\":\"https:\\\/\\\/keybox.nl\\\/\"},{\"@type\":\"ListItem\",\"position\":2,\"name\":\"Beveiligde sleutelkastjes kopen\",\"item\":\"https:\\\/\\\/keybox.nl\\\/\"},{\"@type\":\"ListItem\",\"position\":3,\"name\":\"Keysafe Pro mini\"}]},{\"@type\":\"WebSite\",\"@id\":\"https:\\\/\\\/keybox.nl\\\/#website\",\"url\":\"https:\\\/\\\/keybox.nl\\\/\",\"name\":\"\",\"description\":\"\",\"potentialAction\":[{\"@type\":\"SearchAction\",\"target\":{\"@type\":\"EntryPoint\",\"urlTemplate\":\"https:\\\/\\\/keybox.nl\\\/?s={search_term_string}\"},\"query-input\":{\"@type\":\"PropertyValueSpecification\",\"valueRequired\":true,\"valueName\":\"search_term_string\"}}],\"inLanguage\":\"es\"}]}<\/script>\n<!-- \/ Yoast SEO plugin. -->","yoast_head_json":{"title":"Keysafe Pro mini -","robots":{"index":"index","follow":"follow","max-snippet":"max-snippet:-1","max-image-preview":"max-image-preview:large","max-video-preview":"max-video-preview:-1"},"canonical":"https:\/\/keybox.nl\/es\/producto\/keysafe-pro-mini\/","og_locale":"es_ES","og_type":"article","og_title":"Keysafe Pro mini -","og_description":"Extra compact sleutelkastje voor 5 standaard sleutels.","og_url":"https:\/\/keybox.nl\/es\/producto\/keysafe-pro-mini\/","article_modified_time":"2024-12-12T22:09:53+00:00","og_image":[{"width":380,"height":494,"url":"http:\/\/keybox.nl\/wp-content\/uploads\/2024\/12\/keysafe-pro-mini-keybox.jpg","type":"image\/jpeg"}],"twitter_card":"summary_large_image","twitter_misc":{"Tiempo de lectura":"2 minutos"},"schema":{"@context":"https:\/\/schema.org","@graph":[{"@type":"WebPage","@id":"https:\/\/keybox.nl\/product\/keysafe-pro-mini\/","url":"https:\/\/keybox.nl\/product\/keysafe-pro-mini\/","name":"Keysafe Pro mini -","isPartOf":{"@id":"https:\/\/keybox.nl\/#website"},"primaryImageOfPage":{"@id":"https:\/\/keybox.nl\/product\/keysafe-pro-mini\/#primaryimage"},"image":{"@id":"https:\/\/keybox.nl\/product\/keysafe-pro-mini\/#primaryimage"},"thumbnailUrl":"https:\/\/keybox.nl\/wp-content\/uploads\/2024\/12\/keysafe-pro-mini-keybox.jpg","datePublished":"2024-12-05T14:57:26+00:00","dateModified":"2024-12-12T22:09:53+00:00","breadcrumb":{"@id":"https:\/\/keybox.nl\/product\/keysafe-pro-mini\/#breadcrumb"},"inLanguage":"es","potentialAction":[{"@type":"ReadAction","target":["https:\/\/keybox.nl\/product\/keysafe-pro-mini\/"]}]},{"@type":"ImageObject","inLanguage":"es","@id":"https:\/\/keybox.nl\/product\/keysafe-pro-mini\/#primaryimage","url":"https:\/\/keybox.nl\/wp-content\/uploads\/2024\/12\/keysafe-pro-mini-keybox.jpg","contentUrl":"https:\/\/keybox.nl\/wp-content\/uploads\/2024\/12\/keysafe-pro-mini-keybox.jpg","width":380,"height":494,"caption":"main"},{"@type":"BreadcrumbList","@id":"https:\/\/keybox.nl\/product\/keysafe-pro-mini\/#breadcrumb","itemListElement":[{"@type":"ListItem","position":1,"name":"Home","item":"https:\/\/keybox.nl\/"},{"@type":"ListItem","position":2,"name":"Beveiligde sleutelkastjes kopen","item":"https:\/\/keybox.nl\/"},{"@type":"ListItem","position":3,"name":"Keysafe Pro mini"}]},{"@type":"WebSite","@id":"https:\/\/keybox.nl\/#website","url":"https:\/\/keybox.nl\/","name":"","description":"","potentialAction":[{"@type":"SearchAction","target":{"@type":"EntryPoint","urlTemplate":"https:\/\/keybox.nl\/?s={search_term_string}"},"query-input":{"@type":"PropertyValueSpecification","valueRequired":true,"valueName":"search_term_string"}}],"inLanguage":"es"}]}},"jetpack-related-posts":[{"id":1775,"url":"https:\/\/keybox.nl\/es\/producto\/keysafe-pro-original\/","url_meta":{"origin":1770,"position":0},"title":"Keysafe Pro original","author":"Elric Drost","date":"5 diciembre 2024","format":false,"excerpt":"El KEYSAFE Pro Original es un robusto armario para 5 llaves est\u00e1ndar.","rel":"","context":"Entrada similar","block_context":{"text":"Entrada similar","link":""},"img":{"alt_text":"","src":"https:\/\/i0.wp.com\/keybox.nl\/wp-content\/uploads\/2024\/12\/keysafe-pro-original-sleutelkluisje.jpg?resize=350%2C200&ssl=1","width":350,"height":200},"classes":[]},{"id":1782,"url":"https:\/\/keybox.nl\/es\/producto\/keysafe-p500\/","url_meta":{"origin":1770,"position":1},"title":"Keysafe P500","author":"Elric Drost","date":"13 diciembre 2024","format":false,"excerpt":"El mini armario de llaves m\u00e1s seguro del mercado.","rel":"","context":"Entrada similar","block_context":{"text":"Entrada similar","link":""},"img":{"alt_text":"","src":"https:\/\/i0.wp.com\/keybox.nl\/wp-content\/uploads\/2024\/12\/boite-a-cle-keysafe-pro-grand-format.jpg?resize=350%2C200&ssl=1","width":350,"height":200},"classes":[]},{"id":1346,"url":"https:\/\/keybox.nl\/es\/producto\/keysafe-big-pro-sleutelkluis\/","url_meta":{"origin":1770,"position":2},"title":"Caja fuerte para llaves Keysafe Big Pro","author":"Keybox@beheermodule","date":"10 febrero 2023","format":false,"excerpt":"Caja fuerte para llaves Keysafe Big Pro con cerradura de combinaci\u00f3n y tapa protectora","rel":"","context":"Entrada similar","block_context":{"text":"Entrada similar","link":""},"img":{"alt_text":"Keysafe Big Pro","src":"https:\/\/i0.wp.com\/keybox.nl\/wp-content\/uploads\/2023\/02\/S7-Pro-Big-Box-Key-Safe.jpg?resize=350%2C200&ssl=1","width":350,"height":200,"srcset":"https:\/\/i0.wp.com\/keybox.nl\/wp-content\/uploads\/2023\/02\/S7-Pro-Big-Box-Key-Safe.jpg?resize=350%2C200&ssl=1 1x, https:\/\/i0.wp.com\/keybox.nl\/wp-content\/uploads\/2023\/02\/S7-Pro-Big-Box-Key-Safe.jpg?resize=525%2C300&ssl=1 1.5x, https:\/\/i0.wp.com\/keybox.nl\/wp-content\/uploads\/2023\/02\/S7-Pro-Big-Box-Key-Safe.jpg?resize=700%2C400&ssl=1 2x"},"classes":[]},{"id":1796,"url":"https:\/\/keybox.nl\/es\/producto\/keysafe-key-cabinet\/","url_meta":{"origin":1770,"position":3},"title":"Armario de llaves Keysafe","author":"Elric Drost","date":"18 diciembre 2024","format":false,"excerpt":"Touchpoint PRO de Kidde 30\/60\/120 teclas","rel":"","context":"Entrada similar","block_context":{"text":"Entrada similar","link":""},"img":{"alt_text":"","src":"https:\/\/i0.wp.com\/keybox.nl\/wp-content\/uploads\/2024\/12\/Keysafe-cabinet-30-Keybox-open-298x300.jpg?resize=350%2C200","width":350,"height":200},"classes":[]},{"id":1171,"url":"https:\/\/keybox.nl\/es\/producto\/keysafe-slimline\/","url_meta":{"origin":1770,"position":4},"title":"Keysafe Slimline","author":"Keybox@beheermodule","date":"9 diciembre 2022","format":false,"excerpt":"Siempre accesible con el Keysafe Slimline","rel":"","context":"Entrada similar","block_context":{"text":"Entrada similar","link":""},"img":{"alt_text":"Keysafe Slim line","src":"https:\/\/i0.wp.com\/keybox.nl\/wp-content\/uploads\/2022\/12\/Keysafe_Slim_line_Keybox.jpeg?resize=350%2C200&ssl=1","width":350,"height":200,"srcset":"https:\/\/i0.wp.com\/keybox.nl\/wp-content\/uploads\/2022\/12\/Keysafe_Slim_line_Keybox.jpeg?resize=350%2C200&ssl=1 1x, https:\/\/i0.wp.com\/keybox.nl\/wp-content\/uploads\/2022\/12\/Keysafe_Slim_line_Keybox.jpeg?resize=525%2C300&ssl=1 1.5x, https:\/\/i0.wp.com\/keybox.nl\/wp-content\/uploads\/2022\/12\/Keysafe_Slim_line_Keybox.jpeg?resize=700%2C400&ssl=1 2x"},"classes":[]},{"id":1812,"url":"https:\/\/keybox.nl\/es\/producto\/drs-vector-combi-keysafe\/","url_meta":{"origin":1770,"position":5},"title":"DRS Vector Combi Keysafe","author":"Elric Drost","date":"21 enero 2025","format":false,"excerpt":"Perfecto para uso profesional.","rel":"","context":"Entrada similar","block_context":{"text":"Entrada similar","link":""},"img":{"alt_text":"","src":"https:\/\/i0.wp.com\/keybox.nl\/wp-content\/uploads\/2025\/01\/DRS-Vector-Combi-Keysafe-keybox.jpg?resize=350%2C200&ssl=1","width":350,"height":200,"srcset":"https:\/\/i0.wp.com\/keybox.nl\/wp-content\/uploads\/2025\/01\/DRS-Vector-Combi-Keysafe-keybox.jpg?resize=350%2C200&ssl=1 1x, https:\/\/i0.wp.com\/keybox.nl\/wp-content\/uploads\/2025\/01\/DRS-Vector-Combi-Keysafe-keybox.jpg?resize=525%2C300&ssl=1 1.5x, https:\/\/i0.wp.com\/keybox.nl\/wp-content\/uploads\/2025\/01\/DRS-Vector-Combi-Keysafe-keybox.jpg?resize=700%2C400&ssl=1 2x, https:\/\/i0.wp.com\/keybox.nl\/wp-content\/uploads\/2025\/01\/DRS-Vector-Combi-Keysafe-keybox.jpg?resize=1050%2C600&ssl=1 3x"},"classes":[]}],"jetpack_sharing_enabled":true,"_links":{"self":[{"href":"https:\/\/keybox.nl\/es\/wp-json\/wp\/v2\/product\/1770","targetHints":{"allow":["GET"]}}],"collection":[{"href":"https:\/\/keybox.nl\/es\/wp-json\/wp\/v2\/product"}],"about":[{"href":"https:\/\/keybox.nl\/es\/wp-json\/wp\/v2\/types\/product"}],"replies":[{"embeddable":true,"href":"https:\/\/keybox.nl\/es\/wp-json\/wp\/v2\/comments?post=1770"}],"wp:featuredmedia":[{"embeddable":true,"href":"https:\/\/keybox.nl\/es\/wp-json\/wp\/v2\/media\/1772"}],"wp:attachment":[{"href":"https:\/\/keybox.nl\/es\/wp-json\/wp\/v2\/media?parent=1770"}],"wp:term":[{"taxonomy":"product_brand","embeddable":true,"href":"https:\/\/keybox.nl\/es\/wp-json\/wp\/v2\/product_brand?post=1770"},{"taxonomy":"product_cat","embeddable":true,"href":"https:\/\/keybox.nl\/es\/wp-json\/wp\/v2\/product_cat?post=1770"},{"taxonomy":"product_tag","embeddable":true,"href":"https:\/\/keybox.nl\/es\/wp-json\/wp\/v2\/product_tag?post=1770"}],"curies":[{"name":"wp","href":"https:\/\/api.w.org\/{rel}","templated":true}]}}