{"id":1759,"date":"2024-11-29T15:23:40","date_gmt":"2024-11-29T15:23:40","guid":{"rendered":"https:\/\/keybox.nl\/?post_type=product&#038;p=1759"},"modified":"2024-12-05T14:29:56","modified_gmt":"2024-12-05T14:29:56","slug":"keysafe-hangslot","status":"publish","type":"product","link":"https:\/\/keybox.nl\/es\/producto\/keysafe-hangslot\/","title":{"rendered":"Candado Keysafe"},"content":{"rendered":"<div class=\"flex-shrink-0 flex flex-col relative items-end\">\n<div>\n<div class=\"pt-0\">\n<div class=\"gizmo-bot-avatar flex h-8 w-8 items-center justify-center overflow-hidden rounded-full\">\n<h4 class=\"relative p-1 rounded-sm flex items-center justify-center bg-token-main-surface-primary text-token-text-primary h-8 w-8\">KEYSAFE Candado Caja de llaves<\/h4>\n<\/div>\n<\/div>\n<\/div>\n<\/div>\n<p>Una soluci\u00f3n pr\u00e1ctica para guardar y transferir llaves de forma segura. El soporte permite fijar f\u00e1cilmente el casillero de llaves a manillas de puertas, rejas, tuber\u00edas u otros puntos de fijaci\u00f3n. Con su cerradura de combinaci\u00f3n incorporada, el candado es ideal para el acceso autorizado sin necesidad de llaves.<\/p>\n<p>Hay disponible una funda de neopreno opcional para una mayor protecci\u00f3n contra la intemperie y para un aspecto m\u00e1s discreto.<\/p>\n<p><strong>Ventajas<\/strong><\/p>\n<ul>\n<li>F\u00e1cil y r\u00e1pido de instalar.<\/li>\n<li>Llaves siempre disponibles y guardadas de forma segura.<\/li>\n<li>No necesita alimentaci\u00f3n ni componentes electr\u00f3nicos.<\/li>\n<li>M\u00e1s de 1.000 combinaciones de n\u00fameros posibles.<a id=\"set-post-thumbnail\" class=\"thickbox\" href=\"https:\/\/keybox.nl\/wp-admin\/media-upload.php?post_id=1759&amp;type=image&amp;TB_iframe=1\">Establecer la imagen del producto<\/a><\/li>\n<li>Dise\u00f1o extremadamente robusto.<\/li>\n<\/ul>\n<p><strong>Especificaciones<\/strong><\/p>\n<ul>\n<li>Color: gris.<\/li>\n<li>Temperatura de funcionamiento: hasta -26 \u00b0C.<\/li>\n<li>Resistencia qu\u00edmica y a los disolventes: est\u00e1ndar.<\/li>\n<li>Resistente a la exposici\u00f3n prolongada a los rayos UV.<\/li>\n<li>Resistente a salpicaduras de agua de hasta 10,16 cm\/hora.<\/li>\n<\/ul>\n<p><strong>Opciones<\/strong><\/p>\n<ul>\n<li>Funda protectora de goma de neopreno en color negro para una mayor protecci\u00f3n contra las inclemencias del tiempo.<\/li>\n<\/ul>\n<p><strong>Contenido del paquete<\/strong><\/p>\n<ul>\n<li>Candado KEYSAFE suministrado en caja de cart\u00f3n.<\/li>\n<li>Manual de instrucciones incluido.<\/li>\n<\/ul>\n<p>Pida el candado Keysafe directamente a <a href=\"http:\/\/keybox.nl\/es\/\">Keybox.es<\/a>su especialista en cajas de llaves<\/p>","protected":false},"excerpt":{"rendered":"<p>Candado de seguridad para llaves.<\/p>","protected":false},"featured_media":1764,"comment_status":"open","ping_status":"closed","template":"","meta":[],"product_brand":[],"product_cat":[19],"product_tag":[79],"class_list":{"0":"post-1759","1":"product","2":"type-product","3":"status-publish","4":"has-post-thumbnail","6":"product_cat-keysafe","7":"product_tag-kleine-keysafe","9":"first","10":"instock","11":"taxable","12":"shipping-taxable","13":"purchasable","14":"product-type-simple"},"yoast_head":"<!-- This site is optimized with the Yoast SEO plugin v27.4 - https:\/\/yoast.com\/product\/yoast-seo-wordpress\/ -->\n<title>Keysafe hangslot -<\/title>\n<meta name=\"robots\" content=\"index, follow, max-snippet:-1, max-image-preview:large, max-video-preview:-1\" \/>\n<link rel=\"canonical\" href=\"https:\/\/keybox.nl\/es\/producto\/keysafe-hangslot\/\" \/>\n<meta property=\"og:locale\" content=\"es_ES\" \/>\n<meta property=\"og:type\" content=\"article\" \/>\n<meta property=\"og:title\" content=\"Keysafe hangslot -\" \/>\n<meta property=\"og:description\" content=\"Hangslot van keysafe voor sleutelbeveiliging.\" \/>\n<meta property=\"og:url\" content=\"https:\/\/keybox.nl\/es\/producto\/keysafe-hangslot\/\" \/>\n<meta property=\"article:modified_time\" content=\"2024-12-05T14:29:56+00:00\" \/>\n<meta property=\"og:image\" content=\"http:\/\/keybox.nl\/wp-content\/uploads\/2024\/11\/Keysafe_hangslot_cijferslot_keybox.jpg\" \/>\n\t<meta property=\"og:image:width\" content=\"380\" \/>\n\t<meta property=\"og:image:height\" content=\"494\" \/>\n\t<meta property=\"og:image:type\" content=\"image\/jpeg\" \/>\n<meta name=\"twitter:card\" content=\"summary_large_image\" \/>\n<meta name=\"twitter:label1\" content=\"Tiempo de lectura\" \/>\n\t<meta name=\"twitter:data1\" content=\"1 minuto\" \/>\n<script type=\"application\/ld+json\" class=\"yoast-schema-graph\">{\"@context\":\"https:\\\/\\\/schema.org\",\"@graph\":[{\"@type\":\"WebPage\",\"@id\":\"https:\\\/\\\/keybox.nl\\\/product\\\/keysafe-hangslot\\\/\",\"url\":\"https:\\\/\\\/keybox.nl\\\/product\\\/keysafe-hangslot\\\/\",\"name\":\"Keysafe hangslot -\",\"isPartOf\":{\"@id\":\"https:\\\/\\\/keybox.nl\\\/#website\"},\"primaryImageOfPage\":{\"@id\":\"https:\\\/\\\/keybox.nl\\\/product\\\/keysafe-hangslot\\\/#primaryimage\"},\"image\":{\"@id\":\"https:\\\/\\\/keybox.nl\\\/product\\\/keysafe-hangslot\\\/#primaryimage\"},\"thumbnailUrl\":\"https:\\\/\\\/keybox.nl\\\/wp-content\\\/uploads\\\/2024\\\/11\\\/Keysafe_hangslot_cijferslot_keybox.jpg\",\"datePublished\":\"2024-11-29T15:23:40+00:00\",\"dateModified\":\"2024-12-05T14:29:56+00:00\",\"breadcrumb\":{\"@id\":\"https:\\\/\\\/keybox.nl\\\/product\\\/keysafe-hangslot\\\/#breadcrumb\"},\"inLanguage\":\"es\",\"potentialAction\":[{\"@type\":\"ReadAction\",\"target\":[\"https:\\\/\\\/keybox.nl\\\/product\\\/keysafe-hangslot\\\/\"]}]},{\"@type\":\"ImageObject\",\"inLanguage\":\"es\",\"@id\":\"https:\\\/\\\/keybox.nl\\\/product\\\/keysafe-hangslot\\\/#primaryimage\",\"url\":\"https:\\\/\\\/keybox.nl\\\/wp-content\\\/uploads\\\/2024\\\/11\\\/Keysafe_hangslot_cijferslot_keybox.jpg\",\"contentUrl\":\"https:\\\/\\\/keybox.nl\\\/wp-content\\\/uploads\\\/2024\\\/11\\\/Keysafe_hangslot_cijferslot_keybox.jpg\",\"width\":380,\"height\":494,\"caption\":\"main\"},{\"@type\":\"BreadcrumbList\",\"@id\":\"https:\\\/\\\/keybox.nl\\\/product\\\/keysafe-hangslot\\\/#breadcrumb\",\"itemListElement\":[{\"@type\":\"ListItem\",\"position\":1,\"name\":\"Home\",\"item\":\"https:\\\/\\\/keybox.nl\\\/\"},{\"@type\":\"ListItem\",\"position\":2,\"name\":\"Beveiligde sleutelkastjes kopen\",\"item\":\"https:\\\/\\\/keybox.nl\\\/\"},{\"@type\":\"ListItem\",\"position\":3,\"name\":\"Keysafe hangslot\"}]},{\"@type\":\"WebSite\",\"@id\":\"https:\\\/\\\/keybox.nl\\\/#website\",\"url\":\"https:\\\/\\\/keybox.nl\\\/\",\"name\":\"\",\"description\":\"\",\"potentialAction\":[{\"@type\":\"SearchAction\",\"target\":{\"@type\":\"EntryPoint\",\"urlTemplate\":\"https:\\\/\\\/keybox.nl\\\/?s={search_term_string}\"},\"query-input\":{\"@type\":\"PropertyValueSpecification\",\"valueRequired\":true,\"valueName\":\"search_term_string\"}}],\"inLanguage\":\"es\"}]}<\/script>\n<!-- \/ Yoast SEO plugin. -->","yoast_head_json":{"title":"Candado Keysafe -","robots":{"index":"index","follow":"follow","max-snippet":"max-snippet:-1","max-image-preview":"max-image-preview:large","max-video-preview":"max-video-preview:-1"},"canonical":"https:\/\/keybox.nl\/es\/producto\/keysafe-hangslot\/","og_locale":"es_ES","og_type":"article","og_title":"Keysafe hangslot -","og_description":"Hangslot van keysafe voor sleutelbeveiliging.","og_url":"https:\/\/keybox.nl\/es\/producto\/keysafe-hangslot\/","article_modified_time":"2024-12-05T14:29:56+00:00","og_image":[{"width":380,"height":494,"url":"http:\/\/keybox.nl\/wp-content\/uploads\/2024\/11\/Keysafe_hangslot_cijferslot_keybox.jpg","type":"image\/jpeg"}],"twitter_card":"summary_large_image","twitter_misc":{"Tiempo de lectura":"1 minuto"},"schema":{"@context":"https:\/\/schema.org","@graph":[{"@type":"WebPage","@id":"https:\/\/keybox.nl\/product\/keysafe-hangslot\/","url":"https:\/\/keybox.nl\/product\/keysafe-hangslot\/","name":"Candado Keysafe -","isPartOf":{"@id":"https:\/\/keybox.nl\/#website"},"primaryImageOfPage":{"@id":"https:\/\/keybox.nl\/product\/keysafe-hangslot\/#primaryimage"},"image":{"@id":"https:\/\/keybox.nl\/product\/keysafe-hangslot\/#primaryimage"},"thumbnailUrl":"https:\/\/keybox.nl\/wp-content\/uploads\/2024\/11\/Keysafe_hangslot_cijferslot_keybox.jpg","datePublished":"2024-11-29T15:23:40+00:00","dateModified":"2024-12-05T14:29:56+00:00","breadcrumb":{"@id":"https:\/\/keybox.nl\/product\/keysafe-hangslot\/#breadcrumb"},"inLanguage":"es","potentialAction":[{"@type":"ReadAction","target":["https:\/\/keybox.nl\/product\/keysafe-hangslot\/"]}]},{"@type":"ImageObject","inLanguage":"es","@id":"https:\/\/keybox.nl\/product\/keysafe-hangslot\/#primaryimage","url":"https:\/\/keybox.nl\/wp-content\/uploads\/2024\/11\/Keysafe_hangslot_cijferslot_keybox.jpg","contentUrl":"https:\/\/keybox.nl\/wp-content\/uploads\/2024\/11\/Keysafe_hangslot_cijferslot_keybox.jpg","width":380,"height":494,"caption":"main"},{"@type":"BreadcrumbList","@id":"https:\/\/keybox.nl\/product\/keysafe-hangslot\/#breadcrumb","itemListElement":[{"@type":"ListItem","position":1,"name":"Home","item":"https:\/\/keybox.nl\/"},{"@type":"ListItem","position":2,"name":"Beveiligde sleutelkastjes kopen","item":"https:\/\/keybox.nl\/"},{"@type":"ListItem","position":3,"name":"Keysafe hangslot"}]},{"@type":"WebSite","@id":"https:\/\/keybox.nl\/#website","url":"https:\/\/keybox.nl\/","name":"","description":"","potentialAction":[{"@type":"SearchAction","target":{"@type":"EntryPoint","urlTemplate":"https:\/\/keybox.nl\/?s={search_term_string}"},"query-input":{"@type":"PropertyValueSpecification","valueRequired":true,"valueName":"search_term_string"}}],"inLanguage":"es"}]}},"jetpack-related-posts":[{"id":1796,"url":"https:\/\/keybox.nl\/es\/producto\/keysafe-key-cabinet\/","url_meta":{"origin":1759,"position":0},"title":"Armario de llaves Keysafe","author":"Elric Drost","date":"18 diciembre 2024","format":false,"excerpt":"Touchpoint PRO de Kidde 30\/60\/120 teclas","rel":"","context":"Entrada similar","block_context":{"text":"Entrada similar","link":""},"img":{"alt_text":"","src":"https:\/\/i0.wp.com\/keybox.nl\/wp-content\/uploads\/2024\/12\/Keysafe-cabinet-30-Keybox-open-298x300.jpg?resize=350%2C200","width":350,"height":200},"classes":[]},{"id":1782,"url":"https:\/\/keybox.nl\/es\/producto\/keysafe-p500\/","url_meta":{"origin":1759,"position":1},"title":"Keysafe P500","author":"Elric Drost","date":"13 diciembre 2024","format":false,"excerpt":"El mini armario de llaves m\u00e1s seguro del mercado.","rel":"","context":"Entrada similar","block_context":{"text":"Entrada similar","link":""},"img":{"alt_text":"","src":"https:\/\/i0.wp.com\/keybox.nl\/wp-content\/uploads\/2024\/12\/boite-a-cle-keysafe-pro-grand-format.jpg?resize=350%2C200&ssl=1","width":350,"height":200},"classes":[]},{"id":1346,"url":"https:\/\/keybox.nl\/es\/producto\/keysafe-big-pro-sleutelkluis\/","url_meta":{"origin":1759,"position":2},"title":"Caja fuerte para llaves Keysafe Big Pro","author":"Keybox@beheermodule","date":"10 febrero 2023","format":false,"excerpt":"Caja fuerte para llaves Keysafe Big Pro con cerradura de combinaci\u00f3n y tapa protectora","rel":"","context":"Entrada similar","block_context":{"text":"Entrada similar","link":""},"img":{"alt_text":"Keysafe Big Pro","src":"https:\/\/i0.wp.com\/keybox.nl\/wp-content\/uploads\/2023\/02\/S7-Pro-Big-Box-Key-Safe.jpg?resize=350%2C200&ssl=1","width":350,"height":200,"srcset":"https:\/\/i0.wp.com\/keybox.nl\/wp-content\/uploads\/2023\/02\/S7-Pro-Big-Box-Key-Safe.jpg?resize=350%2C200&ssl=1 1x, https:\/\/i0.wp.com\/keybox.nl\/wp-content\/uploads\/2023\/02\/S7-Pro-Big-Box-Key-Safe.jpg?resize=525%2C300&ssl=1 1.5x, https:\/\/i0.wp.com\/keybox.nl\/wp-content\/uploads\/2023\/02\/S7-Pro-Big-Box-Key-Safe.jpg?resize=700%2C400&ssl=1 2x"},"classes":[]},{"id":1179,"url":"https:\/\/keybox.nl\/es\/producto\/keysafe-original\/","url_meta":{"origin":1759,"position":3},"title":"Keysafe Original","author":"Keybox@beheermodule","date":"9 diciembre 2022","format":false,"excerpt":"Keysafe Original para 5 llaves Si se necesitan varias llaves para entrar en las habitaciones, la gran capacidad de almacenamiento del KeySafe\u2122 Original permite guardarlas todas en un mismo lugar con un c\u00f3digo de acceso f\u00e1cil de usar. KeySafe Original puede guardar varias llaves y es lo suficientemente grande para tarjetas de llaves....","rel":"","context":"Entrada similar","block_context":{"text":"Entrada similar","link":""},"img":{"alt_text":"","src":"https:\/\/i0.wp.com\/keybox.nl\/wp-content\/uploads\/2022\/12\/Keysafe_Original_keybox_sleutelkluis.jpg?resize=350%2C200&ssl=1","width":350,"height":200,"srcset":"https:\/\/i0.wp.com\/keybox.nl\/wp-content\/uploads\/2022\/12\/Keysafe_Original_keybox_sleutelkluis.jpg?resize=350%2C200&ssl=1 1x, https:\/\/i0.wp.com\/keybox.nl\/wp-content\/uploads\/2022\/12\/Keysafe_Original_keybox_sleutelkluis.jpg?resize=525%2C300&ssl=1 1.5x, https:\/\/i0.wp.com\/keybox.nl\/wp-content\/uploads\/2022\/12\/Keysafe_Original_keybox_sleutelkluis.jpg?resize=700%2C400&ssl=1 2x"},"classes":[]},{"id":1812,"url":"https:\/\/keybox.nl\/es\/producto\/drs-vector-combi-keysafe\/","url_meta":{"origin":1759,"position":4},"title":"DRS Vector Combi Keysafe","author":"Elric Drost","date":"21 enero 2025","format":false,"excerpt":"Perfecto para uso profesional.","rel":"","context":"Entrada similar","block_context":{"text":"Entrada similar","link":""},"img":{"alt_text":"","src":"https:\/\/i0.wp.com\/keybox.nl\/wp-content\/uploads\/2025\/01\/DRS-Vector-Combi-Keysafe-keybox.jpg?resize=350%2C200&ssl=1","width":350,"height":200,"srcset":"https:\/\/i0.wp.com\/keybox.nl\/wp-content\/uploads\/2025\/01\/DRS-Vector-Combi-Keysafe-keybox.jpg?resize=350%2C200&ssl=1 1x, https:\/\/i0.wp.com\/keybox.nl\/wp-content\/uploads\/2025\/01\/DRS-Vector-Combi-Keysafe-keybox.jpg?resize=525%2C300&ssl=1 1.5x, https:\/\/i0.wp.com\/keybox.nl\/wp-content\/uploads\/2025\/01\/DRS-Vector-Combi-Keysafe-keybox.jpg?resize=700%2C400&ssl=1 2x, https:\/\/i0.wp.com\/keybox.nl\/wp-content\/uploads\/2025\/01\/DRS-Vector-Combi-Keysafe-keybox.jpg?resize=1050%2C600&ssl=1 3x"},"classes":[]},{"id":1171,"url":"https:\/\/keybox.nl\/es\/producto\/keysafe-slimline\/","url_meta":{"origin":1759,"position":5},"title":"Keysafe Slimline","author":"Keybox@beheermodule","date":"9 diciembre 2022","format":false,"excerpt":"Siempre accesible con el Keysafe Slimline","rel":"","context":"Entrada similar","block_context":{"text":"Entrada similar","link":""},"img":{"alt_text":"Keysafe Slim line","src":"https:\/\/i0.wp.com\/keybox.nl\/wp-content\/uploads\/2022\/12\/Keysafe_Slim_line_Keybox.jpeg?resize=350%2C200&ssl=1","width":350,"height":200,"srcset":"https:\/\/i0.wp.com\/keybox.nl\/wp-content\/uploads\/2022\/12\/Keysafe_Slim_line_Keybox.jpeg?resize=350%2C200&ssl=1 1x, https:\/\/i0.wp.com\/keybox.nl\/wp-content\/uploads\/2022\/12\/Keysafe_Slim_line_Keybox.jpeg?resize=525%2C300&ssl=1 1.5x, https:\/\/i0.wp.com\/keybox.nl\/wp-content\/uploads\/2022\/12\/Keysafe_Slim_line_Keybox.jpeg?resize=700%2C400&ssl=1 2x"},"classes":[]}],"jetpack_sharing_enabled":true,"_links":{"self":[{"href":"https:\/\/keybox.nl\/es\/wp-json\/wp\/v2\/product\/1759","targetHints":{"allow":["GET"]}}],"collection":[{"href":"https:\/\/keybox.nl\/es\/wp-json\/wp\/v2\/product"}],"about":[{"href":"https:\/\/keybox.nl\/es\/wp-json\/wp\/v2\/types\/product"}],"replies":[{"embeddable":true,"href":"https:\/\/keybox.nl\/es\/wp-json\/wp\/v2\/comments?post=1759"}],"wp:featuredmedia":[{"embeddable":true,"href":"https:\/\/keybox.nl\/es\/wp-json\/wp\/v2\/media\/1764"}],"wp:attachment":[{"href":"https:\/\/keybox.nl\/es\/wp-json\/wp\/v2\/media?parent=1759"}],"wp:term":[{"taxonomy":"product_brand","embeddable":true,"href":"https:\/\/keybox.nl\/es\/wp-json\/wp\/v2\/product_brand?post=1759"},{"taxonomy":"product_cat","embeddable":true,"href":"https:\/\/keybox.nl\/es\/wp-json\/wp\/v2\/product_cat?post=1759"},{"taxonomy":"product_tag","embeddable":true,"href":"https:\/\/keybox.nl\/es\/wp-json\/wp\/v2\/product_tag?post=1759"}],"curies":[{"name":"wp","href":"https:\/\/api.w.org\/{rel}","templated":true}]}}