{"id":1754,"date":"2024-11-29T14:14:35","date_gmt":"2024-11-29T14:14:35","guid":{"rendered":"https:\/\/keybox.nl\/?post_type=product&#038;p=1754"},"modified":"2024-11-29T14:14:35","modified_gmt":"2024-11-29T14:14:35","slug":"in-box-digibox","status":"publish","type":"product","link":"https:\/\/keybox.nl\/es\/producto\/in-box-digibox\/","title":{"rendered":"Digibox integrado"},"content":{"rendered":"<p>Amplia caja de devoluci\u00f3n segura de la marca Digibox para llaves o sobres.<\/p>\n<h4>Caracter\u00edsticas f\u00edsicas<\/h4>\n<ul>\n<li>Malet\u00edn compacto y resistente dise\u00f1ado para guardar y trasladar llaves, sobres y otros objetos de forma segura.<\/li>\n<li>Las dimensiones de la caja son 365 x 365 x 110 mm en la parte inferior.<\/li>\n<li>Espesor de pared de 2,5 mm, galvanizado y recubierto de polvo para resistir a la oxidaci\u00f3n a largo plazo.<\/li>\n<li>Las bisagras de acero inoxidable ofrecen mayor durabilidad y fiabilidad.<\/li>\n<li>Dispone de un espacioso compartimento, ideal para llaves, sobres y objetos similares.<\/li>\n<li>Asegurado con un cilindro de seguridad normalizado, que incluye dos llaves suministradas.<\/li>\n<li>El peso incluido el embalaje es de unos 11 kg.<\/li>\n<\/ul>\n<h4>Funciones operativas y de seguridad<\/h4>\n<ul>\n<li>Dise\u00f1ado para resistir a la intemperie y funcionar con fiabilidad tanto a bajas como a altas temperaturas.<\/li>\n<\/ul>\n<h4>Opciones y ajustes de color<\/h4>\n<ul>\n<li>Colores est\u00e1ndar disponibles en RAL 1015 marfil claro y RAL 5010 azul genciana.<\/li>\n<li>Otros colores RAL disponibles con recargo.<\/li>\n<\/ul>\n<p>P\u00f3ngase en contacto con <a href=\"http:\/\/keybox.nl\/es\/contact\/\">Caja de llaves<\/a> para obtener m\u00e1s informaci\u00f3n y un presupuesto. Solicite hoy mismo su soluci\u00f3n de gesti\u00f3n segura de llaves y sobres a Keybox.es, \u00a1el especialista en gesti\u00f3n de llaves!<\/p>\n<p>Pida el Digibox directamente a <a href=\"http:\/\/keybox.nl\/es\/\">Keybox.es<\/a>su especialista en cajas de llaves<\/p>\n<p><img decoding=\"async\" class=\"alignnone wp-image-1726\" src=\"http:\/\/keybox.nl\/wp-content\/uploads\/2024\/11\/keybox-digibox_digiboxXLsleutelkast-300x111.jpg\" alt=\"\" width=\"578\" height=\"214\" srcset=\"https:\/\/keybox.nl\/wp-content\/uploads\/2024\/11\/keybox-digibox_digiboxXLsleutelkast-300x111.jpg 300w, https:\/\/keybox.nl\/wp-content\/uploads\/2024\/11\/keybox-digibox_digiboxXLsleutelkast-416x154.jpg 416w, https:\/\/keybox.nl\/wp-content\/uploads\/2024\/11\/keybox-digibox_digiboxXLsleutelkast-768x284.jpg 768w, https:\/\/keybox.nl\/wp-content\/uploads\/2024\/11\/keybox-digibox_digiboxXLsleutelkast-18x7.jpg 18w, https:\/\/keybox.nl\/wp-content\/uploads\/2024\/11\/keybox-digibox_digiboxXLsleutelkast.jpg 1024w\" sizes=\"(max-width: 578px) 100vw, 578px\" \/><\/p>","protected":false},"excerpt":{"rendered":"<p>Amplia caja de seguridad para llaves o sobres.<\/p>","protected":false},"featured_media":1758,"comment_status":"open","ping_status":"closed","template":"","meta":[],"product_brand":[],"product_cat":[57],"product_tag":[76],"class_list":{"0":"post-1754","1":"product","2":"type-product","3":"status-publish","4":"has-post-thumbnail","6":"product_cat-digibox-sleuteluitgifte","7":"product_tag-digibox-groot","9":"first","10":"instock","11":"taxable","12":"shipping-taxable","13":"purchasable","14":"product-type-variable","15":"has-default-attributes"},"yoast_head":"<!-- This site is optimized with the Yoast SEO plugin v27.5 - https:\/\/yoast.com\/product\/yoast-seo-wordpress\/ -->\n<title>In-box Digibox -<\/title>\n<meta name=\"robots\" content=\"index, follow, max-snippet:-1, max-image-preview:large, max-video-preview:-1\" \/>\n<link rel=\"canonical\" href=\"https:\/\/keybox.nl\/es\/producto\/in-box-digibox\/\" \/>\n<meta property=\"og:locale\" content=\"es_ES\" \/>\n<meta property=\"og:type\" content=\"article\" \/>\n<meta property=\"og:title\" content=\"In-box Digibox -\" \/>\n<meta property=\"og:description\" content=\"Ruime veilige inleverbus voor sleutels of enveloppen.\" \/>\n<meta property=\"og:url\" content=\"https:\/\/keybox.nl\/es\/producto\/in-box-digibox\/\" \/>\n<meta property=\"og:image\" content=\"http:\/\/keybox.nl\/wp-content\/uploads\/2024\/11\/in-box-digibox-keybox2021blauw.jpg\" \/>\n\t<meta property=\"og:image:width\" content=\"800\" \/>\n\t<meta property=\"og:image:height\" content=\"820\" \/>\n\t<meta property=\"og:image:type\" content=\"image\/jpeg\" \/>\n<meta name=\"twitter:card\" content=\"summary_large_image\" \/>\n<meta name=\"twitter:label1\" content=\"Tiempo de lectura\" \/>\n\t<meta name=\"twitter:data1\" content=\"2 minutos\" \/>\n<script type=\"application\/ld+json\" class=\"yoast-schema-graph\">{\"@context\":\"https:\\\/\\\/schema.org\",\"@graph\":[{\"@type\":\"WebPage\",\"@id\":\"https:\\\/\\\/keybox.nl\\\/product\\\/in-box-digibox\\\/\",\"url\":\"https:\\\/\\\/keybox.nl\\\/product\\\/in-box-digibox\\\/\",\"name\":\"In-box Digibox -\",\"isPartOf\":{\"@id\":\"https:\\\/\\\/keybox.nl\\\/#website\"},\"primaryImageOfPage\":{\"@id\":\"https:\\\/\\\/keybox.nl\\\/product\\\/in-box-digibox\\\/#primaryimage\"},\"image\":{\"@id\":\"https:\\\/\\\/keybox.nl\\\/product\\\/in-box-digibox\\\/#primaryimage\"},\"thumbnailUrl\":\"https:\\\/\\\/keybox.nl\\\/wp-content\\\/uploads\\\/2024\\\/11\\\/in-box-digibox-keybox2021blauw.jpg\",\"datePublished\":\"2024-11-29T14:14:35+00:00\",\"breadcrumb\":{\"@id\":\"https:\\\/\\\/keybox.nl\\\/product\\\/in-box-digibox\\\/#breadcrumb\"},\"inLanguage\":\"es\",\"potentialAction\":[{\"@type\":\"ReadAction\",\"target\":[\"https:\\\/\\\/keybox.nl\\\/product\\\/in-box-digibox\\\/\"]}]},{\"@type\":\"ImageObject\",\"inLanguage\":\"es\",\"@id\":\"https:\\\/\\\/keybox.nl\\\/product\\\/in-box-digibox\\\/#primaryimage\",\"url\":\"https:\\\/\\\/keybox.nl\\\/wp-content\\\/uploads\\\/2024\\\/11\\\/in-box-digibox-keybox2021blauw.jpg\",\"contentUrl\":\"https:\\\/\\\/keybox.nl\\\/wp-content\\\/uploads\\\/2024\\\/11\\\/in-box-digibox-keybox2021blauw.jpg\",\"width\":800,\"height\":820},{\"@type\":\"BreadcrumbList\",\"@id\":\"https:\\\/\\\/keybox.nl\\\/product\\\/in-box-digibox\\\/#breadcrumb\",\"itemListElement\":[{\"@type\":\"ListItem\",\"position\":1,\"name\":\"Home\",\"item\":\"https:\\\/\\\/keybox.nl\\\/\"},{\"@type\":\"ListItem\",\"position\":2,\"name\":\"Beveiligde sleutelkastjes kopen\",\"item\":\"https:\\\/\\\/keybox.nl\\\/\"},{\"@type\":\"ListItem\",\"position\":3,\"name\":\"In-box Digibox\"}]},{\"@type\":\"WebSite\",\"@id\":\"https:\\\/\\\/keybox.nl\\\/#website\",\"url\":\"https:\\\/\\\/keybox.nl\\\/\",\"name\":\"\",\"description\":\"\",\"potentialAction\":[{\"@type\":\"SearchAction\",\"target\":{\"@type\":\"EntryPoint\",\"urlTemplate\":\"https:\\\/\\\/keybox.nl\\\/?s={search_term_string}\"},\"query-input\":{\"@type\":\"PropertyValueSpecification\",\"valueRequired\":true,\"valueName\":\"search_term_string\"}}],\"inLanguage\":\"es\"}]}<\/script>\n<!-- \/ Yoast SEO plugin. -->","yoast_head_json":{"title":"Digibox integrado -","robots":{"index":"index","follow":"follow","max-snippet":"max-snippet:-1","max-image-preview":"max-image-preview:large","max-video-preview":"max-video-preview:-1"},"canonical":"https:\/\/keybox.nl\/es\/producto\/in-box-digibox\/","og_locale":"es_ES","og_type":"article","og_title":"In-box Digibox -","og_description":"Ruime veilige inleverbus voor sleutels of enveloppen.","og_url":"https:\/\/keybox.nl\/es\/producto\/in-box-digibox\/","og_image":[{"width":800,"height":820,"url":"http:\/\/keybox.nl\/wp-content\/uploads\/2024\/11\/in-box-digibox-keybox2021blauw.jpg","type":"image\/jpeg"}],"twitter_card":"summary_large_image","twitter_misc":{"Tiempo de lectura":"2 minutos"},"schema":{"@context":"https:\/\/schema.org","@graph":[{"@type":"WebPage","@id":"https:\/\/keybox.nl\/product\/in-box-digibox\/","url":"https:\/\/keybox.nl\/product\/in-box-digibox\/","name":"Digibox integrado -","isPartOf":{"@id":"https:\/\/keybox.nl\/#website"},"primaryImageOfPage":{"@id":"https:\/\/keybox.nl\/product\/in-box-digibox\/#primaryimage"},"image":{"@id":"https:\/\/keybox.nl\/product\/in-box-digibox\/#primaryimage"},"thumbnailUrl":"https:\/\/keybox.nl\/wp-content\/uploads\/2024\/11\/in-box-digibox-keybox2021blauw.jpg","datePublished":"2024-11-29T14:14:35+00:00","breadcrumb":{"@id":"https:\/\/keybox.nl\/product\/in-box-digibox\/#breadcrumb"},"inLanguage":"es","potentialAction":[{"@type":"ReadAction","target":["https:\/\/keybox.nl\/product\/in-box-digibox\/"]}]},{"@type":"ImageObject","inLanguage":"es","@id":"https:\/\/keybox.nl\/product\/in-box-digibox\/#primaryimage","url":"https:\/\/keybox.nl\/wp-content\/uploads\/2024\/11\/in-box-digibox-keybox2021blauw.jpg","contentUrl":"https:\/\/keybox.nl\/wp-content\/uploads\/2024\/11\/in-box-digibox-keybox2021blauw.jpg","width":800,"height":820},{"@type":"BreadcrumbList","@id":"https:\/\/keybox.nl\/product\/in-box-digibox\/#breadcrumb","itemListElement":[{"@type":"ListItem","position":1,"name":"Home","item":"https:\/\/keybox.nl\/"},{"@type":"ListItem","position":2,"name":"Beveiligde sleutelkastjes kopen","item":"https:\/\/keybox.nl\/"},{"@type":"ListItem","position":3,"name":"In-box Digibox"}]},{"@type":"WebSite","@id":"https:\/\/keybox.nl\/#website","url":"https:\/\/keybox.nl\/","name":"","description":"","potentialAction":[{"@type":"SearchAction","target":{"@type":"EntryPoint","urlTemplate":"https:\/\/keybox.nl\/?s={search_term_string}"},"query-input":{"@type":"PropertyValueSpecification","valueRequired":true,"valueName":"search_term_string"}}],"inLanguage":"es"}]}},"jetpack-related-posts":[{"id":1745,"url":"https:\/\/keybox.nl\/es\/producto\/digisafe-19-sleutelplaatsen\/","url_meta":{"origin":1754,"position":0},"title":"Digisafe, 19 lugares clave","author":"Elric Drost","date":"29 noviembre 2024","format":false,"excerpt":"La digibox m\u00e1s grande para 19 llaves, etiquetas o tarjetas con chip.","rel":"","context":"Entrada similar","block_context":{"text":"Entrada similar","link":""},"img":{"alt_text":"","src":"https:\/\/i0.wp.com\/keybox.nl\/wp-content\/uploads\/2024\/11\/digisafe-RAL-1015-keybox.jpg?resize=350%2C200&ssl=1","width":350,"height":200,"srcset":"https:\/\/i0.wp.com\/keybox.nl\/wp-content\/uploads\/2024\/11\/digisafe-RAL-1015-keybox.jpg?resize=350%2C200&ssl=1 1x, https:\/\/i0.wp.com\/keybox.nl\/wp-content\/uploads\/2024\/11\/digisafe-RAL-1015-keybox.jpg?resize=525%2C300&ssl=1 1.5x, https:\/\/i0.wp.com\/keybox.nl\/wp-content\/uploads\/2024\/11\/digisafe-RAL-1015-keybox.jpg?resize=700%2C400&ssl=1 2x"},"classes":[]},{"id":297,"url":"https:\/\/keybox.nl\/es\/producto\/digibox-7-sleutelhaken\/","url_meta":{"origin":1754,"position":1},"title":"Digibox 7 ganchos de llave","author":"Keybox@beheermodule","date":"18 febrero 2022","format":false,"excerpt":"Gestione sus llaves de forma segura con 7 posiciones de llave.","rel":"","context":"Entrada similar","block_context":{"text":"Entrada similar","link":""},"img":{"alt_text":"","src":"https:\/\/i0.wp.com\/keybox.nl\/wp-content\/uploads\/2022\/02\/Digibox-7-haken-Keybox-e1645195424393.jpg?resize=350%2C200&ssl=1","width":350,"height":200},"classes":[]},{"id":1690,"url":"https:\/\/keybox.nl\/es\/producto\/digibox-xl-7-sleutelhaken\/","url_meta":{"origin":1754,"position":2},"title":"Digibox XL 7 ganchos para llaves","author":"Keybox@beheermodule","date":"2 noviembre 2024","format":false,"excerpt":"Digibox XL extra espacioso","rel":"","context":"Entrada similar","block_context":{"text":"Entrada similar","link":""},"img":{"alt_text":"main","src":"https:\/\/i0.wp.com\/keybox.nl\/wp-content\/uploads\/2024\/03\/keybox-sho61f00882f1913_digiboxXLRAL5010.jpg?resize=350%2C200&ssl=1","width":350,"height":200,"srcset":"https:\/\/i0.wp.com\/keybox.nl\/wp-content\/uploads\/2024\/03\/keybox-sho61f00882f1913_digiboxXLRAL5010.jpg?resize=350%2C200&ssl=1 1x, https:\/\/i0.wp.com\/keybox.nl\/wp-content\/uploads\/2024\/03\/keybox-sho61f00882f1913_digiboxXLRAL5010.jpg?resize=525%2C300&ssl=1 1.5x, https:\/\/i0.wp.com\/keybox.nl\/wp-content\/uploads\/2024\/03\/keybox-sho61f00882f1913_digiboxXLRAL5010.jpg?resize=700%2C400&ssl=1 2x"},"classes":[]},{"id":1782,"url":"https:\/\/keybox.nl\/es\/producto\/keysafe-p500\/","url_meta":{"origin":1754,"position":3},"title":"Keysafe P500","author":"Elric Drost","date":"13 diciembre 2024","format":false,"excerpt":"El mini armario de llaves m\u00e1s seguro del mercado.","rel":"","context":"Entrada similar","block_context":{"text":"Entrada similar","link":""},"img":{"alt_text":"","src":"https:\/\/i0.wp.com\/keybox.nl\/wp-content\/uploads\/2024\/12\/boite-a-cle-keysafe-pro-grand-format.jpg?resize=350%2C200&ssl=1","width":350,"height":200},"classes":[]},{"id":1822,"url":"https:\/\/keybox.nl\/es\/producto\/keysafe-gce\/","url_meta":{"origin":1754,"position":4},"title":"Keysafe CME","author":"Elric Drost","date":"26 enero 2025","format":false,"excerpt":"Elija entre 3 modelos.","rel":"","context":"Entrada similar","block_context":{"text":"Entrada similar","link":""},"img":{"alt_text":"","src":"https:\/\/i0.wp.com\/keybox.nl\/wp-content\/uploads\/2025\/01\/9858a0f7e85097eb90f56de1f00f8269.jpg?resize=350%2C200&ssl=1","width":350,"height":200,"srcset":"https:\/\/i0.wp.com\/keybox.nl\/wp-content\/uploads\/2025\/01\/9858a0f7e85097eb90f56de1f00f8269.jpg?resize=350%2C200&ssl=1 1x, https:\/\/i0.wp.com\/keybox.nl\/wp-content\/uploads\/2025\/01\/9858a0f7e85097eb90f56de1f00f8269.jpg?resize=525%2C300&ssl=1 1.5x, https:\/\/i0.wp.com\/keybox.nl\/wp-content\/uploads\/2025\/01\/9858a0f7e85097eb90f56de1f00f8269.jpg?resize=700%2C400&ssl=1 2x, https:\/\/i0.wp.com\/keybox.nl\/wp-content\/uploads\/2025\/01\/9858a0f7e85097eb90f56de1f00f8269.jpg?resize=1050%2C600&ssl=1 3x, https:\/\/i0.wp.com\/keybox.nl\/wp-content\/uploads\/2025\/01\/9858a0f7e85097eb90f56de1f00f8269.jpg?resize=1400%2C800&ssl=1 4x"},"classes":[]},{"id":1775,"url":"https:\/\/keybox.nl\/es\/producto\/keysafe-pro-original\/","url_meta":{"origin":1754,"position":5},"title":"Keysafe Pro original","author":"Elric Drost","date":"5 diciembre 2024","format":false,"excerpt":"El KEYSAFE Pro Original es un robusto armario para 5 llaves est\u00e1ndar.","rel":"","context":"Entrada similar","block_context":{"text":"Entrada similar","link":""},"img":{"alt_text":"","src":"https:\/\/i0.wp.com\/keybox.nl\/wp-content\/uploads\/2024\/12\/keysafe-pro-original-sleutelkluisje.jpg?resize=350%2C200&ssl=1","width":350,"height":200},"classes":[]}],"jetpack_sharing_enabled":true,"_links":{"self":[{"href":"https:\/\/keybox.nl\/es\/wp-json\/wp\/v2\/product\/1754","targetHints":{"allow":["GET"]}}],"collection":[{"href":"https:\/\/keybox.nl\/es\/wp-json\/wp\/v2\/product"}],"about":[{"href":"https:\/\/keybox.nl\/es\/wp-json\/wp\/v2\/types\/product"}],"replies":[{"embeddable":true,"href":"https:\/\/keybox.nl\/es\/wp-json\/wp\/v2\/comments?post=1754"}],"wp:featuredmedia":[{"embeddable":true,"href":"https:\/\/keybox.nl\/es\/wp-json\/wp\/v2\/media\/1758"}],"wp:attachment":[{"href":"https:\/\/keybox.nl\/es\/wp-json\/wp\/v2\/media?parent=1754"}],"wp:term":[{"taxonomy":"product_brand","embeddable":true,"href":"https:\/\/keybox.nl\/es\/wp-json\/wp\/v2\/product_brand?post=1754"},{"taxonomy":"product_cat","embeddable":true,"href":"https:\/\/keybox.nl\/es\/wp-json\/wp\/v2\/product_cat?post=1754"},{"taxonomy":"product_tag","embeddable":true,"href":"https:\/\/keybox.nl\/es\/wp-json\/wp\/v2\/product_tag?post=1754"}],"curies":[{"name":"wp","href":"https:\/\/api.w.org\/{rel}","templated":true}]}}