{"id":1745,"date":"2024-11-29T14:13:46","date_gmt":"2024-11-29T14:13:46","guid":{"rendered":"https:\/\/keybox.nl\/?post_type=product&#038;p=1745"},"modified":"2024-11-29T14:13:46","modified_gmt":"2024-11-29T14:13:46","slug":"digisafe-19-sleutelplaatsen","status":"publish","type":"product","link":"https:\/\/keybox.nl\/es\/producto\/digisafe-19-sleutelplaatsen\/","title":{"rendered":"Digisafe, 19 lugares clave"},"content":{"rendered":"<p>La digibox m\u00e1s grande para 19 llaves, etiquetas o tarjetas chip. Todo a buen recaudo en una caja segura. Disponible en dos colores b\u00e1sicos y, opcionalmente, en todos los colores RAL con coste adicional.<\/p>\n<h4>Caracter\u00edsticas f\u00edsicas<\/h4>\n<ul>\n<li>Malet\u00edn compacto especialmente dise\u00f1ado para el almacenamiento y la expedici\u00f3n seguros de llaves, tarjetas con chip y etiquetas. Adecuado para un m\u00e1ximo de 19 art\u00edculos de hasta 160 g de peso.<\/li>\n<li>Las dimensiones de la caja son 420 x 420 x 135 mm en la parte inferior y 175 mm en la superior.<\/li>\n<li>Espesor de pared de 2,5 mm, galvanizado y recubierto de polvo para una buena resistencia a la oxidaci\u00f3n.<\/li>\n<li>Bisagras de acero inoxidable para una mayor durabilidad.<\/li>\n<li>Equipado con un compartimento extragrande para llaves y tarjetas.<\/li>\n<li>Ranura de entrada integrada de 55 x 25 mm para introducir llaves y tarjetas de forma f\u00e1cil y segura.<\/li>\n<li>Dos cilindros de seguridad normalizados con cuatro llaves incluidas.<\/li>\n<li>Peso, incluido el embalaje, unos 18,5 kg.<\/li>\n<\/ul>\n<h4>Caracter\u00edsticas electr\u00f3nicas y funcionales<\/h4>\n<ul>\n<li>Conexi\u00f3n el\u00e9ctrica a 220V AC con un consumo de 6W.<\/li>\n<li>Digisafes puede gestionarse ONLINE a trav\u00e9s de un PC, port\u00e1til, tableta o smartphone desde cualquier lugar del mundo. Esto ofrece infinitas posibilidades de personalizaci\u00f3n y escenarios de uso, garantizando que la gesti\u00f3n de sus llaves se adapte siempre de forma \u00f3ptima a sus necesidades. Para conocer las opciones y los precios, p\u00f3ngase en contacto con <a href=\"https:\/\/keybox.nl\/es\/contact\/\">p\u00f3ngase en contacto con<\/a> con Keybox <a href=\"https:\/\/keybox.nl\/es\/contact\/\">para un presupuesto<\/a>!<\/li>\n<li>Pantalla iluminada con 4\u00d720 caracteres, apta para uso con poca luz.<\/li>\n<li>Control de teclado con retroalimentaci\u00f3n ajustable ac\u00fasticamente.<\/li>\n<li>Textos de bienvenida ajustables y soporte para funcionamiento multiling\u00fce en alem\u00e1n, franc\u00e9s, italiano o ingl\u00e9s.<\/li>\n<li>Los datos permanecen almacenados incluso en caso de corte del suministro el\u00e9ctrico. Opcionalmente hay disponible una bater\u00eda de 12 V, que proporciona hasta 24 horas de protecci\u00f3n contra cortes de corriente.<\/li>\n<\/ul>\n<h4>Funciones operativas y de seguridad<\/h4>\n<ul>\n<li>Funciones antirrobo integradas para la m\u00e1xima seguridad de sus llaves.<\/li>\n<li>Construcci\u00f3n resistente a la intemperie, dise\u00f1ada para funcionar tanto a temperaturas extremadamente bajas como altas.<\/li>\n<li>Bandeja de salida iluminada para una mejor visibilidad y facilidad de uso.<\/li>\n<li>El c\u00f3digo de acceso puede programarse de cuatro a 10 caracteres, con tiempos de bloqueo opcionales para mayor seguridad.<\/li>\n<\/ul>\n<h4>Opciones y ajustes de color<\/h4>\n<ul>\n<li>Colores est\u00e1ndar disponibles en RAL 1015 marfil claro y RAL 5010 azul genciana.<\/li>\n<li>Otros colores RAL y opciones de personalizaci\u00f3n disponibles con un coste adicional.<\/li>\n<\/ul>\n<p>P\u00f3ngase en contacto con <a href=\"https:\/\/keybox.nl\/es\/contact\/\">Caja de llaves<\/a> para obtener informaci\u00f3n adicional y un presupuesto. Pida hoy mismo su sistema seguro de gesti\u00f3n de llaves y tarjetas a Keybox.es, su especialista en soluciones de gesti\u00f3n de llaves.<\/p>\n<p><img decoding=\"async\" class=\"alignnone wp-image-1726\" src=\"http:\/\/keybox.nl\/wp-content\/uploads\/2024\/11\/keybox-digibox_digiboxXLsleutelkast-300x111.jpg\" alt=\"\" width=\"578\" height=\"214\" srcset=\"https:\/\/keybox.nl\/wp-content\/uploads\/2024\/11\/keybox-digibox_digiboxXLsleutelkast-300x111.jpg 300w, https:\/\/keybox.nl\/wp-content\/uploads\/2024\/11\/keybox-digibox_digiboxXLsleutelkast-416x154.jpg 416w, https:\/\/keybox.nl\/wp-content\/uploads\/2024\/11\/keybox-digibox_digiboxXLsleutelkast-768x284.jpg 768w, https:\/\/keybox.nl\/wp-content\/uploads\/2024\/11\/keybox-digibox_digiboxXLsleutelkast-18x7.jpg 18w, https:\/\/keybox.nl\/wp-content\/uploads\/2024\/11\/keybox-digibox_digiboxXLsleutelkast.jpg 1024w\" sizes=\"(max-width: 578px) 100vw, 578px\" \/><\/p>","protected":false},"excerpt":{"rendered":"<p>La digibox m\u00e1s grande para 19 llaves, etiquetas o tarjetas con chip.<\/p>","protected":false},"featured_media":1753,"comment_status":"open","ping_status":"closed","template":"","meta":[],"product_brand":[],"product_cat":[57],"product_tag":[76],"class_list":{"0":"post-1745","1":"product","2":"type-product","3":"status-publish","4":"has-post-thumbnail","6":"product_cat-digibox-sleuteluitgifte","7":"product_tag-digibox-groot","9":"first","10":"instock","11":"taxable","12":"shipping-taxable","13":"purchasable","14":"product-type-variable","15":"has-default-attributes"},"yoast_head":"<!-- This site is optimized with the Yoast SEO plugin v27.4 - https:\/\/yoast.com\/product\/yoast-seo-wordpress\/ -->\n<title>Digisafe, 19 sleutelplaatsen -<\/title>\n<meta name=\"robots\" content=\"index, follow, max-snippet:-1, max-image-preview:large, max-video-preview:-1\" \/>\n<link rel=\"canonical\" href=\"https:\/\/keybox.nl\/es\/producto\/digisafe-19-sleutelplaatsen\/\" \/>\n<meta property=\"og:locale\" content=\"es_ES\" \/>\n<meta property=\"og:type\" content=\"article\" \/>\n<meta property=\"og:title\" content=\"Digisafe, 19 sleutelplaatsen -\" \/>\n<meta property=\"og:description\" content=\"De grootste digibox voor 19 sleutels, tags\u00a0 of chipkaarten.\" \/>\n<meta property=\"og:url\" content=\"https:\/\/keybox.nl\/es\/producto\/digisafe-19-sleutelplaatsen\/\" \/>\n<meta property=\"og:image\" content=\"http:\/\/keybox.nl\/wp-content\/uploads\/2024\/11\/digisafe-RAL-1015-keybox.jpg\" \/>\n\t<meta property=\"og:image:width\" content=\"800\" \/>\n\t<meta property=\"og:image:height\" content=\"882\" \/>\n\t<meta property=\"og:image:type\" content=\"image\/jpeg\" \/>\n<meta name=\"twitter:card\" content=\"summary_large_image\" \/>\n<meta name=\"twitter:label1\" content=\"Tiempo de lectura\" \/>\n\t<meta name=\"twitter:data1\" content=\"3 minutos\" \/>\n<script type=\"application\/ld+json\" class=\"yoast-schema-graph\">{\"@context\":\"https:\\\/\\\/schema.org\",\"@graph\":[{\"@type\":\"WebPage\",\"@id\":\"https:\\\/\\\/keybox.nl\\\/product\\\/digisafe-19-sleutelplaatsen\\\/\",\"url\":\"https:\\\/\\\/keybox.nl\\\/product\\\/digisafe-19-sleutelplaatsen\\\/\",\"name\":\"Digisafe, 19 sleutelplaatsen -\",\"isPartOf\":{\"@id\":\"https:\\\/\\\/keybox.nl\\\/#website\"},\"primaryImageOfPage\":{\"@id\":\"https:\\\/\\\/keybox.nl\\\/product\\\/digisafe-19-sleutelplaatsen\\\/#primaryimage\"},\"image\":{\"@id\":\"https:\\\/\\\/keybox.nl\\\/product\\\/digisafe-19-sleutelplaatsen\\\/#primaryimage\"},\"thumbnailUrl\":\"https:\\\/\\\/keybox.nl\\\/wp-content\\\/uploads\\\/2024\\\/11\\\/digisafe-RAL-1015-keybox.jpg\",\"datePublished\":\"2024-11-29T14:13:46+00:00\",\"breadcrumb\":{\"@id\":\"https:\\\/\\\/keybox.nl\\\/product\\\/digisafe-19-sleutelplaatsen\\\/#breadcrumb\"},\"inLanguage\":\"es\",\"potentialAction\":[{\"@type\":\"ReadAction\",\"target\":[\"https:\\\/\\\/keybox.nl\\\/product\\\/digisafe-19-sleutelplaatsen\\\/\"]}]},{\"@type\":\"ImageObject\",\"inLanguage\":\"es\",\"@id\":\"https:\\\/\\\/keybox.nl\\\/product\\\/digisafe-19-sleutelplaatsen\\\/#primaryimage\",\"url\":\"https:\\\/\\\/keybox.nl\\\/wp-content\\\/uploads\\\/2024\\\/11\\\/digisafe-RAL-1015-keybox.jpg\",\"contentUrl\":\"https:\\\/\\\/keybox.nl\\\/wp-content\\\/uploads\\\/2024\\\/11\\\/digisafe-RAL-1015-keybox.jpg\",\"width\":800,\"height\":882},{\"@type\":\"BreadcrumbList\",\"@id\":\"https:\\\/\\\/keybox.nl\\\/product\\\/digisafe-19-sleutelplaatsen\\\/#breadcrumb\",\"itemListElement\":[{\"@type\":\"ListItem\",\"position\":1,\"name\":\"Home\",\"item\":\"https:\\\/\\\/keybox.nl\\\/\"},{\"@type\":\"ListItem\",\"position\":2,\"name\":\"Beveiligde sleutelkastjes kopen\",\"item\":\"https:\\\/\\\/keybox.nl\\\/\"},{\"@type\":\"ListItem\",\"position\":3,\"name\":\"Digisafe, 19 sleutelplaatsen\"}]},{\"@type\":\"WebSite\",\"@id\":\"https:\\\/\\\/keybox.nl\\\/#website\",\"url\":\"https:\\\/\\\/keybox.nl\\\/\",\"name\":\"\",\"description\":\"\",\"potentialAction\":[{\"@type\":\"SearchAction\",\"target\":{\"@type\":\"EntryPoint\",\"urlTemplate\":\"https:\\\/\\\/keybox.nl\\\/?s={search_term_string}\"},\"query-input\":{\"@type\":\"PropertyValueSpecification\",\"valueRequired\":true,\"valueName\":\"search_term_string\"}}],\"inLanguage\":\"es\"}]}<\/script>\n<!-- \/ Yoast SEO plugin. -->","yoast_head_json":{"title":"Digisafe, 19 lugares clave -","robots":{"index":"index","follow":"follow","max-snippet":"max-snippet:-1","max-image-preview":"max-image-preview:large","max-video-preview":"max-video-preview:-1"},"canonical":"https:\/\/keybox.nl\/es\/producto\/digisafe-19-sleutelplaatsen\/","og_locale":"es_ES","og_type":"article","og_title":"Digisafe, 19 sleutelplaatsen -","og_description":"De grootste digibox voor 19 sleutels, tags\u00a0 of chipkaarten.","og_url":"https:\/\/keybox.nl\/es\/producto\/digisafe-19-sleutelplaatsen\/","og_image":[{"width":800,"height":882,"url":"http:\/\/keybox.nl\/wp-content\/uploads\/2024\/11\/digisafe-RAL-1015-keybox.jpg","type":"image\/jpeg"}],"twitter_card":"summary_large_image","twitter_misc":{"Tiempo de lectura":"3 minutos"},"schema":{"@context":"https:\/\/schema.org","@graph":[{"@type":"WebPage","@id":"https:\/\/keybox.nl\/product\/digisafe-19-sleutelplaatsen\/","url":"https:\/\/keybox.nl\/product\/digisafe-19-sleutelplaatsen\/","name":"Digisafe, 19 lugares clave -","isPartOf":{"@id":"https:\/\/keybox.nl\/#website"},"primaryImageOfPage":{"@id":"https:\/\/keybox.nl\/product\/digisafe-19-sleutelplaatsen\/#primaryimage"},"image":{"@id":"https:\/\/keybox.nl\/product\/digisafe-19-sleutelplaatsen\/#primaryimage"},"thumbnailUrl":"https:\/\/keybox.nl\/wp-content\/uploads\/2024\/11\/digisafe-RAL-1015-keybox.jpg","datePublished":"2024-11-29T14:13:46+00:00","breadcrumb":{"@id":"https:\/\/keybox.nl\/product\/digisafe-19-sleutelplaatsen\/#breadcrumb"},"inLanguage":"es","potentialAction":[{"@type":"ReadAction","target":["https:\/\/keybox.nl\/product\/digisafe-19-sleutelplaatsen\/"]}]},{"@type":"ImageObject","inLanguage":"es","@id":"https:\/\/keybox.nl\/product\/digisafe-19-sleutelplaatsen\/#primaryimage","url":"https:\/\/keybox.nl\/wp-content\/uploads\/2024\/11\/digisafe-RAL-1015-keybox.jpg","contentUrl":"https:\/\/keybox.nl\/wp-content\/uploads\/2024\/11\/digisafe-RAL-1015-keybox.jpg","width":800,"height":882},{"@type":"BreadcrumbList","@id":"https:\/\/keybox.nl\/product\/digisafe-19-sleutelplaatsen\/#breadcrumb","itemListElement":[{"@type":"ListItem","position":1,"name":"Home","item":"https:\/\/keybox.nl\/"},{"@type":"ListItem","position":2,"name":"Beveiligde sleutelkastjes kopen","item":"https:\/\/keybox.nl\/"},{"@type":"ListItem","position":3,"name":"Digisafe, 19 sleutelplaatsen"}]},{"@type":"WebSite","@id":"https:\/\/keybox.nl\/#website","url":"https:\/\/keybox.nl\/","name":"","description":"","potentialAction":[{"@type":"SearchAction","target":{"@type":"EntryPoint","urlTemplate":"https:\/\/keybox.nl\/?s={search_term_string}"},"query-input":{"@type":"PropertyValueSpecification","valueRequired":true,"valueName":"search_term_string"}}],"inLanguage":"es"}]}},"jetpack-related-posts":[{"id":1754,"url":"https:\/\/keybox.nl\/es\/producto\/in-box-digibox\/","url_meta":{"origin":1745,"position":0},"title":"Digibox integrado","author":"Elric Drost","date":"29 noviembre 2024","format":false,"excerpt":"Amplia caja de seguridad para llaves o sobres.","rel":"","context":"Entrada similar","block_context":{"text":"Entrada similar","link":""},"img":{"alt_text":"","src":"https:\/\/i0.wp.com\/keybox.nl\/wp-content\/uploads\/2024\/11\/in-box-digibox-keybox2021blauw.jpg?resize=350%2C200&ssl=1","width":350,"height":200,"srcset":"https:\/\/i0.wp.com\/keybox.nl\/wp-content\/uploads\/2024\/11\/in-box-digibox-keybox2021blauw.jpg?resize=350%2C200&ssl=1 1x, https:\/\/i0.wp.com\/keybox.nl\/wp-content\/uploads\/2024\/11\/in-box-digibox-keybox2021blauw.jpg?resize=525%2C300&ssl=1 1.5x, https:\/\/i0.wp.com\/keybox.nl\/wp-content\/uploads\/2024\/11\/in-box-digibox-keybox2021blauw.jpg?resize=700%2C400&ssl=1 2x"},"classes":[]},{"id":1690,"url":"https:\/\/keybox.nl\/es\/producto\/digibox-xl-7-sleutelhaken\/","url_meta":{"origin":1745,"position":1},"title":"Digibox XL 7 ganchos para llaves","author":"Keybox@beheermodule","date":"2 noviembre 2024","format":false,"excerpt":"Digibox XL extra espacioso","rel":"","context":"Entrada similar","block_context":{"text":"Entrada similar","link":""},"img":{"alt_text":"main","src":"https:\/\/i0.wp.com\/keybox.nl\/wp-content\/uploads\/2024\/03\/keybox-sho61f00882f1913_digiboxXLRAL5010.jpg?resize=350%2C200&ssl=1","width":350,"height":200,"srcset":"https:\/\/i0.wp.com\/keybox.nl\/wp-content\/uploads\/2024\/03\/keybox-sho61f00882f1913_digiboxXLRAL5010.jpg?resize=350%2C200&ssl=1 1x, https:\/\/i0.wp.com\/keybox.nl\/wp-content\/uploads\/2024\/03\/keybox-sho61f00882f1913_digiboxXLRAL5010.jpg?resize=525%2C300&ssl=1 1.5x, https:\/\/i0.wp.com\/keybox.nl\/wp-content\/uploads\/2024\/03\/keybox-sho61f00882f1913_digiboxXLRAL5010.jpg?resize=700%2C400&ssl=1 2x"},"classes":[]},{"id":297,"url":"https:\/\/keybox.nl\/es\/producto\/digibox-7-sleutelhaken\/","url_meta":{"origin":1745,"position":2},"title":"Digibox 7 ganchos de llave","author":"Keybox@beheermodule","date":"18 febrero 2022","format":false,"excerpt":"Gestione sus llaves de forma segura con 7 posiciones de llave.","rel":"","context":"Entrada similar","block_context":{"text":"Entrada similar","link":""},"img":{"alt_text":"","src":"https:\/\/i0.wp.com\/keybox.nl\/wp-content\/uploads\/2022\/02\/Digibox-7-haken-Keybox-e1645195424393.jpg?resize=350%2C200&ssl=1","width":350,"height":200},"classes":[]},{"id":1812,"url":"https:\/\/keybox.nl\/es\/producto\/drs-vector-combi-keysafe\/","url_meta":{"origin":1745,"position":3},"title":"DRS Vector Combi Keysafe","author":"Elric Drost","date":"21 enero 2025","format":false,"excerpt":"Perfecto para uso profesional.","rel":"","context":"Entrada similar","block_context":{"text":"Entrada similar","link":""},"img":{"alt_text":"","src":"https:\/\/i0.wp.com\/keybox.nl\/wp-content\/uploads\/2025\/01\/DRS-Vector-Combi-Keysafe-keybox.jpg?resize=350%2C200&ssl=1","width":350,"height":200,"srcset":"https:\/\/i0.wp.com\/keybox.nl\/wp-content\/uploads\/2025\/01\/DRS-Vector-Combi-Keysafe-keybox.jpg?resize=350%2C200&ssl=1 1x, https:\/\/i0.wp.com\/keybox.nl\/wp-content\/uploads\/2025\/01\/DRS-Vector-Combi-Keysafe-keybox.jpg?resize=525%2C300&ssl=1 1.5x, https:\/\/i0.wp.com\/keybox.nl\/wp-content\/uploads\/2025\/01\/DRS-Vector-Combi-Keysafe-keybox.jpg?resize=700%2C400&ssl=1 2x, https:\/\/i0.wp.com\/keybox.nl\/wp-content\/uploads\/2025\/01\/DRS-Vector-Combi-Keysafe-keybox.jpg?resize=1050%2C600&ssl=1 3x"},"classes":[]},{"id":1782,"url":"https:\/\/keybox.nl\/es\/producto\/keysafe-p500\/","url_meta":{"origin":1745,"position":4},"title":"Keysafe P500","author":"Elric Drost","date":"13 diciembre 2024","format":false,"excerpt":"El mini armario de llaves m\u00e1s seguro del mercado.","rel":"","context":"Entrada similar","block_context":{"text":"Entrada similar","link":""},"img":{"alt_text":"","src":"https:\/\/i0.wp.com\/keybox.nl\/wp-content\/uploads\/2024\/12\/boite-a-cle-keysafe-pro-grand-format.jpg?resize=350%2C200&ssl=1","width":350,"height":200},"classes":[]},{"id":36,"url":"https:\/\/keybox.nl\/es\/producto\/ksb101-ksb102-sleutelkluis\/","url_meta":{"origin":1745,"position":5},"title":"Caja fuerte para llaves KSB101, KSB102","author":"Keybox@beheermodule","date":"30 noviembre 2021","format":false,"excerpt":"Caja de seguridad para llaves KSB101 &amp; KSB102 Una caja fuerte en dos versiones: rueda de dep\u00f3sito izquierda o derecha","rel":"","context":"Con 1 comentario","block_context":{"text":"Con 1 comentario","link":"https:\/\/keybox.nl\/es\/producto\/ksb101-ksb102-sleutelkluis\/#comments"},"img":{"alt_text":"","src":"https:\/\/i0.wp.com\/keybox.nl\/wp-content\/uploads\/2021\/11\/KSB_101_3-scaled-e1638352491754.jpg?resize=350%2C200&ssl=1","width":350,"height":200},"classes":[]}],"jetpack_sharing_enabled":true,"_links":{"self":[{"href":"https:\/\/keybox.nl\/es\/wp-json\/wp\/v2\/product\/1745","targetHints":{"allow":["GET"]}}],"collection":[{"href":"https:\/\/keybox.nl\/es\/wp-json\/wp\/v2\/product"}],"about":[{"href":"https:\/\/keybox.nl\/es\/wp-json\/wp\/v2\/types\/product"}],"replies":[{"embeddable":true,"href":"https:\/\/keybox.nl\/es\/wp-json\/wp\/v2\/comments?post=1745"}],"wp:featuredmedia":[{"embeddable":true,"href":"https:\/\/keybox.nl\/es\/wp-json\/wp\/v2\/media\/1753"}],"wp:attachment":[{"href":"https:\/\/keybox.nl\/es\/wp-json\/wp\/v2\/media?parent=1745"}],"wp:term":[{"taxonomy":"product_brand","embeddable":true,"href":"https:\/\/keybox.nl\/es\/wp-json\/wp\/v2\/product_brand?post=1745"},{"taxonomy":"product_cat","embeddable":true,"href":"https:\/\/keybox.nl\/es\/wp-json\/wp\/v2\/product_cat?post=1745"},{"taxonomy":"product_tag","embeddable":true,"href":"https:\/\/keybox.nl\/es\/wp-json\/wp\/v2\/product_tag?post=1745"}],"curies":[{"name":"wp","href":"https:\/\/api.w.org\/{rel}","templated":true}]}}