{"id":1728,"date":"2024-11-23T13:17:31","date_gmt":"2024-11-23T13:17:31","guid":{"rendered":"https:\/\/keybox.nl\/?post_type=product&#038;p=1728"},"modified":"2024-11-23T13:17:31","modified_gmt":"2024-11-23T13:17:31","slug":"digibox-gt","status":"publish","type":"product","link":"https:\/\/keybox.nl\/es\/producto\/digibox-gt\/","title":{"rendered":"Digibox GT"},"content":{"rendered":"<h4>Digibox GT con capacidad para 8 llaves\/tarjetas llave<\/h4>\n<p>Robusto armario para llaves con carcasa con 8 compartimentos, entrada frontal como un Digisafe.<\/p>\n<h4>Caracter\u00edsticas f\u00edsicas<\/h4>\n<ul>\n<li>Capacidad para transferir de forma segura 8 llaves, tarjetas con chip, tarjetas magn\u00e9ticas o mercanc\u00edas diversas con un tama\u00f1o m\u00e1ximo de 130x30x100 mm y un peso de hasta 160 g.<\/li>\n<li>Las dimensiones de la carcasa son 460 x 460 x 200 mm en la parte inferior y 250 mm en la superior.<\/li>\n<li>Espesor de pared de 2,5 mm para mayor resistencia.<\/li>\n<li>La carcasa est\u00e1 galvanizada y recubierta de polvo para protegerla a largo plazo contra la oxidaci\u00f3n.<\/li>\n<li>Bisagras de acero inoxidable para mayor durabilidad.<\/li>\n<li>Peso con embalaje 26 kg.<\/li>\n<li>Equipado con dos cilindros de seguridad normalizados con cuatro llaves incluidas.<\/li>\n<li>Ranura de entrada integrada de 110 x 40 mm para introducir f\u00e1cilmente llaves o mercanc\u00edas.<\/li>\n<\/ul>\n<h4>Caracter\u00edsticas electr\u00f3nicas y funcionales<\/h4>\n<ul>\n<li>Funciona con 18 V CC y un consumo de 3 W, incluido el adaptador de corriente.<\/li>\n<li>Pantalla iluminada con 2\u00d716 caracteres para una legibilidad clara en diferentes condiciones de iluminaci\u00f3n.<\/li>\n<li>Funcionamiento del teclado con respuesta ac\u00fastica ajustable.<\/li>\n<li>C\u00f3digo de acceso programable de cuatro a 10 caracteres, con tiempos de bloqueo opcionales para mayor seguridad.<\/li>\n<li>Soporte multiling\u00fce en alem\u00e1n, franc\u00e9s, italiano o ingl\u00e9s.<\/li>\n<li>La memoria garantiza la conservaci\u00f3n de los datos incluso en caso de corte del suministro el\u00e9ctrico.<\/li>\n<\/ul>\n<h4>Funciones operativas y de seguridad<\/h4>\n<ul>\n<li>Funciones antirrobo integradas.<\/li>\n<li>Dise\u00f1ado para durar en temperaturas extremas, impermeable y resistente a la intemperie.<\/li>\n<li>Las cajas fuertes Digibox 7 XL pueden gestionarse ONLINE a trav\u00e9s de un PC, port\u00e1til, tableta o smartphone desde cualquier lugar del mundo. Esto ofrece infinitas posibilidades de personalizaci\u00f3n y escenarios de uso, garantizando que la gesti\u00f3n de sus llaves se adapte siempre de forma \u00f3ptima a sus necesidades. Para conocer las opciones y los precios, p\u00f3ngase en contacto con <a href=\"https:\/\/keybox.nl\/es\/contact\/\">p\u00f3ngase en contacto con<\/a> con Keybox <a href=\"https:\/\/keybox.nl\/es\/contact\/\">para un presupuesto<\/a>!<\/li>\n<\/ul>\n<h4>Opciones y ajustes de color<\/h4>\n<ul>\n<li>2 Colores est\u00e1ndar disponibles, RAL 1015 marfil claro y RAL 5010 azul genciana.<\/li>\n<li>Otros colores RAL disponibles con recargo.<\/li>\n<\/ul>\n<p>&nbsp;<\/p>\n<p>M\u00e1s informaci\u00f3n en Keybox <a href=\"https:\/\/keybox.nl\/es\/contact\/\">informaci\u00f3n y presupuesto<\/a>. S\u00f3lo tiene que pedir el Digibox Key Safe en <a href=\"https:\/\/keybox.nl\/es\/\">Keybox.es<\/a>el especialista de confianza en gesti\u00f3n segura de claves.<\/p>","protected":false},"excerpt":{"rendered":"<p>Digibox GT con capacidad para 8 llaves\/tarjetas llave<\/p>","protected":false},"featured_media":1730,"comment_status":"open","ping_status":"closed","template":"","meta":[],"product_brand":[],"product_cat":[57],"product_tag":[76,78],"class_list":{"0":"post-1728","1":"product","2":"type-product","3":"status-publish","4":"has-post-thumbnail","6":"product_cat-digibox-sleuteluitgifte","7":"product_tag-digibox-groot","8":"product_tag-digitaal-sleutelbeheersysteem","10":"first","11":"instock","12":"taxable","13":"shipping-taxable","14":"purchasable","15":"product-type-variable","16":"has-default-attributes"},"yoast_head":"<!-- This site is optimized with the Yoast SEO plugin v27.4 - https:\/\/yoast.com\/product\/yoast-seo-wordpress\/ -->\n<title>Digibox GT -<\/title>\n<meta name=\"robots\" content=\"index, follow, max-snippet:-1, max-image-preview:large, max-video-preview:-1\" \/>\n<link rel=\"canonical\" href=\"https:\/\/keybox.nl\/es\/producto\/digibox-gt\/\" \/>\n<meta property=\"og:locale\" content=\"es_ES\" \/>\n<meta property=\"og:type\" content=\"article\" \/>\n<meta property=\"og:title\" content=\"Digibox GT -\" \/>\n<meta property=\"og:description\" content=\"Digibox GT 8 sleutel\/keycard capaciteit\" \/>\n<meta property=\"og:url\" content=\"https:\/\/keybox.nl\/es\/producto\/digibox-gt\/\" \/>\n<meta property=\"og:image\" content=\"http:\/\/keybox.nl\/wp-content\/uploads\/2024\/11\/keybox-digiboxGT32-300.jpg\" \/>\n\t<meta property=\"og:image:width\" content=\"800\" \/>\n\t<meta property=\"og:image:height\" content=\"890\" \/>\n\t<meta property=\"og:image:type\" content=\"image\/jpeg\" \/>\n<meta name=\"twitter:card\" content=\"summary_large_image\" \/>\n<meta name=\"twitter:label1\" content=\"Tiempo de lectura\" \/>\n\t<meta name=\"twitter:data1\" content=\"2 minutos\" \/>\n<script type=\"application\/ld+json\" class=\"yoast-schema-graph\">{\"@context\":\"https:\\\/\\\/schema.org\",\"@graph\":[{\"@type\":\"WebPage\",\"@id\":\"https:\\\/\\\/keybox.nl\\\/product\\\/digibox-gt\\\/\",\"url\":\"https:\\\/\\\/keybox.nl\\\/product\\\/digibox-gt\\\/\",\"name\":\"Digibox GT -\",\"isPartOf\":{\"@id\":\"https:\\\/\\\/keybox.nl\\\/#website\"},\"primaryImageOfPage\":{\"@id\":\"https:\\\/\\\/keybox.nl\\\/product\\\/digibox-gt\\\/#primaryimage\"},\"image\":{\"@id\":\"https:\\\/\\\/keybox.nl\\\/product\\\/digibox-gt\\\/#primaryimage\"},\"thumbnailUrl\":\"https:\\\/\\\/keybox.nl\\\/wp-content\\\/uploads\\\/2024\\\/11\\\/keybox-digiboxGT32-300.jpg\",\"datePublished\":\"2024-11-23T13:17:31+00:00\",\"breadcrumb\":{\"@id\":\"https:\\\/\\\/keybox.nl\\\/product\\\/digibox-gt\\\/#breadcrumb\"},\"inLanguage\":\"es\",\"potentialAction\":[{\"@type\":\"ReadAction\",\"target\":[\"https:\\\/\\\/keybox.nl\\\/product\\\/digibox-gt\\\/\"]}]},{\"@type\":\"ImageObject\",\"inLanguage\":\"es\",\"@id\":\"https:\\\/\\\/keybox.nl\\\/product\\\/digibox-gt\\\/#primaryimage\",\"url\":\"https:\\\/\\\/keybox.nl\\\/wp-content\\\/uploads\\\/2024\\\/11\\\/keybox-digiboxGT32-300.jpg\",\"contentUrl\":\"https:\\\/\\\/keybox.nl\\\/wp-content\\\/uploads\\\/2024\\\/11\\\/keybox-digiboxGT32-300.jpg\",\"width\":800,\"height\":890,\"caption\":\"main\"},{\"@type\":\"BreadcrumbList\",\"@id\":\"https:\\\/\\\/keybox.nl\\\/product\\\/digibox-gt\\\/#breadcrumb\",\"itemListElement\":[{\"@type\":\"ListItem\",\"position\":1,\"name\":\"Home\",\"item\":\"https:\\\/\\\/keybox.nl\\\/\"},{\"@type\":\"ListItem\",\"position\":2,\"name\":\"Beveiligde sleutelkastjes kopen\",\"item\":\"https:\\\/\\\/keybox.nl\\\/\"},{\"@type\":\"ListItem\",\"position\":3,\"name\":\"Digibox GT\"}]},{\"@type\":\"WebSite\",\"@id\":\"https:\\\/\\\/keybox.nl\\\/#website\",\"url\":\"https:\\\/\\\/keybox.nl\\\/\",\"name\":\"\",\"description\":\"\",\"potentialAction\":[{\"@type\":\"SearchAction\",\"target\":{\"@type\":\"EntryPoint\",\"urlTemplate\":\"https:\\\/\\\/keybox.nl\\\/?s={search_term_string}\"},\"query-input\":{\"@type\":\"PropertyValueSpecification\",\"valueRequired\":true,\"valueName\":\"search_term_string\"}}],\"inLanguage\":\"es\"}]}<\/script>\n<!-- \/ Yoast SEO plugin. -->","yoast_head_json":{"title":"Digibox GT -","robots":{"index":"index","follow":"follow","max-snippet":"max-snippet:-1","max-image-preview":"max-image-preview:large","max-video-preview":"max-video-preview:-1"},"canonical":"https:\/\/keybox.nl\/es\/producto\/digibox-gt\/","og_locale":"es_ES","og_type":"article","og_title":"Digibox GT -","og_description":"Digibox GT 8 sleutel\/keycard capaciteit","og_url":"https:\/\/keybox.nl\/es\/producto\/digibox-gt\/","og_image":[{"width":800,"height":890,"url":"http:\/\/keybox.nl\/wp-content\/uploads\/2024\/11\/keybox-digiboxGT32-300.jpg","type":"image\/jpeg"}],"twitter_card":"summary_large_image","twitter_misc":{"Tiempo de lectura":"2 minutos"},"schema":{"@context":"https:\/\/schema.org","@graph":[{"@type":"WebPage","@id":"https:\/\/keybox.nl\/product\/digibox-gt\/","url":"https:\/\/keybox.nl\/product\/digibox-gt\/","name":"Digibox GT -","isPartOf":{"@id":"https:\/\/keybox.nl\/#website"},"primaryImageOfPage":{"@id":"https:\/\/keybox.nl\/product\/digibox-gt\/#primaryimage"},"image":{"@id":"https:\/\/keybox.nl\/product\/digibox-gt\/#primaryimage"},"thumbnailUrl":"https:\/\/keybox.nl\/wp-content\/uploads\/2024\/11\/keybox-digiboxGT32-300.jpg","datePublished":"2024-11-23T13:17:31+00:00","breadcrumb":{"@id":"https:\/\/keybox.nl\/product\/digibox-gt\/#breadcrumb"},"inLanguage":"es","potentialAction":[{"@type":"ReadAction","target":["https:\/\/keybox.nl\/product\/digibox-gt\/"]}]},{"@type":"ImageObject","inLanguage":"es","@id":"https:\/\/keybox.nl\/product\/digibox-gt\/#primaryimage","url":"https:\/\/keybox.nl\/wp-content\/uploads\/2024\/11\/keybox-digiboxGT32-300.jpg","contentUrl":"https:\/\/keybox.nl\/wp-content\/uploads\/2024\/11\/keybox-digiboxGT32-300.jpg","width":800,"height":890,"caption":"main"},{"@type":"BreadcrumbList","@id":"https:\/\/keybox.nl\/product\/digibox-gt\/#breadcrumb","itemListElement":[{"@type":"ListItem","position":1,"name":"Home","item":"https:\/\/keybox.nl\/"},{"@type":"ListItem","position":2,"name":"Beveiligde sleutelkastjes kopen","item":"https:\/\/keybox.nl\/"},{"@type":"ListItem","position":3,"name":"Digibox GT"}]},{"@type":"WebSite","@id":"https:\/\/keybox.nl\/#website","url":"https:\/\/keybox.nl\/","name":"","description":"","potentialAction":[{"@type":"SearchAction","target":{"@type":"EntryPoint","urlTemplate":"https:\/\/keybox.nl\/?s={search_term_string}"},"query-input":{"@type":"PropertyValueSpecification","valueRequired":true,"valueName":"search_term_string"}}],"inLanguage":"es"}]}},"jetpack-related-posts":[{"id":1754,"url":"https:\/\/keybox.nl\/es\/producto\/in-box-digibox\/","url_meta":{"origin":1728,"position":0},"title":"Digibox integrado","author":"Elric Drost","date":"29 noviembre 2024","format":false,"excerpt":"Amplia caja de seguridad para llaves o sobres.","rel":"","context":"Entrada similar","block_context":{"text":"Entrada similar","link":""},"img":{"alt_text":"","src":"https:\/\/i0.wp.com\/keybox.nl\/wp-content\/uploads\/2024\/11\/in-box-digibox-keybox2021blauw.jpg?resize=350%2C200&ssl=1","width":350,"height":200,"srcset":"https:\/\/i0.wp.com\/keybox.nl\/wp-content\/uploads\/2024\/11\/in-box-digibox-keybox2021blauw.jpg?resize=350%2C200&ssl=1 1x, https:\/\/i0.wp.com\/keybox.nl\/wp-content\/uploads\/2024\/11\/in-box-digibox-keybox2021blauw.jpg?resize=525%2C300&ssl=1 1.5x, https:\/\/i0.wp.com\/keybox.nl\/wp-content\/uploads\/2024\/11\/in-box-digibox-keybox2021blauw.jpg?resize=700%2C400&ssl=1 2x"},"classes":[]},{"id":1745,"url":"https:\/\/keybox.nl\/es\/producto\/digisafe-19-sleutelplaatsen\/","url_meta":{"origin":1728,"position":1},"title":"Digisafe, 19 lugares clave","author":"Elric Drost","date":"29 noviembre 2024","format":false,"excerpt":"La digibox m\u00e1s grande para 19 llaves, etiquetas o tarjetas con chip.","rel":"","context":"Entrada similar","block_context":{"text":"Entrada similar","link":""},"img":{"alt_text":"","src":"https:\/\/i0.wp.com\/keybox.nl\/wp-content\/uploads\/2024\/11\/digisafe-RAL-1015-keybox.jpg?resize=350%2C200&ssl=1","width":350,"height":200,"srcset":"https:\/\/i0.wp.com\/keybox.nl\/wp-content\/uploads\/2024\/11\/digisafe-RAL-1015-keybox.jpg?resize=350%2C200&ssl=1 1x, https:\/\/i0.wp.com\/keybox.nl\/wp-content\/uploads\/2024\/11\/digisafe-RAL-1015-keybox.jpg?resize=525%2C300&ssl=1 1.5x, https:\/\/i0.wp.com\/keybox.nl\/wp-content\/uploads\/2024\/11\/digisafe-RAL-1015-keybox.jpg?resize=700%2C400&ssl=1 2x"},"classes":[]},{"id":297,"url":"https:\/\/keybox.nl\/es\/producto\/digibox-7-sleutelhaken\/","url_meta":{"origin":1728,"position":2},"title":"Digibox 7 ganchos de llave","author":"Keybox@beheermodule","date":"18 febrero 2022","format":false,"excerpt":"Gestione sus llaves de forma segura con 7 posiciones de llave.","rel":"","context":"Entrada similar","block_context":{"text":"Entrada similar","link":""},"img":{"alt_text":"","src":"https:\/\/i0.wp.com\/keybox.nl\/wp-content\/uploads\/2022\/02\/Digibox-7-haken-Keybox-e1645195424393.jpg?resize=350%2C200&ssl=1","width":350,"height":200},"classes":[]},{"id":1690,"url":"https:\/\/keybox.nl\/es\/producto\/digibox-xl-7-sleutelhaken\/","url_meta":{"origin":1728,"position":3},"title":"Digibox XL 7 ganchos para llaves","author":"Keybox@beheermodule","date":"2 noviembre 2024","format":false,"excerpt":"Digibox XL extra espacioso","rel":"","context":"Entrada similar","block_context":{"text":"Entrada similar","link":""},"img":{"alt_text":"main","src":"https:\/\/i0.wp.com\/keybox.nl\/wp-content\/uploads\/2024\/03\/keybox-sho61f00882f1913_digiboxXLRAL5010.jpg?resize=350%2C200&ssl=1","width":350,"height":200,"srcset":"https:\/\/i0.wp.com\/keybox.nl\/wp-content\/uploads\/2024\/03\/keybox-sho61f00882f1913_digiboxXLRAL5010.jpg?resize=350%2C200&ssl=1 1x, https:\/\/i0.wp.com\/keybox.nl\/wp-content\/uploads\/2024\/03\/keybox-sho61f00882f1913_digiboxXLRAL5010.jpg?resize=525%2C300&ssl=1 1.5x, https:\/\/i0.wp.com\/keybox.nl\/wp-content\/uploads\/2024\/03\/keybox-sho61f00882f1913_digiboxXLRAL5010.jpg?resize=700%2C400&ssl=1 2x"},"classes":[]},{"id":1782,"url":"https:\/\/keybox.nl\/es\/producto\/keysafe-p500\/","url_meta":{"origin":1728,"position":4},"title":"Keysafe P500","author":"Elric Drost","date":"13 diciembre 2024","format":false,"excerpt":"El mini armario de llaves m\u00e1s seguro del mercado.","rel":"","context":"Entrada similar","block_context":{"text":"Entrada similar","link":""},"img":{"alt_text":"","src":"https:\/\/i0.wp.com\/keybox.nl\/wp-content\/uploads\/2024\/12\/boite-a-cle-keysafe-pro-grand-format.jpg?resize=350%2C200&ssl=1","width":350,"height":200},"classes":[]},{"id":1822,"url":"https:\/\/keybox.nl\/es\/producto\/keysafe-gce\/","url_meta":{"origin":1728,"position":5},"title":"Keysafe CME","author":"Elric Drost","date":"26 enero 2025","format":false,"excerpt":"Elija entre 3 modelos.","rel":"","context":"Entrada similar","block_context":{"text":"Entrada similar","link":""},"img":{"alt_text":"","src":"https:\/\/i0.wp.com\/keybox.nl\/wp-content\/uploads\/2025\/01\/9858a0f7e85097eb90f56de1f00f8269.jpg?resize=350%2C200&ssl=1","width":350,"height":200,"srcset":"https:\/\/i0.wp.com\/keybox.nl\/wp-content\/uploads\/2025\/01\/9858a0f7e85097eb90f56de1f00f8269.jpg?resize=350%2C200&ssl=1 1x, https:\/\/i0.wp.com\/keybox.nl\/wp-content\/uploads\/2025\/01\/9858a0f7e85097eb90f56de1f00f8269.jpg?resize=525%2C300&ssl=1 1.5x, https:\/\/i0.wp.com\/keybox.nl\/wp-content\/uploads\/2025\/01\/9858a0f7e85097eb90f56de1f00f8269.jpg?resize=700%2C400&ssl=1 2x, https:\/\/i0.wp.com\/keybox.nl\/wp-content\/uploads\/2025\/01\/9858a0f7e85097eb90f56de1f00f8269.jpg?resize=1050%2C600&ssl=1 3x, https:\/\/i0.wp.com\/keybox.nl\/wp-content\/uploads\/2025\/01\/9858a0f7e85097eb90f56de1f00f8269.jpg?resize=1400%2C800&ssl=1 4x"},"classes":[]}],"jetpack_sharing_enabled":true,"_links":{"self":[{"href":"https:\/\/keybox.nl\/es\/wp-json\/wp\/v2\/product\/1728","targetHints":{"allow":["GET"]}}],"collection":[{"href":"https:\/\/keybox.nl\/es\/wp-json\/wp\/v2\/product"}],"about":[{"href":"https:\/\/keybox.nl\/es\/wp-json\/wp\/v2\/types\/product"}],"replies":[{"embeddable":true,"href":"https:\/\/keybox.nl\/es\/wp-json\/wp\/v2\/comments?post=1728"}],"wp:featuredmedia":[{"embeddable":true,"href":"https:\/\/keybox.nl\/es\/wp-json\/wp\/v2\/media\/1730"}],"wp:attachment":[{"href":"https:\/\/keybox.nl\/es\/wp-json\/wp\/v2\/media?parent=1728"}],"wp:term":[{"taxonomy":"product_brand","embeddable":true,"href":"https:\/\/keybox.nl\/es\/wp-json\/wp\/v2\/product_brand?post=1728"},{"taxonomy":"product_cat","embeddable":true,"href":"https:\/\/keybox.nl\/es\/wp-json\/wp\/v2\/product_cat?post=1728"},{"taxonomy":"product_tag","embeddable":true,"href":"https:\/\/keybox.nl\/es\/wp-json\/wp\/v2\/product_tag?post=1728"}],"curies":[{"name":"wp","href":"https:\/\/api.w.org\/{rel}","templated":true}]}}