{"id":1690,"date":"2024-11-02T13:48:49","date_gmt":"2024-11-02T13:48:49","guid":{"rendered":"https:\/\/keybox.nl\/?post_type=product&#038;p=1690"},"modified":"2025-04-17T07:11:53","modified_gmt":"2025-04-17T07:11:53","slug":"digibox-xl-7-sleutelhaken","status":"publish","type":"product","link":"https:\/\/keybox.nl\/es\/producto\/digibox-xl-7-sleutelhaken\/","title":{"rendered":"Digibox XL 7 ganchos para llaves"},"content":{"rendered":"<h4>Digibox XL 7 ganchos para llaves<\/h4>\n<p>La variante XL de <a href=\"https:\/\/keybox.nl\/es\/producto\/digibox-7-sleutelhaken\/\">el Digibox 7<\/a> Adecuado para llaves con llaveros grandes. Debido a que el XL es ligeramente m\u00e1s espacioso, ocupa un poco m\u00e1s de espacio con 35x35x14cm. Pida el armario en marfil claro, azul genciana u opcionalmente en cualquier c\u00f3digo de color RAL con un coste adicional.<\/p>\n<h4>Caracter\u00edsticas f\u00edsicas<\/h4>\n<ul>\n<li>Carcasa duradera y resistente a la intemperie con un grosor de pared de 2,5 mm, galvanizada y con recubrimiento en polvo para resistir la oxidaci\u00f3n.<\/li>\n<li>Bisagras de acero inoxidable, para una mayor durabilidad.<\/li>\n<li>Adecuado para hasta 7 tarjetas o llaveros grandes (menos de 160 g cada uno).<\/li>\n<li>Cilindro de seguridad normalizado con dos llaves incluidas.<\/li>\n<li>Ranura para tarjetas integrada de 55 x 25 mm para guardar tarjetas\/llaves de forma segura.<\/li>\n<li>Unos 15 kg (embalaje incluido).<\/li>\n<\/ul>\n<h4>Caracter\u00edsticas electr\u00f3nicas y funcionales<\/h4>\n<ul>\n<li>Funciona con 12 V CC \/ 3 W (fuente de alimentaci\u00f3n incluida).<\/li>\n<li>Pantalla iluminada con 2\u00d716 caracteres para facilitar la lectura con poca luz.<\/li>\n<li>Teclado con retroalimentaci\u00f3n ajustable ac\u00fasticamente y bandeja de salida iluminada.<\/li>\n<li>C\u00f3digos programables de 4 a 10 caracteres con tiempos de bloqueo opcionales y soporte multiling\u00fce (alem\u00e1n, franc\u00e9s, italiano e ingl\u00e9s).<\/li>\n<li>Los c\u00f3digos permanecen almacenados incluso en caso de corte del suministro el\u00e9ctrico mediante la memoria interna.<\/li>\n<li>Opci\u00f3n con coste adicional de bater\u00eda incorporada para el funcionamiento normal en caso de corte del suministro el\u00e9ctrico.<\/li>\n<\/ul>\n<h4>Funciones operativas y de seguridad<\/h4>\n<ul>\n<li>Funciones antirrobo integradas.<\/li>\n<li>Dise\u00f1ado para durar en temperaturas extremas, impermeable y resistente a la intemperie.<\/li>\n<li>Las cajas fuertes Digibox 7 XL pueden gestionarse ONLINE a trav\u00e9s de un PC, port\u00e1til, tableta o smartphone desde cualquier lugar del mundo. Esto ofrece infinitas posibilidades de personalizaci\u00f3n y escenarios de uso, garantizando que la gesti\u00f3n de sus llaves se adapte siempre de forma \u00f3ptima a sus necesidades. Para conocer las opciones y los precios, p\u00f3ngase en contacto con <a href=\"https:\/\/keybox.nl\/es\/contact\/\">p\u00f3ngase en contacto con<\/a> con Keybox <a href=\"https:\/\/keybox.nl\/es\/contact\/\">para un presupuesto<\/a>!<\/li>\n<\/ul>\n<p>Pida el Digibox directamente a Keybox.es, \u00a1su especialista en cajas de llaves!<\/p>\n<p><img decoding=\"async\" class=\"alignnone wp-image-1726\" src=\"http:\/\/keybox.nl\/wp-content\/uploads\/2024\/11\/keybox-digibox_digiboxXLsleutelkast-300x111.jpg\" alt=\"\" width=\"578\" height=\"214\" srcset=\"https:\/\/keybox.nl\/wp-content\/uploads\/2024\/11\/keybox-digibox_digiboxXLsleutelkast-300x111.jpg 300w, https:\/\/keybox.nl\/wp-content\/uploads\/2024\/11\/keybox-digibox_digiboxXLsleutelkast-416x154.jpg 416w, https:\/\/keybox.nl\/wp-content\/uploads\/2024\/11\/keybox-digibox_digiboxXLsleutelkast-768x284.jpg 768w, https:\/\/keybox.nl\/wp-content\/uploads\/2024\/11\/keybox-digibox_digiboxXLsleutelkast-18x7.jpg 18w, https:\/\/keybox.nl\/wp-content\/uploads\/2024\/11\/keybox-digibox_digiboxXLsleutelkast.jpg 1024w\" sizes=\"(max-width: 578px) 100vw, 578px\" \/><\/p>","protected":false},"excerpt":{"rendered":"<p>Digibox XL extra espacioso<\/p>","protected":false},"featured_media":1718,"comment_status":"open","ping_status":"closed","template":"","meta":[],"product_brand":[],"product_cat":[57],"product_tag":[76,78],"class_list":{"0":"post-1690","1":"product","2":"type-product","3":"status-publish","4":"has-post-thumbnail","6":"product_cat-digibox-sleuteluitgifte","7":"product_tag-digibox-groot","8":"product_tag-digitaal-sleutelbeheersysteem","10":"first","11":"instock","12":"taxable","13":"shipping-taxable","14":"purchasable","15":"product-type-variable","16":"has-default-attributes"},"yoast_head":"<!-- This site is optimized with the Yoast SEO plugin v27.3 - https:\/\/yoast.com\/product\/yoast-seo-wordpress\/ -->\n<title>Digibox XL 7 sleutelhaken -<\/title>\n<meta name=\"robots\" content=\"index, follow, max-snippet:-1, max-image-preview:large, max-video-preview:-1\" \/>\n<link rel=\"canonical\" href=\"https:\/\/keybox.nl\/es\/producto\/digibox-xl-7-sleutelhaken\/\" \/>\n<meta property=\"og:locale\" content=\"es_ES\" \/>\n<meta property=\"og:type\" content=\"article\" \/>\n<meta property=\"og:title\" content=\"Digibox XL 7 sleutelhaken -\" \/>\n<meta property=\"og:description\" content=\"Extra ruime Digibox XL\" \/>\n<meta property=\"og:url\" content=\"https:\/\/keybox.nl\/es\/producto\/digibox-xl-7-sleutelhaken\/\" \/>\n<meta property=\"article:modified_time\" content=\"2025-04-17T07:11:53+00:00\" \/>\n<meta property=\"og:image\" content=\"http:\/\/keybox.nl\/wp-content\/uploads\/2024\/03\/keybox-sho61f00882f1913_digiboxXLRAL5010.jpg\" \/>\n\t<meta property=\"og:image:width\" content=\"800\" \/>\n\t<meta property=\"og:image:height\" content=\"854\" \/>\n\t<meta property=\"og:image:type\" content=\"image\/jpeg\" \/>\n<meta name=\"twitter:card\" content=\"summary_large_image\" \/>\n<meta name=\"twitter:label1\" content=\"Tiempo de lectura\" \/>\n\t<meta name=\"twitter:data1\" content=\"2 minutos\" \/>\n<script type=\"application\/ld+json\" class=\"yoast-schema-graph\">{\"@context\":\"https:\\\/\\\/schema.org\",\"@graph\":[{\"@type\":\"WebPage\",\"@id\":\"https:\\\/\\\/keybox.nl\\\/product\\\/digibox-xl-7-sleutelhaken\\\/\",\"url\":\"https:\\\/\\\/keybox.nl\\\/product\\\/digibox-xl-7-sleutelhaken\\\/\",\"name\":\"Digibox XL 7 sleutelhaken -\",\"isPartOf\":{\"@id\":\"https:\\\/\\\/keybox.nl\\\/#website\"},\"primaryImageOfPage\":{\"@id\":\"https:\\\/\\\/keybox.nl\\\/product\\\/digibox-xl-7-sleutelhaken\\\/#primaryimage\"},\"image\":{\"@id\":\"https:\\\/\\\/keybox.nl\\\/product\\\/digibox-xl-7-sleutelhaken\\\/#primaryimage\"},\"thumbnailUrl\":\"https:\\\/\\\/keybox.nl\\\/wp-content\\\/uploads\\\/2024\\\/03\\\/keybox-sho61f00882f1913_digiboxXLRAL5010.jpg\",\"datePublished\":\"2024-11-02T13:48:49+00:00\",\"dateModified\":\"2025-04-17T07:11:53+00:00\",\"breadcrumb\":{\"@id\":\"https:\\\/\\\/keybox.nl\\\/product\\\/digibox-xl-7-sleutelhaken\\\/#breadcrumb\"},\"inLanguage\":\"es\",\"potentialAction\":[{\"@type\":\"ReadAction\",\"target\":[\"https:\\\/\\\/keybox.nl\\\/product\\\/digibox-xl-7-sleutelhaken\\\/\"]}]},{\"@type\":\"ImageObject\",\"inLanguage\":\"es\",\"@id\":\"https:\\\/\\\/keybox.nl\\\/product\\\/digibox-xl-7-sleutelhaken\\\/#primaryimage\",\"url\":\"https:\\\/\\\/keybox.nl\\\/wp-content\\\/uploads\\\/2024\\\/03\\\/keybox-sho61f00882f1913_digiboxXLRAL5010.jpg\",\"contentUrl\":\"https:\\\/\\\/keybox.nl\\\/wp-content\\\/uploads\\\/2024\\\/03\\\/keybox-sho61f00882f1913_digiboxXLRAL5010.jpg\",\"width\":800,\"height\":854,\"caption\":\"main\"},{\"@type\":\"BreadcrumbList\",\"@id\":\"https:\\\/\\\/keybox.nl\\\/product\\\/digibox-xl-7-sleutelhaken\\\/#breadcrumb\",\"itemListElement\":[{\"@type\":\"ListItem\",\"position\":1,\"name\":\"Home\",\"item\":\"https:\\\/\\\/keybox.nl\\\/\"},{\"@type\":\"ListItem\",\"position\":2,\"name\":\"Beveiligde sleutelkastjes kopen\",\"item\":\"https:\\\/\\\/keybox.nl\\\/\"},{\"@type\":\"ListItem\",\"position\":3,\"name\":\"Digibox XL 7 sleutelhaken\"}]},{\"@type\":\"WebSite\",\"@id\":\"https:\\\/\\\/keybox.nl\\\/#website\",\"url\":\"https:\\\/\\\/keybox.nl\\\/\",\"name\":\"\",\"description\":\"\",\"potentialAction\":[{\"@type\":\"SearchAction\",\"target\":{\"@type\":\"EntryPoint\",\"urlTemplate\":\"https:\\\/\\\/keybox.nl\\\/?s={search_term_string}\"},\"query-input\":{\"@type\":\"PropertyValueSpecification\",\"valueRequired\":true,\"valueName\":\"search_term_string\"}}],\"inLanguage\":\"es\"}]}<\/script>\n<!-- \/ Yoast SEO plugin. -->","yoast_head_json":{"title":"Digibox XL 7 ganchos para llaves -","robots":{"index":"index","follow":"follow","max-snippet":"max-snippet:-1","max-image-preview":"max-image-preview:large","max-video-preview":"max-video-preview:-1"},"canonical":"https:\/\/keybox.nl\/es\/producto\/digibox-xl-7-sleutelhaken\/","og_locale":"es_ES","og_type":"article","og_title":"Digibox XL 7 sleutelhaken -","og_description":"Extra ruime Digibox XL","og_url":"https:\/\/keybox.nl\/es\/producto\/digibox-xl-7-sleutelhaken\/","article_modified_time":"2025-04-17T07:11:53+00:00","og_image":[{"width":800,"height":854,"url":"http:\/\/keybox.nl\/wp-content\/uploads\/2024\/03\/keybox-sho61f00882f1913_digiboxXLRAL5010.jpg","type":"image\/jpeg"}],"twitter_card":"summary_large_image","twitter_misc":{"Tiempo de lectura":"2 minutos"},"schema":{"@context":"https:\/\/schema.org","@graph":[{"@type":"WebPage","@id":"https:\/\/keybox.nl\/product\/digibox-xl-7-sleutelhaken\/","url":"https:\/\/keybox.nl\/product\/digibox-xl-7-sleutelhaken\/","name":"Digibox XL 7 ganchos para llaves -","isPartOf":{"@id":"https:\/\/keybox.nl\/#website"},"primaryImageOfPage":{"@id":"https:\/\/keybox.nl\/product\/digibox-xl-7-sleutelhaken\/#primaryimage"},"image":{"@id":"https:\/\/keybox.nl\/product\/digibox-xl-7-sleutelhaken\/#primaryimage"},"thumbnailUrl":"https:\/\/keybox.nl\/wp-content\/uploads\/2024\/03\/keybox-sho61f00882f1913_digiboxXLRAL5010.jpg","datePublished":"2024-11-02T13:48:49+00:00","dateModified":"2025-04-17T07:11:53+00:00","breadcrumb":{"@id":"https:\/\/keybox.nl\/product\/digibox-xl-7-sleutelhaken\/#breadcrumb"},"inLanguage":"es","potentialAction":[{"@type":"ReadAction","target":["https:\/\/keybox.nl\/product\/digibox-xl-7-sleutelhaken\/"]}]},{"@type":"ImageObject","inLanguage":"es","@id":"https:\/\/keybox.nl\/product\/digibox-xl-7-sleutelhaken\/#primaryimage","url":"https:\/\/keybox.nl\/wp-content\/uploads\/2024\/03\/keybox-sho61f00882f1913_digiboxXLRAL5010.jpg","contentUrl":"https:\/\/keybox.nl\/wp-content\/uploads\/2024\/03\/keybox-sho61f00882f1913_digiboxXLRAL5010.jpg","width":800,"height":854,"caption":"main"},{"@type":"BreadcrumbList","@id":"https:\/\/keybox.nl\/product\/digibox-xl-7-sleutelhaken\/#breadcrumb","itemListElement":[{"@type":"ListItem","position":1,"name":"Home","item":"https:\/\/keybox.nl\/"},{"@type":"ListItem","position":2,"name":"Beveiligde sleutelkastjes kopen","item":"https:\/\/keybox.nl\/"},{"@type":"ListItem","position":3,"name":"Digibox XL 7 sleutelhaken"}]},{"@type":"WebSite","@id":"https:\/\/keybox.nl\/#website","url":"https:\/\/keybox.nl\/","name":"","description":"","potentialAction":[{"@type":"SearchAction","target":{"@type":"EntryPoint","urlTemplate":"https:\/\/keybox.nl\/?s={search_term_string}"},"query-input":{"@type":"PropertyValueSpecification","valueRequired":true,"valueName":"search_term_string"}}],"inLanguage":"es"}]}},"jetpack-related-posts":[{"id":297,"url":"https:\/\/keybox.nl\/es\/producto\/digibox-7-sleutelhaken\/","url_meta":{"origin":1690,"position":0},"title":"Digibox 7 ganchos de llave","author":"Keybox@beheermodule","date":"18 febrero 2022","format":false,"excerpt":"Gestione sus llaves de forma segura con 7 posiciones de llave.","rel":"","context":"Entrada similar","block_context":{"text":"Entrada similar","link":""},"img":{"alt_text":"","src":"https:\/\/i0.wp.com\/keybox.nl\/wp-content\/uploads\/2022\/02\/Digibox-7-haken-Keybox-e1645195424393.jpg?resize=350%2C200&ssl=1","width":350,"height":200},"classes":[]},{"id":1745,"url":"https:\/\/keybox.nl\/es\/producto\/digisafe-19-sleutelplaatsen\/","url_meta":{"origin":1690,"position":1},"title":"Digisafe, 19 lugares clave","author":"Elric Drost","date":"29 noviembre 2024","format":false,"excerpt":"La digibox m\u00e1s grande para 19 llaves, etiquetas o tarjetas con chip.","rel":"","context":"Entrada similar","block_context":{"text":"Entrada similar","link":""},"img":{"alt_text":"","src":"https:\/\/i0.wp.com\/keybox.nl\/wp-content\/uploads\/2024\/11\/digisafe-RAL-1015-keybox.jpg?resize=350%2C200&ssl=1","width":350,"height":200,"srcset":"https:\/\/i0.wp.com\/keybox.nl\/wp-content\/uploads\/2024\/11\/digisafe-RAL-1015-keybox.jpg?resize=350%2C200&ssl=1 1x, https:\/\/i0.wp.com\/keybox.nl\/wp-content\/uploads\/2024\/11\/digisafe-RAL-1015-keybox.jpg?resize=525%2C300&ssl=1 1.5x, https:\/\/i0.wp.com\/keybox.nl\/wp-content\/uploads\/2024\/11\/digisafe-RAL-1015-keybox.jpg?resize=700%2C400&ssl=1 2x"},"classes":[]},{"id":1754,"url":"https:\/\/keybox.nl\/es\/producto\/in-box-digibox\/","url_meta":{"origin":1690,"position":2},"title":"Digibox integrado","author":"Elric Drost","date":"29 noviembre 2024","format":false,"excerpt":"Amplia caja de seguridad para llaves o sobres.","rel":"","context":"Entrada similar","block_context":{"text":"Entrada similar","link":""},"img":{"alt_text":"","src":"https:\/\/i0.wp.com\/keybox.nl\/wp-content\/uploads\/2024\/11\/in-box-digibox-keybox2021blauw.jpg?resize=350%2C200&ssl=1","width":350,"height":200,"srcset":"https:\/\/i0.wp.com\/keybox.nl\/wp-content\/uploads\/2024\/11\/in-box-digibox-keybox2021blauw.jpg?resize=350%2C200&ssl=1 1x, https:\/\/i0.wp.com\/keybox.nl\/wp-content\/uploads\/2024\/11\/in-box-digibox-keybox2021blauw.jpg?resize=525%2C300&ssl=1 1.5x, https:\/\/i0.wp.com\/keybox.nl\/wp-content\/uploads\/2024\/11\/in-box-digibox-keybox2021blauw.jpg?resize=700%2C400&ssl=1 2x"},"classes":[]},{"id":1822,"url":"https:\/\/keybox.nl\/es\/producto\/keysafe-gce\/","url_meta":{"origin":1690,"position":3},"title":"Keysafe CME","author":"Elric Drost","date":"26 enero 2025","format":false,"excerpt":"Elija entre 3 modelos.","rel":"","context":"Entrada similar","block_context":{"text":"Entrada similar","link":""},"img":{"alt_text":"","src":"https:\/\/i0.wp.com\/keybox.nl\/wp-content\/uploads\/2025\/01\/9858a0f7e85097eb90f56de1f00f8269.jpg?resize=350%2C200&ssl=1","width":350,"height":200,"srcset":"https:\/\/i0.wp.com\/keybox.nl\/wp-content\/uploads\/2025\/01\/9858a0f7e85097eb90f56de1f00f8269.jpg?resize=350%2C200&ssl=1 1x, https:\/\/i0.wp.com\/keybox.nl\/wp-content\/uploads\/2025\/01\/9858a0f7e85097eb90f56de1f00f8269.jpg?resize=525%2C300&ssl=1 1.5x, https:\/\/i0.wp.com\/keybox.nl\/wp-content\/uploads\/2025\/01\/9858a0f7e85097eb90f56de1f00f8269.jpg?resize=700%2C400&ssl=1 2x, https:\/\/i0.wp.com\/keybox.nl\/wp-content\/uploads\/2025\/01\/9858a0f7e85097eb90f56de1f00f8269.jpg?resize=1050%2C600&ssl=1 3x, https:\/\/i0.wp.com\/keybox.nl\/wp-content\/uploads\/2025\/01\/9858a0f7e85097eb90f56de1f00f8269.jpg?resize=1400%2C800&ssl=1 4x"},"classes":[]},{"id":1812,"url":"https:\/\/keybox.nl\/es\/producto\/drs-vector-combi-keysafe\/","url_meta":{"origin":1690,"position":4},"title":"DRS Vector Combi Keysafe","author":"Elric Drost","date":"21 enero 2025","format":false,"excerpt":"Perfecto para uso profesional.","rel":"","context":"Entrada similar","block_context":{"text":"Entrada similar","link":""},"img":{"alt_text":"","src":"https:\/\/i0.wp.com\/keybox.nl\/wp-content\/uploads\/2025\/01\/DRS-Vector-Combi-Keysafe-keybox.jpg?resize=350%2C200&ssl=1","width":350,"height":200,"srcset":"https:\/\/i0.wp.com\/keybox.nl\/wp-content\/uploads\/2025\/01\/DRS-Vector-Combi-Keysafe-keybox.jpg?resize=350%2C200&ssl=1 1x, https:\/\/i0.wp.com\/keybox.nl\/wp-content\/uploads\/2025\/01\/DRS-Vector-Combi-Keysafe-keybox.jpg?resize=525%2C300&ssl=1 1.5x, https:\/\/i0.wp.com\/keybox.nl\/wp-content\/uploads\/2025\/01\/DRS-Vector-Combi-Keysafe-keybox.jpg?resize=700%2C400&ssl=1 2x, https:\/\/i0.wp.com\/keybox.nl\/wp-content\/uploads\/2025\/01\/DRS-Vector-Combi-Keysafe-keybox.jpg?resize=1050%2C600&ssl=1 3x"},"classes":[]},{"id":201,"url":"https:\/\/keybox.nl\/es\/producto\/keysecuritybox-sleutelkluis-ksb107-wl\/","url_meta":{"origin":1690,"position":5},"title":"Caja fuerte para llaves KSB107 W","author":"Keybox@beheermodule","date":"28 enero 2022","format":false,"excerpt":"Caja de seguridad para llaves KSB107 XL La KSB107 puede instalarse en una pared\/pared y es extremadamente segura. Apertura L66, H64, D 124 mm.","rel":"","context":"Entrada similar","block_context":{"text":"Entrada similar","link":""},"img":{"alt_text":"","src":"https:\/\/i0.wp.com\/keybox.nl\/wp-content\/uploads\/2022\/01\/Keysecuritybox-KSB107XL-300x300.jpg?resize=350%2C200","width":350,"height":200},"classes":[]}],"jetpack_sharing_enabled":true,"_links":{"self":[{"href":"https:\/\/keybox.nl\/es\/wp-json\/wp\/v2\/product\/1690","targetHints":{"allow":["GET"]}}],"collection":[{"href":"https:\/\/keybox.nl\/es\/wp-json\/wp\/v2\/product"}],"about":[{"href":"https:\/\/keybox.nl\/es\/wp-json\/wp\/v2\/types\/product"}],"replies":[{"embeddable":true,"href":"https:\/\/keybox.nl\/es\/wp-json\/wp\/v2\/comments?post=1690"}],"wp:featuredmedia":[{"embeddable":true,"href":"https:\/\/keybox.nl\/es\/wp-json\/wp\/v2\/media\/1718"}],"wp:attachment":[{"href":"https:\/\/keybox.nl\/es\/wp-json\/wp\/v2\/media?parent=1690"}],"wp:term":[{"taxonomy":"product_brand","embeddable":true,"href":"https:\/\/keybox.nl\/es\/wp-json\/wp\/v2\/product_brand?post=1690"},{"taxonomy":"product_cat","embeddable":true,"href":"https:\/\/keybox.nl\/es\/wp-json\/wp\/v2\/product_cat?post=1690"},{"taxonomy":"product_tag","embeddable":true,"href":"https:\/\/keybox.nl\/es\/wp-json\/wp\/v2\/product_tag?post=1690"}],"curies":[{"name":"wp","href":"https:\/\/api.w.org\/{rel}","templated":true}]}}