{"id":1339,"date":"2023-02-10T13:33:52","date_gmt":"2023-02-10T13:33:52","guid":{"rendered":"http:\/\/keybox.nl\/?post_type=product&#038;p=1339"},"modified":"2025-10-29T09:15:59","modified_gmt":"2025-10-29T09:15:59","slug":"regenkap-anti-masking-ksb107-xl","status":"publish","type":"product","link":"https:\/\/keybox.nl\/es\/producto\/regenkap-anti-masking-ksb107-xl\/","title":{"rendered":"Gorro de lluvia | Antienmascaramiento KSB107W"},"content":{"rendered":"<h2>Gorro de lluvia | Antienmascaramiento KSB107W<\/h2>\n<p>Coloque la cubierta antilluvia\/antienmascaramiento de acero inoxidable\/Inox para evitar la entrada de lluvia y el enmascaramiento.<\/p>\n<p>La caperuza se interpone entre la placa del hastial con rodillo y la pared\/pared y tambi\u00e9n es f\u00e1cil de colocar a posteriori. En algunos casos, el agua de lluvia puede entrar en la caja fuerte a trav\u00e9s de la abertura del rodillo, lo que se evita con la capucha. La capucha tambi\u00e9n impide que alguien cuelgue algo delante de la caja fuerte.<\/p>\n<div id=\"jp-relatedposts\" class=\"jp-relatedposts\"><\/div>","protected":false},"excerpt":{"rendered":"<p>&nbsp;<\/p>\n<p>Coloque la cubierta antilluvia\/enmascaramiento de acero inoxidable\/Inox para evitar la entrada de lluvia y el enmascaramiento.<span class=\"Apple-converted-space\">\u00a0<\/span><\/p>","protected":false},"featured_media":183,"comment_status":"open","ping_status":"closed","template":"","meta":[],"product_brand":[],"product_cat":[36],"product_tag":[],"class_list":{"0":"post-1339","1":"product","2":"type-product","3":"status-publish","4":"has-post-thumbnail","6":"product_cat-keysecuritybox-accessoires","8":"first","9":"instock","10":"taxable","11":"shipping-taxable","12":"purchasable","13":"product-type-simple"},"yoast_head":"<!-- This site is optimized with the Yoast SEO plugin v27.4 - https:\/\/yoast.com\/product\/yoast-seo-wordpress\/ -->\n<title>Regenkap | Anti-masking KSB107W -<\/title>\n<meta name=\"robots\" content=\"index, follow, max-snippet:-1, max-image-preview:large, max-video-preview:-1\" \/>\n<link rel=\"canonical\" href=\"https:\/\/keybox.nl\/es\/producto\/regenkap-anti-masking-ksb107-xl\/\" \/>\n<meta property=\"og:locale\" content=\"es_ES\" \/>\n<meta property=\"og:type\" content=\"article\" \/>\n<meta property=\"og:title\" content=\"Regenkap | Anti-masking KSB107W -\" \/>\n<meta property=\"og:description\" content=\"&nbsp;  Plaats de RVS\/Inox regen- \/ antimaskeer kap om inregen en maskering te voor-komen.\u00a0\" \/>\n<meta property=\"og:url\" content=\"https:\/\/keybox.nl\/es\/producto\/regenkap-anti-masking-ksb107-xl\/\" \/>\n<meta property=\"article:modified_time\" content=\"2025-10-29T09:15:59+00:00\" \/>\n<meta property=\"og:image\" content=\"http:\/\/keybox.nl\/wp-content\/uploads\/2022\/01\/KSB_007_rain-scaled-e1643227017671.jpg\" \/>\n\t<meta property=\"og:image:width\" content=\"365\" \/>\n\t<meta property=\"og:image:height\" content=\"487\" \/>\n\t<meta property=\"og:image:type\" content=\"image\/jpeg\" \/>\n<meta name=\"twitter:card\" content=\"summary_large_image\" \/>\n<meta name=\"twitter:label1\" content=\"Tiempo de lectura\" \/>\n\t<meta name=\"twitter:data1\" content=\"1 minuto\" \/>\n<script type=\"application\/ld+json\" class=\"yoast-schema-graph\">{\"@context\":\"https:\\\/\\\/schema.org\",\"@graph\":[{\"@type\":\"WebPage\",\"@id\":\"https:\\\/\\\/keybox.nl\\\/product\\\/regenkap-anti-masking-ksb107-xl\\\/\",\"url\":\"https:\\\/\\\/keybox.nl\\\/product\\\/regenkap-anti-masking-ksb107-xl\\\/\",\"name\":\"Regenkap | Anti-masking KSB107W -\",\"isPartOf\":{\"@id\":\"https:\\\/\\\/keybox.nl\\\/#website\"},\"primaryImageOfPage\":{\"@id\":\"https:\\\/\\\/keybox.nl\\\/product\\\/regenkap-anti-masking-ksb107-xl\\\/#primaryimage\"},\"image\":{\"@id\":\"https:\\\/\\\/keybox.nl\\\/product\\\/regenkap-anti-masking-ksb107-xl\\\/#primaryimage\"},\"thumbnailUrl\":\"https:\\\/\\\/keybox.nl\\\/wp-content\\\/uploads\\\/2022\\\/01\\\/KSB_007_rain-scaled-e1643227017671.jpg\",\"datePublished\":\"2023-02-10T13:33:52+00:00\",\"dateModified\":\"2025-10-29T09:15:59+00:00\",\"breadcrumb\":{\"@id\":\"https:\\\/\\\/keybox.nl\\\/product\\\/regenkap-anti-masking-ksb107-xl\\\/#breadcrumb\"},\"inLanguage\":\"es\",\"potentialAction\":[{\"@type\":\"ReadAction\",\"target\":[\"https:\\\/\\\/keybox.nl\\\/product\\\/regenkap-anti-masking-ksb107-xl\\\/\"]}]},{\"@type\":\"ImageObject\",\"inLanguage\":\"es\",\"@id\":\"https:\\\/\\\/keybox.nl\\\/product\\\/regenkap-anti-masking-ksb107-xl\\\/#primaryimage\",\"url\":\"https:\\\/\\\/keybox.nl\\\/wp-content\\\/uploads\\\/2022\\\/01\\\/KSB_007_rain-scaled-e1643227017671.jpg\",\"contentUrl\":\"https:\\\/\\\/keybox.nl\\\/wp-content\\\/uploads\\\/2022\\\/01\\\/KSB_007_rain-scaled-e1643227017671.jpg\",\"width\":365,\"height\":487,\"caption\":\"Regenkap KSB107\"},{\"@type\":\"BreadcrumbList\",\"@id\":\"https:\\\/\\\/keybox.nl\\\/product\\\/regenkap-anti-masking-ksb107-xl\\\/#breadcrumb\",\"itemListElement\":[{\"@type\":\"ListItem\",\"position\":1,\"name\":\"Home\",\"item\":\"https:\\\/\\\/keybox.nl\\\/\"},{\"@type\":\"ListItem\",\"position\":2,\"name\":\"Beveiligde sleutelkastjes kopen\",\"item\":\"https:\\\/\\\/keybox.nl\\\/\"},{\"@type\":\"ListItem\",\"position\":3,\"name\":\"Regenkap | Anti-masking KSB107W\"}]},{\"@type\":\"WebSite\",\"@id\":\"https:\\\/\\\/keybox.nl\\\/#website\",\"url\":\"https:\\\/\\\/keybox.nl\\\/\",\"name\":\"\",\"description\":\"\",\"potentialAction\":[{\"@type\":\"SearchAction\",\"target\":{\"@type\":\"EntryPoint\",\"urlTemplate\":\"https:\\\/\\\/keybox.nl\\\/?s={search_term_string}\"},\"query-input\":{\"@type\":\"PropertyValueSpecification\",\"valueRequired\":true,\"valueName\":\"search_term_string\"}}],\"inLanguage\":\"es\"}]}<\/script>\n<!-- \/ Yoast SEO plugin. -->","yoast_head_json":{"title":"Gorro de lluvia | Antienmascaramiento KSB107W -","robots":{"index":"index","follow":"follow","max-snippet":"max-snippet:-1","max-image-preview":"max-image-preview:large","max-video-preview":"max-video-preview:-1"},"canonical":"https:\/\/keybox.nl\/es\/producto\/regenkap-anti-masking-ksb107-xl\/","og_locale":"es_ES","og_type":"article","og_title":"Regenkap | Anti-masking KSB107W -","og_description":"&nbsp;  Plaats de RVS\/Inox regen- \/ antimaskeer kap om inregen en maskering te voor-komen.\u00a0","og_url":"https:\/\/keybox.nl\/es\/producto\/regenkap-anti-masking-ksb107-xl\/","article_modified_time":"2025-10-29T09:15:59+00:00","og_image":[{"width":365,"height":487,"url":"http:\/\/keybox.nl\/wp-content\/uploads\/2022\/01\/KSB_007_rain-scaled-e1643227017671.jpg","type":"image\/jpeg"}],"twitter_card":"summary_large_image","twitter_misc":{"Tiempo de lectura":"1 minuto"},"schema":{"@context":"https:\/\/schema.org","@graph":[{"@type":"WebPage","@id":"https:\/\/keybox.nl\/product\/regenkap-anti-masking-ksb107-xl\/","url":"https:\/\/keybox.nl\/product\/regenkap-anti-masking-ksb107-xl\/","name":"Gorro de lluvia | Antienmascaramiento KSB107W -","isPartOf":{"@id":"https:\/\/keybox.nl\/#website"},"primaryImageOfPage":{"@id":"https:\/\/keybox.nl\/product\/regenkap-anti-masking-ksb107-xl\/#primaryimage"},"image":{"@id":"https:\/\/keybox.nl\/product\/regenkap-anti-masking-ksb107-xl\/#primaryimage"},"thumbnailUrl":"https:\/\/keybox.nl\/wp-content\/uploads\/2022\/01\/KSB_007_rain-scaled-e1643227017671.jpg","datePublished":"2023-02-10T13:33:52+00:00","dateModified":"2025-10-29T09:15:59+00:00","breadcrumb":{"@id":"https:\/\/keybox.nl\/product\/regenkap-anti-masking-ksb107-xl\/#breadcrumb"},"inLanguage":"es","potentialAction":[{"@type":"ReadAction","target":["https:\/\/keybox.nl\/product\/regenkap-anti-masking-ksb107-xl\/"]}]},{"@type":"ImageObject","inLanguage":"es","@id":"https:\/\/keybox.nl\/product\/regenkap-anti-masking-ksb107-xl\/#primaryimage","url":"https:\/\/keybox.nl\/wp-content\/uploads\/2022\/01\/KSB_007_rain-scaled-e1643227017671.jpg","contentUrl":"https:\/\/keybox.nl\/wp-content\/uploads\/2022\/01\/KSB_007_rain-scaled-e1643227017671.jpg","width":365,"height":487,"caption":"Regenkap KSB107"},{"@type":"BreadcrumbList","@id":"https:\/\/keybox.nl\/product\/regenkap-anti-masking-ksb107-xl\/#breadcrumb","itemListElement":[{"@type":"ListItem","position":1,"name":"Home","item":"https:\/\/keybox.nl\/"},{"@type":"ListItem","position":2,"name":"Beveiligde sleutelkastjes kopen","item":"https:\/\/keybox.nl\/"},{"@type":"ListItem","position":3,"name":"Regenkap | Anti-masking KSB107W"}]},{"@type":"WebSite","@id":"https:\/\/keybox.nl\/#website","url":"https:\/\/keybox.nl\/","name":"","description":"","potentialAction":[{"@type":"SearchAction","target":{"@type":"EntryPoint","urlTemplate":"https:\/\/keybox.nl\/?s={search_term_string}"},"query-input":{"@type":"PropertyValueSpecification","valueRequired":true,"valueName":"search_term_string"}}],"inLanguage":"es"}]}},"jetpack-related-posts":[{"id":255,"url":"https:\/\/keybox.nl\/es\/producto\/regenkap-anti-masking-ksb107\/","url_meta":{"origin":1339,"position":0},"title":"Gorro de lluvia | Antienmascaramiento KSB107","author":"Keybox@beheermodule","date":"3 febrero 2022","format":false,"excerpt":"\u00a0 Coloque la cubierta antilluvia\/enmascaramiento de acero inoxidable\/Inox para evitar la entrada de lluvia y el enmascaramiento.\u00a0","rel":"","context":"Entrada similar","block_context":{"text":"Entrada similar","link":""},"img":{"alt_text":"Regenkap KSB107","src":"https:\/\/i0.wp.com\/keybox.nl\/wp-content\/uploads\/2022\/01\/KSB_007_rain-scaled-e1643227017671.jpg?resize=350%2C200&ssl=1","width":350,"height":200},"classes":[]},{"id":198,"url":"https:\/\/keybox.nl\/es\/producto\/regenkap-ksb101-102-en-103\/","url_meta":{"origin":1339,"position":1},"title":"Toldo de lluvia KSB101, 2, 3","author":"Keybox@beheermodule","date":"28 enero 2022","format":false,"excerpt":"Tapa contra la lluvia para la caja Keysecurity","rel":"","context":"Entrada similar","block_context":{"text":"Entrada similar","link":""},"img":{"alt_text":"","src":"https:\/\/i0.wp.com\/keybox.nl\/wp-content\/uploads\/2022\/01\/IMG_5363-scaled-e1643386544179.jpg?resize=350%2C200&ssl=1","width":350,"height":200},"classes":[]},{"id":193,"url":"https:\/\/keybox.nl\/es\/producto\/keysecuritybox-sleutelkluis-ksb107\/","url_meta":{"origin":1339,"position":2},"title":"Caja fuerte para llaves Keysecuritybox KSB107","author":"Keybox@beheermodule","date":"28 enero 2022","format":false,"excerpt":"Caja de seguridad para llaves KSB107 La KSB107 puede instalarse en una pared\/pared y es extremadamente segura. Apertura L44, H64, D 124 mm.","rel":"","context":"Entrada similar","block_context":{"text":"Entrada similar","link":""},"img":{"alt_text":"","src":"https:\/\/i0.wp.com\/keybox.nl\/wp-content\/uploads\/2022\/01\/Ksb007-5-225x300.jpg?resize=350%2C200","width":350,"height":200},"classes":[]},{"id":201,"url":"https:\/\/keybox.nl\/es\/producto\/keysecuritybox-sleutelkluis-ksb107-wl\/","url_meta":{"origin":1339,"position":3},"title":"Caja fuerte para llaves KSB107 W","author":"Keybox@beheermodule","date":"28 enero 2022","format":false,"excerpt":"Caja de seguridad para llaves KSB107 XL La KSB107 puede instalarse en una pared\/pared y es extremadamente segura. Apertura L66, H64, D 124 mm.","rel":"","context":"Entrada similar","block_context":{"text":"Entrada similar","link":""},"img":{"alt_text":"","src":"https:\/\/i0.wp.com\/keybox.nl\/wp-content\/uploads\/2022\/01\/Keysecuritybox-KSB107XL-300x300.jpg?resize=350%2C200","width":350,"height":200},"classes":[]},{"id":36,"url":"https:\/\/keybox.nl\/es\/producto\/ksb101-ksb102-sleutelkluis\/","url_meta":{"origin":1339,"position":4},"title":"Caja fuerte para llaves KSB101, KSB102","author":"Keybox@beheermodule","date":"30 noviembre 2021","format":false,"excerpt":"Caja de seguridad para llaves KSB101 &amp; KSB102 Una caja fuerte en dos versiones: rueda de dep\u00f3sito izquierda o derecha","rel":"","context":"Con 1 comentario","block_context":{"text":"Con 1 comentario","link":"https:\/\/keybox.nl\/es\/producto\/ksb101-ksb102-sleutelkluis\/#comments"},"img":{"alt_text":"","src":"https:\/\/i0.wp.com\/keybox.nl\/wp-content\/uploads\/2021\/11\/KSB_101_3-scaled-e1638352491754.jpg?resize=350%2C200&ssl=1","width":350,"height":200},"classes":[]},{"id":72,"url":"https:\/\/keybox.nl\/es\/producto\/keysecuritybox-sleutelkluis-ksb101a-ksb102a\/","url_meta":{"origin":1339,"position":5},"title":"Caja de seguridad para llaves KSB101A, KSB102A caja fuerte blindada adicional para llaves","author":"Keybox@beheermodule","date":"1 diciembre 2021","format":false,"excerpt":"Keysecuritybox KSB101A &amp; KSB102A Las cajas fuertes KSB101A y 102A est\u00e1n equipadas con un blindaje adicional. Dentro de la caja fuerte hay una caja fuerte interior adicional de acero especial que proporciona una mayor protecci\u00f3n contra los ataques. Una caja fuerte en dos versiones: rueda de dep\u00f3sito izquierda o derecha","rel":"","context":"Con 1 comentario","block_context":{"text":"Con 1 comentario","link":"https:\/\/keybox.nl\/es\/producto\/keysecuritybox-sleutelkluis-ksb101a-ksb102a\/#comments"},"img":{"alt_text":"","src":"https:\/\/i0.wp.com\/keybox.nl\/wp-content\/uploads\/2021\/11\/KSB_101_3-scaled-e1638352491754.jpg?resize=350%2C200&ssl=1","width":350,"height":200},"classes":[]}],"jetpack_sharing_enabled":true,"_links":{"self":[{"href":"https:\/\/keybox.nl\/es\/wp-json\/wp\/v2\/product\/1339","targetHints":{"allow":["GET"]}}],"collection":[{"href":"https:\/\/keybox.nl\/es\/wp-json\/wp\/v2\/product"}],"about":[{"href":"https:\/\/keybox.nl\/es\/wp-json\/wp\/v2\/types\/product"}],"replies":[{"embeddable":true,"href":"https:\/\/keybox.nl\/es\/wp-json\/wp\/v2\/comments?post=1339"}],"wp:featuredmedia":[{"embeddable":true,"href":"https:\/\/keybox.nl\/es\/wp-json\/wp\/v2\/media\/183"}],"wp:attachment":[{"href":"https:\/\/keybox.nl\/es\/wp-json\/wp\/v2\/media?parent=1339"}],"wp:term":[{"taxonomy":"product_brand","embeddable":true,"href":"https:\/\/keybox.nl\/es\/wp-json\/wp\/v2\/product_brand?post=1339"},{"taxonomy":"product_cat","embeddable":true,"href":"https:\/\/keybox.nl\/es\/wp-json\/wp\/v2\/product_cat?post=1339"},{"taxonomy":"product_tag","embeddable":true,"href":"https:\/\/keybox.nl\/es\/wp-json\/wp\/v2\/product_tag?post=1339"}],"curies":[{"name":"wp","href":"https:\/\/api.w.org\/{rel}","templated":true}]}}