{"id":1179,"date":"2022-12-09T16:03:02","date_gmt":"2022-12-09T16:03:02","guid":{"rendered":"http:\/\/keybox.nl\/?post_type=product&#038;p=1179"},"modified":"2022-12-09T16:03:02","modified_gmt":"2022-12-09T16:03:02","slug":"keysafe-original","status":"publish","type":"product","link":"https:\/\/keybox.nl\/es\/producto\/keysafe-original\/","title":{"rendered":"Keysafe Original"},"content":{"rendered":"<h2>Keysafe Original para 5 llaves<\/h2>\n<p>Si se necesitan varias llaves para entrar en las habitaciones, la gran capacidad de almacenamiento del KeySafe\u2122 Original permite guardarlas todas en un mismo lugar con un c\u00f3digo de acceso f\u00e1cil de usar.<\/p>\n<p>KeySafe Original tiene capacidad para varias llaves y es lo suficientemente grande para guardar tarjetas llave para sistemas de control de acceso. Las llaves pueden fijarse a la tapa para facilitar su manejo con una sola mano. Ideal para:<\/p>\n<p>Acceso para ni\u00f1os despu\u00e9s de la escuela<br \/>\nNo vuelva a quedarse bloqueado<br \/>\nPara personas mayores y cuidadores<br \/>\nPara hu\u00e9spedes de Airbnb y casas de vacaciones<br \/>\nPara asociaciones y t\u00e9cnicos de servicio<br \/>\nLas aplicaciones son infinitas.<\/p>\n<p>Dimensiones exteriores (An x Al x P en mm) 65x105x55<br \/>\nDimensiones interiores (An x Al x P en mm)38x70x25<br \/>\nPeso (en kg) 0,9<\/p>\n<p>Manual del usuario<br \/>\nPulsa el bot\u00f3n suprimir cada vez antes de crear tu c\u00f3digo. Escriba su c\u00f3digo.<br \/>\nPulse el bot\u00f3n \"abrir\" para liberar la tapa. Retire la llave de la caja.<\/p>\n<p>Al cerrar, para volver a meterla en el KEYSAFE, repita el c\u00f3digo, pulse el bot\u00f3n \"abrir\", vuelva a meter la llave y luego la tapa, suelte el bot\u00f3n \"abrir\". El KEYSAFE se cerrar\u00e1 de nuevo con la llave introducida.<\/p>\n<p><img decoding=\"async\" class=\"alignleft size-medium wp-image-1178\" src=\"http:\/\/keybox.nl\/wp-content\/uploads\/2022\/12\/Keybox_Slim_line_Keysafe_7-300x121.png\" alt=\"\" width=\"300\" height=\"121\" srcset=\"https:\/\/keybox.nl\/wp-content\/uploads\/2022\/12\/Keybox_Slim_line_Keysafe_7-300x121.png 300w, https:\/\/keybox.nl\/wp-content\/uploads\/2022\/12\/Keybox_Slim_line_Keysafe_7-416x168.png 416w, https:\/\/keybox.nl\/wp-content\/uploads\/2022\/12\/Keybox_Slim_line_Keysafe_7.png 499w\" sizes=\"(max-width: 300px) 100vw, 300px\" \/><\/p>\n<p>&nbsp;<\/p>\n<p>&nbsp;<\/p>\n<p>&nbsp;<\/p>\n<p>Cambiar c\u00f3digo<\/p>\n<p><img decoding=\"async\" class=\"alignleft size-medium wp-image-1177\" src=\"http:\/\/keybox.nl\/wp-content\/uploads\/2022\/12\/Keybox_Slim_line_Keysafe_6-300x196.png\" alt=\"\" width=\"300\" height=\"196\" srcset=\"https:\/\/keybox.nl\/wp-content\/uploads\/2022\/12\/Keybox_Slim_line_Keysafe_6-300x196.png 300w, https:\/\/keybox.nl\/wp-content\/uploads\/2022\/12\/Keybox_Slim_line_Keysafe_6.png 400w\" sizes=\"(max-width: 300px) 100vw, 300px\" \/><\/p>","protected":false},"excerpt":{"rendered":"<p>Keysafe Original voor 5 sleutels Als er verschillende sleutels nodig zijn om ruimtes binnen te gaan dan kunt u met de grote opslagcapaciteit van de KeySafe\u2122 Original ze allemaal op \u00e9\u00e9n locatie opslaan met een gebruiksvriendelijke toegangscode. KeySafe Original is geschikt voor meerdere sleutels en is groot genoeg voor sleutelkaarten voor toegangscontrolesystemen. Sleutels kunnen aan [&hellip;]<\/p>\n","protected":false},"featured_media":1181,"comment_status":"open","ping_status":"closed","template":"","meta":[],"product_brand":[],"product_cat":[19],"product_tag":[68,65,21,61,67,64,69],"class_list":{"0":"post-1179","1":"product","2":"type-product","3":"status-publish","4":"has-post-thumbnail","6":"product_cat-keysafe","7":"product_tag-68","8":"product_tag-cijferslot","9":"product_tag-keybox","10":"product_tag-keysafe","11":"product_tag-original","12":"product_tag-sleutelkluisje","13":"product_tag-sleutels","15":"first","16":"instock","17":"taxable","18":"shipping-taxable","19":"purchasable","20":"product-type-simple"},"yoast_head":"<!-- This site is optimized with the Yoast SEO plugin v27.5 - https:\/\/yoast.com\/product\/yoast-seo-wordpress\/ -->\n<title>Keysafe Original -<\/title>\n<meta name=\"robots\" content=\"index, follow, max-snippet:-1, max-image-preview:large, max-video-preview:-1\" \/>\n<link rel=\"canonical\" href=\"https:\/\/keybox.nl\/es\/producto\/keysafe-original\/\" \/>\n<meta property=\"og:locale\" content=\"es_ES\" \/>\n<meta property=\"og:type\" content=\"article\" \/>\n<meta property=\"og:title\" content=\"Keysafe Original -\" \/>\n<meta property=\"og:description\" content=\"Keysafe Original voor 5 sleutels Als er verschillende sleutels nodig zijn om ruimtes binnen te gaan dan kunt u met de grote opslagcapaciteit van de KeySafe\u2122 Original ze allemaal op \u00e9\u00e9n locatie opslaan met een gebruiksvriendelijke toegangscode. KeySafe Original is geschikt voor meerdere sleutels en is groot genoeg voor sleutelkaarten voor toegangscontrolesystemen. Sleutels kunnen aan [&hellip;]\" \/>\n<meta property=\"og:url\" content=\"https:\/\/keybox.nl\/es\/producto\/keysafe-original\/\" \/>\n<meta property=\"og:image\" content=\"https:\/\/keybox.nl\/wp-content\/uploads\/2022\/12\/Keysafe_Original_keybox_sleutelkluis.jpg\" \/>\n\t<meta property=\"og:image:width\" content=\"700\" \/>\n\t<meta property=\"og:image:height\" content=\"700\" \/>\n\t<meta property=\"og:image:type\" content=\"image\/jpeg\" \/>\n<meta name=\"twitter:card\" content=\"summary_large_image\" \/>\n<meta name=\"twitter:label1\" content=\"Tiempo de lectura\" \/>\n\t<meta name=\"twitter:data1\" content=\"2 minutos\" \/>\n<script type=\"application\/ld+json\" class=\"yoast-schema-graph\">{\"@context\":\"https:\\\/\\\/schema.org\",\"@graph\":[{\"@type\":\"WebPage\",\"@id\":\"https:\\\/\\\/keybox.nl\\\/product\\\/keysafe-original\\\/\",\"url\":\"https:\\\/\\\/keybox.nl\\\/product\\\/keysafe-original\\\/\",\"name\":\"Keysafe Original -\",\"isPartOf\":{\"@id\":\"https:\\\/\\\/keybox.nl\\\/#website\"},\"primaryImageOfPage\":{\"@id\":\"https:\\\/\\\/keybox.nl\\\/product\\\/keysafe-original\\\/#primaryimage\"},\"image\":{\"@id\":\"https:\\\/\\\/keybox.nl\\\/product\\\/keysafe-original\\\/#primaryimage\"},\"thumbnailUrl\":\"https:\\\/\\\/keybox.nl\\\/wp-content\\\/uploads\\\/2022\\\/12\\\/Keysafe_Original_keybox_sleutelkluis.jpg\",\"datePublished\":\"2022-12-09T16:03:02+00:00\",\"breadcrumb\":{\"@id\":\"https:\\\/\\\/keybox.nl\\\/product\\\/keysafe-original\\\/#breadcrumb\"},\"inLanguage\":\"es\",\"potentialAction\":[{\"@type\":\"ReadAction\",\"target\":[\"https:\\\/\\\/keybox.nl\\\/product\\\/keysafe-original\\\/\"]}]},{\"@type\":\"ImageObject\",\"inLanguage\":\"es\",\"@id\":\"https:\\\/\\\/keybox.nl\\\/product\\\/keysafe-original\\\/#primaryimage\",\"url\":\"https:\\\/\\\/keybox.nl\\\/wp-content\\\/uploads\\\/2022\\\/12\\\/Keysafe_Original_keybox_sleutelkluis.jpg\",\"contentUrl\":\"https:\\\/\\\/keybox.nl\\\/wp-content\\\/uploads\\\/2022\\\/12\\\/Keysafe_Original_keybox_sleutelkluis.jpg\",\"width\":700,\"height\":700},{\"@type\":\"BreadcrumbList\",\"@id\":\"https:\\\/\\\/keybox.nl\\\/product\\\/keysafe-original\\\/#breadcrumb\",\"itemListElement\":[{\"@type\":\"ListItem\",\"position\":1,\"name\":\"Home\",\"item\":\"https:\\\/\\\/keybox.nl\\\/\"},{\"@type\":\"ListItem\",\"position\":2,\"name\":\"Beveiligde sleutelkastjes kopen\",\"item\":\"https:\\\/\\\/keybox.nl\\\/\"},{\"@type\":\"ListItem\",\"position\":3,\"name\":\"Keysafe Original\"}]},{\"@type\":\"WebSite\",\"@id\":\"https:\\\/\\\/keybox.nl\\\/#website\",\"url\":\"https:\\\/\\\/keybox.nl\\\/\",\"name\":\"\",\"description\":\"\",\"potentialAction\":[{\"@type\":\"SearchAction\",\"target\":{\"@type\":\"EntryPoint\",\"urlTemplate\":\"https:\\\/\\\/keybox.nl\\\/?s={search_term_string}\"},\"query-input\":{\"@type\":\"PropertyValueSpecification\",\"valueRequired\":true,\"valueName\":\"search_term_string\"}}],\"inLanguage\":\"es\"}]}<\/script>\n<!-- \/ Yoast SEO plugin. -->","yoast_head_json":{"title":"Keysafe Original -","robots":{"index":"index","follow":"follow","max-snippet":"max-snippet:-1","max-image-preview":"max-image-preview:large","max-video-preview":"max-video-preview:-1"},"canonical":"https:\/\/keybox.nl\/es\/producto\/keysafe-original\/","og_locale":"es_ES","og_type":"article","og_title":"Keysafe Original -","og_description":"Keysafe Original voor 5 sleutels Als er verschillende sleutels nodig zijn om ruimtes binnen te gaan dan kunt u met de grote opslagcapaciteit van de KeySafe\u2122 Original ze allemaal op \u00e9\u00e9n locatie opslaan met een gebruiksvriendelijke toegangscode. KeySafe Original is geschikt voor meerdere sleutels en is groot genoeg voor sleutelkaarten voor toegangscontrolesystemen. Sleutels kunnen aan [&hellip;]","og_url":"https:\/\/keybox.nl\/es\/producto\/keysafe-original\/","og_image":[{"width":700,"height":700,"url":"https:\/\/keybox.nl\/wp-content\/uploads\/2022\/12\/Keysafe_Original_keybox_sleutelkluis.jpg","type":"image\/jpeg"}],"twitter_card":"summary_large_image","twitter_misc":{"Tiempo de lectura":"2 minutos"},"schema":{"@context":"https:\/\/schema.org","@graph":[{"@type":"WebPage","@id":"https:\/\/keybox.nl\/product\/keysafe-original\/","url":"https:\/\/keybox.nl\/product\/keysafe-original\/","name":"Keysafe Original -","isPartOf":{"@id":"https:\/\/keybox.nl\/#website"},"primaryImageOfPage":{"@id":"https:\/\/keybox.nl\/product\/keysafe-original\/#primaryimage"},"image":{"@id":"https:\/\/keybox.nl\/product\/keysafe-original\/#primaryimage"},"thumbnailUrl":"https:\/\/keybox.nl\/wp-content\/uploads\/2022\/12\/Keysafe_Original_keybox_sleutelkluis.jpg","datePublished":"2022-12-09T16:03:02+00:00","breadcrumb":{"@id":"https:\/\/keybox.nl\/product\/keysafe-original\/#breadcrumb"},"inLanguage":"es","potentialAction":[{"@type":"ReadAction","target":["https:\/\/keybox.nl\/product\/keysafe-original\/"]}]},{"@type":"ImageObject","inLanguage":"es","@id":"https:\/\/keybox.nl\/product\/keysafe-original\/#primaryimage","url":"https:\/\/keybox.nl\/wp-content\/uploads\/2022\/12\/Keysafe_Original_keybox_sleutelkluis.jpg","contentUrl":"https:\/\/keybox.nl\/wp-content\/uploads\/2022\/12\/Keysafe_Original_keybox_sleutelkluis.jpg","width":700,"height":700},{"@type":"BreadcrumbList","@id":"https:\/\/keybox.nl\/product\/keysafe-original\/#breadcrumb","itemListElement":[{"@type":"ListItem","position":1,"name":"Home","item":"https:\/\/keybox.nl\/"},{"@type":"ListItem","position":2,"name":"Beveiligde sleutelkastjes kopen","item":"https:\/\/keybox.nl\/"},{"@type":"ListItem","position":3,"name":"Keysafe Original"}]},{"@type":"WebSite","@id":"https:\/\/keybox.nl\/#website","url":"https:\/\/keybox.nl\/","name":"","description":"","potentialAction":[{"@type":"SearchAction","target":{"@type":"EntryPoint","urlTemplate":"https:\/\/keybox.nl\/?s={search_term_string}"},"query-input":{"@type":"PropertyValueSpecification","valueRequired":true,"valueName":"search_term_string"}}],"inLanguage":"es"}]}},"jetpack-related-posts":[{"id":1775,"url":"https:\/\/keybox.nl\/es\/producto\/keysafe-pro-original\/","url_meta":{"origin":1179,"position":0},"title":"Keysafe Pro original","author":"Elric Drost","date":"5 diciembre 2024","format":false,"excerpt":"El KEYSAFE Pro Original es un robusto armario para 5 llaves est\u00e1ndar.","rel":"","context":"Entrada similar","block_context":{"text":"Entrada similar","link":""},"img":{"alt_text":"","src":"https:\/\/i0.wp.com\/keybox.nl\/wp-content\/uploads\/2024\/12\/keysafe-pro-original-sleutelkluisje.jpg?resize=350%2C200&ssl=1","width":350,"height":200},"classes":[]},{"id":1171,"url":"https:\/\/keybox.nl\/es\/producto\/keysafe-slimline\/","url_meta":{"origin":1179,"position":1},"title":"Keysafe Slimline","author":"Keybox@beheermodule","date":"9 diciembre 2022","format":false,"excerpt":"Siempre accesible con el Keysafe Slimline","rel":"","context":"Entrada similar","block_context":{"text":"Entrada similar","link":""},"img":{"alt_text":"Keysafe Slim line","src":"https:\/\/i0.wp.com\/keybox.nl\/wp-content\/uploads\/2022\/12\/Keysafe_Slim_line_Keybox.jpeg?resize=350%2C200&ssl=1","width":350,"height":200,"srcset":"https:\/\/i0.wp.com\/keybox.nl\/wp-content\/uploads\/2022\/12\/Keysafe_Slim_line_Keybox.jpeg?resize=350%2C200&ssl=1 1x, https:\/\/i0.wp.com\/keybox.nl\/wp-content\/uploads\/2022\/12\/Keysafe_Slim_line_Keybox.jpeg?resize=525%2C300&ssl=1 1.5x, https:\/\/i0.wp.com\/keybox.nl\/wp-content\/uploads\/2022\/12\/Keysafe_Slim_line_Keybox.jpeg?resize=700%2C400&ssl=1 2x"},"classes":[]},{"id":1822,"url":"https:\/\/keybox.nl\/es\/producto\/keysafe-gce\/","url_meta":{"origin":1179,"position":2},"title":"Keysafe CME","author":"Elric Drost","date":"26 enero 2025","format":false,"excerpt":"Elija entre 3 modelos.","rel":"","context":"Entrada similar","block_context":{"text":"Entrada similar","link":""},"img":{"alt_text":"","src":"https:\/\/i0.wp.com\/keybox.nl\/wp-content\/uploads\/2025\/01\/9858a0f7e85097eb90f56de1f00f8269.jpg?resize=350%2C200&ssl=1","width":350,"height":200,"srcset":"https:\/\/i0.wp.com\/keybox.nl\/wp-content\/uploads\/2025\/01\/9858a0f7e85097eb90f56de1f00f8269.jpg?resize=350%2C200&ssl=1 1x, https:\/\/i0.wp.com\/keybox.nl\/wp-content\/uploads\/2025\/01\/9858a0f7e85097eb90f56de1f00f8269.jpg?resize=525%2C300&ssl=1 1.5x, https:\/\/i0.wp.com\/keybox.nl\/wp-content\/uploads\/2025\/01\/9858a0f7e85097eb90f56de1f00f8269.jpg?resize=700%2C400&ssl=1 2x, https:\/\/i0.wp.com\/keybox.nl\/wp-content\/uploads\/2025\/01\/9858a0f7e85097eb90f56de1f00f8269.jpg?resize=1050%2C600&ssl=1 3x, https:\/\/i0.wp.com\/keybox.nl\/wp-content\/uploads\/2025\/01\/9858a0f7e85097eb90f56de1f00f8269.jpg?resize=1400%2C800&ssl=1 4x"},"classes":[]},{"id":1812,"url":"https:\/\/keybox.nl\/es\/producto\/drs-vector-combi-keysafe\/","url_meta":{"origin":1179,"position":3},"title":"DRS Vector Combi Keysafe","author":"Elric Drost","date":"21 enero 2025","format":false,"excerpt":"Perfecto para uso profesional.","rel":"","context":"Entrada similar","block_context":{"text":"Entrada similar","link":""},"img":{"alt_text":"","src":"https:\/\/i0.wp.com\/keybox.nl\/wp-content\/uploads\/2025\/01\/DRS-Vector-Combi-Keysafe-keybox.jpg?resize=350%2C200&ssl=1","width":350,"height":200,"srcset":"https:\/\/i0.wp.com\/keybox.nl\/wp-content\/uploads\/2025\/01\/DRS-Vector-Combi-Keysafe-keybox.jpg?resize=350%2C200&ssl=1 1x, https:\/\/i0.wp.com\/keybox.nl\/wp-content\/uploads\/2025\/01\/DRS-Vector-Combi-Keysafe-keybox.jpg?resize=525%2C300&ssl=1 1.5x, https:\/\/i0.wp.com\/keybox.nl\/wp-content\/uploads\/2025\/01\/DRS-Vector-Combi-Keysafe-keybox.jpg?resize=700%2C400&ssl=1 2x, https:\/\/i0.wp.com\/keybox.nl\/wp-content\/uploads\/2025\/01\/DRS-Vector-Combi-Keysafe-keybox.jpg?resize=1050%2C600&ssl=1 3x"},"classes":[]},{"id":1796,"url":"https:\/\/keybox.nl\/es\/producto\/keysafe-key-cabinet\/","url_meta":{"origin":1179,"position":4},"title":"Armario de llaves Keysafe","author":"Elric Drost","date":"18 diciembre 2024","format":false,"excerpt":"Touchpoint PRO de Kidde 30\/60\/120 teclas","rel":"","context":"Entrada similar","block_context":{"text":"Entrada similar","link":""},"img":{"alt_text":"","src":"https:\/\/i0.wp.com\/keybox.nl\/wp-content\/uploads\/2024\/12\/Keysafe-cabinet-30-Keybox-open-298x300.jpg?resize=350%2C200","width":350,"height":200},"classes":[]},{"id":1782,"url":"https:\/\/keybox.nl\/es\/producto\/keysafe-p500\/","url_meta":{"origin":1179,"position":5},"title":"Keysafe P500","author":"Elric Drost","date":"13 diciembre 2024","format":false,"excerpt":"El mini armario de llaves m\u00e1s seguro del mercado.","rel":"","context":"Entrada similar","block_context":{"text":"Entrada similar","link":""},"img":{"alt_text":"","src":"https:\/\/i0.wp.com\/keybox.nl\/wp-content\/uploads\/2024\/12\/boite-a-cle-keysafe-pro-grand-format.jpg?resize=350%2C200&ssl=1","width":350,"height":200},"classes":[]}],"jetpack_sharing_enabled":true,"_links":{"self":[{"href":"https:\/\/keybox.nl\/es\/wp-json\/wp\/v2\/product\/1179","targetHints":{"allow":["GET"]}}],"collection":[{"href":"https:\/\/keybox.nl\/es\/wp-json\/wp\/v2\/product"}],"about":[{"href":"https:\/\/keybox.nl\/es\/wp-json\/wp\/v2\/types\/product"}],"replies":[{"embeddable":true,"href":"https:\/\/keybox.nl\/es\/wp-json\/wp\/v2\/comments?post=1179"}],"wp:featuredmedia":[{"embeddable":true,"href":"https:\/\/keybox.nl\/es\/wp-json\/wp\/v2\/media\/1181"}],"wp:attachment":[{"href":"https:\/\/keybox.nl\/es\/wp-json\/wp\/v2\/media?parent=1179"}],"wp:term":[{"taxonomy":"product_brand","embeddable":true,"href":"https:\/\/keybox.nl\/es\/wp-json\/wp\/v2\/product_brand?post=1179"},{"taxonomy":"product_cat","embeddable":true,"href":"https:\/\/keybox.nl\/es\/wp-json\/wp\/v2\/product_cat?post=1179"},{"taxonomy":"product_tag","embeddable":true,"href":"https:\/\/keybox.nl\/es\/wp-json\/wp\/v2\/product_tag?post=1179"}],"curies":[{"name":"wp","href":"https:\/\/api.w.org\/{rel}","templated":true}]}}