{"id":109,"date":"2021-12-04T17:43:51","date_gmt":"2021-12-04T17:43:51","guid":{"rendered":"http:\/\/keybox.nl\/?post_type=product&#038;p=109"},"modified":"2025-11-26T09:32:57","modified_gmt":"2025-11-26T09:32:57","slug":"keysecuritybox-sleutelkluis-ksb103","status":"publish","type":"product","link":"https:\/\/keybox.nl\/es\/producto\/keysecuritybox-sleutelkluis-ksb103\/","title":{"rendered":"Caja fuerte para llaves Keysecuritybox KSB103"},"content":{"rendered":"<h2>Keysecuritybox KSB103: \u00a1la mejor caja fuerte de superficie para llaves!<\/h2>\n<p>La soluci\u00f3n m\u00e1s sencilla y segura para depositar llaves y tarjetas llave 24 horas al d\u00eda, 7 d\u00edas a la semana: miles de empresas utilizan este buz\u00f3n inteligente, robusto y asequible.<\/p>\n<p>Modelo mejorado: ahora m\u00e1s espacio interior. Disponible con blindaje adicional en el interior contra ataques desde el exterior. La puerta se ha desplazado a un lado, con lo que el dise\u00f1o se integra perfectamente en la fachada.<\/p>\n<p>Si no coloca el Keysecuritybox contra o en la pared, entonces el KSB103 es la soluci\u00f3n perfecta. El KSB103 es un buz\u00f3n que se coloca en una consola o poste.  Esta configuraci\u00f3n se coloca a menudo detr\u00e1s de una valla o en un aparcamiento, estaci\u00f3n de tren o aeropuerto. El KSB005 es un poste para el KSB103 que se ancla al suelo con hormig\u00f3n. La KSB106 es una consola que se puede colocar sobre una base de hormig\u00f3n y se ancla a ella.<\/p>\n<p>Sencilla Esta caja fuerte para llaves compacta y robusta es la soluci\u00f3n m\u00e1s sencilla para proteger llaves y tarjetas de forma \u00f3ptima. Est\u00e1 disponible en varias versiones, por lo que siempre se puede instalar contra o en paredes. \u00bfNo hay paredes? Entonces la caja de llaves puede montarse en una consola de acero. La caja fuerte es totalmente mec\u00e1nica y muy f\u00e1cil de usar.<\/p>\n<p>S\u00f3lida \u00a1Esta caja fuerte para llaves es extremadamente fuerte! A excepci\u00f3n de la rueda de dep\u00f3sito, est\u00e1 fabricada \u00edntegramente en acero macizo. Como la caja fuerte s\u00f3lo tiene una pieza m\u00f3vil, es extremadamente duradera, resistente a la intemperie y fiable. Y las llaves y tarjetas introducidas est\u00e1n seguras, porque gracias a la rueda de dep\u00f3sito inteligente, es imposible \"pescar\" llaves.<\/p>\n<p>Caja fuerte Gire la rueda del rodillo hacia arriba hasta que se vea la abertura, introduzca la llave o tarjeta llave en la rueda del rodillo y suelte el rodillo para que gire autom\u00e1ticamente hacia atr\u00e1s y la llave caiga dentro de la caja fuerte. M\u00e1s sencillo imposible.<\/p>\n<p><strong>LA MEJOR SOLUCI\u00d3N PARA EMPRESAS DE ALQUILER DE COCHES, EMPRESAS DE LEASING, CONCESIONARIOS DE COCHES, EMPRESAS CON FLOTAS, CONCESIONARIOS DE COCHES, TALLERES, HOTELES Y MUCHO M\u00c1S.<\/strong><\/p>\n<p><strong>Una selecci\u00f3n de nuestras referencias<\/strong><br \/>\nConcesionarios de autom\u00f3viles: Audi, BMW, Chevolet, Citro\u00ebn, Fiat, Jaguar, Ford, Honda, Isuzu, Land Rover, camiones MAN, Mazda, Mercedes, Mitsubishi, Nissan, Tesla, Toyota, Opel, Peugeot, Rolls Royce, Renault, Saab, Porsche, Volvo, Volkswagen Alquiler de coches: Avis, Hertz, Budget, Sixt, Europcar, Dockx, Thrifty, AVA Rent, Autorent, Drive Yourself, Bochane Rent, Oto2rent, Camion Rentals, Runner Trucks, Bultman Hertz Transporte p\u00fablico: Aeropuerto Schiphol Amsterdam, Aeropuerto Rotterdam, Aeropuerto Eindhoven, Aeropuerto Groningen, Aeropuerto Maastricht, Aeropuerto Antwerp, Aeropuerto Brussels, Aeropuerto Charleroi, Aeroport du Luxembourg, Estaci\u00f3n Antwerp Central Otros: Carglass, ING Car Lease, Runner Truck Lease &amp; Rental, Scheer en Foppen Logistics, Borent, Philips Lighting Company cars &amp; Trailer Service, Dura Vermeer Road Construction, Bosch Universal Car Companies, Profile Tyre Center.<\/p>\n<p><strong>Especificaciones del KSB103<\/strong><br \/>\nDimensiones: dimensiones exteriores: 215 x 215 x 395 mm (ancho x fondo x alto)<br \/>\nPeso con embalaje: 20,3 kg aprox.<br \/>\nSoluci\u00f3n de seguridad completa para sus llaves<br \/>\nCaja fuerte de seguridad que se abre con llave<br \/>\nAlfombrilla de fondo blando para coger las llaves<br \/>\nAdhesivo de instrucciones sobre la rueda de eliminaci\u00f3n<br \/>\nDos llaves \u00fanicas de caja fuerte<br \/>\nInstrucciones claras de instalaci\u00f3n<\/p>\n<p><strong>Material y acabado<\/strong><br \/>\nAcero al carbono laminado en fr\u00edo de alta calidad<br \/>\nPuerta de acero macizo de 8 mm electrogalvanizado<br \/>\nPintura en polvo Dupont (Ral 9006)<br \/>\nCerradura y llave de seguridad<br \/>\nCerradura de seguridad con dise\u00f1o especial de doble disparo<br \/>\nDos llaves de doble dentado con perfil asim\u00e9trico<br \/>\nLa llave de la taquilla no puede extraerse cuando la puerta de la caja fuerte est\u00e1 abierta<br \/>\nM\u00e1s de 500.000 combinaciones \u00fanicas de llaves de taquilla<br \/>\nRueda volquete inteligente<br \/>\nPosibilidad de depositar llaves y tarjetas llave de dimensiones m\u00e1ximas 125 x 43 x 61 mm<br \/>\nLa ruedecilla vuelve autom\u00e1ticamente a la posici\u00f3n inicial<br \/>\nHace imposible \"pescar\" llaves<br \/>\nDise\u00f1o conforme a la norma VDMA Clase A<\/p>\n<h3><strong>\"En Hertz hemos estado utilizando los Keysecurityboxes<\/strong><br \/>\n<strong>en el Benelux a nuestra plena satisfacci\u00f3n desde hace a\u00f1os\".<\/strong><br \/>\nDirector General HERTZ Rent A Car BeNeLux<\/h3>","protected":false},"excerpt":{"rendered":"<h2>Caja de seguridad para llaves KSB103<\/h2>\n<p>Para montaje en poste (KSB005) o consola KSB106<\/p>","protected":false},"featured_media":63,"comment_status":"open","ping_status":"closed","template":"","meta":[],"product_brand":[],"product_cat":[18],"product_tag":[25,31,24,21,20,29,30,26],"class_list":{"0":"post-109","1":"product","2":"type-product","3":"status-publish","4":"has-post-thumbnail","6":"product_cat-keysecuritybox","7":"product_tag-afstortkluis","8":"product_tag-console","9":"product_tag-dropbox","10":"product_tag-keybox","11":"product_tag-keysecuritybox","12":"product_tag-ksb103","13":"product_tag-paal","14":"product_tag-sleutelafstortkluis","16":"first","17":"instock","18":"taxable","19":"shipping-taxable","20":"purchasable","21":"product-type-simple"},"yoast_head":"<!-- This site is optimized with the Yoast SEO plugin v27.4 - https:\/\/yoast.com\/product\/yoast-seo-wordpress\/ -->\n<title>Keysecuritybox KSB103 sleutelkluis -<\/title>\n<meta name=\"robots\" content=\"index, follow, max-snippet:-1, max-image-preview:large, max-video-preview:-1\" \/>\n<link rel=\"canonical\" href=\"https:\/\/keybox.nl\/es\/producto\/keysecuritybox-sleutelkluis-ksb103\/\" \/>\n<meta property=\"og:locale\" content=\"es_ES\" \/>\n<meta property=\"og:type\" content=\"article\" \/>\n<meta property=\"og:title\" content=\"Keysecuritybox KSB103 sleutelkluis -\" \/>\n<meta property=\"og:description\" content=\"Keysecuritybox KSB103 Voor montage op een paal (KSB005) of console KSB106\" \/>\n<meta property=\"og:url\" content=\"https:\/\/keybox.nl\/es\/producto\/keysecuritybox-sleutelkluis-ksb103\/\" \/>\n<meta property=\"article:modified_time\" content=\"2025-11-26T09:32:57+00:00\" \/>\n<meta property=\"og:image\" content=\"http:\/\/keybox.nl\/wp-content\/uploads\/2021\/11\/KSB_101_3-scaled-e1638352491754.jpg\" \/>\n\t<meta property=\"og:image:width\" content=\"487\" \/>\n\t<meta property=\"og:image:height\" content=\"487\" \/>\n\t<meta property=\"og:image:type\" content=\"image\/jpeg\" \/>\n<meta name=\"twitter:card\" content=\"summary_large_image\" \/>\n<meta name=\"twitter:label1\" content=\"Tiempo de lectura\" \/>\n\t<meta name=\"twitter:data1\" content=\"4 minutos\" \/>\n<script type=\"application\/ld+json\" class=\"yoast-schema-graph\">{\"@context\":\"https:\\\/\\\/schema.org\",\"@graph\":[{\"@type\":\"WebPage\",\"@id\":\"https:\\\/\\\/keybox.nl\\\/product\\\/keysecuritybox-sleutelkluis-ksb103\\\/\",\"url\":\"https:\\\/\\\/keybox.nl\\\/product\\\/keysecuritybox-sleutelkluis-ksb103\\\/\",\"name\":\"Keysecuritybox KSB103 sleutelkluis -\",\"isPartOf\":{\"@id\":\"https:\\\/\\\/keybox.nl\\\/#website\"},\"primaryImageOfPage\":{\"@id\":\"https:\\\/\\\/keybox.nl\\\/product\\\/keysecuritybox-sleutelkluis-ksb103\\\/#primaryimage\"},\"image\":{\"@id\":\"https:\\\/\\\/keybox.nl\\\/product\\\/keysecuritybox-sleutelkluis-ksb103\\\/#primaryimage\"},\"thumbnailUrl\":\"https:\\\/\\\/keybox.nl\\\/wp-content\\\/uploads\\\/2021\\\/11\\\/KSB_101_3-scaled-e1638352491754.jpg\",\"datePublished\":\"2021-12-04T17:43:51+00:00\",\"dateModified\":\"2025-11-26T09:32:57+00:00\",\"breadcrumb\":{\"@id\":\"https:\\\/\\\/keybox.nl\\\/product\\\/keysecuritybox-sleutelkluis-ksb103\\\/#breadcrumb\"},\"inLanguage\":\"es\",\"potentialAction\":[{\"@type\":\"ReadAction\",\"target\":[\"https:\\\/\\\/keybox.nl\\\/product\\\/keysecuritybox-sleutelkluis-ksb103\\\/\"]}]},{\"@type\":\"ImageObject\",\"inLanguage\":\"es\",\"@id\":\"https:\\\/\\\/keybox.nl\\\/product\\\/keysecuritybox-sleutelkluis-ksb103\\\/#primaryimage\",\"url\":\"https:\\\/\\\/keybox.nl\\\/wp-content\\\/uploads\\\/2021\\\/11\\\/KSB_101_3-scaled-e1638352491754.jpg\",\"contentUrl\":\"https:\\\/\\\/keybox.nl\\\/wp-content\\\/uploads\\\/2021\\\/11\\\/KSB_101_3-scaled-e1638352491754.jpg\",\"width\":487,\"height\":487},{\"@type\":\"BreadcrumbList\",\"@id\":\"https:\\\/\\\/keybox.nl\\\/product\\\/keysecuritybox-sleutelkluis-ksb103\\\/#breadcrumb\",\"itemListElement\":[{\"@type\":\"ListItem\",\"position\":1,\"name\":\"Home\",\"item\":\"https:\\\/\\\/keybox.nl\\\/\"},{\"@type\":\"ListItem\",\"position\":2,\"name\":\"Beveiligde sleutelkastjes kopen\",\"item\":\"https:\\\/\\\/keybox.nl\\\/\"},{\"@type\":\"ListItem\",\"position\":3,\"name\":\"Keysecuritybox KSB103 sleutelkluis\"}]},{\"@type\":\"WebSite\",\"@id\":\"https:\\\/\\\/keybox.nl\\\/#website\",\"url\":\"https:\\\/\\\/keybox.nl\\\/\",\"name\":\"\",\"description\":\"\",\"potentialAction\":[{\"@type\":\"SearchAction\",\"target\":{\"@type\":\"EntryPoint\",\"urlTemplate\":\"https:\\\/\\\/keybox.nl\\\/?s={search_term_string}\"},\"query-input\":{\"@type\":\"PropertyValueSpecification\",\"valueRequired\":true,\"valueName\":\"search_term_string\"}}],\"inLanguage\":\"es\"}]}<\/script>\n<!-- \/ Yoast SEO plugin. -->","yoast_head_json":{"title":"Keysecuritybox KSB103 caja fuerte para llaves -","robots":{"index":"index","follow":"follow","max-snippet":"max-snippet:-1","max-image-preview":"max-image-preview:large","max-video-preview":"max-video-preview:-1"},"canonical":"https:\/\/keybox.nl\/es\/producto\/keysecuritybox-sleutelkluis-ksb103\/","og_locale":"es_ES","og_type":"article","og_title":"Keysecuritybox KSB103 sleutelkluis -","og_description":"Keysecuritybox KSB103 Voor montage op een paal (KSB005) of console KSB106","og_url":"https:\/\/keybox.nl\/es\/producto\/keysecuritybox-sleutelkluis-ksb103\/","article_modified_time":"2025-11-26T09:32:57+00:00","og_image":[{"width":487,"height":487,"url":"http:\/\/keybox.nl\/wp-content\/uploads\/2021\/11\/KSB_101_3-scaled-e1638352491754.jpg","type":"image\/jpeg"}],"twitter_card":"summary_large_image","twitter_misc":{"Tiempo de lectura":"4 minutos"},"schema":{"@context":"https:\/\/schema.org","@graph":[{"@type":"WebPage","@id":"https:\/\/keybox.nl\/product\/keysecuritybox-sleutelkluis-ksb103\/","url":"https:\/\/keybox.nl\/product\/keysecuritybox-sleutelkluis-ksb103\/","name":"Keysecuritybox KSB103 caja fuerte para llaves -","isPartOf":{"@id":"https:\/\/keybox.nl\/#website"},"primaryImageOfPage":{"@id":"https:\/\/keybox.nl\/product\/keysecuritybox-sleutelkluis-ksb103\/#primaryimage"},"image":{"@id":"https:\/\/keybox.nl\/product\/keysecuritybox-sleutelkluis-ksb103\/#primaryimage"},"thumbnailUrl":"https:\/\/keybox.nl\/wp-content\/uploads\/2021\/11\/KSB_101_3-scaled-e1638352491754.jpg","datePublished":"2021-12-04T17:43:51+00:00","dateModified":"2025-11-26T09:32:57+00:00","breadcrumb":{"@id":"https:\/\/keybox.nl\/product\/keysecuritybox-sleutelkluis-ksb103\/#breadcrumb"},"inLanguage":"es","potentialAction":[{"@type":"ReadAction","target":["https:\/\/keybox.nl\/product\/keysecuritybox-sleutelkluis-ksb103\/"]}]},{"@type":"ImageObject","inLanguage":"es","@id":"https:\/\/keybox.nl\/product\/keysecuritybox-sleutelkluis-ksb103\/#primaryimage","url":"https:\/\/keybox.nl\/wp-content\/uploads\/2021\/11\/KSB_101_3-scaled-e1638352491754.jpg","contentUrl":"https:\/\/keybox.nl\/wp-content\/uploads\/2021\/11\/KSB_101_3-scaled-e1638352491754.jpg","width":487,"height":487},{"@type":"BreadcrumbList","@id":"https:\/\/keybox.nl\/product\/keysecuritybox-sleutelkluis-ksb103\/#breadcrumb","itemListElement":[{"@type":"ListItem","position":1,"name":"Home","item":"https:\/\/keybox.nl\/"},{"@type":"ListItem","position":2,"name":"Beveiligde sleutelkastjes kopen","item":"https:\/\/keybox.nl\/"},{"@type":"ListItem","position":3,"name":"Keysecuritybox KSB103 sleutelkluis"}]},{"@type":"WebSite","@id":"https:\/\/keybox.nl\/#website","url":"https:\/\/keybox.nl\/","name":"","description":"","potentialAction":[{"@type":"SearchAction","target":{"@type":"EntryPoint","urlTemplate":"https:\/\/keybox.nl\/?s={search_term_string}"},"query-input":{"@type":"PropertyValueSpecification","valueRequired":true,"valueName":"search_term_string"}}],"inLanguage":"es"}]}},"jetpack-related-posts":[{"id":115,"url":"https:\/\/keybox.nl\/es\/producto\/keysecuritybox-sleutelkluis-ksb103a\/","url_meta":{"origin":109,"position":0},"title":"Caja fuerte blindada adicional para llaves Keysecuritybox KSB103A","author":"Keybox@beheermodule","date":"4 diciembre 2021","format":false,"excerpt":"Caja de seguridad para llaves KSB103A con blindaje adicional. La KSB103A equipada con blindaje adicional. Dentro de la caja hay un blindaje interior adicional de acero especial que proporciona una mayor protecci\u00f3n contra los ataques. Para montaje en poste (KSB005) o consola KSB106","rel":"","context":"Entrada similar","block_context":{"text":"Entrada similar","link":""},"img":{"alt_text":"","src":"https:\/\/i0.wp.com\/keybox.nl\/wp-content\/uploads\/2021\/11\/KSB_101_3-scaled-e1638352491754.jpg?resize=350%2C200&ssl=1","width":350,"height":200},"classes":[]},{"id":184,"url":"https:\/\/keybox.nl\/es\/producto\/keysecuritybox-ksb106\/","url_meta":{"origin":109,"position":1},"title":"Caja de seguridad para llaves KSB106","author":"Keybox@beheermodule","date":"26 enero 2022","format":false,"excerpt":"Caja de seguridad para llaves KSB106 \u00a0","rel":"","context":"Entrada similar","block_context":{"text":"Entrada similar","link":""},"img":{"alt_text":"","src":"https:\/\/i0.wp.com\/keybox.nl\/wp-content\/uploads\/2022\/01\/MG_3154-scaled-e1643377303706.jpg?resize=350%2C200&ssl=1","width":350,"height":200,"srcset":"https:\/\/i0.wp.com\/keybox.nl\/wp-content\/uploads\/2022\/01\/MG_3154-scaled-e1643377303706.jpg?resize=350%2C200&ssl=1 1x, https:\/\/i0.wp.com\/keybox.nl\/wp-content\/uploads\/2022\/01\/MG_3154-scaled-e1643377303706.jpg?resize=525%2C300&ssl=1 1.5x, https:\/\/i0.wp.com\/keybox.nl\/wp-content\/uploads\/2022\/01\/MG_3154-scaled-e1643377303706.jpg?resize=700%2C400&ssl=1 2x"},"classes":[]},{"id":193,"url":"https:\/\/keybox.nl\/es\/producto\/keysecuritybox-sleutelkluis-ksb107\/","url_meta":{"origin":109,"position":2},"title":"Caja fuerte para llaves Keysecuritybox KSB107","author":"Keybox@beheermodule","date":"28 enero 2022","format":false,"excerpt":"Caja de seguridad para llaves KSB107 La KSB107 puede instalarse en una pared\/pared y es extremadamente segura. Apertura L44, H64, D 124 mm.","rel":"","context":"Entrada similar","block_context":{"text":"Entrada similar","link":""},"img":{"alt_text":"","src":"https:\/\/i0.wp.com\/keybox.nl\/wp-content\/uploads\/2022\/01\/Ksb007-5-225x300.jpg?resize=350%2C200","width":350,"height":200},"classes":[]},{"id":122,"url":"https:\/\/keybox.nl\/es\/producto\/keysecuritybox-ksb105\/","url_meta":{"origin":109,"position":3},"title":"Caja de seguridad para llaves KSB105","author":"Keybox@beheermodule","date":"14 diciembre 2021","format":false,"excerpt":"Caja de seguridad para llaves KSB105 Adecuada para anclar los modelos KSB103 y KSB004 a un poste.","rel":"","context":"Entrada similar","block_context":{"text":"Entrada similar","link":""},"img":{"alt_text":"","src":"https:\/\/i0.wp.com\/keybox.nl\/wp-content\/uploads\/2021\/12\/KSB005-e1639511667630.png?resize=350%2C200&ssl=1","width":350,"height":200},"classes":[]},{"id":201,"url":"https:\/\/keybox.nl\/es\/producto\/keysecuritybox-sleutelkluis-ksb107-wl\/","url_meta":{"origin":109,"position":4},"title":"Caja fuerte para llaves KSB107 W","author":"Keybox@beheermodule","date":"28 enero 2022","format":false,"excerpt":"Caja de seguridad para llaves KSB107 XL La KSB107 puede instalarse en una pared\/pared y es extremadamente segura. Apertura L66, H64, D 124 mm.","rel":"","context":"Entrada similar","block_context":{"text":"Entrada similar","link":""},"img":{"alt_text":"","src":"https:\/\/i0.wp.com\/keybox.nl\/wp-content\/uploads\/2022\/01\/Keysecuritybox-KSB107XL-300x300.jpg?resize=350%2C200","width":350,"height":200},"classes":[]},{"id":72,"url":"https:\/\/keybox.nl\/es\/producto\/keysecuritybox-sleutelkluis-ksb101a-ksb102a\/","url_meta":{"origin":109,"position":5},"title":"Caja de seguridad para llaves KSB101A, KSB102A caja fuerte blindada adicional para llaves","author":"Keybox@beheermodule","date":"1 diciembre 2021","format":false,"excerpt":"Keysecuritybox KSB101A &amp; KSB102A Las cajas fuertes KSB101A y 102A est\u00e1n equipadas con un blindaje adicional. Dentro de la caja fuerte hay una caja fuerte interior adicional de acero especial que proporciona una mayor protecci\u00f3n contra los ataques. Una caja fuerte en dos versiones: rueda de dep\u00f3sito izquierda o derecha","rel":"","context":"Con 1 comentario","block_context":{"text":"Con 1 comentario","link":"https:\/\/keybox.nl\/es\/producto\/keysecuritybox-sleutelkluis-ksb101a-ksb102a\/#comments"},"img":{"alt_text":"","src":"https:\/\/i0.wp.com\/keybox.nl\/wp-content\/uploads\/2021\/11\/KSB_101_3-scaled-e1638352491754.jpg?resize=350%2C200&ssl=1","width":350,"height":200},"classes":[]}],"jetpack_sharing_enabled":true,"_links":{"self":[{"href":"https:\/\/keybox.nl\/es\/wp-json\/wp\/v2\/product\/109","targetHints":{"allow":["GET"]}}],"collection":[{"href":"https:\/\/keybox.nl\/es\/wp-json\/wp\/v2\/product"}],"about":[{"href":"https:\/\/keybox.nl\/es\/wp-json\/wp\/v2\/types\/product"}],"replies":[{"embeddable":true,"href":"https:\/\/keybox.nl\/es\/wp-json\/wp\/v2\/comments?post=109"}],"wp:featuredmedia":[{"embeddable":true,"href":"https:\/\/keybox.nl\/es\/wp-json\/wp\/v2\/media\/63"}],"wp:attachment":[{"href":"https:\/\/keybox.nl\/es\/wp-json\/wp\/v2\/media?parent=109"}],"wp:term":[{"taxonomy":"product_brand","embeddable":true,"href":"https:\/\/keybox.nl\/es\/wp-json\/wp\/v2\/product_brand?post=109"},{"taxonomy":"product_cat","embeddable":true,"href":"https:\/\/keybox.nl\/es\/wp-json\/wp\/v2\/product_cat?post=109"},{"taxonomy":"product_tag","embeddable":true,"href":"https:\/\/keybox.nl\/es\/wp-json\/wp\/v2\/product_tag?post=109"}],"curies":[{"name":"wp","href":"https:\/\/api.w.org\/{rel}","templated":true}]}}